{"id":16444,"date":"2025-09-25T12:45:56","date_gmt":"2025-09-25T09:45:56","guid":{"rendered":"https:\/\/uusyrityskeskus.fi\/lataa-perustamisopas\/"},"modified":"2026-02-12T21:09:49","modified_gmt":"2026-02-12T19:09:49","slug":"starta-eget-guiden","status":"publish","type":"page","link":"https:\/\/uusyrityskeskus.fi\/sv\/starta-eget-guiden\/","title":{"rendered":"Starta eget -guiden"},"content":{"rendered":"\n<div class=\"wp-block-tovaristrap-ts-container ts-container header--section\">\n<div class=\"ts-div header--row\">\n<h1 class=\"wp-block-heading\">Starta eget -guiden<\/h1>\n<\/div>\n<\/div>\n\n\n\n<div class=\"wp-block-tovaristrap-ts-container ts-container base--section pt-0 pb-0 border-bottom\">\n<div class=\"ts-div content--row\"><div class=\"yoast-breadcrumbs\"><span><span><a href=\"https:\/\/uusyrityskeskus.fi\/sv\/\">Etusivu<\/a><\/span> \u00bb <span class=\"breadcrumb_last\" aria-current=\"page\">Starta eget -guiden<\/span><\/span><\/div><\/div>\n<\/div>\n\n\n\n<div class=\"wp-block-tovaristrap-ts-container ts-container base--section\">\n<div class=\"ts-div content--row pt-0 pb-0\">\n<div class=\"wp-block-columns is-layout-flex wp-container-core-columns-is-layout-9d6595d7 wp-block-columns-is-layout-flex\">\n<div class=\"wp-block-column is-layout-flow wp-block-column-is-layout-flow\" style=\"flex-basis:80%\">\n<h2 class=\"wp-block-heading\">Starta eget -guiden hj\u00e4lper dig med att grunda ett f\u00f6retag<\/h2>\n\n\n\n<p>I guiden kan du l\u00e4sa om till exempel<\/p>\n\n\n\n<ul class=\"wp-block-list\">\n<li>vilken sorts verksamhetsplan du borde ha<\/li>\n\n\n\n<li>var du kan skaffa finansiering f\u00f6r ditt f\u00f6retag<\/li>\n\n\n\n<li>och hur registreringen av f\u00f6retaget g\u00e5r till<\/li>\n<\/ul>\n\n\n\n<p>Guiden har skapats i samarbete med n\u00e4tverket av&nbsp;Nyf\u00f6retagscentrumen&nbsp;och dess medlemsf\u00f6retag och medlemsorganisationer. Vi uppdaterar guiden en g\u00e5ng om \u00e5ret s\u00e5 du kan vara s\u00e4ker p\u00e5 att du hittar aktuell information i den.&nbsp;<\/p>\n\n\n\n<p><strong>Ladda ner en gratis version av guiden genom att fylla i uppgifterna i best\u00e4llningsblanketten<\/strong><\/p>\n<\/div>\n\n\n\n<div class=\"wp-block-column is-layout-flow wp-block-column-is-layout-flow\" style=\"flex-basis:20%\">\n<figure class=\"wp-block-image size-large\"><img decoding=\"async\" width=\"724\" height=\"1024\" data-src=\"https:\/\/uusyrityskeskus.fi\/wp-content\/uploads\/2025\/10\/Uusyrityskeskus_SV_Perustamisopas_2025_kansi-scaled-1-724x1024.jpg\" alt=\"\" class=\"wp-image-16445 lazyload\" data-srcset=\"https:\/\/uusyrityskeskus.fi\/wp-content\/uploads\/2025\/10\/Uusyrityskeskus_SV_Perustamisopas_2025_kansi-scaled-1-724x1024.jpg 724w, https:\/\/uusyrityskeskus.fi\/wp-content\/uploads\/2025\/10\/Uusyrityskeskus_SV_Perustamisopas_2025_kansi-scaled-1-212x300.jpg 212w, https:\/\/uusyrityskeskus.fi\/wp-content\/uploads\/2025\/10\/Uusyrityskeskus_SV_Perustamisopas_2025_kansi-scaled-1-768x1086.jpg 768w, https:\/\/uusyrityskeskus.fi\/wp-content\/uploads\/2025\/10\/Uusyrityskeskus_SV_Perustamisopas_2025_kansi-scaled-1-1086x1536.jpg 1086w, https:\/\/uusyrityskeskus.fi\/wp-content\/uploads\/2025\/10\/Uusyrityskeskus_SV_Perustamisopas_2025_kansi-scaled-1-1448x2048.jpg 1448w, https:\/\/uusyrityskeskus.fi\/wp-content\/uploads\/2025\/10\/Uusyrityskeskus_SV_Perustamisopas_2025_kansi-scaled-1.jpg 1810w\" data-sizes=\"(max-width: 724px) 100vw, 724px\" src=\"data:image\/svg+xml;base64,PHN2ZyB3aWR0aD0iMSIgaGVpZ2h0PSIxIiB4bWxucz0iaHR0cDovL3d3dy53My5vcmcvMjAwMC9zdmciPjwvc3ZnPg==\" style=\"--smush-placeholder-width: 724px; --smush-placeholder-aspect-ratio: 724\/1024;\" \/><\/figure>\n<\/div>\n<\/div>\n<\/div>\n\n\n\n<div class=\"ts-div content--row\">\n<div class=\"wp-block-columns is-layout-flex wp-container-core-columns-is-layout-9d6595d7 wp-block-columns-is-layout-flex\">\n<div class=\"wp-block-column list--col--left is-layout-flow wp-block-column-is-layout-flow\"><p><iframe data-src=\"https:\/\/perustamisopas.uusyrityskeskus.fi\/?sivusto=perustamisopas-alkavalle-yrittajalle-2018\" width=\"100%\" height=\"850\" frameborder=\"0\" src=\"data:image\/svg+xml;base64,PHN2ZyB3aWR0aD0iMSIgaGVpZ2h0PSIxIiB4bWxucz0iaHR0cDovL3d3dy53My5vcmcvMjAwMC9zdmciPjwvc3ZnPg==\" class=\"lazyload\" data-load-mode=\"1\"><\/iframe><\/p>\n<\/div>\n\n\n\n<div class=\"wp-block-column list--col--right is-layout-flow wp-block-column-is-layout-flow\">\n<p><\/p>\n\n\n\n<p>Kontaktuppgifterna som anges i best\u00e4llningsblanketten kommer att anv\u00e4ndas f\u00f6r s\u00e4ndningen av guiden och nyhetsbrev av Nyforetagarcentralerna i Finland. \u00d6vrigt information som fr\u00e5gas i balnketten (arbetssituation och avsikt att bli f\u00f6retagare) kommer att anv\u00e4ndas f\u00f6r statistik och rapportering g\u00e4llande anv\u00e4ndningen av guiden.<\/p>\n\n\n\n<p>Det \u00e4r endast till\u00e5tet f\u00f6r Nyf\u00f6retagarcentralerna rf:s medlemmar att anv\u00e4nda&nbsp;<em>Starta eget guide<\/em>&nbsp;vid f\u00f6retagsr\u00e5dgivning.<\/p>\n\n\n\n<p>V\u00e5ra medlemmar kan vara kommuner, kommunalf\u00f6rbund, utvecklingsbolag, f\u00f6reningar, syssels\u00e4ttningsomr\u00e5den och andra icke-vinstdrivande akt\u00f6rer som tillhandah\u00e5ller f\u00f6retagstj\u00e4nster. V\u00e5ra medlemsavgifter \u00e4r rimliga och erbjuder betydande f\u00f6rdelar, s\u00e5som material f\u00f6r f\u00f6retagsr\u00e5dgivning och utbildningar. Vi erbjuder ocks\u00e5 olika samarbetsm\u00f6jligheter f\u00f6r andra akt\u00f6rer och f\u00f6retag. Om din organisation \u00e4r intresserad av medlemskap eller partnerskap, v\u00e4nligen kontakta<\/p>\n\n\n\n<p><a href=\"mailto:info@uusyrityskeskus.fi\">info@uusyrityskeskus.fi<\/a><\/p>\n<\/div>\n<\/div>\n<\/div>\n<\/div>\n","protected":false},"excerpt":{"rendered":"","protected":false},"author":1,"featured_media":0,"parent":0,"menu_order":0,"comment_status":"closed","ping_status":"closed","template":"","meta":{"iawp_total_views":116,"footnotes":""},"class_list":["post-16444","page","type-page","status-publish","hentry"],"yoast_head":"<!-- This site is optimized with the Yoast SEO plugin v26.8 - https:\/\/yoast.com\/product\/yoast-seo-wordpress\/ -->\n<title>Lataa ilmainen yrityksen perustamisopas PDF | Uusyrityskeskus<\/title>\n<meta name=\"description\" content=\"Lataa ilmainen yrityksen perustamisopas PDF. Kattava opas liiketoimintasuunnitelmasta, rahoituksesta, yritysmuodoista ja rekister\u00f6innist\u00e4. T\u00e4yt\u00e4 lomake ja lataa heti!\" \/>\n<meta name=\"robots\" content=\"index, follow, max-snippet:-1, max-image-preview:large, max-video-preview:-1\" \/>\n<link rel=\"canonical\" href=\"https:\/\/uusyrityskeskus.fi\/sv\/starta-eget-guiden\/\" \/>\n<meta property=\"og:locale\" content=\"sv_SE\" \/>\n<meta property=\"og:type\" content=\"article\" \/>\n<meta property=\"og:title\" content=\"Lataa ilmainen yrityksen perustamisopas PDF | Uusyrityskeskus\" \/>\n<meta property=\"og:description\" content=\"Lataa ilmainen yrityksen perustamisopas PDF. Kattava opas liiketoimintasuunnitelmasta, rahoituksesta, yritysmuodoista ja rekister\u00f6innist\u00e4. T\u00e4yt\u00e4 lomake ja lataa heti!\" \/>\n<meta property=\"og:url\" content=\"https:\/\/uusyrityskeskus.fi\/sv\/starta-eget-guiden\/\" \/>\n<meta property=\"og:site_name\" content=\"Uusyrityskeskus\" \/>\n<meta property=\"article:modified_time\" content=\"2026-02-12T19:09:49+00:00\" \/>\n<meta property=\"og:image\" content=\"https:\/\/uusyrityskeskus.fi\/wp-content\/uploads\/2025\/10\/Uusyrityskeskus_SV_Perustamisopas_2025_kansi-scaled-1.jpg\" \/>\n\t<meta property=\"og:image:width\" content=\"1810\" \/>\n\t<meta property=\"og:image:height\" content=\"2560\" \/>\n\t<meta property=\"og:image:type\" content=\"image\/jpeg\" \/>\n<meta name=\"twitter:card\" content=\"summary_large_image\" \/>\n<meta name=\"twitter:label1\" content=\"Ber\u00e4knad l\u00e4stid\" \/>\n\t<meta name=\"twitter:data1\" content=\"2 minuter\" \/>\n<script type=\"application\/ld+json\" class=\"yoast-schema-graph\">{\"@context\":\"https:\/\/schema.org\",\"@graph\":[{\"@type\":\"WebPage\",\"@id\":\"https:\/\/uusyrityskeskus.fi\/sv\/starta-eget-guiden\/\",\"url\":\"https:\/\/uusyrityskeskus.fi\/sv\/starta-eget-guiden\/\",\"name\":\"Lataa ilmainen yrityksen perustamisopas PDF | Uusyrityskeskus\",\"isPartOf\":{\"@id\":\"https:\/\/uusyrityskeskus.fi\/sv\/#website\"},\"primaryImageOfPage\":{\"@id\":\"https:\/\/uusyrityskeskus.fi\/sv\/starta-eget-guiden\/#primaryimage\"},\"image\":{\"@id\":\"https:\/\/uusyrityskeskus.fi\/sv\/starta-eget-guiden\/#primaryimage\"},\"thumbnailUrl\":\"https:\/\/uusyrityskeskus.fi\/wp-content\/uploads\/2025\/10\/Uusyrityskeskus_SV_Perustamisopas_2025_kansi-scaled-1-724x1024.jpg\",\"datePublished\":\"2025-09-25T09:45:56+00:00\",\"dateModified\":\"2026-02-12T19:09:49+00:00\",\"description\":\"Lataa ilmainen yrityksen perustamisopas PDF. Kattava opas liiketoimintasuunnitelmasta, rahoituksesta, yritysmuodoista ja rekister\u00f6innist\u00e4. T\u00e4yt\u00e4 lomake ja lataa heti!\",\"breadcrumb\":{\"@id\":\"https:\/\/uusyrityskeskus.fi\/sv\/starta-eget-guiden\/#breadcrumb\"},\"inLanguage\":\"sv-SE\",\"potentialAction\":[{\"@type\":\"ReadAction\",\"target\":[\"https:\/\/uusyrityskeskus.fi\/sv\/starta-eget-guiden\/\"]}]},{\"@type\":\"ImageObject\",\"inLanguage\":\"sv-SE\",\"@id\":\"https:\/\/uusyrityskeskus.fi\/sv\/starta-eget-guiden\/#primaryimage\",\"url\":\"https:\/\/uusyrityskeskus.fi\/wp-content\/uploads\/2025\/10\/Uusyrityskeskus_SV_Perustamisopas_2025_kansi-scaled-1-724x1024.jpg\",\"contentUrl\":\"https:\/\/uusyrityskeskus.fi\/wp-content\/uploads\/2025\/10\/Uusyrityskeskus_SV_Perustamisopas_2025_kansi-scaled-1-724x1024.jpg\"},{\"@type\":\"BreadcrumbList\",\"@id\":\"https:\/\/uusyrityskeskus.fi\/sv\/starta-eget-guiden\/#breadcrumb\",\"itemListElement\":[{\"@type\":\"ListItem\",\"position\":1,\"name\":\"Etusivu\",\"item\":\"https:\/\/uusyrityskeskus.fi\/sv\/\"},{\"@type\":\"ListItem\",\"position\":2,\"name\":\"Starta eget -guiden\"}]},{\"@type\":\"WebSite\",\"@id\":\"https:\/\/uusyrityskeskus.fi\/sv\/#website\",\"url\":\"https:\/\/uusyrityskeskus.fi\/sv\/\",\"name\":\"Uusyrityskeskus\",\"description\":\"Yritt\u00e4jyyden unelmista onnistumisia.\",\"potentialAction\":[{\"@type\":\"SearchAction\",\"target\":{\"@type\":\"EntryPoint\",\"urlTemplate\":\"https:\/\/uusyrityskeskus.fi\/sv\/?s={search_term_string}\"},\"query-input\":{\"@type\":\"PropertyValueSpecification\",\"valueRequired\":true,\"valueName\":\"search_term_string\"}}],\"inLanguage\":\"sv-SE\"}]}<\/script>\n<!-- \/ Yoast SEO plugin. -->","yoast_head_json":{"title":"Lataa ilmainen yrityksen perustamisopas PDF | Uusyrityskeskus","description":"Lataa ilmainen yrityksen perustamisopas PDF. Kattava opas liiketoimintasuunnitelmasta, rahoituksesta, yritysmuodoista ja rekister\u00f6innist\u00e4. T\u00e4yt\u00e4 lomake ja lataa heti!","robots":{"index":"index","follow":"follow","max-snippet":"max-snippet:-1","max-image-preview":"max-image-preview:large","max-video-preview":"max-video-preview:-1"},"canonical":"https:\/\/uusyrityskeskus.fi\/sv\/starta-eget-guiden\/","og_locale":"sv_SE","og_type":"article","og_title":"Lataa ilmainen yrityksen perustamisopas PDF | Uusyrityskeskus","og_description":"Lataa ilmainen yrityksen perustamisopas PDF. Kattava opas liiketoimintasuunnitelmasta, rahoituksesta, yritysmuodoista ja rekister\u00f6innist\u00e4. T\u00e4yt\u00e4 lomake ja lataa heti!","og_url":"https:\/\/uusyrityskeskus.fi\/sv\/starta-eget-guiden\/","og_site_name":"Uusyrityskeskus","article_modified_time":"2026-02-12T19:09:49+00:00","og_image":[{"width":1810,"height":2560,"url":"https:\/\/uusyrityskeskus.fi\/wp-content\/uploads\/2025\/10\/Uusyrityskeskus_SV_Perustamisopas_2025_kansi-scaled-1.jpg","type":"image\/jpeg"}],"twitter_card":"summary_large_image","twitter_misc":{"Ber\u00e4knad l\u00e4stid":"2 minuter"},"schema":{"@context":"https:\/\/schema.org","@graph":[{"@type":"WebPage","@id":"https:\/\/uusyrityskeskus.fi\/sv\/starta-eget-guiden\/","url":"https:\/\/uusyrityskeskus.fi\/sv\/starta-eget-guiden\/","name":"Lataa ilmainen yrityksen perustamisopas PDF | Uusyrityskeskus","isPartOf":{"@id":"https:\/\/uusyrityskeskus.fi\/sv\/#website"},"primaryImageOfPage":{"@id":"https:\/\/uusyrityskeskus.fi\/sv\/starta-eget-guiden\/#primaryimage"},"image":{"@id":"https:\/\/uusyrityskeskus.fi\/sv\/starta-eget-guiden\/#primaryimage"},"thumbnailUrl":"https:\/\/uusyrityskeskus.fi\/wp-content\/uploads\/2025\/10\/Uusyrityskeskus_SV_Perustamisopas_2025_kansi-scaled-1-724x1024.jpg","datePublished":"2025-09-25T09:45:56+00:00","dateModified":"2026-02-12T19:09:49+00:00","description":"Lataa ilmainen yrityksen perustamisopas PDF. Kattava opas liiketoimintasuunnitelmasta, rahoituksesta, yritysmuodoista ja rekister\u00f6innist\u00e4. T\u00e4yt\u00e4 lomake ja lataa heti!","breadcrumb":{"@id":"https:\/\/uusyrityskeskus.fi\/sv\/starta-eget-guiden\/#breadcrumb"},"inLanguage":"sv-SE","potentialAction":[{"@type":"ReadAction","target":["https:\/\/uusyrityskeskus.fi\/sv\/starta-eget-guiden\/"]}]},{"@type":"ImageObject","inLanguage":"sv-SE","@id":"https:\/\/uusyrityskeskus.fi\/sv\/starta-eget-guiden\/#primaryimage","url":"https:\/\/uusyrityskeskus.fi\/wp-content\/uploads\/2025\/10\/Uusyrityskeskus_SV_Perustamisopas_2025_kansi-scaled-1-724x1024.jpg","contentUrl":"https:\/\/uusyrityskeskus.fi\/wp-content\/uploads\/2025\/10\/Uusyrityskeskus_SV_Perustamisopas_2025_kansi-scaled-1-724x1024.jpg"},{"@type":"BreadcrumbList","@id":"https:\/\/uusyrityskeskus.fi\/sv\/starta-eget-guiden\/#breadcrumb","itemListElement":[{"@type":"ListItem","position":1,"name":"Etusivu","item":"https:\/\/uusyrityskeskus.fi\/sv\/"},{"@type":"ListItem","position":2,"name":"Starta eget -guiden"}]},{"@type":"WebSite","@id":"https:\/\/uusyrityskeskus.fi\/sv\/#website","url":"https:\/\/uusyrityskeskus.fi\/sv\/","name":"Uusyrityskeskus","description":"Yritt\u00e4jyyden unelmista onnistumisia.","potentialAction":[{"@type":"SearchAction","target":{"@type":"EntryPoint","urlTemplate":"https:\/\/uusyrityskeskus.fi\/sv\/?s={search_term_string}"},"query-input":{"@type":"PropertyValueSpecification","valueRequired":true,"valueName":"search_term_string"}}],"inLanguage":"sv-SE"}]}},"_links":{"self":[{"href":"https:\/\/uusyrityskeskus.fi\/sv\/wp-json\/wp\/v2\/pages\/16444","targetHints":{"allow":["GET"]}}],"collection":[{"href":"https:\/\/uusyrityskeskus.fi\/sv\/wp-json\/wp\/v2\/pages"}],"about":[{"href":"https:\/\/uusyrityskeskus.fi\/sv\/wp-json\/wp\/v2\/types\/page"}],"author":[{"embeddable":true,"href":"https:\/\/uusyrityskeskus.fi\/sv\/wp-json\/wp\/v2\/users\/1"}],"replies":[{"embeddable":true,"href":"https:\/\/uusyrityskeskus.fi\/sv\/wp-json\/wp\/v2\/comments?post=16444"}],"version-history":[{"count":2,"href":"https:\/\/uusyrityskeskus.fi\/sv\/wp-json\/wp\/v2\/pages\/16444\/revisions"}],"predecessor-version":[{"id":17495,"href":"https:\/\/uusyrityskeskus.fi\/sv\/wp-json\/wp\/v2\/pages\/16444\/revisions\/17495"}],"wp:attachment":[{"href":"https:\/\/uusyrityskeskus.fi\/sv\/wp-json\/wp\/v2\/media?parent=16444"}],"curies":[{"name":"wp","href":"https:\/\/api.w.org\/{rel}","templated":true}]}}