{"id":16182,"date":"2025-09-29T14:49:41","date_gmt":"2025-09-29T11:49:41","guid":{"rendered":"https:\/\/uusyrityskeskus.fi\/vara-tjanster-for-nya-foretagare\/edut\/"},"modified":"2025-10-22T12:47:52","modified_gmt":"2025-10-22T09:47:52","slug":"fordelar","status":"publish","type":"page","link":"https:\/\/uusyrityskeskus.fi\/sv\/vara-tjanster-for-nya-foretagare\/fordelar\/","title":{"rendered":"Utnyttja v\u00e4rdefulla f\u00f6rm\u00e5ner"},"content":{"rendered":"\n<div class=\"wp-block-tovaristrap-ts-container ts-container header--section\">\n<div class=\"ts-div header--row\">\n<h1 class=\"wp-block-heading\">Utnyttja v\u00e4rdefulla f\u00f6rm\u00e5ner<\/h1>\n<\/div>\n<\/div>\n\n\n\n<div class=\"wp-block-tovaristrap-ts-container ts-container base--section pt-0 pb-0 border-bottom\">\n<div class=\"ts-div content--row\"><div class=\"yoast-breadcrumbs\"><span><span><a href=\"https:\/\/uusyrityskeskus.fi\/sv\/\">Etusivu<\/a><\/span> \u00bb <span><a href=\"https:\/\/uusyrityskeskus.fi\/sv\/vara-tjanster-for-nya-foretagare\/\">V\u00e5ra tj\u00e4nster f\u00f6r nya f\u00f6retagare<\/a><\/span> \u00bb <span class=\"breadcrumb_last\" aria-current=\"page\">Utnyttja v\u00e4rdefulla f\u00f6rm\u00e5ner<\/span><\/span><\/div><\/div>\n<\/div>\n\n\n\n<div class=\"wp-block-tovaristrap-ts-container ts-container base--section pb-0\">\n<div class=\"ts-div content--row width--1000\">\n<div class=\"wp-block-columns is-layout-flex wp-container-core-columns-is-layout-9d6595d7 wp-block-columns-is-layout-flex\">\n<div class=\"wp-block-column is-layout-flow wp-block-column-is-layout-flow\">\n<p class=\"has-text-align-center\">V\u00e5ra samarbetspartners erbjuder nya f\u00f6retagare m\u00e5nga v\u00e4rdefulla f\u00f6rm\u00e5ner. Utforska f\u00f6rm\u00e5nerna mer i detalj via l\u00e4nkarna nedan och utnyttja de som passar ditt f\u00f6retags behov direkt. Samarbetspartnernas sidor endast p\u00e5 finska.<\/p>\n<\/div>\n<\/div>\n<\/div>\n<\/div>\n\n\n\n<div class=\"wp-block-tovaristrap-ts-container ts-container base--section pt--0\">\n<div class=\"ts-div content--row with--box--shadow\">\n<div class=\"wp-block-columns is-layout-flex wp-container-core-columns-is-layout-9d6595d7 wp-block-columns-is-layout-flex\">\n<div class=\"wp-block-column vertical-align-flex is-layout-flow wp-block-column-is-layout-flow\" style=\"flex-basis:10%\">\n<figure class=\"wp-block-image size-full yritys--logo\"><img decoding=\"async\" width=\"400\" height=\"400\" data-src=\"https:\/\/uusyrityskeskus.fi\/wp-content\/uploads\/2025\/09\/Docue-logo.png\" alt=\"\" class=\"wp-image-14811 lazyload\" data-srcset=\"https:\/\/uusyrityskeskus.fi\/wp-content\/uploads\/2025\/09\/Docue-logo.png 400w, https:\/\/uusyrityskeskus.fi\/wp-content\/uploads\/2025\/09\/Docue-logo-300x300.png 300w, https:\/\/uusyrityskeskus.fi\/wp-content\/uploads\/2025\/09\/Docue-logo-150x150.png 150w\" data-sizes=\"(max-width: 400px) 100vw, 400px\" src=\"data:image\/svg+xml;base64,PHN2ZyB3aWR0aD0iMSIgaGVpZ2h0PSIxIiB4bWxucz0iaHR0cDovL3d3dy53My5vcmcvMjAwMC9zdmciPjwvc3ZnPg==\" style=\"--smush-placeholder-width: 400px; --smush-placeholder-aspect-ratio: 400\/400;\" \/><\/figure>\n<\/div>\n\n\n\n<div class=\"wp-block-column vertical-align-flex is-layout-flow wp-block-column-is-layout-flow\" style=\"flex-basis:90%\">\n<h2 class=\"wp-block-heading\">Avtal<\/h2>\n\n\n\n<p><strong>Docue<\/strong><br>(f.d. Sopimustieto)<\/p>\n<\/div>\n<\/div>\n\n\n\n<div class=\"wp-block-columns is-layout-flex wp-container-core-columns-is-layout-9d6595d7 wp-block-columns-is-layout-flex\">\n<div class=\"wp-block-column is-layout-flow wp-block-column-is-layout-flow\" style=\"flex-basis:100%\">\n<div class=\"wp-block-columns info--box is-layout-flex wp-container-core-columns-is-layout-9d6595d7 wp-block-columns-is-layout-flex\">\n<div class=\"wp-block-column is-layout-flow wp-block-column-is-layout-flow\">\n<p class=\"mb-4\"><strong>F\u00f6r ett nytt f\u00f6retag som grundats via Nyf\u00f6retagarcentralen:<\/strong><\/p>\n\n\n\n<div class=\"wp-block-ultimate-post-advanced-list ultp-block-12957f\"><ul class=\"ultp-list-wrapper ultp-list-layout1\">\n<li class=\"wp-block-ultimate-post-list ultp-block-516e2f\"><div class=\"ultp-list-content\"><div class=\"ultp-listicon-bg\"><svg xmlns=\"http:\/\/www.w3.org\/2000\/svg\" viewBox=\"0 0 49.16 37.25\"><path stroke=\"rgba(0,0,0,0)\" stroke-miterlimit=\"10\" d=\"M28.1 36.154a2.048 2.048 0 0 1 0-2.9l12.5-12.5H2.55a2.05 2.05 0 1 1 0-4.1H40.6l-12.5-12.5a2.05 2.05 0 1 1 2.9-2.9l17.45 17.448L31 36.154a2.047 2.047 0 0 1-2.9 0Z\"><\/path><\/svg><\/div><div class=\"ultp-list-title\"><strong>Starter-kundrelation \u201350 %<\/strong><\/div><\/div><\/li>\n\n\n\n<li class=\"wp-block-ultimate-post-list ultp-block-06cb98\"><div class=\"ultp-list-content\"><div class=\"ultp-listicon-bg\"><svg xmlns=\"http:\/\/www.w3.org\/2000\/svg\" viewBox=\"0 0 49.16 37.25\"><path stroke=\"rgba(0,0,0,0)\" stroke-miterlimit=\"10\" d=\"M28.1 36.154a2.048 2.048 0 0 1 0-2.9l12.5-12.5H2.55a2.05 2.05 0 1 1 0-4.1H40.6l-12.5-12.5a2.05 2.05 0 1 1 2.9-2.9l17.45 17.448L31 36.154a2.047 2.047 0 0 1-2.9 0Z\"><\/path><\/svg><\/div><div class=\"ultp-list-title\">F\u00f6rm\u00e5nspris fr\u00e5n 14,50 \u20ac\/m\u00e5nad (ord. 29 \u20ac\/m\u00e5nad)<\/div><\/div><\/li>\n<\/ul><\/div>\n<\/div>\n<\/div>\n\n\n\n<div class=\"wp-block-buttons is-layout-flex wp-block-buttons-is-layout-flex\">\n<div class=\"wp-block-button\"><a class=\"wp-block-button__link wp-element-button\" href=\"https:\/\/docue.com\/fi-fi\/uusyrityskeskus\" target=\"_blank\" rel=\"noreferrer noopener\">G\u00e5 till Docues kampanjsida\u00a0\u2192<\/a><\/div>\n<\/div>\n<\/div>\n<\/div>\n<\/div>\n<\/div>\n\n\n\n<div class=\"wp-block-tovaristrap-ts-container ts-container base--section pt--0\">\n<div class=\"ts-div content--row with--box--shadow\">\n<div class=\"wp-block-columns is-layout-flex wp-container-core-columns-is-layout-9d6595d7 wp-block-columns-is-layout-flex\">\n<div class=\"wp-block-column vertical-align-flex is-layout-flow wp-block-column-is-layout-flow\" style=\"flex-basis:10%\">\n<figure class=\"wp-block-image size-full yritys--logo\"><img decoding=\"async\" width=\"400\" height=\"400\" data-src=\"https:\/\/uusyrityskeskus.fi\/wp-content\/uploads\/2025\/09\/MyCashFlow-logo.png\" alt=\"\" class=\"wp-image-14813 lazyload\" data-srcset=\"https:\/\/uusyrityskeskus.fi\/wp-content\/uploads\/2025\/09\/MyCashFlow-logo.png 400w, https:\/\/uusyrityskeskus.fi\/wp-content\/uploads\/2025\/09\/MyCashFlow-logo-300x300.png 300w, https:\/\/uusyrityskeskus.fi\/wp-content\/uploads\/2025\/09\/MyCashFlow-logo-150x150.png 150w\" data-sizes=\"(max-width: 400px) 100vw, 400px\" src=\"data:image\/svg+xml;base64,PHN2ZyB3aWR0aD0iMSIgaGVpZ2h0PSIxIiB4bWxucz0iaHR0cDovL3d3dy53My5vcmcvMjAwMC9zdmciPjwvc3ZnPg==\" style=\"--smush-placeholder-width: 400px; --smush-placeholder-aspect-ratio: 400\/400;\" \/><\/figure>\n<\/div>\n\n\n\n<div class=\"wp-block-column vertical-align-flex is-layout-flow wp-block-column-is-layout-flow\" style=\"flex-basis:90%\">\n<h2 class=\"wp-block-heading\">Webbutik<\/h2>\n\n\n\n<p><strong>MyCashFlow<\/strong><br>Webbutikstj\u00e4nst<\/p>\n<\/div>\n<\/div>\n\n\n\n<div class=\"wp-block-columns is-layout-flex wp-container-core-columns-is-layout-9d6595d7 wp-block-columns-is-layout-flex\">\n<div class=\"wp-block-column is-layout-flow wp-block-column-is-layout-flow\" style=\"flex-basis:100%\">\n<div class=\"wp-block-columns info--box is-layout-flex wp-container-core-columns-is-layout-9d6595d7 wp-block-columns-is-layout-flex\">\n<div class=\"wp-block-column is-layout-flow wp-block-column-is-layout-flow\">\n<p class=\"mb-4\"><strong>F\u00f6r nya f\u00f6retagare:<\/strong><\/p>\n\n\n\n<div class=\"wp-block-ultimate-post-advanced-list ultp-block-bd9ef9\"><ul class=\"ultp-list-wrapper ultp-list-layout1\">\n<li class=\"wp-block-ultimate-post-list ultp-block-0d7ae1\"><div class=\"ultp-list-content\"><div class=\"ultp-listicon-bg\"><svg xmlns=\"http:\/\/www.w3.org\/2000\/svg\" viewBox=\"0 0 49.16 37.25\"><path stroke=\"rgba(0,0,0,0)\" stroke-miterlimit=\"10\" d=\"M28.1 36.154a2.048 2.048 0 0 1 0-2.9l12.5-12.5H2.55a2.05 2.05 0 1 1 0-4.1H40.6l-12.5-12.5a2.05 2.05 0 1 1 2.9-2.9l17.45 17.448L31 36.154a2.047 2.047 0 0 1-2.9 0Z\"><\/path><\/svg><\/div><div class=\"ultp-list-title\"><strong>Webbutik i tre m\u00e5nader f\u00f6r 0 \u20ac!<\/strong><\/div><\/div><\/li>\n\n\n\n<li class=\"wp-block-ultimate-post-list ultp-block-58d2c9\"><div class=\"ultp-list-content\"><div class=\"ultp-listicon-bg\"><svg xmlns=\"http:\/\/www.w3.org\/2000\/svg\" viewBox=\"0 0 49.16 37.25\"><path stroke=\"rgba(0,0,0,0)\" stroke-miterlimit=\"10\" d=\"M28.1 36.154a2.048 2.048 0 0 1 0-2.9l12.5-12.5H2.55a2.05 2.05 0 1 1 0-4.1H40.6l-12.5-12.5a2.05 2.05 0 1 1 2.9-2.9l17.45 17.448L31 36.154a2.047 2.047 0 0 1-2.9 0Z\"><\/path><\/svg><\/div><div class=\"ultp-list-title\">Normalt fr\u00e5n 59 \u20ac\/m\u00e5nad (moms 0 %)<\/div><\/div><\/li>\n<\/ul><\/div>\n<\/div>\n<\/div>\n\n\n\n<div class=\"wp-block-columns info--box koodi is-layout-flex wp-container-core-columns-is-layout-9d6595d7 wp-block-columns-is-layout-flex\">\n<div class=\"wp-block-column is-layout-flow wp-block-column-is-layout-flow\">\n<p class=\"has-text-align-center mb-4\"><strong>Anv\u00e4nd kampanjkoden:<\/strong><\/p>\n\n\n\n<h2 class=\"wp-block-heading has-text-align-center mb-0\">SUK2025<\/h2>\n<\/div>\n<\/div>\n\n\n\n<div class=\"wp-block-buttons is-layout-flex wp-block-buttons-is-layout-flex\">\n<div class=\"wp-block-button\"><a class=\"wp-block-button__link wp-element-button\" href=\"https:\/\/www.mycashflow.fi\/suk?utm_source=suk&amp;utm_medium=referral\" target=\"_blank\" rel=\"noreferrer noopener\">Starta webbutiken\u00a0\u2192<\/a><\/div>\n<\/div>\n<\/div>\n<\/div>\n<\/div>\n<\/div>\n\n\n\n<div class=\"wp-block-tovaristrap-ts-container ts-container base--section pt--0\">\n<div class=\"ts-div content--row with--box--shadow\">\n<div class=\"wp-block-columns is-layout-flex wp-container-core-columns-is-layout-9d6595d7 wp-block-columns-is-layout-flex\">\n<div class=\"wp-block-column vertical-align-flex is-layout-flow wp-block-column-is-layout-flow\" style=\"flex-basis:10%\">\n<figure class=\"wp-block-image size-full yritys--logo\"><img decoding=\"async\" width=\"400\" height=\"400\" data-src=\"https:\/\/uusyrityskeskus.fi\/wp-content\/uploads\/2025\/09\/Netvisor-logo.png\" alt=\"\" class=\"wp-image-14815 lazyload\" data-srcset=\"https:\/\/uusyrityskeskus.fi\/wp-content\/uploads\/2025\/09\/Netvisor-logo.png 400w, https:\/\/uusyrityskeskus.fi\/wp-content\/uploads\/2025\/09\/Netvisor-logo-300x300.png 300w, https:\/\/uusyrityskeskus.fi\/wp-content\/uploads\/2025\/09\/Netvisor-logo-150x150.png 150w\" data-sizes=\"(max-width: 400px) 100vw, 400px\" src=\"data:image\/svg+xml;base64,PHN2ZyB3aWR0aD0iMSIgaGVpZ2h0PSIxIiB4bWxucz0iaHR0cDovL3d3dy53My5vcmcvMjAwMC9zdmciPjwvc3ZnPg==\" style=\"--smush-placeholder-width: 400px; --smush-placeholder-aspect-ratio: 400\/400;\" \/><\/figure>\n<\/div>\n\n\n\n<div class=\"wp-block-column vertical-align-flex is-layout-flow wp-block-column-is-layout-flow\" style=\"flex-basis:90%\">\n<h2 class=\"wp-block-heading\">Ekonomif\u00f6rvaltning<\/h2>\n\n\n\n<p><strong>Netvisor<br><\/strong>Visma Solutions Oy<\/p>\n<\/div>\n<\/div>\n\n\n\n<div class=\"wp-block-columns is-layout-flex wp-container-core-columns-is-layout-9d6595d7 wp-block-columns-is-layout-flex\">\n<div class=\"wp-block-column is-layout-flow wp-block-column-is-layout-flow\" style=\"flex-basis:100%\">\n<div class=\"wp-block-columns info--box is-layout-flex wp-container-core-columns-is-layout-9d6595d7 wp-block-columns-is-layout-flex\">\n<div class=\"wp-block-column is-layout-flow wp-block-column-is-layout-flow\">\n<p class=\"mb-4\"><strong>F\u00f6r nya f\u00f6retagare:<\/strong><\/p>\n\n\n\n<div class=\"wp-block-ultimate-post-advanced-list ultp-block-343ee8\"><ul class=\"ultp-list-wrapper ultp-list-layout1\">\n<li class=\"wp-block-ultimate-post-list ultp-block-d14cad\"><div class=\"ultp-list-content\"><div class=\"ultp-listicon-bg\"><svg xmlns=\"http:\/\/www.w3.org\/2000\/svg\" viewBox=\"0 0 49.16 37.25\"><path stroke=\"rgba(0,0,0,0)\" stroke-miterlimit=\"10\" d=\"M28.1 36.154a2.048 2.048 0 0 1 0-2.9l12.5-12.5H2.55a2.05 2.05 0 1 1 0-4.1H40.6l-12.5-12.5a2.05 2.05 0 1 1 2.9-2.9l17.45 17.448L31 36.154a2.047 2.047 0 0 1-2.9 0Z\"><\/path><\/svg><\/div><div class=\"ultp-list-title\"><strong>Netvisor ekonomif\u00f6rvaltningsprogram i ett \u00e5r utan m\u00e5nadsavgift<\/strong><\/div><\/div><\/li>\n<\/ul><\/div>\n<\/div>\n<\/div>\n\n\n\n<div class=\"wp-block-buttons is-layout-flex wp-block-buttons-is-layout-flex\">\n<div class=\"wp-block-button\"><a class=\"wp-block-button__link wp-element-button\" href=\"https:\/\/netvisor.fi\/uudet\/?utm_source=guidebook&amp;utm_medium=referral&amp;utm_campaign=uusyrityskeskus\" target=\"_blank\" rel=\"noreferrer noopener\">G\u00e5 till Netvisors kampanjsida\u00a0\u2192<\/a><\/div>\n<\/div>\n<\/div>\n<\/div>\n<\/div>\n<\/div>\n","protected":false},"excerpt":{"rendered":"","protected":false},"author":1,"featured_media":0,"parent":16003,"menu_order":0,"comment_status":"closed","ping_status":"closed","template":"","meta":{"iawp_total_views":12,"footnotes":""},"class_list":["post-16182","page","type-page","status-publish","hentry"],"yoast_head":"<!-- This site is optimized with the Yoast SEO plugin v26.8 - https:\/\/yoast.com\/product\/yoast-seo-wordpress\/ -->\n<title>Utnyttja v\u00e4rdefulla f\u00f6rm\u00e5ner - Uusyrityskeskus<\/title>\n<meta name=\"robots\" content=\"index, follow, max-snippet:-1, max-image-preview:large, max-video-preview:-1\" \/>\n<link rel=\"canonical\" href=\"https:\/\/uusyrityskeskus.fi\/sv\/vara-tjanster-for-nya-foretagare\/fordelar\/\" \/>\n<meta property=\"og:locale\" content=\"sv_SE\" \/>\n<meta property=\"og:type\" content=\"article\" \/>\n<meta property=\"og:title\" content=\"Utnyttja v\u00e4rdefulla f\u00f6rm\u00e5ner - Uusyrityskeskus\" \/>\n<meta property=\"og:url\" content=\"https:\/\/uusyrityskeskus.fi\/sv\/vara-tjanster-for-nya-foretagare\/fordelar\/\" \/>\n<meta property=\"og:site_name\" content=\"Uusyrityskeskus\" \/>\n<meta property=\"article:modified_time\" content=\"2025-10-22T09:47:52+00:00\" \/>\n<meta property=\"og:image\" content=\"https:\/\/uusyrityskeskus.fi\/wp-content\/uploads\/2025\/09\/Docue-logo.png\" \/>\n\t<meta property=\"og:image:width\" content=\"400\" \/>\n\t<meta property=\"og:image:height\" content=\"400\" \/>\n\t<meta property=\"og:image:type\" content=\"image\/png\" \/>\n<meta name=\"twitter:card\" content=\"summary_large_image\" \/>\n<meta name=\"twitter:label1\" content=\"Ber\u00e4knad l\u00e4stid\" \/>\n\t<meta name=\"twitter:data1\" content=\"2 minuter\" \/>\n<script type=\"application\/ld+json\" class=\"yoast-schema-graph\">{\"@context\":\"https:\/\/schema.org\",\"@graph\":[{\"@type\":\"WebPage\",\"@id\":\"https:\/\/uusyrityskeskus.fi\/sv\/vara-tjanster-for-nya-foretagare\/fordelar\/\",\"url\":\"https:\/\/uusyrityskeskus.fi\/sv\/vara-tjanster-for-nya-foretagare\/fordelar\/\",\"name\":\"Utnyttja v\u00e4rdefulla f\u00f6rm\u00e5ner - Uusyrityskeskus\",\"isPartOf\":{\"@id\":\"https:\/\/uusyrityskeskus.fi\/sv\/#website\"},\"primaryImageOfPage\":{\"@id\":\"https:\/\/uusyrityskeskus.fi\/sv\/vara-tjanster-for-nya-foretagare\/fordelar\/#primaryimage\"},\"image\":{\"@id\":\"https:\/\/uusyrityskeskus.fi\/sv\/vara-tjanster-for-nya-foretagare\/fordelar\/#primaryimage\"},\"thumbnailUrl\":\"https:\/\/uusyrityskeskus.fi\/wp-content\/uploads\/2025\/09\/Docue-logo.png\",\"datePublished\":\"2025-09-29T11:49:41+00:00\",\"dateModified\":\"2025-10-22T09:47:52+00:00\",\"breadcrumb\":{\"@id\":\"https:\/\/uusyrityskeskus.fi\/sv\/vara-tjanster-for-nya-foretagare\/fordelar\/#breadcrumb\"},\"inLanguage\":\"sv-SE\",\"potentialAction\":[{\"@type\":\"ReadAction\",\"target\":[\"https:\/\/uusyrityskeskus.fi\/sv\/vara-tjanster-for-nya-foretagare\/fordelar\/\"]}]},{\"@type\":\"ImageObject\",\"inLanguage\":\"sv-SE\",\"@id\":\"https:\/\/uusyrityskeskus.fi\/sv\/vara-tjanster-for-nya-foretagare\/fordelar\/#primaryimage\",\"url\":\"https:\/\/uusyrityskeskus.fi\/wp-content\/uploads\/2025\/09\/Docue-logo.png\",\"contentUrl\":\"https:\/\/uusyrityskeskus.fi\/wp-content\/uploads\/2025\/09\/Docue-logo.png\"},{\"@type\":\"BreadcrumbList\",\"@id\":\"https:\/\/uusyrityskeskus.fi\/sv\/vara-tjanster-for-nya-foretagare\/fordelar\/#breadcrumb\",\"itemListElement\":[{\"@type\":\"ListItem\",\"position\":1,\"name\":\"Etusivu\",\"item\":\"https:\/\/uusyrityskeskus.fi\/sv\/\"},{\"@type\":\"ListItem\",\"position\":2,\"name\":\"V\u00e5ra tj\u00e4nster f\u00f6r nya f\u00f6retagare\",\"item\":\"https:\/\/uusyrityskeskus.fi\/sv\/vara-tjanster-for-nya-foretagare\/\"},{\"@type\":\"ListItem\",\"position\":3,\"name\":\"Utnyttja v\u00e4rdefulla f\u00f6rm\u00e5ner\"}]},{\"@type\":\"WebSite\",\"@id\":\"https:\/\/uusyrityskeskus.fi\/sv\/#website\",\"url\":\"https:\/\/uusyrityskeskus.fi\/sv\/\",\"name\":\"Uusyrityskeskus\",\"description\":\"Yritt\u00e4jyyden unelmista onnistumisia.\",\"potentialAction\":[{\"@type\":\"SearchAction\",\"target\":{\"@type\":\"EntryPoint\",\"urlTemplate\":\"https:\/\/uusyrityskeskus.fi\/sv\/?s={search_term_string}\"},\"query-input\":{\"@type\":\"PropertyValueSpecification\",\"valueRequired\":true,\"valueName\":\"search_term_string\"}}],\"inLanguage\":\"sv-SE\"}]}<\/script>\n<!-- \/ Yoast SEO plugin. -->","yoast_head_json":{"title":"Utnyttja v\u00e4rdefulla f\u00f6rm\u00e5ner - Uusyrityskeskus","robots":{"index":"index","follow":"follow","max-snippet":"max-snippet:-1","max-image-preview":"max-image-preview:large","max-video-preview":"max-video-preview:-1"},"canonical":"https:\/\/uusyrityskeskus.fi\/sv\/vara-tjanster-for-nya-foretagare\/fordelar\/","og_locale":"sv_SE","og_type":"article","og_title":"Utnyttja v\u00e4rdefulla f\u00f6rm\u00e5ner - Uusyrityskeskus","og_url":"https:\/\/uusyrityskeskus.fi\/sv\/vara-tjanster-for-nya-foretagare\/fordelar\/","og_site_name":"Uusyrityskeskus","article_modified_time":"2025-10-22T09:47:52+00:00","og_image":[{"width":400,"height":400,"url":"https:\/\/uusyrityskeskus.fi\/wp-content\/uploads\/2025\/09\/Docue-logo.png","type":"image\/png"}],"twitter_card":"summary_large_image","twitter_misc":{"Ber\u00e4knad l\u00e4stid":"2 minuter"},"schema":{"@context":"https:\/\/schema.org","@graph":[{"@type":"WebPage","@id":"https:\/\/uusyrityskeskus.fi\/sv\/vara-tjanster-for-nya-foretagare\/fordelar\/","url":"https:\/\/uusyrityskeskus.fi\/sv\/vara-tjanster-for-nya-foretagare\/fordelar\/","name":"Utnyttja v\u00e4rdefulla f\u00f6rm\u00e5ner - Uusyrityskeskus","isPartOf":{"@id":"https:\/\/uusyrityskeskus.fi\/sv\/#website"},"primaryImageOfPage":{"@id":"https:\/\/uusyrityskeskus.fi\/sv\/vara-tjanster-for-nya-foretagare\/fordelar\/#primaryimage"},"image":{"@id":"https:\/\/uusyrityskeskus.fi\/sv\/vara-tjanster-for-nya-foretagare\/fordelar\/#primaryimage"},"thumbnailUrl":"https:\/\/uusyrityskeskus.fi\/wp-content\/uploads\/2025\/09\/Docue-logo.png","datePublished":"2025-09-29T11:49:41+00:00","dateModified":"2025-10-22T09:47:52+00:00","breadcrumb":{"@id":"https:\/\/uusyrityskeskus.fi\/sv\/vara-tjanster-for-nya-foretagare\/fordelar\/#breadcrumb"},"inLanguage":"sv-SE","potentialAction":[{"@type":"ReadAction","target":["https:\/\/uusyrityskeskus.fi\/sv\/vara-tjanster-for-nya-foretagare\/fordelar\/"]}]},{"@type":"ImageObject","inLanguage":"sv-SE","@id":"https:\/\/uusyrityskeskus.fi\/sv\/vara-tjanster-for-nya-foretagare\/fordelar\/#primaryimage","url":"https:\/\/uusyrityskeskus.fi\/wp-content\/uploads\/2025\/09\/Docue-logo.png","contentUrl":"https:\/\/uusyrityskeskus.fi\/wp-content\/uploads\/2025\/09\/Docue-logo.png"},{"@type":"BreadcrumbList","@id":"https:\/\/uusyrityskeskus.fi\/sv\/vara-tjanster-for-nya-foretagare\/fordelar\/#breadcrumb","itemListElement":[{"@type":"ListItem","position":1,"name":"Etusivu","item":"https:\/\/uusyrityskeskus.fi\/sv\/"},{"@type":"ListItem","position":2,"name":"V\u00e5ra tj\u00e4nster f\u00f6r nya f\u00f6retagare","item":"https:\/\/uusyrityskeskus.fi\/sv\/vara-tjanster-for-nya-foretagare\/"},{"@type":"ListItem","position":3,"name":"Utnyttja v\u00e4rdefulla f\u00f6rm\u00e5ner"}]},{"@type":"WebSite","@id":"https:\/\/uusyrityskeskus.fi\/sv\/#website","url":"https:\/\/uusyrityskeskus.fi\/sv\/","name":"Uusyrityskeskus","description":"Yritt\u00e4jyyden unelmista onnistumisia.","potentialAction":[{"@type":"SearchAction","target":{"@type":"EntryPoint","urlTemplate":"https:\/\/uusyrityskeskus.fi\/sv\/?s={search_term_string}"},"query-input":{"@type":"PropertyValueSpecification","valueRequired":true,"valueName":"search_term_string"}}],"inLanguage":"sv-SE"}]}},"_links":{"self":[{"href":"https:\/\/uusyrityskeskus.fi\/sv\/wp-json\/wp\/v2\/pages\/16182","targetHints":{"allow":["GET"]}}],"collection":[{"href":"https:\/\/uusyrityskeskus.fi\/sv\/wp-json\/wp\/v2\/pages"}],"about":[{"href":"https:\/\/uusyrityskeskus.fi\/sv\/wp-json\/wp\/v2\/types\/page"}],"author":[{"embeddable":true,"href":"https:\/\/uusyrityskeskus.fi\/sv\/wp-json\/wp\/v2\/users\/1"}],"replies":[{"embeddable":true,"href":"https:\/\/uusyrityskeskus.fi\/sv\/wp-json\/wp\/v2\/comments?post=16182"}],"version-history":[{"count":1,"href":"https:\/\/uusyrityskeskus.fi\/sv\/wp-json\/wp\/v2\/pages\/16182\/revisions"}],"predecessor-version":[{"id":16184,"href":"https:\/\/uusyrityskeskus.fi\/sv\/wp-json\/wp\/v2\/pages\/16182\/revisions\/16184"}],"up":[{"embeddable":true,"href":"https:\/\/uusyrityskeskus.fi\/sv\/wp-json\/wp\/v2\/pages\/16003"}],"wp:attachment":[{"href":"https:\/\/uusyrityskeskus.fi\/sv\/wp-json\/wp\/v2\/media?parent=16182"}],"curies":[{"name":"wp","href":"https:\/\/api.w.org\/{rel}","templated":true}]}}