{"id":16125,"date":"2025-09-10T11:45:42","date_gmt":"2025-09-10T08:45:42","guid":{"rendered":"https:\/\/uusyrityskeskus.fi\/information-och-resultat\/suomen-uusyrityskeskukset\/"},"modified":"2025-10-29T16:21:32","modified_gmt":"2025-10-29T14:21:32","slug":"suomen-uusyrityskeskukset","status":"publish","type":"page","link":"https:\/\/uusyrityskeskus.fi\/sv\/information-och-resultat\/suomen-uusyrityskeskukset\/","title":{"rendered":"Nyf\u00f6retagarcentralerna i Finland rf"},"content":{"rendered":"\n<div class=\"wp-block-tovaristrap-ts-container ts-container header--section\">\n<div class=\"ts-div header--row\">\n<h1 class=\"wp-block-heading\">Nyf\u00f6retagarcentralerna i Finland rf<\/h1>\n<\/div>\n<\/div>\n\n\n\n<div class=\"wp-block-tovaristrap-ts-container ts-container base--section pt-0 pb-0 border-bottom\">\n<div class=\"ts-div content--row\"><div class=\"yoast-breadcrumbs\"><span><span><a href=\"https:\/\/uusyrityskeskus.fi\/sv\/\">Etusivu<\/a><\/span> \u00bb <span><a href=\"https:\/\/uusyrityskeskus.fi\/sv\/information-och-resultat\/\">Information och resultat<\/a><\/span> \u00bb <span class=\"breadcrumb_last\" aria-current=\"page\">Nyf\u00f6retagarcentralerna i Finland rf<\/span><\/span><\/div><\/div>\n<\/div>\n\n\n\n<div class=\"wp-block-tovaristrap-ts-container ts-container base--section pb--0 pt--0\">\n<div class=\"ts-div content--row\">\n<div class=\"wp-block-columns is-layout-flex wp-container-core-columns-is-layout-9d6595d7 wp-block-columns-is-layout-flex\">\n<div class=\"wp-block-column vertical-align-flex is-layout-flow wp-block-column-is-layout-flow\" style=\"flex-basis:66.66%\">\n<p>Nyf\u00f6retagarcentralerna i Finland rf \u00e4r en riksomfattande takorganisation som st\u00f6der, samlar och utvecklar verksamheten i n\u00e4tverket av nyf\u00f6retagarcentraler. V\u00e5r uppgift \u00e4r att s\u00e4kerst\u00e4lla att alla som \u00f6verv\u00e4ger att bli f\u00f6retagare f\u00e5r h\u00f6gklassig och avgiftsfri r\u00e5dgivning \u2013 lokalt, sakkunnigt och i r\u00e4tt tid.<\/p>\n\n\n\n<p>R\u00e5dgivning i b\u00f6rjan av f\u00f6retagandet har en l\u00e5ngtg\u00e5ende inverkan. Den f\u00f6rebygger fel, f\u00f6rb\u00e4ttrar aff\u00e4rsverksamhetens l\u00f6nsamhet och \u00f6kar syssels\u00e4ttningen. Det \u00e4r d\u00e4rf\u00f6r vi finns till.<\/p>\n\n\n\n<h2 class=\"wp-block-heading\">Smidigt och tryggt f\u00f6retagande<\/h2>\n\n\n\n<p>N\u00e4tverket av nyf\u00f6retagarcentraler ger \u00e5rligen r\u00e5dgivning vid grundandet av \u00f6ver 10 000 nya f\u00f6retag. Nyf\u00f6retagarcentralerna i Finland rf ansvarar f\u00f6r att r\u00e5dgivningen \u00e4r av j\u00e4mn kvalitet, aktuell och effektiv. Vi koordinerar den gemensamma utvecklingen av n\u00e4tverket, utbildar sakkunniga och f\u00f6rnyar verksamhetsmodellerna. Dessutom producerar vi information om f\u00f6retagandets inledande skeden och p\u00e5verkar f\u00f6retagarpolitiken p\u00e5 riksniv\u00e5.<\/p>\n\n\n\n<blockquote class=\"wp-block-quote is-layout-flow wp-block-quote-is-layout-flow\">\n<p><strong>V\u00e5r verksamhet grundar sig p\u00e5 samarbete:<\/strong> den offentliga, privata och tredje sektorn arbetar tillsammans f\u00f6r att fr\u00e4mja f\u00f6retagande.<\/p>\n<\/blockquote>\n\n\n\n<div class=\"wp-block-buttons is-layout-flex wp-block-buttons-is-layout-flex\">\n<div class=\"wp-block-button\"><a class=\"wp-block-button__link wp-element-button\" href=\"https:\/\/uusyrityskeskus.fi\/sv\/information-och-resultat\/kontaktinformation\/\">kontakta oss<\/a><\/div>\n<\/div>\n<\/div>\n\n\n\n<div class=\"wp-block-column vertical-align-flex is-layout-flow wp-block-column-is-layout-flow\" style=\"flex-basis:33.33%\">\n<figure class=\"wp-block-image size-large image--width--400\"><img decoding=\"async\" width=\"711\" height=\"1024\" data-src=\"https:\/\/uusyrityskeskus.fi\/wp-content\/uploads\/2025\/09\/Kuvitus28_Vastuullisuus-min-711x1024.png\" alt=\"\" class=\"wp-image-14296 lazyload\" data-srcset=\"https:\/\/uusyrityskeskus.fi\/wp-content\/uploads\/2025\/09\/Kuvitus28_Vastuullisuus-min-711x1024.png 711w, https:\/\/uusyrityskeskus.fi\/wp-content\/uploads\/2025\/09\/Kuvitus28_Vastuullisuus-min-208x300.png 208w, https:\/\/uusyrityskeskus.fi\/wp-content\/uploads\/2025\/09\/Kuvitus28_Vastuullisuus-min-768x1105.png 768w, https:\/\/uusyrityskeskus.fi\/wp-content\/uploads\/2025\/09\/Kuvitus28_Vastuullisuus-min-1067x1536.png 1067w, https:\/\/uusyrityskeskus.fi\/wp-content\/uploads\/2025\/09\/Kuvitus28_Vastuullisuus-min-1423x2048.png 1423w, https:\/\/uusyrityskeskus.fi\/wp-content\/uploads\/2025\/09\/Kuvitus28_Vastuullisuus-min-scaled.png 1779w\" data-sizes=\"(max-width: 711px) 100vw, 711px\" src=\"data:image\/svg+xml;base64,PHN2ZyB3aWR0aD0iMSIgaGVpZ2h0PSIxIiB4bWxucz0iaHR0cDovL3d3dy53My5vcmcvMjAwMC9zdmciPjwvc3ZnPg==\" style=\"--smush-placeholder-width: 711px; --smush-placeholder-aspect-ratio: 711\/1024;\" \/><\/figure>\n<\/div>\n<\/div>\n<\/div>\n<\/div>\n\n\n\n<div class=\"wp-block-tovaristrap-ts-container ts-container base--section pt--0\">\n<div class=\"ts-div content--row bg--lightbeige with--bg--color\">\n<div class=\"wp-block-columns is-layout-flex wp-container-core-columns-is-layout-9d6595d7 wp-block-columns-is-layout-flex\">\n<div class=\"wp-block-column is-layout-flow wp-block-column-is-layout-flow\">\n<h2 class=\"wp-block-heading\">V\u00e4rderingar som styr v\u00e5r verksamhet<\/h2>\n\n\n\n<ul class=\"wp-block-list\">\n<li><strong>P\u00e5litlighet<\/strong> \u2013 Nyf\u00f6retagarcentralerna \u00e4r oberoende och opartiska. V\u00e5r r\u00e5dgivning \u00e4r konfidentiell och kundorienterad. Vi tar hand om varje kunds integritet och dataskydd. V\u00e5r verksamhet \u00e4r \u00f6ppen, ansvarsfull och l\u00e5ngsiktig.<\/li>\n\n\n\n<li><strong>Framg\u00e5ng tillsammans<\/strong> \u2013 N\u00e4tverksarbete och partnerskap \u00e4r grunden f\u00f6r v\u00e5r framg\u00e5ng. I v\u00e5rt n\u00e4tverk f\u00f6renas m\u00e5ngsidig kompetens, v\u00e5rt n\u00e4tverk med \u00f6ver 200 f\u00f6retagsr\u00e5dgivare \u00e4r en n\u00e4ra gemenskap d\u00e4r man delar kompetens, ett gemensamt s\u00e4tt att agera och gemensamma kvalitetskrav. Bland v\u00e5ra partner finns ett stort antal sakkunniga fr\u00e5n olika omr\u00e5den som st\u00f6der v\u00e5r verksamhet med sin egen kompetens och med beaktande av samh\u00e4llsansvaret f\u00f6r att fr\u00e4mja f\u00f6retagande och st\u00f6dja livskraftiga f\u00f6ruts\u00e4ttningar f\u00f6r f\u00f6retagande p\u00e5 olika h\u00e5ll i Finland.<\/li>\n\n\n\n<li><strong>Sakkunskap<\/strong> \u2013 V\u00e5r r\u00e5dgivning grundar sig p\u00e5 aktuell information, enhetlig kvalitet, kundf\u00f6rst\u00e5else och kontinuerlig utveckling. V\u00e5rt n\u00e4tverk har en bred f\u00f6rst\u00e5else f\u00f6r f\u00f6retagandets olika skeden, de lokala f\u00f6rh\u00e5llandena och ramvillkoren f\u00f6r f\u00f6retagsverksamheten. V\u00e5ra sakkunniga hj\u00e4lper kunderna att bygga h\u00e5llbara och l\u00f6nsamma f\u00f6retag.<\/li>\n<\/ul>\n<\/div>\n\n\n\n<div class=\"wp-block-column is-layout-flow wp-block-column-is-layout-flow\">\n<h2 class=\"wp-block-heading\">Tillsammans med n\u00e4tverket och samarbetspartnerna<\/h2>\n\n\n\n<p>I v\u00e5rt n\u00e4tverk ordnas r\u00e5dgivning runt om i Finland i nyf\u00f6retagarcentralerna, som redan \u00e4r \u00f6ver 40 till antalet. Nyf\u00f6retagarcentralernas organisationss\u00e4tt varierar \u2013 v\u00e5ra medlemmar \u00e4r bland annat sj\u00e4lvst\u00e4ndiga nyf\u00f6retagarcentraler, kommuner, st\u00e4der, n\u00e4rings- och utvecklingsbolag samt l\u00e4roanstalter.<\/p>\n\n\n\n<p>V\u00e5ra samarbetspartners starka sakkunskap g\u00f6r det m\u00f6jligt att genomf\u00f6ra r\u00e5dgivningsarbetet mer omfattande \u00e4n tidigare och betj\u00e4na nya f\u00f6retagare p\u00e5 ett s\u00e5 h\u00f6gklassigt och kundorienterat s\u00e4tt som m\u00f6jligt.<\/p>\n\n\n\n<h2 class=\"wp-block-heading\">L\u00e5ng erfarenhet \u2013 blicken mot framtiden<\/h2>\n\n\n\n<p>Nyf\u00f6retagarcentralerna i Finland rf grundades 1990. Verksamheten inleddes utifr\u00e5n behovet av att samla de modeller och den kompetens f\u00f6r f\u00f6retagsr\u00e5dgivning som uppst\u00e5tt p\u00e5 olika h\u00e5ll i Finland.<\/p>\n\n\n\n<p>I 35 \u00e5r har vi utvecklat n\u00e4tverket av nyf\u00f6retagarcentraler som st\u00f6der f\u00f6retagande lokalt och effektivt. Idag \u00e4r vi en akt\u00f6r av nationell betydelse \u2013 och vi arbetar fortfarande f\u00f6r att det ska vara smidigt, tryggt och h\u00e5llbart att bli f\u00f6retagare \u00e4ven i framtiden.<\/p>\n<\/div>\n<\/div>\n<\/div>\n<\/div>\n","protected":false},"excerpt":{"rendered":"","protected":false},"author":1,"featured_media":0,"parent":16095,"menu_order":0,"comment_status":"closed","ping_status":"closed","template":"","meta":{"iawp_total_views":22,"footnotes":""},"class_list":["post-16125","page","type-page","status-publish","hentry"],"yoast_head":"<!-- This site is optimized with the Yoast SEO plugin v26.8 - https:\/\/yoast.com\/product\/yoast-seo-wordpress\/ -->\n<title>Nyf\u00f6retagarcentralerna i Finland rf - Tietoa organisaatiosta<\/title>\n<meta name=\"description\" content=\"Suomen Uusyrityskeskukset ry on valtakunnallinen kattoj\u00e4rjest\u00f6, joka koordinoi 44 uusyrityskeskuksen toimintaa. Tutustu arvoihimme, historiaamme ja verkostoomme.\" \/>\n<meta name=\"robots\" content=\"index, follow, max-snippet:-1, max-image-preview:large, max-video-preview:-1\" \/>\n<link rel=\"canonical\" href=\"https:\/\/uusyrityskeskus.fi\/sv\/information-och-resultat\/suomen-uusyrityskeskukset\/\" \/>\n<meta property=\"og:locale\" content=\"sv_SE\" \/>\n<meta property=\"og:type\" content=\"article\" \/>\n<meta property=\"og:title\" content=\"Nyf\u00f6retagarcentralerna i Finland rf - Tietoa organisaatiosta\" \/>\n<meta property=\"og:description\" content=\"Suomen Uusyrityskeskukset ry on valtakunnallinen kattoj\u00e4rjest\u00f6, joka koordinoi 44 uusyrityskeskuksen toimintaa. Tutustu arvoihimme, historiaamme ja verkostoomme.\" \/>\n<meta property=\"og:url\" content=\"https:\/\/uusyrityskeskus.fi\/sv\/information-och-resultat\/suomen-uusyrityskeskukset\/\" \/>\n<meta property=\"og:site_name\" content=\"Uusyrityskeskus\" \/>\n<meta property=\"article:modified_time\" content=\"2025-10-29T14:21:32+00:00\" \/>\n<meta property=\"og:image\" content=\"https:\/\/uusyrityskeskus.fi\/wp-content\/uploads\/2025\/09\/Kuvitus28_Vastuullisuus-min-scaled.png\" \/>\n\t<meta property=\"og:image:width\" content=\"1779\" \/>\n\t<meta property=\"og:image:height\" content=\"2560\" \/>\n\t<meta property=\"og:image:type\" content=\"image\/png\" \/>\n<meta name=\"twitter:card\" content=\"summary_large_image\" \/>\n<meta name=\"twitter:label1\" content=\"Ber\u00e4knad l\u00e4stid\" \/>\n\t<meta name=\"twitter:data1\" content=\"3 minuter\" \/>\n<script type=\"application\/ld+json\" class=\"yoast-schema-graph\">{\"@context\":\"https:\/\/schema.org\",\"@graph\":[{\"@type\":\"WebPage\",\"@id\":\"https:\/\/uusyrityskeskus.fi\/sv\/information-och-resultat\/suomen-uusyrityskeskukset\/\",\"url\":\"https:\/\/uusyrityskeskus.fi\/sv\/information-och-resultat\/suomen-uusyrityskeskukset\/\",\"name\":\"Nyf\u00f6retagarcentralerna i Finland rf - Tietoa organisaatiosta\",\"isPartOf\":{\"@id\":\"https:\/\/uusyrityskeskus.fi\/sv\/#website\"},\"primaryImageOfPage\":{\"@id\":\"https:\/\/uusyrityskeskus.fi\/sv\/information-och-resultat\/suomen-uusyrityskeskukset\/#primaryimage\"},\"image\":{\"@id\":\"https:\/\/uusyrityskeskus.fi\/sv\/information-och-resultat\/suomen-uusyrityskeskukset\/#primaryimage\"},\"thumbnailUrl\":\"https:\/\/uusyrityskeskus.fi\/wp-content\/uploads\/2025\/09\/Kuvitus28_Vastuullisuus-min-711x1024.png\",\"datePublished\":\"2025-09-10T08:45:42+00:00\",\"dateModified\":\"2025-10-29T14:21:32+00:00\",\"description\":\"Suomen Uusyrityskeskukset ry on valtakunnallinen kattoj\u00e4rjest\u00f6, joka koordinoi 44 uusyrityskeskuksen toimintaa. Tutustu arvoihimme, historiaamme ja verkostoomme.\",\"breadcrumb\":{\"@id\":\"https:\/\/uusyrityskeskus.fi\/sv\/information-och-resultat\/suomen-uusyrityskeskukset\/#breadcrumb\"},\"inLanguage\":\"sv-SE\",\"potentialAction\":[{\"@type\":\"ReadAction\",\"target\":[\"https:\/\/uusyrityskeskus.fi\/sv\/information-och-resultat\/suomen-uusyrityskeskukset\/\"]}]},{\"@type\":\"ImageObject\",\"inLanguage\":\"sv-SE\",\"@id\":\"https:\/\/uusyrityskeskus.fi\/sv\/information-och-resultat\/suomen-uusyrityskeskukset\/#primaryimage\",\"url\":\"https:\/\/uusyrityskeskus.fi\/wp-content\/uploads\/2025\/09\/Kuvitus28_Vastuullisuus-min-711x1024.png\",\"contentUrl\":\"https:\/\/uusyrityskeskus.fi\/wp-content\/uploads\/2025\/09\/Kuvitus28_Vastuullisuus-min-711x1024.png\"},{\"@type\":\"BreadcrumbList\",\"@id\":\"https:\/\/uusyrityskeskus.fi\/sv\/information-och-resultat\/suomen-uusyrityskeskukset\/#breadcrumb\",\"itemListElement\":[{\"@type\":\"ListItem\",\"position\":1,\"name\":\"Etusivu\",\"item\":\"https:\/\/uusyrityskeskus.fi\/sv\/\"},{\"@type\":\"ListItem\",\"position\":2,\"name\":\"Information och resultat\",\"item\":\"https:\/\/uusyrityskeskus.fi\/sv\/information-och-resultat\/\"},{\"@type\":\"ListItem\",\"position\":3,\"name\":\"Nyf\u00f6retagarcentralerna i Finland rf\"}]},{\"@type\":\"WebSite\",\"@id\":\"https:\/\/uusyrityskeskus.fi\/sv\/#website\",\"url\":\"https:\/\/uusyrityskeskus.fi\/sv\/\",\"name\":\"Uusyrityskeskus\",\"description\":\"Yritt\u00e4jyyden unelmista onnistumisia.\",\"potentialAction\":[{\"@type\":\"SearchAction\",\"target\":{\"@type\":\"EntryPoint\",\"urlTemplate\":\"https:\/\/uusyrityskeskus.fi\/sv\/?s={search_term_string}\"},\"query-input\":{\"@type\":\"PropertyValueSpecification\",\"valueRequired\":true,\"valueName\":\"search_term_string\"}}],\"inLanguage\":\"sv-SE\"}]}<\/script>\n<!-- \/ Yoast SEO plugin. -->","yoast_head_json":{"title":"Nyf\u00f6retagarcentralerna i Finland rf - Tietoa organisaatiosta","description":"Suomen Uusyrityskeskukset ry on valtakunnallinen kattoj\u00e4rjest\u00f6, joka koordinoi 44 uusyrityskeskuksen toimintaa. Tutustu arvoihimme, historiaamme ja verkostoomme.","robots":{"index":"index","follow":"follow","max-snippet":"max-snippet:-1","max-image-preview":"max-image-preview:large","max-video-preview":"max-video-preview:-1"},"canonical":"https:\/\/uusyrityskeskus.fi\/sv\/information-och-resultat\/suomen-uusyrityskeskukset\/","og_locale":"sv_SE","og_type":"article","og_title":"Nyf\u00f6retagarcentralerna i Finland rf - Tietoa organisaatiosta","og_description":"Suomen Uusyrityskeskukset ry on valtakunnallinen kattoj\u00e4rjest\u00f6, joka koordinoi 44 uusyrityskeskuksen toimintaa. Tutustu arvoihimme, historiaamme ja verkostoomme.","og_url":"https:\/\/uusyrityskeskus.fi\/sv\/information-och-resultat\/suomen-uusyrityskeskukset\/","og_site_name":"Uusyrityskeskus","article_modified_time":"2025-10-29T14:21:32+00:00","og_image":[{"width":1779,"height":2560,"url":"https:\/\/uusyrityskeskus.fi\/wp-content\/uploads\/2025\/09\/Kuvitus28_Vastuullisuus-min-scaled.png","type":"image\/png"}],"twitter_card":"summary_large_image","twitter_misc":{"Ber\u00e4knad l\u00e4stid":"3 minuter"},"schema":{"@context":"https:\/\/schema.org","@graph":[{"@type":"WebPage","@id":"https:\/\/uusyrityskeskus.fi\/sv\/information-och-resultat\/suomen-uusyrityskeskukset\/","url":"https:\/\/uusyrityskeskus.fi\/sv\/information-och-resultat\/suomen-uusyrityskeskukset\/","name":"Nyf\u00f6retagarcentralerna i Finland rf - Tietoa organisaatiosta","isPartOf":{"@id":"https:\/\/uusyrityskeskus.fi\/sv\/#website"},"primaryImageOfPage":{"@id":"https:\/\/uusyrityskeskus.fi\/sv\/information-och-resultat\/suomen-uusyrityskeskukset\/#primaryimage"},"image":{"@id":"https:\/\/uusyrityskeskus.fi\/sv\/information-och-resultat\/suomen-uusyrityskeskukset\/#primaryimage"},"thumbnailUrl":"https:\/\/uusyrityskeskus.fi\/wp-content\/uploads\/2025\/09\/Kuvitus28_Vastuullisuus-min-711x1024.png","datePublished":"2025-09-10T08:45:42+00:00","dateModified":"2025-10-29T14:21:32+00:00","description":"Suomen Uusyrityskeskukset ry on valtakunnallinen kattoj\u00e4rjest\u00f6, joka koordinoi 44 uusyrityskeskuksen toimintaa. Tutustu arvoihimme, historiaamme ja verkostoomme.","breadcrumb":{"@id":"https:\/\/uusyrityskeskus.fi\/sv\/information-och-resultat\/suomen-uusyrityskeskukset\/#breadcrumb"},"inLanguage":"sv-SE","potentialAction":[{"@type":"ReadAction","target":["https:\/\/uusyrityskeskus.fi\/sv\/information-och-resultat\/suomen-uusyrityskeskukset\/"]}]},{"@type":"ImageObject","inLanguage":"sv-SE","@id":"https:\/\/uusyrityskeskus.fi\/sv\/information-och-resultat\/suomen-uusyrityskeskukset\/#primaryimage","url":"https:\/\/uusyrityskeskus.fi\/wp-content\/uploads\/2025\/09\/Kuvitus28_Vastuullisuus-min-711x1024.png","contentUrl":"https:\/\/uusyrityskeskus.fi\/wp-content\/uploads\/2025\/09\/Kuvitus28_Vastuullisuus-min-711x1024.png"},{"@type":"BreadcrumbList","@id":"https:\/\/uusyrityskeskus.fi\/sv\/information-och-resultat\/suomen-uusyrityskeskukset\/#breadcrumb","itemListElement":[{"@type":"ListItem","position":1,"name":"Etusivu","item":"https:\/\/uusyrityskeskus.fi\/sv\/"},{"@type":"ListItem","position":2,"name":"Information och resultat","item":"https:\/\/uusyrityskeskus.fi\/sv\/information-och-resultat\/"},{"@type":"ListItem","position":3,"name":"Nyf\u00f6retagarcentralerna i Finland rf"}]},{"@type":"WebSite","@id":"https:\/\/uusyrityskeskus.fi\/sv\/#website","url":"https:\/\/uusyrityskeskus.fi\/sv\/","name":"Uusyrityskeskus","description":"Yritt\u00e4jyyden unelmista onnistumisia.","potentialAction":[{"@type":"SearchAction","target":{"@type":"EntryPoint","urlTemplate":"https:\/\/uusyrityskeskus.fi\/sv\/?s={search_term_string}"},"query-input":{"@type":"PropertyValueSpecification","valueRequired":true,"valueName":"search_term_string"}}],"inLanguage":"sv-SE"}]}},"_links":{"self":[{"href":"https:\/\/uusyrityskeskus.fi\/sv\/wp-json\/wp\/v2\/pages\/16125","targetHints":{"allow":["GET"]}}],"collection":[{"href":"https:\/\/uusyrityskeskus.fi\/sv\/wp-json\/wp\/v2\/pages"}],"about":[{"href":"https:\/\/uusyrityskeskus.fi\/sv\/wp-json\/wp\/v2\/types\/page"}],"author":[{"embeddable":true,"href":"https:\/\/uusyrityskeskus.fi\/sv\/wp-json\/wp\/v2\/users\/1"}],"replies":[{"embeddable":true,"href":"https:\/\/uusyrityskeskus.fi\/sv\/wp-json\/wp\/v2\/comments?post=16125"}],"version-history":[{"count":3,"href":"https:\/\/uusyrityskeskus.fi\/sv\/wp-json\/wp\/v2\/pages\/16125\/revisions"}],"predecessor-version":[{"id":16662,"href":"https:\/\/uusyrityskeskus.fi\/sv\/wp-json\/wp\/v2\/pages\/16125\/revisions\/16662"}],"up":[{"embeddable":true,"href":"https:\/\/uusyrityskeskus.fi\/sv\/wp-json\/wp\/v2\/pages\/16095"}],"wp:attachment":[{"href":"https:\/\/uusyrityskeskus.fi\/sv\/wp-json\/wp\/v2\/media?parent=16125"}],"curies":[{"name":"wp","href":"https:\/\/api.w.org\/{rel}","templated":true}]}}