{"id":16118,"date":"2025-09-10T13:33:06","date_gmt":"2025-09-10T10:33:06","guid":{"rendered":"https:\/\/uusyrityskeskus.fi\/information-och-resultat\/vaikuttavuus\/"},"modified":"2025-10-22T12:12:07","modified_gmt":"2025-10-22T09:12:07","slug":"effekter","status":"publish","type":"page","link":"https:\/\/uusyrityskeskus.fi\/sv\/information-och-resultat\/effekter\/","title":{"rendered":"Effekter"},"content":{"rendered":"\n<div class=\"wp-block-tovaristrap-ts-container ts-container header--section\">\n<div class=\"ts-div header--row\">\n<h1 class=\"wp-block-heading\">Effekter<\/h1>\n<\/div>\n<\/div>\n\n\n\n<div class=\"wp-block-tovaristrap-ts-container ts-container base--section pt-0 pb-0 border-bottom\">\n<div class=\"ts-div content--row\"><div class=\"yoast-breadcrumbs\"><span><span><a href=\"https:\/\/uusyrityskeskus.fi\/sv\/\">Etusivu<\/a><\/span> \u00bb <span><a href=\"https:\/\/uusyrityskeskus.fi\/sv\/information-och-resultat\/\">Information och resultat<\/a><\/span> \u00bb <span class=\"breadcrumb_last\" aria-current=\"page\">Effekter<\/span><\/span><\/div><\/div>\n<\/div>\n\n\n\n<div class=\"wp-block-tovaristrap-ts-container ts-container base--section pb--0\">\n<div class=\"ts-div content--row\">\n<div class=\"wp-block-columns is-layout-flex wp-container-core-columns-is-layout-9d6595d7 wp-block-columns-is-layout-flex\">\n<div class=\"wp-block-column vertical-align-flex is-layout-flow wp-block-column-is-layout-flow\" style=\"flex-basis:100%\">\n<h2 class=\"wp-block-heading\">H\u00e5llbart f\u00f6retagande och nytt arbete<\/h2>\n\n\n\n<p>Nyf\u00f6retagarcentralerna st\u00f6der \u00e5rligen \u00f6ver 15 000 personer som \u00e4r intresserade av f\u00f6retagande. Ungef\u00e4r h\u00e4lften av dem grundar ett f\u00f6retag \u2013 och en del inleder f\u00f6retagarliknande verksamhet till exempel via tj\u00e4nster f\u00f6r l\u00e4ttf\u00f6retagande.<\/p>\n\n\n\n<p>V\u00e5r r\u00e5dgivning s\u00e4nker tr\u00f6skeln f\u00f6r f\u00f6retagande och st\u00e4rker livskraften hos nya f\u00f6retag. V\u00e5rt n\u00e4tverks \u00f6ver 30 \u00e5r l\u00e5nga erfarenhet och upprepade effektivitetsunders\u00f6kningar visar att avgiftsfri f\u00f6retagsr\u00e5dgivning har verklig betydelse.<\/p>\n\n\n\n<h2 class=\"wp-block-heading\">Bevisat effektivt<\/h2>\n\n\n\n<p>Nyf\u00f6retagarcentralerna-n\u00e4tverket har utrett effekterna av sina tj\u00e4nster i flera unders\u00f6kningar \u2013 2019, 2022 och 2025.<\/p>\n<\/div>\n<\/div>\n<\/div>\n<\/div>\n\n\n\n<div class=\"wp-block-tovaristrap-ts-container ts-container base--section pt--0\">\n<div class=\"ts-div content--row bg--lightbeige with--bg--color\">\n<div class=\"wp-block-columns is-layout-flex wp-container-core-columns-is-layout-9d6595d7 wp-block-columns-is-layout-flex\">\n<div class=\"wp-block-column is-layout-flow wp-block-column-is-layout-flow\">\n<h2 class=\"wp-block-heading\">Centrala resultat:<\/h2>\n\n\n\n<ul class=\"wp-block-list\">\n<li><strong>80 procent<\/strong> av de f\u00f6retag som f\u00e5tt r\u00e5dgivning via Nyf\u00f6retagarcentralen \u00e4r fortfarande verksamma efter fem \u00e5r. <em>(Som j\u00e4mf\u00f6relse: endast cirka 50 procent av alla nya f\u00f6retag \u00e4r verksamma \u00e4nnu efter fem \u00e5r.)<\/em><\/li>\n\n\n\n<li>Varje f\u00f6retag som grundats via en Nyf\u00f6retagarcentral skapar i genomsnitt <strong>1,3 \u00e5rsverken<\/strong> under anl\u00e4ggnings\u00e5ret. Efter fem \u00e5r \u00e4r syssels\u00e4ttningen i genomsnitt <strong>2,6 \u00e5rsverken<\/strong>.<\/li>\n\n\n\n<li>P\u00e5 \u00e5rsniv\u00e5 inneb\u00e4r detta upp till <strong>10 000 nya arbetsplatser<\/strong> i Finland.<\/li>\n<\/ul>\n<\/div>\n\n\n\n<div class=\"wp-block-column is-layout-flow wp-block-column-is-layout-flow\">\n<figure data-wp-context=\"{&quot;imageId&quot;:&quot;69d1f7472c0a1&quot;}\" data-wp-interactive=\"core\/image\" data-wp-key=\"69d1f7472c0a1\" class=\"wp-block-image size-large wp-lightbox-container\"><img decoding=\"async\" width=\"1024\" height=\"576\" data-wp-class--hide=\"state.isContentHidden\" data-wp-class--show=\"state.isContentVisible\" data-wp-init=\"callbacks.setButtonStyles\" data-wp-on--click=\"actions.showLightbox\" data-wp-on--load=\"callbacks.setButtonStyles\" data-wp-on-window--resize=\"callbacks.setButtonStyles\" data-src=\"https:\/\/uusyrityskeskus.fi\/wp-content\/uploads\/2025\/09\/Uusyrityskeskusverkosto_Infografiikka_Vaaka_RGB_Kuvitus-1024x576.jpg\" alt=\"\" class=\"wp-image-14329 lazyload\" data-srcset=\"https:\/\/uusyrityskeskus.fi\/wp-content\/uploads\/2025\/09\/Uusyrityskeskusverkosto_Infografiikka_Vaaka_RGB_Kuvitus-1024x576.jpg 1024w, https:\/\/uusyrityskeskus.fi\/wp-content\/uploads\/2025\/09\/Uusyrityskeskusverkosto_Infografiikka_Vaaka_RGB_Kuvitus-300x169.jpg 300w, https:\/\/uusyrityskeskus.fi\/wp-content\/uploads\/2025\/09\/Uusyrityskeskusverkosto_Infografiikka_Vaaka_RGB_Kuvitus-768x432.jpg 768w, https:\/\/uusyrityskeskus.fi\/wp-content\/uploads\/2025\/09\/Uusyrityskeskusverkosto_Infografiikka_Vaaka_RGB_Kuvitus-1536x864.jpg 1536w, https:\/\/uusyrityskeskus.fi\/wp-content\/uploads\/2025\/09\/Uusyrityskeskusverkosto_Infografiikka_Vaaka_RGB_Kuvitus-2048x1152.jpg 2048w\" data-sizes=\"(max-width: 1024px) 100vw, 1024px\" src=\"data:image\/svg+xml;base64,PHN2ZyB3aWR0aD0iMSIgaGVpZ2h0PSIxIiB4bWxucz0iaHR0cDovL3d3dy53My5vcmcvMjAwMC9zdmciPjwvc3ZnPg==\" style=\"--smush-placeholder-width: 1024px; --smush-placeholder-aspect-ratio: 1024\/576;\" \/><button\n\t\t\tclass=\"lightbox-trigger\"\n\t\t\ttype=\"button\"\n\t\t\taria-haspopup=\"dialog\"\n\t\t\taria-label=\"F\u00f6rstora\"\n\t\t\tdata-wp-init=\"callbacks.initTriggerButton\"\n\t\t\tdata-wp-on--click=\"actions.showLightbox\"\n\t\t\tdata-wp-style--right=\"state.imageButtonRight\"\n\t\t\tdata-wp-style--top=\"state.imageButtonTop\"\n\t\t>\n\t\t\t<svg xmlns=\"http:\/\/www.w3.org\/2000\/svg\" width=\"12\" height=\"12\" fill=\"none\" viewBox=\"0 0 12 12\">\n\t\t\t\t<path fill=\"#fff\" d=\"M2 0a2 2 0 0 0-2 2v2h1.5V2a.5.5 0 0 1 .5-.5h2V0H2Zm2 10.5H2a.5.5 0 0 1-.5-.5V8H0v2a2 2 0 0 0 2 2h2v-1.5ZM8 12v-1.5h2a.5.5 0 0 0 .5-.5V8H12v2a2 2 0 0 1-2 2H8Zm2-12a2 2 0 0 1 2 2v2h-1.5V2a.5.5 0 0 0-.5-.5H8V0h2Z\" \/>\n\t\t\t<\/svg>\n\t\t<\/button><\/figure>\n<\/div>\n<\/div>\n<\/div>\n<\/div>\n","protected":false},"excerpt":{"rendered":"","protected":false},"author":1,"featured_media":0,"parent":16095,"menu_order":0,"comment_status":"closed","ping_status":"closed","template":"","meta":{"iawp_total_views":2,"footnotes":""},"class_list":["post-16118","page","type-page","status-publish","hentry"],"yoast_head":"<!-- This site is optimized with the Yoast SEO plugin v26.8 - https:\/\/yoast.com\/product\/yoast-seo-wordpress\/ -->\n<title>Yritysneuvonnan vaikuttavuus - 80% yrityksist\u00e4 elossa 5v<\/title>\n<meta name=\"description\" content=\"Uusyrityskeskuksen asiakkaista 80% on toiminnassa 5 vuoden j\u00e4lkeen. Tutustu vaikuttavuustutkimuksen tuloksiin: 15 000 yrityst\u00e4, 10 000 ty\u00f6paikkaa, 4.6\/5 asiakastyytyv\u00e4isyys.\" \/>\n<meta name=\"robots\" content=\"index, follow, max-snippet:-1, max-image-preview:large, max-video-preview:-1\" \/>\n<link rel=\"canonical\" href=\"https:\/\/uusyrityskeskus.fi\/sv\/information-och-resultat\/effekter\/\" \/>\n<meta property=\"og:locale\" content=\"sv_SE\" \/>\n<meta property=\"og:type\" content=\"article\" \/>\n<meta property=\"og:title\" content=\"Yritysneuvonnan vaikuttavuus - 80% yrityksist\u00e4 elossa 5v\" \/>\n<meta property=\"og:description\" content=\"Uusyrityskeskuksen asiakkaista 80% on toiminnassa 5 vuoden j\u00e4lkeen. Tutustu vaikuttavuustutkimuksen tuloksiin: 15 000 yrityst\u00e4, 10 000 ty\u00f6paikkaa, 4.6\/5 asiakastyytyv\u00e4isyys.\" \/>\n<meta property=\"og:url\" content=\"https:\/\/uusyrityskeskus.fi\/sv\/information-och-resultat\/effekter\/\" \/>\n<meta property=\"og:site_name\" content=\"Uusyrityskeskus\" \/>\n<meta property=\"article:modified_time\" content=\"2025-10-22T09:12:07+00:00\" \/>\n<meta property=\"og:image\" content=\"https:\/\/uusyrityskeskus.fi\/wp-content\/uploads\/2025\/09\/Uusyrityskeskusverkosto_Infografiikka_Vaaka_RGB_Kuvitus-scaled.jpg\" \/>\n\t<meta property=\"og:image:width\" content=\"2560\" \/>\n\t<meta property=\"og:image:height\" content=\"1440\" \/>\n\t<meta property=\"og:image:type\" content=\"image\/jpeg\" \/>\n<meta name=\"twitter:card\" content=\"summary_large_image\" \/>\n<meta name=\"twitter:label1\" content=\"Ber\u00e4knad l\u00e4stid\" \/>\n\t<meta name=\"twitter:data1\" content=\"2 minuter\" \/>\n<script type=\"application\/ld+json\" class=\"yoast-schema-graph\">{\"@context\":\"https:\/\/schema.org\",\"@graph\":[{\"@type\":\"WebPage\",\"@id\":\"https:\/\/uusyrityskeskus.fi\/sv\/information-och-resultat\/effekter\/\",\"url\":\"https:\/\/uusyrityskeskus.fi\/sv\/information-och-resultat\/effekter\/\",\"name\":\"Yritysneuvonnan vaikuttavuus - 80% yrityksist\u00e4 elossa 5v\",\"isPartOf\":{\"@id\":\"https:\/\/uusyrityskeskus.fi\/sv\/#website\"},\"primaryImageOfPage\":{\"@id\":\"https:\/\/uusyrityskeskus.fi\/sv\/information-och-resultat\/effekter\/#primaryimage\"},\"image\":{\"@id\":\"https:\/\/uusyrityskeskus.fi\/sv\/information-och-resultat\/effekter\/#primaryimage\"},\"thumbnailUrl\":\"https:\/\/uusyrityskeskus.fi\/wp-content\/uploads\/2025\/09\/Uusyrityskeskusverkosto_Infografiikka_Vaaka_RGB_Kuvitus-1024x576.jpg\",\"datePublished\":\"2025-09-10T10:33:06+00:00\",\"dateModified\":\"2025-10-22T09:12:07+00:00\",\"description\":\"Uusyrityskeskuksen asiakkaista 80% on toiminnassa 5 vuoden j\u00e4lkeen. Tutustu vaikuttavuustutkimuksen tuloksiin: 15 000 yrityst\u00e4, 10 000 ty\u00f6paikkaa, 4.6\/5 asiakastyytyv\u00e4isyys.\",\"breadcrumb\":{\"@id\":\"https:\/\/uusyrityskeskus.fi\/sv\/information-och-resultat\/effekter\/#breadcrumb\"},\"inLanguage\":\"sv-SE\",\"potentialAction\":[{\"@type\":\"ReadAction\",\"target\":[\"https:\/\/uusyrityskeskus.fi\/sv\/information-och-resultat\/effekter\/\"]}]},{\"@type\":\"ImageObject\",\"inLanguage\":\"sv-SE\",\"@id\":\"https:\/\/uusyrityskeskus.fi\/sv\/information-och-resultat\/effekter\/#primaryimage\",\"url\":\"https:\/\/uusyrityskeskus.fi\/wp-content\/uploads\/2025\/09\/Uusyrityskeskusverkosto_Infografiikka_Vaaka_RGB_Kuvitus-1024x576.jpg\",\"contentUrl\":\"https:\/\/uusyrityskeskus.fi\/wp-content\/uploads\/2025\/09\/Uusyrityskeskusverkosto_Infografiikka_Vaaka_RGB_Kuvitus-1024x576.jpg\"},{\"@type\":\"BreadcrumbList\",\"@id\":\"https:\/\/uusyrityskeskus.fi\/sv\/information-och-resultat\/effekter\/#breadcrumb\",\"itemListElement\":[{\"@type\":\"ListItem\",\"position\":1,\"name\":\"Etusivu\",\"item\":\"https:\/\/uusyrityskeskus.fi\/sv\/\"},{\"@type\":\"ListItem\",\"position\":2,\"name\":\"Information och resultat\",\"item\":\"https:\/\/uusyrityskeskus.fi\/sv\/information-och-resultat\/\"},{\"@type\":\"ListItem\",\"position\":3,\"name\":\"Effekter\"}]},{\"@type\":\"WebSite\",\"@id\":\"https:\/\/uusyrityskeskus.fi\/sv\/#website\",\"url\":\"https:\/\/uusyrityskeskus.fi\/sv\/\",\"name\":\"Uusyrityskeskus\",\"description\":\"Yritt\u00e4jyyden unelmista onnistumisia.\",\"potentialAction\":[{\"@type\":\"SearchAction\",\"target\":{\"@type\":\"EntryPoint\",\"urlTemplate\":\"https:\/\/uusyrityskeskus.fi\/sv\/?s={search_term_string}\"},\"query-input\":{\"@type\":\"PropertyValueSpecification\",\"valueRequired\":true,\"valueName\":\"search_term_string\"}}],\"inLanguage\":\"sv-SE\"}]}<\/script>\n<!-- \/ Yoast SEO plugin. -->","yoast_head_json":{"title":"Yritysneuvonnan vaikuttavuus - 80% yrityksist\u00e4 elossa 5v","description":"Uusyrityskeskuksen asiakkaista 80% on toiminnassa 5 vuoden j\u00e4lkeen. Tutustu vaikuttavuustutkimuksen tuloksiin: 15 000 yrityst\u00e4, 10 000 ty\u00f6paikkaa, 4.6\/5 asiakastyytyv\u00e4isyys.","robots":{"index":"index","follow":"follow","max-snippet":"max-snippet:-1","max-image-preview":"max-image-preview:large","max-video-preview":"max-video-preview:-1"},"canonical":"https:\/\/uusyrityskeskus.fi\/sv\/information-och-resultat\/effekter\/","og_locale":"sv_SE","og_type":"article","og_title":"Yritysneuvonnan vaikuttavuus - 80% yrityksist\u00e4 elossa 5v","og_description":"Uusyrityskeskuksen asiakkaista 80% on toiminnassa 5 vuoden j\u00e4lkeen. Tutustu vaikuttavuustutkimuksen tuloksiin: 15 000 yrityst\u00e4, 10 000 ty\u00f6paikkaa, 4.6\/5 asiakastyytyv\u00e4isyys.","og_url":"https:\/\/uusyrityskeskus.fi\/sv\/information-och-resultat\/effekter\/","og_site_name":"Uusyrityskeskus","article_modified_time":"2025-10-22T09:12:07+00:00","og_image":[{"width":2560,"height":1440,"url":"https:\/\/uusyrityskeskus.fi\/wp-content\/uploads\/2025\/09\/Uusyrityskeskusverkosto_Infografiikka_Vaaka_RGB_Kuvitus-scaled.jpg","type":"image\/jpeg"}],"twitter_card":"summary_large_image","twitter_misc":{"Ber\u00e4knad l\u00e4stid":"2 minuter"},"schema":{"@context":"https:\/\/schema.org","@graph":[{"@type":"WebPage","@id":"https:\/\/uusyrityskeskus.fi\/sv\/information-och-resultat\/effekter\/","url":"https:\/\/uusyrityskeskus.fi\/sv\/information-och-resultat\/effekter\/","name":"Yritysneuvonnan vaikuttavuus - 80% yrityksist\u00e4 elossa 5v","isPartOf":{"@id":"https:\/\/uusyrityskeskus.fi\/sv\/#website"},"primaryImageOfPage":{"@id":"https:\/\/uusyrityskeskus.fi\/sv\/information-och-resultat\/effekter\/#primaryimage"},"image":{"@id":"https:\/\/uusyrityskeskus.fi\/sv\/information-och-resultat\/effekter\/#primaryimage"},"thumbnailUrl":"https:\/\/uusyrityskeskus.fi\/wp-content\/uploads\/2025\/09\/Uusyrityskeskusverkosto_Infografiikka_Vaaka_RGB_Kuvitus-1024x576.jpg","datePublished":"2025-09-10T10:33:06+00:00","dateModified":"2025-10-22T09:12:07+00:00","description":"Uusyrityskeskuksen asiakkaista 80% on toiminnassa 5 vuoden j\u00e4lkeen. Tutustu vaikuttavuustutkimuksen tuloksiin: 15 000 yrityst\u00e4, 10 000 ty\u00f6paikkaa, 4.6\/5 asiakastyytyv\u00e4isyys.","breadcrumb":{"@id":"https:\/\/uusyrityskeskus.fi\/sv\/information-och-resultat\/effekter\/#breadcrumb"},"inLanguage":"sv-SE","potentialAction":[{"@type":"ReadAction","target":["https:\/\/uusyrityskeskus.fi\/sv\/information-och-resultat\/effekter\/"]}]},{"@type":"ImageObject","inLanguage":"sv-SE","@id":"https:\/\/uusyrityskeskus.fi\/sv\/information-och-resultat\/effekter\/#primaryimage","url":"https:\/\/uusyrityskeskus.fi\/wp-content\/uploads\/2025\/09\/Uusyrityskeskusverkosto_Infografiikka_Vaaka_RGB_Kuvitus-1024x576.jpg","contentUrl":"https:\/\/uusyrityskeskus.fi\/wp-content\/uploads\/2025\/09\/Uusyrityskeskusverkosto_Infografiikka_Vaaka_RGB_Kuvitus-1024x576.jpg"},{"@type":"BreadcrumbList","@id":"https:\/\/uusyrityskeskus.fi\/sv\/information-och-resultat\/effekter\/#breadcrumb","itemListElement":[{"@type":"ListItem","position":1,"name":"Etusivu","item":"https:\/\/uusyrityskeskus.fi\/sv\/"},{"@type":"ListItem","position":2,"name":"Information och resultat","item":"https:\/\/uusyrityskeskus.fi\/sv\/information-och-resultat\/"},{"@type":"ListItem","position":3,"name":"Effekter"}]},{"@type":"WebSite","@id":"https:\/\/uusyrityskeskus.fi\/sv\/#website","url":"https:\/\/uusyrityskeskus.fi\/sv\/","name":"Uusyrityskeskus","description":"Yritt\u00e4jyyden unelmista onnistumisia.","potentialAction":[{"@type":"SearchAction","target":{"@type":"EntryPoint","urlTemplate":"https:\/\/uusyrityskeskus.fi\/sv\/?s={search_term_string}"},"query-input":{"@type":"PropertyValueSpecification","valueRequired":true,"valueName":"search_term_string"}}],"inLanguage":"sv-SE"}]}},"_links":{"self":[{"href":"https:\/\/uusyrityskeskus.fi\/sv\/wp-json\/wp\/v2\/pages\/16118","targetHints":{"allow":["GET"]}}],"collection":[{"href":"https:\/\/uusyrityskeskus.fi\/sv\/wp-json\/wp\/v2\/pages"}],"about":[{"href":"https:\/\/uusyrityskeskus.fi\/sv\/wp-json\/wp\/v2\/types\/page"}],"author":[{"embeddable":true,"href":"https:\/\/uusyrityskeskus.fi\/sv\/wp-json\/wp\/v2\/users\/1"}],"replies":[{"embeddable":true,"href":"https:\/\/uusyrityskeskus.fi\/sv\/wp-json\/wp\/v2\/comments?post=16118"}],"version-history":[{"count":1,"href":"https:\/\/uusyrityskeskus.fi\/sv\/wp-json\/wp\/v2\/pages\/16118\/revisions"}],"predecessor-version":[{"id":16121,"href":"https:\/\/uusyrityskeskus.fi\/sv\/wp-json\/wp\/v2\/pages\/16118\/revisions\/16121"}],"up":[{"embeddable":true,"href":"https:\/\/uusyrityskeskus.fi\/sv\/wp-json\/wp\/v2\/pages\/16095"}],"wp:attachment":[{"href":"https:\/\/uusyrityskeskus.fi\/sv\/wp-json\/wp\/v2\/media?parent=16118"}],"curies":[{"name":"wp","href":"https:\/\/api.w.org\/{rel}","templated":true}]}}