{"id":16113,"date":"2025-09-10T14:13:40","date_gmt":"2025-09-10T11:13:40","guid":{"rendered":"https:\/\/uusyrityskeskus.fi\/information-och-resultat\/palkitut\/"},"modified":"2025-10-22T12:09:09","modified_gmt":"2025-10-22T09:09:09","slug":"prisbelonta","status":"publish","type":"page","link":"https:\/\/uusyrityskeskus.fi\/sv\/information-och-resultat\/prisbelonta\/","title":{"rendered":"Prisbel\u00f6nta"},"content":{"rendered":"\n<div class=\"wp-block-tovaristrap-ts-container ts-container header--section\">\n<div class=\"ts-div header--row\">\n<h1 class=\"wp-block-heading\">Prisbel\u00f6nta<\/h1>\n<\/div>\n<\/div>\n\n\n\n<div class=\"wp-block-tovaristrap-ts-container ts-container base--section pt-0 pb-0 border-bottom\">\n<div class=\"ts-div content--row\"><div class=\"yoast-breadcrumbs\"><span><span><a href=\"https:\/\/uusyrityskeskus.fi\/sv\/\">Etusivu<\/a><\/span> \u00bb <span><a href=\"https:\/\/uusyrityskeskus.fi\/sv\/information-och-resultat\/\">Information och resultat<\/a><\/span> \u00bb <span class=\"breadcrumb_last\" aria-current=\"page\">Prisbel\u00f6nta<\/span><\/span><\/div><\/div>\n<\/div>\n\n\n\n<div class=\"wp-block-tovaristrap-ts-container ts-container base--section pb--0 pt--0\">\n<div class=\"ts-div content--row\">\n<div class=\"wp-block-columns is-layout-flex wp-container-core-columns-is-layout-9d6595d7 wp-block-columns-is-layout-flex\">\n<div class=\"wp-block-column vertical-align-flex is-layout-flow wp-block-column-is-layout-flow\" style=\"flex-basis:66.66%\">\n<p>Nyf\u00f6retagarcentralerna i Finland rf delar \u00e5rligen ut det nationella priset \u00c5rets nyf\u00f6retagare.\u00a0<\/p>\n\n\n\n<p>I t\u00e4vlingen \u00c5rets nyf\u00f6retagare bel\u00f6nas f\u00f6retagare som har grundat sitt f\u00f6retag f\u00f6r n\u00e5gra \u00e5r sedan med hj\u00e4lp av Nyf\u00f6retagarcentralen och vars f\u00f6retagsverksamhet har varit framg\u00e5ngsrik. Juryn har ocks\u00e5 kunnat bevilja hedersomn\u00e4mnanden. Ut\u00f6ver den vinnare som juryn v\u00e4ljer har publiken sedan 2021 f\u00e5tt r\u00f6sta p\u00e5 sin egen favorit bland finalisterna.<\/p>\n\n\n\n<p>T\u00e4vlingens jury best\u00e5r av styrelseordf\u00f6randen och vice ordf\u00f6randen f\u00f6r Nyf\u00f6retagarcentralerna i Finland rf samt representanter f\u00f6r samarbetspartnerna Oma S\u00e4\u00e4st\u00f6pankki och Patent- och registerstyrelsen.<\/p>\n\n\n\n<blockquote class=\"wp-block-quote is-layout-flow wp-block-quote-is-layout-flow\">\n<p><\/p>\n<\/blockquote>\n<\/div>\n\n\n\n<div class=\"wp-block-column vertical-align-flex is-layout-flow wp-block-column-is-layout-flow\" style=\"flex-basis:33.33%\">\n<figure class=\"wp-block-image size-large image--width--400\"><img decoding=\"async\" width=\"1024\" height=\"1024\" data-src=\"https:\/\/uusyrityskeskus.fi\/wp-content\/uploads\/2025\/09\/Tahtiin_kurkottaminen_RGB_1080x1080px-1024x1024.png\" alt=\"\" class=\"wp-image-14347 lazyload\" data-srcset=\"https:\/\/uusyrityskeskus.fi\/wp-content\/uploads\/2025\/09\/Tahtiin_kurkottaminen_RGB_1080x1080px-1024x1024.png 1024w, https:\/\/uusyrityskeskus.fi\/wp-content\/uploads\/2025\/09\/Tahtiin_kurkottaminen_RGB_1080x1080px-300x300.png 300w, https:\/\/uusyrityskeskus.fi\/wp-content\/uploads\/2025\/09\/Tahtiin_kurkottaminen_RGB_1080x1080px-150x150.png 150w, https:\/\/uusyrityskeskus.fi\/wp-content\/uploads\/2025\/09\/Tahtiin_kurkottaminen_RGB_1080x1080px-768x768.png 768w, https:\/\/uusyrityskeskus.fi\/wp-content\/uploads\/2025\/09\/Tahtiin_kurkottaminen_RGB_1080x1080px-600x600.png 600w, https:\/\/uusyrityskeskus.fi\/wp-content\/uploads\/2025\/09\/Tahtiin_kurkottaminen_RGB_1080x1080px.png 1081w\" data-sizes=\"(max-width: 1024px) 100vw, 1024px\" src=\"data:image\/svg+xml;base64,PHN2ZyB3aWR0aD0iMSIgaGVpZ2h0PSIxIiB4bWxucz0iaHR0cDovL3d3dy53My5vcmcvMjAwMC9zdmciPjwvc3ZnPg==\" style=\"--smush-placeholder-width: 1024px; --smush-placeholder-aspect-ratio: 1024\/1024;\" \/><\/figure>\n<\/div>\n<\/div>\n<\/div>\n<\/div>\n\n\n\n<div class=\"wp-block-tovaristrap-ts-container ts-container base--section pt--0 pb--0\">\n<div class=\"ts-div content--row awards--row beige\">\n<div class=\"wp-block-columns is-layout-flex wp-container-core-columns-is-layout-9d6595d7 wp-block-columns-is-layout-flex\">\n<div class=\"wp-block-column no--color is-layout-flow wp-block-column-is-layout-flow\">\n<h3 class=\"wp-block-heading\">\u00c5RETS NYF\u00d6RETAGARE<\/h3>\n<\/div>\n<\/div>\n\n\n\n<div class=\"wp-block-columns is-layout-flex wp-container-core-columns-is-layout-9d6595d7 wp-block-columns-is-layout-flex\">\n<div class=\"wp-block-column is-layout-flow wp-block-column-is-layout-flow\">\n<h4 class=\"wp-block-heading\">2013<\/h4>\n\n\n\n<p>Nordic Power Service Oy <br><strong><em>(Oskari Tuhkanen)<\/em><\/strong><\/p>\n<\/div>\n\n\n\n<div class=\"wp-block-column is-layout-flow wp-block-column-is-layout-flow\">\n<h4 class=\"wp-block-heading\">2014<\/h4>\n\n\n\n<p>Talentree Oy<br><strong><em>(Antti Haapakorva)<\/em><\/strong><\/p>\n<\/div>\n\n\n\n<div class=\"wp-block-column is-layout-flow wp-block-column-is-layout-flow\">\n<h4 class=\"wp-block-heading\">2015<\/h4>\n\n\n\n<p>Railtek Oy <br><strong><em>(Juha Salminen, Tero Inkala)<\/em><\/strong><\/p>\n<\/div>\n<\/div>\n\n\n\n<div class=\"wp-block-columns is-layout-flex wp-container-core-columns-is-layout-9d6595d7 wp-block-columns-is-layout-flex\">\n<div class=\"wp-block-column is-layout-flow wp-block-column-is-layout-flow\">\n<h4 class=\"wp-block-heading\">2016<\/h4>\n\n\n\n<p>Kyr\u00f6 Distillery\/Rye Rye Oy<br><strong><em>(Miika Lipi\u00e4inen, Miko Heinil\u00e4, Kalle Valkonen, Jouni Ritola, Mikko Koskinen)<\/em><\/strong><\/p>\n<\/div>\n\n\n\n<div class=\"wp-block-column is-layout-flow wp-block-column-is-layout-flow\">\n<h4 class=\"wp-block-heading\">2017<\/h4>\n\n\n\n<p>Duunivaruste Oy<br><strong><em>(Teemu Takku)<\/em><\/strong><\/p>\n<\/div>\n\n\n\n<div class=\"wp-block-column is-layout-flow wp-block-column-is-layout-flow\">\n<h4 class=\"wp-block-heading\">2018<\/h4>\n\n\n\n<p>RollTest Measurements and Controls Oy <br><strong><em>(Mika Purhonen)<\/em><\/strong><\/p>\n<\/div>\n<\/div>\n\n\n\n<div class=\"wp-block-columns is-layout-flex wp-container-core-columns-is-layout-9d6595d7 wp-block-columns-is-layout-flex\">\n<div class=\"wp-block-column is-layout-flow wp-block-column-is-layout-flow\">\n<h4 class=\"wp-block-heading\">2019<\/h4>\n\n\n\n<p>Unikie Oy<br><strong><em>(Esko Mertsalmi)<\/em><\/strong><\/p>\n<\/div>\n\n\n\n<div class=\"wp-block-column is-layout-flow wp-block-column-is-layout-flow\">\n<h4 class=\"wp-block-heading\">2020<\/h4>\n\n\n\n<p>Prestige Car Center<br><strong><em>(Rasmus L\u00f6nnqvist)<\/em><\/strong><\/p>\n<\/div>\n\n\n\n<div class=\"wp-block-column is-layout-flow wp-block-column-is-layout-flow\">\n<h4 class=\"wp-block-heading\">2021<\/h4>\n\n\n\n<p>Mets\u00e4n Woima Oy <br><strong><em>(Juho Haukkala, Tomi Bremer, Mari Koivisto)<\/em><\/strong><\/p>\n<\/div>\n<\/div>\n\n\n\n<div class=\"wp-block-columns is-layout-flex wp-container-core-columns-is-layout-9d6595d7 wp-block-columns-is-layout-flex\">\n<div class=\"wp-block-column is-layout-flow wp-block-column-is-layout-flow\">\n<h4 class=\"wp-block-heading\">2022<\/h4>\n\n\n\n<p>Bistro Holvi<br><strong><em>(Pia Montonen, Roope Rask)<\/em><\/strong><\/p>\n<\/div>\n\n\n\n<div class=\"wp-block-column is-layout-flow wp-block-column-is-layout-flow\">\n<h4 class=\"wp-block-heading\">2023<\/h4>\n\n\n\n<p>KX-Treeshears Oy<br><strong><em>(Kimmo Tossavainen)<\/em><\/strong><\/p>\n<\/div>\n\n\n\n<div class=\"wp-block-column is-layout-flow wp-block-column-is-layout-flow\">\n<h4 class=\"wp-block-heading\">2024<\/h4>\n\n\n\n<p>Akron Taika Oy<br><strong><em>(Lotta Nuppola, Petra Uosukainen, Heini V\u00e4\u00e4t\u00e4inen)<\/em><\/strong><\/p>\n<\/div>\n<\/div>\n<\/div>\n<\/div>\n\n\n\n<div class=\"wp-block-tovaristrap-ts-container ts-container base--section pt--0 pb--0\">\n<div class=\"ts-div content--row awards--row\">\n<div class=\"wp-block-columns is-layout-flex wp-container-core-columns-is-layout-9d6595d7 wp-block-columns-is-layout-flex\">\n<div class=\"wp-block-column no--color is-layout-flow wp-block-column-is-layout-flow\">\n<h3 class=\"wp-block-heading\">HEDERSOMN\u00c4MNANDEN<\/h3>\n<\/div>\n<\/div>\n\n\n\n<div class=\"wp-block-columns is-layout-flex wp-container-core-columns-is-layout-9d6595d7 wp-block-columns-is-layout-flex\">\n<div class=\"wp-block-column is-layout-flow wp-block-column-is-layout-flow\">\n<h4 class=\"wp-block-heading\">2014<\/h4>\n\n\n\n<p>Art Sonck\/Unique Art <br><strong><em>(S\u00e4de Sonck)<\/em><\/strong><\/p>\n\n\n\n<p>Iogen Oy<br><strong><em>(Tommi J\u00e4rvinen, Tero Rinne)<\/em><\/strong><\/p>\n<\/div>\n\n\n\n<div class=\"wp-block-column is-layout-flow wp-block-column-is-layout-flow\">\n<h4 class=\"wp-block-heading\">2015<\/h4>\n\n\n\n<p>Proteesimestarit Oy<br><strong><em>(Pekka Keski-Orvola)<\/em><\/strong><\/p>\n<\/div>\n\n\n\n<div class=\"wp-block-column is-layout-flow wp-block-column-is-layout-flow\">\n<h4 class=\"wp-block-heading\">2016<\/h4>\n\n\n\n<p>Cafe Il Mondo<br><strong><em>(Mahmut Tekes)<\/em><\/strong><\/p>\n<\/div>\n<\/div>\n\n\n\n<div class=\"wp-block-columns is-layout-flex wp-container-core-columns-is-layout-9d6595d7 wp-block-columns-is-layout-flex\">\n<div class=\"wp-block-column is-layout-flow wp-block-column-is-layout-flow\">\n<h4 class=\"wp-block-heading\">2017<\/h4>\n\n\n\n<p>K\u00f6ttdisken Malax Ab<br><strong><em>(Isabella Asplund)<\/em><\/strong><\/p>\n\n\n\n<p>Efficient Network Partner Oy<br><strong><em>(Ilkka S\u00e4kkinen, Jukka Pyyhti\u00e4, Timo Ker\u00e4nen)<\/em><\/strong><\/p>\n<\/div>\n\n\n\n<div class=\"wp-block-column is-layout-flow wp-block-column-is-layout-flow\">\n<h4 class=\"wp-block-heading\">2018<\/h4>\n\n\n\n<p>VV-Kuivaus Oy<br><strong><em>(Janne Haapam\u00e4ki, Timo Tammela, Juhani Rantala, Mika Rantala)<\/em><\/strong><\/p>\n<\/div>\n\n\n\n<div class=\"wp-block-column is-layout-flow wp-block-column-is-layout-flow\">\n<h4 class=\"wp-block-heading\">2019<\/h4>\n\n\n\n<p>Mets\u00e4palvelu Four Forest Oy<br><strong><em>(Pekka Sil\u00e9n)<\/em><\/strong><\/p>\n\n\n\n<p>Kapkem Oy<br><strong><em>(Mika Kultti, Sakari Rahtu)<\/em><\/strong><\/p>\n<\/div>\n<\/div>\n\n\n\n<div class=\"wp-block-columns is-layout-flex wp-container-core-columns-is-layout-9d6595d7 wp-block-columns-is-layout-flex\">\n<div class=\"wp-block-column is-layout-flow wp-block-column-is-layout-flow\">\n<h4 class=\"wp-block-heading\">2020<\/h4>\n\n\n\n<p>Laitaatsillan telakka Oy<br><strong><em>(Antti Makkonen, Harri Turtiainen)<\/em><\/strong><\/p>\n\n\n\n<p>Taikakeppari Oy<br><strong><em>(Virva Klaasio, Julia Aarrekivi)<\/em><\/strong><\/p>\n<\/div>\n\n\n\n<div class=\"wp-block-column is-layout-flow wp-block-column-is-layout-flow\">\n<h4 class=\"wp-block-heading\">2024<\/h4>\n\n\n\n<p>Flat Out Trading Oy\/tuningkauppa.com<br><strong><em>(Marko Jokinen, Tuomo Kirjonen)<\/em><\/strong><\/p>\n<\/div>\n\n\n\n<div class=\"wp-block-column is-layout-flow wp-block-column-is-layout-flow\"><\/div>\n<\/div>\n<\/div>\n<\/div>\n\n\n\n<div class=\"wp-block-tovaristrap-ts-container ts-container base--section pt--0 pb--0\">\n<div class=\"ts-div content--row awards--row light--beige\">\n<div class=\"wp-block-columns is-layout-flex wp-container-core-columns-is-layout-9d6595d7 wp-block-columns-is-layout-flex\">\n<div class=\"wp-block-column no--color is-layout-flow wp-block-column-is-layout-flow\">\n<h3 class=\"wp-block-heading\">PUBLIKENS FAVORITER<\/h3>\n<\/div>\n<\/div>\n\n\n\n<div class=\"wp-block-columns is-layout-flex wp-container-core-columns-is-layout-9d6595d7 wp-block-columns-is-layout-flex\">\n<div class=\"wp-block-column is-layout-flow wp-block-column-is-layout-flow\">\n<h4 class=\"wp-block-heading\">2021<\/h4>\n\n\n\n<p>Demosarte Oy\/Taiko <br><strong><em>(Patrik Edman, Pia Edman)<\/em><\/strong><\/p>\n<\/div>\n\n\n\n<div class=\"wp-block-column is-layout-flow wp-block-column-is-layout-flow\">\n<h4 class=\"wp-block-heading\">2022<\/h4>\n\n\n\n<p>El\u00e4inklinikka Norppa<br><strong><em>(Anne-Mari Miettinen)<\/em><\/strong><\/p>\n<\/div>\n\n\n\n<div class=\"wp-block-column is-layout-flow wp-block-column-is-layout-flow\">\n<h4 class=\"wp-block-heading\">2023<\/h4>\n\n\n\n<p>Ehot Oy<br><strong><em>(Ville Rouhiainen, Tommi Mustonen, Matti Kortelainen)<\/em><\/strong><\/p>\n<\/div>\n<\/div>\n\n\n\n<div class=\"wp-block-columns is-layout-flex wp-container-core-columns-is-layout-9d6595d7 wp-block-columns-is-layout-flex\">\n<div class=\"wp-block-column is-layout-flow wp-block-column-is-layout-flow\">\n<h4 class=\"wp-block-heading\">2024<\/h4>\n\n\n\n<p>Lattiapalvelu Royal Oy<br><strong><em>(Ari Putaala, Minna Putaala)<\/em><\/strong><\/p>\n<\/div>\n\n\n\n<div class=\"wp-block-column is-layout-flow wp-block-column-is-layout-flow\"><\/div>\n\n\n\n<div class=\"wp-block-column is-layout-flow wp-block-column-is-layout-flow\"><\/div>\n<\/div>\n<\/div>\n<\/div>\n\n\n\n<div class=\"wp-block-tovaristrap-ts-container ts-container base--section pt--0\">\n<div class=\"ts-div content--row awards--row\">\n<div class=\"wp-block-columns is-layout-flex wp-container-core-columns-is-layout-9d6595d7 wp-block-columns-is-layout-flex\">\n<div class=\"wp-block-column no--color is-layout-flow wp-block-column-is-layout-flow\">\n<h3 class=\"wp-block-heading\">\u00c5RETS F\u00d6RETAGSR\u00c5DGIVARE<\/h3>\n\n\n\n<p><em>Sedan 2025 har Nyf\u00f6retagarcentralerna i Finland rf bel\u00f6nat \u00c5rets f\u00f6retagsr\u00e5dgivare.<\/em><\/p>\n<\/div>\n<\/div>\n\n\n\n<div class=\"wp-block-columns is-layout-flex wp-container-core-columns-is-layout-9d6595d7 wp-block-columns-is-layout-flex\">\n<div class=\"wp-block-column is-layout-flow wp-block-column-is-layout-flow\">\n<h4 class=\"wp-block-heading\">2025<\/h4>\n\n\n\n<p>Valentin Babitzin<br><strong><em>Helsingin Uusyrityskeskus ry\/Business Helsinki<\/em><\/strong><\/p>\n<\/div>\n\n\n\n<div class=\"wp-block-column is-layout-flow wp-block-column-is-layout-flow\"><\/div>\n\n\n\n<div class=\"wp-block-column is-layout-flow wp-block-column-is-layout-flow\"><\/div>\n<\/div>\n<\/div>\n<\/div>\n","protected":false},"excerpt":{"rendered":"","protected":false},"author":1,"featured_media":0,"parent":16095,"menu_order":0,"comment_status":"closed","ping_status":"closed","template":"","meta":{"iawp_total_views":0,"footnotes":""},"class_list":["post-16113","page","type-page","status-publish","hentry"],"yoast_head":"<!-- This site is optimized with the Yoast SEO plugin v26.8 - https:\/\/yoast.com\/product\/yoast-seo-wordpress\/ -->\n<title>Prisbel\u00f6nta - Vuoden Uusyritt\u00e4j\u00e4t ja kunniamaininta | Uusyrityskeskus<\/title>\n<meta name=\"description\" content=\"Suomen Uusyrityskeskukset palkitsee vuosittain menestyneit\u00e4 yritt\u00e4ji\u00e4. Tutustu Vuoden Uusyritt\u00e4jiin, kunniamainintoihin ja yleis\u00f6n suosikkeihin vuodesta 2013 l\u00e4htien.\" \/>\n<meta name=\"robots\" content=\"index, follow, max-snippet:-1, max-image-preview:large, max-video-preview:-1\" \/>\n<link rel=\"canonical\" href=\"https:\/\/uusyrityskeskus.fi\/sv\/information-och-resultat\/prisbelonta\/\" \/>\n<meta property=\"og:locale\" content=\"sv_SE\" \/>\n<meta property=\"og:type\" content=\"article\" \/>\n<meta property=\"og:title\" content=\"Prisbel\u00f6nta - Vuoden Uusyritt\u00e4j\u00e4t ja kunniamaininta | Uusyrityskeskus\" \/>\n<meta property=\"og:description\" content=\"Suomen Uusyrityskeskukset palkitsee vuosittain menestyneit\u00e4 yritt\u00e4ji\u00e4. Tutustu Vuoden Uusyritt\u00e4jiin, kunniamainintoihin ja yleis\u00f6n suosikkeihin vuodesta 2013 l\u00e4htien.\" \/>\n<meta property=\"og:url\" content=\"https:\/\/uusyrityskeskus.fi\/sv\/information-och-resultat\/prisbelonta\/\" \/>\n<meta property=\"og:site_name\" content=\"Uusyrityskeskus\" \/>\n<meta property=\"article:modified_time\" content=\"2025-10-22T09:09:09+00:00\" \/>\n<meta property=\"og:image\" content=\"https:\/\/uusyrityskeskus.fi\/wp-content\/uploads\/2025\/09\/Tahtiin_kurkottaminen_RGB_1080x1080px.png\" \/>\n\t<meta property=\"og:image:width\" content=\"1081\" \/>\n\t<meta property=\"og:image:height\" content=\"1081\" \/>\n\t<meta property=\"og:image:type\" content=\"image\/png\" \/>\n<meta name=\"twitter:card\" content=\"summary_large_image\" \/>\n<meta name=\"twitter:label1\" content=\"Ber\u00e4knad l\u00e4stid\" \/>\n\t<meta name=\"twitter:data1\" content=\"3 minuter\" \/>\n<script type=\"application\/ld+json\" class=\"yoast-schema-graph\">{\"@context\":\"https:\/\/schema.org\",\"@graph\":[{\"@type\":\"WebPage\",\"@id\":\"https:\/\/uusyrityskeskus.fi\/sv\/information-och-resultat\/prisbelonta\/\",\"url\":\"https:\/\/uusyrityskeskus.fi\/sv\/information-och-resultat\/prisbelonta\/\",\"name\":\"Prisbel\u00f6nta - Vuoden Uusyritt\u00e4j\u00e4t ja kunniamaininta | Uusyrityskeskus\",\"isPartOf\":{\"@id\":\"https:\/\/uusyrityskeskus.fi\/sv\/#website\"},\"primaryImageOfPage\":{\"@id\":\"https:\/\/uusyrityskeskus.fi\/sv\/information-och-resultat\/prisbelonta\/#primaryimage\"},\"image\":{\"@id\":\"https:\/\/uusyrityskeskus.fi\/sv\/information-och-resultat\/prisbelonta\/#primaryimage\"},\"thumbnailUrl\":\"https:\/\/uusyrityskeskus.fi\/wp-content\/uploads\/2025\/09\/Tahtiin_kurkottaminen_RGB_1080x1080px-1024x1024.png\",\"datePublished\":\"2025-09-10T11:13:40+00:00\",\"dateModified\":\"2025-10-22T09:09:09+00:00\",\"description\":\"Suomen Uusyrityskeskukset palkitsee vuosittain menestyneit\u00e4 yritt\u00e4ji\u00e4. Tutustu Vuoden Uusyritt\u00e4jiin, kunniamainintoihin ja yleis\u00f6n suosikkeihin vuodesta 2013 l\u00e4htien.\",\"breadcrumb\":{\"@id\":\"https:\/\/uusyrityskeskus.fi\/sv\/information-och-resultat\/prisbelonta\/#breadcrumb\"},\"inLanguage\":\"sv-SE\",\"potentialAction\":[{\"@type\":\"ReadAction\",\"target\":[\"https:\/\/uusyrityskeskus.fi\/sv\/information-och-resultat\/prisbelonta\/\"]}]},{\"@type\":\"ImageObject\",\"inLanguage\":\"sv-SE\",\"@id\":\"https:\/\/uusyrityskeskus.fi\/sv\/information-och-resultat\/prisbelonta\/#primaryimage\",\"url\":\"https:\/\/uusyrityskeskus.fi\/wp-content\/uploads\/2025\/09\/Tahtiin_kurkottaminen_RGB_1080x1080px-1024x1024.png\",\"contentUrl\":\"https:\/\/uusyrityskeskus.fi\/wp-content\/uploads\/2025\/09\/Tahtiin_kurkottaminen_RGB_1080x1080px-1024x1024.png\"},{\"@type\":\"BreadcrumbList\",\"@id\":\"https:\/\/uusyrityskeskus.fi\/sv\/information-och-resultat\/prisbelonta\/#breadcrumb\",\"itemListElement\":[{\"@type\":\"ListItem\",\"position\":1,\"name\":\"Etusivu\",\"item\":\"https:\/\/uusyrityskeskus.fi\/sv\/\"},{\"@type\":\"ListItem\",\"position\":2,\"name\":\"Information och resultat\",\"item\":\"https:\/\/uusyrityskeskus.fi\/sv\/information-och-resultat\/\"},{\"@type\":\"ListItem\",\"position\":3,\"name\":\"Prisbel\u00f6nta\"}]},{\"@type\":\"WebSite\",\"@id\":\"https:\/\/uusyrityskeskus.fi\/sv\/#website\",\"url\":\"https:\/\/uusyrityskeskus.fi\/sv\/\",\"name\":\"Uusyrityskeskus\",\"description\":\"Yritt\u00e4jyyden unelmista onnistumisia.\",\"potentialAction\":[{\"@type\":\"SearchAction\",\"target\":{\"@type\":\"EntryPoint\",\"urlTemplate\":\"https:\/\/uusyrityskeskus.fi\/sv\/?s={search_term_string}\"},\"query-input\":{\"@type\":\"PropertyValueSpecification\",\"valueRequired\":true,\"valueName\":\"search_term_string\"}}],\"inLanguage\":\"sv-SE\"}]}<\/script>\n<!-- \/ Yoast SEO plugin. -->","yoast_head_json":{"title":"Prisbel\u00f6nta - Vuoden Uusyritt\u00e4j\u00e4t ja kunniamaininta | Uusyrityskeskus","description":"Suomen Uusyrityskeskukset palkitsee vuosittain menestyneit\u00e4 yritt\u00e4ji\u00e4. Tutustu Vuoden Uusyritt\u00e4jiin, kunniamainintoihin ja yleis\u00f6n suosikkeihin vuodesta 2013 l\u00e4htien.","robots":{"index":"index","follow":"follow","max-snippet":"max-snippet:-1","max-image-preview":"max-image-preview:large","max-video-preview":"max-video-preview:-1"},"canonical":"https:\/\/uusyrityskeskus.fi\/sv\/information-och-resultat\/prisbelonta\/","og_locale":"sv_SE","og_type":"article","og_title":"Prisbel\u00f6nta - Vuoden Uusyritt\u00e4j\u00e4t ja kunniamaininta | Uusyrityskeskus","og_description":"Suomen Uusyrityskeskukset palkitsee vuosittain menestyneit\u00e4 yritt\u00e4ji\u00e4. Tutustu Vuoden Uusyritt\u00e4jiin, kunniamainintoihin ja yleis\u00f6n suosikkeihin vuodesta 2013 l\u00e4htien.","og_url":"https:\/\/uusyrityskeskus.fi\/sv\/information-och-resultat\/prisbelonta\/","og_site_name":"Uusyrityskeskus","article_modified_time":"2025-10-22T09:09:09+00:00","og_image":[{"width":1081,"height":1081,"url":"https:\/\/uusyrityskeskus.fi\/wp-content\/uploads\/2025\/09\/Tahtiin_kurkottaminen_RGB_1080x1080px.png","type":"image\/png"}],"twitter_card":"summary_large_image","twitter_misc":{"Ber\u00e4knad l\u00e4stid":"3 minuter"},"schema":{"@context":"https:\/\/schema.org","@graph":[{"@type":"WebPage","@id":"https:\/\/uusyrityskeskus.fi\/sv\/information-och-resultat\/prisbelonta\/","url":"https:\/\/uusyrityskeskus.fi\/sv\/information-och-resultat\/prisbelonta\/","name":"Prisbel\u00f6nta - Vuoden Uusyritt\u00e4j\u00e4t ja kunniamaininta | Uusyrityskeskus","isPartOf":{"@id":"https:\/\/uusyrityskeskus.fi\/sv\/#website"},"primaryImageOfPage":{"@id":"https:\/\/uusyrityskeskus.fi\/sv\/information-och-resultat\/prisbelonta\/#primaryimage"},"image":{"@id":"https:\/\/uusyrityskeskus.fi\/sv\/information-och-resultat\/prisbelonta\/#primaryimage"},"thumbnailUrl":"https:\/\/uusyrityskeskus.fi\/wp-content\/uploads\/2025\/09\/Tahtiin_kurkottaminen_RGB_1080x1080px-1024x1024.png","datePublished":"2025-09-10T11:13:40+00:00","dateModified":"2025-10-22T09:09:09+00:00","description":"Suomen Uusyrityskeskukset palkitsee vuosittain menestyneit\u00e4 yritt\u00e4ji\u00e4. Tutustu Vuoden Uusyritt\u00e4jiin, kunniamainintoihin ja yleis\u00f6n suosikkeihin vuodesta 2013 l\u00e4htien.","breadcrumb":{"@id":"https:\/\/uusyrityskeskus.fi\/sv\/information-och-resultat\/prisbelonta\/#breadcrumb"},"inLanguage":"sv-SE","potentialAction":[{"@type":"ReadAction","target":["https:\/\/uusyrityskeskus.fi\/sv\/information-och-resultat\/prisbelonta\/"]}]},{"@type":"ImageObject","inLanguage":"sv-SE","@id":"https:\/\/uusyrityskeskus.fi\/sv\/information-och-resultat\/prisbelonta\/#primaryimage","url":"https:\/\/uusyrityskeskus.fi\/wp-content\/uploads\/2025\/09\/Tahtiin_kurkottaminen_RGB_1080x1080px-1024x1024.png","contentUrl":"https:\/\/uusyrityskeskus.fi\/wp-content\/uploads\/2025\/09\/Tahtiin_kurkottaminen_RGB_1080x1080px-1024x1024.png"},{"@type":"BreadcrumbList","@id":"https:\/\/uusyrityskeskus.fi\/sv\/information-och-resultat\/prisbelonta\/#breadcrumb","itemListElement":[{"@type":"ListItem","position":1,"name":"Etusivu","item":"https:\/\/uusyrityskeskus.fi\/sv\/"},{"@type":"ListItem","position":2,"name":"Information och resultat","item":"https:\/\/uusyrityskeskus.fi\/sv\/information-och-resultat\/"},{"@type":"ListItem","position":3,"name":"Prisbel\u00f6nta"}]},{"@type":"WebSite","@id":"https:\/\/uusyrityskeskus.fi\/sv\/#website","url":"https:\/\/uusyrityskeskus.fi\/sv\/","name":"Uusyrityskeskus","description":"Yritt\u00e4jyyden unelmista onnistumisia.","potentialAction":[{"@type":"SearchAction","target":{"@type":"EntryPoint","urlTemplate":"https:\/\/uusyrityskeskus.fi\/sv\/?s={search_term_string}"},"query-input":{"@type":"PropertyValueSpecification","valueRequired":true,"valueName":"search_term_string"}}],"inLanguage":"sv-SE"}]}},"_links":{"self":[{"href":"https:\/\/uusyrityskeskus.fi\/sv\/wp-json\/wp\/v2\/pages\/16113","targetHints":{"allow":["GET"]}}],"collection":[{"href":"https:\/\/uusyrityskeskus.fi\/sv\/wp-json\/wp\/v2\/pages"}],"about":[{"href":"https:\/\/uusyrityskeskus.fi\/sv\/wp-json\/wp\/v2\/types\/page"}],"author":[{"embeddable":true,"href":"https:\/\/uusyrityskeskus.fi\/sv\/wp-json\/wp\/v2\/users\/1"}],"replies":[{"embeddable":true,"href":"https:\/\/uusyrityskeskus.fi\/sv\/wp-json\/wp\/v2\/comments?post=16113"}],"version-history":[{"count":1,"href":"https:\/\/uusyrityskeskus.fi\/sv\/wp-json\/wp\/v2\/pages\/16113\/revisions"}],"predecessor-version":[{"id":16115,"href":"https:\/\/uusyrityskeskus.fi\/sv\/wp-json\/wp\/v2\/pages\/16113\/revisions\/16115"}],"up":[{"embeddable":true,"href":"https:\/\/uusyrityskeskus.fi\/sv\/wp-json\/wp\/v2\/pages\/16095"}],"wp:attachment":[{"href":"https:\/\/uusyrityskeskus.fi\/sv\/wp-json\/wp\/v2\/media?parent=16113"}],"curies":[{"name":"wp","href":"https:\/\/api.w.org\/{rel}","templated":true}]}}