{"id":16100,"date":"2025-09-10T13:09:17","date_gmt":"2025-09-10T10:09:17","guid":{"rendered":"https:\/\/uusyrityskeskus.fi\/information-och-resultat\/edunvalvonta\/"},"modified":"2025-10-22T12:00:42","modified_gmt":"2025-10-22T09:00:42","slug":"intressebevakning-och-mal","status":"publish","type":"page","link":"https:\/\/uusyrityskeskus.fi\/sv\/information-och-resultat\/intressebevakning-och-mal\/","title":{"rendered":"Intressebevakning och m\u00e5l"},"content":{"rendered":"\n<div class=\"wp-block-tovaristrap-ts-container ts-container header--section\">\n<div class=\"ts-div header--row\">\n<h1 class=\"wp-block-heading\">Intressebevakning och m\u00e5l<\/h1>\n<\/div>\n<\/div>\n\n\n\n<div class=\"wp-block-tovaristrap-ts-container ts-container base--section pt-0 pb-0 border-bottom\">\n<div class=\"ts-div content--row\"><div class=\"yoast-breadcrumbs\"><span><span><a href=\"https:\/\/uusyrityskeskus.fi\/sv\/\">Etusivu<\/a><\/span> \u00bb <span><a href=\"https:\/\/uusyrityskeskus.fi\/sv\/information-och-resultat\/\">Information och resultat<\/a><\/span> \u00bb <span class=\"breadcrumb_last\" aria-current=\"page\">Intressebevakning och m\u00e5l<\/span><\/span><\/div><\/div>\n<\/div>\n\n\n\n<div class=\"wp-block-tovaristrap-ts-container ts-container base--section pb--0\">\n<div class=\"ts-div content--row\">\n<div class=\"wp-block-columns is-layout-flex wp-container-core-columns-is-layout-9d6595d7 wp-block-columns-is-layout-flex\">\n<div class=\"wp-block-column vertical-align-flex is-layout-flow wp-block-column-is-layout-flow\" style=\"flex-basis:100%\">\n<p><strong><em><strong><em>H\u00e5llbar och l\u00f6nsam f\u00f6retagsverksamhet via r\u00e5dgivningstj\u00e4nster<\/em><\/strong><\/em><\/strong><\/p>\n\n\n\n<p>Nyf\u00f6retagarcentralerna i Finland rf \u00e4r f\u00f6respr\u00e5kare f\u00f6r nya f\u00f6retagare och avgiftsfri f\u00f6retagsr\u00e5dgivning. Vi fr\u00e4mjar att var och en har m\u00f6jlighet att grunda ett f\u00f6retag tryggt, genomt\u00e4nkt och med st\u00f6d \u2013 var som helst i Finland.<\/p>\n\n\n\n<p><strong><strong>1. Trygga finansieringen av f\u00f6retagsr\u00e5dgivningen<\/strong><\/strong><\/p>\n\n\n\n<p>F\u00f6r att h\u00f6gklassig och opartisk f\u00f6retagsr\u00e5dgivning ska kunna erbjudas \u00e4ven i framtiden beh\u00f6vs tillr\u00e4cklig och f\u00f6ruts\u00e4gbar finansiering. Vi arbetar f\u00f6r att r\u00e5dgivningen ska ses som en del av de offentliga syssels\u00e4ttnings- och livskraftstj\u00e4nsterna och st\u00f6das med best\u00e5ende finansieringsl\u00f6sningar \u2013 inte enbart genom projekt av eng\u00e5ngskarakt\u00e4r.<\/p>\n\n\n\n<p><strong><strong>2. Fr\u00e4mja grundandet av f\u00f6retag<\/strong><\/strong><\/p>\n\n\n\n<p>Vi vill att det ska vara enkelt och smidigt att grunda ett f\u00f6retag. Vi bidrar till att f\u00f6retagande \u00e4r ett beaktansv\u00e4rt alternativ i olika livssituationer \u2013 vid \u00f6verg\u00e5ngar mellan arbetsl\u00f6shet, studier eller arbetskarri\u00e4r. Vi anser att bra r\u00e5dgivning f\u00f6rebygger misslyckanden och st\u00f6der tillv\u00e4xtorienteringen.<\/p>\n\n\n\n<p><strong><strong>3. St\u00e4rka f\u00f6retagandets uppskattning<\/strong><\/strong><\/p>\n\n\n\n<p>F\u00f6retagande beh\u00f6ver synlighet och uppskattning. Vi lyfter fram f\u00f6retagandets betydelse f\u00f6r samh\u00e4llet f\u00f6r beslutsfattare, medier och allm\u00e4nheten \u2013 och konkreta ber\u00e4ttelser om m\u00e4nniskor som v\u00e5gat bli f\u00f6retagare. Ett positivt f\u00f6retagarklimat uppmuntrar nya f\u00f6retagare att s\u00e4tta bollen i rullning.<\/p>\n\n\n\n<p><strong>4. Utveckla f\u00f6retagartj\u00e4nster och -n\u00e4tverk<\/strong><\/p>\n\n\n\n<p>Vi arbetar f\u00f6r att f\u00f6retagsr\u00e5dgivningen ska vara tillg\u00e4nglig f\u00f6r alla \u2013 oberoende av spr\u00e5k, plats eller bakgrund. Vi utvecklar digitala r\u00e5dgivningstj\u00e4nster och st\u00e4rker samarbetet med finansi\u00e4rer, l\u00e4roanstalter och f\u00f6retagsutvecklare. M\u00e5let \u00e4r en kundorienterad och smidig helhet d\u00e4r f\u00f6retagaren inte beh\u00f6ver veta var hen ska s\u00f6ka hj\u00e4lp \u2013 det r\u00e4cker att hen f\u00e5r den.<\/p>\n\n\n\n<p><strong><strong>5. Avveckla administrativa hinder<\/strong><\/strong><\/p>\n\n\n\n<p>En ny f\u00f6retagares byr\u00e5krati f\u00e5r inte utg\u00f6ra ett hinder f\u00f6r att inleda f\u00f6retagsverksamhet. Vi fr\u00e4mjar f\u00f6rtydligande av regleringen och samordning av tj\u00e4nsterna s\u00e5 att f\u00f6retagaren kan fokusera p\u00e5 det v\u00e4sentliga: att bygga upp en fungerande aff\u00e4rsverksamhet.<\/p>\n<\/div>\n<\/div>\n<\/div>\n<\/div>\n\n\n\n<div class=\"wp-block-tovaristrap-ts-container ts-container base--section pt--0\">\n<div class=\"ts-div content--row bg--lightbeige with--bg--color\">\n<div class=\"wp-block-columns is-layout-flex wp-container-core-columns-is-layout-9d6595d7 wp-block-columns-is-layout-flex\">\n<div class=\"wp-block-column is-layout-flow wp-block-column-is-layout-flow\">\n<h2 class=\"wp-block-heading\">S\u00e5 h\u00e4r p\u00e5verkar vi<\/h2>\n\n\n\n<ul class=\"wp-block-list\">\n<li>Vi tar initiativ och tar st\u00e4llning p\u00e5 nationell och lokal niv\u00e5<\/li>\n\n\n\n<li>Vi deltar i beredningen av lagstiftningen och diskussioner med intressentgrupper.<\/li>\n\n\n\n<li>Vi lyfter fram f\u00f6retagsr\u00e5dgivningens resultat, effekter och kundupplevelser.<\/li>\n\n\n\n<li>Vi bygger upp samarbetet med kommunerna, staten, n\u00e4ringslivet och utbildningen.<\/li>\n<\/ul>\n<\/div>\n<\/div>\n<\/div>\n<\/div>\n","protected":false},"excerpt":{"rendered":"","protected":false},"author":1,"featured_media":0,"parent":16095,"menu_order":0,"comment_status":"closed","ping_status":"closed","template":"","meta":{"iawp_total_views":0,"footnotes":""},"class_list":["post-16100","page","type-page","status-publish","hentry"],"yoast_head":"<!-- This site is optimized with the Yoast SEO plugin v26.8 - https:\/\/yoast.com\/product\/yoast-seo-wordpress\/ -->\n<title>Intressebevakning och m\u00e5l - Yritt\u00e4jyyden puolesta | Uusyrityskeskus<\/title>\n<meta name=\"description\" content=\"Uusyrityskeskus edist\u00e4\u00e4 yritt\u00e4jyyden toimintaedellytyksi\u00e4 ja vaikuttaa p\u00e4\u00e4t\u00f6ksentekoon. Tutustu edunvalvontaty\u00f6h\u00f6mme ja tavoitteisiimme yritt\u00e4jien hyv\u00e4ksi.\" \/>\n<meta name=\"robots\" content=\"index, follow, max-snippet:-1, max-image-preview:large, max-video-preview:-1\" \/>\n<link rel=\"canonical\" href=\"https:\/\/uusyrityskeskus.fi\/sv\/information-och-resultat\/intressebevakning-och-mal\/\" \/>\n<meta property=\"og:locale\" content=\"sv_SE\" \/>\n<meta property=\"og:type\" content=\"article\" \/>\n<meta property=\"og:title\" content=\"Intressebevakning och m\u00e5l - Yritt\u00e4jyyden puolesta | Uusyrityskeskus\" \/>\n<meta property=\"og:description\" content=\"Uusyrityskeskus edist\u00e4\u00e4 yritt\u00e4jyyden toimintaedellytyksi\u00e4 ja vaikuttaa p\u00e4\u00e4t\u00f6ksentekoon. Tutustu edunvalvontaty\u00f6h\u00f6mme ja tavoitteisiimme yritt\u00e4jien hyv\u00e4ksi.\" \/>\n<meta property=\"og:url\" content=\"https:\/\/uusyrityskeskus.fi\/sv\/information-och-resultat\/intressebevakning-och-mal\/\" \/>\n<meta property=\"og:site_name\" content=\"Uusyrityskeskus\" \/>\n<meta property=\"article:modified_time\" content=\"2025-10-22T09:00:42+00:00\" \/>\n<meta property=\"og:image\" content=\"https:\/\/uusyrityskeskus.fi\/wp-content\/uploads\/2020\/12\/uusyrityskeskus-turkoosi.jpg\" \/>\n\t<meta property=\"og:image:width\" content=\"2048\" \/>\n\t<meta property=\"og:image:height\" content=\"1152\" \/>\n\t<meta property=\"og:image:type\" content=\"image\/jpeg\" \/>\n<meta name=\"twitter:card\" content=\"summary_large_image\" \/>\n<meta name=\"twitter:label1\" content=\"Ber\u00e4knad l\u00e4stid\" \/>\n\t<meta name=\"twitter:data1\" content=\"2 minuter\" \/>\n<script type=\"application\/ld+json\" class=\"yoast-schema-graph\">{\"@context\":\"https:\/\/schema.org\",\"@graph\":[{\"@type\":\"WebPage\",\"@id\":\"https:\/\/uusyrityskeskus.fi\/sv\/information-och-resultat\/intressebevakning-och-mal\/\",\"url\":\"https:\/\/uusyrityskeskus.fi\/sv\/information-och-resultat\/intressebevakning-och-mal\/\",\"name\":\"Intressebevakning och m\u00e5l - Yritt\u00e4jyyden puolesta | Uusyrityskeskus\",\"isPartOf\":{\"@id\":\"https:\/\/uusyrityskeskus.fi\/sv\/#website\"},\"datePublished\":\"2025-09-10T10:09:17+00:00\",\"dateModified\":\"2025-10-22T09:00:42+00:00\",\"description\":\"Uusyrityskeskus edist\u00e4\u00e4 yritt\u00e4jyyden toimintaedellytyksi\u00e4 ja vaikuttaa p\u00e4\u00e4t\u00f6ksentekoon. Tutustu edunvalvontaty\u00f6h\u00f6mme ja tavoitteisiimme yritt\u00e4jien hyv\u00e4ksi.\",\"breadcrumb\":{\"@id\":\"https:\/\/uusyrityskeskus.fi\/sv\/information-och-resultat\/intressebevakning-och-mal\/#breadcrumb\"},\"inLanguage\":\"sv-SE\",\"potentialAction\":[{\"@type\":\"ReadAction\",\"target\":[\"https:\/\/uusyrityskeskus.fi\/sv\/information-och-resultat\/intressebevakning-och-mal\/\"]}]},{\"@type\":\"BreadcrumbList\",\"@id\":\"https:\/\/uusyrityskeskus.fi\/sv\/information-och-resultat\/intressebevakning-och-mal\/#breadcrumb\",\"itemListElement\":[{\"@type\":\"ListItem\",\"position\":1,\"name\":\"Etusivu\",\"item\":\"https:\/\/uusyrityskeskus.fi\/sv\/\"},{\"@type\":\"ListItem\",\"position\":2,\"name\":\"Information och resultat\",\"item\":\"https:\/\/uusyrityskeskus.fi\/sv\/information-och-resultat\/\"},{\"@type\":\"ListItem\",\"position\":3,\"name\":\"Intressebevakning och m\u00e5l\"}]},{\"@type\":\"WebSite\",\"@id\":\"https:\/\/uusyrityskeskus.fi\/sv\/#website\",\"url\":\"https:\/\/uusyrityskeskus.fi\/sv\/\",\"name\":\"Uusyrityskeskus\",\"description\":\"Yritt\u00e4jyyden unelmista onnistumisia.\",\"potentialAction\":[{\"@type\":\"SearchAction\",\"target\":{\"@type\":\"EntryPoint\",\"urlTemplate\":\"https:\/\/uusyrityskeskus.fi\/sv\/?s={search_term_string}\"},\"query-input\":{\"@type\":\"PropertyValueSpecification\",\"valueRequired\":true,\"valueName\":\"search_term_string\"}}],\"inLanguage\":\"sv-SE\"}]}<\/script>\n<!-- \/ Yoast SEO plugin. -->","yoast_head_json":{"title":"Intressebevakning och m\u00e5l - Yritt\u00e4jyyden puolesta | Uusyrityskeskus","description":"Uusyrityskeskus edist\u00e4\u00e4 yritt\u00e4jyyden toimintaedellytyksi\u00e4 ja vaikuttaa p\u00e4\u00e4t\u00f6ksentekoon. Tutustu edunvalvontaty\u00f6h\u00f6mme ja tavoitteisiimme yritt\u00e4jien hyv\u00e4ksi.","robots":{"index":"index","follow":"follow","max-snippet":"max-snippet:-1","max-image-preview":"max-image-preview:large","max-video-preview":"max-video-preview:-1"},"canonical":"https:\/\/uusyrityskeskus.fi\/sv\/information-och-resultat\/intressebevakning-och-mal\/","og_locale":"sv_SE","og_type":"article","og_title":"Intressebevakning och m\u00e5l - Yritt\u00e4jyyden puolesta | Uusyrityskeskus","og_description":"Uusyrityskeskus edist\u00e4\u00e4 yritt\u00e4jyyden toimintaedellytyksi\u00e4 ja vaikuttaa p\u00e4\u00e4t\u00f6ksentekoon. Tutustu edunvalvontaty\u00f6h\u00f6mme ja tavoitteisiimme yritt\u00e4jien hyv\u00e4ksi.","og_url":"https:\/\/uusyrityskeskus.fi\/sv\/information-och-resultat\/intressebevakning-och-mal\/","og_site_name":"Uusyrityskeskus","article_modified_time":"2025-10-22T09:00:42+00:00","og_image":[{"width":2048,"height":1152,"url":"https:\/\/uusyrityskeskus.fi\/wp-content\/uploads\/2020\/12\/uusyrityskeskus-turkoosi.jpg","type":"image\/jpeg"}],"twitter_card":"summary_large_image","twitter_misc":{"Ber\u00e4knad l\u00e4stid":"2 minuter"},"schema":{"@context":"https:\/\/schema.org","@graph":[{"@type":"WebPage","@id":"https:\/\/uusyrityskeskus.fi\/sv\/information-och-resultat\/intressebevakning-och-mal\/","url":"https:\/\/uusyrityskeskus.fi\/sv\/information-och-resultat\/intressebevakning-och-mal\/","name":"Intressebevakning och m\u00e5l - Yritt\u00e4jyyden puolesta | Uusyrityskeskus","isPartOf":{"@id":"https:\/\/uusyrityskeskus.fi\/sv\/#website"},"datePublished":"2025-09-10T10:09:17+00:00","dateModified":"2025-10-22T09:00:42+00:00","description":"Uusyrityskeskus edist\u00e4\u00e4 yritt\u00e4jyyden toimintaedellytyksi\u00e4 ja vaikuttaa p\u00e4\u00e4t\u00f6ksentekoon. Tutustu edunvalvontaty\u00f6h\u00f6mme ja tavoitteisiimme yritt\u00e4jien hyv\u00e4ksi.","breadcrumb":{"@id":"https:\/\/uusyrityskeskus.fi\/sv\/information-och-resultat\/intressebevakning-och-mal\/#breadcrumb"},"inLanguage":"sv-SE","potentialAction":[{"@type":"ReadAction","target":["https:\/\/uusyrityskeskus.fi\/sv\/information-och-resultat\/intressebevakning-och-mal\/"]}]},{"@type":"BreadcrumbList","@id":"https:\/\/uusyrityskeskus.fi\/sv\/information-och-resultat\/intressebevakning-och-mal\/#breadcrumb","itemListElement":[{"@type":"ListItem","position":1,"name":"Etusivu","item":"https:\/\/uusyrityskeskus.fi\/sv\/"},{"@type":"ListItem","position":2,"name":"Information och resultat","item":"https:\/\/uusyrityskeskus.fi\/sv\/information-och-resultat\/"},{"@type":"ListItem","position":3,"name":"Intressebevakning och m\u00e5l"}]},{"@type":"WebSite","@id":"https:\/\/uusyrityskeskus.fi\/sv\/#website","url":"https:\/\/uusyrityskeskus.fi\/sv\/","name":"Uusyrityskeskus","description":"Yritt\u00e4jyyden unelmista onnistumisia.","potentialAction":[{"@type":"SearchAction","target":{"@type":"EntryPoint","urlTemplate":"https:\/\/uusyrityskeskus.fi\/sv\/?s={search_term_string}"},"query-input":{"@type":"PropertyValueSpecification","valueRequired":true,"valueName":"search_term_string"}}],"inLanguage":"sv-SE"}]}},"_links":{"self":[{"href":"https:\/\/uusyrityskeskus.fi\/sv\/wp-json\/wp\/v2\/pages\/16100","targetHints":{"allow":["GET"]}}],"collection":[{"href":"https:\/\/uusyrityskeskus.fi\/sv\/wp-json\/wp\/v2\/pages"}],"about":[{"href":"https:\/\/uusyrityskeskus.fi\/sv\/wp-json\/wp\/v2\/types\/page"}],"author":[{"embeddable":true,"href":"https:\/\/uusyrityskeskus.fi\/sv\/wp-json\/wp\/v2\/users\/1"}],"replies":[{"embeddable":true,"href":"https:\/\/uusyrityskeskus.fi\/sv\/wp-json\/wp\/v2\/comments?post=16100"}],"version-history":[{"count":1,"href":"https:\/\/uusyrityskeskus.fi\/sv\/wp-json\/wp\/v2\/pages\/16100\/revisions"}],"predecessor-version":[{"id":16102,"href":"https:\/\/uusyrityskeskus.fi\/sv\/wp-json\/wp\/v2\/pages\/16100\/revisions\/16102"}],"up":[{"embeddable":true,"href":"https:\/\/uusyrityskeskus.fi\/sv\/wp-json\/wp\/v2\/pages\/16095"}],"wp:attachment":[{"href":"https:\/\/uusyrityskeskus.fi\/sv\/wp-json\/wp\/v2\/media?parent=16100"}],"curies":[{"name":"wp","href":"https:\/\/api.w.org\/{rel}","templated":true}]}}