{"id":16095,"date":"2025-10-02T15:24:59","date_gmt":"2025-10-02T12:24:59","guid":{"rendered":"https:\/\/uusyrityskeskus.fi\/tietoja-ja-tuloksia\/"},"modified":"2025-10-22T12:21:42","modified_gmt":"2025-10-22T09:21:42","slug":"information-och-resultat","status":"publish","type":"page","link":"https:\/\/uusyrityskeskus.fi\/sv\/information-och-resultat\/","title":{"rendered":"Information och resultat"},"content":{"rendered":"\n<div class=\"wp-block-tovaristrap-ts-container ts-container header--section\">\n<div class=\"ts-div header--row\">\n<h1 class=\"wp-block-heading\">Information och resultat<\/h1>\n<\/div>\n<\/div>\n\n\n\n<div class=\"wp-block-tovaristrap-ts-container ts-container base--section pt-0 pb-0 border-bottom\">\n<div class=\"ts-div content--row\"><div class=\"yoast-breadcrumbs\"><span><span><a href=\"https:\/\/uusyrityskeskus.fi\/sv\/\">Etusivu<\/a><\/span> \u00bb <span class=\"breadcrumb_last\" aria-current=\"page\">Information och resultat<\/span><\/span><\/div><\/div>\n<\/div>\n\n\n\n<div class=\"wp-block-tovaristrap-ts-container ts-container base--section pb--0\">\n<div class=\"ts-div content--row \">\n<div class=\"wp-block-columns is-layout-flex wp-container-core-columns-is-layout-9d6595d7 wp-block-columns-is-layout-flex\">\n<div class=\"wp-block-column is-layout-flow wp-block-column-is-layout-flow\">\n<p class=\"has-text-align-left\">I Finland finns det tusentals m\u00e4nniskor som \u00e4r intresserade av entrepren\u00f6rskap varje \u00e5r, men f\u00e5 ger sig in p\u00e5 v\u00e4gen ensamma. Nyf\u00f6retagarbyr\u00e5erna erbjuder en l\u00e5gtr\u00f6skeltj\u00e4nst d\u00e4r utveckling av en aff\u00e4rsid\u00e9, utv\u00e4rdering av en aff\u00e4rsplan och l\u00f6sning av praktiska fr\u00e5gor relaterade till entrepren\u00f6rskap g\u00f6rs tillsammans med erfarna yrkesverksamma. \u00c5rligen f\u00e5r \u00f6ver 15 000 personer st\u00f6d genom Nyf\u00f6retagarbyr\u00e5erna, och ungef\u00e4r h\u00e4lften av dem startar ett f\u00f6retag.<\/p>\n\n\n\n<p>V\u00e4rdet av konsultation framg\u00e5r framf\u00f6r allt av resultaten. Medan endast ungef\u00e4r h\u00e4lften av alla nya f\u00f6retag i Finland forts\u00e4tter sin verksamhet efter fem \u00e5r, \u00e4r s\u00e5 m\u00e5nga som 80 procent av de f\u00f6retag som etablerats via f\u00f6retagscentralerna fortfarande livskraftiga. Detta visar att h\u00f6gkvalitativ, kostnadsfri coachning st\u00e4rker f\u00f6retagens h\u00e5llbarhet och hj\u00e4lper till att undvika fallgroparna i de tidiga skedena.<\/p>\n\n\n\n<p class=\"has-text-align-left\">Effekterna str\u00e4cker sig bortom den enskilda entrepren\u00f6ren. Varje f\u00f6retag som etableras med st\u00f6d av en f\u00f6retagsmyndighet syssels\u00e4tter i genomsnitt 1,3 \u00e5rsverken redan under sitt f\u00f6rsta verksamhets\u00e5r. Efter fem \u00e5r v\u00e4xer siffran till 2,6 \u00e5rsverken. Det inneb\u00e4r att upp till 10 000 nya jobb skapas genom f\u00f6retagsmyndigheternas n\u00e4tverk varje \u00e5r. Detta \u00e4r ett betydande bidrag till landets totala syssels\u00e4ttning och ekonomiska v\u00e4lbefinnande.<\/p>\n<\/div>\n<\/div>\n<\/div>\n<\/div>\n\n\n\n<div class=\"wp-block-tovaristrap-ts-container ts-container base--section\">\n<div class=\"wp-block-columns content--row pb--0 pt--0 is-layout-flex wp-container-core-columns-is-layout-9d6595d7 wp-block-columns-is-layout-flex\">\n<div class=\"wp-block-column is-layout-flow wp-block-column-is-layout-flow\"><div class=\"wp-block-image image--max--200\">\n<figure class=\"aligncenter size-full\"><img decoding=\"async\" width=\"1024\" height=\"1024\" data-src=\"https:\/\/uusyrityskeskus.fi\/wp-content\/uploads\/2025\/10\/timantti_nelio.png\" alt=\"\" class=\"wp-image-14966 lazyload\" data-srcset=\"https:\/\/uusyrityskeskus.fi\/wp-content\/uploads\/2025\/10\/timantti_nelio.png 1024w, https:\/\/uusyrityskeskus.fi\/wp-content\/uploads\/2025\/10\/timantti_nelio-300x300.png 300w, https:\/\/uusyrityskeskus.fi\/wp-content\/uploads\/2025\/10\/timantti_nelio-150x150.png 150w, https:\/\/uusyrityskeskus.fi\/wp-content\/uploads\/2025\/10\/timantti_nelio-768x768.png 768w, https:\/\/uusyrityskeskus.fi\/wp-content\/uploads\/2025\/10\/timantti_nelio-600x600.png 600w\" data-sizes=\"(max-width: 1024px) 100vw, 1024px\" src=\"data:image\/svg+xml;base64,PHN2ZyB3aWR0aD0iMSIgaGVpZ2h0PSIxIiB4bWxucz0iaHR0cDovL3d3dy53My5vcmcvMjAwMC9zdmciPjwvc3ZnPg==\" style=\"--smush-placeholder-width: 1024px; --smush-placeholder-aspect-ratio: 1024\/1024;\" \/><\/figure>\n<\/div>\n\n\n<h3 class=\"wp-block-heading has-text-align-center text-sm-center\">Stark p\u00e5verkan<\/h3>\n\n\n\n<p class=\"has-text-align-center text-sm-center\">Ungef\u00e4r 80 % av de f\u00f6retag som har anv\u00e4nt Uusyrityskeskus tj\u00e4nster \u00e4r fortfarande verksamma efter fem \u00e5r. F\u00f6r alla f\u00f6retag \u00e4r motsvarande siffra 50 %.<\/p>\n\n\n\n<p class=\"has-text-align-center text-sm-center\"><a href=\"https:\/\/uusyrityskeskus.fi\/sv\/information-och-resultat\/effekter\/\">L\u00e4s mer <\/a><a href=\"https:\/\/uusyrityskeskus.fi\/mina-yrittajana\/starttiraha\/\">\u2192<\/a><\/p>\n<\/div>\n\n\n\n<div class=\"wp-block-column is-layout-flow wp-block-column-is-layout-flow\"><div class=\"wp-block-image image--max--200\">\n<figure class=\"aligncenter size-full\"><img decoding=\"async\" width=\"1024\" height=\"1024\" data-src=\"https:\/\/uusyrityskeskus.fi\/wp-content\/uploads\/2025\/10\/puhelin_nelio.png\" alt=\"\" class=\"wp-image-14967 lazyload\" data-srcset=\"https:\/\/uusyrityskeskus.fi\/wp-content\/uploads\/2025\/10\/puhelin_nelio.png 1024w, https:\/\/uusyrityskeskus.fi\/wp-content\/uploads\/2025\/10\/puhelin_nelio-300x300.png 300w, https:\/\/uusyrityskeskus.fi\/wp-content\/uploads\/2025\/10\/puhelin_nelio-150x150.png 150w, https:\/\/uusyrityskeskus.fi\/wp-content\/uploads\/2025\/10\/puhelin_nelio-768x768.png 768w, https:\/\/uusyrityskeskus.fi\/wp-content\/uploads\/2025\/10\/puhelin_nelio-600x600.png 600w\" data-sizes=\"(max-width: 1024px) 100vw, 1024px\" src=\"data:image\/svg+xml;base64,PHN2ZyB3aWR0aD0iMSIgaGVpZ2h0PSIxIiB4bWxucz0iaHR0cDovL3d3dy53My5vcmcvMjAwMC9zdmciPjwvc3ZnPg==\" style=\"--smush-placeholder-width: 1024px; --smush-placeholder-aspect-ratio: 1024\/1024;\" \/><\/figure>\n<\/div>\n\n\n<h3 class=\"wp-block-heading has-text-align-center text-sm-center\">Kontakta oss<\/h3>\n\n\n\n<p class=\"has-text-align-center text-sm-center\">Vill du h\u00f6ra mer om Enterprise Agencys tj\u00e4nster eller v\u00e5rt n\u00e4tverk? Beh\u00f6ver du information om att starta f\u00f6retag? \u00c4r du en medierepresentant som letar efter en entrepren\u00f6r att intervjua?<\/p>\n\n\n\n<p class=\"has-text-align-center text-sm-center\"><a href=\"https:\/\/uusyrityskeskus.fi\/sv\/information-och-resultat\/kontaktinformation\/\">L\u00e4s mer <\/a><a href=\"https:\/\/uusyrityskeskus.fi\/mina-yrittajana\/starttiraha\/\">\u2192<\/a><\/p>\n<\/div>\n\n\n\n<div class=\"wp-block-column is-layout-flow wp-block-column-is-layout-flow\"><div class=\"wp-block-image image--max--200\">\n<figure class=\"aligncenter size-full\"><img decoding=\"async\" width=\"1024\" height=\"1024\" data-src=\"https:\/\/uusyrityskeskus.fi\/wp-content\/uploads\/2025\/10\/kasvi_nelio.png\" alt=\"\" class=\"wp-image-14968 lazyload\" data-srcset=\"https:\/\/uusyrityskeskus.fi\/wp-content\/uploads\/2025\/10\/kasvi_nelio.png 1024w, https:\/\/uusyrityskeskus.fi\/wp-content\/uploads\/2025\/10\/kasvi_nelio-300x300.png 300w, https:\/\/uusyrityskeskus.fi\/wp-content\/uploads\/2025\/10\/kasvi_nelio-150x150.png 150w, https:\/\/uusyrityskeskus.fi\/wp-content\/uploads\/2025\/10\/kasvi_nelio-768x768.png 768w, https:\/\/uusyrityskeskus.fi\/wp-content\/uploads\/2025\/10\/kasvi_nelio-600x600.png 600w\" data-sizes=\"(max-width: 1024px) 100vw, 1024px\" src=\"data:image\/svg+xml;base64,PHN2ZyB3aWR0aD0iMSIgaGVpZ2h0PSIxIiB4bWxucz0iaHR0cDovL3d3dy53My5vcmcvMjAwMC9zdmciPjwvc3ZnPg==\" style=\"--smush-placeholder-width: 1024px; --smush-placeholder-aspect-ratio: 1024\/1024;\" \/><\/figure>\n<\/div>\n\n\n<h3 class=\"wp-block-heading has-text-align-center text-sm-center\">Tillsammans lyckas vi<\/h3>\n\n\n\n<p class=\"has-text-align-center text-sm-center\">V\u00e5rt n\u00e4tverk omfattar 44 f\u00f6retagsbyr\u00e5er samt ett stort antal f\u00f6retag, organisationer och samh\u00e4llen som f\u00f6renas av en \u00f6nskan att fr\u00e4mja skapandet av h\u00e5llbart entrepren\u00f6rskap i Finland.<\/p>\n\n\n\n<p class=\"has-text-align-center text-sm-center \"><\/p>\n<\/div>\n<\/div>\n<\/div>\n","protected":false},"excerpt":{"rendered":"","protected":false},"author":1,"featured_media":0,"parent":0,"menu_order":0,"comment_status":"closed","ping_status":"closed","template":"","meta":{"iawp_total_views":2,"footnotes":""},"class_list":["post-16095","page","type-page","status-publish","hentry"],"yoast_head":"<!-- This site is optimized with the Yoast SEO plugin v26.8 - https:\/\/yoast.com\/product\/yoast-seo-wordpress\/ -->\n<title>Tulokset ja vaikuttavuus - 80% yrityksist\u00e4 toimii 5 vuoden j\u00e4lkeen<\/title>\n<meta name=\"description\" content=\"Tutkimukset ja tulokset yritysneuvonnasta: 80% neuvotuista yrityksist\u00e4 elossa 5 vuoden j\u00e4lkeen. Katso vaikuttavuustutkimukset, tilastot ja ajankohtaiset uutiset.\" \/>\n<meta name=\"robots\" content=\"index, follow, max-snippet:-1, max-image-preview:large, max-video-preview:-1\" \/>\n<link rel=\"canonical\" href=\"https:\/\/uusyrityskeskus.fi\/sv\/information-och-resultat\/\" \/>\n<meta property=\"og:locale\" content=\"sv_SE\" \/>\n<meta property=\"og:type\" content=\"article\" \/>\n<meta property=\"og:title\" content=\"Tulokset ja vaikuttavuus - 80% yrityksist\u00e4 toimii 5 vuoden j\u00e4lkeen\" \/>\n<meta property=\"og:description\" content=\"Tutkimukset ja tulokset yritysneuvonnasta: 80% neuvotuista yrityksist\u00e4 elossa 5 vuoden j\u00e4lkeen. Katso vaikuttavuustutkimukset, tilastot ja ajankohtaiset uutiset.\" \/>\n<meta property=\"og:url\" content=\"https:\/\/uusyrityskeskus.fi\/sv\/information-och-resultat\/\" \/>\n<meta property=\"og:site_name\" content=\"Uusyrityskeskus\" \/>\n<meta property=\"article:modified_time\" content=\"2025-10-22T09:21:42+00:00\" \/>\n<meta property=\"og:image\" content=\"https:\/\/uusyrityskeskus.fi\/wp-content\/uploads\/2025\/10\/timantti_nelio.png\" \/>\n\t<meta property=\"og:image:width\" content=\"1024\" \/>\n\t<meta property=\"og:image:height\" content=\"1024\" \/>\n\t<meta property=\"og:image:type\" content=\"image\/png\" \/>\n<meta name=\"twitter:card\" content=\"summary_large_image\" \/>\n<meta name=\"twitter:label1\" content=\"Ber\u00e4knad l\u00e4stid\" \/>\n\t<meta name=\"twitter:data1\" content=\"3 minuter\" \/>\n<script type=\"application\/ld+json\" class=\"yoast-schema-graph\">{\"@context\":\"https:\/\/schema.org\",\"@graph\":[{\"@type\":\"WebPage\",\"@id\":\"https:\/\/uusyrityskeskus.fi\/sv\/information-och-resultat\/\",\"url\":\"https:\/\/uusyrityskeskus.fi\/sv\/information-och-resultat\/\",\"name\":\"Tulokset ja vaikuttavuus - 80% yrityksist\u00e4 toimii 5 vuoden j\u00e4lkeen\",\"isPartOf\":{\"@id\":\"https:\/\/uusyrityskeskus.fi\/sv\/#website\"},\"primaryImageOfPage\":{\"@id\":\"https:\/\/uusyrityskeskus.fi\/sv\/information-och-resultat\/#primaryimage\"},\"image\":{\"@id\":\"https:\/\/uusyrityskeskus.fi\/sv\/information-och-resultat\/#primaryimage\"},\"thumbnailUrl\":\"https:\/\/uusyrityskeskus.fi\/wp-content\/uploads\/2025\/10\/timantti_nelio.png\",\"datePublished\":\"2025-10-02T12:24:59+00:00\",\"dateModified\":\"2025-10-22T09:21:42+00:00\",\"description\":\"Tutkimukset ja tulokset yritysneuvonnasta: 80% neuvotuista yrityksist\u00e4 elossa 5 vuoden j\u00e4lkeen. Katso vaikuttavuustutkimukset, tilastot ja ajankohtaiset uutiset.\",\"breadcrumb\":{\"@id\":\"https:\/\/uusyrityskeskus.fi\/sv\/information-och-resultat\/#breadcrumb\"},\"inLanguage\":\"sv-SE\",\"potentialAction\":[{\"@type\":\"ReadAction\",\"target\":[\"https:\/\/uusyrityskeskus.fi\/sv\/information-och-resultat\/\"]}]},{\"@type\":\"ImageObject\",\"inLanguage\":\"sv-SE\",\"@id\":\"https:\/\/uusyrityskeskus.fi\/sv\/information-och-resultat\/#primaryimage\",\"url\":\"https:\/\/uusyrityskeskus.fi\/wp-content\/uploads\/2025\/10\/timantti_nelio.png\",\"contentUrl\":\"https:\/\/uusyrityskeskus.fi\/wp-content\/uploads\/2025\/10\/timantti_nelio.png\"},{\"@type\":\"BreadcrumbList\",\"@id\":\"https:\/\/uusyrityskeskus.fi\/sv\/information-och-resultat\/#breadcrumb\",\"itemListElement\":[{\"@type\":\"ListItem\",\"position\":1,\"name\":\"Etusivu\",\"item\":\"https:\/\/uusyrityskeskus.fi\/sv\/\"},{\"@type\":\"ListItem\",\"position\":2,\"name\":\"Information och resultat\"}]},{\"@type\":\"WebSite\",\"@id\":\"https:\/\/uusyrityskeskus.fi\/sv\/#website\",\"url\":\"https:\/\/uusyrityskeskus.fi\/sv\/\",\"name\":\"Uusyrityskeskus\",\"description\":\"Yritt\u00e4jyyden unelmista onnistumisia.\",\"potentialAction\":[{\"@type\":\"SearchAction\",\"target\":{\"@type\":\"EntryPoint\",\"urlTemplate\":\"https:\/\/uusyrityskeskus.fi\/sv\/?s={search_term_string}\"},\"query-input\":{\"@type\":\"PropertyValueSpecification\",\"valueRequired\":true,\"valueName\":\"search_term_string\"}}],\"inLanguage\":\"sv-SE\"}]}<\/script>\n<!-- \/ Yoast SEO plugin. -->","yoast_head_json":{"title":"Tulokset ja vaikuttavuus - 80% yrityksist\u00e4 toimii 5 vuoden j\u00e4lkeen","description":"Tutkimukset ja tulokset yritysneuvonnasta: 80% neuvotuista yrityksist\u00e4 elossa 5 vuoden j\u00e4lkeen. Katso vaikuttavuustutkimukset, tilastot ja ajankohtaiset uutiset.","robots":{"index":"index","follow":"follow","max-snippet":"max-snippet:-1","max-image-preview":"max-image-preview:large","max-video-preview":"max-video-preview:-1"},"canonical":"https:\/\/uusyrityskeskus.fi\/sv\/information-och-resultat\/","og_locale":"sv_SE","og_type":"article","og_title":"Tulokset ja vaikuttavuus - 80% yrityksist\u00e4 toimii 5 vuoden j\u00e4lkeen","og_description":"Tutkimukset ja tulokset yritysneuvonnasta: 80% neuvotuista yrityksist\u00e4 elossa 5 vuoden j\u00e4lkeen. Katso vaikuttavuustutkimukset, tilastot ja ajankohtaiset uutiset.","og_url":"https:\/\/uusyrityskeskus.fi\/sv\/information-och-resultat\/","og_site_name":"Uusyrityskeskus","article_modified_time":"2025-10-22T09:21:42+00:00","og_image":[{"width":1024,"height":1024,"url":"https:\/\/uusyrityskeskus.fi\/wp-content\/uploads\/2025\/10\/timantti_nelio.png","type":"image\/png"}],"twitter_card":"summary_large_image","twitter_misc":{"Ber\u00e4knad l\u00e4stid":"3 minuter"},"schema":{"@context":"https:\/\/schema.org","@graph":[{"@type":"WebPage","@id":"https:\/\/uusyrityskeskus.fi\/sv\/information-och-resultat\/","url":"https:\/\/uusyrityskeskus.fi\/sv\/information-och-resultat\/","name":"Tulokset ja vaikuttavuus - 80% yrityksist\u00e4 toimii 5 vuoden j\u00e4lkeen","isPartOf":{"@id":"https:\/\/uusyrityskeskus.fi\/sv\/#website"},"primaryImageOfPage":{"@id":"https:\/\/uusyrityskeskus.fi\/sv\/information-och-resultat\/#primaryimage"},"image":{"@id":"https:\/\/uusyrityskeskus.fi\/sv\/information-och-resultat\/#primaryimage"},"thumbnailUrl":"https:\/\/uusyrityskeskus.fi\/wp-content\/uploads\/2025\/10\/timantti_nelio.png","datePublished":"2025-10-02T12:24:59+00:00","dateModified":"2025-10-22T09:21:42+00:00","description":"Tutkimukset ja tulokset yritysneuvonnasta: 80% neuvotuista yrityksist\u00e4 elossa 5 vuoden j\u00e4lkeen. Katso vaikuttavuustutkimukset, tilastot ja ajankohtaiset uutiset.","breadcrumb":{"@id":"https:\/\/uusyrityskeskus.fi\/sv\/information-och-resultat\/#breadcrumb"},"inLanguage":"sv-SE","potentialAction":[{"@type":"ReadAction","target":["https:\/\/uusyrityskeskus.fi\/sv\/information-och-resultat\/"]}]},{"@type":"ImageObject","inLanguage":"sv-SE","@id":"https:\/\/uusyrityskeskus.fi\/sv\/information-och-resultat\/#primaryimage","url":"https:\/\/uusyrityskeskus.fi\/wp-content\/uploads\/2025\/10\/timantti_nelio.png","contentUrl":"https:\/\/uusyrityskeskus.fi\/wp-content\/uploads\/2025\/10\/timantti_nelio.png"},{"@type":"BreadcrumbList","@id":"https:\/\/uusyrityskeskus.fi\/sv\/information-och-resultat\/#breadcrumb","itemListElement":[{"@type":"ListItem","position":1,"name":"Etusivu","item":"https:\/\/uusyrityskeskus.fi\/sv\/"},{"@type":"ListItem","position":2,"name":"Information och resultat"}]},{"@type":"WebSite","@id":"https:\/\/uusyrityskeskus.fi\/sv\/#website","url":"https:\/\/uusyrityskeskus.fi\/sv\/","name":"Uusyrityskeskus","description":"Yritt\u00e4jyyden unelmista onnistumisia.","potentialAction":[{"@type":"SearchAction","target":{"@type":"EntryPoint","urlTemplate":"https:\/\/uusyrityskeskus.fi\/sv\/?s={search_term_string}"},"query-input":{"@type":"PropertyValueSpecification","valueRequired":true,"valueName":"search_term_string"}}],"inLanguage":"sv-SE"}]}},"_links":{"self":[{"href":"https:\/\/uusyrityskeskus.fi\/sv\/wp-json\/wp\/v2\/pages\/16095","targetHints":{"allow":["GET"]}}],"collection":[{"href":"https:\/\/uusyrityskeskus.fi\/sv\/wp-json\/wp\/v2\/pages"}],"about":[{"href":"https:\/\/uusyrityskeskus.fi\/sv\/wp-json\/wp\/v2\/types\/page"}],"author":[{"embeddable":true,"href":"https:\/\/uusyrityskeskus.fi\/sv\/wp-json\/wp\/v2\/users\/1"}],"replies":[{"embeddable":true,"href":"https:\/\/uusyrityskeskus.fi\/sv\/wp-json\/wp\/v2\/comments?post=16095"}],"version-history":[{"count":5,"href":"https:\/\/uusyrityskeskus.fi\/sv\/wp-json\/wp\/v2\/pages\/16095\/revisions"}],"predecessor-version":[{"id":16141,"href":"https:\/\/uusyrityskeskus.fi\/sv\/wp-json\/wp\/v2\/pages\/16095\/revisions\/16141"}],"wp:attachment":[{"href":"https:\/\/uusyrityskeskus.fi\/sv\/wp-json\/wp\/v2\/media?parent=16095"}],"curies":[{"name":"wp","href":"https:\/\/api.w.org\/{rel}","templated":true}]}}