{"id":15980,"date":"2025-09-02T11:40:09","date_gmt":"2025-09-02T08:40:09","guid":{"rendered":"https:\/\/uusyrityskeskus.fi\/digital-startguide\/kontinuerlig-utveckling-av-foretaget\/hyodynna-verkostot\/"},"modified":"2025-11-06T12:47:03","modified_gmt":"2025-11-06T10:47:03","slug":"utnyttja-natverk","status":"publish","type":"page","link":"https:\/\/uusyrityskeskus.fi\/sv\/digital-startguide\/kontinuerlig-utveckling-av-foretaget\/utnyttja-natverk\/","title":{"rendered":"Utnyttja n\u00e4tverk \u2013 g\u00e5 fram\u00e5t tillsammans"},"content":{"rendered":"\n<div class=\"wp-block-tovaristrap-ts-container ts-container header--section\">\n<div class=\"ts-div header--row\">\n<h1 class=\"wp-block-heading\">Utnyttja n\u00e4tverk \u2013 g\u00e5 fram\u00e5t tillsammans<\/h1>\n<\/div>\n<\/div>\n\n\n\n<div class=\"wp-block-tovaristrap-ts-container ts-container base--section pt-0 pb-0 border-bottom\">\n<div class=\"ts-div content--row\"><div class=\"yoast-breadcrumbs\"><span><span><a href=\"https:\/\/uusyrityskeskus.fi\/sv\/\">Etusivu<\/a><\/span> \u00bb <span><a href=\"https:\/\/uusyrityskeskus.fi\/sv\/digital-startguide\/\">Digital startguide<\/a><\/span> \u00bb <span><a href=\"https:\/\/uusyrityskeskus.fi\/sv\/digital-startguide\/kontinuerlig-utveckling-av-foretaget\/\">Kontinuerlig utveckling av f\u00f6retaget<\/a><\/span> \u00bb <span class=\"breadcrumb_last\" aria-current=\"page\">Utnyttja n\u00e4tverk \u2013 g\u00e5 fram\u00e5t tillsammans<\/span><\/span><\/div><\/div>\n<\/div>\n\n\n\n<div class=\"wp-block-columns content--section with--default--padding is-layout-flex wp-container-core-columns-is-layout-9d6595d7 wp-block-columns-is-layout-flex\">\n<div class=\"wp-block-column content--div is-layout-flow wp-block-column-is-layout-flow\">\n<div class=\"wp-block-columns content--row is-layout-flex wp-container-core-columns-is-layout-9d6595d7 wp-block-columns-is-layout-flex\">\n<div class=\"wp-block-column custom--col--default sub--page--left--col is-layout-flow wp-block-column-is-layout-flow\" style=\"flex-basis:72%\">\n<p><em>Bra n\u00e4tverk erbjuder information, st\u00f6d och nya m\u00f6jligheter. Ingen klarar sig ensam heller som f\u00f6retagare.<\/em><\/p>\n\n\n\n<p>F\u00f6retagande beh\u00f6ver inte inneb\u00e4ra att man arbetar ensam. Runt omkring dig finns m\u00e5nga n\u00e4tverk och samarbetsm\u00f6jligheter som kan hj\u00e4lpa dig att utveckla din aff\u00e4rsverksamhet, hitta kunder, samarbetspartner eller till exempel en k\u00f6pare till ditt f\u00f6retag.<\/p>\n\n\n\n<p>Delaktighet i n\u00e4tverk ger dig synlighet, kamratst\u00f6d och praktiska tips. Du kan delta i lokala f\u00f6retagarf\u00f6reningar, branschspecifika gemenskaper, utbildningar eller regionala utvecklingsprojekt.<\/p>\n\n\n\n<p>Ocks\u00e5 l\u00e4roanstalter, kommunernas livskraftsenheter eller utvecklingsbolag och deras f\u00f6retagsr\u00e5dgivare kan vara viktiga samarbetspartner \u2013 de kan h\u00e4nvisa dig till r\u00e4tt information och kontakter.<\/p>\n\n\n\n<div class=\"wp-block-group sub--page--group info--box\"><div class=\"wp-block-group__inner-container is-layout-constrained wp-block-group-is-layout-constrained\">\n<h4 class=\"wp-block-heading\"><em>Kontakter \u00e4r dagens cybervaluta.<\/em><\/h4>\n\n\n\n<p>Det l\u00f6nar sig att bilda n\u00e4tverk s\u00e4rskilt n\u00e4r du vill utveckla din aff\u00e4rsverksamhet eller fundera p\u00e5 hur f\u00f6retagsverksamheten ska forts\u00e4tta. Ingen \u00e4r framg\u00e5ngsrik ensam.<\/p>\n<\/div><\/div>\n\n\n\n<div class=\"wp-block-columns content--section is-layout-flex wp-container-core-columns-is-layout-9d6595d7 wp-block-columns-is-layout-flex\">\n<div class=\"wp-block-column content--div is-layout-flow wp-block-column-is-layout-flow\">\n<div class=\"wp-block-columns content--row ad--row is-layout-flex wp-container-core-columns-is-layout-9d6595d7 wp-block-columns-is-layout-flex\">\n<div class=\"wp-block-column is-layout-flow wp-block-column-is-layout-flow\" style=\"flex-basis:33.33%\">\n<figure class=\"wp-block-image size-full ad--image--main\"><img decoding=\"async\" width=\"2500\" height=\"1700\" data-src=\"https:\/\/uusyrityskeskus.fi\/wp-content\/uploads\/2025\/09\/Yrittajakassa-Kuvituskuva-Uusyrityskeskus.jpg\" alt=\"\" class=\"wp-image-14172 lazyload\" data-srcset=\"https:\/\/uusyrityskeskus.fi\/wp-content\/uploads\/2025\/09\/Yrittajakassa-Kuvituskuva-Uusyrityskeskus.jpg 2500w, https:\/\/uusyrityskeskus.fi\/wp-content\/uploads\/2025\/09\/Yrittajakassa-Kuvituskuva-Uusyrityskeskus-300x204.jpg 300w, https:\/\/uusyrityskeskus.fi\/wp-content\/uploads\/2025\/09\/Yrittajakassa-Kuvituskuva-Uusyrityskeskus-1024x696.jpg 1024w, https:\/\/uusyrityskeskus.fi\/wp-content\/uploads\/2025\/09\/Yrittajakassa-Kuvituskuva-Uusyrityskeskus-768x522.jpg 768w, https:\/\/uusyrityskeskus.fi\/wp-content\/uploads\/2025\/09\/Yrittajakassa-Kuvituskuva-Uusyrityskeskus-1536x1044.jpg 1536w, https:\/\/uusyrityskeskus.fi\/wp-content\/uploads\/2025\/09\/Yrittajakassa-Kuvituskuva-Uusyrityskeskus-2048x1393.jpg 2048w\" data-sizes=\"(max-width: 2500px) 100vw, 2500px\" src=\"data:image\/svg+xml;base64,PHN2ZyB3aWR0aD0iMSIgaGVpZ2h0PSIxIiB4bWxucz0iaHR0cDovL3d3dy53My5vcmcvMjAwMC9zdmciPjwvc3ZnPg==\" style=\"--smush-placeholder-width: 2500px; --smush-placeholder-aspect-ratio: 2500\/1700;\" \/><\/figure>\n\n\n\n<p class=\"web--link\"><a href=\"https:\/\/uusyrityskeskus.fi\/sv\/\">www.uusyrityskeskus.fi<\/a><\/p>\n<\/div>\n\n\n\n<div class=\"wp-block-column is-layout-flow wp-block-column-is-layout-flow\" style=\"flex-basis:66.66%\">\n<figure class=\"wp-block-image size-full ad--logo--image\"><img decoding=\"async\" data-src=\"https:\/\/uusyrityskeskus.fi\/wp-content\/uploads\/2025\/09\/uusyrityskeskus_logo.svg\" alt=\"\" class=\"wp-image-14290 lazyload\" src=\"data:image\/svg+xml;base64,PHN2ZyB3aWR0aD0iMSIgaGVpZ2h0PSIxIiB4bWxucz0iaHR0cDovL3d3dy53My5vcmcvMjAwMC9zdmciPjwvc3ZnPg==\" \/><\/figure>\n\n\n\n<h2 class=\"wp-block-heading\">Helppo tapa tukea yritt\u00e4jyytt\u00e4.<\/h2>\n\n\n\n<p>Tarjoamme mainostilaa digitaalisessa ja fyysisess\u00e4 perustamisoppaassa monipuolisesti. Mainos- ja media -asioissa ole yhteydess\u00e4 vastuuhenkil\u00f6\u00f6mme: <a href=\"mailto:nita.vallimaki@uusyrityskeskus.fi\">nita.vallimaki@uusyrityskeskus.fi<\/a>.<\/p>\n\n\n\n<div class=\"wp-block-buttons is-layout-flex wp-block-buttons-is-layout-flex\">\n<div class=\"wp-block-button\"><a class=\"wp-block-button__link wp-element-button\" href=\"\/wp-content\/uploads\/2025\/10\/Mediakortti-2026-Nettisivut.pdf\" target=\"_blank\" rel=\"noreferrer noopener\">Katso mediakortti \u2192<\/a><\/div>\n<\/div>\n<\/div>\n<\/div>\n<\/div>\n<\/div>\n\n\n\n<div class=\"wp-block-columns content--row page--turn--buttons is-layout-flex wp-container-core-columns-is-layout-9d6595d7 wp-block-columns-is-layout-flex\">\n<div class=\"wp-block-column is-layout-flow wp-block-column-is-layout-flow\">\n<div class=\"wp-block-buttons is-layout-flex wp-block-buttons-is-layout-flex\">\n<div class=\"wp-block-button\"><a class=\"wp-block-button__link wp-element-button\" href=\"https:\/\/uusyrityskeskus.fi\/sv\/digital-startguide\/kontinuerlig-utveckling-av-foretaget\/planera-foretagsverksamhetens-kontinuitet\/\">\u2190 4.3. Planera f\u00f6retagsverksamhetens kontinuitet<\/a><\/div>\n<\/div>\n<\/div>\n\n\n\n<div class=\"wp-block-column is-layout-flow wp-block-column-is-layout-flow\">\n<div class=\"wp-block-buttons d-none is-content-justification-right is-layout-flex wp-container-core-buttons-is-layout-765c4724 wp-block-buttons-is-layout-flex\">\n<div class=\"wp-block-button\"><a class=\"wp-block-button__link wp-element-button\" href=\"\/yrityksen-kehittaminen\/kasvu-yrityskaupalla\/\"> \u2192<\/a><\/div>\n<\/div>\n<\/div>\n<\/div>\n<\/div>\n\n\n\n<div class=\"wp-block-column custom--col--default is-layout-flow wp-block-column-is-layout-flow\" style=\"flex-basis:28%\">\n<div class=\"wp-block-group standard--group--with--shadow\"><div class=\"wp-block-group__inner-container is-layout-constrained wp-block-group-is-layout-constrained\">\n<h4 class=\"wp-block-heading\">Beh\u00f6ver du hj\u00e4lp?<\/h4>\n\n\n\n<div class=\"wp-block-buttons is-content-justification-center is-layout-flex wp-container-core-buttons-is-layout-16018d1d wp-block-buttons-is-layout-flex\">\n<div class=\"wp-block-button button--main\"><a class=\"wp-block-button__link wp-element-button\" href=\"https:\/\/uusyrityskeskus.fi\/sv\/nyforetagscentrumen\/\">Boka en konsultation<\/a><\/div>\n<\/div>\n\n\n\n<div class=\"wp-block-buttons is-content-justification-center is-layout-flex wp-container-core-buttons-is-layout-16018d1d wp-block-buttons-is-layout-flex\">\n<div class=\"wp-block-button mb--0 button--alt\"><a class=\"wp-block-button__link wp-element-button\" href=\"https:\/\/uusyrityskeskus.fi\/sv\/starta-eget-guiden\/\">Ladda ner PDF-guide<\/a><\/div>\n<\/div>\n<\/div><\/div>\n\n\n\n<div class=\"wp-block-group links--column\"><div class=\"wp-block-group__inner-container is-layout-constrained wp-block-group-is-layout-constrained\">\n<h4 class=\"wp-block-heading\">4. Kontinuerlig utveckling av f\u00f6retaget<\/h4>\n\n\n\n<div class=\"perustamisopas-nav\">\n<ol>\n<li>\n<a href=\"https:\/\/uusyrityskeskus.fi\/sv\/digital-startguide\/kontinuerlig-utveckling-av-foretaget\/sok-stod-for-foretagets-utveckling\/\">S\u00f6k st\u00f6d f\u00f6r f\u00f6retagets utveckling<\/a>\n<\/li>\n\n<li>\n<a href=\"https:\/\/uusyrityskeskus.fi\/sv\/digital-startguide\/kontinuerlig-utveckling-av-foretaget\/tillvaxt-genom-foretagsforvarv\/\">Tillv\u00e4xt genom f\u00f6retagsf\u00f6rv\u00e4rv<\/a><\/li>\n\n<li>\n<a href=\"https:\/\/uusyrityskeskus.fi\/sv\/digital-startguide\/kontinuerlig-utveckling-av-foretaget\/planera-foretagsverksamhetens-kontinuitet\/\">Planera f\u00f6retagsverksamhetens kontinuitet<\/a><\/li>\n\n<li>\n<a href=\"https:\/\/uusyrityskeskus.fi\/sv\/digital-startguide\/kontinuerlig-utveckling-av-foretaget\/utnyttja-natverk\/\" class=\"active\">Utnyttja n\u00e4tverk \u2013 g\u00e5 fram\u00e5t tillsammans<\/a>\n<\/li>\n<\/ol>\n<\/div>\n<\/div><\/div>\n<\/div>\n<\/div>\n<\/div>\n<\/div>\n","protected":false},"excerpt":{"rendered":"Bra n\u00e4tverk erbjuder information, st\u00f6d och nya m\u00f6jligheter. Ingen klarar sig ensam heller som f\u00f6retagare. F\u00f6retagande beh\u00f6ver inte inneb\u00e4ra att man arbetar ensam. Runt omkring dig finns m\u00e5nga n\u00e4tverk och [&hellip;]","protected":false},"author":1,"featured_media":0,"parent":15711,"menu_order":0,"comment_status":"closed","ping_status":"closed","template":"","meta":{"iawp_total_views":2,"footnotes":""},"class_list":["post-15980","page","type-page","status-publish","hentry"],"yoast_head":"<!-- This site is optimized with the Yoast SEO plugin v26.8 - https:\/\/yoast.com\/product\/yoast-seo-wordpress\/ -->\n<title>Utnyttja n\u00e4tverk \u2013 g\u00e5 fram\u00e5t tillsammans - Uusyrityskeskus<\/title>\n<meta name=\"robots\" content=\"index, follow, max-snippet:-1, max-image-preview:large, max-video-preview:-1\" \/>\n<link rel=\"canonical\" href=\"https:\/\/uusyrityskeskus.fi\/sv\/digital-startguide\/kontinuerlig-utveckling-av-foretaget\/utnyttja-natverk\/\" \/>\n<meta property=\"og:locale\" content=\"sv_SE\" \/>\n<meta property=\"og:type\" content=\"article\" \/>\n<meta property=\"og:title\" content=\"Utnyttja n\u00e4tverk \u2013 g\u00e5 fram\u00e5t tillsammans - Uusyrityskeskus\" \/>\n<meta property=\"og:description\" content=\"Bra n\u00e4tverk erbjuder information, st\u00f6d och nya m\u00f6jligheter. Ingen klarar sig ensam heller som f\u00f6retagare. F\u00f6retagande beh\u00f6ver inte inneb\u00e4ra att man arbetar ensam. Runt omkring dig finns m\u00e5nga n\u00e4tverk och [&hellip;]\" \/>\n<meta property=\"og:url\" content=\"https:\/\/uusyrityskeskus.fi\/sv\/digital-startguide\/kontinuerlig-utveckling-av-foretaget\/utnyttja-natverk\/\" \/>\n<meta property=\"og:site_name\" content=\"Uusyrityskeskus\" \/>\n<meta property=\"article:modified_time\" content=\"2025-11-06T10:47:03+00:00\" \/>\n<meta property=\"og:image\" content=\"https:\/\/uusyrityskeskus.fi\/wp-content\/uploads\/2025\/09\/Yrittajakassa-Kuvituskuva-Uusyrityskeskus.jpg\" \/>\n\t<meta property=\"og:image:width\" content=\"2500\" \/>\n\t<meta property=\"og:image:height\" content=\"1700\" \/>\n\t<meta property=\"og:image:type\" content=\"image\/jpeg\" \/>\n<meta name=\"twitter:card\" content=\"summary_large_image\" \/>\n<meta name=\"twitter:label1\" content=\"Ber\u00e4knad l\u00e4stid\" \/>\n\t<meta name=\"twitter:data1\" content=\"2 minuter\" \/>\n<script type=\"application\/ld+json\" class=\"yoast-schema-graph\">{\"@context\":\"https:\/\/schema.org\",\"@graph\":[{\"@type\":\"WebPage\",\"@id\":\"https:\/\/uusyrityskeskus.fi\/sv\/digital-startguide\/kontinuerlig-utveckling-av-foretaget\/utnyttja-natverk\/\",\"url\":\"https:\/\/uusyrityskeskus.fi\/sv\/digital-startguide\/kontinuerlig-utveckling-av-foretaget\/utnyttja-natverk\/\",\"name\":\"Utnyttja n\u00e4tverk \u2013 g\u00e5 fram\u00e5t tillsammans - Uusyrityskeskus\",\"isPartOf\":{\"@id\":\"https:\/\/uusyrityskeskus.fi\/sv\/#website\"},\"primaryImageOfPage\":{\"@id\":\"https:\/\/uusyrityskeskus.fi\/sv\/digital-startguide\/kontinuerlig-utveckling-av-foretaget\/utnyttja-natverk\/#primaryimage\"},\"image\":{\"@id\":\"https:\/\/uusyrityskeskus.fi\/sv\/digital-startguide\/kontinuerlig-utveckling-av-foretaget\/utnyttja-natverk\/#primaryimage\"},\"thumbnailUrl\":\"https:\/\/uusyrityskeskus.fi\/wp-content\/uploads\/2025\/09\/Yrittajakassa-Kuvituskuva-Uusyrityskeskus.jpg\",\"datePublished\":\"2025-09-02T08:40:09+00:00\",\"dateModified\":\"2025-11-06T10:47:03+00:00\",\"breadcrumb\":{\"@id\":\"https:\/\/uusyrityskeskus.fi\/sv\/digital-startguide\/kontinuerlig-utveckling-av-foretaget\/utnyttja-natverk\/#breadcrumb\"},\"inLanguage\":\"sv-SE\",\"potentialAction\":[{\"@type\":\"ReadAction\",\"target\":[\"https:\/\/uusyrityskeskus.fi\/sv\/digital-startguide\/kontinuerlig-utveckling-av-foretaget\/utnyttja-natverk\/\"]}]},{\"@type\":\"ImageObject\",\"inLanguage\":\"sv-SE\",\"@id\":\"https:\/\/uusyrityskeskus.fi\/sv\/digital-startguide\/kontinuerlig-utveckling-av-foretaget\/utnyttja-natverk\/#primaryimage\",\"url\":\"https:\/\/uusyrityskeskus.fi\/wp-content\/uploads\/2025\/09\/Yrittajakassa-Kuvituskuva-Uusyrityskeskus.jpg\",\"contentUrl\":\"https:\/\/uusyrityskeskus.fi\/wp-content\/uploads\/2025\/09\/Yrittajakassa-Kuvituskuva-Uusyrityskeskus.jpg\"},{\"@type\":\"BreadcrumbList\",\"@id\":\"https:\/\/uusyrityskeskus.fi\/sv\/digital-startguide\/kontinuerlig-utveckling-av-foretaget\/utnyttja-natverk\/#breadcrumb\",\"itemListElement\":[{\"@type\":\"ListItem\",\"position\":1,\"name\":\"Etusivu\",\"item\":\"https:\/\/uusyrityskeskus.fi\/sv\/\"},{\"@type\":\"ListItem\",\"position\":2,\"name\":\"Digital startguide\",\"item\":\"https:\/\/uusyrityskeskus.fi\/sv\/digital-startguide\/\"},{\"@type\":\"ListItem\",\"position\":3,\"name\":\"Kontinuerlig utveckling av f\u00f6retaget\",\"item\":\"https:\/\/uusyrityskeskus.fi\/sv\/digital-startguide\/kontinuerlig-utveckling-av-foretaget\/\"},{\"@type\":\"ListItem\",\"position\":4,\"name\":\"Utnyttja n\u00e4tverk \u2013 g\u00e5 fram\u00e5t tillsammans\"}]},{\"@type\":\"WebSite\",\"@id\":\"https:\/\/uusyrityskeskus.fi\/sv\/#website\",\"url\":\"https:\/\/uusyrityskeskus.fi\/sv\/\",\"name\":\"Uusyrityskeskus\",\"description\":\"Yritt\u00e4jyyden unelmista onnistumisia.\",\"potentialAction\":[{\"@type\":\"SearchAction\",\"target\":{\"@type\":\"EntryPoint\",\"urlTemplate\":\"https:\/\/uusyrityskeskus.fi\/sv\/?s={search_term_string}\"},\"query-input\":{\"@type\":\"PropertyValueSpecification\",\"valueRequired\":true,\"valueName\":\"search_term_string\"}}],\"inLanguage\":\"sv-SE\"}]}<\/script>\n<!-- \/ Yoast SEO plugin. -->","yoast_head_json":{"title":"Utnyttja n\u00e4tverk \u2013 g\u00e5 fram\u00e5t tillsammans - Uusyrityskeskus","robots":{"index":"index","follow":"follow","max-snippet":"max-snippet:-1","max-image-preview":"max-image-preview:large","max-video-preview":"max-video-preview:-1"},"canonical":"https:\/\/uusyrityskeskus.fi\/sv\/digital-startguide\/kontinuerlig-utveckling-av-foretaget\/utnyttja-natverk\/","og_locale":"sv_SE","og_type":"article","og_title":"Utnyttja n\u00e4tverk \u2013 g\u00e5 fram\u00e5t tillsammans - Uusyrityskeskus","og_description":"Bra n\u00e4tverk erbjuder information, st\u00f6d och nya m\u00f6jligheter. Ingen klarar sig ensam heller som f\u00f6retagare. F\u00f6retagande beh\u00f6ver inte inneb\u00e4ra att man arbetar ensam. Runt omkring dig finns m\u00e5nga n\u00e4tverk och [&hellip;]","og_url":"https:\/\/uusyrityskeskus.fi\/sv\/digital-startguide\/kontinuerlig-utveckling-av-foretaget\/utnyttja-natverk\/","og_site_name":"Uusyrityskeskus","article_modified_time":"2025-11-06T10:47:03+00:00","og_image":[{"width":2500,"height":1700,"url":"https:\/\/uusyrityskeskus.fi\/wp-content\/uploads\/2025\/09\/Yrittajakassa-Kuvituskuva-Uusyrityskeskus.jpg","type":"image\/jpeg"}],"twitter_card":"summary_large_image","twitter_misc":{"Ber\u00e4knad l\u00e4stid":"2 minuter"},"schema":{"@context":"https:\/\/schema.org","@graph":[{"@type":"WebPage","@id":"https:\/\/uusyrityskeskus.fi\/sv\/digital-startguide\/kontinuerlig-utveckling-av-foretaget\/utnyttja-natverk\/","url":"https:\/\/uusyrityskeskus.fi\/sv\/digital-startguide\/kontinuerlig-utveckling-av-foretaget\/utnyttja-natverk\/","name":"Utnyttja n\u00e4tverk \u2013 g\u00e5 fram\u00e5t tillsammans - Uusyrityskeskus","isPartOf":{"@id":"https:\/\/uusyrityskeskus.fi\/sv\/#website"},"primaryImageOfPage":{"@id":"https:\/\/uusyrityskeskus.fi\/sv\/digital-startguide\/kontinuerlig-utveckling-av-foretaget\/utnyttja-natverk\/#primaryimage"},"image":{"@id":"https:\/\/uusyrityskeskus.fi\/sv\/digital-startguide\/kontinuerlig-utveckling-av-foretaget\/utnyttja-natverk\/#primaryimage"},"thumbnailUrl":"https:\/\/uusyrityskeskus.fi\/wp-content\/uploads\/2025\/09\/Yrittajakassa-Kuvituskuva-Uusyrityskeskus.jpg","datePublished":"2025-09-02T08:40:09+00:00","dateModified":"2025-11-06T10:47:03+00:00","breadcrumb":{"@id":"https:\/\/uusyrityskeskus.fi\/sv\/digital-startguide\/kontinuerlig-utveckling-av-foretaget\/utnyttja-natverk\/#breadcrumb"},"inLanguage":"sv-SE","potentialAction":[{"@type":"ReadAction","target":["https:\/\/uusyrityskeskus.fi\/sv\/digital-startguide\/kontinuerlig-utveckling-av-foretaget\/utnyttja-natverk\/"]}]},{"@type":"ImageObject","inLanguage":"sv-SE","@id":"https:\/\/uusyrityskeskus.fi\/sv\/digital-startguide\/kontinuerlig-utveckling-av-foretaget\/utnyttja-natverk\/#primaryimage","url":"https:\/\/uusyrityskeskus.fi\/wp-content\/uploads\/2025\/09\/Yrittajakassa-Kuvituskuva-Uusyrityskeskus.jpg","contentUrl":"https:\/\/uusyrityskeskus.fi\/wp-content\/uploads\/2025\/09\/Yrittajakassa-Kuvituskuva-Uusyrityskeskus.jpg"},{"@type":"BreadcrumbList","@id":"https:\/\/uusyrityskeskus.fi\/sv\/digital-startguide\/kontinuerlig-utveckling-av-foretaget\/utnyttja-natverk\/#breadcrumb","itemListElement":[{"@type":"ListItem","position":1,"name":"Etusivu","item":"https:\/\/uusyrityskeskus.fi\/sv\/"},{"@type":"ListItem","position":2,"name":"Digital startguide","item":"https:\/\/uusyrityskeskus.fi\/sv\/digital-startguide\/"},{"@type":"ListItem","position":3,"name":"Kontinuerlig utveckling av f\u00f6retaget","item":"https:\/\/uusyrityskeskus.fi\/sv\/digital-startguide\/kontinuerlig-utveckling-av-foretaget\/"},{"@type":"ListItem","position":4,"name":"Utnyttja n\u00e4tverk \u2013 g\u00e5 fram\u00e5t tillsammans"}]},{"@type":"WebSite","@id":"https:\/\/uusyrityskeskus.fi\/sv\/#website","url":"https:\/\/uusyrityskeskus.fi\/sv\/","name":"Uusyrityskeskus","description":"Yritt\u00e4jyyden unelmista onnistumisia.","potentialAction":[{"@type":"SearchAction","target":{"@type":"EntryPoint","urlTemplate":"https:\/\/uusyrityskeskus.fi\/sv\/?s={search_term_string}"},"query-input":{"@type":"PropertyValueSpecification","valueRequired":true,"valueName":"search_term_string"}}],"inLanguage":"sv-SE"}]}},"_links":{"self":[{"href":"https:\/\/uusyrityskeskus.fi\/sv\/wp-json\/wp\/v2\/pages\/15980","targetHints":{"allow":["GET"]}}],"collection":[{"href":"https:\/\/uusyrityskeskus.fi\/sv\/wp-json\/wp\/v2\/pages"}],"about":[{"href":"https:\/\/uusyrityskeskus.fi\/sv\/wp-json\/wp\/v2\/types\/page"}],"author":[{"embeddable":true,"href":"https:\/\/uusyrityskeskus.fi\/sv\/wp-json\/wp\/v2\/users\/1"}],"replies":[{"embeddable":true,"href":"https:\/\/uusyrityskeskus.fi\/sv\/wp-json\/wp\/v2\/comments?post=15980"}],"version-history":[{"count":5,"href":"https:\/\/uusyrityskeskus.fi\/sv\/wp-json\/wp\/v2\/pages\/15980\/revisions"}],"predecessor-version":[{"id":16870,"href":"https:\/\/uusyrityskeskus.fi\/sv\/wp-json\/wp\/v2\/pages\/15980\/revisions\/16870"}],"up":[{"embeddable":true,"href":"https:\/\/uusyrityskeskus.fi\/sv\/wp-json\/wp\/v2\/pages\/15711"}],"wp:attachment":[{"href":"https:\/\/uusyrityskeskus.fi\/sv\/wp-json\/wp\/v2\/media?parent=15980"}],"curies":[{"name":"wp","href":"https:\/\/api.w.org\/{rel}","templated":true}]}}