{"id":15970,"date":"2025-09-02T11:41:26","date_gmt":"2025-09-02T08:41:26","guid":{"rendered":"https:\/\/uusyrityskeskus.fi\/digital-startguide\/kontinuerlig-utveckling-av-foretaget\/suunnittele-yritystoiminnan-jatkuvuus\/"},"modified":"2025-10-22T13:52:43","modified_gmt":"2025-10-22T10:52:43","slug":"planera-foretagsverksamhetens-kontinuitet","status":"publish","type":"page","link":"https:\/\/uusyrityskeskus.fi\/sv\/digital-startguide\/kontinuerlig-utveckling-av-foretaget\/planera-foretagsverksamhetens-kontinuitet\/","title":{"rendered":"Planera f\u00f6retagsverksamhetens kontinuitet"},"content":{"rendered":"\n<div class=\"wp-block-tovaristrap-ts-container ts-container header--section\">\n<div class=\"ts-div header--row\">\n<h1 class=\"wp-block-heading\">Planera f\u00f6retagsverksamhetens kontinuitet<\/h1>\n<\/div>\n<\/div>\n\n\n\n<div class=\"wp-block-tovaristrap-ts-container ts-container base--section pt-0 pb-0 border-bottom\">\n<div class=\"ts-div content--row\"><div class=\"yoast-breadcrumbs\"><span><span><a href=\"https:\/\/uusyrityskeskus.fi\/sv\/\">Etusivu<\/a><\/span> \u00bb <span><a href=\"https:\/\/uusyrityskeskus.fi\/sv\/digital-startguide\/\">Digital startguide<\/a><\/span> \u00bb <span><a href=\"https:\/\/uusyrityskeskus.fi\/sv\/digital-startguide\/kontinuerlig-utveckling-av-foretaget\/\">Kontinuerlig utveckling av f\u00f6retaget<\/a><\/span> \u00bb <span class=\"breadcrumb_last\" aria-current=\"page\">Planera f\u00f6retagsverksamhetens kontinuitet<\/span><\/span><\/div><\/div>\n<\/div>\n\n\n\n<div class=\"wp-block-columns content--section with--default--padding is-layout-flex wp-container-core-columns-is-layout-9d6595d7 wp-block-columns-is-layout-flex\">\n<div class=\"wp-block-column content--div is-layout-flow wp-block-column-is-layout-flow\">\n<div class=\"wp-block-columns content--row is-layout-flex wp-container-core-columns-is-layout-9d6595d7 wp-block-columns-is-layout-flex\">\n<div class=\"wp-block-column custom--col--default sub--page--left--col is-layout-flow wp-block-column-is-layout-flow\" style=\"flex-basis:72%\">\n<p><em>Ibland kan det vara dags \u00e4ven f\u00f6r f\u00f6retagare att \u00f6verg\u00e5 till nya uppgifter. Det l\u00f6nar sig att planera ett \u00e4garbyte i god tid.<\/em><\/p>\n\n\n\n<p>Fortsatt f\u00f6retagsverksamhet \u00e4r en viktig del av ansvarsfullt och l\u00e5ngsiktigt f\u00f6retagande. I n\u00e5got skede kan det vara bra f\u00f6r varje f\u00f6retagare att stanna upp och fundera p\u00e5 vad som h\u00e4nder n\u00e4r hen vill dra sig tillbaka \u2013 antingen pensionera sig, byta karri\u00e4r eller s\u00f6ka nya utmaningar.<\/p>\n\n\n\n<p>Att s\u00e4lja f\u00f6retaget kan vara en utm\u00e4rkt l\u00f6sning n\u00e4r det g\u00f6rs planm\u00e4ssigt och i r\u00e4tt tid. Personen som tar \u00f6ver ett fungerande f\u00f6retag kan finnas \u00f6verraskande n\u00e4ra: det kan vara en arbetstagare, en familjemedlem eller en annan f\u00f6retagare. \u00c4garbyte \u00e4r ocks\u00e5 ett s\u00e4tt att s\u00e4kerst\u00e4lla verksamhetens kontinuitet f\u00f6r kunderna och arbetstagarna.<\/p>\n\n\n\n<p>\u00c4garbytesprocessen kr\u00e4ver tid, planm\u00e4ssighet och experthj\u00e4lp \u2013 precis som grundandet av ett f\u00f6retag. Det \u00e4r viktigt att i god tid utreda f\u00f6retagets v\u00e4rde, eventuella k\u00f6parkandidater samt skattem\u00e4ssiga och juridiska konsekvenser.<\/p>\n\n\n\n<p>Du f\u00e5r hj\u00e4lp av bland annat f\u00f6retagsr\u00e5dgivare i din region, \u00e4garbytestj\u00e4nster och bokf\u00f6ringsbyr\u00e5er. N\u00e4r f\u00f6retagets f\u00f6rs\u00e4ljning genomf\u00f6rs f\u00f6rnuftigt kan det ocks\u00e5 vara en ekonomiskt bel\u00f6nande avslutning p\u00e5 f\u00f6retagarens l\u00e5nga karri\u00e4r.<\/p>\n\n\n\n<div class=\"wp-block-columns content--row page--turn--buttons is-layout-flex wp-container-core-columns-is-layout-9d6595d7 wp-block-columns-is-layout-flex\">\n<div class=\"wp-block-column is-layout-flow wp-block-column-is-layout-flow\">\n<div class=\"wp-block-buttons is-layout-flex wp-block-buttons-is-layout-flex\">\n<div class=\"wp-block-button\"><a class=\"wp-block-button__link wp-element-button\" href=\"https:\/\/uusyrityskeskus.fi\/sv\/digital-startguide\/kontinuerlig-utveckling-av-foretaget\/tillvaxt-genom-foretagsforvarv\/\">\u2190 4.2. Tillv\u00e4xt genom f\u00f6retagsf\u00f6rv\u00e4rv<\/a><\/div>\n<\/div>\n<\/div>\n\n\n\n<div class=\"wp-block-column is-layout-flow wp-block-column-is-layout-flow\">\n<div class=\"wp-block-buttons is-content-justification-right is-layout-flex wp-container-core-buttons-is-layout-765c4724 wp-block-buttons-is-layout-flex\">\n<div class=\"wp-block-button\"><a class=\"wp-block-button__link wp-element-button\" href=\"https:\/\/uusyrityskeskus.fi\/sv\/digital-startguide\/kontinuerlig-utveckling-av-foretaget\/utnyttja-natverk\/\">4.4. Utnyttja n\u00e4tverk \u2013 g\u00e5 fram\u00e5t tillsammans \u2192<\/a><\/div>\n<\/div>\n<\/div>\n<\/div>\n<\/div>\n\n\n\n<div class=\"wp-block-column custom--col--default is-layout-flow wp-block-column-is-layout-flow\" style=\"flex-basis:28%\">\n<div class=\"wp-block-group standard--group--with--shadow\"><div class=\"wp-block-group__inner-container is-layout-constrained wp-block-group-is-layout-constrained\">\n<h4 class=\"wp-block-heading\">Beh\u00f6ver du hj\u00e4lp?<\/h4>\n\n\n\n<div class=\"wp-block-buttons is-content-justification-center is-layout-flex wp-container-core-buttons-is-layout-16018d1d wp-block-buttons-is-layout-flex\">\n<div class=\"wp-block-button button--main\"><a class=\"wp-block-button__link wp-element-button\" href=\"https:\/\/uusyrityskeskus.fi\/sv\/nyforetagscentrumen\/\">Boka en konsultation<\/a><\/div>\n<\/div>\n\n\n\n<div class=\"wp-block-buttons is-content-justification-center is-layout-flex wp-container-core-buttons-is-layout-16018d1d wp-block-buttons-is-layout-flex\">\n<div class=\"wp-block-button mb--0 button--alt\"><a class=\"wp-block-button__link wp-element-button\" href=\"https:\/\/uusyrityskeskus.fi\/sv\/starta-eget-guiden\/\">Ladda ner PDF-guide<\/a><\/div>\n<\/div>\n<\/div><\/div>\n\n\n\n<div class=\"wp-block-group links--column\"><div class=\"wp-block-group__inner-container is-layout-constrained wp-block-group-is-layout-constrained\">\n<h4 class=\"wp-block-heading\">4. Kontinuerlig utveckling av f\u00f6retaget<\/h4>\n\n\n\n<div class=\"perustamisopas-nav\">\n<ol>\n<li>\n<a href=\"https:\/\/uusyrityskeskus.fi\/sv\/digital-startguide\/kontinuerlig-utveckling-av-foretaget\/sok-stod-for-foretagets-utveckling\/\">S\u00f6k st\u00f6d f\u00f6r f\u00f6retagets utveckling<\/a>\n<\/li>\n\n<li>\n<a href=\"https:\/\/uusyrityskeskus.fi\/sv\/digital-startguide\/kontinuerlig-utveckling-av-foretaget\/tillvaxt-genom-foretagsforvarv\/\">Tillv\u00e4xt genom f\u00f6retagsf\u00f6rv\u00e4rv<\/a><\/li>\n\n<li>\n<a href=\"https:\/\/uusyrityskeskus.fi\/sv\/digital-startguide\/kontinuerlig-utveckling-av-foretaget\/planera-foretagsverksamhetens-kontinuitet\/\" class=\"active\">Planera f\u00f6retagsverksamhetens kontinuitet<\/a><\/li>\n\n<li>\n<a href=\"https:\/\/uusyrityskeskus.fi\/sv\/digital-startguide\/kontinuerlig-utveckling-av-foretaget\/utnyttja-natverk\/\">Utnyttja n\u00e4tverk \u2013 g\u00e5 fram\u00e5t tillsammans<\/a>\n<\/li>\n<\/ol>\n<\/div>\n<\/div><\/div>\n<\/div>\n<\/div>\n<\/div>\n<\/div>\n","protected":false},"excerpt":{"rendered":"Ibland kan det vara dags \u00e4ven f\u00f6r f\u00f6retagare att \u00f6verg\u00e5 till nya uppgifter. Det l\u00f6nar sig att planera ett \u00e4garbyte i god tid. Fortsatt f\u00f6retagsverksamhet \u00e4r en viktig del av [&hellip;]","protected":false},"author":1,"featured_media":0,"parent":15711,"menu_order":0,"comment_status":"closed","ping_status":"closed","template":"","meta":{"iawp_total_views":0,"footnotes":""},"class_list":["post-15970","page","type-page","status-publish","hentry"],"yoast_head":"<!-- This site is optimized with the Yoast SEO plugin v26.8 - https:\/\/yoast.com\/product\/yoast-seo-wordpress\/ -->\n<title>Planera f\u00f6retagsverksamhetens kontinuitet - Uusyrityskeskus<\/title>\n<meta name=\"robots\" content=\"index, follow, max-snippet:-1, max-image-preview:large, max-video-preview:-1\" \/>\n<link rel=\"canonical\" href=\"https:\/\/uusyrityskeskus.fi\/sv\/digital-startguide\/kontinuerlig-utveckling-av-foretaget\/planera-foretagsverksamhetens-kontinuitet\/\" \/>\n<meta property=\"og:locale\" content=\"sv_SE\" \/>\n<meta property=\"og:type\" content=\"article\" \/>\n<meta property=\"og:title\" content=\"Planera f\u00f6retagsverksamhetens kontinuitet - Uusyrityskeskus\" \/>\n<meta property=\"og:description\" content=\"Ibland kan det vara dags \u00e4ven f\u00f6r f\u00f6retagare att \u00f6verg\u00e5 till nya uppgifter. Det l\u00f6nar sig att planera ett \u00e4garbyte i god tid. Fortsatt f\u00f6retagsverksamhet \u00e4r en viktig del av [&hellip;]\" \/>\n<meta property=\"og:url\" content=\"https:\/\/uusyrityskeskus.fi\/sv\/digital-startguide\/kontinuerlig-utveckling-av-foretaget\/planera-foretagsverksamhetens-kontinuitet\/\" \/>\n<meta property=\"og:site_name\" content=\"Uusyrityskeskus\" \/>\n<meta property=\"article:modified_time\" content=\"2025-10-22T10:52:43+00:00\" \/>\n<meta property=\"og:image\" content=\"https:\/\/uusyrityskeskus.fi\/wp-content\/uploads\/2020\/12\/uusyrityskeskus-turkoosi.jpg\" \/>\n\t<meta property=\"og:image:width\" content=\"2048\" \/>\n\t<meta property=\"og:image:height\" content=\"1152\" \/>\n\t<meta property=\"og:image:type\" content=\"image\/jpeg\" \/>\n<meta name=\"twitter:card\" content=\"summary_large_image\" \/>\n<meta name=\"twitter:label1\" content=\"Ber\u00e4knad l\u00e4stid\" \/>\n\t<meta name=\"twitter:data1\" content=\"2 minuter\" \/>\n<script type=\"application\/ld+json\" class=\"yoast-schema-graph\">{\"@context\":\"https:\/\/schema.org\",\"@graph\":[{\"@type\":\"WebPage\",\"@id\":\"https:\/\/uusyrityskeskus.fi\/sv\/digital-startguide\/kontinuerlig-utveckling-av-foretaget\/planera-foretagsverksamhetens-kontinuitet\/\",\"url\":\"https:\/\/uusyrityskeskus.fi\/sv\/digital-startguide\/kontinuerlig-utveckling-av-foretaget\/planera-foretagsverksamhetens-kontinuitet\/\",\"name\":\"Planera f\u00f6retagsverksamhetens kontinuitet - Uusyrityskeskus\",\"isPartOf\":{\"@id\":\"https:\/\/uusyrityskeskus.fi\/sv\/#website\"},\"datePublished\":\"2025-09-02T08:41:26+00:00\",\"dateModified\":\"2025-10-22T10:52:43+00:00\",\"breadcrumb\":{\"@id\":\"https:\/\/uusyrityskeskus.fi\/sv\/digital-startguide\/kontinuerlig-utveckling-av-foretaget\/planera-foretagsverksamhetens-kontinuitet\/#breadcrumb\"},\"inLanguage\":\"sv-SE\",\"potentialAction\":[{\"@type\":\"ReadAction\",\"target\":[\"https:\/\/uusyrityskeskus.fi\/sv\/digital-startguide\/kontinuerlig-utveckling-av-foretaget\/planera-foretagsverksamhetens-kontinuitet\/\"]}]},{\"@type\":\"BreadcrumbList\",\"@id\":\"https:\/\/uusyrityskeskus.fi\/sv\/digital-startguide\/kontinuerlig-utveckling-av-foretaget\/planera-foretagsverksamhetens-kontinuitet\/#breadcrumb\",\"itemListElement\":[{\"@type\":\"ListItem\",\"position\":1,\"name\":\"Etusivu\",\"item\":\"https:\/\/uusyrityskeskus.fi\/sv\/\"},{\"@type\":\"ListItem\",\"position\":2,\"name\":\"Digital startguide\",\"item\":\"https:\/\/uusyrityskeskus.fi\/sv\/digital-startguide\/\"},{\"@type\":\"ListItem\",\"position\":3,\"name\":\"Kontinuerlig utveckling av f\u00f6retaget\",\"item\":\"https:\/\/uusyrityskeskus.fi\/sv\/digital-startguide\/kontinuerlig-utveckling-av-foretaget\/\"},{\"@type\":\"ListItem\",\"position\":4,\"name\":\"Planera f\u00f6retagsverksamhetens kontinuitet\"}]},{\"@type\":\"WebSite\",\"@id\":\"https:\/\/uusyrityskeskus.fi\/sv\/#website\",\"url\":\"https:\/\/uusyrityskeskus.fi\/sv\/\",\"name\":\"Uusyrityskeskus\",\"description\":\"Yritt\u00e4jyyden unelmista onnistumisia.\",\"potentialAction\":[{\"@type\":\"SearchAction\",\"target\":{\"@type\":\"EntryPoint\",\"urlTemplate\":\"https:\/\/uusyrityskeskus.fi\/sv\/?s={search_term_string}\"},\"query-input\":{\"@type\":\"PropertyValueSpecification\",\"valueRequired\":true,\"valueName\":\"search_term_string\"}}],\"inLanguage\":\"sv-SE\"}]}<\/script>\n<!-- \/ Yoast SEO plugin. -->","yoast_head_json":{"title":"Planera f\u00f6retagsverksamhetens kontinuitet - Uusyrityskeskus","robots":{"index":"index","follow":"follow","max-snippet":"max-snippet:-1","max-image-preview":"max-image-preview:large","max-video-preview":"max-video-preview:-1"},"canonical":"https:\/\/uusyrityskeskus.fi\/sv\/digital-startguide\/kontinuerlig-utveckling-av-foretaget\/planera-foretagsverksamhetens-kontinuitet\/","og_locale":"sv_SE","og_type":"article","og_title":"Planera f\u00f6retagsverksamhetens kontinuitet - Uusyrityskeskus","og_description":"Ibland kan det vara dags \u00e4ven f\u00f6r f\u00f6retagare att \u00f6verg\u00e5 till nya uppgifter. Det l\u00f6nar sig att planera ett \u00e4garbyte i god tid. Fortsatt f\u00f6retagsverksamhet \u00e4r en viktig del av [&hellip;]","og_url":"https:\/\/uusyrityskeskus.fi\/sv\/digital-startguide\/kontinuerlig-utveckling-av-foretaget\/planera-foretagsverksamhetens-kontinuitet\/","og_site_name":"Uusyrityskeskus","article_modified_time":"2025-10-22T10:52:43+00:00","og_image":[{"width":2048,"height":1152,"url":"https:\/\/uusyrityskeskus.fi\/wp-content\/uploads\/2020\/12\/uusyrityskeskus-turkoosi.jpg","type":"image\/jpeg"}],"twitter_card":"summary_large_image","twitter_misc":{"Ber\u00e4knad l\u00e4stid":"2 minuter"},"schema":{"@context":"https:\/\/schema.org","@graph":[{"@type":"WebPage","@id":"https:\/\/uusyrityskeskus.fi\/sv\/digital-startguide\/kontinuerlig-utveckling-av-foretaget\/planera-foretagsverksamhetens-kontinuitet\/","url":"https:\/\/uusyrityskeskus.fi\/sv\/digital-startguide\/kontinuerlig-utveckling-av-foretaget\/planera-foretagsverksamhetens-kontinuitet\/","name":"Planera f\u00f6retagsverksamhetens kontinuitet - Uusyrityskeskus","isPartOf":{"@id":"https:\/\/uusyrityskeskus.fi\/sv\/#website"},"datePublished":"2025-09-02T08:41:26+00:00","dateModified":"2025-10-22T10:52:43+00:00","breadcrumb":{"@id":"https:\/\/uusyrityskeskus.fi\/sv\/digital-startguide\/kontinuerlig-utveckling-av-foretaget\/planera-foretagsverksamhetens-kontinuitet\/#breadcrumb"},"inLanguage":"sv-SE","potentialAction":[{"@type":"ReadAction","target":["https:\/\/uusyrityskeskus.fi\/sv\/digital-startguide\/kontinuerlig-utveckling-av-foretaget\/planera-foretagsverksamhetens-kontinuitet\/"]}]},{"@type":"BreadcrumbList","@id":"https:\/\/uusyrityskeskus.fi\/sv\/digital-startguide\/kontinuerlig-utveckling-av-foretaget\/planera-foretagsverksamhetens-kontinuitet\/#breadcrumb","itemListElement":[{"@type":"ListItem","position":1,"name":"Etusivu","item":"https:\/\/uusyrityskeskus.fi\/sv\/"},{"@type":"ListItem","position":2,"name":"Digital startguide","item":"https:\/\/uusyrityskeskus.fi\/sv\/digital-startguide\/"},{"@type":"ListItem","position":3,"name":"Kontinuerlig utveckling av f\u00f6retaget","item":"https:\/\/uusyrityskeskus.fi\/sv\/digital-startguide\/kontinuerlig-utveckling-av-foretaget\/"},{"@type":"ListItem","position":4,"name":"Planera f\u00f6retagsverksamhetens kontinuitet"}]},{"@type":"WebSite","@id":"https:\/\/uusyrityskeskus.fi\/sv\/#website","url":"https:\/\/uusyrityskeskus.fi\/sv\/","name":"Uusyrityskeskus","description":"Yritt\u00e4jyyden unelmista onnistumisia.","potentialAction":[{"@type":"SearchAction","target":{"@type":"EntryPoint","urlTemplate":"https:\/\/uusyrityskeskus.fi\/sv\/?s={search_term_string}"},"query-input":{"@type":"PropertyValueSpecification","valueRequired":true,"valueName":"search_term_string"}}],"inLanguage":"sv-SE"}]}},"_links":{"self":[{"href":"https:\/\/uusyrityskeskus.fi\/sv\/wp-json\/wp\/v2\/pages\/15970","targetHints":{"allow":["GET"]}}],"collection":[{"href":"https:\/\/uusyrityskeskus.fi\/sv\/wp-json\/wp\/v2\/pages"}],"about":[{"href":"https:\/\/uusyrityskeskus.fi\/sv\/wp-json\/wp\/v2\/types\/page"}],"author":[{"embeddable":true,"href":"https:\/\/uusyrityskeskus.fi\/sv\/wp-json\/wp\/v2\/users\/1"}],"replies":[{"embeddable":true,"href":"https:\/\/uusyrityskeskus.fi\/sv\/wp-json\/wp\/v2\/comments?post=15970"}],"version-history":[{"count":5,"href":"https:\/\/uusyrityskeskus.fi\/sv\/wp-json\/wp\/v2\/pages\/15970\/revisions"}],"predecessor-version":[{"id":16352,"href":"https:\/\/uusyrityskeskus.fi\/sv\/wp-json\/wp\/v2\/pages\/15970\/revisions\/16352"}],"up":[{"embeddable":true,"href":"https:\/\/uusyrityskeskus.fi\/sv\/wp-json\/wp\/v2\/pages\/15711"}],"wp:attachment":[{"href":"https:\/\/uusyrityskeskus.fi\/sv\/wp-json\/wp\/v2\/media?parent=15970"}],"curies":[{"name":"wp","href":"https:\/\/api.w.org\/{rel}","templated":true}]}}