{"id":15954,"date":"2025-09-02T11:39:32","date_gmt":"2025-09-02T08:39:32","guid":{"rendered":"https:\/\/uusyrityskeskus.fi\/digital-startguide\/kontinuerlig-utveckling-av-foretaget\/tukea-yrityksen-kehittamiseen\/"},"modified":"2026-03-24T12:29:47","modified_gmt":"2026-03-24T10:29:47","slug":"sok-stod-for-foretagets-utveckling","status":"publish","type":"page","link":"https:\/\/uusyrityskeskus.fi\/sv\/digital-startguide\/kontinuerlig-utveckling-av-foretaget\/sok-stod-for-foretagets-utveckling\/","title":{"rendered":"S\u00f6k st\u00f6d f\u00f6r f\u00f6retagets utveckling"},"content":{"rendered":"\n<div class=\"wp-block-tovaristrap-ts-container ts-container header--section\">\n<div class=\"ts-div header--row\">\n<h1 class=\"wp-block-heading\">S\u00f6k st\u00f6d f\u00f6r f\u00f6retagets utveckling<\/h1>\n<\/div>\n<\/div>\n\n\n\n<div class=\"wp-block-tovaristrap-ts-container ts-container base--section pt-0 pb-0 border-bottom\">\n<div class=\"ts-div content--row\"><div class=\"yoast-breadcrumbs\"><span><span><a href=\"https:\/\/uusyrityskeskus.fi\/sv\/\">Etusivu<\/a><\/span> \u00bb <span><a href=\"https:\/\/uusyrityskeskus.fi\/sv\/digital-startguide\/\">Digital startguide<\/a><\/span> \u00bb <span><a href=\"https:\/\/uusyrityskeskus.fi\/sv\/digital-startguide\/kontinuerlig-utveckling-av-foretaget\/\">Kontinuerlig utveckling av f\u00f6retaget<\/a><\/span> \u00bb <span class=\"breadcrumb_last\" aria-current=\"page\">S\u00f6k st\u00f6d f\u00f6r f\u00f6retagets utveckling<\/span><\/span><\/div><\/div>\n<\/div>\n\n\n\n<div class=\"wp-block-columns content--section with--default--padding is-layout-flex wp-container-core-columns-is-layout-9d6595d7 wp-block-columns-is-layout-flex\">\n<div class=\"wp-block-column content--div is-layout-flow wp-block-column-is-layout-flow\">\n<div class=\"wp-block-columns content--row is-layout-flex wp-container-core-columns-is-layout-9d6595d7 wp-block-columns-is-layout-flex\">\n<div class=\"wp-block-column custom--col--default sub--page--left--col is-layout-flow wp-block-column-is-layout-flow\" style=\"flex-basis:72%\">\n<p><em>Du kan f\u00e5 r\u00e5dgivning och finansiering f\u00f6r ditt f\u00f6retags tillv\u00e4xt fr\u00e5n olika instanser. R\u00e4tt slags st\u00f6d kan p\u00e5skynda utvecklingen avsev\u00e4rt.<\/em><\/p>\n\n\n\n<p>R\u00e5dgivning, finansiering och experthj\u00e4lp f\u00f6r f\u00f6retagets tillv\u00e4xt och utveckling kan f\u00e5s fr\u00e5n olika instanser. Du kan s\u00f6ka st\u00f6d till exempel f\u00f6r f\u00f6rnyelse av tj\u00e4nsterna eller produkterna, digitalisering, investeringar eller internationalisering.<\/p>\n\n\n\n<p><strong>Livskraftscentralerna<\/strong> och <strong>Leader-grupper<\/strong> erbjuder f\u00f6retag utvecklingsunderst\u00f6d till exempel f\u00f6r investeringar, utveckling av nya produkter och tj\u00e4nster samt f\u00f6rnyelse av verksamhetss\u00e4tten.<\/p>\n\n\n\n<p><strong>Finnvera<\/strong> beviljar l\u00e5n och borgen till f\u00f6retag som siktar p\u00e5 tillv\u00e4xt, f\u00f6rnyelse eller \u00e4garbyte. \u00c4ven <strong>Business Finland<\/strong> erbjuder finansiering s\u00e4rskilt f\u00f6r innovativa utvecklingsprojekt och internationalisering.<\/p>\n\n\n\n<p><strong>Team Finland-n\u00e4tverket<\/strong> f\u00f6r samman statliga akt\u00f6rer som hj\u00e4lper f\u00f6retag att internationaliseras. F\u00f6retagsr\u00e5dgivare kan hj\u00e4lpa dig att utreda vilken instans som passar just din situation.<\/p>\n\n\n\n<p>Ibland kan \u00e4ven <strong>kapitalinvesterare<\/strong> eller privata investerare delta i finansieringen av utvecklingen, i synnerhet om aff\u00e4rsverksamheten \u00e4r skalbar och det finns stor tillv\u00e4xtpotential.<\/p>\n\n\n\n<p><strong>F\u00f6retagsr\u00e5dgivningen ger dig st\u00f6d f\u00f6r planering och kartl\u00e4ggning av finansieringsalternativ.<\/strong> Tveka inte att fr\u00e5ga \u2013 r\u00e4tt slags st\u00f6d kan p\u00e5skynda utvecklingen avsev\u00e4rt.<\/p>\n\n\n\n<div class=\"wp-block-group sub--page--group info--box\"><div class=\"wp-block-group__inner-container is-layout-constrained wp-block-group-is-layout-constrained\">\n<p><strong>Livskraftscentralen:<\/strong> <a href=\"https:\/\/elinvoimakeskus.fi\/utveckling-och-finansiering-av-foretag\" target=\"_blank\" rel=\"noreferrer noopener\">https:\/\/elinvoimakeskus.fi\/utveckling-och-finansiering-av-foretag<\/a><br><strong>Leader:<\/strong> <a href=\"https:\/\/maaseutu.fi\/sv\/eus-gemensamma-jordbrukspolitik\/forvaltning\/leader-verksamhet\/\" target=\"_blank\" rel=\"noreferrer noopener\">https:\/\/maaseutu.fi\/sv\/eus-gemensamma-jordbrukspolitik\/forvaltning\/leader-verksamhet\/<\/a><br><strong>Finnvera:<\/strong> <a href=\"https:\/\/www.finnvera.fi\/yritysrahoitus\" target=\"_blank\" rel=\"noreferrer noopener\">https:\/\/www.finnvera.fi\/yritysrahoitus<\/a><\/p>\n<\/div><\/div>\n\n\n\n<div class=\"wp-block-columns content--section is-layout-flex wp-container-core-columns-is-layout-9d6595d7 wp-block-columns-is-layout-flex\">\n<div class=\"wp-block-column content--div is-layout-flow wp-block-column-is-layout-flow\">\n<div class=\"wp-block-columns content--row ad--row is-layout-flex wp-container-core-columns-is-layout-9d6595d7 wp-block-columns-is-layout-flex\">\n<div class=\"wp-block-column is-layout-flow wp-block-column-is-layout-flow\" style=\"flex-basis:33.33%\">\n<figure class=\"wp-block-image size-full ad--image--main\"><img decoding=\"async\" width=\"2500\" height=\"1700\" data-src=\"https:\/\/uusyrityskeskus.fi\/wp-content\/uploads\/2025\/09\/Yrittajakassa-Kuvituskuva-Uusyrityskeskus.jpg\" alt=\"\" class=\"wp-image-14172 lazyload\" data-srcset=\"https:\/\/uusyrityskeskus.fi\/wp-content\/uploads\/2025\/09\/Yrittajakassa-Kuvituskuva-Uusyrityskeskus.jpg 2500w, https:\/\/uusyrityskeskus.fi\/wp-content\/uploads\/2025\/09\/Yrittajakassa-Kuvituskuva-Uusyrityskeskus-300x204.jpg 300w, https:\/\/uusyrityskeskus.fi\/wp-content\/uploads\/2025\/09\/Yrittajakassa-Kuvituskuva-Uusyrityskeskus-1024x696.jpg 1024w, https:\/\/uusyrityskeskus.fi\/wp-content\/uploads\/2025\/09\/Yrittajakassa-Kuvituskuva-Uusyrityskeskus-768x522.jpg 768w, https:\/\/uusyrityskeskus.fi\/wp-content\/uploads\/2025\/09\/Yrittajakassa-Kuvituskuva-Uusyrityskeskus-1536x1044.jpg 1536w, https:\/\/uusyrityskeskus.fi\/wp-content\/uploads\/2025\/09\/Yrittajakassa-Kuvituskuva-Uusyrityskeskus-2048x1393.jpg 2048w\" data-sizes=\"(max-width: 2500px) 100vw, 2500px\" src=\"data:image\/svg+xml;base64,PHN2ZyB3aWR0aD0iMSIgaGVpZ2h0PSIxIiB4bWxucz0iaHR0cDovL3d3dy53My5vcmcvMjAwMC9zdmciPjwvc3ZnPg==\" style=\"--smush-placeholder-width: 2500px; --smush-placeholder-aspect-ratio: 2500\/1700;\" \/><\/figure>\n\n\n\n<p class=\"web--link\"><a href=\"https:\/\/uusyrityskeskus.fi\/sv\/\">www.uusyrityskeskus.fi<\/a><\/p>\n<\/div>\n\n\n\n<div class=\"wp-block-column is-layout-flow wp-block-column-is-layout-flow\" style=\"flex-basis:66.66%\">\n<figure class=\"wp-block-image size-full ad--logo--image\"><img decoding=\"async\" data-src=\"https:\/\/uusyrityskeskus.fi\/wp-content\/uploads\/2025\/09\/uusyrityskeskus_logo.svg\" alt=\"\" class=\"wp-image-14290 lazyload\" src=\"data:image\/svg+xml;base64,PHN2ZyB3aWR0aD0iMSIgaGVpZ2h0PSIxIiB4bWxucz0iaHR0cDovL3d3dy53My5vcmcvMjAwMC9zdmciPjwvc3ZnPg==\" \/><\/figure>\n\n\n\n<h2 class=\"wp-block-heading\">Helppo tapa tukea yritt\u00e4jyytt\u00e4.<\/h2>\n\n\n\n<p>Tarjoamme mainostilaa digitaalisessa ja fyysisess\u00e4 perustamisoppaassa monipuolisesti. Mainos- ja media -asioissa ole yhteydess\u00e4 vastuuhenkil\u00f6\u00f6mme: <a href=\"mailto:nita.vallimaki@uusyrityskeskus.fi\">nita.vallimaki@uusyrityskeskus.fi<\/a>.<\/p>\n\n\n\n<div class=\"wp-block-buttons is-layout-flex wp-block-buttons-is-layout-flex\">\n<div class=\"wp-block-button\"><a class=\"wp-block-button__link wp-element-button\" href=\"\/wp-content\/uploads\/2025\/10\/Mediakortti-2026-Nettisivut.pdf\" target=\"_blank\" rel=\"noreferrer noopener\">Katso mediakortti \u2192<\/a><\/div>\n<\/div>\n<\/div>\n<\/div>\n<\/div>\n<\/div>\n\n\n\n<div class=\"wp-block-columns content--row page--turn--buttons is-layout-flex wp-container-core-columns-is-layout-9d6595d7 wp-block-columns-is-layout-flex\">\n<div class=\"wp-block-column is-layout-flow wp-block-column-is-layout-flow\">\n<div class=\"wp-block-buttons is-layout-flex wp-block-buttons-is-layout-flex\">\n<div class=\"wp-block-button\"><a class=\"wp-block-button__link wp-element-button\" href=\"https:\/\/uusyrityskeskus.fi\/sv\/digital-startguide\/kontinuerlig-utveckling-av-foretaget\/\">\u2190 4. Kontinuerlig utveckling av f\u00f6retaget<\/a><\/div>\n<\/div>\n<\/div>\n\n\n\n<div class=\"wp-block-column is-layout-flow wp-block-column-is-layout-flow\">\n<div class=\"wp-block-buttons is-content-justification-right is-layout-flex wp-container-core-buttons-is-layout-765c4724 wp-block-buttons-is-layout-flex\">\n<div class=\"wp-block-button\"><a class=\"wp-block-button__link wp-element-button\" href=\"https:\/\/uusyrityskeskus.fi\/sv\/digital-startguide\/kontinuerlig-utveckling-av-foretaget\/tillvaxt-genom-foretagsforvarv\/\">4.2. Tillv\u00e4xt genom f\u00f6retagsf\u00f6rv\u00e4rv \u2192<\/a><\/div>\n<\/div>\n<\/div>\n<\/div>\n<\/div>\n\n\n\n<div class=\"wp-block-column custom--col--default is-layout-flow wp-block-column-is-layout-flow\" style=\"flex-basis:28%\">\n<div class=\"wp-block-group standard--group--with--shadow\"><div class=\"wp-block-group__inner-container is-layout-constrained wp-block-group-is-layout-constrained\">\n<h4 class=\"wp-block-heading\">Beh\u00f6ver du hj\u00e4lp?<\/h4>\n\n\n\n<div class=\"wp-block-buttons is-content-justification-center is-layout-flex wp-container-core-buttons-is-layout-16018d1d wp-block-buttons-is-layout-flex\">\n<div class=\"wp-block-button button--main\"><a class=\"wp-block-button__link wp-element-button\" href=\"https:\/\/uusyrityskeskus.fi\/sv\/nyforetagscentrumen\/\">Boka en konsultation<\/a><\/div>\n<\/div>\n\n\n\n<div class=\"wp-block-buttons is-content-justification-center is-layout-flex wp-container-core-buttons-is-layout-16018d1d wp-block-buttons-is-layout-flex\">\n<div class=\"wp-block-button mb--0 button--alt\"><a class=\"wp-block-button__link wp-element-button\" href=\"https:\/\/uusyrityskeskus.fi\/sv\/starta-eget-guiden\/\">Ladda ner PDF-guide<\/a><\/div>\n<\/div>\n<\/div><\/div>\n\n\n\n<div class=\"wp-block-group links--column\"><div class=\"wp-block-group__inner-container is-layout-constrained wp-block-group-is-layout-constrained\">\n<h4 class=\"wp-block-heading\">4. Kontinuerlig utveckling av f\u00f6retaget<\/h4>\n\n\n\n<div class=\"perustamisopas-nav\">\n<ol>\n<li>\n<a href=\"https:\/\/uusyrityskeskus.fi\/sv\/digital-startguide\/kontinuerlig-utveckling-av-foretaget\/sok-stod-for-foretagets-utveckling\/\" class=\"active\">S\u00f6k st\u00f6d f\u00f6r f\u00f6retagets utveckling<\/a>\n<\/li>\n\n<li>\n<a href=\"https:\/\/uusyrityskeskus.fi\/sv\/digital-startguide\/kontinuerlig-utveckling-av-foretaget\/tillvaxt-genom-foretagsforvarv\/\">Tillv\u00e4xt genom f\u00f6retagsf\u00f6rv\u00e4rv<\/a><\/li>\n\n<li>\n<a href=\"https:\/\/uusyrityskeskus.fi\/sv\/digital-startguide\/kontinuerlig-utveckling-av-foretaget\/planera-foretagsverksamhetens-kontinuitet\/\">Planera f\u00f6retagsverksamhetens kontinuitet<\/a><\/li>\n\n<li>\n<a href=\"https:\/\/uusyrityskeskus.fi\/sv\/digital-startguide\/kontinuerlig-utveckling-av-foretaget\/utnyttja-natverk\/\">Utnyttja n\u00e4tverk \u2013 g\u00e5 fram\u00e5t tillsammans<\/a>\n<\/li>\n<\/ol>\n<\/div>\n<\/div><\/div>\n<\/div>\n<\/div>\n<\/div>\n<\/div>\n","protected":false},"excerpt":{"rendered":"Du kan f\u00e5 r\u00e5dgivning och finansiering f\u00f6r ditt f\u00f6retags tillv\u00e4xt fr\u00e5n olika instanser. R\u00e4tt slags st\u00f6d kan p\u00e5skynda utvecklingen avsev\u00e4rt. R\u00e5dgivning, finansiering och experthj\u00e4lp f\u00f6r f\u00f6retagets tillv\u00e4xt och utveckling kan [&hellip;]","protected":false},"author":1,"featured_media":0,"parent":15711,"menu_order":0,"comment_status":"closed","ping_status":"closed","template":"","meta":{"iawp_total_views":0,"footnotes":""},"class_list":["post-15954","page","type-page","status-publish","hentry"],"yoast_head":"<!-- This site is optimized with the Yoast SEO plugin v26.8 - https:\/\/yoast.com\/product\/yoast-seo-wordpress\/ -->\n<title>S\u00f6k st\u00f6d f\u00f6r f\u00f6retagets utveckling - Uusyrityskeskus<\/title>\n<meta name=\"robots\" content=\"index, follow, max-snippet:-1, max-image-preview:large, max-video-preview:-1\" \/>\n<link rel=\"canonical\" href=\"https:\/\/uusyrityskeskus.fi\/sv\/digital-startguide\/kontinuerlig-utveckling-av-foretaget\/sok-stod-for-foretagets-utveckling\/\" \/>\n<meta property=\"og:locale\" content=\"sv_SE\" \/>\n<meta property=\"og:type\" content=\"article\" \/>\n<meta property=\"og:title\" content=\"S\u00f6k st\u00f6d f\u00f6r f\u00f6retagets utveckling - Uusyrityskeskus\" \/>\n<meta property=\"og:description\" content=\"Du kan f\u00e5 r\u00e5dgivning och finansiering f\u00f6r ditt f\u00f6retags tillv\u00e4xt fr\u00e5n olika instanser. R\u00e4tt slags st\u00f6d kan p\u00e5skynda utvecklingen avsev\u00e4rt. R\u00e5dgivning, finansiering och experthj\u00e4lp f\u00f6r f\u00f6retagets tillv\u00e4xt och utveckling kan [&hellip;]\" \/>\n<meta property=\"og:url\" content=\"https:\/\/uusyrityskeskus.fi\/sv\/digital-startguide\/kontinuerlig-utveckling-av-foretaget\/sok-stod-for-foretagets-utveckling\/\" \/>\n<meta property=\"og:site_name\" content=\"Uusyrityskeskus\" \/>\n<meta property=\"article:modified_time\" content=\"2026-03-24T10:29:47+00:00\" \/>\n<meta property=\"og:image\" content=\"https:\/\/uusyrityskeskus.fi\/wp-content\/uploads\/2025\/09\/Yrittajakassa-Kuvituskuva-Uusyrityskeskus.jpg\" \/>\n\t<meta property=\"og:image:width\" content=\"2500\" \/>\n\t<meta property=\"og:image:height\" content=\"1700\" \/>\n\t<meta property=\"og:image:type\" content=\"image\/jpeg\" \/>\n<meta name=\"twitter:card\" content=\"summary_large_image\" \/>\n<meta name=\"twitter:label1\" content=\"Ber\u00e4knad l\u00e4stid\" \/>\n\t<meta name=\"twitter:data1\" content=\"2 minuter\" \/>\n<script type=\"application\/ld+json\" class=\"yoast-schema-graph\">{\"@context\":\"https:\/\/schema.org\",\"@graph\":[{\"@type\":\"WebPage\",\"@id\":\"https:\/\/uusyrityskeskus.fi\/sv\/digital-startguide\/kontinuerlig-utveckling-av-foretaget\/sok-stod-for-foretagets-utveckling\/\",\"url\":\"https:\/\/uusyrityskeskus.fi\/sv\/digital-startguide\/kontinuerlig-utveckling-av-foretaget\/sok-stod-for-foretagets-utveckling\/\",\"name\":\"S\u00f6k st\u00f6d f\u00f6r f\u00f6retagets utveckling - Uusyrityskeskus\",\"isPartOf\":{\"@id\":\"https:\/\/uusyrityskeskus.fi\/sv\/#website\"},\"primaryImageOfPage\":{\"@id\":\"https:\/\/uusyrityskeskus.fi\/sv\/digital-startguide\/kontinuerlig-utveckling-av-foretaget\/sok-stod-for-foretagets-utveckling\/#primaryimage\"},\"image\":{\"@id\":\"https:\/\/uusyrityskeskus.fi\/sv\/digital-startguide\/kontinuerlig-utveckling-av-foretaget\/sok-stod-for-foretagets-utveckling\/#primaryimage\"},\"thumbnailUrl\":\"https:\/\/uusyrityskeskus.fi\/wp-content\/uploads\/2025\/09\/Yrittajakassa-Kuvituskuva-Uusyrityskeskus.jpg\",\"datePublished\":\"2025-09-02T08:39:32+00:00\",\"dateModified\":\"2026-03-24T10:29:47+00:00\",\"breadcrumb\":{\"@id\":\"https:\/\/uusyrityskeskus.fi\/sv\/digital-startguide\/kontinuerlig-utveckling-av-foretaget\/sok-stod-for-foretagets-utveckling\/#breadcrumb\"},\"inLanguage\":\"sv-SE\",\"potentialAction\":[{\"@type\":\"ReadAction\",\"target\":[\"https:\/\/uusyrityskeskus.fi\/sv\/digital-startguide\/kontinuerlig-utveckling-av-foretaget\/sok-stod-for-foretagets-utveckling\/\"]}]},{\"@type\":\"ImageObject\",\"inLanguage\":\"sv-SE\",\"@id\":\"https:\/\/uusyrityskeskus.fi\/sv\/digital-startguide\/kontinuerlig-utveckling-av-foretaget\/sok-stod-for-foretagets-utveckling\/#primaryimage\",\"url\":\"https:\/\/uusyrityskeskus.fi\/wp-content\/uploads\/2025\/09\/Yrittajakassa-Kuvituskuva-Uusyrityskeskus.jpg\",\"contentUrl\":\"https:\/\/uusyrityskeskus.fi\/wp-content\/uploads\/2025\/09\/Yrittajakassa-Kuvituskuva-Uusyrityskeskus.jpg\"},{\"@type\":\"BreadcrumbList\",\"@id\":\"https:\/\/uusyrityskeskus.fi\/sv\/digital-startguide\/kontinuerlig-utveckling-av-foretaget\/sok-stod-for-foretagets-utveckling\/#breadcrumb\",\"itemListElement\":[{\"@type\":\"ListItem\",\"position\":1,\"name\":\"Etusivu\",\"item\":\"https:\/\/uusyrityskeskus.fi\/sv\/\"},{\"@type\":\"ListItem\",\"position\":2,\"name\":\"Digital startguide\",\"item\":\"https:\/\/uusyrityskeskus.fi\/sv\/digital-startguide\/\"},{\"@type\":\"ListItem\",\"position\":3,\"name\":\"Kontinuerlig utveckling av f\u00f6retaget\",\"item\":\"https:\/\/uusyrityskeskus.fi\/sv\/digital-startguide\/kontinuerlig-utveckling-av-foretaget\/\"},{\"@type\":\"ListItem\",\"position\":4,\"name\":\"S\u00f6k st\u00f6d f\u00f6r f\u00f6retagets utveckling\"}]},{\"@type\":\"WebSite\",\"@id\":\"https:\/\/uusyrityskeskus.fi\/sv\/#website\",\"url\":\"https:\/\/uusyrityskeskus.fi\/sv\/\",\"name\":\"Uusyrityskeskus\",\"description\":\"Yritt\u00e4jyyden unelmista onnistumisia.\",\"potentialAction\":[{\"@type\":\"SearchAction\",\"target\":{\"@type\":\"EntryPoint\",\"urlTemplate\":\"https:\/\/uusyrityskeskus.fi\/sv\/?s={search_term_string}\"},\"query-input\":{\"@type\":\"PropertyValueSpecification\",\"valueRequired\":true,\"valueName\":\"search_term_string\"}}],\"inLanguage\":\"sv-SE\"}]}<\/script>\n<!-- \/ Yoast SEO plugin. -->","yoast_head_json":{"title":"S\u00f6k st\u00f6d f\u00f6r f\u00f6retagets utveckling - Uusyrityskeskus","robots":{"index":"index","follow":"follow","max-snippet":"max-snippet:-1","max-image-preview":"max-image-preview:large","max-video-preview":"max-video-preview:-1"},"canonical":"https:\/\/uusyrityskeskus.fi\/sv\/digital-startguide\/kontinuerlig-utveckling-av-foretaget\/sok-stod-for-foretagets-utveckling\/","og_locale":"sv_SE","og_type":"article","og_title":"S\u00f6k st\u00f6d f\u00f6r f\u00f6retagets utveckling - Uusyrityskeskus","og_description":"Du kan f\u00e5 r\u00e5dgivning och finansiering f\u00f6r ditt f\u00f6retags tillv\u00e4xt fr\u00e5n olika instanser. R\u00e4tt slags st\u00f6d kan p\u00e5skynda utvecklingen avsev\u00e4rt. R\u00e5dgivning, finansiering och experthj\u00e4lp f\u00f6r f\u00f6retagets tillv\u00e4xt och utveckling kan [&hellip;]","og_url":"https:\/\/uusyrityskeskus.fi\/sv\/digital-startguide\/kontinuerlig-utveckling-av-foretaget\/sok-stod-for-foretagets-utveckling\/","og_site_name":"Uusyrityskeskus","article_modified_time":"2026-03-24T10:29:47+00:00","og_image":[{"width":2500,"height":1700,"url":"https:\/\/uusyrityskeskus.fi\/wp-content\/uploads\/2025\/09\/Yrittajakassa-Kuvituskuva-Uusyrityskeskus.jpg","type":"image\/jpeg"}],"twitter_card":"summary_large_image","twitter_misc":{"Ber\u00e4knad l\u00e4stid":"2 minuter"},"schema":{"@context":"https:\/\/schema.org","@graph":[{"@type":"WebPage","@id":"https:\/\/uusyrityskeskus.fi\/sv\/digital-startguide\/kontinuerlig-utveckling-av-foretaget\/sok-stod-for-foretagets-utveckling\/","url":"https:\/\/uusyrityskeskus.fi\/sv\/digital-startguide\/kontinuerlig-utveckling-av-foretaget\/sok-stod-for-foretagets-utveckling\/","name":"S\u00f6k st\u00f6d f\u00f6r f\u00f6retagets utveckling - Uusyrityskeskus","isPartOf":{"@id":"https:\/\/uusyrityskeskus.fi\/sv\/#website"},"primaryImageOfPage":{"@id":"https:\/\/uusyrityskeskus.fi\/sv\/digital-startguide\/kontinuerlig-utveckling-av-foretaget\/sok-stod-for-foretagets-utveckling\/#primaryimage"},"image":{"@id":"https:\/\/uusyrityskeskus.fi\/sv\/digital-startguide\/kontinuerlig-utveckling-av-foretaget\/sok-stod-for-foretagets-utveckling\/#primaryimage"},"thumbnailUrl":"https:\/\/uusyrityskeskus.fi\/wp-content\/uploads\/2025\/09\/Yrittajakassa-Kuvituskuva-Uusyrityskeskus.jpg","datePublished":"2025-09-02T08:39:32+00:00","dateModified":"2026-03-24T10:29:47+00:00","breadcrumb":{"@id":"https:\/\/uusyrityskeskus.fi\/sv\/digital-startguide\/kontinuerlig-utveckling-av-foretaget\/sok-stod-for-foretagets-utveckling\/#breadcrumb"},"inLanguage":"sv-SE","potentialAction":[{"@type":"ReadAction","target":["https:\/\/uusyrityskeskus.fi\/sv\/digital-startguide\/kontinuerlig-utveckling-av-foretaget\/sok-stod-for-foretagets-utveckling\/"]}]},{"@type":"ImageObject","inLanguage":"sv-SE","@id":"https:\/\/uusyrityskeskus.fi\/sv\/digital-startguide\/kontinuerlig-utveckling-av-foretaget\/sok-stod-for-foretagets-utveckling\/#primaryimage","url":"https:\/\/uusyrityskeskus.fi\/wp-content\/uploads\/2025\/09\/Yrittajakassa-Kuvituskuva-Uusyrityskeskus.jpg","contentUrl":"https:\/\/uusyrityskeskus.fi\/wp-content\/uploads\/2025\/09\/Yrittajakassa-Kuvituskuva-Uusyrityskeskus.jpg"},{"@type":"BreadcrumbList","@id":"https:\/\/uusyrityskeskus.fi\/sv\/digital-startguide\/kontinuerlig-utveckling-av-foretaget\/sok-stod-for-foretagets-utveckling\/#breadcrumb","itemListElement":[{"@type":"ListItem","position":1,"name":"Etusivu","item":"https:\/\/uusyrityskeskus.fi\/sv\/"},{"@type":"ListItem","position":2,"name":"Digital startguide","item":"https:\/\/uusyrityskeskus.fi\/sv\/digital-startguide\/"},{"@type":"ListItem","position":3,"name":"Kontinuerlig utveckling av f\u00f6retaget","item":"https:\/\/uusyrityskeskus.fi\/sv\/digital-startguide\/kontinuerlig-utveckling-av-foretaget\/"},{"@type":"ListItem","position":4,"name":"S\u00f6k st\u00f6d f\u00f6r f\u00f6retagets utveckling"}]},{"@type":"WebSite","@id":"https:\/\/uusyrityskeskus.fi\/sv\/#website","url":"https:\/\/uusyrityskeskus.fi\/sv\/","name":"Uusyrityskeskus","description":"Yritt\u00e4jyyden unelmista onnistumisia.","potentialAction":[{"@type":"SearchAction","target":{"@type":"EntryPoint","urlTemplate":"https:\/\/uusyrityskeskus.fi\/sv\/?s={search_term_string}"},"query-input":{"@type":"PropertyValueSpecification","valueRequired":true,"valueName":"search_term_string"}}],"inLanguage":"sv-SE"}]}},"_links":{"self":[{"href":"https:\/\/uusyrityskeskus.fi\/sv\/wp-json\/wp\/v2\/pages\/15954","targetHints":{"allow":["GET"]}}],"collection":[{"href":"https:\/\/uusyrityskeskus.fi\/sv\/wp-json\/wp\/v2\/pages"}],"about":[{"href":"https:\/\/uusyrityskeskus.fi\/sv\/wp-json\/wp\/v2\/types\/page"}],"author":[{"embeddable":true,"href":"https:\/\/uusyrityskeskus.fi\/sv\/wp-json\/wp\/v2\/users\/1"}],"replies":[{"embeddable":true,"href":"https:\/\/uusyrityskeskus.fi\/sv\/wp-json\/wp\/v2\/comments?post=15954"}],"version-history":[{"count":4,"href":"https:\/\/uusyrityskeskus.fi\/sv\/wp-json\/wp\/v2\/pages\/15954\/revisions"}],"predecessor-version":[{"id":18079,"href":"https:\/\/uusyrityskeskus.fi\/sv\/wp-json\/wp\/v2\/pages\/15954\/revisions\/18079"}],"up":[{"embeddable":true,"href":"https:\/\/uusyrityskeskus.fi\/sv\/wp-json\/wp\/v2\/pages\/15711"}],"wp:attachment":[{"href":"https:\/\/uusyrityskeskus.fi\/sv\/wp-json\/wp\/v2\/media?parent=15954"}],"curies":[{"name":"wp","href":"https:\/\/api.w.org\/{rel}","templated":true}]}}