{"id":15935,"date":"2025-09-02T11:37:32","date_gmt":"2025-09-02T08:37:32","guid":{"rendered":"https:\/\/uusyrityskeskus.fi\/digital-startguide\/foretagsverksamhet\/tyonantajan-roolissa\/"},"modified":"2025-10-22T13:50:00","modified_gmt":"2025-10-22T10:50:00","slug":"arbetsgivarens-roll","status":"publish","type":"page","link":"https:\/\/uusyrityskeskus.fi\/sv\/digital-startguide\/foretagsverksamhet\/arbetsgivarens-roll\/","title":{"rendered":"Arbetsgivarens roll"},"content":{"rendered":"\n<div class=\"wp-block-tovaristrap-ts-container ts-container header--section\">\n<div class=\"ts-div header--row\">\n<h1 class=\"wp-block-heading\">Arbetsgivarens roll<\/h1>\n<\/div>\n<\/div>\n\n\n\n<div class=\"wp-block-tovaristrap-ts-container ts-container base--section pt-0 pb-0 border-bottom\">\n<div class=\"ts-div content--row\"><div class=\"yoast-breadcrumbs\"><span><span><a href=\"https:\/\/uusyrityskeskus.fi\/sv\/\">Etusivu<\/a><\/span> \u00bb <span><a href=\"https:\/\/uusyrityskeskus.fi\/sv\/digital-startguide\/\">Digital startguide<\/a><\/span> \u00bb <span><a href=\"https:\/\/uusyrityskeskus.fi\/sv\/digital-startguide\/foretagsverksamhet\/\">F\u00f6retagets vardag och hantering av den<\/a><\/span> \u00bb <span class=\"breadcrumb_last\" aria-current=\"page\">Arbetsgivarens roll<\/span><\/span><\/div><\/div>\n<\/div>\n\n\n\n<div class=\"wp-block-columns content--section with--default--padding is-layout-flex wp-container-core-columns-is-layout-9d6595d7 wp-block-columns-is-layout-flex\">\n<div class=\"wp-block-column content--div is-layout-flow wp-block-column-is-layout-flow\">\n<div class=\"wp-block-columns content--row is-layout-flex wp-container-core-columns-is-layout-9d6595d7 wp-block-columns-is-layout-flex\">\n<div class=\"wp-block-column custom--col--default sub--page--left--col is-layout-flow wp-block-column-is-layout-flow\" style=\"flex-basis:72%\">\n<p><em>Om du anst\u00e4ller en arbetstagare ska du komma ih\u00e5g arbetsavtalet, f\u00f6rs\u00e4kringarna och l\u00f6nebetalningen. Arbetsgivaren har ocks\u00e5 andra lagstadgade skyldigheter \u2013 ta reda p\u00e5 dem innan du rekryterar<\/em><\/p>\n\n\n\n<p>N\u00e4r du anst\u00e4ller en arbetstagare blir du arbetsgivare, vilket medf\u00f6r skyldigheter. I b\u00f6rjan av anst\u00e4llningsf\u00f6rh\u00e5llandet ska du uppr\u00e4tta ett <strong>arbetsavtal<\/strong>, anm\u00e4la arbetstagaren till <strong>inkomstregistret<\/strong> och <strong>sk\u00f6ta f\u00f6rskottsinneh\u00e5llningarna och arbetsgivaravgifterna<\/strong>. Till dessa h\u00f6r bl.a. pensionsavgifter, f\u00f6rs\u00e4kringar, olycksfallsf\u00f6rs\u00e4kring samt eventuell f\u00f6retagsh\u00e4lsov\u00e5rd.<\/p>\n\n\n\n<p>Rekryteringen \u00e4r en viktig del av ett lyckat anst\u00e4llningsf\u00f6rh\u00e5llande. Planera rekryteringsprocessen noggrant och kom ih\u00e5g att dataskyddslagstiftningen ska f\u00f6ljas redan vid behandlingen av ans\u00f6kningarna. Personuppgifter f\u00e5r samlas in endast i beh\u00f6vlig omfattning och de ska f\u00f6rvaras omsorgsfullt.<\/p>\n\n\n\n<p>Som arbetsgivare ska du f\u00f6lja arbetslagstiftningen och eventuellt ett branschspecifikt kollektivavtal (KA), som kan fastst\u00e4lla till exempel minimil\u00f6n, arbetstider och semestrar. Arbetss\u00e4kerhet och en god introduktion \u00e4r f\u00f6rutom arbetstagarens r\u00e4tt \u00e4ven till f\u00f6retagets f\u00f6rdel.<\/p>\n\n\n\n<p>Kom ocks\u00e5 ih\u00e5g att l\u00f6nebikostnaderna kan utg\u00f6ra cirka 20\u201330 procent av bruttol\u00f6nen. God planering hj\u00e4lper dig att undvika \u00f6verraskningar.<\/p>\n\n\n\n<p>Du beh\u00f6ver inte sk\u00f6ta allt sj\u00e4lv: du kan ocks\u00e5 k\u00f6pa kompetens av en underleverant\u00f6r eller en l\u00e4ttf\u00f6retagare, men d\u00e5 g\u00e4ller inte skyldigheterna i ett anst\u00e4llningsf\u00f6rh\u00e5llande \u2013 men behovet av ett tydligt avtal framh\u00e4vs.<\/p>\n\n\n\n<div class=\"wp-block-group sub--page--group info--box\"><div class=\"wp-block-group__inner-container is-layout-constrained wp-block-group-is-layout-constrained\">\n<h4 class=\"wp-block-heading\">L\u00e4nkar:<\/h4>\n\n\n\n<p><strong>Vero.fi:<\/strong> <br><a href=\"https:\/\/www.vero.fi\/sv\/inkomstregistret\/f%C3%B6retag-och-organisationer\/\" target=\"_blank\" rel=\"noreferrer noopener\"><a href=\"https:\/\/www.vero.fi\/sv\/inkomstregistret\/f%C3%B6retag-och-organisationer\/\">F\u00f6retag och organisationer &#8211; Inkomstregistret<\/a><\/a><br><a href=\"https:\/\/vero.fi\/sv\/foretag-och-samfund\/skatter-och-avgifter\/arbetsgivare\/\" target=\"_blank\" rel=\"noreferrer noopener\"><a href=\"https:\/\/vero.fi\/sv\/foretag-och-samfund\/skatter-och-avgifter\/arbetsgivare\/\">Som arbetsgivare &#8211; vero.fi<\/a><\/a><\/p>\n\n\n\n<p><strong>Tyosuojelu.fi:<\/strong> <a href=\"http:\/\/www.tyosuojelu.fi\" target=\"_blank\" rel=\"noreferrer noopener\">www.tyosuojelu.fi<\/a><\/p>\n<\/div><\/div>\n\n\n\n<div class=\"wp-block-columns content--row page--turn--buttons is-layout-flex wp-container-core-columns-is-layout-9d6595d7 wp-block-columns-is-layout-flex\">\n<div class=\"wp-block-column is-layout-flow wp-block-column-is-layout-flow\">\n<div class=\"wp-block-buttons is-layout-flex wp-block-buttons-is-layout-flex\">\n<div class=\"wp-block-button\"><a class=\"wp-block-button__link wp-element-button\" href=\"https:\/\/uusyrityskeskus.fi\/sv\/digital-startguide\/foretagsverksamhet\/kann-till-skatterna\/\">\u2190 3.4. K\u00e4nn till skatterna \u2013 som f\u00f6retagare b\u00e4r du ansvaret<\/a><\/div>\n<\/div>\n<\/div>\n\n\n\n<div class=\"wp-block-column is-layout-flow wp-block-column-is-layout-flow\">\n<div class=\"wp-block-buttons is-content-justification-right is-layout-flex wp-container-core-buttons-is-layout-765c4724 wp-block-buttons-is-layout-flex\">\n<div class=\"wp-block-button\"><a class=\"wp-block-button__link wp-element-button\" href=\"https:\/\/uusyrityskeskus.fi\/sv\/digital-startguide\/kontinuerlig-utveckling-av-foretaget\/\">4. Kontinuerlig utveckling av f\u00f6retaget \u2192<\/a><\/div>\n<\/div>\n<\/div>\n<\/div>\n<\/div>\n\n\n\n<div class=\"wp-block-column custom--col--default is-layout-flow wp-block-column-is-layout-flow\" style=\"flex-basis:28%\">\n<div class=\"wp-block-group standard--group--with--shadow\"><div class=\"wp-block-group__inner-container is-layout-constrained wp-block-group-is-layout-constrained\">\n<h4 class=\"wp-block-heading\">Beh\u00f6ver du hj\u00e4lp?<\/h4>\n\n\n\n<div class=\"wp-block-buttons is-content-justification-center is-layout-flex wp-container-core-buttons-is-layout-16018d1d wp-block-buttons-is-layout-flex\">\n<div class=\"wp-block-button button--main\"><a class=\"wp-block-button__link wp-element-button\" href=\"https:\/\/uusyrityskeskus.fi\/sv\/nyforetagscentrumen\/\">Boka en konsultation<\/a><\/div>\n<\/div>\n\n\n\n<div class=\"wp-block-buttons is-content-justification-center is-layout-flex wp-container-core-buttons-is-layout-16018d1d wp-block-buttons-is-layout-flex\">\n<div class=\"wp-block-button mb--0 button--alt\"><a class=\"wp-block-button__link wp-element-button\" href=\"https:\/\/uusyrityskeskus.fi\/sv\/starta-eget-guiden\/\">Ladda ner PDF-guide<\/a><\/div>\n<\/div>\n<\/div><\/div>\n\n\n\n<div class=\"wp-block-group links--column\"><div class=\"wp-block-group__inner-container is-layout-constrained wp-block-group-is-layout-constrained\">\n<h4 class=\"wp-block-heading\">3. F\u00f6retagets vardag och hantering av den<\/h4>\n\n\n\n<div class=\"perustamisopas-nav\">\n<ol>\n<li>\n<a href=\"https:\/\/uusyrityskeskus.fi\/sv\/digital-startguide\/foretagsverksamhet\/agera-ansvarsfullt\/\">Agera ansvarsfullt <\/a>\n<\/li>\n\n<li>\n<a href=\"https:\/\/uusyrityskeskus.fi\/sv\/digital-startguide\/foretagsverksamhet\/marknadsfor-sa-att-kunden-blir-intresserad\/\">Marknadsf\u00f6r s\u00e5 att kunden blir intresserad<\/a>\n<\/li>\n\n<li>\n<a href=\"https:\/\/uusyrityskeskus.fi\/sv\/digital-startguide\/foretagsverksamhet\/hall-foretagets-ekonomi-under-kontroll\/\">H\u00e5ll f\u00f6retagets ekonomi under kontroll<\/a>\n<\/li>\n<li>\n<a href=\"https:\/\/uusyrityskeskus.fi\/sv\/digital-startguide\/foretagsverksamhet\/kann-till-skatterna\/\">K\u00e4nn till skatterna \u2013 som f\u00f6retagare b\u00e4r du ansvaret<\/a>\n<\/li>\n\n<li>\n<a href=\"https:\/\/uusyrityskeskus.fi\/sv\/digital-startguide\/foretagsverksamhet\/arbetsgivarens-roll\/\" class=\"active\">Arbetsgivarens roll<\/a>\n<\/li>\n<\/ol>\n<\/div>\n<\/div><\/div>\n<\/div>\n<\/div>\n<\/div>\n<\/div>\n","protected":false},"excerpt":{"rendered":"Om du anst\u00e4ller en arbetstagare ska du komma ih\u00e5g arbetsavtalet, f\u00f6rs\u00e4kringarna och l\u00f6nebetalningen. Arbetsgivaren har ocks\u00e5 andra lagstadgade skyldigheter \u2013 ta reda p\u00e5 dem innan du rekryterar N\u00e4r du anst\u00e4ller [&hellip;]","protected":false},"author":1,"featured_media":0,"parent":15705,"menu_order":0,"comment_status":"closed","ping_status":"closed","template":"","meta":{"iawp_total_views":2,"footnotes":""},"class_list":["post-15935","page","type-page","status-publish","hentry"],"yoast_head":"<!-- This site is optimized with the Yoast SEO plugin v26.8 - https:\/\/yoast.com\/product\/yoast-seo-wordpress\/ -->\n<title>Arbetsgivarens roll - Uusyrityskeskus<\/title>\n<meta name=\"robots\" content=\"index, follow, max-snippet:-1, max-image-preview:large, max-video-preview:-1\" \/>\n<link rel=\"canonical\" href=\"https:\/\/uusyrityskeskus.fi\/sv\/digital-startguide\/foretagsverksamhet\/arbetsgivarens-roll\/\" \/>\n<meta property=\"og:locale\" content=\"sv_SE\" \/>\n<meta property=\"og:type\" content=\"article\" \/>\n<meta property=\"og:title\" content=\"Arbetsgivarens roll - Uusyrityskeskus\" \/>\n<meta property=\"og:description\" content=\"Om du anst\u00e4ller en arbetstagare ska du komma ih\u00e5g arbetsavtalet, f\u00f6rs\u00e4kringarna och l\u00f6nebetalningen. Arbetsgivaren har ocks\u00e5 andra lagstadgade skyldigheter \u2013 ta reda p\u00e5 dem innan du rekryterar N\u00e4r du anst\u00e4ller [&hellip;]\" \/>\n<meta property=\"og:url\" content=\"https:\/\/uusyrityskeskus.fi\/sv\/digital-startguide\/foretagsverksamhet\/arbetsgivarens-roll\/\" \/>\n<meta property=\"og:site_name\" content=\"Uusyrityskeskus\" \/>\n<meta property=\"article:modified_time\" content=\"2025-10-22T10:50:00+00:00\" \/>\n<meta property=\"og:image\" content=\"https:\/\/uusyrityskeskus.fi\/wp-content\/uploads\/2020\/12\/uusyrityskeskus-turkoosi.jpg\" \/>\n\t<meta property=\"og:image:width\" content=\"2048\" \/>\n\t<meta property=\"og:image:height\" content=\"1152\" \/>\n\t<meta property=\"og:image:type\" content=\"image\/jpeg\" \/>\n<meta name=\"twitter:card\" content=\"summary_large_image\" \/>\n<script type=\"application\/ld+json\" class=\"yoast-schema-graph\">{\"@context\":\"https:\/\/schema.org\",\"@graph\":[{\"@type\":\"WebPage\",\"@id\":\"https:\/\/uusyrityskeskus.fi\/sv\/digital-startguide\/foretagsverksamhet\/arbetsgivarens-roll\/\",\"url\":\"https:\/\/uusyrityskeskus.fi\/sv\/digital-startguide\/foretagsverksamhet\/arbetsgivarens-roll\/\",\"name\":\"Arbetsgivarens roll - Uusyrityskeskus\",\"isPartOf\":{\"@id\":\"https:\/\/uusyrityskeskus.fi\/sv\/#website\"},\"datePublished\":\"2025-09-02T08:37:32+00:00\",\"dateModified\":\"2025-10-22T10:50:00+00:00\",\"breadcrumb\":{\"@id\":\"https:\/\/uusyrityskeskus.fi\/sv\/digital-startguide\/foretagsverksamhet\/arbetsgivarens-roll\/#breadcrumb\"},\"inLanguage\":\"sv-SE\",\"potentialAction\":[{\"@type\":\"ReadAction\",\"target\":[\"https:\/\/uusyrityskeskus.fi\/sv\/digital-startguide\/foretagsverksamhet\/arbetsgivarens-roll\/\"]}]},{\"@type\":\"BreadcrumbList\",\"@id\":\"https:\/\/uusyrityskeskus.fi\/sv\/digital-startguide\/foretagsverksamhet\/arbetsgivarens-roll\/#breadcrumb\",\"itemListElement\":[{\"@type\":\"ListItem\",\"position\":1,\"name\":\"Etusivu\",\"item\":\"https:\/\/uusyrityskeskus.fi\/sv\/\"},{\"@type\":\"ListItem\",\"position\":2,\"name\":\"Digital startguide\",\"item\":\"https:\/\/uusyrityskeskus.fi\/sv\/digital-startguide\/\"},{\"@type\":\"ListItem\",\"position\":3,\"name\":\"F\u00f6retagets vardag och hantering av den\",\"item\":\"https:\/\/uusyrityskeskus.fi\/sv\/digital-startguide\/foretagsverksamhet\/\"},{\"@type\":\"ListItem\",\"position\":4,\"name\":\"Arbetsgivarens roll\"}]},{\"@type\":\"WebSite\",\"@id\":\"https:\/\/uusyrityskeskus.fi\/sv\/#website\",\"url\":\"https:\/\/uusyrityskeskus.fi\/sv\/\",\"name\":\"Uusyrityskeskus\",\"description\":\"Yritt\u00e4jyyden unelmista onnistumisia.\",\"potentialAction\":[{\"@type\":\"SearchAction\",\"target\":{\"@type\":\"EntryPoint\",\"urlTemplate\":\"https:\/\/uusyrityskeskus.fi\/sv\/?s={search_term_string}\"},\"query-input\":{\"@type\":\"PropertyValueSpecification\",\"valueRequired\":true,\"valueName\":\"search_term_string\"}}],\"inLanguage\":\"sv-SE\"}]}<\/script>\n<!-- \/ Yoast SEO plugin. -->","yoast_head_json":{"title":"Arbetsgivarens roll - Uusyrityskeskus","robots":{"index":"index","follow":"follow","max-snippet":"max-snippet:-1","max-image-preview":"max-image-preview:large","max-video-preview":"max-video-preview:-1"},"canonical":"https:\/\/uusyrityskeskus.fi\/sv\/digital-startguide\/foretagsverksamhet\/arbetsgivarens-roll\/","og_locale":"sv_SE","og_type":"article","og_title":"Arbetsgivarens roll - Uusyrityskeskus","og_description":"Om du anst\u00e4ller en arbetstagare ska du komma ih\u00e5g arbetsavtalet, f\u00f6rs\u00e4kringarna och l\u00f6nebetalningen. Arbetsgivaren har ocks\u00e5 andra lagstadgade skyldigheter \u2013 ta reda p\u00e5 dem innan du rekryterar N\u00e4r du anst\u00e4ller [&hellip;]","og_url":"https:\/\/uusyrityskeskus.fi\/sv\/digital-startguide\/foretagsverksamhet\/arbetsgivarens-roll\/","og_site_name":"Uusyrityskeskus","article_modified_time":"2025-10-22T10:50:00+00:00","og_image":[{"width":2048,"height":1152,"url":"https:\/\/uusyrityskeskus.fi\/wp-content\/uploads\/2020\/12\/uusyrityskeskus-turkoosi.jpg","type":"image\/jpeg"}],"twitter_card":"summary_large_image","schema":{"@context":"https:\/\/schema.org","@graph":[{"@type":"WebPage","@id":"https:\/\/uusyrityskeskus.fi\/sv\/digital-startguide\/foretagsverksamhet\/arbetsgivarens-roll\/","url":"https:\/\/uusyrityskeskus.fi\/sv\/digital-startguide\/foretagsverksamhet\/arbetsgivarens-roll\/","name":"Arbetsgivarens roll - Uusyrityskeskus","isPartOf":{"@id":"https:\/\/uusyrityskeskus.fi\/sv\/#website"},"datePublished":"2025-09-02T08:37:32+00:00","dateModified":"2025-10-22T10:50:00+00:00","breadcrumb":{"@id":"https:\/\/uusyrityskeskus.fi\/sv\/digital-startguide\/foretagsverksamhet\/arbetsgivarens-roll\/#breadcrumb"},"inLanguage":"sv-SE","potentialAction":[{"@type":"ReadAction","target":["https:\/\/uusyrityskeskus.fi\/sv\/digital-startguide\/foretagsverksamhet\/arbetsgivarens-roll\/"]}]},{"@type":"BreadcrumbList","@id":"https:\/\/uusyrityskeskus.fi\/sv\/digital-startguide\/foretagsverksamhet\/arbetsgivarens-roll\/#breadcrumb","itemListElement":[{"@type":"ListItem","position":1,"name":"Etusivu","item":"https:\/\/uusyrityskeskus.fi\/sv\/"},{"@type":"ListItem","position":2,"name":"Digital startguide","item":"https:\/\/uusyrityskeskus.fi\/sv\/digital-startguide\/"},{"@type":"ListItem","position":3,"name":"F\u00f6retagets vardag och hantering av den","item":"https:\/\/uusyrityskeskus.fi\/sv\/digital-startguide\/foretagsverksamhet\/"},{"@type":"ListItem","position":4,"name":"Arbetsgivarens roll"}]},{"@type":"WebSite","@id":"https:\/\/uusyrityskeskus.fi\/sv\/#website","url":"https:\/\/uusyrityskeskus.fi\/sv\/","name":"Uusyrityskeskus","description":"Yritt\u00e4jyyden unelmista onnistumisia.","potentialAction":[{"@type":"SearchAction","target":{"@type":"EntryPoint","urlTemplate":"https:\/\/uusyrityskeskus.fi\/sv\/?s={search_term_string}"},"query-input":{"@type":"PropertyValueSpecification","valueRequired":true,"valueName":"search_term_string"}}],"inLanguage":"sv-SE"}]}},"_links":{"self":[{"href":"https:\/\/uusyrityskeskus.fi\/sv\/wp-json\/wp\/v2\/pages\/15935","targetHints":{"allow":["GET"]}}],"collection":[{"href":"https:\/\/uusyrityskeskus.fi\/sv\/wp-json\/wp\/v2\/pages"}],"about":[{"href":"https:\/\/uusyrityskeskus.fi\/sv\/wp-json\/wp\/v2\/types\/page"}],"author":[{"embeddable":true,"href":"https:\/\/uusyrityskeskus.fi\/sv\/wp-json\/wp\/v2\/users\/1"}],"replies":[{"embeddable":true,"href":"https:\/\/uusyrityskeskus.fi\/sv\/wp-json\/wp\/v2\/comments?post=15935"}],"version-history":[{"count":5,"href":"https:\/\/uusyrityskeskus.fi\/sv\/wp-json\/wp\/v2\/pages\/15935\/revisions"}],"predecessor-version":[{"id":16330,"href":"https:\/\/uusyrityskeskus.fi\/sv\/wp-json\/wp\/v2\/pages\/15935\/revisions\/16330"}],"up":[{"embeddable":true,"href":"https:\/\/uusyrityskeskus.fi\/sv\/wp-json\/wp\/v2\/pages\/15705"}],"wp:attachment":[{"href":"https:\/\/uusyrityskeskus.fi\/sv\/wp-json\/wp\/v2\/media?parent=15935"}],"curies":[{"name":"wp","href":"https:\/\/api.w.org\/{rel}","templated":true}]}}