{"id":15927,"date":"2025-09-02T11:36:52","date_gmt":"2025-09-02T08:36:52","guid":{"rendered":"https:\/\/uusyrityskeskus.fi\/digital-startguide\/foretagsverksamhet\/tunne-verot\/"},"modified":"2025-11-06T12:45:16","modified_gmt":"2025-11-06T10:45:16","slug":"kann-till-skatterna","status":"publish","type":"page","link":"https:\/\/uusyrityskeskus.fi\/sv\/digital-startguide\/foretagsverksamhet\/kann-till-skatterna\/","title":{"rendered":"K\u00e4nn till skatterna \u2013 som f\u00f6retagare b\u00e4r du ansvaret"},"content":{"rendered":"\n<div class=\"wp-block-tovaristrap-ts-container ts-container header--section\">\n<div class=\"ts-div header--row\">\n<h1 class=\"wp-block-heading\">K\u00e4nn till skatterna \u2013 som f\u00f6retagare b\u00e4r du ansvaret<\/h1>\n<\/div>\n<\/div>\n\n\n\n<div class=\"wp-block-tovaristrap-ts-container ts-container base--section pt-0 pb-0 border-bottom\">\n<div class=\"ts-div content--row\"><div class=\"yoast-breadcrumbs\"><span><span><a href=\"https:\/\/uusyrityskeskus.fi\/sv\/\">Etusivu<\/a><\/span> \u00bb <span><a href=\"https:\/\/uusyrityskeskus.fi\/sv\/digital-startguide\/\">Digital startguide<\/a><\/span> \u00bb <span><a href=\"https:\/\/uusyrityskeskus.fi\/sv\/digital-startguide\/foretagsverksamhet\/\">F\u00f6retagets vardag och hantering av den<\/a><\/span> \u00bb <span class=\"breadcrumb_last\" aria-current=\"page\">K\u00e4nn till skatterna \u2013 som f\u00f6retagare b\u00e4r du ansvaret<\/span><\/span><\/div><\/div>\n<\/div>\n\n\n\n<div class=\"wp-block-columns content--section with--default--padding is-layout-flex wp-container-core-columns-is-layout-9d6595d7 wp-block-columns-is-layout-flex\">\n<div class=\"wp-block-column content--div is-layout-flow wp-block-column-is-layout-flow\">\n<div class=\"wp-block-columns content--row is-layout-flex wp-container-core-columns-is-layout-9d6595d7 wp-block-columns-is-layout-flex\">\n<div class=\"wp-block-column custom--col--default sub--page--left--col is-layout-flow wp-block-column-is-layout-flow\" style=\"flex-basis:72%\">\n<p><em>F\u00f6retagaren m\u00e5ste sj\u00e4lv ta hand om skatterna \u2013 kontrollera \u00e5tminstone f\u00f6rskottsskatterna och momsskyldigheten. Om du inte \u00e4r s\u00e4ker kan du alltid be skattemyndigheten eller en sakkunnig om r\u00e5d.<\/em><\/p>\n\n\n\n<p>Som f\u00f6retagare ansvarar du sj\u00e4lv f\u00f6r att skatte\u00e4renden sk\u00f6ts r\u00e4tt och i tid. I beskattningen ing\u00e5r b\u00e5de f\u00f6retagets och f\u00f6retagarens egna skyldigheter och det \u00e4r viktigt att f\u00f6rst\u00e5 hur olika skatter uppkommer och hur man f\u00f6rbereder sig p\u00e5 dem.<\/p>\n\n\n\n<p>Ditt f\u00f6retag betalar inkomstskatt f\u00f6r <strong>sitt resultat<\/strong> och skattens belopp beror p\u00e5 f\u00f6retagsformen \u2013 ett aktiebolag betalar till exempel skatt p\u00e5 bolagets vinst, medan en ensamf\u00f6retagare betalar skatterna i sin personliga beskattning. F\u00f6r inkomster av f\u00f6retagsverksamheten s\u00f6ks <strong>f\u00f6rskottsskatt<\/strong> som betalas p\u00e5 basis av det uppskattade resultatet. Skattemyndigheten skickar inte f\u00f6rhandsskattebeslutet automatiskt, utan det ska s\u00f6kas i MinSkatt.<\/p>\n\n\n\n<p>Kom ih\u00e5g att om du inte h\u00f6r till f\u00f6rskottsuppb\u00f6rdsregistret \u00e4r din kund skyldig att inneh\u00e5lla och betala skatter f\u00f6r din r\u00e4kning. Detta kan f\u00f6rhindra mottagandet av uppdrag, s\u00e5 det \u00e4r viktigt att h\u00e5lla sig i registret. Om inkomsterna f\u00f6r\u00e4ndras under \u00e5ret kan f\u00f6rskottsskatten \u00e4ndras n\u00e4r som helst.<\/p>\n\n\n\n<p>Merv\u00e4rdesskatten (momsen) \u00e4r en viktig del av n\u00e4stan alla f\u00f6retags verksamhet. Momsen l\u00e4ggs till f\u00f6rs\u00e4ljningspriset och redovisas till staten, det \u00e4r allts\u00e5 inte f\u00f6retagets egna pengar. Kom ih\u00e5g att registrera dig i momsregistret om din oms\u00e4ttning \u00f6verskrider den gr\u00e4ns som skattemyndigheten \u00e5rligen fastst\u00e4ller.<\/p>\n\n\n\n<p>Bokf\u00f6ring, f\u00f6rvaring av kvitton och aktuell uppf\u00f6ljning har en nyckelroll i sk\u00f6tseln av skatter. En bra bokf\u00f6ringsbyr\u00e5 hj\u00e4lper, men ansvaret kvarst\u00e5r hos f\u00f6retagaren sj\u00e4lv.<\/p>\n\n\n\n<div class=\"wp-block-group sub--page--group info--box\"><div class=\"wp-block-group__inner-container is-layout-constrained wp-block-group-is-layout-constrained\">\n<h4 class=\"wp-block-heading\">L\u00e4nkar:<\/h4>\n\n\n\n<p><strong>Vero.fi:<\/strong> <br><a href=\"https:\/\/vero.fi\/sv\/foretag-och-samfund\/skatter-och-avgifter\/momsbeskattning\/\" target=\"_blank\" rel=\"noreferrer noopener\">Momsbeskattning &#8211; vero.fi<\/a><br><a href=\"https:\/\/vero.fi\/sv\/foretag-och-samfund\/skatter-och-avgifter\/forskottsskatt\/\" target=\"_blank\" rel=\"noreferrer noopener\"><\/a><a href=\"https:\/\/vero.fi\/sv\/foretag-och-samfund\/skatter-och-avgifter\/forskottsskatt\/\">F\u00f6rskottsskatt &#8211; vero.fi<\/a><\/p>\n\n\n\n<p><strong>Suomi.fi:<\/strong> <a href=\"https:\/\/www.suomi.fi\/foretag\/ekonomiforvaltning-och-beskattning\/foretagsbeskattning\/guide\/foretagsbeskattning\/foretagets-inkomstskatt\" target=\"_blank\" rel=\"noreferrer noopener\"><\/a><a href=\"https:\/\/www.suomi.fi\/foretag\/ekonomiforvaltning-och-beskattning\/foretagsbeskattning\/guide\/foretagsbeskattning\/foretagets-inkomstskatt\">F\u00f6retagets inkomstskatt &#8211; Ekonomif\u00f6rvaltning och beskattning &#8211; Suomi.fi<\/a><\/p>\n<\/div><\/div>\n\n\n\n<div class=\"wp-block-columns content--section is-layout-flex wp-container-core-columns-is-layout-9d6595d7 wp-block-columns-is-layout-flex\">\n<div class=\"wp-block-column content--div is-layout-flow wp-block-column-is-layout-flow\">\n<div class=\"wp-block-columns content--row ad--row is-layout-flex wp-container-core-columns-is-layout-9d6595d7 wp-block-columns-is-layout-flex\">\n<div class=\"wp-block-column is-layout-flow wp-block-column-is-layout-flow\" style=\"flex-basis:33.33%\">\n<figure class=\"wp-block-image size-full ad--image--main\"><img decoding=\"async\" width=\"2500\" height=\"1700\" data-src=\"https:\/\/uusyrityskeskus.fi\/wp-content\/uploads\/2025\/09\/Yrittajakassa-Kuvituskuva-Uusyrityskeskus.jpg\" alt=\"\" class=\"wp-image-14172 lazyload\" data-srcset=\"https:\/\/uusyrityskeskus.fi\/wp-content\/uploads\/2025\/09\/Yrittajakassa-Kuvituskuva-Uusyrityskeskus.jpg 2500w, https:\/\/uusyrityskeskus.fi\/wp-content\/uploads\/2025\/09\/Yrittajakassa-Kuvituskuva-Uusyrityskeskus-300x204.jpg 300w, https:\/\/uusyrityskeskus.fi\/wp-content\/uploads\/2025\/09\/Yrittajakassa-Kuvituskuva-Uusyrityskeskus-1024x696.jpg 1024w, https:\/\/uusyrityskeskus.fi\/wp-content\/uploads\/2025\/09\/Yrittajakassa-Kuvituskuva-Uusyrityskeskus-768x522.jpg 768w, https:\/\/uusyrityskeskus.fi\/wp-content\/uploads\/2025\/09\/Yrittajakassa-Kuvituskuva-Uusyrityskeskus-1536x1044.jpg 1536w, https:\/\/uusyrityskeskus.fi\/wp-content\/uploads\/2025\/09\/Yrittajakassa-Kuvituskuva-Uusyrityskeskus-2048x1393.jpg 2048w\" data-sizes=\"(max-width: 2500px) 100vw, 2500px\" src=\"data:image\/svg+xml;base64,PHN2ZyB3aWR0aD0iMSIgaGVpZ2h0PSIxIiB4bWxucz0iaHR0cDovL3d3dy53My5vcmcvMjAwMC9zdmciPjwvc3ZnPg==\" style=\"--smush-placeholder-width: 2500px; --smush-placeholder-aspect-ratio: 2500\/1700;\" \/><\/figure>\n\n\n\n<p class=\"web--link\"><a href=\"https:\/\/uusyrityskeskus.fi\/sv\/\">www.uusyrityskeskus.fi<\/a><\/p>\n<\/div>\n\n\n\n<div class=\"wp-block-column is-layout-flow wp-block-column-is-layout-flow\" style=\"flex-basis:66.66%\">\n<figure class=\"wp-block-image size-full ad--logo--image\"><img decoding=\"async\" data-src=\"https:\/\/uusyrityskeskus.fi\/wp-content\/uploads\/2025\/09\/uusyrityskeskus_logo.svg\" alt=\"\" class=\"wp-image-14290 lazyload\" src=\"data:image\/svg+xml;base64,PHN2ZyB3aWR0aD0iMSIgaGVpZ2h0PSIxIiB4bWxucz0iaHR0cDovL3d3dy53My5vcmcvMjAwMC9zdmciPjwvc3ZnPg==\" \/><\/figure>\n\n\n\n<h2 class=\"wp-block-heading\">Helppo tapa tukea yritt\u00e4jyytt\u00e4.<\/h2>\n\n\n\n<p>Tarjoamme mainostilaa digitaalisessa ja fyysisess\u00e4 perustamisoppaassa monipuolisesti. Mainos- ja media -asioissa ole yhteydess\u00e4 vastuuhenkil\u00f6\u00f6mme: <a href=\"mailto:nita.vallimaki@uusyrityskeskus.fi\">nita.vallimaki@uusyrityskeskus.fi<\/a>.<\/p>\n\n\n\n<div class=\"wp-block-buttons is-layout-flex wp-block-buttons-is-layout-flex\">\n<div class=\"wp-block-button\"><a class=\"wp-block-button__link wp-element-button\" href=\"\/wp-content\/uploads\/2025\/10\/Mediakortti-2026-Nettisivut.pdf\" target=\"_blank\" rel=\"noreferrer noopener\">Katso mediakortti \u2192<\/a><\/div>\n<\/div>\n<\/div>\n<\/div>\n<\/div>\n<\/div>\n\n\n\n<div class=\"wp-block-columns content--row page--turn--buttons is-layout-flex wp-container-core-columns-is-layout-9d6595d7 wp-block-columns-is-layout-flex\">\n<div class=\"wp-block-column is-layout-flow wp-block-column-is-layout-flow\">\n<div class=\"wp-block-buttons is-layout-flex wp-block-buttons-is-layout-flex\">\n<div class=\"wp-block-button\"><a class=\"wp-block-button__link wp-element-button\" href=\"https:\/\/uusyrityskeskus.fi\/sv\/digital-startguide\/foretagsverksamhet\/hall-foretagets-ekonomi-under-kontroll\/\">\u2190 3.3. H\u00e5ll f\u00f6retagets ekonomi under kontroll<\/a><\/div>\n<\/div>\n<\/div>\n\n\n\n<div class=\"wp-block-column is-layout-flow wp-block-column-is-layout-flow\">\n<div class=\"wp-block-buttons is-content-justification-right is-layout-flex wp-container-core-buttons-is-layout-765c4724 wp-block-buttons-is-layout-flex\">\n<div class=\"wp-block-button\"><a class=\"wp-block-button__link wp-element-button\" href=\"https:\/\/uusyrityskeskus.fi\/sv\/digital-startguide\/foretagsverksamhet\/arbetsgivarens-roll\/\">3.5. Arbetsgivarens roll \u2192<\/a><\/div>\n<\/div>\n<\/div>\n<\/div>\n<\/div>\n\n\n\n<div class=\"wp-block-column custom--col--default is-layout-flow wp-block-column-is-layout-flow\" style=\"flex-basis:28%\">\n<div class=\"wp-block-group standard--group--with--shadow\"><div class=\"wp-block-group__inner-container is-layout-constrained wp-block-group-is-layout-constrained\">\n<h4 class=\"wp-block-heading\">Beh\u00f6ver du hj\u00e4lp?<\/h4>\n\n\n\n<div class=\"wp-block-buttons is-content-justification-center is-layout-flex wp-container-core-buttons-is-layout-16018d1d wp-block-buttons-is-layout-flex\">\n<div class=\"wp-block-button button--main\"><a class=\"wp-block-button__link wp-element-button\" href=\"https:\/\/uusyrityskeskus.fi\/sv\/nyforetagscentrumen\/\">Boka en konsultation<\/a><\/div>\n<\/div>\n\n\n\n<div class=\"wp-block-buttons is-content-justification-center is-layout-flex wp-container-core-buttons-is-layout-16018d1d wp-block-buttons-is-layout-flex\">\n<div class=\"wp-block-button mb--0 button--alt\"><a class=\"wp-block-button__link wp-element-button\" href=\"https:\/\/uusyrityskeskus.fi\/sv\/starta-eget-guiden\/\">Ladda ner PDF-guide<\/a><\/div>\n<\/div>\n<\/div><\/div>\n\n\n\n<div class=\"wp-block-group links--column\"><div class=\"wp-block-group__inner-container is-layout-constrained wp-block-group-is-layout-constrained\">\n<h4 class=\"wp-block-heading\">3. F\u00f6retagets vardag och hantering av den<\/h4>\n\n\n\n<div class=\"perustamisopas-nav\">\n<ol>\n<li>\n<a href=\"https:\/\/uusyrityskeskus.fi\/sv\/digital-startguide\/foretagsverksamhet\/agera-ansvarsfullt\/\">Agera ansvarsfullt<\/a>\n<\/li>\n\n<li>\n<a href=\"https:\/\/uusyrityskeskus.fi\/sv\/digital-startguide\/foretagsverksamhet\/marknadsfor-sa-att-kunden-blir-intresserad\/\">Marknadsf\u00f6r s\u00e5 att kunden blir intresserad<\/a>\n<\/li>\n\n<li>\n<a href=\"https:\/\/uusyrityskeskus.fi\/sv\/digital-startguide\/foretagsverksamhet\/hall-foretagets-ekonomi-under-kontroll\/\">H\u00e5ll f\u00f6retagets ekonomi under kontroll<\/a>\n<\/li>\n<li>\n<a href=\"https:\/\/uusyrityskeskus.fi\/sv\/digital-startguide\/foretagsverksamhet\/kann-till-skatterna\/\" class=\"active\">K\u00e4nn till skatterna \u2013 som f\u00f6retagare b\u00e4r du ansvaret<\/a>\n<\/li>\n\n<li>\n<a href=\"https:\/\/uusyrityskeskus.fi\/sv\/digital-startguide\/foretagsverksamhet\/arbetsgivarens-roll\/\">Arbetsgivarens roll<\/a>\n<\/li>\n<\/ol>\n<\/div>\n<\/div><\/div>\n<\/div>\n<\/div>\n<\/div>\n<\/div>\n","protected":false},"excerpt":{"rendered":"F\u00f6retagaren m\u00e5ste sj\u00e4lv ta hand om skatterna \u2013 kontrollera \u00e5tminstone f\u00f6rskottsskatterna och momsskyldigheten. Om du inte \u00e4r s\u00e4ker kan du alltid be skattemyndigheten eller en sakkunnig om r\u00e5d. Som f\u00f6retagare [&hellip;]","protected":false},"author":1,"featured_media":0,"parent":15705,"menu_order":0,"comment_status":"closed","ping_status":"closed","template":"","meta":{"iawp_total_views":3,"footnotes":""},"class_list":["post-15927","page","type-page","status-publish","hentry"],"yoast_head":"<!-- This site is optimized with the Yoast SEO plugin v26.8 - https:\/\/yoast.com\/product\/yoast-seo-wordpress\/ -->\n<title>K\u00e4nn till skatterna \u2013 som f\u00f6retagare b\u00e4r du ansvaret - Uusyrityskeskus<\/title>\n<meta name=\"robots\" content=\"index, follow, max-snippet:-1, max-image-preview:large, max-video-preview:-1\" \/>\n<link rel=\"canonical\" href=\"https:\/\/uusyrityskeskus.fi\/sv\/digital-startguide\/foretagsverksamhet\/kann-till-skatterna\/\" \/>\n<meta property=\"og:locale\" content=\"sv_SE\" \/>\n<meta property=\"og:type\" content=\"article\" \/>\n<meta property=\"og:title\" content=\"K\u00e4nn till skatterna \u2013 som f\u00f6retagare b\u00e4r du ansvaret - Uusyrityskeskus\" \/>\n<meta property=\"og:description\" content=\"F\u00f6retagaren m\u00e5ste sj\u00e4lv ta hand om skatterna \u2013 kontrollera \u00e5tminstone f\u00f6rskottsskatterna och momsskyldigheten. Om du inte \u00e4r s\u00e4ker kan du alltid be skattemyndigheten eller en sakkunnig om r\u00e5d. Som f\u00f6retagare [&hellip;]\" \/>\n<meta property=\"og:url\" content=\"https:\/\/uusyrityskeskus.fi\/sv\/digital-startguide\/foretagsverksamhet\/kann-till-skatterna\/\" \/>\n<meta property=\"og:site_name\" content=\"Uusyrityskeskus\" \/>\n<meta property=\"article:modified_time\" content=\"2025-11-06T10:45:16+00:00\" \/>\n<meta property=\"og:image\" content=\"https:\/\/uusyrityskeskus.fi\/wp-content\/uploads\/2025\/09\/Yrittajakassa-Kuvituskuva-Uusyrityskeskus.jpg\" \/>\n\t<meta property=\"og:image:width\" content=\"2500\" \/>\n\t<meta property=\"og:image:height\" content=\"1700\" \/>\n\t<meta property=\"og:image:type\" content=\"image\/jpeg\" \/>\n<meta name=\"twitter:card\" content=\"summary_large_image\" \/>\n<meta name=\"twitter:label1\" content=\"Ber\u00e4knad l\u00e4stid\" \/>\n\t<meta name=\"twitter:data1\" content=\"3 minuter\" \/>\n<script type=\"application\/ld+json\" class=\"yoast-schema-graph\">{\"@context\":\"https:\/\/schema.org\",\"@graph\":[{\"@type\":\"WebPage\",\"@id\":\"https:\/\/uusyrityskeskus.fi\/sv\/digital-startguide\/foretagsverksamhet\/kann-till-skatterna\/\",\"url\":\"https:\/\/uusyrityskeskus.fi\/sv\/digital-startguide\/foretagsverksamhet\/kann-till-skatterna\/\",\"name\":\"K\u00e4nn till skatterna \u2013 som f\u00f6retagare b\u00e4r du ansvaret - Uusyrityskeskus\",\"isPartOf\":{\"@id\":\"https:\/\/uusyrityskeskus.fi\/sv\/#website\"},\"primaryImageOfPage\":{\"@id\":\"https:\/\/uusyrityskeskus.fi\/sv\/digital-startguide\/foretagsverksamhet\/kann-till-skatterna\/#primaryimage\"},\"image\":{\"@id\":\"https:\/\/uusyrityskeskus.fi\/sv\/digital-startguide\/foretagsverksamhet\/kann-till-skatterna\/#primaryimage\"},\"thumbnailUrl\":\"https:\/\/uusyrityskeskus.fi\/wp-content\/uploads\/2025\/09\/Yrittajakassa-Kuvituskuva-Uusyrityskeskus.jpg\",\"datePublished\":\"2025-09-02T08:36:52+00:00\",\"dateModified\":\"2025-11-06T10:45:16+00:00\",\"breadcrumb\":{\"@id\":\"https:\/\/uusyrityskeskus.fi\/sv\/digital-startguide\/foretagsverksamhet\/kann-till-skatterna\/#breadcrumb\"},\"inLanguage\":\"sv-SE\",\"potentialAction\":[{\"@type\":\"ReadAction\",\"target\":[\"https:\/\/uusyrityskeskus.fi\/sv\/digital-startguide\/foretagsverksamhet\/kann-till-skatterna\/\"]}]},{\"@type\":\"ImageObject\",\"inLanguage\":\"sv-SE\",\"@id\":\"https:\/\/uusyrityskeskus.fi\/sv\/digital-startguide\/foretagsverksamhet\/kann-till-skatterna\/#primaryimage\",\"url\":\"https:\/\/uusyrityskeskus.fi\/wp-content\/uploads\/2025\/09\/Yrittajakassa-Kuvituskuva-Uusyrityskeskus.jpg\",\"contentUrl\":\"https:\/\/uusyrityskeskus.fi\/wp-content\/uploads\/2025\/09\/Yrittajakassa-Kuvituskuva-Uusyrityskeskus.jpg\"},{\"@type\":\"BreadcrumbList\",\"@id\":\"https:\/\/uusyrityskeskus.fi\/sv\/digital-startguide\/foretagsverksamhet\/kann-till-skatterna\/#breadcrumb\",\"itemListElement\":[{\"@type\":\"ListItem\",\"position\":1,\"name\":\"Etusivu\",\"item\":\"https:\/\/uusyrityskeskus.fi\/sv\/\"},{\"@type\":\"ListItem\",\"position\":2,\"name\":\"Digital startguide\",\"item\":\"https:\/\/uusyrityskeskus.fi\/sv\/digital-startguide\/\"},{\"@type\":\"ListItem\",\"position\":3,\"name\":\"F\u00f6retagets vardag och hantering av den\",\"item\":\"https:\/\/uusyrityskeskus.fi\/sv\/digital-startguide\/foretagsverksamhet\/\"},{\"@type\":\"ListItem\",\"position\":4,\"name\":\"K\u00e4nn till skatterna \u2013 som f\u00f6retagare b\u00e4r du ansvaret\"}]},{\"@type\":\"WebSite\",\"@id\":\"https:\/\/uusyrityskeskus.fi\/sv\/#website\",\"url\":\"https:\/\/uusyrityskeskus.fi\/sv\/\",\"name\":\"Uusyrityskeskus\",\"description\":\"Yritt\u00e4jyyden unelmista onnistumisia.\",\"potentialAction\":[{\"@type\":\"SearchAction\",\"target\":{\"@type\":\"EntryPoint\",\"urlTemplate\":\"https:\/\/uusyrityskeskus.fi\/sv\/?s={search_term_string}\"},\"query-input\":{\"@type\":\"PropertyValueSpecification\",\"valueRequired\":true,\"valueName\":\"search_term_string\"}}],\"inLanguage\":\"sv-SE\"}]}<\/script>\n<!-- \/ Yoast SEO plugin. -->","yoast_head_json":{"title":"K\u00e4nn till skatterna \u2013 som f\u00f6retagare b\u00e4r du ansvaret - Uusyrityskeskus","robots":{"index":"index","follow":"follow","max-snippet":"max-snippet:-1","max-image-preview":"max-image-preview:large","max-video-preview":"max-video-preview:-1"},"canonical":"https:\/\/uusyrityskeskus.fi\/sv\/digital-startguide\/foretagsverksamhet\/kann-till-skatterna\/","og_locale":"sv_SE","og_type":"article","og_title":"K\u00e4nn till skatterna \u2013 som f\u00f6retagare b\u00e4r du ansvaret - Uusyrityskeskus","og_description":"F\u00f6retagaren m\u00e5ste sj\u00e4lv ta hand om skatterna \u2013 kontrollera \u00e5tminstone f\u00f6rskottsskatterna och momsskyldigheten. Om du inte \u00e4r s\u00e4ker kan du alltid be skattemyndigheten eller en sakkunnig om r\u00e5d. Som f\u00f6retagare [&hellip;]","og_url":"https:\/\/uusyrityskeskus.fi\/sv\/digital-startguide\/foretagsverksamhet\/kann-till-skatterna\/","og_site_name":"Uusyrityskeskus","article_modified_time":"2025-11-06T10:45:16+00:00","og_image":[{"width":2500,"height":1700,"url":"https:\/\/uusyrityskeskus.fi\/wp-content\/uploads\/2025\/09\/Yrittajakassa-Kuvituskuva-Uusyrityskeskus.jpg","type":"image\/jpeg"}],"twitter_card":"summary_large_image","twitter_misc":{"Ber\u00e4knad l\u00e4stid":"3 minuter"},"schema":{"@context":"https:\/\/schema.org","@graph":[{"@type":"WebPage","@id":"https:\/\/uusyrityskeskus.fi\/sv\/digital-startguide\/foretagsverksamhet\/kann-till-skatterna\/","url":"https:\/\/uusyrityskeskus.fi\/sv\/digital-startguide\/foretagsverksamhet\/kann-till-skatterna\/","name":"K\u00e4nn till skatterna \u2013 som f\u00f6retagare b\u00e4r du ansvaret - Uusyrityskeskus","isPartOf":{"@id":"https:\/\/uusyrityskeskus.fi\/sv\/#website"},"primaryImageOfPage":{"@id":"https:\/\/uusyrityskeskus.fi\/sv\/digital-startguide\/foretagsverksamhet\/kann-till-skatterna\/#primaryimage"},"image":{"@id":"https:\/\/uusyrityskeskus.fi\/sv\/digital-startguide\/foretagsverksamhet\/kann-till-skatterna\/#primaryimage"},"thumbnailUrl":"https:\/\/uusyrityskeskus.fi\/wp-content\/uploads\/2025\/09\/Yrittajakassa-Kuvituskuva-Uusyrityskeskus.jpg","datePublished":"2025-09-02T08:36:52+00:00","dateModified":"2025-11-06T10:45:16+00:00","breadcrumb":{"@id":"https:\/\/uusyrityskeskus.fi\/sv\/digital-startguide\/foretagsverksamhet\/kann-till-skatterna\/#breadcrumb"},"inLanguage":"sv-SE","potentialAction":[{"@type":"ReadAction","target":["https:\/\/uusyrityskeskus.fi\/sv\/digital-startguide\/foretagsverksamhet\/kann-till-skatterna\/"]}]},{"@type":"ImageObject","inLanguage":"sv-SE","@id":"https:\/\/uusyrityskeskus.fi\/sv\/digital-startguide\/foretagsverksamhet\/kann-till-skatterna\/#primaryimage","url":"https:\/\/uusyrityskeskus.fi\/wp-content\/uploads\/2025\/09\/Yrittajakassa-Kuvituskuva-Uusyrityskeskus.jpg","contentUrl":"https:\/\/uusyrityskeskus.fi\/wp-content\/uploads\/2025\/09\/Yrittajakassa-Kuvituskuva-Uusyrityskeskus.jpg"},{"@type":"BreadcrumbList","@id":"https:\/\/uusyrityskeskus.fi\/sv\/digital-startguide\/foretagsverksamhet\/kann-till-skatterna\/#breadcrumb","itemListElement":[{"@type":"ListItem","position":1,"name":"Etusivu","item":"https:\/\/uusyrityskeskus.fi\/sv\/"},{"@type":"ListItem","position":2,"name":"Digital startguide","item":"https:\/\/uusyrityskeskus.fi\/sv\/digital-startguide\/"},{"@type":"ListItem","position":3,"name":"F\u00f6retagets vardag och hantering av den","item":"https:\/\/uusyrityskeskus.fi\/sv\/digital-startguide\/foretagsverksamhet\/"},{"@type":"ListItem","position":4,"name":"K\u00e4nn till skatterna \u2013 som f\u00f6retagare b\u00e4r du ansvaret"}]},{"@type":"WebSite","@id":"https:\/\/uusyrityskeskus.fi\/sv\/#website","url":"https:\/\/uusyrityskeskus.fi\/sv\/","name":"Uusyrityskeskus","description":"Yritt\u00e4jyyden unelmista onnistumisia.","potentialAction":[{"@type":"SearchAction","target":{"@type":"EntryPoint","urlTemplate":"https:\/\/uusyrityskeskus.fi\/sv\/?s={search_term_string}"},"query-input":{"@type":"PropertyValueSpecification","valueRequired":true,"valueName":"search_term_string"}}],"inLanguage":"sv-SE"}]}},"_links":{"self":[{"href":"https:\/\/uusyrityskeskus.fi\/sv\/wp-json\/wp\/v2\/pages\/15927","targetHints":{"allow":["GET"]}}],"collection":[{"href":"https:\/\/uusyrityskeskus.fi\/sv\/wp-json\/wp\/v2\/pages"}],"about":[{"href":"https:\/\/uusyrityskeskus.fi\/sv\/wp-json\/wp\/v2\/types\/page"}],"author":[{"embeddable":true,"href":"https:\/\/uusyrityskeskus.fi\/sv\/wp-json\/wp\/v2\/users\/1"}],"replies":[{"embeddable":true,"href":"https:\/\/uusyrityskeskus.fi\/sv\/wp-json\/wp\/v2\/comments?post=15927"}],"version-history":[{"count":4,"href":"https:\/\/uusyrityskeskus.fi\/sv\/wp-json\/wp\/v2\/pages\/15927\/revisions"}],"predecessor-version":[{"id":16864,"href":"https:\/\/uusyrityskeskus.fi\/sv\/wp-json\/wp\/v2\/pages\/15927\/revisions\/16864"}],"up":[{"embeddable":true,"href":"https:\/\/uusyrityskeskus.fi\/sv\/wp-json\/wp\/v2\/pages\/15705"}],"wp:attachment":[{"href":"https:\/\/uusyrityskeskus.fi\/sv\/wp-json\/wp\/v2\/media?parent=15927"}],"curies":[{"name":"wp","href":"https:\/\/api.w.org\/{rel}","templated":true}]}}