{"id":15874,"date":"2025-09-02T11:24:24","date_gmt":"2025-09-02T08:24:24","guid":{"rendered":"https:\/\/uusyrityskeskus.fi\/digital-startguide\/starta-foretag\/turvallisuus-on-laatua-ja-luottamusta\/"},"modified":"2025-10-23T09:58:20","modified_gmt":"2025-10-23T06:58:20","slug":"sakerhet-ar-kvalitet-och-fortroende","status":"publish","type":"page","link":"https:\/\/uusyrityskeskus.fi\/sv\/digital-startguide\/starta-foretag\/sakerhet-ar-kvalitet-och-fortroende\/","title":{"rendered":"S\u00e4kerhet \u00e4r kvalitet och f\u00f6rtroende"},"content":{"rendered":"\n<div class=\"wp-block-tovaristrap-ts-container ts-container header--section\">\n<div class=\"ts-div header--row\">\n<h1 class=\"wp-block-heading\">S\u00e4kerhet \u00e4r kvalitet och f\u00f6rtroende<\/h1>\n<\/div>\n<\/div>\n\n\n\n<div class=\"wp-block-tovaristrap-ts-container ts-container base--section pt-0 pb-0 border-bottom\">\n<div class=\"ts-div content--row\"><div class=\"yoast-breadcrumbs\"><span><span><a href=\"https:\/\/uusyrityskeskus.fi\/sv\/\">Etusivu<\/a><\/span> \u00bb <span><a href=\"https:\/\/uusyrityskeskus.fi\/sv\/digital-startguide\/\">Digital startguide<\/a><\/span> \u00bb <span><a href=\"https:\/\/uusyrityskeskus.fi\/sv\/digital-startguide\/starta-foretag\/\">Steg f\u00f6r att grunda ett f\u00f6retag<\/a><\/span> \u00bb <span class=\"breadcrumb_last\" aria-current=\"page\">S\u00e4kerhet \u00e4r kvalitet och f\u00f6rtroende<\/span><\/span><\/div><\/div>\n<\/div>\n\n\n\n<div class=\"wp-block-columns content--section with--default--padding is-layout-flex wp-container-core-columns-is-layout-9d6595d7 wp-block-columns-is-layout-flex\">\n<div class=\"wp-block-column content--div is-layout-flow wp-block-column-is-layout-flow\">\n<div class=\"wp-block-columns content--row is-layout-flex wp-container-core-columns-is-layout-9d6595d7 wp-block-columns-is-layout-flex\">\n<div class=\"wp-block-column custom--col--default sub--page--left--col is-layout-flow wp-block-column-is-layout-flow\" style=\"flex-basis:72%\">\n<p><em>S\u00e4kerheten g\u00e4ller b\u00e5de produkter och information \u2013 \u00e4ven ett litet f\u00f6retag kan agera ansvarsfullt.<\/em><\/p>\n\n\n\n<p>S\u00e4kerhet \u00e4r en del av ansvarsfull f\u00f6retagsverksamhet \u2013 den bygger upp kundn\u00f6jdheten, st\u00e4rker ryktet och f\u00f6rebygger problem. Produkter och tj\u00e4nster ska uppfylla <strong>s\u00e4kerhetsf\u00f6reskrifterna<\/strong> och eventuella <strong>bruksanvisningar, varningar eller CE-m\u00e4rkningar<\/strong> ska vara i skick redan f\u00f6re f\u00f6rs\u00e4ljningen. Kraven p\u00e5 i synnerhet livsmedel, kosmetika och elprodukter \u00e4r str\u00e4nga, men \u00e4ven tj\u00e4nsteleverant\u00f6ren ska identifiera och hantera riskerna i anslutning till sin egen verksamhet.<\/p>\n\n\n\n<p>Allt fler kunder anv\u00e4nder digitala tj\u00e4nster \u2013 och samtidigt \u00f6kar ocks\u00e5 behovet av att s\u00e4kerst\u00e4lla <strong>informationss\u00e4kerheten och cybers\u00e4kerheten<\/strong>. F\u00f6retaget ska skydda kund- och betalningsuppgifterna, anv\u00e4nda s\u00e4kra l\u00f6senord och sk\u00f6ta s\u00e4kerhetskopieringen. En god cybers\u00e4kerhet kr\u00e4ver inte ett dyrt system \u2013 ofta \u00e4r det fr\u00e5ga om r\u00e4tt praxis och aktuella program.<\/p>\n\n\n\n<p>S\u00e4kerhet uppst\u00e5r genom framf\u00f6rh\u00e5llning. \u00c4ven ett litet f\u00f6retag kan utveckla sin s\u00e4kerhetskultur redan i b\u00f6rjan \u2013 det visar professionalism och utg\u00f6r en konkurrensf\u00f6rdel.<\/p>\n\n\n\n<div class=\"wp-block-group sub--page--group info--box\"><div class=\"wp-block-group__inner-container is-layout-constrained wp-block-group-is-layout-constrained\">\n<h4 class=\"wp-block-heading\">L\u00e4nkar:<\/h4>\n\n\n\n<p><strong>Tukes.fi:<\/strong> <a href=\"https:\/\/tukes.fi\/sv\/gor-sa-har\/nar-du-startar-foretagsverksamhet\" target=\"_blank\" rel=\"noreferrer noopener\"><\/a><a href=\"https:\/\/tukes.fi\/sv\/gor-sa-har\/nar-du-startar-foretagsverksamhet\">F\u00f6r nya f\u00f6retagare | S\u00e4kerhets- och kemikalieverket (Tukes)<\/a><br><strong>Traficom.fi:<\/strong> <a href=\"https:\/\/www.kyberturvallisuuskeskus.fi\/sv\" target=\"_blank\" rel=\"noreferrer noopener\"><\/a><a href=\"https:\/\/www.kyberturvallisuuskeskus.fi\/sv\">Cybers\u00e4kerhetscentret vid Traficom | Cybers\u00e4kerhetscentret<\/a><\/p>\n<\/div><\/div>\n\n\n\n<div class=\"wp-block-columns content--row page--turn--buttons is-layout-flex wp-container-core-columns-is-layout-9d6595d7 wp-block-columns-is-layout-flex\">\n<div class=\"wp-block-column is-layout-flow wp-block-column-is-layout-flow\">\n<div class=\"wp-block-buttons is-layout-flex wp-block-buttons-is-layout-flex\">\n<div class=\"wp-block-button\"><a class=\"wp-block-button__link wp-element-button\" href=\"https:\/\/uusyrityskeskus.fi\/sv\/digital-startguide\/starta-foretag\/foretagets-avtal-i-skick\/\">\u2190 2.5. F\u00f6retagets avtal i skick<\/a><\/div>\n<\/div>\n<\/div>\n\n\n\n<div class=\"wp-block-column is-layout-flow wp-block-column-is-layout-flow\">\n<div class=\"wp-block-buttons is-content-justification-right is-layout-flex wp-container-core-buttons-is-layout-765c4724 wp-block-buttons-is-layout-flex\">\n<div class=\"wp-block-button\"><a class=\"wp-block-button__link wp-element-button\" href=\"https:\/\/uusyrityskeskus.fi\/sv\/digital-startguide\/foretagsverksamhet\/\">3. F\u00f6retagets vardag och hantering av den \u2192<\/a><\/div>\n<\/div>\n<\/div>\n<\/div>\n<\/div>\n\n\n\n<div class=\"wp-block-column custom--col--default is-layout-flow wp-block-column-is-layout-flow\" style=\"flex-basis:28%\">\n<div class=\"wp-block-group standard--group--with--shadow\"><div class=\"wp-block-group__inner-container is-layout-constrained wp-block-group-is-layout-constrained\">\n<h4 class=\"wp-block-heading\">Beh\u00f6ver du hj\u00e4lp?<\/h4>\n\n\n\n<div class=\"wp-block-buttons is-content-justification-center is-layout-flex wp-container-core-buttons-is-layout-16018d1d wp-block-buttons-is-layout-flex\">\n<div class=\"wp-block-button button--main\"><a class=\"wp-block-button__link wp-element-button\" href=\"https:\/\/uusyrityskeskus.fi\/sv\/nyforetagscentrumen\/\">Boka en konsultation<\/a><\/div>\n<\/div>\n\n\n\n<div class=\"wp-block-buttons is-content-justification-center is-layout-flex wp-container-core-buttons-is-layout-16018d1d wp-block-buttons-is-layout-flex\">\n<div class=\"wp-block-button mb--0 button--alt\"><a class=\"wp-block-button__link wp-element-button\" href=\"https:\/\/uusyrityskeskus.fi\/sv\/starta-eget-guiden\/\">Ladda ner PDF-guide<\/a><\/div>\n<\/div>\n<\/div><\/div>\n\n\n\n<div class=\"wp-block-group links--column\"><div class=\"wp-block-group__inner-container is-layout-constrained wp-block-group-is-layout-constrained\">\n<h4 class=\"wp-block-heading\">2. Steg f\u00f6r att grunda ett f\u00f6retag<\/h4>\n\n\n\n<div class=\"perustamisopas-nav\">\n<ol>\n<li>\n<a href=\"https:\/\/uusyrityskeskus.fi\/sv\/digital-startguide\/starta-foretag\/foretagsformen-spelar-roll\/\">F\u00f6retagsformen spelar roll<\/a>\n<\/li>\n\n<li>\n<a href=\"https:\/\/uusyrityskeskus.fi\/sv\/digital-startguide\/starta-foretag\/registrera-ditt-foretag-ratt\/\">Registrera ditt f\u00f6retag r\u00e4tt<\/a>\n<\/li>\n\n<li>\n<a href=\"https:\/\/uusyrityskeskus.fi\/sv\/digital-startguide\/starta-foretag\/bokforingsbyra-bank-och-betalningssatt\/\">Bokf\u00f6ringsbyr\u00e5, bank och betalningss\u00e4tt<\/a>\n<\/li>\n\n<li>\n<a href=\"https:\/\/uusyrityskeskus.fi\/sv\/digital-startguide\/starta-foretag\/forsakringar-for-foretagaren-och-affarsverksamheten\/\">F\u00f6rs\u00e4kringar f\u00f6r f\u00f6retagaren och aff\u00e4rsverksamheten<\/a>\n<\/li>\n\n<li>\n<a href=\"https:\/\/uusyrityskeskus.fi\/sv\/digital-startguide\/starta-foretag\/foretagets-avtal-i-skick\/\">F\u00f6retagets avtal i skick<\/a>\n<\/li>\n\n<li>\n<a href=\"https:\/\/uusyrityskeskus.fi\/sv\/digital-startguide\/starta-foretag\/sakerhet-ar-kvalitet-och-fortroende\/\" class=\"active\">S\u00e4kerhet \u00e4r kvalitet och f\u00f6rtroende<\/a>\n<\/li>\n<\/ol>\n<\/div>\n<\/div><\/div>\n<\/div>\n<\/div>\n<\/div>\n<\/div>\n","protected":false},"excerpt":{"rendered":"S\u00e4kerheten g\u00e4ller b\u00e5de produkter och information \u2013 \u00e4ven ett litet f\u00f6retag kan agera ansvarsfullt. S\u00e4kerhet \u00e4r en del av ansvarsfull f\u00f6retagsverksamhet \u2013 den bygger upp kundn\u00f6jdheten, st\u00e4rker ryktet och f\u00f6rebygger [&hellip;]","protected":false},"author":1,"featured_media":0,"parent":15699,"menu_order":0,"comment_status":"closed","ping_status":"closed","template":"","meta":{"iawp_total_views":7,"footnotes":""},"class_list":["post-15874","page","type-page","status-publish","hentry"],"yoast_head":"<!-- This site is optimized with the Yoast SEO plugin v26.8 - https:\/\/yoast.com\/product\/yoast-seo-wordpress\/ -->\n<title>S\u00e4kerhet \u00e4r kvalitet och f\u00f6rtroende - Uusyrityskeskus<\/title>\n<meta name=\"robots\" content=\"index, follow, max-snippet:-1, max-image-preview:large, max-video-preview:-1\" \/>\n<link rel=\"canonical\" href=\"https:\/\/uusyrityskeskus.fi\/sv\/digital-startguide\/starta-foretag\/sakerhet-ar-kvalitet-och-fortroende\/\" \/>\n<meta property=\"og:locale\" content=\"sv_SE\" \/>\n<meta property=\"og:type\" content=\"article\" \/>\n<meta property=\"og:title\" content=\"S\u00e4kerhet \u00e4r kvalitet och f\u00f6rtroende - Uusyrityskeskus\" \/>\n<meta property=\"og:description\" content=\"S\u00e4kerheten g\u00e4ller b\u00e5de produkter och information \u2013 \u00e4ven ett litet f\u00f6retag kan agera ansvarsfullt. S\u00e4kerhet \u00e4r en del av ansvarsfull f\u00f6retagsverksamhet \u2013 den bygger upp kundn\u00f6jdheten, st\u00e4rker ryktet och f\u00f6rebygger [&hellip;]\" \/>\n<meta property=\"og:url\" content=\"https:\/\/uusyrityskeskus.fi\/sv\/digital-startguide\/starta-foretag\/sakerhet-ar-kvalitet-och-fortroende\/\" \/>\n<meta property=\"og:site_name\" content=\"Uusyrityskeskus\" \/>\n<meta property=\"article:modified_time\" content=\"2025-10-23T06:58:20+00:00\" \/>\n<meta property=\"og:image\" content=\"https:\/\/uusyrityskeskus.fi\/wp-content\/uploads\/2020\/12\/uusyrityskeskus-turkoosi.jpg\" \/>\n\t<meta property=\"og:image:width\" content=\"2048\" \/>\n\t<meta property=\"og:image:height\" content=\"1152\" \/>\n\t<meta property=\"og:image:type\" content=\"image\/jpeg\" \/>\n<meta name=\"twitter:card\" content=\"summary_large_image\" \/>\n<meta name=\"twitter:label1\" content=\"Ber\u00e4knad l\u00e4stid\" \/>\n\t<meta name=\"twitter:data1\" content=\"2 minuter\" \/>\n<script type=\"application\/ld+json\" class=\"yoast-schema-graph\">{\"@context\":\"https:\/\/schema.org\",\"@graph\":[{\"@type\":\"WebPage\",\"@id\":\"https:\/\/uusyrityskeskus.fi\/sv\/digital-startguide\/starta-foretag\/sakerhet-ar-kvalitet-och-fortroende\/\",\"url\":\"https:\/\/uusyrityskeskus.fi\/sv\/digital-startguide\/starta-foretag\/sakerhet-ar-kvalitet-och-fortroende\/\",\"name\":\"S\u00e4kerhet \u00e4r kvalitet och f\u00f6rtroende - Uusyrityskeskus\",\"isPartOf\":{\"@id\":\"https:\/\/uusyrityskeskus.fi\/sv\/#website\"},\"datePublished\":\"2025-09-02T08:24:24+00:00\",\"dateModified\":\"2025-10-23T06:58:20+00:00\",\"breadcrumb\":{\"@id\":\"https:\/\/uusyrityskeskus.fi\/sv\/digital-startguide\/starta-foretag\/sakerhet-ar-kvalitet-och-fortroende\/#breadcrumb\"},\"inLanguage\":\"sv-SE\",\"potentialAction\":[{\"@type\":\"ReadAction\",\"target\":[\"https:\/\/uusyrityskeskus.fi\/sv\/digital-startguide\/starta-foretag\/sakerhet-ar-kvalitet-och-fortroende\/\"]}]},{\"@type\":\"BreadcrumbList\",\"@id\":\"https:\/\/uusyrityskeskus.fi\/sv\/digital-startguide\/starta-foretag\/sakerhet-ar-kvalitet-och-fortroende\/#breadcrumb\",\"itemListElement\":[{\"@type\":\"ListItem\",\"position\":1,\"name\":\"Etusivu\",\"item\":\"https:\/\/uusyrityskeskus.fi\/sv\/\"},{\"@type\":\"ListItem\",\"position\":2,\"name\":\"Digital startguide\",\"item\":\"https:\/\/uusyrityskeskus.fi\/sv\/digital-startguide\/\"},{\"@type\":\"ListItem\",\"position\":3,\"name\":\"Steg f\u00f6r att grunda ett f\u00f6retag\",\"item\":\"https:\/\/uusyrityskeskus.fi\/sv\/digital-startguide\/starta-foretag\/\"},{\"@type\":\"ListItem\",\"position\":4,\"name\":\"S\u00e4kerhet \u00e4r kvalitet och f\u00f6rtroende\"}]},{\"@type\":\"WebSite\",\"@id\":\"https:\/\/uusyrityskeskus.fi\/sv\/#website\",\"url\":\"https:\/\/uusyrityskeskus.fi\/sv\/\",\"name\":\"Uusyrityskeskus\",\"description\":\"Yritt\u00e4jyyden unelmista onnistumisia.\",\"potentialAction\":[{\"@type\":\"SearchAction\",\"target\":{\"@type\":\"EntryPoint\",\"urlTemplate\":\"https:\/\/uusyrityskeskus.fi\/sv\/?s={search_term_string}\"},\"query-input\":{\"@type\":\"PropertyValueSpecification\",\"valueRequired\":true,\"valueName\":\"search_term_string\"}}],\"inLanguage\":\"sv-SE\"}]}<\/script>\n<!-- \/ Yoast SEO plugin. -->","yoast_head_json":{"title":"S\u00e4kerhet \u00e4r kvalitet och f\u00f6rtroende - Uusyrityskeskus","robots":{"index":"index","follow":"follow","max-snippet":"max-snippet:-1","max-image-preview":"max-image-preview:large","max-video-preview":"max-video-preview:-1"},"canonical":"https:\/\/uusyrityskeskus.fi\/sv\/digital-startguide\/starta-foretag\/sakerhet-ar-kvalitet-och-fortroende\/","og_locale":"sv_SE","og_type":"article","og_title":"S\u00e4kerhet \u00e4r kvalitet och f\u00f6rtroende - Uusyrityskeskus","og_description":"S\u00e4kerheten g\u00e4ller b\u00e5de produkter och information \u2013 \u00e4ven ett litet f\u00f6retag kan agera ansvarsfullt. S\u00e4kerhet \u00e4r en del av ansvarsfull f\u00f6retagsverksamhet \u2013 den bygger upp kundn\u00f6jdheten, st\u00e4rker ryktet och f\u00f6rebygger [&hellip;]","og_url":"https:\/\/uusyrityskeskus.fi\/sv\/digital-startguide\/starta-foretag\/sakerhet-ar-kvalitet-och-fortroende\/","og_site_name":"Uusyrityskeskus","article_modified_time":"2025-10-23T06:58:20+00:00","og_image":[{"width":2048,"height":1152,"url":"https:\/\/uusyrityskeskus.fi\/wp-content\/uploads\/2020\/12\/uusyrityskeskus-turkoosi.jpg","type":"image\/jpeg"}],"twitter_card":"summary_large_image","twitter_misc":{"Ber\u00e4knad l\u00e4stid":"2 minuter"},"schema":{"@context":"https:\/\/schema.org","@graph":[{"@type":"WebPage","@id":"https:\/\/uusyrityskeskus.fi\/sv\/digital-startguide\/starta-foretag\/sakerhet-ar-kvalitet-och-fortroende\/","url":"https:\/\/uusyrityskeskus.fi\/sv\/digital-startguide\/starta-foretag\/sakerhet-ar-kvalitet-och-fortroende\/","name":"S\u00e4kerhet \u00e4r kvalitet och f\u00f6rtroende - Uusyrityskeskus","isPartOf":{"@id":"https:\/\/uusyrityskeskus.fi\/sv\/#website"},"datePublished":"2025-09-02T08:24:24+00:00","dateModified":"2025-10-23T06:58:20+00:00","breadcrumb":{"@id":"https:\/\/uusyrityskeskus.fi\/sv\/digital-startguide\/starta-foretag\/sakerhet-ar-kvalitet-och-fortroende\/#breadcrumb"},"inLanguage":"sv-SE","potentialAction":[{"@type":"ReadAction","target":["https:\/\/uusyrityskeskus.fi\/sv\/digital-startguide\/starta-foretag\/sakerhet-ar-kvalitet-och-fortroende\/"]}]},{"@type":"BreadcrumbList","@id":"https:\/\/uusyrityskeskus.fi\/sv\/digital-startguide\/starta-foretag\/sakerhet-ar-kvalitet-och-fortroende\/#breadcrumb","itemListElement":[{"@type":"ListItem","position":1,"name":"Etusivu","item":"https:\/\/uusyrityskeskus.fi\/sv\/"},{"@type":"ListItem","position":2,"name":"Digital startguide","item":"https:\/\/uusyrityskeskus.fi\/sv\/digital-startguide\/"},{"@type":"ListItem","position":3,"name":"Steg f\u00f6r att grunda ett f\u00f6retag","item":"https:\/\/uusyrityskeskus.fi\/sv\/digital-startguide\/starta-foretag\/"},{"@type":"ListItem","position":4,"name":"S\u00e4kerhet \u00e4r kvalitet och f\u00f6rtroende"}]},{"@type":"WebSite","@id":"https:\/\/uusyrityskeskus.fi\/sv\/#website","url":"https:\/\/uusyrityskeskus.fi\/sv\/","name":"Uusyrityskeskus","description":"Yritt\u00e4jyyden unelmista onnistumisia.","potentialAction":[{"@type":"SearchAction","target":{"@type":"EntryPoint","urlTemplate":"https:\/\/uusyrityskeskus.fi\/sv\/?s={search_term_string}"},"query-input":{"@type":"PropertyValueSpecification","valueRequired":true,"valueName":"search_term_string"}}],"inLanguage":"sv-SE"}]}},"_links":{"self":[{"href":"https:\/\/uusyrityskeskus.fi\/sv\/wp-json\/wp\/v2\/pages\/15874","targetHints":{"allow":["GET"]}}],"collection":[{"href":"https:\/\/uusyrityskeskus.fi\/sv\/wp-json\/wp\/v2\/pages"}],"about":[{"href":"https:\/\/uusyrityskeskus.fi\/sv\/wp-json\/wp\/v2\/types\/page"}],"author":[{"embeddable":true,"href":"https:\/\/uusyrityskeskus.fi\/sv\/wp-json\/wp\/v2\/users\/1"}],"replies":[{"embeddable":true,"href":"https:\/\/uusyrityskeskus.fi\/sv\/wp-json\/wp\/v2\/comments?post=15874"}],"version-history":[{"count":5,"href":"https:\/\/uusyrityskeskus.fi\/sv\/wp-json\/wp\/v2\/pages\/15874\/revisions"}],"predecessor-version":[{"id":16541,"href":"https:\/\/uusyrityskeskus.fi\/sv\/wp-json\/wp\/v2\/pages\/15874\/revisions\/16541"}],"up":[{"embeddable":true,"href":"https:\/\/uusyrityskeskus.fi\/sv\/wp-json\/wp\/v2\/pages\/15699"}],"wp:attachment":[{"href":"https:\/\/uusyrityskeskus.fi\/sv\/wp-json\/wp\/v2\/media?parent=15874"}],"curies":[{"name":"wp","href":"https:\/\/api.w.org\/{rel}","templated":true}]}}