{"id":15866,"date":"2025-09-02T11:28:34","date_gmt":"2025-09-02T08:28:34","guid":{"rendered":"https:\/\/uusyrityskeskus.fi\/digital-startguide\/starta-foretag\/sopimukset-kuntoon\/"},"modified":"2025-11-06T12:43:27","modified_gmt":"2025-11-06T10:43:27","slug":"foretagets-avtal-i-skick","status":"publish","type":"page","link":"https:\/\/uusyrityskeskus.fi\/sv\/digital-startguide\/starta-foretag\/foretagets-avtal-i-skick\/","title":{"rendered":"F\u00f6retagets avtal i skick"},"content":{"rendered":"\n<div class=\"wp-block-tovaristrap-ts-container ts-container header--section\">\n<div class=\"ts-div header--row\">\n<h1 class=\"wp-block-heading\">F\u00f6retagets avtal i skick<\/h1>\n<\/div>\n<\/div>\n\n\n\n<div class=\"wp-block-tovaristrap-ts-container ts-container base--section pt-0 pb-0 border-bottom\">\n<div class=\"ts-div content--row\"><div class=\"yoast-breadcrumbs\"><span><span><a href=\"https:\/\/uusyrityskeskus.fi\/sv\/\">Etusivu<\/a><\/span> \u00bb <span><a href=\"https:\/\/uusyrityskeskus.fi\/sv\/digital-startguide\/\">Digital startguide<\/a><\/span> \u00bb <span><a href=\"https:\/\/uusyrityskeskus.fi\/sv\/digital-startguide\/starta-foretag\/\">Steg f\u00f6r att grunda ett f\u00f6retag<\/a><\/span> \u00bb <span class=\"breadcrumb_last\" aria-current=\"page\">F\u00f6retagets avtal i skick<\/span><\/span><\/div><\/div>\n<\/div>\n\n\n\n<div class=\"wp-block-columns content--section with--default--padding is-layout-flex wp-container-core-columns-is-layout-9d6595d7 wp-block-columns-is-layout-flex\">\n<div class=\"wp-block-column content--div is-layout-flow wp-block-column-is-layout-flow\">\n<div class=\"wp-block-columns content--row is-layout-flex wp-container-core-columns-is-layout-9d6595d7 wp-block-columns-is-layout-flex\">\n<div class=\"wp-block-column custom--col--default sub--page--left--col is-layout-flow wp-block-column-is-layout-flow\" style=\"flex-basis:72%\">\n<p><em>Bra avtal f\u00f6rebygger missf\u00f6rst\u00e5nd och tryggar b\u00e5da parternas r\u00e4ttigheter. Se till att de viktigaste sakerna har avtalats skriftligen.<\/em><\/p>\n\n\n\n<p>F\u00f6retagsverksamhet \u00e4r f\u00f6rknippad med flera avtal som det alltid l\u00f6nar sig att ing\u00e5 skriftligt. V\u00e4l uppgjorda avtal f\u00f6rtydligar ansvaren, f\u00f6rebygger missf\u00f6rst\u00e5nd och st\u00f6der aff\u00e4rsverksamhetens kontinuitet. Det \u00e4r bra att redan i etableringsfasen fundera p\u00e5 hurdana avtal som beh\u00f6vs till exempel f\u00f6r lokaler, kunder, underleverant\u00f6rer eller samarbetspartner.<\/p>\n\n\n\n<p>Lokalavtalet \u00e4r ofta den f\u00f6rsta betydande f\u00f6rbindelsen. Det \u00e4r sk\u00e4l att noggrant g\u00e5 igenom hyresvillkoren, upps\u00e4gningstiderna, ansvaren och eventuella \u00e4ndringsarbeten innan avtalet undertecknas. Ett tydligt avtal hj\u00e4lper dig ocks\u00e5 att f\u00f6rbereda dig p\u00e5 att aff\u00e4rsverksamheten v\u00e4xer eller f\u00f6r\u00e4ndras \u2013 kan lokalen till exempel utvidgas eller \u00f6verf\u00f6ras till en annan f\u00f6retagare.<\/p>\n\n\n\n<p>I kund- och underleverant\u00f6rsavtal \u00e4r det bra att skriva in leverans- och betalningsvillkor, tidtabeller, ansvarsf\u00f6rdelning samt eventuella p\u00e5f\u00f6ljder av dr\u00f6jsm\u00e5l eller avtalsbrott. Om det till f\u00f6retagsverksamheten h\u00f6r del\u00e4gare eller flera grundare, l\u00f6nar det sig att ing\u00e5 ett del\u00e4garavtal eller p\u00e5 annat s\u00e4tt dokumentera spelreglerna genast i b\u00f6rjan. Avtalsfr\u00e5gor utg\u00f6r grunden f\u00f6r f\u00f6rtroende &#8211; ocks\u00e5 n\u00e4r allt g\u00e5r bra.<\/p>\n\n\n\n<div class=\"wp-block-columns content--section is-layout-flex wp-container-core-columns-is-layout-9d6595d7 wp-block-columns-is-layout-flex\">\n<div class=\"wp-block-column content--div is-layout-flow wp-block-column-is-layout-flow\">\n<div class=\"wp-block-columns content--row ad--row is-layout-flex wp-container-core-columns-is-layout-9d6595d7 wp-block-columns-is-layout-flex\">\n<div class=\"wp-block-column is-layout-flow wp-block-column-is-layout-flow\" style=\"flex-basis:33.33%\">\n<figure class=\"wp-block-image size-full ad--image--main\"><img decoding=\"async\" width=\"2500\" height=\"1700\" data-src=\"https:\/\/uusyrityskeskus.fi\/wp-content\/uploads\/2025\/09\/Yrittajakassa-Kuvituskuva-Uusyrityskeskus.jpg\" alt=\"\" class=\"wp-image-14172 lazyload\" data-srcset=\"https:\/\/uusyrityskeskus.fi\/wp-content\/uploads\/2025\/09\/Yrittajakassa-Kuvituskuva-Uusyrityskeskus.jpg 2500w, https:\/\/uusyrityskeskus.fi\/wp-content\/uploads\/2025\/09\/Yrittajakassa-Kuvituskuva-Uusyrityskeskus-300x204.jpg 300w, https:\/\/uusyrityskeskus.fi\/wp-content\/uploads\/2025\/09\/Yrittajakassa-Kuvituskuva-Uusyrityskeskus-1024x696.jpg 1024w, https:\/\/uusyrityskeskus.fi\/wp-content\/uploads\/2025\/09\/Yrittajakassa-Kuvituskuva-Uusyrityskeskus-768x522.jpg 768w, https:\/\/uusyrityskeskus.fi\/wp-content\/uploads\/2025\/09\/Yrittajakassa-Kuvituskuva-Uusyrityskeskus-1536x1044.jpg 1536w, https:\/\/uusyrityskeskus.fi\/wp-content\/uploads\/2025\/09\/Yrittajakassa-Kuvituskuva-Uusyrityskeskus-2048x1393.jpg 2048w\" data-sizes=\"(max-width: 2500px) 100vw, 2500px\" src=\"data:image\/svg+xml;base64,PHN2ZyB3aWR0aD0iMSIgaGVpZ2h0PSIxIiB4bWxucz0iaHR0cDovL3d3dy53My5vcmcvMjAwMC9zdmciPjwvc3ZnPg==\" style=\"--smush-placeholder-width: 2500px; --smush-placeholder-aspect-ratio: 2500\/1700;\" \/><\/figure>\n\n\n\n<p class=\"web--link\"><a href=\"https:\/\/uusyrityskeskus.fi\/sv\/\">www.uusyrityskeskus.fi<\/a><\/p>\n<\/div>\n\n\n\n<div class=\"wp-block-column is-layout-flow wp-block-column-is-layout-flow\" style=\"flex-basis:66.66%\">\n<figure class=\"wp-block-image size-full ad--logo--image\"><img decoding=\"async\" data-src=\"https:\/\/uusyrityskeskus.fi\/wp-content\/uploads\/2025\/09\/uusyrityskeskus_logo.svg\" alt=\"\" class=\"wp-image-14290 lazyload\" src=\"data:image\/svg+xml;base64,PHN2ZyB3aWR0aD0iMSIgaGVpZ2h0PSIxIiB4bWxucz0iaHR0cDovL3d3dy53My5vcmcvMjAwMC9zdmciPjwvc3ZnPg==\" \/><\/figure>\n\n\n\n<h2 class=\"wp-block-heading\">Helppo tapa tukea yritt\u00e4jyytt\u00e4.<\/h2>\n\n\n\n<p>Tarjoamme mainostilaa digitaalisessa ja fyysisess\u00e4 perustamisoppaassa monipuolisesti. Mainos- ja media -asioissa ole yhteydess\u00e4 vastuuhenkil\u00f6\u00f6mme: <a href=\"mailto:nita.vallimaki@uusyrityskeskus.fi\">nita.vallimaki@uusyrityskeskus.fi<\/a>.<\/p>\n\n\n\n<div class=\"wp-block-buttons is-layout-flex wp-block-buttons-is-layout-flex\">\n<div class=\"wp-block-button\"><a class=\"wp-block-button__link wp-element-button\" href=\"\/wp-content\/uploads\/2025\/10\/Mediakortti-2026-Nettisivut.pdf\" target=\"_blank\" rel=\"noreferrer noopener\">Katso mediakortti \u2192<\/a><\/div>\n<\/div>\n<\/div>\n<\/div>\n<\/div>\n<\/div>\n\n\n\n<div class=\"wp-block-columns content--row page--turn--buttons is-layout-flex wp-container-core-columns-is-layout-9d6595d7 wp-block-columns-is-layout-flex\">\n<div class=\"wp-block-column is-layout-flow wp-block-column-is-layout-flow\">\n<div class=\"wp-block-buttons is-layout-flex wp-block-buttons-is-layout-flex\">\n<div class=\"wp-block-button\"><a class=\"wp-block-button__link wp-element-button\" href=\"https:\/\/uusyrityskeskus.fi\/sv\/digital-startguide\/starta-foretag\/forsakringar-for-foretagaren-och-affarsverksamheten\/\">\u2190 2.4. F\u00f6rs\u00e4kringar f\u00f6r f\u00f6retagaren och aff\u00e4rsverksamheten<\/a><\/div>\n<\/div>\n<\/div>\n\n\n\n<div class=\"wp-block-column is-layout-flow wp-block-column-is-layout-flow\">\n<div class=\"wp-block-buttons is-content-justification-right is-layout-flex wp-container-core-buttons-is-layout-765c4724 wp-block-buttons-is-layout-flex\">\n<div class=\"wp-block-button\"><a class=\"wp-block-button__link wp-element-button\" href=\"https:\/\/uusyrityskeskus.fi\/sv\/digital-startguide\/starta-foretag\/sakerhet-ar-kvalitet-och-fortroende\/\">2.6. S\u00e4kerhet \u00e4r kvalitet och f\u00f6rtroende \u2192<\/a><\/div>\n<\/div>\n<\/div>\n<\/div>\n<\/div>\n\n\n\n<div class=\"wp-block-column custom--col--default is-layout-flow wp-block-column-is-layout-flow\" style=\"flex-basis:28%\">\n<div class=\"wp-block-group standard--group--with--shadow\"><div class=\"wp-block-group__inner-container is-layout-constrained wp-block-group-is-layout-constrained\">\n<h4 class=\"wp-block-heading\">Beh\u00f6ver du hj\u00e4lp?<\/h4>\n\n\n\n<div class=\"wp-block-buttons is-content-justification-center is-layout-flex wp-container-core-buttons-is-layout-16018d1d wp-block-buttons-is-layout-flex\">\n<div class=\"wp-block-button button--main\"><a class=\"wp-block-button__link wp-element-button\" href=\"https:\/\/uusyrityskeskus.fi\/sv\/nyforetagscentrumen\/\">Boka en konsultation<\/a><\/div>\n<\/div>\n\n\n\n<div class=\"wp-block-buttons is-content-justification-center is-layout-flex wp-container-core-buttons-is-layout-16018d1d wp-block-buttons-is-layout-flex\">\n<div class=\"wp-block-button mb--0 button--alt\"><a class=\"wp-block-button__link wp-element-button\" href=\"https:\/\/uusyrityskeskus.fi\/sv\/starta-eget-guiden\/\">Ladda ner PDF-guide<\/a><\/div>\n<\/div>\n<\/div><\/div>\n\n\n\n<div class=\"wp-block-group links--column\"><div class=\"wp-block-group__inner-container is-layout-constrained wp-block-group-is-layout-constrained\">\n<h4 class=\"wp-block-heading\">2. Steg f\u00f6r att grunda ett f\u00f6retag<\/h4>\n\n\n\n<div class=\"perustamisopas-nav\">\n<ol>\n<li>\n<a href=\"https:\/\/uusyrityskeskus.fi\/sv\/digital-startguide\/starta-foretag\/foretagsformen-spelar-roll\/\">F\u00f6retagsformen spelar roll<\/a>\n<\/li>\n\n<li>\n<a href=\"https:\/\/uusyrityskeskus.fi\/sv\/digital-startguide\/starta-foretag\/registrera-ditt-foretag-ratt\/\">Registrera ditt f\u00f6retag r\u00e4tt<\/a>\n<\/li>\n\n<li>\n<a href=\"https:\/\/uusyrityskeskus.fi\/sv\/digital-startguide\/starta-foretag\/bokforingsbyra-bank-och-betalningssatt\/\">Bokf\u00f6ringsbyr\u00e5, bank och betalningss\u00e4tt<\/a>\n<\/li>\n\n<li>\n<a href=\"https:\/\/uusyrityskeskus.fi\/sv\/digital-startguide\/starta-foretag\/forsakringar-for-foretagaren-och-affarsverksamheten\/\">F\u00f6rs\u00e4kringar f\u00f6r f\u00f6retagaren och aff\u00e4rsverksamheten<\/a>\n<\/li>\n\n<li>\n<a href=\"https:\/\/uusyrityskeskus.fi\/sv\/digital-startguide\/starta-foretag\/foretagets-avtal-i-skick\/\" class=\"active\">F\u00f6retagets avtal i skick<\/a>\n<\/li>\n\n<li>\n<a href=\"https:\/\/uusyrityskeskus.fi\/sv\/digital-startguide\/starta-foretag\/sakerhet-ar-kvalitet-och-fortroende\/\">S\u00e4kerhet \u00e4r kvalitet och f\u00f6rtroende<\/a>\n<\/li>\n<\/ol>\n<\/div>\n<\/div><\/div>\n<\/div>\n<\/div>\n<\/div>\n<\/div>\n","protected":false},"excerpt":{"rendered":"Bra avtal f\u00f6rebygger missf\u00f6rst\u00e5nd och tryggar b\u00e5da parternas r\u00e4ttigheter. Se till att de viktigaste sakerna har avtalats skriftligen. F\u00f6retagsverksamhet \u00e4r f\u00f6rknippad med flera avtal som det alltid l\u00f6nar sig att [&hellip;]","protected":false},"author":1,"featured_media":0,"parent":15699,"menu_order":0,"comment_status":"closed","ping_status":"closed","template":"","meta":{"iawp_total_views":4,"footnotes":""},"class_list":["post-15866","page","type-page","status-publish","hentry"],"yoast_head":"<!-- This site is optimized with the Yoast SEO plugin v26.8 - https:\/\/yoast.com\/product\/yoast-seo-wordpress\/ -->\n<title>F\u00f6retagets avtal i skick - Uusyrityskeskus<\/title>\n<meta name=\"robots\" content=\"index, follow, max-snippet:-1, max-image-preview:large, max-video-preview:-1\" \/>\n<link rel=\"canonical\" href=\"https:\/\/uusyrityskeskus.fi\/sv\/digital-startguide\/starta-foretag\/foretagets-avtal-i-skick\/\" \/>\n<meta property=\"og:locale\" content=\"sv_SE\" \/>\n<meta property=\"og:type\" content=\"article\" \/>\n<meta property=\"og:title\" content=\"F\u00f6retagets avtal i skick - Uusyrityskeskus\" \/>\n<meta property=\"og:description\" content=\"Bra avtal f\u00f6rebygger missf\u00f6rst\u00e5nd och tryggar b\u00e5da parternas r\u00e4ttigheter. Se till att de viktigaste sakerna har avtalats skriftligen. F\u00f6retagsverksamhet \u00e4r f\u00f6rknippad med flera avtal som det alltid l\u00f6nar sig att [&hellip;]\" \/>\n<meta property=\"og:url\" content=\"https:\/\/uusyrityskeskus.fi\/sv\/digital-startguide\/starta-foretag\/foretagets-avtal-i-skick\/\" \/>\n<meta property=\"og:site_name\" content=\"Uusyrityskeskus\" \/>\n<meta property=\"article:modified_time\" content=\"2025-11-06T10:43:27+00:00\" \/>\n<meta property=\"og:image\" content=\"https:\/\/uusyrityskeskus.fi\/wp-content\/uploads\/2025\/09\/Yrittajakassa-Kuvituskuva-Uusyrityskeskus.jpg\" \/>\n\t<meta property=\"og:image:width\" content=\"2500\" \/>\n\t<meta property=\"og:image:height\" content=\"1700\" \/>\n\t<meta property=\"og:image:type\" content=\"image\/jpeg\" \/>\n<meta name=\"twitter:card\" content=\"summary_large_image\" \/>\n<meta name=\"twitter:label1\" content=\"Ber\u00e4knad l\u00e4stid\" \/>\n\t<meta name=\"twitter:data1\" content=\"2 minuter\" \/>\n<script type=\"application\/ld+json\" class=\"yoast-schema-graph\">{\"@context\":\"https:\/\/schema.org\",\"@graph\":[{\"@type\":\"WebPage\",\"@id\":\"https:\/\/uusyrityskeskus.fi\/sv\/digital-startguide\/starta-foretag\/foretagets-avtal-i-skick\/\",\"url\":\"https:\/\/uusyrityskeskus.fi\/sv\/digital-startguide\/starta-foretag\/foretagets-avtal-i-skick\/\",\"name\":\"F\u00f6retagets avtal i skick - Uusyrityskeskus\",\"isPartOf\":{\"@id\":\"https:\/\/uusyrityskeskus.fi\/sv\/#website\"},\"primaryImageOfPage\":{\"@id\":\"https:\/\/uusyrityskeskus.fi\/sv\/digital-startguide\/starta-foretag\/foretagets-avtal-i-skick\/#primaryimage\"},\"image\":{\"@id\":\"https:\/\/uusyrityskeskus.fi\/sv\/digital-startguide\/starta-foretag\/foretagets-avtal-i-skick\/#primaryimage\"},\"thumbnailUrl\":\"https:\/\/uusyrityskeskus.fi\/wp-content\/uploads\/2025\/09\/Yrittajakassa-Kuvituskuva-Uusyrityskeskus.jpg\",\"datePublished\":\"2025-09-02T08:28:34+00:00\",\"dateModified\":\"2025-11-06T10:43:27+00:00\",\"breadcrumb\":{\"@id\":\"https:\/\/uusyrityskeskus.fi\/sv\/digital-startguide\/starta-foretag\/foretagets-avtal-i-skick\/#breadcrumb\"},\"inLanguage\":\"sv-SE\",\"potentialAction\":[{\"@type\":\"ReadAction\",\"target\":[\"https:\/\/uusyrityskeskus.fi\/sv\/digital-startguide\/starta-foretag\/foretagets-avtal-i-skick\/\"]}]},{\"@type\":\"ImageObject\",\"inLanguage\":\"sv-SE\",\"@id\":\"https:\/\/uusyrityskeskus.fi\/sv\/digital-startguide\/starta-foretag\/foretagets-avtal-i-skick\/#primaryimage\",\"url\":\"https:\/\/uusyrityskeskus.fi\/wp-content\/uploads\/2025\/09\/Yrittajakassa-Kuvituskuva-Uusyrityskeskus.jpg\",\"contentUrl\":\"https:\/\/uusyrityskeskus.fi\/wp-content\/uploads\/2025\/09\/Yrittajakassa-Kuvituskuva-Uusyrityskeskus.jpg\"},{\"@type\":\"BreadcrumbList\",\"@id\":\"https:\/\/uusyrityskeskus.fi\/sv\/digital-startguide\/starta-foretag\/foretagets-avtal-i-skick\/#breadcrumb\",\"itemListElement\":[{\"@type\":\"ListItem\",\"position\":1,\"name\":\"Etusivu\",\"item\":\"https:\/\/uusyrityskeskus.fi\/sv\/\"},{\"@type\":\"ListItem\",\"position\":2,\"name\":\"Digital startguide\",\"item\":\"https:\/\/uusyrityskeskus.fi\/sv\/digital-startguide\/\"},{\"@type\":\"ListItem\",\"position\":3,\"name\":\"Steg f\u00f6r att grunda ett f\u00f6retag\",\"item\":\"https:\/\/uusyrityskeskus.fi\/sv\/digital-startguide\/starta-foretag\/\"},{\"@type\":\"ListItem\",\"position\":4,\"name\":\"F\u00f6retagets avtal i skick\"}]},{\"@type\":\"WebSite\",\"@id\":\"https:\/\/uusyrityskeskus.fi\/sv\/#website\",\"url\":\"https:\/\/uusyrityskeskus.fi\/sv\/\",\"name\":\"Uusyrityskeskus\",\"description\":\"Yritt\u00e4jyyden unelmista onnistumisia.\",\"potentialAction\":[{\"@type\":\"SearchAction\",\"target\":{\"@type\":\"EntryPoint\",\"urlTemplate\":\"https:\/\/uusyrityskeskus.fi\/sv\/?s={search_term_string}\"},\"query-input\":{\"@type\":\"PropertyValueSpecification\",\"valueRequired\":true,\"valueName\":\"search_term_string\"}}],\"inLanguage\":\"sv-SE\"}]}<\/script>\n<!-- \/ Yoast SEO plugin. -->","yoast_head_json":{"title":"F\u00f6retagets avtal i skick - Uusyrityskeskus","robots":{"index":"index","follow":"follow","max-snippet":"max-snippet:-1","max-image-preview":"max-image-preview:large","max-video-preview":"max-video-preview:-1"},"canonical":"https:\/\/uusyrityskeskus.fi\/sv\/digital-startguide\/starta-foretag\/foretagets-avtal-i-skick\/","og_locale":"sv_SE","og_type":"article","og_title":"F\u00f6retagets avtal i skick - Uusyrityskeskus","og_description":"Bra avtal f\u00f6rebygger missf\u00f6rst\u00e5nd och tryggar b\u00e5da parternas r\u00e4ttigheter. Se till att de viktigaste sakerna har avtalats skriftligen. F\u00f6retagsverksamhet \u00e4r f\u00f6rknippad med flera avtal som det alltid l\u00f6nar sig att [&hellip;]","og_url":"https:\/\/uusyrityskeskus.fi\/sv\/digital-startguide\/starta-foretag\/foretagets-avtal-i-skick\/","og_site_name":"Uusyrityskeskus","article_modified_time":"2025-11-06T10:43:27+00:00","og_image":[{"width":2500,"height":1700,"url":"https:\/\/uusyrityskeskus.fi\/wp-content\/uploads\/2025\/09\/Yrittajakassa-Kuvituskuva-Uusyrityskeskus.jpg","type":"image\/jpeg"}],"twitter_card":"summary_large_image","twitter_misc":{"Ber\u00e4knad l\u00e4stid":"2 minuter"},"schema":{"@context":"https:\/\/schema.org","@graph":[{"@type":"WebPage","@id":"https:\/\/uusyrityskeskus.fi\/sv\/digital-startguide\/starta-foretag\/foretagets-avtal-i-skick\/","url":"https:\/\/uusyrityskeskus.fi\/sv\/digital-startguide\/starta-foretag\/foretagets-avtal-i-skick\/","name":"F\u00f6retagets avtal i skick - Uusyrityskeskus","isPartOf":{"@id":"https:\/\/uusyrityskeskus.fi\/sv\/#website"},"primaryImageOfPage":{"@id":"https:\/\/uusyrityskeskus.fi\/sv\/digital-startguide\/starta-foretag\/foretagets-avtal-i-skick\/#primaryimage"},"image":{"@id":"https:\/\/uusyrityskeskus.fi\/sv\/digital-startguide\/starta-foretag\/foretagets-avtal-i-skick\/#primaryimage"},"thumbnailUrl":"https:\/\/uusyrityskeskus.fi\/wp-content\/uploads\/2025\/09\/Yrittajakassa-Kuvituskuva-Uusyrityskeskus.jpg","datePublished":"2025-09-02T08:28:34+00:00","dateModified":"2025-11-06T10:43:27+00:00","breadcrumb":{"@id":"https:\/\/uusyrityskeskus.fi\/sv\/digital-startguide\/starta-foretag\/foretagets-avtal-i-skick\/#breadcrumb"},"inLanguage":"sv-SE","potentialAction":[{"@type":"ReadAction","target":["https:\/\/uusyrityskeskus.fi\/sv\/digital-startguide\/starta-foretag\/foretagets-avtal-i-skick\/"]}]},{"@type":"ImageObject","inLanguage":"sv-SE","@id":"https:\/\/uusyrityskeskus.fi\/sv\/digital-startguide\/starta-foretag\/foretagets-avtal-i-skick\/#primaryimage","url":"https:\/\/uusyrityskeskus.fi\/wp-content\/uploads\/2025\/09\/Yrittajakassa-Kuvituskuva-Uusyrityskeskus.jpg","contentUrl":"https:\/\/uusyrityskeskus.fi\/wp-content\/uploads\/2025\/09\/Yrittajakassa-Kuvituskuva-Uusyrityskeskus.jpg"},{"@type":"BreadcrumbList","@id":"https:\/\/uusyrityskeskus.fi\/sv\/digital-startguide\/starta-foretag\/foretagets-avtal-i-skick\/#breadcrumb","itemListElement":[{"@type":"ListItem","position":1,"name":"Etusivu","item":"https:\/\/uusyrityskeskus.fi\/sv\/"},{"@type":"ListItem","position":2,"name":"Digital startguide","item":"https:\/\/uusyrityskeskus.fi\/sv\/digital-startguide\/"},{"@type":"ListItem","position":3,"name":"Steg f\u00f6r att grunda ett f\u00f6retag","item":"https:\/\/uusyrityskeskus.fi\/sv\/digital-startguide\/starta-foretag\/"},{"@type":"ListItem","position":4,"name":"F\u00f6retagets avtal i skick"}]},{"@type":"WebSite","@id":"https:\/\/uusyrityskeskus.fi\/sv\/#website","url":"https:\/\/uusyrityskeskus.fi\/sv\/","name":"Uusyrityskeskus","description":"Yritt\u00e4jyyden unelmista onnistumisia.","potentialAction":[{"@type":"SearchAction","target":{"@type":"EntryPoint","urlTemplate":"https:\/\/uusyrityskeskus.fi\/sv\/?s={search_term_string}"},"query-input":{"@type":"PropertyValueSpecification","valueRequired":true,"valueName":"search_term_string"}}],"inLanguage":"sv-SE"}]}},"_links":{"self":[{"href":"https:\/\/uusyrityskeskus.fi\/sv\/wp-json\/wp\/v2\/pages\/15866","targetHints":{"allow":["GET"]}}],"collection":[{"href":"https:\/\/uusyrityskeskus.fi\/sv\/wp-json\/wp\/v2\/pages"}],"about":[{"href":"https:\/\/uusyrityskeskus.fi\/sv\/wp-json\/wp\/v2\/types\/page"}],"author":[{"embeddable":true,"href":"https:\/\/uusyrityskeskus.fi\/sv\/wp-json\/wp\/v2\/users\/1"}],"replies":[{"embeddable":true,"href":"https:\/\/uusyrityskeskus.fi\/sv\/wp-json\/wp\/v2\/comments?post=15866"}],"version-history":[{"count":5,"href":"https:\/\/uusyrityskeskus.fi\/sv\/wp-json\/wp\/v2\/pages\/15866\/revisions"}],"predecessor-version":[{"id":16858,"href":"https:\/\/uusyrityskeskus.fi\/sv\/wp-json\/wp\/v2\/pages\/15866\/revisions\/16858"}],"up":[{"embeddable":true,"href":"https:\/\/uusyrityskeskus.fi\/sv\/wp-json\/wp\/v2\/pages\/15699"}],"wp:attachment":[{"href":"https:\/\/uusyrityskeskus.fi\/sv\/wp-json\/wp\/v2\/media?parent=15866"}],"curies":[{"name":"wp","href":"https:\/\/api.w.org\/{rel}","templated":true}]}}