{"id":15794,"date":"2025-09-02T11:15:27","date_gmt":"2025-09-02T08:15:27","guid":{"rendered":"https:\/\/uusyrityskeskus.fi\/digital-startguide\/affarsplanering\/luvanvarainen-toiminta\/"},"modified":"2026-03-24T12:12:23","modified_gmt":"2026-03-24T10:12:23","slug":"tillstandspliktig-verksamhet","status":"publish","type":"page","link":"https:\/\/uusyrityskeskus.fi\/sv\/digital-startguide\/affarsplanering\/tillstandspliktig-verksamhet\/","title":{"rendered":"Tillst\u00e5ndspliktig verksamhet"},"content":{"rendered":"\n<div class=\"wp-block-tovaristrap-ts-container ts-container header--section\">\n<div class=\"ts-div header--row\">\n<h1 class=\"wp-block-heading\">Tillst\u00e5ndspliktig verksamhet<\/h1>\n<\/div>\n<\/div>\n\n\n\n<div class=\"wp-block-tovaristrap-ts-container ts-container base--section pt-0 pb-0 border-bottom\">\n<div class=\"ts-div content--row\"><div class=\"yoast-breadcrumbs\"><span><span><a href=\"https:\/\/uusyrityskeskus.fi\/sv\/\">Etusivu<\/a><\/span> \u00bb <span><a href=\"https:\/\/uusyrityskeskus.fi\/sv\/digital-startguide\/\">Digital startguide<\/a><\/span> \u00bb <span><a href=\"https:\/\/uusyrityskeskus.fi\/sv\/digital-startguide\/affarsplanering\/\">F\u00f6retagande b\u00f6rjar med en id\u00e9<\/a><\/span> \u00bb <span class=\"breadcrumb_last\" aria-current=\"page\">Tillst\u00e5ndspliktig verksamhet<\/span><\/span><\/div><\/div>\n<\/div>\n\n\n\n<div class=\"wp-block-columns content--section with--default--padding is-layout-flex wp-container-core-columns-is-layout-9d6595d7 wp-block-columns-is-layout-flex\">\n<div class=\"wp-block-column content--div is-layout-flow wp-block-column-is-layout-flow\">\n<div class=\"wp-block-columns content--row is-layout-flex wp-container-core-columns-is-layout-9d6595d7 wp-block-columns-is-layout-flex\">\n<div class=\"wp-block-column custom--col--default sub--page--left--col is-layout-flow wp-block-column-is-layout-flow\" style=\"flex-basis:72%\">\n<p><em>Inom vissa branscher beh\u00f6vs tillst\u00e5nd eller anm\u00e4lan. Utred redan i planeringsskedet om kraven ber\u00f6r dig.<\/em><\/p>\n\n\n\n<p>M\u00e5nga branscher \u2013 s\u00e5som restauranger, trafik, h\u00e4lso- och sjukv\u00e5rd, sk\u00f6nhetsv\u00e5rd eller byggande \u2013 kr\u00e4ver myndighetstillst\u00e5nd eller registrering innan verksamheten inleds. Tillst\u00e5ndet kan g\u00e4lla till exempel lokalernas hygien, f\u00f6retagarens utbildning eller de ansvarigas personernas l\u00e4mplighet. Det l\u00f6nar sig f\u00f6r varje ny f\u00f6retagare att i god tid kontrollera de s\u00e4rskilda kraven inom sin egen bransch, eftersom tillst\u00e5ndsbehandlingen kan ta flera veckor.<\/p>\n\n\n\n<p>Dessutom ska man enligt branschen beakta bland annat best\u00e4mmelserna om utomhusf\u00f6rs\u00e4ljning, tillst\u00e5nd i anslutning till import och export och <strong>producentansvaret<\/strong> inom vissa branscher, s\u00e5som elektronik, d\u00e4ck och f\u00f6rpackningar \u2013 dvs. skyldigheten att s\u00f6rja f\u00f6r avfallshanteringen och \u00e5tervinningen av produkterna. \u00c4ven <strong>upphovsr\u00e4tt<\/strong> och <strong>varum\u00e4rken<\/strong> kan p\u00e5verka inledandet av verksamheten: det namn, den logotyp eller det inneh\u00e5ll som anv\u00e4nds f\u00e5r inte kr\u00e4nka andras r\u00e4ttigheter. Det l\u00f6nar sig f\u00f6r f\u00f6retagaren att kartl\u00e4gga dessa saker redan i planeringsskedet, vid behov med experthj\u00e4lp.<\/p>\n\n\n\n<div class=\"wp-block-group sub--page--group info--box\"><div class=\"wp-block-group__inner-container is-layout-constrained wp-block-group-is-layout-constrained\">\n<h4 class=\"wp-block-heading\">L\u00e4nkar:<\/h4>\n\n\n\n<p><strong>Suomi.fi:<\/strong> <a href=\"https:\/\/www.suomi.fi\/foretag\/ansvar-och-skyldigheter\/tillstand-och-skyldigheter\" target=\"_blank\" rel=\"noreferrer noopener\"><\/a><a href=\"https:\/\/www.suomi.fi\/foretag\/ansvar-och-skyldigheter\/tillstand-och-skyldigheter\">Tillst\u00e5nd och skyldigheter &#8211; Ansvar och skyldigheter &#8211; Suomi.fi<\/a><br><strong>Tillst\u00e5nds- och tillsynsverket\u00a0:<\/strong> <a href=\"https:\/\/www.ely-keskus.fi\/web\/tuottajavastuu\/\" target=\"_blank\" rel=\"noreferrer noopener\"><\/a><a href=\"https:\/\/lvv.fi\/sv\/miljo\/information-om-producentansvar\" target=\"_blank\" rel=\"noreferrer noopener\">F\u00f6rstasidan \u2013 Producentansvar \u2013  Tillst\u00e5nds- och tillsynsverket<\/a><br><strong>Upphovsr\u00e4tt:<\/strong> <a href=\"https:\/\/ttvk.fi\/sv\/upphosvratt\" target=\"_blank\" rel=\"noreferrer noopener\"><\/a><a href=\"https:\/\/ttvk.fi\/sv\/upphosvratt\">Upphovsr\u00e4tt &#8211; Upphovsr\u00e4ttens informations- och \u00f6vervakningscentral rf<\/a><\/p>\n<\/div><\/div>\n\n\n\n<div class=\"wp-block-columns content--row page--turn--buttons is-layout-flex wp-container-core-columns-is-layout-9d6595d7 wp-block-columns-is-layout-flex\">\n<div class=\"wp-block-column is-layout-flow wp-block-column-is-layout-flow\">\n<div class=\"wp-block-buttons is-layout-flex wp-block-buttons-is-layout-flex\">\n<div class=\"wp-block-button\"><a class=\"wp-block-button__link wp-element-button\" href=\"https:\/\/uusyrityskeskus.fi\/sv\/digital-startguide\/affarsplanering\/finansiering-i-uppstartsfasen\/\">\u2190 1.4. Finansiering i uppstartsfasen<\/a><\/div>\n<\/div>\n<\/div>\n\n\n\n<div class=\"wp-block-column is-layout-flow wp-block-column-is-layout-flow\">\n<div class=\"wp-block-buttons is-content-justification-right is-layout-flex wp-container-core-buttons-is-layout-765c4724 wp-block-buttons-is-layout-flex\">\n<div class=\"wp-block-button\"><a class=\"wp-block-button__link wp-element-button\" href=\"https:\/\/uusyrityskeskus.fi\/sv\/digital-startguide\/affarsplanering\/utlandska-personers-tillstand-och-anmalningar\/\">1.6. Utl\u00e4ndska personers tillst\u00e5nd och anm\u00e4lningar \u2192<\/a><\/div>\n<\/div>\n<\/div>\n<\/div>\n<\/div>\n\n\n\n<div class=\"wp-block-column custom--col--default is-layout-flow wp-block-column-is-layout-flow\" style=\"flex-basis:28%\">\n<div class=\"wp-block-group standard--group--with--shadow\"><div class=\"wp-block-group__inner-container is-layout-constrained wp-block-group-is-layout-constrained\">\n<h4 class=\"wp-block-heading\">Beh\u00f6ver du hj\u00e4lp?<\/h4>\n\n\n\n<div class=\"wp-block-buttons is-content-justification-center is-layout-flex wp-container-core-buttons-is-layout-16018d1d wp-block-buttons-is-layout-flex\">\n<div class=\"wp-block-button button--main\"><a class=\"wp-block-button__link wp-element-button\" href=\"https:\/\/uusyrityskeskus.fi\/sv\/nyforetagscentrumen\/\">Boka en konsultation<\/a><\/div>\n<\/div>\n\n\n\n<div class=\"wp-block-buttons is-content-justification-center is-layout-flex wp-container-core-buttons-is-layout-16018d1d wp-block-buttons-is-layout-flex\">\n<div class=\"wp-block-button mb--0 button--alt\"><a class=\"wp-block-button__link wp-element-button\" href=\"https:\/\/uusyrityskeskus.fi\/sv\/starta-eget-guiden\/\">Ladda ner PDF-guide<\/a><\/div>\n<\/div>\n<\/div><\/div>\n\n\n\n<div class=\"wp-block-group links--column\"><div class=\"wp-block-group__inner-container is-layout-constrained wp-block-group-is-layout-constrained\">\n<h4 class=\"wp-block-heading\">1. F\u00f6retagande b\u00f6rjar med en id\u00e9<\/h4>\n\n\n\n<div class=\"perustamisopas-nav\">\n<ol>\n<li>\n<a href=\"https:\/\/uusyrityskeskus.fi\/sv\/digital-startguide\/affarsplanering\/affarside\/\">Aff\u00e4rsid\u00e9<\/a>\n<\/li>\n\n<li>\n<a href=\"https:\/\/uusyrityskeskus.fi\/sv\/digital-startguide\/affarsplanering\/affarsplan-och-berakningar\/\">Aff\u00e4rsplan och ber\u00e4kningar<\/a>\n<\/li>\n\n<li>\n<a href=\"https:\/\/uusyrityskeskus.fi\/sv\/digital-startguide\/affarsplanering\/prissattning\/\">Priss\u00e4ttning av produkten\/tj\u00e4nsten<\/a>\n<\/li>\n\n<li>\n<a href=\"https:\/\/uusyrityskeskus.fi\/sv\/digital-startguide\/affarsplanering\/finansiering-i-uppstartsfasen\/\">Finansiering i uppstartsfasen<\/a>\n<\/li>\n\n<li>\n<a href=\"https:\/\/uusyrityskeskus.fi\/sv\/digital-startguide\/affarsplanering\/tillstandspliktig-verksamhet\/\" class=\"active\">Tillst\u00e5ndspliktig verksamhet<\/a>\n<\/li>\n\n<li>\n<a href=\"https:\/\/uusyrityskeskus.fi\/sv\/digital-startguide\/affarsplanering\/utlandska-personers-tillstand-och-anmalningar\/\">Utl\u00e4ndska personers tillst\u00e5nd och anm\u00e4lningar<\/a>\n<\/li>\n\n<li>\n<a href=\"https:\/\/uusyrityskeskus.fi\/sv\/digital-startguide\/affarsplanering\/ar-ditt-foretag-ett-startup-foretag\/\">\u00c4r ditt f\u00f6retag ett startup-f\u00f6retag?<\/a>\n<\/li>\n<\/ol>\n<\/div>\n<\/div><\/div>\n<\/div>\n<\/div>\n<\/div>\n<\/div>\n","protected":false},"excerpt":{"rendered":"Inom vissa branscher beh\u00f6vs tillst\u00e5nd eller anm\u00e4lan. Utred redan i planeringsskedet om kraven ber\u00f6r dig. M\u00e5nga branscher \u2013 s\u00e5som restauranger, trafik, h\u00e4lso- och sjukv\u00e5rd, sk\u00f6nhetsv\u00e5rd eller byggande \u2013 kr\u00e4ver myndighetstillst\u00e5nd [&hellip;]","protected":false},"author":1,"featured_media":0,"parent":15691,"menu_order":0,"comment_status":"closed","ping_status":"closed","template":"","meta":{"iawp_total_views":13,"footnotes":""},"class_list":["post-15794","page","type-page","status-publish","hentry"],"yoast_head":"<!-- This site is optimized with the Yoast SEO plugin v27.4 - https:\/\/yoast.com\/product\/yoast-seo-wordpress\/ -->\n<title>Tillst\u00e5ndspliktig verksamhet - Uusyrityskeskus<\/title>\n<meta name=\"robots\" content=\"index, follow, max-snippet:-1, max-image-preview:large, max-video-preview:-1\" \/>\n<link rel=\"canonical\" href=\"https:\/\/uusyrityskeskus.fi\/sv\/digital-startguide\/affarsplanering\/tillstandspliktig-verksamhet\/\" \/>\n<meta property=\"og:locale\" content=\"sv_SE\" \/>\n<meta property=\"og:type\" content=\"article\" \/>\n<meta property=\"og:title\" content=\"Tillst\u00e5ndspliktig verksamhet - Uusyrityskeskus\" \/>\n<meta property=\"og:description\" content=\"Inom vissa branscher beh\u00f6vs tillst\u00e5nd eller anm\u00e4lan. Utred redan i planeringsskedet om kraven ber\u00f6r dig. M\u00e5nga branscher \u2013 s\u00e5som restauranger, trafik, h\u00e4lso- och sjukv\u00e5rd, sk\u00f6nhetsv\u00e5rd eller byggande \u2013 kr\u00e4ver myndighetstillst\u00e5nd [&hellip;]\" \/>\n<meta property=\"og:url\" content=\"https:\/\/uusyrityskeskus.fi\/sv\/digital-startguide\/affarsplanering\/tillstandspliktig-verksamhet\/\" \/>\n<meta property=\"og:site_name\" content=\"Uusyrityskeskus\" \/>\n<meta property=\"article:modified_time\" content=\"2026-03-24T10:12:23+00:00\" \/>\n<meta property=\"og:image\" content=\"https:\/\/uusyrityskeskus.fi\/wp-content\/uploads\/2020\/12\/uusyrityskeskus-turkoosi.jpg\" \/>\n\t<meta property=\"og:image:width\" content=\"2048\" \/>\n\t<meta property=\"og:image:height\" content=\"1152\" \/>\n\t<meta property=\"og:image:type\" content=\"image\/jpeg\" \/>\n<meta name=\"twitter:card\" content=\"summary_large_image\" \/>\n<meta name=\"twitter:label1\" content=\"Ber\u00e4knad l\u00e4stid\" \/>\n\t<meta name=\"twitter:data1\" content=\"2 minuter\" \/>\n<script type=\"application\/ld+json\" class=\"yoast-schema-graph\">{\"@context\":\"https:\\\/\\\/schema.org\",\"@graph\":[{\"@type\":\"WebPage\",\"@id\":\"https:\\\/\\\/uusyrityskeskus.fi\\\/sv\\\/digital-startguide\\\/affarsplanering\\\/tillstandspliktig-verksamhet\\\/\",\"url\":\"https:\\\/\\\/uusyrityskeskus.fi\\\/sv\\\/digital-startguide\\\/affarsplanering\\\/tillstandspliktig-verksamhet\\\/\",\"name\":\"Tillst\u00e5ndspliktig verksamhet - Uusyrityskeskus\",\"isPartOf\":{\"@id\":\"https:\\\/\\\/uusyrityskeskus.fi\\\/sv\\\/#website\"},\"datePublished\":\"2025-09-02T08:15:27+00:00\",\"dateModified\":\"2026-03-24T10:12:23+00:00\",\"breadcrumb\":{\"@id\":\"https:\\\/\\\/uusyrityskeskus.fi\\\/sv\\\/digital-startguide\\\/affarsplanering\\\/tillstandspliktig-verksamhet\\\/#breadcrumb\"},\"inLanguage\":\"sv-SE\",\"potentialAction\":[{\"@type\":\"ReadAction\",\"target\":[\"https:\\\/\\\/uusyrityskeskus.fi\\\/sv\\\/digital-startguide\\\/affarsplanering\\\/tillstandspliktig-verksamhet\\\/\"]}]},{\"@type\":\"BreadcrumbList\",\"@id\":\"https:\\\/\\\/uusyrityskeskus.fi\\\/sv\\\/digital-startguide\\\/affarsplanering\\\/tillstandspliktig-verksamhet\\\/#breadcrumb\",\"itemListElement\":[{\"@type\":\"ListItem\",\"position\":1,\"name\":\"Etusivu\",\"item\":\"https:\\\/\\\/uusyrityskeskus.fi\\\/sv\\\/\"},{\"@type\":\"ListItem\",\"position\":2,\"name\":\"Digital startguide\",\"item\":\"https:\\\/\\\/uusyrityskeskus.fi\\\/sv\\\/digital-startguide\\\/\"},{\"@type\":\"ListItem\",\"position\":3,\"name\":\"F\u00f6retagande b\u00f6rjar med en id\u00e9\",\"item\":\"https:\\\/\\\/uusyrityskeskus.fi\\\/sv\\\/digital-startguide\\\/affarsplanering\\\/\"},{\"@type\":\"ListItem\",\"position\":4,\"name\":\"Tillst\u00e5ndspliktig verksamhet\"}]},{\"@type\":\"WebSite\",\"@id\":\"https:\\\/\\\/uusyrityskeskus.fi\\\/sv\\\/#website\",\"url\":\"https:\\\/\\\/uusyrityskeskus.fi\\\/sv\\\/\",\"name\":\"Uusyrityskeskus\",\"description\":\"Yritt\u00e4jyyden unelmista onnistumisia.\",\"potentialAction\":[{\"@type\":\"SearchAction\",\"target\":{\"@type\":\"EntryPoint\",\"urlTemplate\":\"https:\\\/\\\/uusyrityskeskus.fi\\\/sv\\\/?s={search_term_string}\"},\"query-input\":{\"@type\":\"PropertyValueSpecification\",\"valueRequired\":true,\"valueName\":\"search_term_string\"}}],\"inLanguage\":\"sv-SE\"}]}<\/script>\n<!-- \/ Yoast SEO plugin. -->","yoast_head_json":{"title":"Tillst\u00e5ndspliktig verksamhet - Uusyrityskeskus","robots":{"index":"index","follow":"follow","max-snippet":"max-snippet:-1","max-image-preview":"max-image-preview:large","max-video-preview":"max-video-preview:-1"},"canonical":"https:\/\/uusyrityskeskus.fi\/sv\/digital-startguide\/affarsplanering\/tillstandspliktig-verksamhet\/","og_locale":"sv_SE","og_type":"article","og_title":"Tillst\u00e5ndspliktig verksamhet - Uusyrityskeskus","og_description":"Inom vissa branscher beh\u00f6vs tillst\u00e5nd eller anm\u00e4lan. Utred redan i planeringsskedet om kraven ber\u00f6r dig. M\u00e5nga branscher \u2013 s\u00e5som restauranger, trafik, h\u00e4lso- och sjukv\u00e5rd, sk\u00f6nhetsv\u00e5rd eller byggande \u2013 kr\u00e4ver myndighetstillst\u00e5nd [&hellip;]","og_url":"https:\/\/uusyrityskeskus.fi\/sv\/digital-startguide\/affarsplanering\/tillstandspliktig-verksamhet\/","og_site_name":"Uusyrityskeskus","article_modified_time":"2026-03-24T10:12:23+00:00","og_image":[{"width":2048,"height":1152,"url":"https:\/\/uusyrityskeskus.fi\/wp-content\/uploads\/2020\/12\/uusyrityskeskus-turkoosi.jpg","type":"image\/jpeg"}],"twitter_card":"summary_large_image","twitter_misc":{"Ber\u00e4knad l\u00e4stid":"2 minuter"},"schema":{"@context":"https:\/\/schema.org","@graph":[{"@type":"WebPage","@id":"https:\/\/uusyrityskeskus.fi\/sv\/digital-startguide\/affarsplanering\/tillstandspliktig-verksamhet\/","url":"https:\/\/uusyrityskeskus.fi\/sv\/digital-startguide\/affarsplanering\/tillstandspliktig-verksamhet\/","name":"Tillst\u00e5ndspliktig verksamhet - Uusyrityskeskus","isPartOf":{"@id":"https:\/\/uusyrityskeskus.fi\/sv\/#website"},"datePublished":"2025-09-02T08:15:27+00:00","dateModified":"2026-03-24T10:12:23+00:00","breadcrumb":{"@id":"https:\/\/uusyrityskeskus.fi\/sv\/digital-startguide\/affarsplanering\/tillstandspliktig-verksamhet\/#breadcrumb"},"inLanguage":"sv-SE","potentialAction":[{"@type":"ReadAction","target":["https:\/\/uusyrityskeskus.fi\/sv\/digital-startguide\/affarsplanering\/tillstandspliktig-verksamhet\/"]}]},{"@type":"BreadcrumbList","@id":"https:\/\/uusyrityskeskus.fi\/sv\/digital-startguide\/affarsplanering\/tillstandspliktig-verksamhet\/#breadcrumb","itemListElement":[{"@type":"ListItem","position":1,"name":"Etusivu","item":"https:\/\/uusyrityskeskus.fi\/sv\/"},{"@type":"ListItem","position":2,"name":"Digital startguide","item":"https:\/\/uusyrityskeskus.fi\/sv\/digital-startguide\/"},{"@type":"ListItem","position":3,"name":"F\u00f6retagande b\u00f6rjar med en id\u00e9","item":"https:\/\/uusyrityskeskus.fi\/sv\/digital-startguide\/affarsplanering\/"},{"@type":"ListItem","position":4,"name":"Tillst\u00e5ndspliktig verksamhet"}]},{"@type":"WebSite","@id":"https:\/\/uusyrityskeskus.fi\/sv\/#website","url":"https:\/\/uusyrityskeskus.fi\/sv\/","name":"Uusyrityskeskus","description":"Yritt\u00e4jyyden unelmista onnistumisia.","potentialAction":[{"@type":"SearchAction","target":{"@type":"EntryPoint","urlTemplate":"https:\/\/uusyrityskeskus.fi\/sv\/?s={search_term_string}"},"query-input":{"@type":"PropertyValueSpecification","valueRequired":true,"valueName":"search_term_string"}}],"inLanguage":"sv-SE"}]}},"_links":{"self":[{"href":"https:\/\/uusyrityskeskus.fi\/sv\/wp-json\/wp\/v2\/pages\/15794","targetHints":{"allow":["GET"]}}],"collection":[{"href":"https:\/\/uusyrityskeskus.fi\/sv\/wp-json\/wp\/v2\/pages"}],"about":[{"href":"https:\/\/uusyrityskeskus.fi\/sv\/wp-json\/wp\/v2\/types\/page"}],"author":[{"embeddable":true,"href":"https:\/\/uusyrityskeskus.fi\/sv\/wp-json\/wp\/v2\/users\/1"}],"replies":[{"embeddable":true,"href":"https:\/\/uusyrityskeskus.fi\/sv\/wp-json\/wp\/v2\/comments?post=15794"}],"version-history":[{"count":4,"href":"https:\/\/uusyrityskeskus.fi\/sv\/wp-json\/wp\/v2\/pages\/15794\/revisions"}],"predecessor-version":[{"id":18066,"href":"https:\/\/uusyrityskeskus.fi\/sv\/wp-json\/wp\/v2\/pages\/15794\/revisions\/18066"}],"up":[{"embeddable":true,"href":"https:\/\/uusyrityskeskus.fi\/sv\/wp-json\/wp\/v2\/pages\/15691"}],"wp:attachment":[{"href":"https:\/\/uusyrityskeskus.fi\/sv\/wp-json\/wp\/v2\/media?parent=15794"}],"curies":[{"name":"wp","href":"https:\/\/api.w.org\/{rel}","templated":true}]}}