{"id":15786,"date":"2025-09-02T11:13:11","date_gmt":"2025-09-02T08:13:11","guid":{"rendered":"https:\/\/uusyrityskeskus.fi\/digital-startguide\/affarsplanering\/alkuvaiheen-rahoitus\/"},"modified":"2026-03-24T11:57:44","modified_gmt":"2026-03-24T09:57:44","slug":"finansiering-i-uppstartsfasen","status":"publish","type":"page","link":"https:\/\/uusyrityskeskus.fi\/sv\/digital-startguide\/affarsplanering\/finansiering-i-uppstartsfasen\/","title":{"rendered":"Finansiering i uppstartsfasen"},"content":{"rendered":"\n<div class=\"wp-block-tovaristrap-ts-container ts-container header--section\">\n<div class=\"ts-div header--row\">\n<h1 class=\"wp-block-heading\">Finansiering i uppstartsfasen<\/h1>\n<\/div>\n<\/div>\n\n\n\n<div class=\"wp-block-tovaristrap-ts-container ts-container base--section pt-0 pb-0 border-bottom\">\n<div class=\"ts-div content--row\"><div class=\"yoast-breadcrumbs\"><span><span><a href=\"https:\/\/uusyrityskeskus.fi\/sv\/\">Etusivu<\/a><\/span> \u00bb <span><a href=\"https:\/\/uusyrityskeskus.fi\/sv\/digital-startguide\/\">Digital startguide<\/a><\/span> \u00bb <span><a href=\"https:\/\/uusyrityskeskus.fi\/sv\/digital-startguide\/affarsplanering\/\">F\u00f6retagande b\u00f6rjar med en id\u00e9<\/a><\/span> \u00bb <span class=\"breadcrumb_last\" aria-current=\"page\">Finansiering i uppstartsfasen<\/span><\/span><\/div><\/div>\n<\/div>\n\n\n\n<div class=\"wp-block-columns content--section with--default--padding is-layout-flex wp-container-core-columns-is-layout-9d6595d7 wp-block-columns-is-layout-flex\">\n<div class=\"wp-block-column content--div is-layout-flow wp-block-column-is-layout-flow\">\n<div class=\"wp-block-columns content--row is-layout-flex wp-container-core-columns-is-layout-9d6595d7 wp-block-columns-is-layout-flex\">\n<div class=\"wp-block-column custom--col--default sub--page--left--col is-layout-flow wp-block-column-is-layout-flow\" style=\"flex-basis:72%\">\n<p><em>F\u00f6retagsverksamhet beh\u00f6ver ofta finansiering i uppstartsfasen. Det beh\u00f6vs n\u00e4stan alltid egna pengar, men man kan ocks\u00e5 f\u00e5 st\u00f6d fr\u00e5n annat h\u00e5ll.<\/em><\/p>\n\n\n\n<p>En ny f\u00f6retagare beh\u00f6ver i b\u00f6rjan ofta till\u00e4ggsfinansiering f\u00f6r investeringar, lager eller driftskapital. F\u00f6retagets finansiering kommer i allm\u00e4nhet fr\u00e5n dessa tre k\u00e4llor: f\u00f6retagarens sj\u00e4lvfinansiering, l\u00e5n och eventuella underst\u00f6d.<\/p>\n\n\n\n<p>Med sj\u00e4lvfinansiering avses egna besparingar eller annan egendom (apport) s\u00e5som maskiner, fastigheter eller bilar som kan anv\u00e4ndas som hj\u00e4lp f\u00f6r finansiering i det inledande skedet. F\u00f6r att f\u00e5 bankl\u00e5n beh\u00f6ver f\u00f6retagaren ofta s\u00e4kerheter. En ny f\u00f6retagare kan avtala om <strong>Finnveras begynnelseborgen<\/strong>, som kan fungera som ett l\u00e5nevillkor f\u00f6r banken. Finnvera kan ocks\u00e5 bevilja f\u00f6retagarl\u00e5n t.ex. vid \u00e4garbyte.<\/p>\n\n\n\n<p><strong>Livskraftscentralerna<\/strong> st\u00f6der utvecklingsinvesteringar p\u00e5 vissa villkor och regionalt. I landsbygdsomr\u00e5den kan \u00e4ven <strong>Leader-grupper<\/strong> bevilja underst\u00f6d till nya f\u00f6retag.<\/p>\n\n\n\n<p>All finansiering kr\u00e4ver en tydlig aff\u00e4rsplan, realistiska ber\u00e4kningar och motiveringar till varf\u00f6r just detta f\u00f6retag \u00e4r en l\u00f6nsam investering.<\/p>\n\n\n\n<div class=\"wp-block-group sub--page--group info--box\"><div class=\"wp-block-group__inner-container is-layout-constrained wp-block-group-is-layout-constrained\">\n<h4 class=\"wp-block-heading\">L\u00e4nkar:<\/h4>\n\n\n\n<p><strong>Finnvera:<\/strong>\u00a0<a href=\"https:\/\/www.finnvera.fi\/aloittava-yritys\" target=\"_blank\" rel=\"noreferrer noopener\">https:\/\/www.finnvera.fi\/aloittava-yritys<\/a><\/p>\n\n\n\n<p><strong>Livskraftscentralen<\/strong>: <a href=\"https:\/\/www.ely-keskus.fi\/yritysrahoitus\"><\/a><a href=\"https:\/\/elinvoimakeskus.fi\/utveckling-och-finansiering-av-foretag\">Utveckling och finansiering av f\u00f6retag &#8211; Elinvoimakeskus<\/a><br><strong>F\u00f6retagsst\u00f6d:<\/strong> <a href=\"https:\/\/www.ruokavirasto.fi\/sv\/stod\/foretagande-pa-landsbygden\/foretagsstod\/\" target=\"_blank\" rel=\"noreferrer noopener\"><\/a><a href=\"https:\/\/www.ruokavirasto.fi\/sv\/stod\/foretagande-pa-landsbygden\/foretagsstod\/\">F\u00f6retagsst\u00f6d f\u00f6r landsbygden &#8211; Livsmedelsverket<\/a><\/p>\n\n\n\n<p><\/p>\n<\/div><\/div>\n\n\n\n<div class=\"wp-block-columns content--section is-layout-flex wp-container-core-columns-is-layout-9d6595d7 wp-block-columns-is-layout-flex\">\n<div class=\"wp-block-column content--div is-layout-flow wp-block-column-is-layout-flow\">\n<div class=\"wp-block-columns content--row ad--row is-layout-flex wp-container-core-columns-is-layout-9d6595d7 wp-block-columns-is-layout-flex\">\n<div class=\"wp-block-column is-layout-flow wp-block-column-is-layout-flow\" style=\"flex-basis:33.33%\">\n<figure class=\"wp-block-image size-full ad--image--main\"><img decoding=\"async\" width=\"2500\" height=\"1700\" data-src=\"https:\/\/uusyrityskeskus.fi\/wp-content\/uploads\/2025\/09\/Yrittajakassa-Kuvituskuva-Uusyrityskeskus.jpg\" alt=\"\" class=\"wp-image-14172 lazyload\" data-srcset=\"https:\/\/uusyrityskeskus.fi\/wp-content\/uploads\/2025\/09\/Yrittajakassa-Kuvituskuva-Uusyrityskeskus.jpg 2500w, https:\/\/uusyrityskeskus.fi\/wp-content\/uploads\/2025\/09\/Yrittajakassa-Kuvituskuva-Uusyrityskeskus-300x204.jpg 300w, https:\/\/uusyrityskeskus.fi\/wp-content\/uploads\/2025\/09\/Yrittajakassa-Kuvituskuva-Uusyrityskeskus-1024x696.jpg 1024w, https:\/\/uusyrityskeskus.fi\/wp-content\/uploads\/2025\/09\/Yrittajakassa-Kuvituskuva-Uusyrityskeskus-768x522.jpg 768w, https:\/\/uusyrityskeskus.fi\/wp-content\/uploads\/2025\/09\/Yrittajakassa-Kuvituskuva-Uusyrityskeskus-1536x1044.jpg 1536w, https:\/\/uusyrityskeskus.fi\/wp-content\/uploads\/2025\/09\/Yrittajakassa-Kuvituskuva-Uusyrityskeskus-2048x1393.jpg 2048w\" data-sizes=\"(max-width: 2500px) 100vw, 2500px\" src=\"data:image\/svg+xml;base64,PHN2ZyB3aWR0aD0iMSIgaGVpZ2h0PSIxIiB4bWxucz0iaHR0cDovL3d3dy53My5vcmcvMjAwMC9zdmciPjwvc3ZnPg==\" style=\"--smush-placeholder-width: 2500px; --smush-placeholder-aspect-ratio: 2500\/1700;\" \/><\/figure>\n\n\n\n<p class=\"web--link\"><a href=\"https:\/\/uusyrityskeskus.fi\/sv\/\">www.uusyrityskeskus.fi<\/a><\/p>\n<\/div>\n\n\n\n<div class=\"wp-block-column is-layout-flow wp-block-column-is-layout-flow\" style=\"flex-basis:66.66%\">\n<figure class=\"wp-block-image size-full ad--logo--image\"><img decoding=\"async\" data-src=\"https:\/\/uusyrityskeskus.fi\/wp-content\/uploads\/2025\/09\/uusyrityskeskus_logo.svg\" alt=\"\" class=\"wp-image-14290 lazyload\" src=\"data:image\/svg+xml;base64,PHN2ZyB3aWR0aD0iMSIgaGVpZ2h0PSIxIiB4bWxucz0iaHR0cDovL3d3dy53My5vcmcvMjAwMC9zdmciPjwvc3ZnPg==\" \/><\/figure>\n\n\n\n<h2 class=\"wp-block-heading\">Helppo tapa tukea yritt\u00e4jyytt\u00e4.<\/h2>\n\n\n\n<p>Tarjoamme mainostilaa digitaalisessa ja fyysisess\u00e4 perustamisoppaassa monipuolisesti. Mainos- ja media -asioissa ole yhteydess\u00e4 vastuuhenkil\u00f6\u00f6mme: <a href=\"mailto:nita.vallimaki@uusyrityskeskus.fi\">nita.vallimaki@uusyrityskeskus.fi<\/a>.<\/p>\n\n\n\n<div class=\"wp-block-buttons is-layout-flex wp-block-buttons-is-layout-flex\">\n<div class=\"wp-block-button\"><a class=\"wp-block-button__link wp-element-button\" href=\"\/wp-content\/uploads\/2025\/10\/Mediakortti-2026-Nettisivut.pdf\" target=\"_blank\" rel=\"noreferrer noopener\">Katso mediakortti \u2192<\/a><\/div>\n<\/div>\n<\/div>\n<\/div>\n<\/div>\n<\/div>\n\n\n\n<div class=\"wp-block-columns content--row page--turn--buttons is-layout-flex wp-container-core-columns-is-layout-9d6595d7 wp-block-columns-is-layout-flex\">\n<div class=\"wp-block-column is-layout-flow wp-block-column-is-layout-flow\">\n<div class=\"wp-block-buttons is-layout-flex wp-block-buttons-is-layout-flex\">\n<div class=\"wp-block-button\"><a class=\"wp-block-button__link wp-element-button\" href=\"https:\/\/uusyrityskeskus.fi\/sv\/digital-startguide\/affarsplanering\/prissattning\/\">\u2190 1.3. Priss\u00e4ttning av produkten\/tj\u00e4nsten<\/a><\/div>\n<\/div>\n<\/div>\n\n\n\n<div class=\"wp-block-column is-layout-flow wp-block-column-is-layout-flow\">\n<div class=\"wp-block-buttons is-content-justification-right is-layout-flex wp-container-core-buttons-is-layout-765c4724 wp-block-buttons-is-layout-flex\">\n<div class=\"wp-block-button\"><a class=\"wp-block-button__link wp-element-button\" href=\"https:\/\/uusyrityskeskus.fi\/sv\/digital-startguide\/affarsplanering\/tillstandspliktig-verksamhet\/\">1.5. Tillst\u00e5ndspliktig verksamhet \u2192<\/a><\/div>\n<\/div>\n<\/div>\n<\/div>\n<\/div>\n\n\n\n<div class=\"wp-block-column custom--col--default is-layout-flow wp-block-column-is-layout-flow\" style=\"flex-basis:28%\">\n<div class=\"wp-block-group standard--group--with--shadow\"><div class=\"wp-block-group__inner-container is-layout-constrained wp-block-group-is-layout-constrained\">\n<h4 class=\"wp-block-heading\">Beh\u00f6ver du hj\u00e4lp?<\/h4>\n\n\n\n<div class=\"wp-block-buttons is-content-justification-center is-layout-flex wp-container-core-buttons-is-layout-16018d1d wp-block-buttons-is-layout-flex\">\n<div class=\"wp-block-button button--main\"><a class=\"wp-block-button__link wp-element-button\" href=\"https:\/\/uusyrityskeskus.fi\/sv\/nyforetagscentrumen\/\">Boka en konsultation<\/a><\/div>\n<\/div>\n\n\n\n<div class=\"wp-block-buttons is-content-justification-center is-layout-flex wp-container-core-buttons-is-layout-16018d1d wp-block-buttons-is-layout-flex\">\n<div class=\"wp-block-button mb--0 button--alt\"><a class=\"wp-block-button__link wp-element-button\" href=\"https:\/\/uusyrityskeskus.fi\/sv\/starta-eget-guiden\/\">Ladda ner PDF-guide<\/a><\/div>\n<\/div>\n<\/div><\/div>\n\n\n\n<div class=\"wp-block-group links--column\"><div class=\"wp-block-group__inner-container is-layout-constrained wp-block-group-is-layout-constrained\">\n<h4 class=\"wp-block-heading\">1. F\u00f6retagande b\u00f6rjar med en id\u00e9<\/h4>\n\n\n\n<div class=\"perustamisopas-nav\">\n<ol>\n<li>\n<a href=\"https:\/\/uusyrityskeskus.fi\/sv\/digital-startguide\/affarsplanering\/affarside\/\">Aff\u00e4rsid\u00e9<\/a>\n<\/li>\n\n<li>\n<a href=\"https:\/\/uusyrityskeskus.fi\/sv\/digital-startguide\/affarsplanering\/affarsplan-och-berakningar\/\">Aff\u00e4rsplan och ber\u00e4kningar<\/a>\n<\/li>\n\n<li>\n<a href=\"https:\/\/uusyrityskeskus.fi\/sv\/digital-startguide\/affarsplanering\/prissattning\/\">Priss\u00e4ttning av produkten\/tj\u00e4nsten<\/a>\n<\/li>\n\n<li>\n<a href=\"https:\/\/uusyrityskeskus.fi\/sv\/digital-startguide\/affarsplanering\/finansiering-i-uppstartsfasen\/\" class=\"active\">Finansiering i uppstartsfasen<\/a>\n<\/li>\n\n<li>\n<a href=\"https:\/\/uusyrityskeskus.fi\/sv\/digital-startguide\/affarsplanering\/tillstandspliktig-verksamhet\/\">Tillst\u00e5ndspliktig verksamhet<\/a>\n<\/li>\n\n<li>\n<a href=\"https:\/\/uusyrityskeskus.fi\/sv\/digital-startguide\/affarsplanering\/utlandska-personers-tillstand-och-anmalningar\/\">Utl\u00e4ndska personers tillst\u00e5nd och anm\u00e4lningar<\/a>\n<\/li>\n\n<li>\n<a href=\"https:\/\/uusyrityskeskus.fi\/sv\/digital-startguide\/affarsplanering\/ar-ditt-foretag-ett-startup-foretag\/\">\u00c4r ditt f\u00f6retag ett startup-f\u00f6retag?<\/a>\n<\/li>\n<\/ol>\n<\/div>\n<\/div><\/div>\n<\/div>\n<\/div>\n<\/div>\n<\/div>\n","protected":false},"excerpt":{"rendered":"F\u00f6retagsverksamhet beh\u00f6ver ofta finansiering i uppstartsfasen. Det beh\u00f6vs n\u00e4stan alltid egna pengar, men man kan ocks\u00e5 f\u00e5 st\u00f6d fr\u00e5n annat h\u00e5ll. En ny f\u00f6retagare beh\u00f6ver i b\u00f6rjan ofta till\u00e4ggsfinansiering f\u00f6r [&hellip;]","protected":false},"author":1,"featured_media":0,"parent":15691,"menu_order":0,"comment_status":"closed","ping_status":"closed","template":"","meta":{"iawp_total_views":8,"footnotes":""},"class_list":["post-15786","page","type-page","status-publish","hentry"],"yoast_head":"<!-- This site is optimized with the Yoast SEO plugin v26.8 - https:\/\/yoast.com\/product\/yoast-seo-wordpress\/ -->\n<title>Finansiering i uppstartsfasen - Uusyrityskeskus<\/title>\n<meta name=\"robots\" content=\"index, follow, max-snippet:-1, max-image-preview:large, max-video-preview:-1\" \/>\n<link rel=\"canonical\" href=\"https:\/\/uusyrityskeskus.fi\/sv\/digital-startguide\/affarsplanering\/finansiering-i-uppstartsfasen\/\" \/>\n<meta property=\"og:locale\" content=\"sv_SE\" \/>\n<meta property=\"og:type\" content=\"article\" \/>\n<meta property=\"og:title\" content=\"Finansiering i uppstartsfasen - Uusyrityskeskus\" \/>\n<meta property=\"og:description\" content=\"F\u00f6retagsverksamhet beh\u00f6ver ofta finansiering i uppstartsfasen. Det beh\u00f6vs n\u00e4stan alltid egna pengar, men man kan ocks\u00e5 f\u00e5 st\u00f6d fr\u00e5n annat h\u00e5ll. En ny f\u00f6retagare beh\u00f6ver i b\u00f6rjan ofta till\u00e4ggsfinansiering f\u00f6r [&hellip;]\" \/>\n<meta property=\"og:url\" content=\"https:\/\/uusyrityskeskus.fi\/sv\/digital-startguide\/affarsplanering\/finansiering-i-uppstartsfasen\/\" \/>\n<meta property=\"og:site_name\" content=\"Uusyrityskeskus\" \/>\n<meta property=\"article:modified_time\" content=\"2026-03-24T09:57:44+00:00\" \/>\n<meta property=\"og:image\" content=\"https:\/\/uusyrityskeskus.fi\/wp-content\/uploads\/2025\/09\/Yrittajakassa-Kuvituskuva-Uusyrityskeskus.jpg\" \/>\n\t<meta property=\"og:image:width\" content=\"2500\" \/>\n\t<meta property=\"og:image:height\" content=\"1700\" \/>\n\t<meta property=\"og:image:type\" content=\"image\/jpeg\" \/>\n<meta name=\"twitter:card\" content=\"summary_large_image\" \/>\n<meta name=\"twitter:label1\" content=\"Ber\u00e4knad l\u00e4stid\" \/>\n\t<meta name=\"twitter:data1\" content=\"2 minuter\" \/>\n<script type=\"application\/ld+json\" class=\"yoast-schema-graph\">{\"@context\":\"https:\/\/schema.org\",\"@graph\":[{\"@type\":\"WebPage\",\"@id\":\"https:\/\/uusyrityskeskus.fi\/sv\/digital-startguide\/affarsplanering\/finansiering-i-uppstartsfasen\/\",\"url\":\"https:\/\/uusyrityskeskus.fi\/sv\/digital-startguide\/affarsplanering\/finansiering-i-uppstartsfasen\/\",\"name\":\"Finansiering i uppstartsfasen - Uusyrityskeskus\",\"isPartOf\":{\"@id\":\"https:\/\/uusyrityskeskus.fi\/sv\/#website\"},\"primaryImageOfPage\":{\"@id\":\"https:\/\/uusyrityskeskus.fi\/sv\/digital-startguide\/affarsplanering\/finansiering-i-uppstartsfasen\/#primaryimage\"},\"image\":{\"@id\":\"https:\/\/uusyrityskeskus.fi\/sv\/digital-startguide\/affarsplanering\/finansiering-i-uppstartsfasen\/#primaryimage\"},\"thumbnailUrl\":\"https:\/\/uusyrityskeskus.fi\/wp-content\/uploads\/2025\/09\/Yrittajakassa-Kuvituskuva-Uusyrityskeskus.jpg\",\"datePublished\":\"2025-09-02T08:13:11+00:00\",\"dateModified\":\"2026-03-24T09:57:44+00:00\",\"breadcrumb\":{\"@id\":\"https:\/\/uusyrityskeskus.fi\/sv\/digital-startguide\/affarsplanering\/finansiering-i-uppstartsfasen\/#breadcrumb\"},\"inLanguage\":\"sv-SE\",\"potentialAction\":[{\"@type\":\"ReadAction\",\"target\":[\"https:\/\/uusyrityskeskus.fi\/sv\/digital-startguide\/affarsplanering\/finansiering-i-uppstartsfasen\/\"]}]},{\"@type\":\"ImageObject\",\"inLanguage\":\"sv-SE\",\"@id\":\"https:\/\/uusyrityskeskus.fi\/sv\/digital-startguide\/affarsplanering\/finansiering-i-uppstartsfasen\/#primaryimage\",\"url\":\"https:\/\/uusyrityskeskus.fi\/wp-content\/uploads\/2025\/09\/Yrittajakassa-Kuvituskuva-Uusyrityskeskus.jpg\",\"contentUrl\":\"https:\/\/uusyrityskeskus.fi\/wp-content\/uploads\/2025\/09\/Yrittajakassa-Kuvituskuva-Uusyrityskeskus.jpg\"},{\"@type\":\"BreadcrumbList\",\"@id\":\"https:\/\/uusyrityskeskus.fi\/sv\/digital-startguide\/affarsplanering\/finansiering-i-uppstartsfasen\/#breadcrumb\",\"itemListElement\":[{\"@type\":\"ListItem\",\"position\":1,\"name\":\"Etusivu\",\"item\":\"https:\/\/uusyrityskeskus.fi\/sv\/\"},{\"@type\":\"ListItem\",\"position\":2,\"name\":\"Digital startguide\",\"item\":\"https:\/\/uusyrityskeskus.fi\/sv\/digital-startguide\/\"},{\"@type\":\"ListItem\",\"position\":3,\"name\":\"F\u00f6retagande b\u00f6rjar med en id\u00e9\",\"item\":\"https:\/\/uusyrityskeskus.fi\/sv\/digital-startguide\/affarsplanering\/\"},{\"@type\":\"ListItem\",\"position\":4,\"name\":\"Finansiering i uppstartsfasen\"}]},{\"@type\":\"WebSite\",\"@id\":\"https:\/\/uusyrityskeskus.fi\/sv\/#website\",\"url\":\"https:\/\/uusyrityskeskus.fi\/sv\/\",\"name\":\"Uusyrityskeskus\",\"description\":\"Yritt\u00e4jyyden unelmista onnistumisia.\",\"potentialAction\":[{\"@type\":\"SearchAction\",\"target\":{\"@type\":\"EntryPoint\",\"urlTemplate\":\"https:\/\/uusyrityskeskus.fi\/sv\/?s={search_term_string}\"},\"query-input\":{\"@type\":\"PropertyValueSpecification\",\"valueRequired\":true,\"valueName\":\"search_term_string\"}}],\"inLanguage\":\"sv-SE\"}]}<\/script>\n<!-- \/ Yoast SEO plugin. -->","yoast_head_json":{"title":"Finansiering i uppstartsfasen - Uusyrityskeskus","robots":{"index":"index","follow":"follow","max-snippet":"max-snippet:-1","max-image-preview":"max-image-preview:large","max-video-preview":"max-video-preview:-1"},"canonical":"https:\/\/uusyrityskeskus.fi\/sv\/digital-startguide\/affarsplanering\/finansiering-i-uppstartsfasen\/","og_locale":"sv_SE","og_type":"article","og_title":"Finansiering i uppstartsfasen - Uusyrityskeskus","og_description":"F\u00f6retagsverksamhet beh\u00f6ver ofta finansiering i uppstartsfasen. Det beh\u00f6vs n\u00e4stan alltid egna pengar, men man kan ocks\u00e5 f\u00e5 st\u00f6d fr\u00e5n annat h\u00e5ll. En ny f\u00f6retagare beh\u00f6ver i b\u00f6rjan ofta till\u00e4ggsfinansiering f\u00f6r [&hellip;]","og_url":"https:\/\/uusyrityskeskus.fi\/sv\/digital-startguide\/affarsplanering\/finansiering-i-uppstartsfasen\/","og_site_name":"Uusyrityskeskus","article_modified_time":"2026-03-24T09:57:44+00:00","og_image":[{"width":2500,"height":1700,"url":"https:\/\/uusyrityskeskus.fi\/wp-content\/uploads\/2025\/09\/Yrittajakassa-Kuvituskuva-Uusyrityskeskus.jpg","type":"image\/jpeg"}],"twitter_card":"summary_large_image","twitter_misc":{"Ber\u00e4knad l\u00e4stid":"2 minuter"},"schema":{"@context":"https:\/\/schema.org","@graph":[{"@type":"WebPage","@id":"https:\/\/uusyrityskeskus.fi\/sv\/digital-startguide\/affarsplanering\/finansiering-i-uppstartsfasen\/","url":"https:\/\/uusyrityskeskus.fi\/sv\/digital-startguide\/affarsplanering\/finansiering-i-uppstartsfasen\/","name":"Finansiering i uppstartsfasen - Uusyrityskeskus","isPartOf":{"@id":"https:\/\/uusyrityskeskus.fi\/sv\/#website"},"primaryImageOfPage":{"@id":"https:\/\/uusyrityskeskus.fi\/sv\/digital-startguide\/affarsplanering\/finansiering-i-uppstartsfasen\/#primaryimage"},"image":{"@id":"https:\/\/uusyrityskeskus.fi\/sv\/digital-startguide\/affarsplanering\/finansiering-i-uppstartsfasen\/#primaryimage"},"thumbnailUrl":"https:\/\/uusyrityskeskus.fi\/wp-content\/uploads\/2025\/09\/Yrittajakassa-Kuvituskuva-Uusyrityskeskus.jpg","datePublished":"2025-09-02T08:13:11+00:00","dateModified":"2026-03-24T09:57:44+00:00","breadcrumb":{"@id":"https:\/\/uusyrityskeskus.fi\/sv\/digital-startguide\/affarsplanering\/finansiering-i-uppstartsfasen\/#breadcrumb"},"inLanguage":"sv-SE","potentialAction":[{"@type":"ReadAction","target":["https:\/\/uusyrityskeskus.fi\/sv\/digital-startguide\/affarsplanering\/finansiering-i-uppstartsfasen\/"]}]},{"@type":"ImageObject","inLanguage":"sv-SE","@id":"https:\/\/uusyrityskeskus.fi\/sv\/digital-startguide\/affarsplanering\/finansiering-i-uppstartsfasen\/#primaryimage","url":"https:\/\/uusyrityskeskus.fi\/wp-content\/uploads\/2025\/09\/Yrittajakassa-Kuvituskuva-Uusyrityskeskus.jpg","contentUrl":"https:\/\/uusyrityskeskus.fi\/wp-content\/uploads\/2025\/09\/Yrittajakassa-Kuvituskuva-Uusyrityskeskus.jpg"},{"@type":"BreadcrumbList","@id":"https:\/\/uusyrityskeskus.fi\/sv\/digital-startguide\/affarsplanering\/finansiering-i-uppstartsfasen\/#breadcrumb","itemListElement":[{"@type":"ListItem","position":1,"name":"Etusivu","item":"https:\/\/uusyrityskeskus.fi\/sv\/"},{"@type":"ListItem","position":2,"name":"Digital startguide","item":"https:\/\/uusyrityskeskus.fi\/sv\/digital-startguide\/"},{"@type":"ListItem","position":3,"name":"F\u00f6retagande b\u00f6rjar med en id\u00e9","item":"https:\/\/uusyrityskeskus.fi\/sv\/digital-startguide\/affarsplanering\/"},{"@type":"ListItem","position":4,"name":"Finansiering i uppstartsfasen"}]},{"@type":"WebSite","@id":"https:\/\/uusyrityskeskus.fi\/sv\/#website","url":"https:\/\/uusyrityskeskus.fi\/sv\/","name":"Uusyrityskeskus","description":"Yritt\u00e4jyyden unelmista onnistumisia.","potentialAction":[{"@type":"SearchAction","target":{"@type":"EntryPoint","urlTemplate":"https:\/\/uusyrityskeskus.fi\/sv\/?s={search_term_string}"},"query-input":{"@type":"PropertyValueSpecification","valueRequired":true,"valueName":"search_term_string"}}],"inLanguage":"sv-SE"}]}},"_links":{"self":[{"href":"https:\/\/uusyrityskeskus.fi\/sv\/wp-json\/wp\/v2\/pages\/15786","targetHints":{"allow":["GET"]}}],"collection":[{"href":"https:\/\/uusyrityskeskus.fi\/sv\/wp-json\/wp\/v2\/pages"}],"about":[{"href":"https:\/\/uusyrityskeskus.fi\/sv\/wp-json\/wp\/v2\/types\/page"}],"author":[{"embeddable":true,"href":"https:\/\/uusyrityskeskus.fi\/sv\/wp-json\/wp\/v2\/users\/1"}],"replies":[{"embeddable":true,"href":"https:\/\/uusyrityskeskus.fi\/sv\/wp-json\/wp\/v2\/comments?post=15786"}],"version-history":[{"count":4,"href":"https:\/\/uusyrityskeskus.fi\/sv\/wp-json\/wp\/v2\/pages\/15786\/revisions"}],"predecessor-version":[{"id":18056,"href":"https:\/\/uusyrityskeskus.fi\/sv\/wp-json\/wp\/v2\/pages\/15786\/revisions\/18056"}],"up":[{"embeddable":true,"href":"https:\/\/uusyrityskeskus.fi\/sv\/wp-json\/wp\/v2\/pages\/15691"}],"wp:attachment":[{"href":"https:\/\/uusyrityskeskus.fi\/sv\/wp-json\/wp\/v2\/media?parent=15786"}],"curies":[{"name":"wp","href":"https:\/\/api.w.org\/{rel}","templated":true}]}}