{"id":15769,"date":"2025-09-02T11:14:47","date_gmt":"2025-09-02T08:14:47","guid":{"rendered":"https:\/\/uusyrityskeskus.fi\/digital-startguide\/affarsplanering\/liiketoimintasuunnitelma-ja-laskelmat\/"},"modified":"2025-12-17T14:40:02","modified_gmt":"2025-12-17T12:40:02","slug":"affarsplan-och-berakningar","status":"publish","type":"page","link":"https:\/\/uusyrityskeskus.fi\/sv\/digital-startguide\/affarsplanering\/affarsplan-och-berakningar\/","title":{"rendered":"Aff\u00e4rsplan och ber\u00e4kningar"},"content":{"rendered":"\n<div class=\"wp-block-tovaristrap-ts-container ts-container header--section\">\n<div class=\"ts-div header--row\">\n<h1 class=\"wp-block-heading\">Aff\u00e4rsplan och ber\u00e4kningar<\/h1>\n<\/div>\n<\/div>\n\n\n\n<div class=\"wp-block-tovaristrap-ts-container ts-container base--section pt-0 pb-0 border-bottom\">\n<div class=\"ts-div content--row\"><div class=\"yoast-breadcrumbs\"><span><span><a href=\"https:\/\/uusyrityskeskus.fi\/sv\/\">Etusivu<\/a><\/span> \u00bb <span><a href=\"https:\/\/uusyrityskeskus.fi\/sv\/digital-startguide\/\">Digital startguide<\/a><\/span> \u00bb <span><a href=\"https:\/\/uusyrityskeskus.fi\/sv\/digital-startguide\/affarsplanering\/\">F\u00f6retagande b\u00f6rjar med en id\u00e9<\/a><\/span> \u00bb <span class=\"breadcrumb_last\" aria-current=\"page\">Aff\u00e4rsplan och ber\u00e4kningar<\/span><\/span><\/div><\/div>\n<\/div>\n\n\n\n<div class=\"wp-block-columns content--section with--default--padding is-layout-flex wp-container-core-columns-is-layout-9d6595d7 wp-block-columns-is-layout-flex\">\n<div class=\"wp-block-column content--div is-layout-flow wp-block-column-is-layout-flow\">\n<div class=\"wp-block-columns content--row is-layout-flex wp-container-core-columns-is-layout-9d6595d7 wp-block-columns-is-layout-flex\">\n<div class=\"wp-block-column custom--col--default sub--page--left--col is-layout-flow wp-block-column-is-layout-flow\" style=\"flex-basis:72%\">\n<p><em>Aff\u00e4rsplanen hj\u00e4lper till att gestalta helheten. Samtidigt blir det klart om id\u00e9n \u00e4r l\u00f6nsam.<\/em><\/p>\n\n\n\n<p>Aff\u00e4rsplanen hj\u00e4lper f\u00f6retagaren att gestalta helhetsbilden: vilka \u00e4r kunderna, hurdana \u00e4r konkurrenterna, hur produceras tj\u00e4nsterna och vilka m\u00e5l vill man uppn\u00e5? Den ger verksamheten en riktning och fungerar ocks\u00e5 som ett verktyg i kommunikationen med finansi\u00e4rer och samarbetspartner.<\/p>\n\n\n\n<p>I ber\u00e4kningarna i anslutning till aff\u00e4rsplanen granskas till exempel hur mycket de inledande investeringarna kostar och hur du finansierar dem, hur olika kostnader f\u00f6rdelas varje m\u00e5nad och med vilka f\u00f6rs\u00e4ljningsm\u00e4ngder verksamheten \u00e4r l\u00f6nsam. \u00c4ven en enkel plan och ber\u00e4kningar \u00e4r till stor hj\u00e4lp i beslutsfattandet. Det viktigaste \u00e4r att vara realistisk och kunna motivera olika val.<\/p>\n\n\n\n<p>F\u00f6retagsverksamhet \u00e4r alltid f\u00f6rknippad med <strong>risker<\/strong>. Dessa kan vara till exempel kundernas betalningsst\u00f6rningar, leverant\u00f6rernas f\u00f6rdr\u00f6jningar, variationer i efterfr\u00e5gan eller f\u00f6retagarens insjuknande. Riskerna f\u00e5r inte utg\u00f6ra ett hinder f\u00f6r f\u00f6retagandet, men det \u00e4r bra att vara medveten om dem och f\u00f6rbereda sig p\u00e5 dem redan p\u00e5 f\u00f6rhand. Ett bra hj\u00e4lpmedel f\u00f6r att kartl\u00e4gga riskerna \u00e4r en SWOT-analys d\u00e4r man bed\u00f6mer styrkor, svagheter, m\u00f6jligheter och hot. Om den aff\u00e4rsplansmall du anv\u00e4nder inte inneh\u00e5ller en riskanalys ska du g\u00f6ra riskanalysen separat. Det \u00e4r viktigt att inte l\u00e4mnar saker \u00e5t slumpen, utan att str\u00e4va efter att minimera eventuella f\u00f6rluster genom bra planering.<\/p>\n\n\n\n<div class=\"wp-block-group sub--page--group info--box extra--margin\"><div class=\"wp-block-group__inner-container is-layout-constrained wp-block-group-is-layout-constrained\">\n<h4 class=\"wp-block-heading\">Exempel p\u00e5 aff\u00e4rsplan inklusive ber\u00e4kningar:<\/h4>\n\n\n\n<p><a href=\"https:\/\/tyomarkkinatori.fi\/sv\/arbetsgivare-och-foretagare\/verktyg-for-foretagande\/affarsplan\" target=\"_blank\" rel=\"noreferrer noopener\">Aff\u00e4rsplan &#8211; Verktyg f\u00f6r f\u00f6retagande &#8211; Jobbmarknaden<\/a><br><a href=\"https:\/\/www.hel.fi\/fi\/yritykset-ja-tyo\/perusta-yritys\/yrittajan-materiaalipankki\">Yrit<\/a><a href=\"https:\/\/www.hel.fi\/sv\/foretag-och-arbete\/starta-eget-foretag\/entreprenoners-materialbank\" target=\"_blank\" rel=\"noreferrer noopener\">t\u00e4j\u00e4n materiaalipankki | Helsingin kaupunki<\/a><\/p>\n<\/div><\/div>\n\n\n\n<div class=\"wp-block-columns content--section is-layout-flex wp-container-core-columns-is-layout-9d6595d7 wp-block-columns-is-layout-flex\">\n<div class=\"wp-block-column content--div is-layout-flow wp-block-column-is-layout-flow\">\n<div class=\"wp-block-columns content--row ad--row is-layout-flex wp-container-core-columns-is-layout-9d6595d7 wp-block-columns-is-layout-flex\">\n<div class=\"wp-block-column is-layout-flow wp-block-column-is-layout-flow\" style=\"flex-basis:33.33%\">\n<figure class=\"wp-block-image size-full ad--image--main\"><img decoding=\"async\" width=\"2500\" height=\"1700\" data-src=\"https:\/\/uusyrityskeskus.fi\/wp-content\/uploads\/2025\/09\/Yrittajakassa-Kuvituskuva-Uusyrityskeskus.jpg\" alt=\"\" class=\"wp-image-14172 lazyload\" data-srcset=\"https:\/\/uusyrityskeskus.fi\/wp-content\/uploads\/2025\/09\/Yrittajakassa-Kuvituskuva-Uusyrityskeskus.jpg 2500w, https:\/\/uusyrityskeskus.fi\/wp-content\/uploads\/2025\/09\/Yrittajakassa-Kuvituskuva-Uusyrityskeskus-300x204.jpg 300w, https:\/\/uusyrityskeskus.fi\/wp-content\/uploads\/2025\/09\/Yrittajakassa-Kuvituskuva-Uusyrityskeskus-1024x696.jpg 1024w, https:\/\/uusyrityskeskus.fi\/wp-content\/uploads\/2025\/09\/Yrittajakassa-Kuvituskuva-Uusyrityskeskus-768x522.jpg 768w, https:\/\/uusyrityskeskus.fi\/wp-content\/uploads\/2025\/09\/Yrittajakassa-Kuvituskuva-Uusyrityskeskus-1536x1044.jpg 1536w, https:\/\/uusyrityskeskus.fi\/wp-content\/uploads\/2025\/09\/Yrittajakassa-Kuvituskuva-Uusyrityskeskus-2048x1393.jpg 2048w\" data-sizes=\"(max-width: 2500px) 100vw, 2500px\" src=\"data:image\/svg+xml;base64,PHN2ZyB3aWR0aD0iMSIgaGVpZ2h0PSIxIiB4bWxucz0iaHR0cDovL3d3dy53My5vcmcvMjAwMC9zdmciPjwvc3ZnPg==\" style=\"--smush-placeholder-width: 2500px; --smush-placeholder-aspect-ratio: 2500\/1700;\" \/><\/figure>\n\n\n\n<p class=\"web--link\"><a href=\"https:\/\/uusyrityskeskus.fi\/sv\/\">www.uusyrityskeskus.fi<\/a><\/p>\n<\/div>\n\n\n\n<div class=\"wp-block-column is-layout-flow wp-block-column-is-layout-flow\" style=\"flex-basis:66.66%\">\n<figure class=\"wp-block-image size-full ad--logo--image\"><img decoding=\"async\" data-src=\"https:\/\/uusyrityskeskus.fi\/wp-content\/uploads\/2025\/09\/uusyrityskeskus_logo.svg\" alt=\"\" class=\"wp-image-14290 lazyload\" src=\"data:image\/svg+xml;base64,PHN2ZyB3aWR0aD0iMSIgaGVpZ2h0PSIxIiB4bWxucz0iaHR0cDovL3d3dy53My5vcmcvMjAwMC9zdmciPjwvc3ZnPg==\" \/><\/figure>\n\n\n\n<h2 class=\"wp-block-heading\">Helppo tapa tukea yritt\u00e4jyytt\u00e4.<\/h2>\n\n\n\n<p>Tarjoamme mainostilaa digitaalisessa ja fyysisess\u00e4 perustamisoppaassa monipuolisesti. Mainos- ja media -asioissa ole yhteydess\u00e4 vastuuhenkil\u00f6\u00f6mme: <a href=\"mailto:nita.vallimaki@uusyrityskeskus.fi\">nita.vallimaki@uusyrityskeskus.fi<\/a>.<\/p>\n\n\n\n<div class=\"wp-block-buttons is-layout-flex wp-block-buttons-is-layout-flex\">\n<div class=\"wp-block-button\"><a class=\"wp-block-button__link wp-element-button\" href=\"\/wp-content\/uploads\/2025\/10\/Mediakortti-2026-Nettisivut.pdf\" target=\"_blank\" rel=\"noreferrer noopener\">Katso mediakortti \u2192<\/a><\/div>\n<\/div>\n<\/div>\n<\/div>\n<\/div>\n<\/div>\n\n\n\n<div class=\"wp-block-columns content--row page--turn--buttons is-layout-flex wp-container-core-columns-is-layout-9d6595d7 wp-block-columns-is-layout-flex\">\n<div class=\"wp-block-column is-layout-flow wp-block-column-is-layout-flow\">\n<div class=\"wp-block-buttons is-layout-flex wp-block-buttons-is-layout-flex\">\n<div class=\"wp-block-button\"><a class=\"wp-block-button__link wp-element-button\" href=\"https:\/\/uusyrityskeskus.fi\/sv\/digital-startguide\/affarsplanering\/affarside\/\">\u2190 1.1. Aff\u00e4rsid\u00e9<\/a><\/div>\n<\/div>\n<\/div>\n\n\n\n<div class=\"wp-block-column is-layout-flow wp-block-column-is-layout-flow\">\n<div class=\"wp-block-buttons is-content-justification-right is-layout-flex wp-container-core-buttons-is-layout-765c4724 wp-block-buttons-is-layout-flex\">\n<div class=\"wp-block-button\"><a class=\"wp-block-button__link wp-element-button\" href=\"https:\/\/uusyrityskeskus.fi\/sv\/digital-startguide\/affarsplanering\/prissattning\/\">1.3. Priss\u00e4ttning av produkten\/tj\u00e4nsten \u2192<\/a><\/div>\n<\/div>\n<\/div>\n<\/div>\n<\/div>\n\n\n\n<div class=\"wp-block-column custom--col--default is-layout-flow wp-block-column-is-layout-flow\" style=\"flex-basis:28%\">\n<div class=\"wp-block-group standard--group--with--shadow\"><div class=\"wp-block-group__inner-container is-layout-constrained wp-block-group-is-layout-constrained\">\n<h4 class=\"wp-block-heading\">Beh\u00f6ver du hj\u00e4lp?<\/h4>\n\n\n\n<div class=\"wp-block-buttons is-content-justification-center is-layout-flex wp-container-core-buttons-is-layout-16018d1d wp-block-buttons-is-layout-flex\">\n<div class=\"wp-block-button button--main\"><a class=\"wp-block-button__link wp-element-button\" href=\"https:\/\/uusyrityskeskus.fi\/sv\/nyforetagscentrumen\/\">Boka en konsultation<\/a><\/div>\n<\/div>\n\n\n\n<div class=\"wp-block-buttons is-content-justification-center is-layout-flex wp-container-core-buttons-is-layout-16018d1d wp-block-buttons-is-layout-flex\">\n<div class=\"wp-block-button mb--0 button--alt\"><a class=\"wp-block-button__link wp-element-button\" href=\"https:\/\/uusyrityskeskus.fi\/sv\/starta-eget-guiden\/\">Ladda ner PDF-guide<\/a><\/div>\n<\/div>\n<\/div><\/div>\n\n\n\n<div class=\"wp-block-group links--column\"><div class=\"wp-block-group__inner-container is-layout-constrained wp-block-group-is-layout-constrained\">\n<h4 class=\"wp-block-heading\">1. F\u00f6retagande b\u00f6rjar med en id\u00e9<\/h4>\n\n\n\n<div class=\"perustamisopas-nav\">\n    <ol>\n        <li><a href=\"https:\/\/uusyrityskeskus.fi\/sv\/digital-startguide\/affarsplanering\/affarside\/\">Aff\u00e4rsid\u00e9<\/a><\/li>\n        <li><a href=\"https:\/\/uusyrityskeskus.fi\/sv\/digital-startguide\/affarsplanering\/affarsplan-och-berakningar\/\" class=\"active\">Aff\u00e4rsplan och ber\u00e4kningar<\/a><\/li>\n        <li><a href=\"https:\/\/uusyrityskeskus.fi\/sv\/digital-startguide\/affarsplanering\/prissattning\/\">Priss\u00e4ttning av produkten\/tj\u00e4nsten<\/a><\/li>\n        <li><a href=\"https:\/\/uusyrityskeskus.fi\/sv\/digital-startguide\/affarsplanering\/finansiering-i-uppstartsfasen\/\">Finansiering i uppstartsfasen<\/a><\/li>\n        <li><a href=\"https:\/\/uusyrityskeskus.fi\/sv\/digital-startguide\/affarsplanering\/tillstandspliktig-verksamhet\/\">Tillst\u00e5ndspliktig verksamhet<\/a><\/li>\n        <li><a href=\"https:\/\/uusyrityskeskus.fi\/sv\/digital-startguide\/affarsplanering\/utlandska-personers-tillstand-och-anmalningar\/\">Utl\u00e4ndska personers tillst\u00e5nd och anm\u00e4lningar<\/a><\/li>\n        <li><a href=\"https:\/\/uusyrityskeskus.fi\/sv\/digital-startguide\/affarsplanering\/ar-ditt-foretag-ett-startup-foretag\/\">\u00c4r ditt f\u00f6retag ett startup-f\u00f6retag?<\/a><\/li>\n    <\/ol>\n<\/div>\n<\/div><\/div>\n<\/div>\n<\/div>\n<\/div>\n<\/div>\n","protected":false},"excerpt":{"rendered":"Aff\u00e4rsplanen hj\u00e4lper till att gestalta helheten. Samtidigt blir det klart om id\u00e9n \u00e4r l\u00f6nsam. Aff\u00e4rsplanen hj\u00e4lper f\u00f6retagaren att gestalta helhetsbilden: vilka \u00e4r kunderna, hurdana \u00e4r konkurrenterna, hur produceras tj\u00e4nsterna och [&hellip;]","protected":false},"author":1,"featured_media":0,"parent":15691,"menu_order":0,"comment_status":"closed","ping_status":"closed","template":"","meta":{"iawp_total_views":23,"footnotes":""},"class_list":["post-15769","page","type-page","status-publish","hentry"],"yoast_head":"<!-- This site is optimized with the Yoast SEO plugin v26.8 - https:\/\/yoast.com\/product\/yoast-seo-wordpress\/ -->\n<title>Liiketoimintasuunnitelma - Opas ja vinkit laatimiseen | Uusyrityskeskus<\/title>\n<meta name=\"description\" content=\"Liiketoimintasuunnitelma: kattava opas laatimiseen. Liikeidea, markkina-analyysi, talouslaskelmat, rahoitus. Lataa malli tai varaa neuvonta-aika heti!\" \/>\n<meta name=\"robots\" content=\"index, follow, max-snippet:-1, max-image-preview:large, max-video-preview:-1\" \/>\n<link rel=\"canonical\" href=\"https:\/\/uusyrityskeskus.fi\/sv\/digital-startguide\/affarsplanering\/affarsplan-och-berakningar\/\" \/>\n<meta property=\"og:locale\" content=\"sv_SE\" \/>\n<meta property=\"og:type\" content=\"article\" \/>\n<meta property=\"og:title\" content=\"Liiketoimintasuunnitelma - Opas ja vinkit laatimiseen | Uusyrityskeskus\" \/>\n<meta property=\"og:description\" content=\"Liiketoimintasuunnitelma: kattava opas laatimiseen. Liikeidea, markkina-analyysi, talouslaskelmat, rahoitus. Lataa malli tai varaa neuvonta-aika heti!\" \/>\n<meta property=\"og:url\" content=\"https:\/\/uusyrityskeskus.fi\/sv\/digital-startguide\/affarsplanering\/affarsplan-och-berakningar\/\" \/>\n<meta property=\"og:site_name\" content=\"Uusyrityskeskus\" \/>\n<meta property=\"article:modified_time\" content=\"2025-12-17T12:40:02+00:00\" \/>\n<meta property=\"og:image\" content=\"https:\/\/uusyrityskeskus.fi\/wp-content\/uploads\/2025\/09\/Yrittajakassa-Kuvituskuva-Uusyrityskeskus.jpg\" \/>\n\t<meta property=\"og:image:width\" content=\"2500\" \/>\n\t<meta property=\"og:image:height\" content=\"1700\" \/>\n\t<meta property=\"og:image:type\" content=\"image\/jpeg\" \/>\n<meta name=\"twitter:card\" content=\"summary_large_image\" \/>\n<meta name=\"twitter:label1\" content=\"Ber\u00e4knad l\u00e4stid\" \/>\n\t<meta name=\"twitter:data1\" content=\"3 minuter\" \/>\n<script type=\"application\/ld+json\" class=\"yoast-schema-graph\">{\"@context\":\"https:\/\/schema.org\",\"@graph\":[{\"@type\":\"WebPage\",\"@id\":\"https:\/\/uusyrityskeskus.fi\/sv\/digital-startguide\/affarsplanering\/affarsplan-och-berakningar\/\",\"url\":\"https:\/\/uusyrityskeskus.fi\/sv\/digital-startguide\/affarsplanering\/affarsplan-och-berakningar\/\",\"name\":\"Liiketoimintasuunnitelma - Opas ja vinkit laatimiseen | Uusyrityskeskus\",\"isPartOf\":{\"@id\":\"https:\/\/uusyrityskeskus.fi\/sv\/#website\"},\"primaryImageOfPage\":{\"@id\":\"https:\/\/uusyrityskeskus.fi\/sv\/digital-startguide\/affarsplanering\/affarsplan-och-berakningar\/#primaryimage\"},\"image\":{\"@id\":\"https:\/\/uusyrityskeskus.fi\/sv\/digital-startguide\/affarsplanering\/affarsplan-och-berakningar\/#primaryimage\"},\"thumbnailUrl\":\"https:\/\/uusyrityskeskus.fi\/wp-content\/uploads\/2025\/09\/Yrittajakassa-Kuvituskuva-Uusyrityskeskus.jpg\",\"datePublished\":\"2025-09-02T08:14:47+00:00\",\"dateModified\":\"2025-12-17T12:40:02+00:00\",\"description\":\"Liiketoimintasuunnitelma: kattava opas laatimiseen. Liikeidea, markkina-analyysi, talouslaskelmat, rahoitus. Lataa malli tai varaa neuvonta-aika heti!\",\"breadcrumb\":{\"@id\":\"https:\/\/uusyrityskeskus.fi\/sv\/digital-startguide\/affarsplanering\/affarsplan-och-berakningar\/#breadcrumb\"},\"inLanguage\":\"sv-SE\",\"potentialAction\":[{\"@type\":\"ReadAction\",\"target\":[\"https:\/\/uusyrityskeskus.fi\/sv\/digital-startguide\/affarsplanering\/affarsplan-och-berakningar\/\"]}]},{\"@type\":\"ImageObject\",\"inLanguage\":\"sv-SE\",\"@id\":\"https:\/\/uusyrityskeskus.fi\/sv\/digital-startguide\/affarsplanering\/affarsplan-och-berakningar\/#primaryimage\",\"url\":\"https:\/\/uusyrityskeskus.fi\/wp-content\/uploads\/2025\/09\/Yrittajakassa-Kuvituskuva-Uusyrityskeskus.jpg\",\"contentUrl\":\"https:\/\/uusyrityskeskus.fi\/wp-content\/uploads\/2025\/09\/Yrittajakassa-Kuvituskuva-Uusyrityskeskus.jpg\"},{\"@type\":\"BreadcrumbList\",\"@id\":\"https:\/\/uusyrityskeskus.fi\/sv\/digital-startguide\/affarsplanering\/affarsplan-och-berakningar\/#breadcrumb\",\"itemListElement\":[{\"@type\":\"ListItem\",\"position\":1,\"name\":\"Etusivu\",\"item\":\"https:\/\/uusyrityskeskus.fi\/sv\/\"},{\"@type\":\"ListItem\",\"position\":2,\"name\":\"Digital startguide\",\"item\":\"https:\/\/uusyrityskeskus.fi\/sv\/digital-startguide\/\"},{\"@type\":\"ListItem\",\"position\":3,\"name\":\"F\u00f6retagande b\u00f6rjar med en id\u00e9\",\"item\":\"https:\/\/uusyrityskeskus.fi\/sv\/digital-startguide\/affarsplanering\/\"},{\"@type\":\"ListItem\",\"position\":4,\"name\":\"Aff\u00e4rsplan och ber\u00e4kningar\"}]},{\"@type\":\"WebSite\",\"@id\":\"https:\/\/uusyrityskeskus.fi\/sv\/#website\",\"url\":\"https:\/\/uusyrityskeskus.fi\/sv\/\",\"name\":\"Uusyrityskeskus\",\"description\":\"Yritt\u00e4jyyden unelmista onnistumisia.\",\"potentialAction\":[{\"@type\":\"SearchAction\",\"target\":{\"@type\":\"EntryPoint\",\"urlTemplate\":\"https:\/\/uusyrityskeskus.fi\/sv\/?s={search_term_string}\"},\"query-input\":{\"@type\":\"PropertyValueSpecification\",\"valueRequired\":true,\"valueName\":\"search_term_string\"}}],\"inLanguage\":\"sv-SE\"}]}<\/script>\n<!-- \/ Yoast SEO plugin. -->","yoast_head_json":{"title":"Liiketoimintasuunnitelma - Opas ja vinkit laatimiseen | Uusyrityskeskus","description":"Liiketoimintasuunnitelma: kattava opas laatimiseen. Liikeidea, markkina-analyysi, talouslaskelmat, rahoitus. Lataa malli tai varaa neuvonta-aika heti!","robots":{"index":"index","follow":"follow","max-snippet":"max-snippet:-1","max-image-preview":"max-image-preview:large","max-video-preview":"max-video-preview:-1"},"canonical":"https:\/\/uusyrityskeskus.fi\/sv\/digital-startguide\/affarsplanering\/affarsplan-och-berakningar\/","og_locale":"sv_SE","og_type":"article","og_title":"Liiketoimintasuunnitelma - Opas ja vinkit laatimiseen | Uusyrityskeskus","og_description":"Liiketoimintasuunnitelma: kattava opas laatimiseen. Liikeidea, markkina-analyysi, talouslaskelmat, rahoitus. Lataa malli tai varaa neuvonta-aika heti!","og_url":"https:\/\/uusyrityskeskus.fi\/sv\/digital-startguide\/affarsplanering\/affarsplan-och-berakningar\/","og_site_name":"Uusyrityskeskus","article_modified_time":"2025-12-17T12:40:02+00:00","og_image":[{"width":2500,"height":1700,"url":"https:\/\/uusyrityskeskus.fi\/wp-content\/uploads\/2025\/09\/Yrittajakassa-Kuvituskuva-Uusyrityskeskus.jpg","type":"image\/jpeg"}],"twitter_card":"summary_large_image","twitter_misc":{"Ber\u00e4knad l\u00e4stid":"3 minuter"},"schema":{"@context":"https:\/\/schema.org","@graph":[{"@type":"WebPage","@id":"https:\/\/uusyrityskeskus.fi\/sv\/digital-startguide\/affarsplanering\/affarsplan-och-berakningar\/","url":"https:\/\/uusyrityskeskus.fi\/sv\/digital-startguide\/affarsplanering\/affarsplan-och-berakningar\/","name":"Liiketoimintasuunnitelma - Opas ja vinkit laatimiseen | Uusyrityskeskus","isPartOf":{"@id":"https:\/\/uusyrityskeskus.fi\/sv\/#website"},"primaryImageOfPage":{"@id":"https:\/\/uusyrityskeskus.fi\/sv\/digital-startguide\/affarsplanering\/affarsplan-och-berakningar\/#primaryimage"},"image":{"@id":"https:\/\/uusyrityskeskus.fi\/sv\/digital-startguide\/affarsplanering\/affarsplan-och-berakningar\/#primaryimage"},"thumbnailUrl":"https:\/\/uusyrityskeskus.fi\/wp-content\/uploads\/2025\/09\/Yrittajakassa-Kuvituskuva-Uusyrityskeskus.jpg","datePublished":"2025-09-02T08:14:47+00:00","dateModified":"2025-12-17T12:40:02+00:00","description":"Liiketoimintasuunnitelma: kattava opas laatimiseen. Liikeidea, markkina-analyysi, talouslaskelmat, rahoitus. Lataa malli tai varaa neuvonta-aika heti!","breadcrumb":{"@id":"https:\/\/uusyrityskeskus.fi\/sv\/digital-startguide\/affarsplanering\/affarsplan-och-berakningar\/#breadcrumb"},"inLanguage":"sv-SE","potentialAction":[{"@type":"ReadAction","target":["https:\/\/uusyrityskeskus.fi\/sv\/digital-startguide\/affarsplanering\/affarsplan-och-berakningar\/"]}]},{"@type":"ImageObject","inLanguage":"sv-SE","@id":"https:\/\/uusyrityskeskus.fi\/sv\/digital-startguide\/affarsplanering\/affarsplan-och-berakningar\/#primaryimage","url":"https:\/\/uusyrityskeskus.fi\/wp-content\/uploads\/2025\/09\/Yrittajakassa-Kuvituskuva-Uusyrityskeskus.jpg","contentUrl":"https:\/\/uusyrityskeskus.fi\/wp-content\/uploads\/2025\/09\/Yrittajakassa-Kuvituskuva-Uusyrityskeskus.jpg"},{"@type":"BreadcrumbList","@id":"https:\/\/uusyrityskeskus.fi\/sv\/digital-startguide\/affarsplanering\/affarsplan-och-berakningar\/#breadcrumb","itemListElement":[{"@type":"ListItem","position":1,"name":"Etusivu","item":"https:\/\/uusyrityskeskus.fi\/sv\/"},{"@type":"ListItem","position":2,"name":"Digital startguide","item":"https:\/\/uusyrityskeskus.fi\/sv\/digital-startguide\/"},{"@type":"ListItem","position":3,"name":"F\u00f6retagande b\u00f6rjar med en id\u00e9","item":"https:\/\/uusyrityskeskus.fi\/sv\/digital-startguide\/affarsplanering\/"},{"@type":"ListItem","position":4,"name":"Aff\u00e4rsplan och ber\u00e4kningar"}]},{"@type":"WebSite","@id":"https:\/\/uusyrityskeskus.fi\/sv\/#website","url":"https:\/\/uusyrityskeskus.fi\/sv\/","name":"Uusyrityskeskus","description":"Yritt\u00e4jyyden unelmista onnistumisia.","potentialAction":[{"@type":"SearchAction","target":{"@type":"EntryPoint","urlTemplate":"https:\/\/uusyrityskeskus.fi\/sv\/?s={search_term_string}"},"query-input":{"@type":"PropertyValueSpecification","valueRequired":true,"valueName":"search_term_string"}}],"inLanguage":"sv-SE"}]}},"_links":{"self":[{"href":"https:\/\/uusyrityskeskus.fi\/sv\/wp-json\/wp\/v2\/pages\/15769","targetHints":{"allow":["GET"]}}],"collection":[{"href":"https:\/\/uusyrityskeskus.fi\/sv\/wp-json\/wp\/v2\/pages"}],"about":[{"href":"https:\/\/uusyrityskeskus.fi\/sv\/wp-json\/wp\/v2\/types\/page"}],"author":[{"embeddable":true,"href":"https:\/\/uusyrityskeskus.fi\/sv\/wp-json\/wp\/v2\/users\/1"}],"replies":[{"embeddable":true,"href":"https:\/\/uusyrityskeskus.fi\/sv\/wp-json\/wp\/v2\/comments?post=15769"}],"version-history":[{"count":5,"href":"https:\/\/uusyrityskeskus.fi\/sv\/wp-json\/wp\/v2\/pages\/15769\/revisions"}],"predecessor-version":[{"id":17041,"href":"https:\/\/uusyrityskeskus.fi\/sv\/wp-json\/wp\/v2\/pages\/15769\/revisions\/17041"}],"up":[{"embeddable":true,"href":"https:\/\/uusyrityskeskus.fi\/sv\/wp-json\/wp\/v2\/pages\/15691"}],"wp:attachment":[{"href":"https:\/\/uusyrityskeskus.fi\/sv\/wp-json\/wp\/v2\/media?parent=15769"}],"curies":[{"name":"wp","href":"https:\/\/api.w.org\/{rel}","templated":true}]}}