{"id":15739,"date":"2025-09-02T11:09:58","date_gmt":"2025-09-02T08:09:58","guid":{"rendered":"https:\/\/uusyrityskeskus.fi\/digital-startguide\/jag-som-foretagare\/yel-vakuutus-turvaa-eri-tilanteissa\/"},"modified":"2025-12-19T15:45:19","modified_gmt":"2025-12-19T13:45:19","slug":"fopl-forsakring-trygghet-i-olika-situationer","status":"publish","type":"page","link":"https:\/\/uusyrityskeskus.fi\/sv\/digital-startguide\/jag-som-foretagare\/fopl-forsakring-trygghet-i-olika-situationer\/","title":{"rendered":"F\u00f6PL-f\u00f6rs\u00e4kring \u2013 trygghet i olika situationer"},"content":{"rendered":"\n<div class=\"wp-block-tovaristrap-ts-container ts-container header--section\">\n<div class=\"ts-div header--row\">\n<h1 class=\"wp-block-heading\">F\u00f6PL-f\u00f6rs\u00e4kring \u2013 trygghet i olika situationer<\/h1>\n<\/div>\n<\/div>\n\n\n\n<div class=\"wp-block-tovaristrap-ts-container ts-container base--section pt-0 pb-0 border-bottom\">\n<div class=\"ts-div content--row\"><div class=\"yoast-breadcrumbs\"><span><span><a href=\"https:\/\/uusyrityskeskus.fi\/sv\/\">Etusivu<\/a><\/span> \u00bb <span><a href=\"https:\/\/uusyrityskeskus.fi\/sv\/digital-startguide\/\">Digital startguide<\/a><\/span> \u00bb <span><a href=\"https:\/\/uusyrityskeskus.fi\/sv\/digital-startguide\/jag-som-foretagare\/\">Jag som f\u00f6retagare \u2013 F\u00f6retagandets m\u00e5nga former<\/a><\/span> \u00bb <span class=\"breadcrumb_last\" aria-current=\"page\">F\u00f6PL-f\u00f6rs\u00e4kring \u2013 trygghet i olika situationer<\/span><\/span><\/div><\/div>\n<\/div>\n\n\n\n<div class=\"wp-block-columns content--section with--default--padding is-layout-flex wp-container-core-columns-is-layout-9d6595d7 wp-block-columns-is-layout-flex\">\n<div class=\"wp-block-column content--div is-layout-flow wp-block-column-is-layout-flow\">\n<div class=\"wp-block-columns content--row is-layout-flex wp-container-core-columns-is-layout-9d6595d7 wp-block-columns-is-layout-flex\">\n<div class=\"wp-block-column custom--col--default sub--page--left--col is-layout-flow wp-block-column-is-layout-flow\" style=\"flex-basis:72%\">\n<p><em>Visste du att F\u00f6PL p\u00e5verkar f\u00f6retagarens liv i mycket st\u00f6rre utstr\u00e4ckning \u00e4n bara som intj\u00e4nad pension. Och att F\u00f6PL-arbetsinkomsten inte \u00e4r samma sak som f\u00f6retagets oms\u00e4ttning.<\/em><\/p>\n\n\n\n<p>F\u00f6retagarens pensionsf\u00f6rs\u00e4kring (F\u00f6PL) \u00e4r lagstadgad n\u00e4r vissa villkor uppfylls. Utifr\u00e5n den best\u00e4ms inte bara pensionen, utan ocks\u00e5 bl.a. sjukdagpenning, f\u00f6r\u00e4ldraf\u00f6rm\u00e5ner och ers\u00e4ttningar fr\u00e5n frivilliga olycksfallsf\u00f6rs\u00e4kringar. F\u00f6PL p\u00e5verkar f\u00f6retagarens liv i mycket st\u00f6rre utstr\u00e4ckning \u00e4n bara som intj\u00e4nad pension.<\/p>\n\n\n\n<p>En tillr\u00e4cklig arbetsinkomst har en nyckelst\u00e4llning \u2013 det p\u00e5verkar till exempel hur mycket FPA-f\u00f6rm\u00e5ner (f\u00f6r\u00e4ldradagpenning, rehabiliteringsst\u00f6d) eller pension du f\u00e5r i framtiden.<\/p>\n\n\n\n<div class=\"wp-block-group sub--page--group info--box alt\"><div class=\"wp-block-group__inner-container is-layout-constrained wp-block-group-is-layout-constrained\">\n<p>Observera vid fastst\u00e4llandet av f\u00f6rs\u00e4kringsniv\u00e5n att F\u00f6PL-arbetsinkomsten inte \u00e4r samma sak som f\u00f6retagets oms\u00e4ttning \u2013 uppskatta den realistiskt. Som hj\u00e4lp kan du anv\u00e4nda F\u00f6PL-arbetsinkomstrekommendationens r\u00e4knare:&nbsp; <a href=\"https:\/\/laskurit.tyoelake.fi\/sv\/yel-tyotulo-suositus-laskuri\" target=\"_blank\" rel=\"noreferrer noopener\">R\u00e4knare f\u00f6r uppskattad F\u00f6PL-arbetsinkomst \u2013 Ty\u00f6el\u00e4ke.fi<\/a><\/p>\n<\/div><\/div>\n\n\n\n<div class=\"wp-block-group sub--page--group info--box\"><div class=\"wp-block-group__inner-container is-layout-constrained wp-block-group-is-layout-constrained\">\n<h4 class=\"wp-block-heading\">F\u00f6PL-r\u00e4knare:<\/h4>\n\n\n\n<p><a href=\"https:\/\/www.varma.fi\/sv\/foretagare\/fopl-forsakring\/fopl-raknare\/\" target=\"_blank\" rel=\"noreferrer noopener\">F\u00f6PL-r\u00e4knare \u2013 Ber\u00e4kna F\u00f6PL-avgift och f\u00f6retagarens f\u00f6rm\u00e5ner \u2013 Varma<\/a><\/p>\n<\/div><\/div>\n\n\n\n<div class=\"wp-block-group sub--page--group info--box\"><div class=\"wp-block-group__inner-container is-layout-constrained wp-block-group-is-layout-constrained\">\n<h4 class=\"wp-block-heading\">L\u00e4nk\u00e4r:<\/h4>\n\n\n\n<p><a href=\"https:\/\/www.tyoelake.fi\/sv\/foretagares-pension\/\" target=\"_blank\" rel=\"noreferrer noopener\">F\u00f6retagares pension &#8211; Ty\u00f6el\u00e4ke.fi<\/a><\/p>\n<\/div><\/div>\n\n\n\n<div class=\"wp-block-columns content--row page--turn--buttons is-layout-flex wp-container-core-columns-is-layout-9d6595d7 wp-block-columns-is-layout-flex\">\n<div class=\"wp-block-column is-layout-flow wp-block-column-is-layout-flow\">\n<div class=\"wp-block-buttons is-layout-flex wp-block-buttons-is-layout-flex\">\n<div class=\"wp-block-button\"><a class=\"wp-block-button__link wp-element-button\" href=\"https:\/\/uusyrityskeskus.fi\/sv\/digital-startguide\/jag-som-foretagare\/utkomstskydd-for-foretagare\/\">\u2190 0.3. Utkomstskydd f\u00f6r f\u00f6retagare<\/a><\/div>\n<\/div>\n<\/div>\n\n\n\n<div class=\"wp-block-column is-layout-flow wp-block-column-is-layout-flow\">\n<div class=\"wp-block-buttons is-content-justification-right is-layout-flex wp-container-core-buttons-is-layout-765c4724 wp-block-buttons-is-layout-flex\">\n<div class=\"wp-block-button\"><a class=\"wp-block-button__link wp-element-button\" href=\"https:\/\/uusyrityskeskus.fi\/sv\/digital-startguide\/jag-som-foretagare\/mangsidigt-foretagande\/\">0.5. M\u00e5ngsidigt f\u00f6retagande \u2192<\/a><\/div>\n<\/div>\n<\/div>\n<\/div>\n<\/div>\n\n\n\n<div class=\"wp-block-column custom--col--default is-layout-flow wp-block-column-is-layout-flow\" style=\"flex-basis:28%\">\n<div class=\"wp-block-group standard--group--with--shadow\"><div class=\"wp-block-group__inner-container is-layout-constrained wp-block-group-is-layout-constrained\">\n<h4 class=\"wp-block-heading\">Beh\u00f6ver du hj\u00e4lp?<\/h4>\n\n\n\n<div class=\"wp-block-buttons is-content-justification-center is-layout-flex wp-container-core-buttons-is-layout-16018d1d wp-block-buttons-is-layout-flex\">\n<div class=\"wp-block-button button--main\"><a class=\"wp-block-button__link wp-element-button\" href=\"https:\/\/uusyrityskeskus.fi\/sv\/nyforetagscentrumen\/\">Boka en konsultation<\/a><\/div>\n<\/div>\n\n\n\n<div class=\"wp-block-buttons is-content-justification-center is-layout-flex wp-container-core-buttons-is-layout-16018d1d wp-block-buttons-is-layout-flex\">\n<div class=\"wp-block-button mb--0 button--alt\"><a class=\"wp-block-button__link wp-element-button\" href=\"https:\/\/uusyrityskeskus.fi\/sv\/starta-eget-guiden\/\">Ladda ner PDF-guide<\/a><\/div>\n<\/div>\n<\/div><\/div>\n\n\n\n<div class=\"wp-block-group links--column\"><div class=\"wp-block-group__inner-container is-layout-constrained wp-block-group-is-layout-constrained\">\n<h4 class=\"wp-block-heading\">0.&nbsp;Jag som f\u00f6retagare<\/h4>\n\n\n\n<div class=\"perustamisopas-nav\">\n    <ol>\n        <li><a href=\"https:\/\/uusyrityskeskus.fi\/sv\/digital-startguide\/jag-som-foretagare\/lattforetagande\/\">L\u00e4ttf\u00f6retagande<\/a><\/li>\n        <li><a href=\"https:\/\/uusyrityskeskus.fi\/sv\/digital-startguide\/jag-som-foretagare\/startpeng\/\">Startpeng<\/a><\/li>\n        <li><a href=\"https:\/\/uusyrityskeskus.fi\/sv\/digital-startguide\/jag-som-foretagare\/utkomstskydd-for-foretagare\/\">Utkomstskydd f\u00f6r f\u00f6retagare<\/a><\/li>\n        <li><a href=\"https:\/\/uusyrityskeskus.fi\/sv\/digital-startguide\/jag-som-foretagare\/fopl-forsakring-trygghet-i-olika-situationer\/\" class=\"active\">F\u00f6PL-f\u00f6rs\u00e4kring \u2013 trygghet i olika situationer<\/a><\/li>\n        <li><a href=\"https:\/\/uusyrityskeskus.fi\/sv\/digital-startguide\/jag-som-foretagare\/mangsidigt-foretagande\/\">M\u00e5ngsidigt f\u00f6retagande<\/a><\/li>\n    <\/ol>\n<\/div>\n<\/div><\/div>\n\n\n\n<div class=\"ts-div\">\n<div class=\"ts-div\">\n<div class=\"wp-block-group sidebar--ad\"><div class=\"wp-block-group__inner-container is-layout-constrained wp-block-group-is-layout-constrained\"><div class=\"wp-block-image ad--image--main\">\n<figure class=\"aligncenter size-full\"><img decoding=\"async\" width=\"1000\" height=\"1000\" data-src=\"https:\/\/uusyrityskeskus.fi\/wp-content\/uploads\/2025\/11\/Uusyrityskeskus-x-Ilmarinen.png\" alt=\"\" class=\"wp-image-16962 lazyload\" data-srcset=\"https:\/\/uusyrityskeskus.fi\/wp-content\/uploads\/2025\/11\/Uusyrityskeskus-x-Ilmarinen.png 1000w, https:\/\/uusyrityskeskus.fi\/wp-content\/uploads\/2025\/11\/Uusyrityskeskus-x-Ilmarinen-300x300.png 300w, https:\/\/uusyrityskeskus.fi\/wp-content\/uploads\/2025\/11\/Uusyrityskeskus-x-Ilmarinen-150x150.png 150w, https:\/\/uusyrityskeskus.fi\/wp-content\/uploads\/2025\/11\/Uusyrityskeskus-x-Ilmarinen-768x768.png 768w, https:\/\/uusyrityskeskus.fi\/wp-content\/uploads\/2025\/11\/Uusyrityskeskus-x-Ilmarinen-600x600.png 600w\" data-sizes=\"(max-width: 1000px) 100vw, 1000px\" src=\"data:image\/svg+xml;base64,PHN2ZyB3aWR0aD0iMSIgaGVpZ2h0PSIxIiB4bWxucz0iaHR0cDovL3d3dy53My5vcmcvMjAwMC9zdmciPjwvc3ZnPg==\" style=\"--smush-placeholder-width: 1000px; --smush-placeholder-aspect-ratio: 1000\/1000;\" \/><\/figure>\n<\/div>\n\n<div class=\"wp-block-image ad--logo--image\">\n<figure class=\"aligncenter size-full\"><img decoding=\"async\" width=\"1099\" height=\"391\" data-src=\"https:\/\/uusyrityskeskus.fi\/wp-content\/uploads\/2025\/11\/1_Ilmarinen-Logo.png\" alt=\"\" class=\"wp-image-16963 lazyload\" data-srcset=\"https:\/\/uusyrityskeskus.fi\/wp-content\/uploads\/2025\/11\/1_Ilmarinen-Logo.png 1099w, https:\/\/uusyrityskeskus.fi\/wp-content\/uploads\/2025\/11\/1_Ilmarinen-Logo-300x107.png 300w, https:\/\/uusyrityskeskus.fi\/wp-content\/uploads\/2025\/11\/1_Ilmarinen-Logo-1024x364.png 1024w, https:\/\/uusyrityskeskus.fi\/wp-content\/uploads\/2025\/11\/1_Ilmarinen-Logo-768x273.png 768w\" data-sizes=\"(max-width: 1099px) 100vw, 1099px\" src=\"data:image\/svg+xml;base64,PHN2ZyB3aWR0aD0iMSIgaGVpZ2h0PSIxIiB4bWxucz0iaHR0cDovL3d3dy53My5vcmcvMjAwMC9zdmciPjwvc3ZnPg==\" style=\"--smush-placeholder-width: 1099px; --smush-placeholder-aspect-ratio: 1099\/391;\" \/><\/figure>\n<\/div>\n\n\n<h2 class=\"wp-block-heading has-text-align-center\">Ilmarisessa on ty\u00f6el\u00e4kealan tyytyv\u00e4isimm\u00e4t asiakkaat. <\/h2>\n\n\n\n<p class=\"has-text-align-center\">Hanki YEL helposti meilt\u00e4!<\/p>\n\n\n\n<div class=\"wp-block-buttons is-content-justification-center is-layout-flex wp-container-core-buttons-is-layout-16018d1d wp-block-buttons-is-layout-flex\">\n<div class=\"wp-block-button\"><a class=\"wp-block-button__link wp-element-button\" href=\"https:\/\/www.ilmarinen.fi\/yrittaja\/yel-vakuutus\/yrittaja-tule-asiakkaaksi\/\">Tule asiakkaaksi<\/a><\/div>\n<\/div>\n<\/div><\/div>\n<\/div>\n<\/div>\n<\/div>\n<\/div>\n<\/div>\n<\/div>\n","protected":false},"excerpt":{"rendered":"Visste du att F\u00f6PL p\u00e5verkar f\u00f6retagarens liv i mycket st\u00f6rre utstr\u00e4ckning \u00e4n bara som intj\u00e4nad pension. Och att F\u00f6PL-arbetsinkomsten inte \u00e4r samma sak som f\u00f6retagets oms\u00e4ttning. F\u00f6retagarens pensionsf\u00f6rs\u00e4kring (F\u00f6PL) \u00e4r [&hellip;]","protected":false},"author":1,"featured_media":0,"parent":15684,"menu_order":0,"comment_status":"closed","ping_status":"closed","template":"","meta":{"iawp_total_views":7,"footnotes":""},"class_list":["post-15739","page","type-page","status-publish","hentry"],"yoast_head":"<!-- This site is optimized with the Yoast SEO plugin v26.8 - https:\/\/yoast.com\/product\/yoast-seo-wordpress\/ -->\n<title>F\u00f6PL-f\u00f6rs\u00e4kring \u2013 trygghet i olika situationer - Yritt\u00e4j\u00e4n el\u00e4kevakuutus opas | Uusyrityskeskus<\/title>\n<meta name=\"description\" content=\"YEL-vakuutus on pakollinen yritt\u00e4jille. Selvit\u00e4 kustannukset, ty\u00f6tulo ja hakeminen. K\u00e4yt\u00e4 YEL-laskuria tai saat ilmaista apua YEL-vakuutukseen!\" \/>\n<meta name=\"robots\" content=\"index, follow, max-snippet:-1, max-image-preview:large, max-video-preview:-1\" \/>\n<link rel=\"canonical\" href=\"https:\/\/uusyrityskeskus.fi\/sv\/digital-startguide\/jag-som-foretagare\/fopl-forsakring-trygghet-i-olika-situationer\/\" \/>\n<meta property=\"og:locale\" content=\"sv_SE\" \/>\n<meta property=\"og:type\" content=\"article\" \/>\n<meta property=\"og:title\" content=\"F\u00f6PL-f\u00f6rs\u00e4kring \u2013 trygghet i olika situationer - Yritt\u00e4j\u00e4n el\u00e4kevakuutus opas | Uusyrityskeskus\" \/>\n<meta property=\"og:description\" content=\"YEL-vakuutus on pakollinen yritt\u00e4jille. Selvit\u00e4 kustannukset, ty\u00f6tulo ja hakeminen. K\u00e4yt\u00e4 YEL-laskuria tai saat ilmaista apua YEL-vakuutukseen!\" \/>\n<meta property=\"og:url\" content=\"https:\/\/uusyrityskeskus.fi\/sv\/digital-startguide\/jag-som-foretagare\/fopl-forsakring-trygghet-i-olika-situationer\/\" \/>\n<meta property=\"og:site_name\" content=\"Uusyrityskeskus\" \/>\n<meta property=\"article:modified_time\" content=\"2025-12-19T13:45:19+00:00\" \/>\n<meta property=\"og:image\" content=\"https:\/\/uusyrityskeskus.fi\/wp-content\/uploads\/2025\/11\/Uusyrityskeskus-x-Ilmarinen.png\" \/>\n\t<meta property=\"og:image:width\" content=\"1000\" \/>\n\t<meta property=\"og:image:height\" content=\"1000\" \/>\n\t<meta property=\"og:image:type\" content=\"image\/png\" \/>\n<meta name=\"twitter:card\" content=\"summary_large_image\" \/>\n<meta name=\"twitter:label1\" content=\"Ber\u00e4knad l\u00e4stid\" \/>\n\t<meta name=\"twitter:data1\" content=\"2 minuter\" \/>\n<script type=\"application\/ld+json\" class=\"yoast-schema-graph\">{\"@context\":\"https:\/\/schema.org\",\"@graph\":[{\"@type\":\"WebPage\",\"@id\":\"https:\/\/uusyrityskeskus.fi\/sv\/digital-startguide\/jag-som-foretagare\/fopl-forsakring-trygghet-i-olika-situationer\/\",\"url\":\"https:\/\/uusyrityskeskus.fi\/sv\/digital-startguide\/jag-som-foretagare\/fopl-forsakring-trygghet-i-olika-situationer\/\",\"name\":\"F\u00f6PL-f\u00f6rs\u00e4kring \u2013 trygghet i olika situationer - Yritt\u00e4j\u00e4n el\u00e4kevakuutus opas | Uusyrityskeskus\",\"isPartOf\":{\"@id\":\"https:\/\/uusyrityskeskus.fi\/sv\/#website\"},\"primaryImageOfPage\":{\"@id\":\"https:\/\/uusyrityskeskus.fi\/sv\/digital-startguide\/jag-som-foretagare\/fopl-forsakring-trygghet-i-olika-situationer\/#primaryimage\"},\"image\":{\"@id\":\"https:\/\/uusyrityskeskus.fi\/sv\/digital-startguide\/jag-som-foretagare\/fopl-forsakring-trygghet-i-olika-situationer\/#primaryimage\"},\"thumbnailUrl\":\"https:\/\/uusyrityskeskus.fi\/wp-content\/uploads\/2025\/11\/Uusyrityskeskus-x-Ilmarinen.png\",\"datePublished\":\"2025-09-02T08:09:58+00:00\",\"dateModified\":\"2025-12-19T13:45:19+00:00\",\"description\":\"YEL-vakuutus on pakollinen yritt\u00e4jille. Selvit\u00e4 kustannukset, ty\u00f6tulo ja hakeminen. K\u00e4yt\u00e4 YEL-laskuria tai saat ilmaista apua YEL-vakuutukseen!\",\"breadcrumb\":{\"@id\":\"https:\/\/uusyrityskeskus.fi\/sv\/digital-startguide\/jag-som-foretagare\/fopl-forsakring-trygghet-i-olika-situationer\/#breadcrumb\"},\"inLanguage\":\"sv-SE\",\"potentialAction\":[{\"@type\":\"ReadAction\",\"target\":[\"https:\/\/uusyrityskeskus.fi\/sv\/digital-startguide\/jag-som-foretagare\/fopl-forsakring-trygghet-i-olika-situationer\/\"]}]},{\"@type\":\"ImageObject\",\"inLanguage\":\"sv-SE\",\"@id\":\"https:\/\/uusyrityskeskus.fi\/sv\/digital-startguide\/jag-som-foretagare\/fopl-forsakring-trygghet-i-olika-situationer\/#primaryimage\",\"url\":\"https:\/\/uusyrityskeskus.fi\/wp-content\/uploads\/2025\/11\/Uusyrityskeskus-x-Ilmarinen.png\",\"contentUrl\":\"https:\/\/uusyrityskeskus.fi\/wp-content\/uploads\/2025\/11\/Uusyrityskeskus-x-Ilmarinen.png\"},{\"@type\":\"BreadcrumbList\",\"@id\":\"https:\/\/uusyrityskeskus.fi\/sv\/digital-startguide\/jag-som-foretagare\/fopl-forsakring-trygghet-i-olika-situationer\/#breadcrumb\",\"itemListElement\":[{\"@type\":\"ListItem\",\"position\":1,\"name\":\"Etusivu\",\"item\":\"https:\/\/uusyrityskeskus.fi\/sv\/\"},{\"@type\":\"ListItem\",\"position\":2,\"name\":\"Digital startguide\",\"item\":\"https:\/\/uusyrityskeskus.fi\/sv\/digital-startguide\/\"},{\"@type\":\"ListItem\",\"position\":3,\"name\":\"Jag som f\u00f6retagare \u2013 F\u00f6retagandets m\u00e5nga former\",\"item\":\"https:\/\/uusyrityskeskus.fi\/sv\/digital-startguide\/jag-som-foretagare\/\"},{\"@type\":\"ListItem\",\"position\":4,\"name\":\"F\u00f6PL-f\u00f6rs\u00e4kring \u2013 trygghet i olika situationer\"}]},{\"@type\":\"WebSite\",\"@id\":\"https:\/\/uusyrityskeskus.fi\/sv\/#website\",\"url\":\"https:\/\/uusyrityskeskus.fi\/sv\/\",\"name\":\"Uusyrityskeskus\",\"description\":\"Yritt\u00e4jyyden unelmista onnistumisia.\",\"potentialAction\":[{\"@type\":\"SearchAction\",\"target\":{\"@type\":\"EntryPoint\",\"urlTemplate\":\"https:\/\/uusyrityskeskus.fi\/sv\/?s={search_term_string}\"},\"query-input\":{\"@type\":\"PropertyValueSpecification\",\"valueRequired\":true,\"valueName\":\"search_term_string\"}}],\"inLanguage\":\"sv-SE\"}]}<\/script>\n<!-- \/ Yoast SEO plugin. -->","yoast_head_json":{"title":"F\u00f6PL-f\u00f6rs\u00e4kring \u2013 trygghet i olika situationer - Yritt\u00e4j\u00e4n el\u00e4kevakuutus opas | Uusyrityskeskus","description":"YEL-vakuutus on pakollinen yritt\u00e4jille. Selvit\u00e4 kustannukset, ty\u00f6tulo ja hakeminen. K\u00e4yt\u00e4 YEL-laskuria tai saat ilmaista apua YEL-vakuutukseen!","robots":{"index":"index","follow":"follow","max-snippet":"max-snippet:-1","max-image-preview":"max-image-preview:large","max-video-preview":"max-video-preview:-1"},"canonical":"https:\/\/uusyrityskeskus.fi\/sv\/digital-startguide\/jag-som-foretagare\/fopl-forsakring-trygghet-i-olika-situationer\/","og_locale":"sv_SE","og_type":"article","og_title":"F\u00f6PL-f\u00f6rs\u00e4kring \u2013 trygghet i olika situationer - Yritt\u00e4j\u00e4n el\u00e4kevakuutus opas | Uusyrityskeskus","og_description":"YEL-vakuutus on pakollinen yritt\u00e4jille. Selvit\u00e4 kustannukset, ty\u00f6tulo ja hakeminen. K\u00e4yt\u00e4 YEL-laskuria tai saat ilmaista apua YEL-vakuutukseen!","og_url":"https:\/\/uusyrityskeskus.fi\/sv\/digital-startguide\/jag-som-foretagare\/fopl-forsakring-trygghet-i-olika-situationer\/","og_site_name":"Uusyrityskeskus","article_modified_time":"2025-12-19T13:45:19+00:00","og_image":[{"width":1000,"height":1000,"url":"https:\/\/uusyrityskeskus.fi\/wp-content\/uploads\/2025\/11\/Uusyrityskeskus-x-Ilmarinen.png","type":"image\/png"}],"twitter_card":"summary_large_image","twitter_misc":{"Ber\u00e4knad l\u00e4stid":"2 minuter"},"schema":{"@context":"https:\/\/schema.org","@graph":[{"@type":"WebPage","@id":"https:\/\/uusyrityskeskus.fi\/sv\/digital-startguide\/jag-som-foretagare\/fopl-forsakring-trygghet-i-olika-situationer\/","url":"https:\/\/uusyrityskeskus.fi\/sv\/digital-startguide\/jag-som-foretagare\/fopl-forsakring-trygghet-i-olika-situationer\/","name":"F\u00f6PL-f\u00f6rs\u00e4kring \u2013 trygghet i olika situationer - Yritt\u00e4j\u00e4n el\u00e4kevakuutus opas | Uusyrityskeskus","isPartOf":{"@id":"https:\/\/uusyrityskeskus.fi\/sv\/#website"},"primaryImageOfPage":{"@id":"https:\/\/uusyrityskeskus.fi\/sv\/digital-startguide\/jag-som-foretagare\/fopl-forsakring-trygghet-i-olika-situationer\/#primaryimage"},"image":{"@id":"https:\/\/uusyrityskeskus.fi\/sv\/digital-startguide\/jag-som-foretagare\/fopl-forsakring-trygghet-i-olika-situationer\/#primaryimage"},"thumbnailUrl":"https:\/\/uusyrityskeskus.fi\/wp-content\/uploads\/2025\/11\/Uusyrityskeskus-x-Ilmarinen.png","datePublished":"2025-09-02T08:09:58+00:00","dateModified":"2025-12-19T13:45:19+00:00","description":"YEL-vakuutus on pakollinen yritt\u00e4jille. Selvit\u00e4 kustannukset, ty\u00f6tulo ja hakeminen. K\u00e4yt\u00e4 YEL-laskuria tai saat ilmaista apua YEL-vakuutukseen!","breadcrumb":{"@id":"https:\/\/uusyrityskeskus.fi\/sv\/digital-startguide\/jag-som-foretagare\/fopl-forsakring-trygghet-i-olika-situationer\/#breadcrumb"},"inLanguage":"sv-SE","potentialAction":[{"@type":"ReadAction","target":["https:\/\/uusyrityskeskus.fi\/sv\/digital-startguide\/jag-som-foretagare\/fopl-forsakring-trygghet-i-olika-situationer\/"]}]},{"@type":"ImageObject","inLanguage":"sv-SE","@id":"https:\/\/uusyrityskeskus.fi\/sv\/digital-startguide\/jag-som-foretagare\/fopl-forsakring-trygghet-i-olika-situationer\/#primaryimage","url":"https:\/\/uusyrityskeskus.fi\/wp-content\/uploads\/2025\/11\/Uusyrityskeskus-x-Ilmarinen.png","contentUrl":"https:\/\/uusyrityskeskus.fi\/wp-content\/uploads\/2025\/11\/Uusyrityskeskus-x-Ilmarinen.png"},{"@type":"BreadcrumbList","@id":"https:\/\/uusyrityskeskus.fi\/sv\/digital-startguide\/jag-som-foretagare\/fopl-forsakring-trygghet-i-olika-situationer\/#breadcrumb","itemListElement":[{"@type":"ListItem","position":1,"name":"Etusivu","item":"https:\/\/uusyrityskeskus.fi\/sv\/"},{"@type":"ListItem","position":2,"name":"Digital startguide","item":"https:\/\/uusyrityskeskus.fi\/sv\/digital-startguide\/"},{"@type":"ListItem","position":3,"name":"Jag som f\u00f6retagare \u2013 F\u00f6retagandets m\u00e5nga former","item":"https:\/\/uusyrityskeskus.fi\/sv\/digital-startguide\/jag-som-foretagare\/"},{"@type":"ListItem","position":4,"name":"F\u00f6PL-f\u00f6rs\u00e4kring \u2013 trygghet i olika situationer"}]},{"@type":"WebSite","@id":"https:\/\/uusyrityskeskus.fi\/sv\/#website","url":"https:\/\/uusyrityskeskus.fi\/sv\/","name":"Uusyrityskeskus","description":"Yritt\u00e4jyyden unelmista onnistumisia.","potentialAction":[{"@type":"SearchAction","target":{"@type":"EntryPoint","urlTemplate":"https:\/\/uusyrityskeskus.fi\/sv\/?s={search_term_string}"},"query-input":{"@type":"PropertyValueSpecification","valueRequired":true,"valueName":"search_term_string"}}],"inLanguage":"sv-SE"}]}},"_links":{"self":[{"href":"https:\/\/uusyrityskeskus.fi\/sv\/wp-json\/wp\/v2\/pages\/15739","targetHints":{"allow":["GET"]}}],"collection":[{"href":"https:\/\/uusyrityskeskus.fi\/sv\/wp-json\/wp\/v2\/pages"}],"about":[{"href":"https:\/\/uusyrityskeskus.fi\/sv\/wp-json\/wp\/v2\/types\/page"}],"author":[{"embeddable":true,"href":"https:\/\/uusyrityskeskus.fi\/sv\/wp-json\/wp\/v2\/users\/1"}],"replies":[{"embeddable":true,"href":"https:\/\/uusyrityskeskus.fi\/sv\/wp-json\/wp\/v2\/comments?post=15739"}],"version-history":[{"count":5,"href":"https:\/\/uusyrityskeskus.fi\/sv\/wp-json\/wp\/v2\/pages\/15739\/revisions"}],"predecessor-version":[{"id":17061,"href":"https:\/\/uusyrityskeskus.fi\/sv\/wp-json\/wp\/v2\/pages\/15739\/revisions\/17061"}],"up":[{"embeddable":true,"href":"https:\/\/uusyrityskeskus.fi\/sv\/wp-json\/wp\/v2\/pages\/15684"}],"wp:attachment":[{"href":"https:\/\/uusyrityskeskus.fi\/sv\/wp-json\/wp\/v2\/media?parent=15739"}],"curies":[{"name":"wp","href":"https:\/\/api.w.org\/{rel}","templated":true}]}}