{"id":15717,"date":"2025-09-02T11:06:53","date_gmt":"2025-09-02T08:06:53","guid":{"rendered":"https:\/\/uusyrityskeskus.fi\/digital-startguide\/jag-som-foretagare\/kevytyrittajyys\/"},"modified":"2026-03-24T11:40:07","modified_gmt":"2026-03-24T09:40:07","slug":"lattforetagande","status":"publish","type":"page","link":"https:\/\/uusyrityskeskus.fi\/sv\/digital-startguide\/jag-som-foretagare\/lattforetagande\/","title":{"rendered":"L\u00e4ttf\u00f6retagande"},"content":{"rendered":"\n<div class=\"wp-block-tovaristrap-ts-container ts-container header--section\">\n<div class=\"ts-div header--row\">\n<h1 class=\"wp-block-heading\">L\u00e4ttf\u00f6retagande<\/h1>\n<\/div>\n<\/div>\n\n\n\n<div class=\"wp-block-tovaristrap-ts-container ts-container base--section pt-0 pb-0 border-bottom\">\n<div class=\"ts-div content--row\"><div class=\"yoast-breadcrumbs\"><span><span><a href=\"https:\/\/uusyrityskeskus.fi\/sv\/\">Etusivu<\/a><\/span> \u00bb <span><a href=\"https:\/\/uusyrityskeskus.fi\/sv\/digital-startguide\/\">Digital startguide<\/a><\/span> \u00bb <span><a href=\"https:\/\/uusyrityskeskus.fi\/sv\/digital-startguide\/jag-som-foretagare\/\">Jag som f\u00f6retagare \u2013 F\u00f6retagandets m\u00e5nga former<\/a><\/span> \u00bb <span class=\"breadcrumb_last\" aria-current=\"page\">L\u00e4ttf\u00f6retagande<\/span><\/span><\/div><\/div>\n<\/div>\n\n\n\n<div class=\"wp-block-columns content--section with--default--padding is-layout-flex wp-container-core-columns-is-layout-9d6595d7 wp-block-columns-is-layout-flex\">\n<div class=\"wp-block-column content--div is-layout-flow wp-block-column-is-layout-flow\">\n<div class=\"wp-block-columns content--row is-layout-flex wp-container-core-columns-is-layout-9d6595d7 wp-block-columns-is-layout-flex\">\n<div class=\"wp-block-column custom--col--default sub--page--left--col is-layout-flow wp-block-column-is-layout-flow\" style=\"flex-basis:72%\">\n<p><em>Vi talar allm\u00e4nt om l\u00e4ttf\u00f6retagande, men det kan betyda tv\u00e5 saker. <\/em>\u00c4r du l\u00e4ttf\u00f6retagare med eget FO-nummer eller fakturerar du med faktureringsfirmans FO-nummer?<\/p>\n\n\n\n<p class=\"extra--margin\">L\u00e4ttf\u00f6retagande betyder att personen s\u00e4ljer sin kompetens och fakturerar sitt arbete via faktureringstj\u00e4nsten utan eget FO-nummer. Detta l\u00e4mpar sig till exempel f\u00f6r tillf\u00e4lliga jobb, deltidsarbete eller verksamhet p\u00e5 prov. Faktureringstj\u00e4nsten sk\u00f6ter i allm\u00e4nhet skatter, deklarationer och f\u00f6rs\u00e4kringar.<\/p>\n\n\n\n<p class=\"extra--margin\">Med l\u00e4ttf\u00f6retagande kan man numera avse tv\u00e5 lite olika saker. Traditionellt h\u00e4nvisar man till verksamhet utan eget FO-nummer, varvid man anv\u00e4nder en faktureringstj\u00e4nst. En del l\u00e4ttf\u00f6retagare arbetar numera ocks\u00e5 med eget FO-nummer, men fakturerar via en faktureringstj\u00e4nst. Denna skillnad p\u00e5verkar bland annat hur beskattningen och F\u00f6PL-f\u00f6rs\u00e4kringen best\u00e4ms.<\/p>\n\n\n\n<div class=\"wp-block-group sub--page--group quote--group standard--margin\"><div class=\"wp-block-group__inner-container is-layout-constrained wp-block-group-is-layout-constrained\">\n<h4 class=\"wp-block-heading\">Pr\u00f6va f\u00f6retagande med l\u00e5g tr\u00f6skel<\/h4>\n\n\n\n<p>L\u00e4ttf\u00f6retagande g\u00f6r det m\u00f6jligt att tillhandah\u00e5lla egna tj\u00e4nster utan bokf\u00f6ring eller registrering som f\u00f6retagare. Det \u00e4r ett bra s\u00e4tt att testa en id\u00e9 eller skaffa extra inkomster vid sidan av till exempel studier eller l\u00f6nearbete.<\/p>\n<\/div><\/div>\n\n\n\n<div class=\"wp-block-group sub--page--group quote--group standard--margin\"><div class=\"wp-block-group__inner-container is-layout-constrained wp-block-group-is-layout-constrained\">\n<h4 class=\"wp-block-heading\">N\u00e4r l\u00f6nar det sig att grunda ett eget f\u00f6retag?<\/h4>\n\n\n\n<p>Om verksamheten \u00e4r regelbunden, omfattande eller om du str\u00e4var efter tillv\u00e4xt, l\u00f6nar det sig att \u00f6verv\u00e4ga att grunda en egen firma eller annan f\u00f6retagsform. Ett eget f\u00f6retag m\u00f6jligg\u00f6r bl.a. mer omfattande skattem\u00e4ssiga f\u00f6rdelar och utveckling av aff\u00e4rsverksamheten.<\/p>\n<\/div><\/div>\n\n\n\n<div class=\"wp-block-group sub--page--group info--box\"><div class=\"wp-block-group__inner-container is-layout-constrained wp-block-group-is-layout-constrained\">\n<h4 class=\"wp-block-heading\">Mer information om l\u00e4ttf\u00f6retagande<\/h4>\n\n\n\n<p><strong>Skattef\u00f6rvaltningens anvisning:<\/strong> <a href=\"https:\/\/www.vero.fi\/sv\/foretag-och-samfund\/foretagsverksamhet\/etablering\/lattforetagare\/\" target=\"_blank\" rel=\"noreferrer noopener\">https:\/\/www.vero.fi\/sv\/foretag-och-samfund\/foretagsverksamhet\/etablering\/lattforetagare\/<\/a><\/p>\n\n\n\n<p><strong>Vilken typ av skattekort beh\u00f6ver l\u00e4ttf\u00f6retagaren?<\/strong> <a href=\"https:\/\/www.vero.fi\/sv\/foretag-och-samfund\/foretagsverksamhet\/etablering\/lattforetagare\/skattekort-f%C3%B6r-l%C3%A4ttf%C3%B6retagare\/\" target=\"_blank\" rel=\"noreferrer noopener\">Skattekort f\u00f6r l\u00e4ttf\u00f6retagare <\/a><a href=\"https:\/\/www.vero.fi\/sv\/foretag-och-samfund\/foretagsverksamhet\/etablering\/lattforetagare\/skattekort-f%C3%B6r-l%C3%A4ttf%C3%B6retagare\/\">&#8211; vero.fi<\/a><br><strong>Faktureringstj\u00e4nst som exempel:<\/strong> <a href=\"https:\/\/op-kevytyrittaja.fi\/\" target=\"_blank\" rel=\"noreferrer noopener\">https:\/\/op-kevytyrittaja.fi\/<\/a><br><\/p>\n<\/div><\/div>\n\n\n\n<div class=\"wp-block-columns content--row page--turn--buttons is-layout-flex wp-container-core-columns-is-layout-9d6595d7 wp-block-columns-is-layout-flex\">\n<div class=\"wp-block-column is-layout-flow wp-block-column-is-layout-flow\">\n<div class=\"wp-block-buttons is-layout-flex wp-block-buttons-is-layout-flex\">\n<div class=\"wp-block-button\"><a class=\"wp-block-button__link wp-element-button\" href=\"https:\/\/uusyrityskeskus.fi\/sv\/digital-startguide\/jag-som-foretagare\/\">\u2190 0. Jag som f\u00f6retagare<\/a><\/div>\n<\/div>\n<\/div>\n\n\n\n<div class=\"wp-block-column is-layout-flow wp-block-column-is-layout-flow\">\n<div class=\"wp-block-buttons is-content-justification-right is-layout-flex wp-container-core-buttons-is-layout-765c4724 wp-block-buttons-is-layout-flex\">\n<div class=\"wp-block-button\"><a class=\"wp-block-button__link wp-element-button\" href=\"https:\/\/uusyrityskeskus.fi\/sv\/digital-startguide\/jag-som-foretagare\/startpeng\/\">0.2. Startpeng \u2192<\/a><\/div>\n<\/div>\n<\/div>\n<\/div>\n<\/div>\n\n\n\n<div class=\"wp-block-column custom--col--default is-layout-flow wp-block-column-is-layout-flow\" style=\"flex-basis:28%\">\n<div class=\"wp-block-group standard--group--with--shadow\"><div class=\"wp-block-group__inner-container is-layout-constrained wp-block-group-is-layout-constrained\">\n<h4 class=\"wp-block-heading\">Beh\u00f6ver du hj\u00e4lp?<\/h4>\n\n\n\n<div class=\"wp-block-buttons is-content-justification-center is-layout-flex wp-container-core-buttons-is-layout-16018d1d wp-block-buttons-is-layout-flex\">\n<div class=\"wp-block-button button--main\"><a class=\"wp-block-button__link wp-element-button\" href=\"https:\/\/uusyrityskeskus.fi\/sv\/nyforetagscentrumen\/\">Boka en konsultation<\/a><\/div>\n<\/div>\n\n\n\n<div class=\"wp-block-buttons is-content-justification-center is-layout-flex wp-container-core-buttons-is-layout-16018d1d wp-block-buttons-is-layout-flex\">\n<div class=\"wp-block-button mb--0 button--alt\"><a class=\"wp-block-button__link wp-element-button\" href=\"https:\/\/uusyrityskeskus.fi\/sv\/starta-eget-guiden\/\">Ladda ner PDF-guide<\/a><\/div>\n<\/div>\n<\/div><\/div>\n\n\n\n<div class=\"wp-block-group links--column\"><div class=\"wp-block-group__inner-container is-layout-constrained wp-block-group-is-layout-constrained\">\n<h4 class=\"wp-block-heading\">0. Jag som f\u00f6retagare<\/h4>\n\n\n\n<div class=\"perustamisopas-nav\">\n    <ol>\n        <li><a href=\"https:\/\/uusyrityskeskus.fi\/sv\/digital-startguide\/jag-som-foretagare\/lattforetagande\/\" class=\"active\">L\u00e4ttf\u00f6retagande <\/a><\/li>\n        <li><a href=\"https:\/\/uusyrityskeskus.fi\/sv\/digital-startguide\/jag-som-foretagare\/startpeng\/\">Startpeng<\/a><\/li>\n        <li><a href=\"https:\/\/uusyrityskeskus.fi\/sv\/digital-startguide\/jag-som-foretagare\/utkomstskydd-for-foretagare\/\">Utkomstskydd f\u00f6r f\u00f6retagare<\/a><\/li>\n        <li><a href=\"https:\/\/uusyrityskeskus.fi\/sv\/digital-startguide\/jag-som-foretagare\/fopl-forsakring-trygghet-i-olika-situationer\/\">F\u00f6PL-f\u00f6rs\u00e4kring \u2013 trygghet i olika situationer<\/a><\/li>\n        <li><a href=\"https:\/\/uusyrityskeskus.fi\/sv\/digital-startguide\/jag-som-foretagare\/mangsidigt-foretagande\/\">M\u00e5ngsidigt f\u00f6retagande<\/a><\/li>\n    <\/ol>\n<\/div>\n<\/div><\/div>\n<\/div>\n<\/div>\n<\/div>\n<\/div>\n","protected":false},"excerpt":{"rendered":"Vi talar allm\u00e4nt om l\u00e4ttf\u00f6retagande, men det kan betyda tv\u00e5 saker. \u00c4r du l\u00e4ttf\u00f6retagare med eget FO-nummer eller fakturerar du med faktureringsfirmans FO-nummer? L\u00e4ttf\u00f6retagande betyder att personen s\u00e4ljer sin kompetens [&hellip;]","protected":false},"author":1,"featured_media":0,"parent":15684,"menu_order":0,"comment_status":"closed","ping_status":"closed","template":"","meta":{"iawp_total_views":13,"footnotes":""},"class_list":["post-15717","page","type-page","status-publish","hentry"],"yoast_head":"<!-- This site is optimized with the Yoast SEO plugin v26.8 - https:\/\/yoast.com\/product\/yoast-seo-wordpress\/ -->\n<title>L\u00e4ttf\u00f6retagande - Opas kevytyritt\u00e4j\u00e4ksi ryhtymiseen | Uusyrityskeskus<\/title>\n<meta name=\"description\" content=\"Kevytyritt\u00e4jyys sopii sivutoimiseen yritt\u00e4miseen. Ei tarvitse perustaa yrityst\u00e4 \u2013 laskutuspalvelu hoitaa verot ja maksut. Tutustu ja aloita!\" \/>\n<meta name=\"robots\" content=\"index, follow, max-snippet:-1, max-image-preview:large, max-video-preview:-1\" \/>\n<link rel=\"canonical\" href=\"https:\/\/uusyrityskeskus.fi\/sv\/digital-startguide\/jag-som-foretagare\/lattforetagande\/\" \/>\n<meta property=\"og:locale\" content=\"sv_SE\" \/>\n<meta property=\"og:type\" content=\"article\" \/>\n<meta property=\"og:title\" content=\"L\u00e4ttf\u00f6retagande - Opas kevytyritt\u00e4j\u00e4ksi ryhtymiseen | Uusyrityskeskus\" \/>\n<meta property=\"og:description\" content=\"Kevytyritt\u00e4jyys sopii sivutoimiseen yritt\u00e4miseen. Ei tarvitse perustaa yrityst\u00e4 \u2013 laskutuspalvelu hoitaa verot ja maksut. Tutustu ja aloita!\" \/>\n<meta property=\"og:url\" content=\"https:\/\/uusyrityskeskus.fi\/sv\/digital-startguide\/jag-som-foretagare\/lattforetagande\/\" \/>\n<meta property=\"og:site_name\" content=\"Uusyrityskeskus\" \/>\n<meta property=\"article:modified_time\" content=\"2026-03-24T09:40:07+00:00\" \/>\n<meta property=\"og:image\" content=\"https:\/\/uusyrityskeskus.fi\/wp-content\/uploads\/2020\/12\/uusyrityskeskus-turkoosi.jpg\" \/>\n\t<meta property=\"og:image:width\" content=\"2048\" \/>\n\t<meta property=\"og:image:height\" content=\"1152\" \/>\n\t<meta property=\"og:image:type\" content=\"image\/jpeg\" \/>\n<meta name=\"twitter:card\" content=\"summary_large_image\" \/>\n<meta name=\"twitter:label1\" content=\"Ber\u00e4knad l\u00e4stid\" \/>\n\t<meta name=\"twitter:data1\" content=\"2 minuter\" \/>\n<script type=\"application\/ld+json\" class=\"yoast-schema-graph\">{\"@context\":\"https:\/\/schema.org\",\"@graph\":[{\"@type\":\"WebPage\",\"@id\":\"https:\/\/uusyrityskeskus.fi\/sv\/digital-startguide\/jag-som-foretagare\/lattforetagande\/\",\"url\":\"https:\/\/uusyrityskeskus.fi\/sv\/digital-startguide\/jag-som-foretagare\/lattforetagande\/\",\"name\":\"L\u00e4ttf\u00f6retagande - Opas kevytyritt\u00e4j\u00e4ksi ryhtymiseen | Uusyrityskeskus\",\"isPartOf\":{\"@id\":\"https:\/\/uusyrityskeskus.fi\/sv\/#website\"},\"datePublished\":\"2025-09-02T08:06:53+00:00\",\"dateModified\":\"2026-03-24T09:40:07+00:00\",\"description\":\"Kevytyritt\u00e4jyys sopii sivutoimiseen yritt\u00e4miseen. Ei tarvitse perustaa yrityst\u00e4 \u2013 laskutuspalvelu hoitaa verot ja maksut. Tutustu ja aloita!\",\"breadcrumb\":{\"@id\":\"https:\/\/uusyrityskeskus.fi\/sv\/digital-startguide\/jag-som-foretagare\/lattforetagande\/#breadcrumb\"},\"inLanguage\":\"sv-SE\",\"potentialAction\":[{\"@type\":\"ReadAction\",\"target\":[\"https:\/\/uusyrityskeskus.fi\/sv\/digital-startguide\/jag-som-foretagare\/lattforetagande\/\"]}]},{\"@type\":\"BreadcrumbList\",\"@id\":\"https:\/\/uusyrityskeskus.fi\/sv\/digital-startguide\/jag-som-foretagare\/lattforetagande\/#breadcrumb\",\"itemListElement\":[{\"@type\":\"ListItem\",\"position\":1,\"name\":\"Etusivu\",\"item\":\"https:\/\/uusyrityskeskus.fi\/sv\/\"},{\"@type\":\"ListItem\",\"position\":2,\"name\":\"Digital startguide\",\"item\":\"https:\/\/uusyrityskeskus.fi\/sv\/digital-startguide\/\"},{\"@type\":\"ListItem\",\"position\":3,\"name\":\"Jag som f\u00f6retagare \u2013 F\u00f6retagandets m\u00e5nga former\",\"item\":\"https:\/\/uusyrityskeskus.fi\/sv\/digital-startguide\/jag-som-foretagare\/\"},{\"@type\":\"ListItem\",\"position\":4,\"name\":\"L\u00e4ttf\u00f6retagande\"}]},{\"@type\":\"WebSite\",\"@id\":\"https:\/\/uusyrityskeskus.fi\/sv\/#website\",\"url\":\"https:\/\/uusyrityskeskus.fi\/sv\/\",\"name\":\"Uusyrityskeskus\",\"description\":\"Yritt\u00e4jyyden unelmista onnistumisia.\",\"potentialAction\":[{\"@type\":\"SearchAction\",\"target\":{\"@type\":\"EntryPoint\",\"urlTemplate\":\"https:\/\/uusyrityskeskus.fi\/sv\/?s={search_term_string}\"},\"query-input\":{\"@type\":\"PropertyValueSpecification\",\"valueRequired\":true,\"valueName\":\"search_term_string\"}}],\"inLanguage\":\"sv-SE\"}]}<\/script>\n<!-- \/ Yoast SEO plugin. -->","yoast_head_json":{"title":"L\u00e4ttf\u00f6retagande - Opas kevytyritt\u00e4j\u00e4ksi ryhtymiseen | Uusyrityskeskus","description":"Kevytyritt\u00e4jyys sopii sivutoimiseen yritt\u00e4miseen. Ei tarvitse perustaa yrityst\u00e4 \u2013 laskutuspalvelu hoitaa verot ja maksut. Tutustu ja aloita!","robots":{"index":"index","follow":"follow","max-snippet":"max-snippet:-1","max-image-preview":"max-image-preview:large","max-video-preview":"max-video-preview:-1"},"canonical":"https:\/\/uusyrityskeskus.fi\/sv\/digital-startguide\/jag-som-foretagare\/lattforetagande\/","og_locale":"sv_SE","og_type":"article","og_title":"L\u00e4ttf\u00f6retagande - Opas kevytyritt\u00e4j\u00e4ksi ryhtymiseen | Uusyrityskeskus","og_description":"Kevytyritt\u00e4jyys sopii sivutoimiseen yritt\u00e4miseen. Ei tarvitse perustaa yrityst\u00e4 \u2013 laskutuspalvelu hoitaa verot ja maksut. Tutustu ja aloita!","og_url":"https:\/\/uusyrityskeskus.fi\/sv\/digital-startguide\/jag-som-foretagare\/lattforetagande\/","og_site_name":"Uusyrityskeskus","article_modified_time":"2026-03-24T09:40:07+00:00","og_image":[{"width":2048,"height":1152,"url":"https:\/\/uusyrityskeskus.fi\/wp-content\/uploads\/2020\/12\/uusyrityskeskus-turkoosi.jpg","type":"image\/jpeg"}],"twitter_card":"summary_large_image","twitter_misc":{"Ber\u00e4knad l\u00e4stid":"2 minuter"},"schema":{"@context":"https:\/\/schema.org","@graph":[{"@type":"WebPage","@id":"https:\/\/uusyrityskeskus.fi\/sv\/digital-startguide\/jag-som-foretagare\/lattforetagande\/","url":"https:\/\/uusyrityskeskus.fi\/sv\/digital-startguide\/jag-som-foretagare\/lattforetagande\/","name":"L\u00e4ttf\u00f6retagande - Opas kevytyritt\u00e4j\u00e4ksi ryhtymiseen | Uusyrityskeskus","isPartOf":{"@id":"https:\/\/uusyrityskeskus.fi\/sv\/#website"},"datePublished":"2025-09-02T08:06:53+00:00","dateModified":"2026-03-24T09:40:07+00:00","description":"Kevytyritt\u00e4jyys sopii sivutoimiseen yritt\u00e4miseen. Ei tarvitse perustaa yrityst\u00e4 \u2013 laskutuspalvelu hoitaa verot ja maksut. Tutustu ja aloita!","breadcrumb":{"@id":"https:\/\/uusyrityskeskus.fi\/sv\/digital-startguide\/jag-som-foretagare\/lattforetagande\/#breadcrumb"},"inLanguage":"sv-SE","potentialAction":[{"@type":"ReadAction","target":["https:\/\/uusyrityskeskus.fi\/sv\/digital-startguide\/jag-som-foretagare\/lattforetagande\/"]}]},{"@type":"BreadcrumbList","@id":"https:\/\/uusyrityskeskus.fi\/sv\/digital-startguide\/jag-som-foretagare\/lattforetagande\/#breadcrumb","itemListElement":[{"@type":"ListItem","position":1,"name":"Etusivu","item":"https:\/\/uusyrityskeskus.fi\/sv\/"},{"@type":"ListItem","position":2,"name":"Digital startguide","item":"https:\/\/uusyrityskeskus.fi\/sv\/digital-startguide\/"},{"@type":"ListItem","position":3,"name":"Jag som f\u00f6retagare \u2013 F\u00f6retagandets m\u00e5nga former","item":"https:\/\/uusyrityskeskus.fi\/sv\/digital-startguide\/jag-som-foretagare\/"},{"@type":"ListItem","position":4,"name":"L\u00e4ttf\u00f6retagande"}]},{"@type":"WebSite","@id":"https:\/\/uusyrityskeskus.fi\/sv\/#website","url":"https:\/\/uusyrityskeskus.fi\/sv\/","name":"Uusyrityskeskus","description":"Yritt\u00e4jyyden unelmista onnistumisia.","potentialAction":[{"@type":"SearchAction","target":{"@type":"EntryPoint","urlTemplate":"https:\/\/uusyrityskeskus.fi\/sv\/?s={search_term_string}"},"query-input":{"@type":"PropertyValueSpecification","valueRequired":true,"valueName":"search_term_string"}}],"inLanguage":"sv-SE"}]}},"_links":{"self":[{"href":"https:\/\/uusyrityskeskus.fi\/sv\/wp-json\/wp\/v2\/pages\/15717","targetHints":{"allow":["GET"]}}],"collection":[{"href":"https:\/\/uusyrityskeskus.fi\/sv\/wp-json\/wp\/v2\/pages"}],"about":[{"href":"https:\/\/uusyrityskeskus.fi\/sv\/wp-json\/wp\/v2\/types\/page"}],"author":[{"embeddable":true,"href":"https:\/\/uusyrityskeskus.fi\/sv\/wp-json\/wp\/v2\/users\/1"}],"replies":[{"embeddable":true,"href":"https:\/\/uusyrityskeskus.fi\/sv\/wp-json\/wp\/v2\/comments?post=15717"}],"version-history":[{"count":4,"href":"https:\/\/uusyrityskeskus.fi\/sv\/wp-json\/wp\/v2\/pages\/15717\/revisions"}],"predecessor-version":[{"id":18041,"href":"https:\/\/uusyrityskeskus.fi\/sv\/wp-json\/wp\/v2\/pages\/15717\/revisions\/18041"}],"up":[{"embeddable":true,"href":"https:\/\/uusyrityskeskus.fi\/sv\/wp-json\/wp\/v2\/pages\/15684"}],"wp:attachment":[{"href":"https:\/\/uusyrityskeskus.fi\/sv\/wp-json\/wp\/v2\/media?parent=15717"}],"curies":[{"name":"wp","href":"https:\/\/api.w.org\/{rel}","templated":true}]}}