{"id":15711,"date":"2025-09-02T11:38:38","date_gmt":"2025-09-02T08:38:38","guid":{"rendered":"https:\/\/uusyrityskeskus.fi\/digital-startguide\/yritystoiminnan-kehittaminen-ja-jatkuvuus\/"},"modified":"2025-11-06T12:45:52","modified_gmt":"2025-11-06T10:45:52","slug":"kontinuerlig-utveckling-av-foretaget","status":"publish","type":"page","link":"https:\/\/uusyrityskeskus.fi\/sv\/digital-startguide\/kontinuerlig-utveckling-av-foretaget\/","title":{"rendered":"Kontinuerlig utveckling av f\u00f6retaget"},"content":{"rendered":"\n<div class=\"wp-block-tovaristrap-ts-container ts-container header--section\">\n<div class=\"ts-div header--row\">\n<h1 class=\"wp-block-heading\">Kontinuerlig utveckling av f\u00f6retaget<\/h1>\n<\/div>\n<\/div>\n\n\n\n<div class=\"wp-block-tovaristrap-ts-container ts-container base--section pt-0 pb-0 border-bottom\">\n<div class=\"ts-div content--row\"><div class=\"yoast-breadcrumbs\"><span><span><a href=\"https:\/\/uusyrityskeskus.fi\/sv\/\">Etusivu<\/a><\/span> \u00bb <span><a href=\"https:\/\/uusyrityskeskus.fi\/sv\/digital-startguide\/\">Digital startguide<\/a><\/span> \u00bb <span class=\"breadcrumb_last\" aria-current=\"page\">Kontinuerlig utveckling av f\u00f6retaget<\/span><\/span><\/div><\/div>\n<\/div>\n\n\n\n<div class=\"wp-block-columns content--section with--default--padding is-layout-flex wp-container-core-columns-is-layout-9d6595d7 wp-block-columns-is-layout-flex\">\n<div class=\"wp-block-column content--div is-layout-flow wp-block-column-is-layout-flow\">\n<div class=\"wp-block-columns content--row is-layout-flex wp-container-core-columns-is-layout-9d6595d7 wp-block-columns-is-layout-flex\">\n<div class=\"wp-block-column custom--col--default sub--page--left--col is-layout-flow wp-block-column-is-layout-flow\" style=\"flex-basis:72%\">\n<div class=\"progress-container\">\n  <div class=\"progress-label\">Dina framsteg i startguiden<\/div>\n  <div class=\"progress-bar\">\n    <div class=\"progress-fill\" style=\"width: 100%;\"><\/div>\n  <\/div>\n  <div class=\"progress-text\">Steg 5\/5: Kontinuerlig utveckling av f\u00f6retaget<\/div>\n<\/div>\n\n\n\n<p><strong>F\u00f6retagsverksamheten \u00e4r aldrig f\u00e4rdig \u2013 den utvecklas tillsammans med f\u00f6retagaren, kunderna och verksamhetsmilj\u00f6n.<\/strong> Kontinuerlig utveckling av f\u00f6retaget kan inneb\u00e4ra att f\u00f6rnya tj\u00e4nsterna eller produkterna, sk\u00e4rpa marknadsf\u00f6ringen, st\u00e4rka ansvarsfullheten eller \u00e4ndra aff\u00e4rsmodellen. Ibland \u00e4r utvecklingen f\u00f6rknippad med tillv\u00e4xt eller internationalisering, men ofta handlar det om f\u00f6rb\u00e4ttringar som kr\u00e4ver sm\u00e5 insikter i vardagen.<\/p>\n\n\n\n<p><strong>\u00c4ven f\u00f6retagandets olika skeden kr\u00e4ver framf\u00f6rh\u00e5llning och beslut.<\/strong> Vill du forts\u00e4tta som ensamf\u00f6retagare, utvidga till ett team \u2013 eller \u00e4r det r\u00e4tt tidpunkt att l\u00e4gga ned eller \u00f6verl\u00e5ta f\u00f6retaget vidare? F\u00f6retagsverksamhetens kontinuitet kan f\u00f6rverkligas genom \u00e4garbyte, f\u00f6retagsf\u00f6rv\u00e4rv eller generationsv\u00e4xling. Det l\u00f6nar sig att planera en kontrollerad f\u00f6r\u00e4ndring i god tid \u2013 det \u00e4r ett viktigt delomr\u00e5de inom f\u00f6retagande, inte ett misslyckande.<\/p>\n\n\n\n<div class=\"wp-block-columns content--section is-layout-flex wp-container-core-columns-is-layout-9d6595d7 wp-block-columns-is-layout-flex\">\n<div class=\"wp-block-column content--div is-layout-flow wp-block-column-is-layout-flow\">\n<div class=\"wp-block-columns content--row ad--row is-layout-flex wp-container-core-columns-is-layout-9d6595d7 wp-block-columns-is-layout-flex\">\n<div class=\"wp-block-column is-layout-flow wp-block-column-is-layout-flow\" style=\"flex-basis:33.33%\">\n<figure class=\"wp-block-image size-full ad--image--main\"><img decoding=\"async\" width=\"2500\" height=\"1700\" data-src=\"https:\/\/uusyrityskeskus.fi\/wp-content\/uploads\/2025\/09\/Yrittajakassa-Kuvituskuva-Uusyrityskeskus.jpg\" alt=\"\" class=\"wp-image-14172 lazyload\" data-srcset=\"https:\/\/uusyrityskeskus.fi\/wp-content\/uploads\/2025\/09\/Yrittajakassa-Kuvituskuva-Uusyrityskeskus.jpg 2500w, https:\/\/uusyrityskeskus.fi\/wp-content\/uploads\/2025\/09\/Yrittajakassa-Kuvituskuva-Uusyrityskeskus-300x204.jpg 300w, https:\/\/uusyrityskeskus.fi\/wp-content\/uploads\/2025\/09\/Yrittajakassa-Kuvituskuva-Uusyrityskeskus-1024x696.jpg 1024w, https:\/\/uusyrityskeskus.fi\/wp-content\/uploads\/2025\/09\/Yrittajakassa-Kuvituskuva-Uusyrityskeskus-768x522.jpg 768w, https:\/\/uusyrityskeskus.fi\/wp-content\/uploads\/2025\/09\/Yrittajakassa-Kuvituskuva-Uusyrityskeskus-1536x1044.jpg 1536w, https:\/\/uusyrityskeskus.fi\/wp-content\/uploads\/2025\/09\/Yrittajakassa-Kuvituskuva-Uusyrityskeskus-2048x1393.jpg 2048w\" data-sizes=\"(max-width: 2500px) 100vw, 2500px\" src=\"data:image\/svg+xml;base64,PHN2ZyB3aWR0aD0iMSIgaGVpZ2h0PSIxIiB4bWxucz0iaHR0cDovL3d3dy53My5vcmcvMjAwMC9zdmciPjwvc3ZnPg==\" style=\"--smush-placeholder-width: 2500px; --smush-placeholder-aspect-ratio: 2500\/1700;\" \/><\/figure>\n\n\n\n<p class=\"web--link\"><a href=\"https:\/\/uusyrityskeskus.fi\/sv\/\">www.uusyrityskeskus.fi<\/a><\/p>\n<\/div>\n\n\n\n<div class=\"wp-block-column is-layout-flow wp-block-column-is-layout-flow\" style=\"flex-basis:66.66%\">\n<figure class=\"wp-block-image size-full ad--logo--image\"><img decoding=\"async\" data-src=\"https:\/\/uusyrityskeskus.fi\/wp-content\/uploads\/2025\/09\/uusyrityskeskus_logo.svg\" alt=\"\" class=\"wp-image-14290 lazyload\" src=\"data:image\/svg+xml;base64,PHN2ZyB3aWR0aD0iMSIgaGVpZ2h0PSIxIiB4bWxucz0iaHR0cDovL3d3dy53My5vcmcvMjAwMC9zdmciPjwvc3ZnPg==\" \/><\/figure>\n\n\n\n<h2 class=\"wp-block-heading\">Helppo tapa tukea yritt\u00e4jyytt\u00e4.<\/h2>\n\n\n\n<p>Tarjoamme mainostilaa digitaalisessa ja fyysisess\u00e4 perustamisoppaassa monipuolisesti. Mainos- ja media -asioissa ole yhteydess\u00e4 vastuuhenkil\u00f6\u00f6mme: <a href=\"mailto:nita.vallimaki@uusyrityskeskus.fi\">nita.vallimaki@uusyrityskeskus.fi<\/a>.<\/p>\n\n\n\n<div class=\"wp-block-buttons is-layout-flex wp-block-buttons-is-layout-flex\">\n<div class=\"wp-block-button\"><a class=\"wp-block-button__link wp-element-button\" href=\"\/wp-content\/uploads\/2025\/10\/Mediakortti-2026-Nettisivut.pdf\" target=\"_blank\" rel=\"noreferrer noopener\">Katso mediakortti \u2192<\/a><\/div>\n<\/div>\n<\/div>\n<\/div>\n<\/div>\n<\/div>\n\n\n\n<div class=\"wp-block-group sub--page--group\"><div class=\"wp-block-group__inner-container is-layout-constrained wp-block-group-is-layout-constrained\">\n<h4 class=\"wp-block-heading\">Beakta f\u00f6ljande i detta skede:<\/h4>\n\n\n\n<ul>\n<li><strong>Utveckla f\u00f6retagsverksamheten systematiskt<\/strong> \u00e4ven om du inte str\u00e4var efter tillv\u00e4xt<\/li>\n<li><strong>Identifiera m\u00f6jligheter och hot \u2013<\/strong> f\u00f6lj marknaden och kundernas behov<\/li>\n<li><strong>St\u00e4rk ansvarsfullheten och kundf\u00f6rst\u00e5elsen<\/strong><\/li>\n<li><strong>Ta hand om ekonomif\u00f6rvaltningen \u00e4ven under utvecklingen<\/strong><\/li>\n<li><strong>F\u00f6rbered dig i tid p\u00e5 f\u00f6r\u00e4ndringar i f\u00f6retagsverksamheten:<\/strong> f\u00f6rs\u00e4ljning, generationsv\u00e4xling eller nedl\u00e4ggning<\/li>\n<li><strong>S\u00f6k st\u00f6d och sparring \u2013<\/strong> du \u00e4r inte ensam!<\/li>\n<\/ul>\n<\/div><\/div>\n\n\n\n<h3 class=\"wp-block-heading\">L\u00c4S MER OM DESSA \u00c4MNEN<\/h3>\n\n\n\n<div class=\"wp-block-columns is-layout-flex wp-container-core-columns-is-layout-9d6595d7 wp-block-columns-is-layout-flex\">\n<div class=\"wp-block-column custom--col--3 is-layout-flow wp-block-column-is-layout-flow\">\n<h4 class=\"wp-block-heading\">S\u00f6k st\u00f6d f\u00f6r f\u00f6retagets utveckling<\/h4>\n\n\n\n<p>F\u00f6r ditt f\u00f6retags tillv\u00e4xt finns det r\u00e5dgivning och finansiering tillg\u00e4nglig fr\u00e5n olika h\u00e5ll. R\u00e4tt typ av st\u00f6d kan p\u00e5skynda utvecklingen avsev\u00e4rt.<\/p>\n\n\n\n<p><a href=\"https:\/\/uusyrityskeskus.fi\/sv\/digital-startguide\/kontinuerlig-utveckling-av-foretaget\/sok-stod-for-foretagets-utveckling\/\"><\/a><a href=\"https:\/\/uusyrityskeskus.fi\/sv\/digital-startguide\/kontinuerlig-utveckling-av-foretaget\/sok-stod-for-foretagets-utveckling\/\">L\u00e4s mer \u2192<\/a><\/p>\n<\/div>\n\n\n\n<div class=\"wp-block-column custom--col--3 is-layout-flow wp-block-column-is-layout-flow\">\n<h4 class=\"wp-block-heading\">Tillv\u00e4xt genom f\u00f6retagsf\u00f6rv\u00e4rv<\/h4>\n\n\n\n<p>Att k\u00f6pa ett f\u00f6retag eller en del av aff\u00e4rsverksamheten kan p\u00e5skynda tillv\u00e4xten. Planera alltid noggrant och utnyttja experter.<\/p>\n\n\n\n<p><a href=\"https:\/\/uusyrityskeskus.fi\/sv\/digital-startguide\/kontinuerlig-utveckling-av-foretaget\/tillvaxt-genom-foretagsforvarv\/\"><\/a><a href=\"https:\/\/uusyrityskeskus.fi\/sv\/digital-startguide\/kontinuerlig-utveckling-av-foretaget\/tillvaxt-genom-foretagsforvarv\/\">L\u00e4s mer \u2192<\/a><\/p>\n<\/div>\n<\/div>\n\n\n\n<div class=\"wp-block-columns is-layout-flex wp-container-core-columns-is-layout-9d6595d7 wp-block-columns-is-layout-flex\">\n<div class=\"wp-block-column custom--col--3 is-layout-flow wp-block-column-is-layout-flow\">\n<h4 class=\"wp-block-heading\">Planera f\u00f6retagsverksamhetens kontinuitet<\/h4>\n\n\n\n<p>\u00c4ven f\u00f6r en f\u00f6retagare kan det komma ett \u00f6gonblick att \u00f6verg\u00e5 till nya uppgifter. \u00c4garbyte l\u00f6nar sig att planera i god tid.<\/p>\n\n\n\n<p><a href=\"https:\/\/uusyrityskeskus.fi\/sv\/digital-startguide\/kontinuerlig-utveckling-av-foretaget\/planera-foretagsverksamhetens-kontinuitet\/\"><\/a><a href=\"https:\/\/uusyrityskeskus.fi\/sv\/digital-startguide\/kontinuerlig-utveckling-av-foretaget\/planera-foretagsverksamhetens-kontinuitet\/\">L\u00e4s mer \u2192<\/a><\/p>\n<\/div>\n\n\n\n<div class=\"wp-block-column custom--col--3 is-layout-flow wp-block-column-is-layout-flow\">\n<h4 class=\"wp-block-heading\">Utnyttja n\u00e4tverk \u2013 g\u00e5 fram\u00e5t tillsammans<\/h4>\n\n\n\n<p>Bra n\u00e4tverk erbjuder kunskap, st\u00f6d och nya m\u00f6jligheter. Ingen klarar sig ensam, inte ens som f\u00f6retagare.<\/p>\n\n\n\n<p><a href=\"https:\/\/uusyrityskeskus.fi\/sv\/digital-startguide\/kontinuerlig-utveckling-av-foretaget\/utnyttja-natverk\/\"><\/a><a href=\"https:\/\/uusyrityskeskus.fi\/sv\/digital-startguide\/kontinuerlig-utveckling-av-foretaget\/utnyttja-natverk\/\">L\u00e4s mer \u2192<\/a><\/p>\n<\/div>\n<\/div>\n\n\n\n<div class=\"wp-block-columns content--row page--turn--buttons is-layout-flex wp-container-core-columns-is-layout-9d6595d7 wp-block-columns-is-layout-flex\">\n<div class=\"wp-block-column is-layout-flow wp-block-column-is-layout-flow\">\n<div class=\"wp-block-buttons is-layout-flex wp-block-buttons-is-layout-flex\">\n<div class=\"wp-block-button\"><a class=\"wp-block-button__link wp-element-button\" href=\"https:\/\/uusyrityskeskus.fi\/sv\/digital-startguide\/foretagsverksamhet\/\">\u2190 3. F\u00f6retagets vardag och hantering av den<\/a><\/div>\n<\/div>\n<\/div>\n\n\n\n<div class=\"wp-block-column is-layout-flow wp-block-column-is-layout-flow\">\n<div class=\"wp-block-buttons d-none is-content-justification-right is-layout-flex wp-container-core-buttons-is-layout-765c4724 wp-block-buttons-is-layout-flex\">\n<div class=\"wp-block-button\"><a class=\"wp-block-button__link wp-element-button\" href=\"\/yrityksen-perustajalle\/digitaalinen-perustamisopas\/yrityksen-jatkuvuus\/\"><strong> \u2192<\/strong><\/a><\/div>\n<\/div>\n<\/div>\n<\/div>\n<\/div>\n\n\n\n<div class=\"wp-block-column custom--col--default is-layout-flow wp-block-column-is-layout-flow\" style=\"flex-basis:28%\">\n<div class=\"wp-block-group standard--group--with--shadow\"><div class=\"wp-block-group__inner-container is-layout-constrained wp-block-group-is-layout-constrained\">\n<h4 class=\"wp-block-heading\">Beh\u00f6ver du hj\u00e4lp?<\/h4>\n\n\n\n<div class=\"wp-block-buttons is-content-justification-center is-layout-flex wp-container-core-buttons-is-layout-16018d1d wp-block-buttons-is-layout-flex\">\n<div class=\"wp-block-button button--main\"><a class=\"wp-block-button__link wp-element-button\" href=\"https:\/\/uusyrityskeskus.fi\/sv\/nyforetagscentrumen\/\">Boka en konsultation<\/a><\/div>\n<\/div>\n\n\n\n<div class=\"wp-block-buttons is-content-justification-center is-layout-flex wp-container-core-buttons-is-layout-16018d1d wp-block-buttons-is-layout-flex\">\n<div class=\"wp-block-button mb--0 button--alt\"><a class=\"wp-block-button__link wp-element-button\" href=\"https:\/\/uusyrityskeskus.fi\/sv\/starta-eget-guiden\/\">Ladda ner PDF-guide<\/a><\/div>\n<\/div>\n<\/div><\/div>\n\n\n\n<div class=\"wp-block-group links--column\"><div class=\"wp-block-group__inner-container is-layout-constrained wp-block-group-is-layout-constrained\">\n<h4 class=\"wp-block-heading\">Digital startguide<\/h4>\n\n\n\n<div class=\"perustamisopas-nav\">\n<ol>\n<li>\n<a href=\"https:\/\/uusyrityskeskus.fi\/sv\/digital-startguide\/jag-som-foretagare\/\">Jag som f\u00f6retagare<\/a>\n<\/li>\n\n<li>\n<a href=\"https:\/\/uusyrityskeskus.fi\/sv\/digital-startguide\/affarsplanering\/\">F\u00f6retagande b\u00f6rjar med en id\u00e9<\/a>\n<\/li>\n\n<li>\n<a href=\"https:\/\/uusyrityskeskus.fi\/sv\/digital-startguide\/starta-foretag\/\">Steg f\u00f6r att grunda ett f\u00f6retag<\/a><\/li>\n\n<li>\n<a href=\"https:\/\/uusyrityskeskus.fi\/sv\/digital-startguide\/foretagsverksamhet\/\">F\u00f6retagets vardag och hantering av den<\/a>\n<\/li>\n\n<li>\n<a href=\"https:\/\/uusyrityskeskus.fi\/sv\/digital-startguide\/kontinuerlig-utveckling-av-foretaget\/\" class=\"active\">Kontinuerlig utveckling av f\u00f6retaget<\/a><\/li>\n<\/ol>\n<\/div>\n<\/div><\/div>\n<\/div>\n<\/div>\n<\/div>\n<\/div>\n","protected":false},"excerpt":{"rendered":"Dina framsteg i startguiden Steg 5\/5: Kontinuerlig utveckling av f\u00f6retaget F\u00f6retagsverksamheten \u00e4r aldrig f\u00e4rdig \u2013 den utvecklas tillsammans med f\u00f6retagaren, kunderna och verksamhetsmilj\u00f6n. Kontinuerlig utveckling av f\u00f6retaget kan inneb\u00e4ra att [&hellip;]","protected":false},"author":1,"featured_media":0,"parent":15678,"menu_order":0,"comment_status":"closed","ping_status":"closed","template":"","meta":{"iawp_total_views":29,"footnotes":""},"class_list":["post-15711","page","type-page","status-publish","hentry"],"yoast_head":"<!-- This site is optimized with the Yoast SEO plugin v26.8 - https:\/\/yoast.com\/product\/yoast-seo-wordpress\/ -->\n<title>Kontinuerlig utveckling av f\u00f6retaget - Uusyrityskeskus<\/title>\n<meta name=\"robots\" content=\"index, follow, max-snippet:-1, max-image-preview:large, max-video-preview:-1\" \/>\n<link rel=\"canonical\" href=\"https:\/\/uusyrityskeskus.fi\/sv\/digital-startguide\/kontinuerlig-utveckling-av-foretaget\/\" \/>\n<meta property=\"og:locale\" content=\"sv_SE\" \/>\n<meta property=\"og:type\" content=\"article\" \/>\n<meta property=\"og:title\" content=\"Kontinuerlig utveckling av f\u00f6retaget - Uusyrityskeskus\" \/>\n<meta property=\"og:description\" content=\"Dina framsteg i startguiden Steg 5\/5: Kontinuerlig utveckling av f\u00f6retaget F\u00f6retagsverksamheten \u00e4r aldrig f\u00e4rdig \u2013 den utvecklas tillsammans med f\u00f6retagaren, kunderna och verksamhetsmilj\u00f6n. Kontinuerlig utveckling av f\u00f6retaget kan inneb\u00e4ra att [&hellip;]\" \/>\n<meta property=\"og:url\" content=\"https:\/\/uusyrityskeskus.fi\/sv\/digital-startguide\/kontinuerlig-utveckling-av-foretaget\/\" \/>\n<meta property=\"og:site_name\" content=\"Uusyrityskeskus\" \/>\n<meta property=\"article:modified_time\" content=\"2025-11-06T10:45:52+00:00\" \/>\n<meta property=\"og:image\" content=\"https:\/\/uusyrityskeskus.fi\/wp-content\/uploads\/2025\/09\/Yrittajakassa-Kuvituskuva-Uusyrityskeskus.jpg\" \/>\n\t<meta property=\"og:image:width\" content=\"2500\" \/>\n\t<meta property=\"og:image:height\" content=\"1700\" \/>\n\t<meta property=\"og:image:type\" content=\"image\/jpeg\" \/>\n<meta name=\"twitter:card\" content=\"summary_large_image\" \/>\n<script type=\"application\/ld+json\" class=\"yoast-schema-graph\">{\"@context\":\"https:\/\/schema.org\",\"@graph\":[{\"@type\":\"WebPage\",\"@id\":\"https:\/\/uusyrityskeskus.fi\/sv\/digital-startguide\/kontinuerlig-utveckling-av-foretaget\/\",\"url\":\"https:\/\/uusyrityskeskus.fi\/sv\/digital-startguide\/kontinuerlig-utveckling-av-foretaget\/\",\"name\":\"Kontinuerlig utveckling av f\u00f6retaget - Uusyrityskeskus\",\"isPartOf\":{\"@id\":\"https:\/\/uusyrityskeskus.fi\/sv\/#website\"},\"primaryImageOfPage\":{\"@id\":\"https:\/\/uusyrityskeskus.fi\/sv\/digital-startguide\/kontinuerlig-utveckling-av-foretaget\/#primaryimage\"},\"image\":{\"@id\":\"https:\/\/uusyrityskeskus.fi\/sv\/digital-startguide\/kontinuerlig-utveckling-av-foretaget\/#primaryimage\"},\"thumbnailUrl\":\"https:\/\/uusyrityskeskus.fi\/wp-content\/uploads\/2025\/09\/Yrittajakassa-Kuvituskuva-Uusyrityskeskus.jpg\",\"datePublished\":\"2025-09-02T08:38:38+00:00\",\"dateModified\":\"2025-11-06T10:45:52+00:00\",\"breadcrumb\":{\"@id\":\"https:\/\/uusyrityskeskus.fi\/sv\/digital-startguide\/kontinuerlig-utveckling-av-foretaget\/#breadcrumb\"},\"inLanguage\":\"sv-SE\",\"potentialAction\":[{\"@type\":\"ReadAction\",\"target\":[\"https:\/\/uusyrityskeskus.fi\/sv\/digital-startguide\/kontinuerlig-utveckling-av-foretaget\/\"]}]},{\"@type\":\"ImageObject\",\"inLanguage\":\"sv-SE\",\"@id\":\"https:\/\/uusyrityskeskus.fi\/sv\/digital-startguide\/kontinuerlig-utveckling-av-foretaget\/#primaryimage\",\"url\":\"https:\/\/uusyrityskeskus.fi\/wp-content\/uploads\/2025\/09\/Yrittajakassa-Kuvituskuva-Uusyrityskeskus.jpg\",\"contentUrl\":\"https:\/\/uusyrityskeskus.fi\/wp-content\/uploads\/2025\/09\/Yrittajakassa-Kuvituskuva-Uusyrityskeskus.jpg\"},{\"@type\":\"BreadcrumbList\",\"@id\":\"https:\/\/uusyrityskeskus.fi\/sv\/digital-startguide\/kontinuerlig-utveckling-av-foretaget\/#breadcrumb\",\"itemListElement\":[{\"@type\":\"ListItem\",\"position\":1,\"name\":\"Etusivu\",\"item\":\"https:\/\/uusyrityskeskus.fi\/sv\/\"},{\"@type\":\"ListItem\",\"position\":2,\"name\":\"Digital startguide\",\"item\":\"https:\/\/uusyrityskeskus.fi\/sv\/digital-startguide\/\"},{\"@type\":\"ListItem\",\"position\":3,\"name\":\"Kontinuerlig utveckling av f\u00f6retaget\"}]},{\"@type\":\"WebSite\",\"@id\":\"https:\/\/uusyrityskeskus.fi\/sv\/#website\",\"url\":\"https:\/\/uusyrityskeskus.fi\/sv\/\",\"name\":\"Uusyrityskeskus\",\"description\":\"Yritt\u00e4jyyden unelmista onnistumisia.\",\"potentialAction\":[{\"@type\":\"SearchAction\",\"target\":{\"@type\":\"EntryPoint\",\"urlTemplate\":\"https:\/\/uusyrityskeskus.fi\/sv\/?s={search_term_string}\"},\"query-input\":{\"@type\":\"PropertyValueSpecification\",\"valueRequired\":true,\"valueName\":\"search_term_string\"}}],\"inLanguage\":\"sv-SE\"}]}<\/script>\n<!-- \/ Yoast SEO plugin. -->","yoast_head_json":{"title":"Kontinuerlig utveckling av f\u00f6retaget - Uusyrityskeskus","robots":{"index":"index","follow":"follow","max-snippet":"max-snippet:-1","max-image-preview":"max-image-preview:large","max-video-preview":"max-video-preview:-1"},"canonical":"https:\/\/uusyrityskeskus.fi\/sv\/digital-startguide\/kontinuerlig-utveckling-av-foretaget\/","og_locale":"sv_SE","og_type":"article","og_title":"Kontinuerlig utveckling av f\u00f6retaget - Uusyrityskeskus","og_description":"Dina framsteg i startguiden Steg 5\/5: Kontinuerlig utveckling av f\u00f6retaget F\u00f6retagsverksamheten \u00e4r aldrig f\u00e4rdig \u2013 den utvecklas tillsammans med f\u00f6retagaren, kunderna och verksamhetsmilj\u00f6n. Kontinuerlig utveckling av f\u00f6retaget kan inneb\u00e4ra att [&hellip;]","og_url":"https:\/\/uusyrityskeskus.fi\/sv\/digital-startguide\/kontinuerlig-utveckling-av-foretaget\/","og_site_name":"Uusyrityskeskus","article_modified_time":"2025-11-06T10:45:52+00:00","og_image":[{"width":2500,"height":1700,"url":"https:\/\/uusyrityskeskus.fi\/wp-content\/uploads\/2025\/09\/Yrittajakassa-Kuvituskuva-Uusyrityskeskus.jpg","type":"image\/jpeg"}],"twitter_card":"summary_large_image","schema":{"@context":"https:\/\/schema.org","@graph":[{"@type":"WebPage","@id":"https:\/\/uusyrityskeskus.fi\/sv\/digital-startguide\/kontinuerlig-utveckling-av-foretaget\/","url":"https:\/\/uusyrityskeskus.fi\/sv\/digital-startguide\/kontinuerlig-utveckling-av-foretaget\/","name":"Kontinuerlig utveckling av f\u00f6retaget - Uusyrityskeskus","isPartOf":{"@id":"https:\/\/uusyrityskeskus.fi\/sv\/#website"},"primaryImageOfPage":{"@id":"https:\/\/uusyrityskeskus.fi\/sv\/digital-startguide\/kontinuerlig-utveckling-av-foretaget\/#primaryimage"},"image":{"@id":"https:\/\/uusyrityskeskus.fi\/sv\/digital-startguide\/kontinuerlig-utveckling-av-foretaget\/#primaryimage"},"thumbnailUrl":"https:\/\/uusyrityskeskus.fi\/wp-content\/uploads\/2025\/09\/Yrittajakassa-Kuvituskuva-Uusyrityskeskus.jpg","datePublished":"2025-09-02T08:38:38+00:00","dateModified":"2025-11-06T10:45:52+00:00","breadcrumb":{"@id":"https:\/\/uusyrityskeskus.fi\/sv\/digital-startguide\/kontinuerlig-utveckling-av-foretaget\/#breadcrumb"},"inLanguage":"sv-SE","potentialAction":[{"@type":"ReadAction","target":["https:\/\/uusyrityskeskus.fi\/sv\/digital-startguide\/kontinuerlig-utveckling-av-foretaget\/"]}]},{"@type":"ImageObject","inLanguage":"sv-SE","@id":"https:\/\/uusyrityskeskus.fi\/sv\/digital-startguide\/kontinuerlig-utveckling-av-foretaget\/#primaryimage","url":"https:\/\/uusyrityskeskus.fi\/wp-content\/uploads\/2025\/09\/Yrittajakassa-Kuvituskuva-Uusyrityskeskus.jpg","contentUrl":"https:\/\/uusyrityskeskus.fi\/wp-content\/uploads\/2025\/09\/Yrittajakassa-Kuvituskuva-Uusyrityskeskus.jpg"},{"@type":"BreadcrumbList","@id":"https:\/\/uusyrityskeskus.fi\/sv\/digital-startguide\/kontinuerlig-utveckling-av-foretaget\/#breadcrumb","itemListElement":[{"@type":"ListItem","position":1,"name":"Etusivu","item":"https:\/\/uusyrityskeskus.fi\/sv\/"},{"@type":"ListItem","position":2,"name":"Digital startguide","item":"https:\/\/uusyrityskeskus.fi\/sv\/digital-startguide\/"},{"@type":"ListItem","position":3,"name":"Kontinuerlig utveckling av f\u00f6retaget"}]},{"@type":"WebSite","@id":"https:\/\/uusyrityskeskus.fi\/sv\/#website","url":"https:\/\/uusyrityskeskus.fi\/sv\/","name":"Uusyrityskeskus","description":"Yritt\u00e4jyyden unelmista onnistumisia.","potentialAction":[{"@type":"SearchAction","target":{"@type":"EntryPoint","urlTemplate":"https:\/\/uusyrityskeskus.fi\/sv\/?s={search_term_string}"},"query-input":{"@type":"PropertyValueSpecification","valueRequired":true,"valueName":"search_term_string"}}],"inLanguage":"sv-SE"}]}},"_links":{"self":[{"href":"https:\/\/uusyrityskeskus.fi\/sv\/wp-json\/wp\/v2\/pages\/15711","targetHints":{"allow":["GET"]}}],"collection":[{"href":"https:\/\/uusyrityskeskus.fi\/sv\/wp-json\/wp\/v2\/pages"}],"about":[{"href":"https:\/\/uusyrityskeskus.fi\/sv\/wp-json\/wp\/v2\/types\/page"}],"author":[{"embeddable":true,"href":"https:\/\/uusyrityskeskus.fi\/sv\/wp-json\/wp\/v2\/users\/1"}],"replies":[{"embeddable":true,"href":"https:\/\/uusyrityskeskus.fi\/sv\/wp-json\/wp\/v2\/comments?post=15711"}],"version-history":[{"count":5,"href":"https:\/\/uusyrityskeskus.fi\/sv\/wp-json\/wp\/v2\/pages\/15711\/revisions"}],"predecessor-version":[{"id":16866,"href":"https:\/\/uusyrityskeskus.fi\/sv\/wp-json\/wp\/v2\/pages\/15711\/revisions\/16866"}],"up":[{"embeddable":true,"href":"https:\/\/uusyrityskeskus.fi\/sv\/wp-json\/wp\/v2\/pages\/15678"}],"wp:attachment":[{"href":"https:\/\/uusyrityskeskus.fi\/sv\/wp-json\/wp\/v2\/media?parent=15711"}],"curies":[{"name":"wp","href":"https:\/\/api.w.org\/{rel}","templated":true}]}}