{"id":15705,"date":"2025-09-02T11:32:02","date_gmt":"2025-09-02T08:32:02","guid":{"rendered":"https:\/\/uusyrityskeskus.fi\/digital-startguide\/yrityksen-toiminta\/"},"modified":"2025-11-06T12:44:06","modified_gmt":"2025-11-06T10:44:06","slug":"foretagsverksamhet","status":"publish","type":"page","link":"https:\/\/uusyrityskeskus.fi\/sv\/digital-startguide\/foretagsverksamhet\/","title":{"rendered":"F\u00f6retagets vardag och hantering av den"},"content":{"rendered":"\n<div class=\"wp-block-tovaristrap-ts-container ts-container header--section\">\n<div class=\"ts-div header--row\">\n<h1 class=\"wp-block-heading\">F\u00f6retagets vardag och hantering av den<\/h1>\n<\/div>\n<\/div>\n\n\n\n<div class=\"wp-block-tovaristrap-ts-container ts-container base--section pt-0 pb-0 border-bottom\">\n<div class=\"ts-div content--row\"><div class=\"yoast-breadcrumbs\"><span><span><a href=\"https:\/\/uusyrityskeskus.fi\/sv\/\">Etusivu<\/a><\/span> \u00bb <span><a href=\"https:\/\/uusyrityskeskus.fi\/sv\/digital-startguide\/\">Digital startguide<\/a><\/span> \u00bb <span class=\"breadcrumb_last\" aria-current=\"page\">F\u00f6retagets vardag och hantering av den<\/span><\/span><\/div><\/div>\n<\/div>\n\n\n\n<div class=\"wp-block-columns content--section with--default--padding is-layout-flex wp-container-core-columns-is-layout-9d6595d7 wp-block-columns-is-layout-flex\">\n<div class=\"wp-block-column content--div is-layout-flow wp-block-column-is-layout-flow\">\n<div class=\"wp-block-columns content--row is-layout-flex wp-container-core-columns-is-layout-9d6595d7 wp-block-columns-is-layout-flex\">\n<div class=\"wp-block-column custom--col--default sub--page--left--col is-layout-flow wp-block-column-is-layout-flow\" style=\"flex-basis:72%\">\n<div class=\"progress-container\">\n  <div class=\"progress-label\">Dina framsteg i startguiden<\/div>\n  <div class=\"progress-bar\">\n    <div class=\"progress-fill\" style=\"width: 80%;\"><\/div>\n  <\/div>\n  <div class=\"progress-text\">Steg 4\/5: F\u00f6retagets vardag och hantering av den<\/div>\n<\/div>\n\n\n\n<p>N\u00e4r f\u00f6retagsverksamheten kommit ig\u00e5ng fylls vardagen av kunder, fakturering, ansvar och kontinuerligt l\u00e4rande. F\u00f6retagets framg\u00e5ng skapas inte enbart av en bra id\u00e9, utan av hur de dagliga funktionerna sk\u00f6ts \u2013 systematiskt, ansvarsfullt och kundorienterat. Vare sig det \u00e4r fr\u00e5ga om marknadsf\u00f6ring, priss\u00e4ttning, bokf\u00f6ring eller beskattning \u00e4r det viktigt att f\u00f6retagaren f\u00f6rst\u00e5r de grundl\u00e4ggande sakerna och s\u00e4kerst\u00e4ller att allting \u00e4r i skick.<\/p>\n\n\n\n<p>En v\u00e4lsk\u00f6tt ekonomi, smidig kundservice och f\u00f6rutseende ansvarshantering st\u00e4rker f\u00f6retagets trov\u00e4rdighet och konkurrenskraft. Samtidigt st\u00f6der de f\u00f6retagarens egen ork och m\u00f6jligg\u00f6r tillv\u00e4xt. I den h\u00e4r delen f\u00e5r du praktiska r\u00e5d om hur du bem\u00e4strar f\u00f6retagets olika delomr\u00e5den \u2013 oavsett om du \u00e4r ensamf\u00f6retagare, teamf\u00f6retagare eller ett f\u00f6retag som anst\u00e4ller de f\u00f6rsta arbetstagarna.<\/p>\n\n\n\n<div class=\"wp-block-columns content--section is-layout-flex wp-container-core-columns-is-layout-9d6595d7 wp-block-columns-is-layout-flex\">\n<div class=\"wp-block-column content--div is-layout-flow wp-block-column-is-layout-flow\">\n<div class=\"wp-block-columns content--row ad--row is-layout-flex wp-container-core-columns-is-layout-9d6595d7 wp-block-columns-is-layout-flex\">\n<div class=\"wp-block-column is-layout-flow wp-block-column-is-layout-flow\" style=\"flex-basis:33.33%\">\n<figure class=\"wp-block-image size-full ad--image--main\"><img decoding=\"async\" width=\"2500\" height=\"1700\" data-src=\"https:\/\/uusyrityskeskus.fi\/wp-content\/uploads\/2025\/09\/Yrittajakassa-Kuvituskuva-Uusyrityskeskus.jpg\" alt=\"\" class=\"wp-image-14172 lazyload\" data-srcset=\"https:\/\/uusyrityskeskus.fi\/wp-content\/uploads\/2025\/09\/Yrittajakassa-Kuvituskuva-Uusyrityskeskus.jpg 2500w, https:\/\/uusyrityskeskus.fi\/wp-content\/uploads\/2025\/09\/Yrittajakassa-Kuvituskuva-Uusyrityskeskus-300x204.jpg 300w, https:\/\/uusyrityskeskus.fi\/wp-content\/uploads\/2025\/09\/Yrittajakassa-Kuvituskuva-Uusyrityskeskus-1024x696.jpg 1024w, https:\/\/uusyrityskeskus.fi\/wp-content\/uploads\/2025\/09\/Yrittajakassa-Kuvituskuva-Uusyrityskeskus-768x522.jpg 768w, https:\/\/uusyrityskeskus.fi\/wp-content\/uploads\/2025\/09\/Yrittajakassa-Kuvituskuva-Uusyrityskeskus-1536x1044.jpg 1536w, https:\/\/uusyrityskeskus.fi\/wp-content\/uploads\/2025\/09\/Yrittajakassa-Kuvituskuva-Uusyrityskeskus-2048x1393.jpg 2048w\" data-sizes=\"(max-width: 2500px) 100vw, 2500px\" src=\"data:image\/svg+xml;base64,PHN2ZyB3aWR0aD0iMSIgaGVpZ2h0PSIxIiB4bWxucz0iaHR0cDovL3d3dy53My5vcmcvMjAwMC9zdmciPjwvc3ZnPg==\" style=\"--smush-placeholder-width: 2500px; --smush-placeholder-aspect-ratio: 2500\/1700;\" \/><\/figure>\n\n\n\n<p class=\"web--link\"><a href=\"https:\/\/uusyrityskeskus.fi\/sv\/\">www.uusyrityskeskus.fi<\/a><\/p>\n<\/div>\n\n\n\n<div class=\"wp-block-column is-layout-flow wp-block-column-is-layout-flow\" style=\"flex-basis:66.66%\">\n<figure class=\"wp-block-image size-full ad--logo--image\"><img decoding=\"async\" data-src=\"https:\/\/uusyrityskeskus.fi\/wp-content\/uploads\/2025\/09\/uusyrityskeskus_logo.svg\" alt=\"\" class=\"wp-image-14290 lazyload\" src=\"data:image\/svg+xml;base64,PHN2ZyB3aWR0aD0iMSIgaGVpZ2h0PSIxIiB4bWxucz0iaHR0cDovL3d3dy53My5vcmcvMjAwMC9zdmciPjwvc3ZnPg==\" \/><\/figure>\n\n\n\n<h2 class=\"wp-block-heading\">Helppo tapa tukea yritt\u00e4jyytt\u00e4.<\/h2>\n\n\n\n<p>Tarjoamme mainostilaa digitaalisessa ja fyysisess\u00e4 perustamisoppaassa monipuolisesti. Mainos- ja media -asioissa ole yhteydess\u00e4 vastuuhenkil\u00f6\u00f6mme: <a href=\"mailto:nita.vallimaki@uusyrityskeskus.fi\">nita.vallimaki@uusyrityskeskus.fi<\/a>.<\/p>\n\n\n\n<div class=\"wp-block-buttons is-layout-flex wp-block-buttons-is-layout-flex\">\n<div class=\"wp-block-button\"><a class=\"wp-block-button__link wp-element-button\" href=\"\/wp-content\/uploads\/2025\/10\/Mediakortti-2026-Nettisivut.pdf\" target=\"_blank\" rel=\"noreferrer noopener\">Katso mediakortti \u2192<\/a><\/div>\n<\/div>\n<\/div>\n<\/div>\n<\/div>\n<\/div>\n\n\n\n<div class=\"wp-block-group sub--page--group\"><div class=\"wp-block-group__inner-container is-layout-constrained wp-block-group-is-layout-constrained\">\n<h4 class=\"wp-block-heading\">Beakta f\u00f6ljande i detta skede:<\/h4>\n\n\n\n<ul>\n<li><strong>Se till att din marknadsf\u00f6ring tilltalar kunden \u2013<\/strong> det r\u00e4cker inte med en bra produkt eller tj\u00e4nst om kunderna inte hittar den.<\/li>\n<li><strong>H\u00e5ll ekonomin under kontroll \u2013<\/strong> uppf\u00f6ljning av kassafl\u00f6det, bokf\u00f6ring och skattefr\u00e5gor \u00e4r h\u00f6rnstenar i f\u00f6retagarens vardag.<\/li>\n<li><strong>Var medveten om ditt ansvar \u2013<\/strong> konsumentskydd, produkts\u00e4kerhet och dataskydd g\u00e4ller \u00e4ven sm\u00e5 f\u00f6retag.<\/li>\n<li><strong>F\u00f6rh\u00e5ll dig planm\u00e4ssigt till att anst\u00e4lla den f\u00f6rsta arbetstagaren \u2013<\/strong> att vara arbetsgivare medf\u00f6r skyldigheter.<\/li>\n<li><strong>Utnyttja m\u00f6jligheterna med artificiell intelligens och digitala verktyg \u2013<\/strong> de kan vara till hj\u00e4lp b\u00e5de i tidsanv\u00e4ndningen och i kundanskaffningen.<\/li>\n<\/ul>\n<\/div><\/div>\n\n\n\n<div class=\"wp-block-group sub--page--group info--box alt extra--margin\"><div class=\"wp-block-group__inner-container is-layout-constrained wp-block-group-is-layout-constrained\">\n<h4 class=\"wp-block-heading\">Vad h\u00e4nder om f\u00f6retaget inte \u00e4r l\u00f6nsamt?<\/h4>\n\n\n\n<p>F\u00f6retagsverksamheten framskrider inte alltid som planerat och sv\u00e5righeterna kan uppst\u00e5 pl\u00f6tsligt. D\u00e5 l\u00f6nar det sig inte att bli ensam. Om du m\u00e4rker att <strong>kassafl\u00f6det inte r\u00e4cker till eller inkomster inte uppst\u00e5r som v\u00e4ntat<\/strong> ska du i god tid kontakta sakkunniga \u2013 till exempel de avgiftsfria f\u00f6retagsr\u00e5dgivningstj\u00e4nsterna i din region, den riksomfattande Ekonomihj\u00e4lp-r\u00e5dgivningen och din egen bokf\u00f6ringsbyr\u00e5.<\/p>\n\n\n\n<p><strong>Kontrollerad nedl\u00e4ggning eller pauser i verksamheten \u00e4r ofta ett b\u00e4ttre alternativ \u00e4n en pl\u00f6tslig kris.<\/strong> Det kan finnas fungerande l\u00f6sningar f\u00f6r att \u00e4ndra riktning n\u00e4r man \u00e4r ute i tid.<\/p>\n<\/div><\/div>\n\n\n\n<h3 class=\"wp-block-heading\">F\u00f6retagsverksamhetens delomr\u00e5den<\/h3>\n\n\n\n<div class=\"wp-block-columns is-layout-flex wp-container-core-columns-is-layout-9d6595d7 wp-block-columns-is-layout-flex\">\n<div class=\"wp-block-column custom--col--3 is-layout-flow wp-block-column-is-layout-flow\">\n<h4 class=\"wp-block-heading\">Agera ansvarsfullt<\/h4>\n\n\n\n<p>En ansvarsfull f\u00f6retagare beaktar milj\u00f6ns, m\u00e4nniskornas och ekonomins p\u00e5verkan i sin verksamhet.<\/p>\n\n\n\n<p><a href=\"https:\/\/uusyrityskeskus.fi\/sv\/digital-startguide\/foretagsverksamhet\/agera-ansvarsfullt\/\"><\/a><a href=\"https:\/\/uusyrityskeskus.fi\/sv\/digital-startguide\/foretagsverksamhet\/agera-ansvarsfullt\/\">L\u00e4s mer \u2192<\/a><\/p>\n<\/div>\n\n\n\n<div class=\"wp-block-column custom--col--3 is-layout-flow wp-block-column-is-layout-flow\">\n<h4 class=\"wp-block-heading\">Marknadsf\u00f6r s\u00e5 att kunden blir intresserad<\/h4>\n\n\n\n<p>Kunder hittar inte ditt f\u00f6retag av en slump \u2013 marknadsf\u00f6ring g\u00f6r dig synlig och intressant.<\/p>\n\n\n\n<p><a href=\"https:\/\/uusyrityskeskus.fi\/sv\/digital-startguide\/foretagsverksamhet\/marknadsfor-sa-att-kunden-blir-intresserad\/\"><\/a><a href=\"https:\/\/uusyrityskeskus.fi\/sv\/digital-startguide\/foretagsverksamhet\/marknadsfor-sa-att-kunden-blir-intresserad\/\">L\u00e4s mer \u2192<\/a><\/p>\n<\/div>\n<\/div>\n\n\n\n<div class=\"wp-block-columns is-layout-flex wp-container-core-columns-is-layout-9d6595d7 wp-block-columns-is-layout-flex\">\n<div class=\"wp-block-column custom--col--3 is-layout-flow wp-block-column-is-layout-flow\">\n<h4 class=\"wp-block-heading\">H\u00e5ll f\u00f6retagets ekonomi under kontroll<\/h4>\n\n\n\n<p>F\u00f6lj pengarnas fl\u00f6de och fakturera i tid, s\u00e5 h\u00e5ller du dig b\u00e4ttre i koll. \u00c4ven bokf\u00f6ring och budget hj\u00e4lper till att h\u00e5lla tyglar om f\u00f6retaget.<\/p>\n\n\n\n<p><a href=\"https:\/\/uusyrityskeskus.fi\/sv\/digital-startguide\/foretagsverksamhet\/hall-foretagets-ekonomi-under-kontroll\/\"><\/a><a href=\"https:\/\/uusyrityskeskus.fi\/sv\/digital-startguide\/foretagsverksamhet\/hall-foretagets-ekonomi-under-kontroll\/\">L\u00e4s mer \u2192<\/a><\/p>\n<\/div>\n\n\n\n<div class=\"wp-block-column custom--col--3 is-layout-flow wp-block-column-is-layout-flow\">\n<h4 class=\"wp-block-heading\">K\u00e4nn till skatterna \u2013 som f\u00f6retagare b\u00e4r du ansvaret<\/h4>\n\n\n\n<p>F\u00f6retagaren m\u00e5ste sj\u00e4lv ta hand om skatterna \u2013 kontrollera \u00e5tminstone f\u00f6rskottsskatterna och moms-skyldigheten. I os\u00e4kra situationer kan du alltid be om r\u00e5d fr\u00e5n skattemyndigheten eller en expert.<\/p>\n\n\n\n<p><a href=\"https:\/\/uusyrityskeskus.fi\/sv\/digital-startguide\/foretagsverksamhet\/kann-till-skatterna\/\"><\/a><a href=\"https:\/\/uusyrityskeskus.fi\/sv\/digital-startguide\/foretagsverksamhet\/kann-till-skatterna\/\">L\u00e4s mer \u2192<\/a><\/p>\n<\/div>\n<\/div>\n\n\n\n<div class=\"wp-block-columns is-layout-flex wp-container-core-columns-is-layout-9d6595d7 wp-block-columns-is-layout-flex\">\n<div class=\"wp-block-column custom--col--3 is-layout-flow wp-block-column-is-layout-flow\">\n<h4 class=\"wp-block-heading\">Arbetsgivarens roll<\/h4>\n\n\n\n<p>Om du anst\u00e4ller en arbetstagare, kom ih\u00e5g arbetsavtalet, f\u00f6rs\u00e4kringarna och l\u00f6neutbetalningen. Arbetsgivaren har ocks\u00e5 andra lagstadgade skyldigheter \u2013 utreda dem f\u00f6re rekryteringen.<\/p>\n\n\n\n<p><a href=\"https:\/\/uusyrityskeskus.fi\/sv\/digital-startguide\/foretagsverksamhet\/arbetsgivarens-roll\/\"><\/a><a href=\"https:\/\/uusyrityskeskus.fi\/sv\/digital-startguide\/foretagsverksamhet\/arbetsgivarens-roll\/\">L\u00e4s mer \u2192<\/a><\/p>\n<\/div>\n\n\n\n<div class=\"wp-block-column is-layout-flow wp-block-column-is-layout-flow\"><\/div>\n<\/div>\n\n\n\n<div class=\"wp-block-columns content--row page--turn--buttons is-layout-flex wp-container-core-columns-is-layout-9d6595d7 wp-block-columns-is-layout-flex\">\n<div class=\"wp-block-column is-layout-flow wp-block-column-is-layout-flow\">\n<div class=\"wp-block-buttons is-layout-flex wp-block-buttons-is-layout-flex\">\n<div class=\"wp-block-button\"><a class=\"wp-block-button__link wp-element-button\" href=\"https:\/\/uusyrityskeskus.fi\/sv\/digital-startguide\/starta-foretag\/\">\u2190 2. Steg f\u00f6r att grunda ett f\u00f6retag<\/a><\/div>\n<\/div>\n<\/div>\n\n\n\n<div class=\"wp-block-column is-layout-flow wp-block-column-is-layout-flow\">\n<div class=\"wp-block-buttons is-content-justification-right is-layout-flex wp-container-core-buttons-is-layout-765c4724 wp-block-buttons-is-layout-flex\">\n<div class=\"wp-block-button\"><a class=\"wp-block-button__link wp-element-button\" href=\"https:\/\/uusyrityskeskus.fi\/sv\/digital-startguide\/kontinuerlig-utveckling-av-foretaget\/\">4.&nbsp;Kontinuerlig utveckling av f\u00f6retaget \u2192<\/a><\/div>\n<\/div>\n<\/div>\n<\/div>\n<\/div>\n\n\n\n<div class=\"wp-block-column custom--col--default is-layout-flow wp-block-column-is-layout-flow\" style=\"flex-basis:28%\">\n<div class=\"wp-block-group standard--group--with--shadow\"><div class=\"wp-block-group__inner-container is-layout-constrained wp-block-group-is-layout-constrained\">\n<h4 class=\"wp-block-heading\">Beh\u00f6ver du hj\u00e4lp?<\/h4>\n\n\n\n<div class=\"wp-block-buttons is-content-justification-center is-layout-flex wp-container-core-buttons-is-layout-16018d1d wp-block-buttons-is-layout-flex\">\n<div class=\"wp-block-button button--main\"><a class=\"wp-block-button__link wp-element-button\" href=\"https:\/\/uusyrityskeskus.fi\/sv\/nyforetagscentrumen\/\">Boka en konsultation<\/a><\/div>\n<\/div>\n\n\n\n<div class=\"wp-block-buttons is-content-justification-center is-layout-flex wp-container-core-buttons-is-layout-16018d1d wp-block-buttons-is-layout-flex\">\n<div class=\"wp-block-button mb--0 button--alt\"><a class=\"wp-block-button__link wp-element-button\" href=\"https:\/\/uusyrityskeskus.fi\/sv\/starta-eget-guiden\/\">Ladda ner PDF-guide<\/a><\/div>\n<\/div>\n<\/div><\/div>\n\n\n\n<div class=\"wp-block-group links--column\"><div class=\"wp-block-group__inner-container is-layout-constrained wp-block-group-is-layout-constrained\">\n<h4 class=\"wp-block-heading\">Digital startguide<\/h4>\n\n\n\n<div class=\"perustamisopas-nav\">\n<ol>\n<li>\n<a href=\"https:\/\/uusyrityskeskus.fi\/sv\/digital-startguide\/jag-som-foretagare\/\">Jag som f\u00f6retagare<\/a>\n<\/li>\n\n<li>\n<a href=\"https:\/\/uusyrityskeskus.fi\/sv\/digital-startguide\/affarsplanering\/\">F\u00f6retagande b\u00f6rjar med en id\u00e9<\/a>\n<\/li>\n\n<li>\n<a href=\"https:\/\/uusyrityskeskus.fi\/sv\/digital-startguide\/starta-foretag\/\">Steg f\u00f6r att grunda ett f\u00f6retag<\/a>\n<\/li>\n\n<li>\n<a href=\"https:\/\/uusyrityskeskus.fi\/sv\/digital-startguide\/foretagsverksamhet\/\" class=\"active\">F\u00f6retagets vardag och hantering av den<\/a>\n<\/li>\n\n<li>\n<a href=\"https:\/\/uusyrityskeskus.fi\/sv\/digital-startguide\/kontinuerlig-utveckling-av-foretaget\/\">Kontinuerlig utveckling av f\u00f6retaget<\/a>\n<\/li>\n<\/ol>\n<\/div>\n<\/div><\/div>\n<\/div>\n<\/div>\n<\/div>\n<\/div>\n","protected":false},"excerpt":{"rendered":"Dina framsteg i startguiden Steg 4\/5: F\u00f6retagets vardag och hantering av den N\u00e4r f\u00f6retagsverksamheten kommit ig\u00e5ng fylls vardagen av kunder, fakturering, ansvar och kontinuerligt l\u00e4rande. F\u00f6retagets framg\u00e5ng skapas inte enbart [&hellip;]","protected":false},"author":1,"featured_media":0,"parent":15678,"menu_order":0,"comment_status":"closed","ping_status":"closed","template":"","meta":{"iawp_total_views":35,"footnotes":""},"class_list":["post-15705","page","type-page","status-publish","hentry"],"yoast_head":"<!-- This site is optimized with the Yoast SEO plugin v26.8 - https:\/\/yoast.com\/product\/yoast-seo-wordpress\/ -->\n<title>F\u00f6retagets vardag och hantering av den - Uusyrityskeskus<\/title>\n<meta name=\"robots\" content=\"index, follow, max-snippet:-1, max-image-preview:large, max-video-preview:-1\" \/>\n<link rel=\"canonical\" href=\"https:\/\/uusyrityskeskus.fi\/sv\/digital-startguide\/foretagsverksamhet\/\" \/>\n<meta property=\"og:locale\" content=\"sv_SE\" \/>\n<meta property=\"og:type\" content=\"article\" \/>\n<meta property=\"og:title\" content=\"F\u00f6retagets vardag och hantering av den - Uusyrityskeskus\" \/>\n<meta property=\"og:description\" content=\"Dina framsteg i startguiden Steg 4\/5: F\u00f6retagets vardag och hantering av den N\u00e4r f\u00f6retagsverksamheten kommit ig\u00e5ng fylls vardagen av kunder, fakturering, ansvar och kontinuerligt l\u00e4rande. F\u00f6retagets framg\u00e5ng skapas inte enbart [&hellip;]\" \/>\n<meta property=\"og:url\" content=\"https:\/\/uusyrityskeskus.fi\/sv\/digital-startguide\/foretagsverksamhet\/\" \/>\n<meta property=\"og:site_name\" content=\"Uusyrityskeskus\" \/>\n<meta property=\"article:modified_time\" content=\"2025-11-06T10:44:06+00:00\" \/>\n<meta property=\"og:image\" content=\"https:\/\/uusyrityskeskus.fi\/wp-content\/uploads\/2025\/09\/Yrittajakassa-Kuvituskuva-Uusyrityskeskus.jpg\" \/>\n\t<meta property=\"og:image:width\" content=\"2500\" \/>\n\t<meta property=\"og:image:height\" content=\"1700\" \/>\n\t<meta property=\"og:image:type\" content=\"image\/jpeg\" \/>\n<meta name=\"twitter:card\" content=\"summary_large_image\" \/>\n<meta name=\"twitter:label1\" content=\"Ber\u00e4knad l\u00e4stid\" \/>\n\t<meta name=\"twitter:data1\" content=\"4 minuter\" \/>\n<script type=\"application\/ld+json\" class=\"yoast-schema-graph\">{\"@context\":\"https:\/\/schema.org\",\"@graph\":[{\"@type\":\"WebPage\",\"@id\":\"https:\/\/uusyrityskeskus.fi\/sv\/digital-startguide\/foretagsverksamhet\/\",\"url\":\"https:\/\/uusyrityskeskus.fi\/sv\/digital-startguide\/foretagsverksamhet\/\",\"name\":\"F\u00f6retagets vardag och hantering av den - Uusyrityskeskus\",\"isPartOf\":{\"@id\":\"https:\/\/uusyrityskeskus.fi\/sv\/#website\"},\"primaryImageOfPage\":{\"@id\":\"https:\/\/uusyrityskeskus.fi\/sv\/digital-startguide\/foretagsverksamhet\/#primaryimage\"},\"image\":{\"@id\":\"https:\/\/uusyrityskeskus.fi\/sv\/digital-startguide\/foretagsverksamhet\/#primaryimage\"},\"thumbnailUrl\":\"https:\/\/uusyrityskeskus.fi\/wp-content\/uploads\/2025\/09\/Yrittajakassa-Kuvituskuva-Uusyrityskeskus.jpg\",\"datePublished\":\"2025-09-02T08:32:02+00:00\",\"dateModified\":\"2025-11-06T10:44:06+00:00\",\"breadcrumb\":{\"@id\":\"https:\/\/uusyrityskeskus.fi\/sv\/digital-startguide\/foretagsverksamhet\/#breadcrumb\"},\"inLanguage\":\"sv-SE\",\"potentialAction\":[{\"@type\":\"ReadAction\",\"target\":[\"https:\/\/uusyrityskeskus.fi\/sv\/digital-startguide\/foretagsverksamhet\/\"]}]},{\"@type\":\"ImageObject\",\"inLanguage\":\"sv-SE\",\"@id\":\"https:\/\/uusyrityskeskus.fi\/sv\/digital-startguide\/foretagsverksamhet\/#primaryimage\",\"url\":\"https:\/\/uusyrityskeskus.fi\/wp-content\/uploads\/2025\/09\/Yrittajakassa-Kuvituskuva-Uusyrityskeskus.jpg\",\"contentUrl\":\"https:\/\/uusyrityskeskus.fi\/wp-content\/uploads\/2025\/09\/Yrittajakassa-Kuvituskuva-Uusyrityskeskus.jpg\"},{\"@type\":\"BreadcrumbList\",\"@id\":\"https:\/\/uusyrityskeskus.fi\/sv\/digital-startguide\/foretagsverksamhet\/#breadcrumb\",\"itemListElement\":[{\"@type\":\"ListItem\",\"position\":1,\"name\":\"Etusivu\",\"item\":\"https:\/\/uusyrityskeskus.fi\/sv\/\"},{\"@type\":\"ListItem\",\"position\":2,\"name\":\"Digital startguide\",\"item\":\"https:\/\/uusyrityskeskus.fi\/sv\/digital-startguide\/\"},{\"@type\":\"ListItem\",\"position\":3,\"name\":\"F\u00f6retagets vardag och hantering av den\"}]},{\"@type\":\"WebSite\",\"@id\":\"https:\/\/uusyrityskeskus.fi\/sv\/#website\",\"url\":\"https:\/\/uusyrityskeskus.fi\/sv\/\",\"name\":\"Uusyrityskeskus\",\"description\":\"Yritt\u00e4jyyden unelmista onnistumisia.\",\"potentialAction\":[{\"@type\":\"SearchAction\",\"target\":{\"@type\":\"EntryPoint\",\"urlTemplate\":\"https:\/\/uusyrityskeskus.fi\/sv\/?s={search_term_string}\"},\"query-input\":{\"@type\":\"PropertyValueSpecification\",\"valueRequired\":true,\"valueName\":\"search_term_string\"}}],\"inLanguage\":\"sv-SE\"}]}<\/script>\n<!-- \/ Yoast SEO plugin. -->","yoast_head_json":{"title":"F\u00f6retagets vardag och hantering av den - Uusyrityskeskus","robots":{"index":"index","follow":"follow","max-snippet":"max-snippet:-1","max-image-preview":"max-image-preview:large","max-video-preview":"max-video-preview:-1"},"canonical":"https:\/\/uusyrityskeskus.fi\/sv\/digital-startguide\/foretagsverksamhet\/","og_locale":"sv_SE","og_type":"article","og_title":"F\u00f6retagets vardag och hantering av den - Uusyrityskeskus","og_description":"Dina framsteg i startguiden Steg 4\/5: F\u00f6retagets vardag och hantering av den N\u00e4r f\u00f6retagsverksamheten kommit ig\u00e5ng fylls vardagen av kunder, fakturering, ansvar och kontinuerligt l\u00e4rande. F\u00f6retagets framg\u00e5ng skapas inte enbart [&hellip;]","og_url":"https:\/\/uusyrityskeskus.fi\/sv\/digital-startguide\/foretagsverksamhet\/","og_site_name":"Uusyrityskeskus","article_modified_time":"2025-11-06T10:44:06+00:00","og_image":[{"width":2500,"height":1700,"url":"https:\/\/uusyrityskeskus.fi\/wp-content\/uploads\/2025\/09\/Yrittajakassa-Kuvituskuva-Uusyrityskeskus.jpg","type":"image\/jpeg"}],"twitter_card":"summary_large_image","twitter_misc":{"Ber\u00e4knad l\u00e4stid":"4 minuter"},"schema":{"@context":"https:\/\/schema.org","@graph":[{"@type":"WebPage","@id":"https:\/\/uusyrityskeskus.fi\/sv\/digital-startguide\/foretagsverksamhet\/","url":"https:\/\/uusyrityskeskus.fi\/sv\/digital-startguide\/foretagsverksamhet\/","name":"F\u00f6retagets vardag och hantering av den - Uusyrityskeskus","isPartOf":{"@id":"https:\/\/uusyrityskeskus.fi\/sv\/#website"},"primaryImageOfPage":{"@id":"https:\/\/uusyrityskeskus.fi\/sv\/digital-startguide\/foretagsverksamhet\/#primaryimage"},"image":{"@id":"https:\/\/uusyrityskeskus.fi\/sv\/digital-startguide\/foretagsverksamhet\/#primaryimage"},"thumbnailUrl":"https:\/\/uusyrityskeskus.fi\/wp-content\/uploads\/2025\/09\/Yrittajakassa-Kuvituskuva-Uusyrityskeskus.jpg","datePublished":"2025-09-02T08:32:02+00:00","dateModified":"2025-11-06T10:44:06+00:00","breadcrumb":{"@id":"https:\/\/uusyrityskeskus.fi\/sv\/digital-startguide\/foretagsverksamhet\/#breadcrumb"},"inLanguage":"sv-SE","potentialAction":[{"@type":"ReadAction","target":["https:\/\/uusyrityskeskus.fi\/sv\/digital-startguide\/foretagsverksamhet\/"]}]},{"@type":"ImageObject","inLanguage":"sv-SE","@id":"https:\/\/uusyrityskeskus.fi\/sv\/digital-startguide\/foretagsverksamhet\/#primaryimage","url":"https:\/\/uusyrityskeskus.fi\/wp-content\/uploads\/2025\/09\/Yrittajakassa-Kuvituskuva-Uusyrityskeskus.jpg","contentUrl":"https:\/\/uusyrityskeskus.fi\/wp-content\/uploads\/2025\/09\/Yrittajakassa-Kuvituskuva-Uusyrityskeskus.jpg"},{"@type":"BreadcrumbList","@id":"https:\/\/uusyrityskeskus.fi\/sv\/digital-startguide\/foretagsverksamhet\/#breadcrumb","itemListElement":[{"@type":"ListItem","position":1,"name":"Etusivu","item":"https:\/\/uusyrityskeskus.fi\/sv\/"},{"@type":"ListItem","position":2,"name":"Digital startguide","item":"https:\/\/uusyrityskeskus.fi\/sv\/digital-startguide\/"},{"@type":"ListItem","position":3,"name":"F\u00f6retagets vardag och hantering av den"}]},{"@type":"WebSite","@id":"https:\/\/uusyrityskeskus.fi\/sv\/#website","url":"https:\/\/uusyrityskeskus.fi\/sv\/","name":"Uusyrityskeskus","description":"Yritt\u00e4jyyden unelmista onnistumisia.","potentialAction":[{"@type":"SearchAction","target":{"@type":"EntryPoint","urlTemplate":"https:\/\/uusyrityskeskus.fi\/sv\/?s={search_term_string}"},"query-input":{"@type":"PropertyValueSpecification","valueRequired":true,"valueName":"search_term_string"}}],"inLanguage":"sv-SE"}]}},"_links":{"self":[{"href":"https:\/\/uusyrityskeskus.fi\/sv\/wp-json\/wp\/v2\/pages\/15705","targetHints":{"allow":["GET"]}}],"collection":[{"href":"https:\/\/uusyrityskeskus.fi\/sv\/wp-json\/wp\/v2\/pages"}],"about":[{"href":"https:\/\/uusyrityskeskus.fi\/sv\/wp-json\/wp\/v2\/types\/page"}],"author":[{"embeddable":true,"href":"https:\/\/uusyrityskeskus.fi\/sv\/wp-json\/wp\/v2\/users\/1"}],"replies":[{"embeddable":true,"href":"https:\/\/uusyrityskeskus.fi\/sv\/wp-json\/wp\/v2\/comments?post=15705"}],"version-history":[{"count":5,"href":"https:\/\/uusyrityskeskus.fi\/sv\/wp-json\/wp\/v2\/pages\/15705\/revisions"}],"predecessor-version":[{"id":16860,"href":"https:\/\/uusyrityskeskus.fi\/sv\/wp-json\/wp\/v2\/pages\/15705\/revisions\/16860"}],"up":[{"embeddable":true,"href":"https:\/\/uusyrityskeskus.fi\/sv\/wp-json\/wp\/v2\/pages\/15678"}],"wp:attachment":[{"href":"https:\/\/uusyrityskeskus.fi\/sv\/wp-json\/wp\/v2\/media?parent=15705"}],"curies":[{"name":"wp","href":"https:\/\/api.w.org\/{rel}","templated":true}]}}