{"id":15691,"date":"2025-09-02T11:12:31","date_gmt":"2025-09-02T08:12:31","guid":{"rendered":"https:\/\/uusyrityskeskus.fi\/digital-startguide\/yrityksen-suunnittelu\/"},"modified":"2025-11-06T12:29:33","modified_gmt":"2025-11-06T10:29:33","slug":"affarsplanering","status":"publish","type":"page","link":"https:\/\/uusyrityskeskus.fi\/sv\/digital-startguide\/affarsplanering\/","title":{"rendered":"F\u00f6retagande b\u00f6rjar med en id\u00e9"},"content":{"rendered":"\n<div class=\"wp-block-tovaristrap-ts-container ts-container header--section\">\n<div class=\"ts-div header--row\">\n<h1 class=\"wp-block-heading\">F\u00f6retagande b\u00f6rjar med en id\u00e9<\/h1>\n<\/div>\n<\/div>\n\n\n\n<div class=\"wp-block-tovaristrap-ts-container ts-container base--section pt-0 pb-0 border-bottom\">\n<div class=\"ts-div content--row\"><div class=\"yoast-breadcrumbs\"><span><span><a href=\"https:\/\/uusyrityskeskus.fi\/sv\/\">Etusivu<\/a><\/span> \u00bb <span><a href=\"https:\/\/uusyrityskeskus.fi\/sv\/digital-startguide\/\">Digital startguide<\/a><\/span> \u00bb <span class=\"breadcrumb_last\" aria-current=\"page\">F\u00f6retagande b\u00f6rjar med en id\u00e9<\/span><\/span><\/div><\/div>\n<\/div>\n\n\n\n<div class=\"wp-block-columns content--section with--default--padding is-layout-flex wp-container-core-columns-is-layout-9d6595d7 wp-block-columns-is-layout-flex\">\n<div class=\"wp-block-column content--div is-layout-flow wp-block-column-is-layout-flow\">\n<div class=\"wp-block-columns content--row is-layout-flex wp-container-core-columns-is-layout-9d6595d7 wp-block-columns-is-layout-flex\">\n<div class=\"wp-block-column custom--col--default sub--page--left--col is-layout-flow wp-block-column-is-layout-flow\" style=\"flex-basis:72%\">\n<div class=\"progress-container\">\n  <div class=\"progress-label\">Dina framsteg i startguiden<\/div>\n  <div class=\"progress-bar\">\n    <div class=\"progress-fill\" style=\"width: 40%;\"><\/div>\n  <\/div>\n  <div class=\"progress-text\">Steg 2\/5: F\u00f6retagande b\u00f6rjar med en id\u00e9<\/div>\n<\/div>\n\n\n\n<p>Intresset f\u00f6r f\u00f6retagande b\u00f6rjar med en insikt, men ett framg\u00e5ngsrikt f\u00f6retag bygger p\u00e5 en fungerande aff\u00e4rsid\u00e9. Aff\u00e4rsid\u00e9n beh\u00f6ver inte vara unik, men den ska vara genomf\u00f6rbar och svara mot ett verkligt behov. Aff\u00e4rsid\u00e9n ber\u00e4ttar vad du erbjuder, till vem, hur \u2013 och varf\u00f6r kunden borde v\u00e4lja just dig, din produkt eller din tj\u00e4nst.<\/p>\n\n\n\n<p>I planeringsskedet g\u00f6rs centrala val som p\u00e5verkar hela f\u00f6retagsverksamheten, s\u00e5som val av f\u00f6retagsform, priss\u00e4ttning, verksamhetss\u00e4tt och riskhantering. Omsorgsfull f\u00f6rberedelse hj\u00e4lper dig att identifiera dina egna styrkor och eventuella fallgropar i aff\u00e4rsid\u00e9n redan innan du grundar ditt f\u00f6retag. En aff\u00e4rsverksamhetsplan och realistiska ekonomiska ber\u00e4kningar st\u00f6der beslutsfattandet och \u00f6vertygar ocks\u00e5 finansi\u00e4rer.<\/p>\n\n\n\n<p>F\u00f6retagande kr\u00e4ver ocks\u00e5 ekonomisk och psykisk beredskap. Fundera p\u00e5 hur du ska g\u00e5 till v\u00e4ga om kassafl\u00f6det inte kommer ig\u00e5ng enligt planen. Fundera p\u00e5 vilka l\u00f6sningar du beh\u00f6ver i vardagen och hur du kan f\u00f6rbereda dig p\u00e5 risker \u2013 och vad du kanske beh\u00f6ver utomst\u00e5ende st\u00f6d f\u00f6r. En bra start kan avg\u00f6ra mycket.<\/p>\n\n\n\n<div class=\"wp-block-columns content--section is-layout-flex wp-container-core-columns-is-layout-9d6595d7 wp-block-columns-is-layout-flex\">\n<div class=\"wp-block-column content--div is-layout-flow wp-block-column-is-layout-flow\">\n<div class=\"wp-block-columns content--row ad--row is-layout-flex wp-container-core-columns-is-layout-9d6595d7 wp-block-columns-is-layout-flex\">\n<div class=\"wp-block-column is-layout-flow wp-block-column-is-layout-flow\" style=\"flex-basis:33.33%\">\n<figure class=\"wp-block-image size-full ad--image--main\"><img decoding=\"async\" width=\"2500\" height=\"1700\" data-src=\"https:\/\/uusyrityskeskus.fi\/wp-content\/uploads\/2025\/09\/Yrittajakassa-Kuvituskuva-Uusyrityskeskus.jpg\" alt=\"\" class=\"wp-image-14172 lazyload\" data-srcset=\"https:\/\/uusyrityskeskus.fi\/wp-content\/uploads\/2025\/09\/Yrittajakassa-Kuvituskuva-Uusyrityskeskus.jpg 2500w, https:\/\/uusyrityskeskus.fi\/wp-content\/uploads\/2025\/09\/Yrittajakassa-Kuvituskuva-Uusyrityskeskus-300x204.jpg 300w, https:\/\/uusyrityskeskus.fi\/wp-content\/uploads\/2025\/09\/Yrittajakassa-Kuvituskuva-Uusyrityskeskus-1024x696.jpg 1024w, https:\/\/uusyrityskeskus.fi\/wp-content\/uploads\/2025\/09\/Yrittajakassa-Kuvituskuva-Uusyrityskeskus-768x522.jpg 768w, https:\/\/uusyrityskeskus.fi\/wp-content\/uploads\/2025\/09\/Yrittajakassa-Kuvituskuva-Uusyrityskeskus-1536x1044.jpg 1536w, https:\/\/uusyrityskeskus.fi\/wp-content\/uploads\/2025\/09\/Yrittajakassa-Kuvituskuva-Uusyrityskeskus-2048x1393.jpg 2048w\" data-sizes=\"(max-width: 2500px) 100vw, 2500px\" src=\"data:image\/svg+xml;base64,PHN2ZyB3aWR0aD0iMSIgaGVpZ2h0PSIxIiB4bWxucz0iaHR0cDovL3d3dy53My5vcmcvMjAwMC9zdmciPjwvc3ZnPg==\" style=\"--smush-placeholder-width: 2500px; --smush-placeholder-aspect-ratio: 2500\/1700;\" \/><\/figure>\n\n\n\n<p class=\"web--link\"><a href=\"https:\/\/uusyrityskeskus.fi\/sv\/\">www.uusyrityskeskus.fi<\/a><\/p>\n<\/div>\n\n\n\n<div class=\"wp-block-column is-layout-flow wp-block-column-is-layout-flow\" style=\"flex-basis:66.66%\">\n<figure class=\"wp-block-image size-full ad--logo--image\"><img decoding=\"async\" data-src=\"https:\/\/uusyrityskeskus.fi\/wp-content\/uploads\/2025\/09\/uusyrityskeskus_logo.svg\" alt=\"\" class=\"wp-image-14290 lazyload\" src=\"data:image\/svg+xml;base64,PHN2ZyB3aWR0aD0iMSIgaGVpZ2h0PSIxIiB4bWxucz0iaHR0cDovL3d3dy53My5vcmcvMjAwMC9zdmciPjwvc3ZnPg==\" \/><\/figure>\n\n\n\n<h2 class=\"wp-block-heading\">Helppo tapa tukea yritt\u00e4jyytt\u00e4.<\/h2>\n\n\n\n<p>Tarjoamme mainostilaa digitaalisessa ja fyysisess\u00e4 perustamisoppaassa monipuolisesti. Mainos- ja media -asioissa ole yhteydess\u00e4 vastuuhenkil\u00f6\u00f6mme: <a href=\"mailto:nita.vallimaki@uusyrityskeskus.fi\">nita.vallimaki@uusyrityskeskus.fi<\/a>.<\/p>\n\n\n\n<div class=\"wp-block-buttons is-layout-flex wp-block-buttons-is-layout-flex\">\n<div class=\"wp-block-button\"><a class=\"wp-block-button__link wp-element-button\" href=\"\/wp-content\/uploads\/2025\/10\/Mediakortti-2026-Nettisivut.pdf\" target=\"_blank\" rel=\"noreferrer noopener\">Katso mediakortti \u2192<\/a><\/div>\n<\/div>\n<\/div>\n<\/div>\n<\/div>\n<\/div>\n\n\n\n<div class=\"wp-block-group sub--page--group\"><div class=\"wp-block-group__inner-container is-layout-constrained wp-block-group-is-layout-constrained\">\n<h4 class=\"wp-block-heading\">OBSERVERA\/FUNDERA I DETTA SKEDE<\/h4>\n\n\n\n<ul>\n<li>Hur motsvarar din aff\u00e4rsid\u00e9 kundernas behov \u2013 och hur st\u00e5r du ut bland dina konkurrenter?<\/li>\n<li>Till vem s\u00e4ljer du, till vilket pris och i vilka kanaler?<\/li>\n<li>Beh\u00f6ver du ans\u00f6ka om tillst\u00e5nd eller g\u00f6ra en anm\u00e4lan innan verksamheten inleds?<\/li>\n<li>Hurdana inkomster och utgifter kommer ditt f\u00f6retag att ha?<\/li>\n<li>Hur finansierar du investeringar och driftskapital i b\u00f6rjan av verksamheten?<\/li>\n<li>Vilka \u00e4r riskerna och hur f\u00f6rbereder du dig f\u00f6r dem?<\/li>\n<\/ul>\n<\/div><\/div>\n\n\n\n<div class=\"wp-block-group sub--page--group info--box alt\"><div class=\"wp-block-group__inner-container is-layout-constrained wp-block-group-is-layout-constrained\">\n<h4 class=\"wp-block-heading\">OBS: Se upp f\u00f6r f\u00f6retagsregisterbedr\u00e4gerier!<\/h4>\n\n\n\n<p>En ny f\u00f6retagare kan per e-post och i synnerhet per telefon f\u00e5 erbjudanden som g\u00e4ller avgiftsbelagda f\u00f6retagsregister, register eller tj\u00e4nster f\u00f6r synlighet p\u00e5 webben. Meddelandena kan se officiella ut, men det \u00e4r ofta fr\u00e5ga om vilseledande marknadsf\u00f6ring \u2013 inte en obligatorisk skyldighet.<\/p>\n\n\n\n<p><strong><strong>G\u00f6r inga best\u00e4llningar och ing\u00e5 inte avtal per telefon, om du inte \u00e4r s\u00e4ker p\u00e5 vad du best\u00e4ller och vad det kostar.<\/strong><\/strong><\/p>\n<\/div><\/div>\n\n\n\n<h3 class=\"wp-block-heading\">L\u00c4S MER OM DESSA \u00c4MNEN<\/h3>\n\n\n\n<div class=\"wp-block-columns is-layout-flex wp-container-core-columns-is-layout-9d6595d7 wp-block-columns-is-layout-flex\">\n<div class=\"wp-block-column custom--col--3 is-layout-flow wp-block-column-is-layout-flow\">\n<h4 class=\"wp-block-heading\">Aff\u00e4rsid\u00e9<\/h4>\n\n\n\n<p>Aff\u00e4rsid\u00e9n uppst\u00e5r ur ett behov eller en insikt. Den ska s\u00e4rskilja sig fr\u00e5n konkurrenterna och svara p\u00e5 kundens behov.<\/p>\n\n\n\n<p><a href=\"https:\/\/uusyrityskeskus.fi\/sv\/digital-startguide\/affarsplanering\/affarside\/\">L\u00e4s mer \u2192<\/a><\/p>\n<\/div>\n\n\n\n<div class=\"wp-block-column custom--col--3 is-layout-flow wp-block-column-is-layout-flow\">\n<h4 class=\"wp-block-heading\">Aff\u00e4rsplan och ber\u00e4kningar<\/h4>\n\n\n\n<p>Aff\u00e4rsplanen hj\u00e4lper till att f\u00f6rst\u00e5 helheten. Samtidigt klarg\u00f6rs om id\u00e9n \u00e4r l\u00f6nsam.<\/p>\n\n\n\n<p><a href=\"https:\/\/uusyrityskeskus.fi\/sv\/digital-startguide\/affarsplanering\/affarsplan-och-berakningar\/\">L\u00e4s mer \u2192<\/a><\/p>\n<\/div>\n<\/div>\n\n\n\n<div class=\"wp-block-columns is-layout-flex wp-container-core-columns-is-layout-9d6595d7 wp-block-columns-is-layout-flex\">\n<div class=\"wp-block-column custom--col--3 is-layout-flow wp-block-column-is-layout-flow\">\n<h4 class=\"wp-block-heading\">Priss\u00e4ttning av produkten\/tj\u00e4nsten<\/h4>\n\n\n\n<p>Priss\u00e4ttning p\u00e5verkar direkt resultatet. Priss\u00e4ttning kr\u00e4ver mod, marknadsk\u00e4nnedom och mod att v\u00e4rdera sin egen kompetens r\u00e4tt.<\/p>\n\n\n\n<p><a href=\"https:\/\/uusyrityskeskus.fi\/sv\/digital-startguide\/affarsplanering\/prissattning\/\">L\u00e4s mer \u2192<\/a><\/p>\n<\/div>\n\n\n\n<div class=\"wp-block-column custom--col--3 is-layout-flow wp-block-column-is-layout-flow\">\n<h4 class=\"wp-block-heading\">Finansiering i uppstartsfasen<\/h4>\n\n\n\n<p>F\u00f6retagsverksamhet beh\u00f6ver ofta finansiering i startfasen. Egna pengar beh\u00f6vs n\u00e4stan alltid, men st\u00f6d kan f\u00e5s \u00e4ven fr\u00e5n andra h\u00e5ll.<\/p>\n\n\n\n<p><a href=\"https:\/\/uusyrityskeskus.fi\/sv\/digital-startguide\/affarsplanering\/finansiering-i-uppstartsfasen\/\">L\u00e4s mer \u2192<\/a><\/p>\n<\/div>\n<\/div>\n\n\n\n<div class=\"wp-block-columns is-layout-flex wp-container-core-columns-is-layout-9d6595d7 wp-block-columns-is-layout-flex\">\n<div class=\"wp-block-column custom--col--3 is-layout-flow wp-block-column-is-layout-flow\">\n<h4 class=\"wp-block-heading\">Tillst\u00e5ndspliktig verksamhet<\/h4>\n\n\n\n<p>Inom vissa branscher kr\u00e4vs tillst\u00e5nd eller anm\u00e4lan. Utreda redan i planeringsfasen om kraven ber\u00f6r dig.<\/p>\n\n\n\n<p><a href=\"https:\/\/uusyrityskeskus.fi\/sv\/digital-startguide\/affarsplanering\/tillstandspliktig-verksamhet\/\">L\u00e4s mer \u2192<\/a><\/p>\n<\/div>\n\n\n\n<div class=\"wp-block-column custom--col--3 is-layout-flow wp-block-column-is-layout-flow\">\n<h4 class=\"wp-block-heading\">Utl\u00e4ndska personers tillst\u00e5nd och anm\u00e4lningar<\/h4>\n\n\n\n<p>Innan ett f\u00f6retag grundas i Finland m\u00e5ste en utl\u00e4nning kontrollera bland annat uppeh\u00e5llstillst\u00e5ndsfr\u00e5gan och g\u00f6ra n\u00f6dv\u00e4ndiga anm\u00e4lningar till myndigheterna.<\/p>\n\n\n\n<p><a href=\"https:\/\/uusyrityskeskus.fi\/sv\/digital-startguide\/affarsplanering\/utlandska-personers-tillstand-och-anmalningar\/\">L\u00e4s mer \u2192<\/a><\/p>\n<\/div>\n<\/div>\n\n\n\n<div class=\"wp-block-columns is-layout-flex wp-container-core-columns-is-layout-9d6595d7 wp-block-columns-is-layout-flex\">\n<div class=\"wp-block-column custom--col--3 is-layout-flow wp-block-column-is-layout-flow\">\n<h4 class=\"wp-block-heading\">\u00c4r ditt f\u00f6retag ett startup-f\u00f6retag?<\/h4>\n\n\n\n<p>Med startups avses f\u00f6retag som str\u00e4var efter snabb tillv\u00e4xt, ofta internationella och som utnyttjar teknologi. I dem \u00e4r aff\u00e4rsmodellen ofta fortfarande i testfasen.<\/p>\n\n\n\n<p><a href=\"https:\/\/uusyrityskeskus.fi\/sv\/digital-startguide\/affarsplanering\/ar-ditt-foretag-ett-startup-foretag\/\">L\u00e4s mer \u2192<\/a><\/p>\n<\/div>\n\n\n\n<div class=\"wp-block-column column--no--content is-layout-flow wp-block-column-is-layout-flow\"><\/div>\n<\/div>\n\n\n\n<div class=\"wp-block-columns content--row page--turn--buttons is-layout-flex wp-container-core-columns-is-layout-9d6595d7 wp-block-columns-is-layout-flex\">\n<div class=\"wp-block-column is-layout-flow wp-block-column-is-layout-flow\">\n<div class=\"wp-block-buttons is-layout-flex wp-block-buttons-is-layout-flex\">\n<div class=\"wp-block-button\"><a class=\"wp-block-button__link wp-element-button\" href=\"https:\/\/uusyrityskeskus.fi\/sv\/digital-startguide\/jag-som-foretagare\/\">\u2190 0. Jag som f\u00f6retagare<\/a><\/div>\n<\/div>\n<\/div>\n\n\n\n<div class=\"wp-block-column is-layout-flow wp-block-column-is-layout-flow\">\n<div class=\"wp-block-buttons is-content-justification-right is-layout-flex wp-container-core-buttons-is-layout-765c4724 wp-block-buttons-is-layout-flex\">\n<div class=\"wp-block-button\"><a class=\"wp-block-button__link wp-element-button\" href=\"https:\/\/uusyrityskeskus.fi\/sv\/digital-startguide\/starta-foretag\/\">2. Steg f\u00f6r att grunda ett f\u00f6retag<strong> <strong>\u2192<\/strong><\/strong><\/a><\/div>\n<\/div>\n<\/div>\n<\/div>\n<\/div>\n\n\n\n<div class=\"wp-block-column custom--col--default is-layout-flow wp-block-column-is-layout-flow\" style=\"flex-basis:28%\">\n<div class=\"wp-block-group standard--group--with--shadow\"><div class=\"wp-block-group__inner-container is-layout-constrained wp-block-group-is-layout-constrained\">\n<h4 class=\"wp-block-heading\">Beh\u00f6ver du hj\u00e4lp?<\/h4>\n\n\n\n<div class=\"wp-block-buttons is-content-justification-center is-layout-flex wp-container-core-buttons-is-layout-16018d1d wp-block-buttons-is-layout-flex\">\n<div class=\"wp-block-button button--main\"><a class=\"wp-block-button__link wp-element-button\" href=\"https:\/\/uusyrityskeskus.fi\/sv\/nyforetagscentrumen\/\">Boka en konsultation<\/a><\/div>\n<\/div>\n\n\n\n<div class=\"wp-block-buttons is-content-justification-center is-layout-flex wp-container-core-buttons-is-layout-16018d1d wp-block-buttons-is-layout-flex\">\n<div class=\"wp-block-button mb--0 button--alt\"><a class=\"wp-block-button__link wp-element-button\" href=\"https:\/\/uusyrityskeskus.fi\/sv\/starta-eget-guiden\/\">Ladda ner PDF-guide<\/a><\/div>\n<\/div>\n<\/div><\/div>\n\n\n\n<div class=\"wp-block-group links--column\"><div class=\"wp-block-group__inner-container is-layout-constrained wp-block-group-is-layout-constrained\">\n<h4 class=\"wp-block-heading\">Digital startguide<\/h4>\n\n\n\n<div class=\"perustamisopas-nav\">\n<ol>\n<li>\n<a href=\"https:\/\/uusyrityskeskus.fi\/sv\/digital-startguide\/jag-som-foretagare\/\">Jag som f\u00f6retagare<\/a>\n<\/li>\n\n<li>\n<a href=\"https:\/\/uusyrityskeskus.fi\/sv\/digital-startguide\/affarsplanering\/\" class=\"active\">F\u00f6retagande b\u00f6rjar med en id\u00e9<\/a>\n<\/li>\n\n<li>\n<a href=\"https:\/\/uusyrityskeskus.fi\/sv\/digital-startguide\/starta-foretag\/\">Steg f\u00f6r att grunda ett f\u00f6retag<\/a>\n<\/li>\n\n<li>\n<a href=\"https:\/\/uusyrityskeskus.fi\/sv\/digital-startguide\/foretagsverksamhet\/\">F\u00f6retagets vardag och hantering av den<\/a>\n<\/li>\n\n<li>\n<a href=\"https:\/\/uusyrityskeskus.fi\/sv\/digital-startguide\/kontinuerlig-utveckling-av-foretaget\/\">Kontinuerlig utveckling av f\u00f6retaget<\/a>\n<\/li>\n<\/ol>\n<\/div>\n<\/div><\/div>\n<\/div>\n<\/div>\n<\/div>\n<\/div>\n","protected":false},"excerpt":{"rendered":"Dina framsteg i startguiden Steg 2\/5: F\u00f6retagande b\u00f6rjar med en id\u00e9 Intresset f\u00f6r f\u00f6retagande b\u00f6rjar med en insikt, men ett framg\u00e5ngsrikt f\u00f6retag bygger p\u00e5 en fungerande aff\u00e4rsid\u00e9. Aff\u00e4rsid\u00e9n beh\u00f6ver inte [&hellip;]","protected":false},"author":1,"featured_media":0,"parent":15678,"menu_order":0,"comment_status":"closed","ping_status":"closed","template":"","meta":{"iawp_total_views":75,"footnotes":""},"class_list":["post-15691","page","type-page","status-publish","hentry"],"yoast_head":"<!-- This site is optimized with the Yoast SEO plugin v26.8 - https:\/\/yoast.com\/product\/yoast-seo-wordpress\/ -->\n<title>F\u00f6retagande b\u00f6rjar med en id\u00e9 - Uusyrityskeskus<\/title>\n<meta name=\"robots\" content=\"index, follow, max-snippet:-1, max-image-preview:large, max-video-preview:-1\" \/>\n<link rel=\"canonical\" href=\"https:\/\/uusyrityskeskus.fi\/sv\/digital-startguide\/affarsplanering\/\" \/>\n<meta property=\"og:locale\" content=\"sv_SE\" \/>\n<meta property=\"og:type\" content=\"article\" \/>\n<meta property=\"og:title\" content=\"F\u00f6retagande b\u00f6rjar med en id\u00e9 - Uusyrityskeskus\" \/>\n<meta property=\"og:description\" content=\"Dina framsteg i startguiden Steg 2\/5: F\u00f6retagande b\u00f6rjar med en id\u00e9 Intresset f\u00f6r f\u00f6retagande b\u00f6rjar med en insikt, men ett framg\u00e5ngsrikt f\u00f6retag bygger p\u00e5 en fungerande aff\u00e4rsid\u00e9. Aff\u00e4rsid\u00e9n beh\u00f6ver inte [&hellip;]\" \/>\n<meta property=\"og:url\" content=\"https:\/\/uusyrityskeskus.fi\/sv\/digital-startguide\/affarsplanering\/\" \/>\n<meta property=\"og:site_name\" content=\"Uusyrityskeskus\" \/>\n<meta property=\"article:modified_time\" content=\"2025-11-06T10:29:33+00:00\" \/>\n<meta property=\"og:image\" content=\"https:\/\/uusyrityskeskus.fi\/wp-content\/uploads\/2025\/09\/Yrittajakassa-Kuvituskuva-Uusyrityskeskus.jpg\" \/>\n\t<meta property=\"og:image:width\" content=\"2500\" \/>\n\t<meta property=\"og:image:height\" content=\"1700\" \/>\n\t<meta property=\"og:image:type\" content=\"image\/jpeg\" \/>\n<meta name=\"twitter:card\" content=\"summary_large_image\" \/>\n<meta name=\"twitter:label1\" content=\"Ber\u00e4knad l\u00e4stid\" \/>\n\t<meta name=\"twitter:data1\" content=\"4 minuter\" \/>\n<script type=\"application\/ld+json\" class=\"yoast-schema-graph\">{\"@context\":\"https:\/\/schema.org\",\"@graph\":[{\"@type\":\"WebPage\",\"@id\":\"https:\/\/uusyrityskeskus.fi\/sv\/digital-startguide\/affarsplanering\/\",\"url\":\"https:\/\/uusyrityskeskus.fi\/sv\/digital-startguide\/affarsplanering\/\",\"name\":\"F\u00f6retagande b\u00f6rjar med en id\u00e9 - Uusyrityskeskus\",\"isPartOf\":{\"@id\":\"https:\/\/uusyrityskeskus.fi\/sv\/#website\"},\"primaryImageOfPage\":{\"@id\":\"https:\/\/uusyrityskeskus.fi\/sv\/digital-startguide\/affarsplanering\/#primaryimage\"},\"image\":{\"@id\":\"https:\/\/uusyrityskeskus.fi\/sv\/digital-startguide\/affarsplanering\/#primaryimage\"},\"thumbnailUrl\":\"https:\/\/uusyrityskeskus.fi\/wp-content\/uploads\/2025\/09\/Yrittajakassa-Kuvituskuva-Uusyrityskeskus.jpg\",\"datePublished\":\"2025-09-02T08:12:31+00:00\",\"dateModified\":\"2025-11-06T10:29:33+00:00\",\"breadcrumb\":{\"@id\":\"https:\/\/uusyrityskeskus.fi\/sv\/digital-startguide\/affarsplanering\/#breadcrumb\"},\"inLanguage\":\"sv-SE\",\"potentialAction\":[{\"@type\":\"ReadAction\",\"target\":[\"https:\/\/uusyrityskeskus.fi\/sv\/digital-startguide\/affarsplanering\/\"]}]},{\"@type\":\"ImageObject\",\"inLanguage\":\"sv-SE\",\"@id\":\"https:\/\/uusyrityskeskus.fi\/sv\/digital-startguide\/affarsplanering\/#primaryimage\",\"url\":\"https:\/\/uusyrityskeskus.fi\/wp-content\/uploads\/2025\/09\/Yrittajakassa-Kuvituskuva-Uusyrityskeskus.jpg\",\"contentUrl\":\"https:\/\/uusyrityskeskus.fi\/wp-content\/uploads\/2025\/09\/Yrittajakassa-Kuvituskuva-Uusyrityskeskus.jpg\"},{\"@type\":\"BreadcrumbList\",\"@id\":\"https:\/\/uusyrityskeskus.fi\/sv\/digital-startguide\/affarsplanering\/#breadcrumb\",\"itemListElement\":[{\"@type\":\"ListItem\",\"position\":1,\"name\":\"Etusivu\",\"item\":\"https:\/\/uusyrityskeskus.fi\/sv\/\"},{\"@type\":\"ListItem\",\"position\":2,\"name\":\"Digital startguide\",\"item\":\"https:\/\/uusyrityskeskus.fi\/sv\/digital-startguide\/\"},{\"@type\":\"ListItem\",\"position\":3,\"name\":\"F\u00f6retagande b\u00f6rjar med en id\u00e9\"}]},{\"@type\":\"WebSite\",\"@id\":\"https:\/\/uusyrityskeskus.fi\/sv\/#website\",\"url\":\"https:\/\/uusyrityskeskus.fi\/sv\/\",\"name\":\"Uusyrityskeskus\",\"description\":\"Yritt\u00e4jyyden unelmista onnistumisia.\",\"potentialAction\":[{\"@type\":\"SearchAction\",\"target\":{\"@type\":\"EntryPoint\",\"urlTemplate\":\"https:\/\/uusyrityskeskus.fi\/sv\/?s={search_term_string}\"},\"query-input\":{\"@type\":\"PropertyValueSpecification\",\"valueRequired\":true,\"valueName\":\"search_term_string\"}}],\"inLanguage\":\"sv-SE\"}]}<\/script>\n<!-- \/ Yoast SEO plugin. -->","yoast_head_json":{"title":"F\u00f6retagande b\u00f6rjar med en id\u00e9 - Uusyrityskeskus","robots":{"index":"index","follow":"follow","max-snippet":"max-snippet:-1","max-image-preview":"max-image-preview:large","max-video-preview":"max-video-preview:-1"},"canonical":"https:\/\/uusyrityskeskus.fi\/sv\/digital-startguide\/affarsplanering\/","og_locale":"sv_SE","og_type":"article","og_title":"F\u00f6retagande b\u00f6rjar med en id\u00e9 - Uusyrityskeskus","og_description":"Dina framsteg i startguiden Steg 2\/5: F\u00f6retagande b\u00f6rjar med en id\u00e9 Intresset f\u00f6r f\u00f6retagande b\u00f6rjar med en insikt, men ett framg\u00e5ngsrikt f\u00f6retag bygger p\u00e5 en fungerande aff\u00e4rsid\u00e9. Aff\u00e4rsid\u00e9n beh\u00f6ver inte [&hellip;]","og_url":"https:\/\/uusyrityskeskus.fi\/sv\/digital-startguide\/affarsplanering\/","og_site_name":"Uusyrityskeskus","article_modified_time":"2025-11-06T10:29:33+00:00","og_image":[{"width":2500,"height":1700,"url":"https:\/\/uusyrityskeskus.fi\/wp-content\/uploads\/2025\/09\/Yrittajakassa-Kuvituskuva-Uusyrityskeskus.jpg","type":"image\/jpeg"}],"twitter_card":"summary_large_image","twitter_misc":{"Ber\u00e4knad l\u00e4stid":"4 minuter"},"schema":{"@context":"https:\/\/schema.org","@graph":[{"@type":"WebPage","@id":"https:\/\/uusyrityskeskus.fi\/sv\/digital-startguide\/affarsplanering\/","url":"https:\/\/uusyrityskeskus.fi\/sv\/digital-startguide\/affarsplanering\/","name":"F\u00f6retagande b\u00f6rjar med en id\u00e9 - Uusyrityskeskus","isPartOf":{"@id":"https:\/\/uusyrityskeskus.fi\/sv\/#website"},"primaryImageOfPage":{"@id":"https:\/\/uusyrityskeskus.fi\/sv\/digital-startguide\/affarsplanering\/#primaryimage"},"image":{"@id":"https:\/\/uusyrityskeskus.fi\/sv\/digital-startguide\/affarsplanering\/#primaryimage"},"thumbnailUrl":"https:\/\/uusyrityskeskus.fi\/wp-content\/uploads\/2025\/09\/Yrittajakassa-Kuvituskuva-Uusyrityskeskus.jpg","datePublished":"2025-09-02T08:12:31+00:00","dateModified":"2025-11-06T10:29:33+00:00","breadcrumb":{"@id":"https:\/\/uusyrityskeskus.fi\/sv\/digital-startguide\/affarsplanering\/#breadcrumb"},"inLanguage":"sv-SE","potentialAction":[{"@type":"ReadAction","target":["https:\/\/uusyrityskeskus.fi\/sv\/digital-startguide\/affarsplanering\/"]}]},{"@type":"ImageObject","inLanguage":"sv-SE","@id":"https:\/\/uusyrityskeskus.fi\/sv\/digital-startguide\/affarsplanering\/#primaryimage","url":"https:\/\/uusyrityskeskus.fi\/wp-content\/uploads\/2025\/09\/Yrittajakassa-Kuvituskuva-Uusyrityskeskus.jpg","contentUrl":"https:\/\/uusyrityskeskus.fi\/wp-content\/uploads\/2025\/09\/Yrittajakassa-Kuvituskuva-Uusyrityskeskus.jpg"},{"@type":"BreadcrumbList","@id":"https:\/\/uusyrityskeskus.fi\/sv\/digital-startguide\/affarsplanering\/#breadcrumb","itemListElement":[{"@type":"ListItem","position":1,"name":"Etusivu","item":"https:\/\/uusyrityskeskus.fi\/sv\/"},{"@type":"ListItem","position":2,"name":"Digital startguide","item":"https:\/\/uusyrityskeskus.fi\/sv\/digital-startguide\/"},{"@type":"ListItem","position":3,"name":"F\u00f6retagande b\u00f6rjar med en id\u00e9"}]},{"@type":"WebSite","@id":"https:\/\/uusyrityskeskus.fi\/sv\/#website","url":"https:\/\/uusyrityskeskus.fi\/sv\/","name":"Uusyrityskeskus","description":"Yritt\u00e4jyyden unelmista onnistumisia.","potentialAction":[{"@type":"SearchAction","target":{"@type":"EntryPoint","urlTemplate":"https:\/\/uusyrityskeskus.fi\/sv\/?s={search_term_string}"},"query-input":{"@type":"PropertyValueSpecification","valueRequired":true,"valueName":"search_term_string"}}],"inLanguage":"sv-SE"}]}},"_links":{"self":[{"href":"https:\/\/uusyrityskeskus.fi\/sv\/wp-json\/wp\/v2\/pages\/15691","targetHints":{"allow":["GET"]}}],"collection":[{"href":"https:\/\/uusyrityskeskus.fi\/sv\/wp-json\/wp\/v2\/pages"}],"about":[{"href":"https:\/\/uusyrityskeskus.fi\/sv\/wp-json\/wp\/v2\/types\/page"}],"author":[{"embeddable":true,"href":"https:\/\/uusyrityskeskus.fi\/sv\/wp-json\/wp\/v2\/users\/1"}],"replies":[{"embeddable":true,"href":"https:\/\/uusyrityskeskus.fi\/sv\/wp-json\/wp\/v2\/comments?post=15691"}],"version-history":[{"count":5,"href":"https:\/\/uusyrityskeskus.fi\/sv\/wp-json\/wp\/v2\/pages\/15691\/revisions"}],"predecessor-version":[{"id":16842,"href":"https:\/\/uusyrityskeskus.fi\/sv\/wp-json\/wp\/v2\/pages\/15691\/revisions\/16842"}],"up":[{"embeddable":true,"href":"https:\/\/uusyrityskeskus.fi\/sv\/wp-json\/wp\/v2\/pages\/15678"}],"wp:attachment":[{"href":"https:\/\/uusyrityskeskus.fi\/sv\/wp-json\/wp\/v2\/media?parent=15691"}],"curies":[{"name":"wp","href":"https:\/\/api.w.org\/{rel}","templated":true}]}}