{"id":15684,"date":"2025-09-02T08:01:17","date_gmt":"2025-09-02T05:01:17","guid":{"rendered":"https:\/\/uusyrityskeskus.fi\/digital-startguide\/mina-yrittajana\/"},"modified":"2025-11-06T12:23:22","modified_gmt":"2025-11-06T10:23:22","slug":"jag-som-foretagare","status":"publish","type":"page","link":"https:\/\/uusyrityskeskus.fi\/sv\/digital-startguide\/jag-som-foretagare\/","title":{"rendered":"Jag som f\u00f6retagare \u2013 F\u00f6retagandets m\u00e5nga former"},"content":{"rendered":"\n<div class=\"wp-block-tovaristrap-ts-container ts-container header--section\">\n<div class=\"ts-div header--row opas--header\">\n<h1 class=\"wp-block-heading\">Jag som f\u00f6retagare \u2013 F\u00f6retagandets m\u00e5nga former<\/h1>\n<\/div>\n<\/div>\n\n\n\n<div class=\"wp-block-tovaristrap-ts-container ts-container base--section pt-0 pb-0 border-bottom\">\n<div class=\"ts-div content--row opas--breadcrumbs\"><div class=\"yoast-breadcrumbs\"><span><span><a href=\"https:\/\/uusyrityskeskus.fi\/sv\/\">Etusivu<\/a><\/span> \u00bb <span><a href=\"https:\/\/uusyrityskeskus.fi\/sv\/digital-startguide\/\">Digital startguide<\/a><\/span> \u00bb <span class=\"breadcrumb_last\" aria-current=\"page\">Jag som f\u00f6retagare \u2013 F\u00f6retagandets m\u00e5nga former<\/span><\/span><\/div><\/div>\n<\/div>\n\n\n\n<div class=\"wp-block-columns content--section with--default--padding is-layout-flex wp-container-core-columns-is-layout-9d6595d7 wp-block-columns-is-layout-flex\">\n<div class=\"wp-block-column content--div is-layout-flow wp-block-column-is-layout-flow\">\n<div class=\"wp-block-columns content--row is-layout-flex wp-container-core-columns-is-layout-9d6595d7 wp-block-columns-is-layout-flex\">\n<div class=\"wp-block-column custom--col--default sub--page--left--col is-layout-flow wp-block-column-is-layout-flow\" style=\"flex-basis:72%\">\n<div class=\"progress-container\">\n  <div class=\"progress-label\">Dina framsteg i startguiden<\/div>\n  <div class=\"progress-bar\">\n    <div class=\"progress-fill\" style=\"width: 20%;\"><\/div>\n  <\/div>\n  <div class=\"progress-text\">Steg 1\/5: Jag som f\u00f6retagare<\/div>\n<\/div>\n\n\n\n<p>F\u00f6retagande har inte en form eller modell \u2013 det kan handla om f\u00f6retagsverksamhet p\u00e5 heltid, ett deltidsjobb utg\u00e5ende fr\u00e5n den egna kompetensen eller f\u00f6rv\u00e4rv av ett f\u00e4rdigt f\u00f6retag. Det \u00e4r viktigt att identifiera sina <strong>egna styrkor, motivationsfaktorer och m\u00e5l<\/strong>: varf\u00f6r vill du bli f\u00f6retagare och hurdant f\u00f6retagande passar dig?<\/p>\n\n\n\n<p>Som f\u00f6retagare beh\u00f6ver du ofta l\u00f6sningsinriktning, l\u00e5ngsiktighet och f\u00f6rm\u00e5ga att t\u00e5la os\u00e4kerhet. Den goda nyheten \u00e4r att man kan utveckla en f\u00f6retagarm\u00e4ssig attityd. Du kommer ig\u00e5ng genom att fundera p\u00e5 din egen kompetens och dina \u00f6nskem\u00e5l f\u00f6r vardagen: vad vill du jobba med, var, n\u00e4r och f\u00f6r vem?<\/p>\n\n\n\n<p>Grunden f\u00f6r f\u00f6retagande \u00e4r <strong>aff\u00e4rsid\u00e9n<\/strong>. Den ber\u00e4ttar vad du erbjuder, till vem och hur. En v\u00e4lformulerad aff\u00e4rsid\u00e9 hj\u00e4lper dig att v\u00e4lja r\u00e4tt verksamhetsmodell och f\u00f6retagsform. I vissa fall kan f\u00f6retagandet ocks\u00e5 b\u00f6rja med ett f\u00f6retagsf\u00f6rv\u00e4rv eller en generationsv\u00e4xling \u2013 d\u00e5 bygger du n\u00e5got nytt p\u00e5 en f\u00e4rdig grund.<\/p>\n\n\n\n<p>Valet av verksamhetsmodell p\u00e5verkas till exempel av om verksamheten \u00e4r tillst\u00e5ndspliktig eller om den kr\u00e4ver ett eget FO-nummer. L\u00e4ttf\u00f6retagande kan vara ett bra s\u00e4tt att pr\u00f6va sig fram, men det \u00e4r inte alltid ett alternativ. F\u00f6retagsformen och verksamhetss\u00e4ttet ska st\u00f6da din aff\u00e4rsid\u00e9.<\/p>\n\n\n\n<p><strong>F\u00f6retagarens utkomst<\/strong> bygger p\u00e5 egna l\u00f6sningar. Till skillnad fr\u00e5n l\u00f6ntagare saknar f\u00f6retagare det skydd som ett anst\u00e4llningsf\u00f6rh\u00e5llande ger. Det \u00e4r viktigt att f\u00f6rst\u00e5 hur du kan s\u00e4kerst\u00e4lla din ekonomiska grund b\u00e5de i vardagen, n\u00e4r du blir sjuk och n\u00e4r du g\u00e5r i pension.<\/p>\n\n\n\n<p>I b\u00f6rjan av f\u00f6retagandet kan inkomsterna vara os\u00e4kra och oregelbundna. Planera hur du t\u00e4cker dina levnadskostnader innan f\u00f6retagsverksamheten blir vinstgivande. Du kan till exempel leva p\u00e5 besparingar eller \u00f6verv\u00e4ga f\u00f6retagande p\u00e5 deltid. Kom ih\u00e5g att f\u00f6retagarl\u00f6nen inte \u00e4r samma sak som oms\u00e4ttningen \u2013 \u00e4ven utgifterna p\u00e5verkar. <strong>En v\u00e4l utarbetad aff\u00e4rsverksamhetsplan med investerings- och l\u00f6nsamhetskalkyler hj\u00e4lper vid planeringen.<\/strong><\/p>\n\n\n\n<div class=\"wp-block-columns content--section is-layout-flex wp-container-core-columns-is-layout-9d6595d7 wp-block-columns-is-layout-flex\">\n<div class=\"wp-block-column content--div is-layout-flow wp-block-column-is-layout-flow\">\n<div class=\"wp-block-columns content--row ad--row is-layout-flex wp-container-core-columns-is-layout-9d6595d7 wp-block-columns-is-layout-flex\">\n<div class=\"wp-block-column is-layout-flow wp-block-column-is-layout-flow\" style=\"flex-basis:33.33%\">\n<figure class=\"wp-block-image size-full ad--image--main\"><img decoding=\"async\" width=\"2500\" height=\"1700\" data-src=\"https:\/\/uusyrityskeskus.fi\/wp-content\/uploads\/2025\/09\/Yrittajakassa-Kuvituskuva-Uusyrityskeskus.jpg\" alt=\"\" class=\"wp-image-14172 lazyload\" data-srcset=\"https:\/\/uusyrityskeskus.fi\/wp-content\/uploads\/2025\/09\/Yrittajakassa-Kuvituskuva-Uusyrityskeskus.jpg 2500w, https:\/\/uusyrityskeskus.fi\/wp-content\/uploads\/2025\/09\/Yrittajakassa-Kuvituskuva-Uusyrityskeskus-300x204.jpg 300w, https:\/\/uusyrityskeskus.fi\/wp-content\/uploads\/2025\/09\/Yrittajakassa-Kuvituskuva-Uusyrityskeskus-1024x696.jpg 1024w, https:\/\/uusyrityskeskus.fi\/wp-content\/uploads\/2025\/09\/Yrittajakassa-Kuvituskuva-Uusyrityskeskus-768x522.jpg 768w, https:\/\/uusyrityskeskus.fi\/wp-content\/uploads\/2025\/09\/Yrittajakassa-Kuvituskuva-Uusyrityskeskus-1536x1044.jpg 1536w, https:\/\/uusyrityskeskus.fi\/wp-content\/uploads\/2025\/09\/Yrittajakassa-Kuvituskuva-Uusyrityskeskus-2048x1393.jpg 2048w\" data-sizes=\"(max-width: 2500px) 100vw, 2500px\" src=\"data:image\/svg+xml;base64,PHN2ZyB3aWR0aD0iMSIgaGVpZ2h0PSIxIiB4bWxucz0iaHR0cDovL3d3dy53My5vcmcvMjAwMC9zdmciPjwvc3ZnPg==\" style=\"--smush-placeholder-width: 2500px; --smush-placeholder-aspect-ratio: 2500\/1700;\" \/><\/figure>\n\n\n\n<p class=\"web--link\"><a href=\"https:\/\/uusyrityskeskus.fi\/sv\/\">www.uusyrityskeskus.fi<\/a><\/p>\n<\/div>\n\n\n\n<div class=\"wp-block-column is-layout-flow wp-block-column-is-layout-flow\" style=\"flex-basis:66.66%\">\n<figure class=\"wp-block-image size-full ad--logo--image\"><img decoding=\"async\" data-src=\"https:\/\/uusyrityskeskus.fi\/wp-content\/uploads\/2025\/09\/uusyrityskeskus_logo.svg\" alt=\"\" class=\"wp-image-14290 lazyload\" src=\"data:image\/svg+xml;base64,PHN2ZyB3aWR0aD0iMSIgaGVpZ2h0PSIxIiB4bWxucz0iaHR0cDovL3d3dy53My5vcmcvMjAwMC9zdmciPjwvc3ZnPg==\" \/><\/figure>\n\n\n\n<h2 class=\"wp-block-heading\">Helppo tapa tukea yritt\u00e4jyytt\u00e4.<\/h2>\n\n\n\n<p>Tarjoamme mainostilaa digitaalisessa ja fyysisess\u00e4 perustamisoppaassa monipuolisesti. Mainos- ja media -asioissa ole yhteydess\u00e4 vastuuhenkil\u00f6\u00f6mme: <a href=\"mailto:nita.vallimaki@uusyrityskeskus.fi\">nita.vallimaki@uusyrityskeskus.fi<\/a>.<\/p>\n\n\n\n<div class=\"wp-block-buttons is-layout-flex wp-block-buttons-is-layout-flex\">\n<div class=\"wp-block-button\"><a class=\"wp-block-button__link wp-element-button\" href=\"\/wp-content\/uploads\/2025\/10\/Mediakortti-2026-Nettisivut.pdf\" target=\"_blank\" rel=\"noreferrer noopener\">Katso mediakortti \u2192<\/a><\/div>\n<\/div>\n<\/div>\n<\/div>\n<\/div>\n<\/div>\n\n\n\n<div class=\"wp-block-group sub--page--group extra--margin\"><div class=\"wp-block-group__inner-container is-layout-constrained wp-block-group-is-layout-constrained\">\n<h4 class=\"wp-block-heading\">OBSERVERA\/FUNDERA I DETTA SKEDE:<\/h4>\n\n\n\n<ul>\n<li>Identifiera din egen kompetens och dina motivationsfaktorer<\/li>\n<li>Fundera p\u00e5 din aff\u00e4rsid\u00e9 och vem din tj\u00e4nst\/produkt \u00e4r riktad till<\/li>\n<li>V\u00e4lj en verksamhetsform som passar din situation \u2013 till exempel l\u00e4ttf\u00f6retagande eller eget FO-nummer.<\/li>\n<li>S\u00e4kerst\u00e4ll din utkomst i b\u00f6rjan (besparingar, startpeng, andra eventuella st\u00f6d i startskedet och realistisk f\u00f6retagarl\u00f6n)<\/li>\n<li>Ta hand om social- och pensionsskyddet \u2013 bl.a. F\u00f6PL p\u00e5verkar inkomsterna i m\u00e5nga olika livssituationer.<\/li>\n<\/ul>\n<\/div><\/div>\n\n\n\n<h3 class=\"wp-block-heading\">L\u00e4r dig mer om \u00e4mnena<\/h3>\n\n\n\n<div class=\"wp-block-columns is-layout-flex wp-container-core-columns-is-layout-9d6595d7 wp-block-columns-is-layout-flex\">\n<div class=\"wp-block-column custom--col--3 is-layout-flow wp-block-column-is-layout-flow\">\n<h4 class=\"wp-block-heading\">L\u00e4ttf\u00f6retagande<\/h4>\n\n\n\n<p>Vi talar ofta om l\u00e4tt f\u00f6retagande, men det kan betyda tv\u00e5 olika saker. \u00c4r du l\u00e4ttf\u00f6retagare med eget f\u00f6retags-ID, eller verkar du under ett faktureringsbolags f\u00f6retags-ID?<\/p>\n\n\n\n<p><a href=\"https:\/\/uusyrityskeskus.fi\/sv\/digital-startguide\/jag-som-foretagare\/lattforetagande\/\">L\u00e4s mer \u2192<\/a><\/p>\n<\/div>\n\n\n\n<div class=\"wp-block-column custom--col--3 is-layout-flow wp-block-column-is-layout-flow\">\n<h4 class=\"wp-block-heading\">Startpeng<\/h4>\n\n\n\n<p>Startpeng (&#8221;starttiraha&#8221;) \u00e4r ett diskretion\u00e4rt st\u00f6d avsett att trygga din f\u00f6rs\u00f6rjning under de tidiga stadierna av f\u00f6retagande. Kontrollera din beh\u00f6righet f\u00f6r bidraget i f\u00f6rv\u00e4g!<\/p>\n\n\n\n<p><a href=\"https:\/\/uusyrityskeskus.fi\/sv\/digital-startguide\/jag-som-foretagare\/startpeng\/\">L\u00e4s mer \u2192<\/a><\/p>\n<\/div>\n<\/div>\n\n\n\n<div class=\"wp-block-columns is-layout-flex wp-container-core-columns-is-layout-9d6595d7 wp-block-columns-is-layout-flex\">\n<div class=\"wp-block-column custom--col--3 is-layout-flow wp-block-column-is-layout-flow\">\n<h4 class=\"wp-block-heading\">Utkomstskydd f\u00f6r f\u00f6retagare<\/h4>\n\n\n\n<p>N\u00e4r du blir heltidsf\u00f6retagare, se till att du f\u00f6rst\u00e5r hur din arbetsl\u00f6shetss\u00e4kerhet fastst\u00e4lls. F\u00f6retagare har sin egen arbetsl\u00f6shetskassa.<\/p>\n\n\n\n<p><a href=\"https:\/\/uusyrityskeskus.fi\/sv\/digital-startguide\/jag-som-foretagare\/utkomstskydd-for-foretagare\/\">L\u00e4s mer \u2192<\/a><\/p>\n<\/div>\n\n\n\n<div class=\"wp-block-column custom--col--3 is-layout-flow wp-block-column-is-layout-flow\">\n<h4 class=\"wp-block-heading\">F\u00f6PL-f\u00f6rs\u00e4kring \u2013 trygghet i olika situationer<\/h4>\n\n\n\n<p>Visste du att F\u00f6PL-f\u00f6rs\u00e4kringen p\u00e5verkar en f\u00f6retagares liv mycket bredare \u00e4n bara genom pensionsuppbyggnad? Och att din F\u00f6PL-inkomst inte \u00e4r densamma som ditt f\u00f6retags oms\u00e4ttning.<\/p>\n\n\n\n<p><a href=\"https:\/\/uusyrityskeskus.fi\/sv\/digital-startguide\/jag-som-foretagare\/fopl-forsakring-trygghet-i-olika-situationer\/\">L\u00e4s mer \u2192<\/a><\/p>\n<\/div>\n<\/div>\n\n\n\n<div class=\"wp-block-columns is-layout-flex wp-container-core-columns-is-layout-9d6595d7 wp-block-columns-is-layout-flex\">\n<div class=\"wp-block-column custom--col--3 is-layout-flow wp-block-column-is-layout-flow\">\n<h4 class=\"wp-block-heading\">M\u00e5ngsidigt f\u00f6retagande<\/h4>\n\n\n\n<p>F\u00f6retagande kan vara n\u00e5got du g\u00f6r ensam eller tillsammans med andra. Du kan ocks\u00e5 g\u00f6ra en samh\u00e4llelig p\u00e5verkan eller dela risken mellan partners.<\/p>\n\n\n\n<p><a href=\"https:\/\/uusyrityskeskus.fi\/sv\/digital-startguide\/jag-som-foretagare\/mangsidigt-foretagande\/\">L\u00e4s mer \u2192<\/a><\/p>\n<\/div>\n\n\n\n<div class=\"wp-block-column column--no--content is-layout-flow wp-block-column-is-layout-flow\"><\/div>\n<\/div>\n\n\n\n<div class=\"wp-block-columns content--row page--turn--buttons is-layout-flex wp-container-core-columns-is-layout-9d6595d7 wp-block-columns-is-layout-flex\">\n<div class=\"wp-block-column is-layout-flow wp-block-column-is-layout-flow\">\n<div class=\"wp-block-buttons is-layout-flex wp-block-buttons-is-layout-flex\">\n<div class=\"wp-block-button\"><a class=\"wp-block-button__link wp-element-button\" href=\"https:\/\/uusyrityskeskus.fi\/sv\/digital-startguide\/\">\u2190 Tillbaka till startsidan<\/a><\/div>\n<\/div>\n<\/div>\n\n\n\n<div class=\"wp-block-column is-layout-flow wp-block-column-is-layout-flow\">\n<div class=\"wp-block-buttons is-content-justification-right is-layout-flex wp-container-core-buttons-is-layout-765c4724 wp-block-buttons-is-layout-flex\">\n<div class=\"wp-block-button\"><a class=\"wp-block-button__link wp-element-button\" href=\"https:\/\/uusyrityskeskus.fi\/sv\/digital-startguide\/affarsplanering\/\">1.&nbsp;F\u00f6retagande b\u00f6rjar med en id\u00e9 \u2192<\/a><\/div>\n<\/div>\n<\/div>\n<\/div>\n<\/div>\n\n\n\n<div class=\"wp-block-column custom--col--default is-layout-flow wp-block-column-is-layout-flow\" style=\"flex-basis:28%\">\n<div class=\"wp-block-group standard--group--with--shadow\"><div class=\"wp-block-group__inner-container is-layout-constrained wp-block-group-is-layout-constrained\">\n<h4 class=\"wp-block-heading\">Beh\u00f6ver du hj\u00e4lp?<\/h4>\n\n\n\n<div class=\"wp-block-buttons is-content-justification-center is-layout-flex wp-container-core-buttons-is-layout-16018d1d wp-block-buttons-is-layout-flex\">\n<div class=\"wp-block-button button--main\"><a class=\"wp-block-button__link wp-element-button\" href=\"https:\/\/uusyrityskeskus.fi\/sv\/nyforetagscentrumen\/\">Boka en konsultation<\/a><\/div>\n<\/div>\n\n\n\n<div class=\"wp-block-buttons is-content-justification-center is-layout-flex wp-container-core-buttons-is-layout-16018d1d wp-block-buttons-is-layout-flex\">\n<div class=\"wp-block-button mb--0 button--alt\"><a class=\"wp-block-button__link wp-element-button\" href=\"https:\/\/uusyrityskeskus.fi\/sv\/starta-eget-guiden\/\">Ladda ner PDF-guide<\/a><\/div>\n<\/div>\n<\/div><\/div>\n\n\n\n<div class=\"wp-block-group links--column\"><div class=\"wp-block-group__inner-container is-layout-constrained wp-block-group-is-layout-constrained\">\n<h4 class=\"wp-block-heading\">Digital startguide<\/h4>\n\n\n\n<div class=\"perustamisopas-nav\">\n<ol>\n<li>\n<a href=\"https:\/\/uusyrityskeskus.fi\/sv\/digital-startguide\/jag-som-foretagare\/\" class=\"active\">Jag som f\u00f6retagare<\/a>\n<\/li>\n\n<li>\n<a href=\"https:\/\/uusyrityskeskus.fi\/sv\/digital-startguide\/affarsplanering\/\">F\u00f6retagande b\u00f6rjar med en id\u00e9<\/a>\n<\/li>\n\n<li>\n<a href=\"https:\/\/uusyrityskeskus.fi\/sv\/digital-startguide\/starta-foretag\/\">Steg f\u00f6r att grunda ett f\u00f6retag <\/a>\n<\/li>\n\n<li>\n<a href=\"https:\/\/uusyrityskeskus.fi\/sv\/digital-startguide\/foretagsverksamhet\/\">F\u00f6retagets vardag och hantering av den<\/a>\n<\/li>\n\n<li>\n<a href=\"https:\/\/uusyrityskeskus.fi\/sv\/digital-startguide\/kontinuerlig-utveckling-av-foretaget\/\">Kontinuerlig utveckling av f\u00f6retaget<\/a>\n<\/li>\n<\/ol>\n<\/div>\n<\/div><\/div>\n<\/div>\n<\/div>\n<\/div>\n<\/div>\n","protected":false},"excerpt":{"rendered":"Dina framsteg i startguiden Steg 1\/5: Jag som f\u00f6retagare F\u00f6retagande har inte en form eller modell \u2013 det kan handla om f\u00f6retagsverksamhet p\u00e5 heltid, ett deltidsjobb utg\u00e5ende fr\u00e5n den egna [&hellip;]","protected":false},"author":1,"featured_media":0,"parent":15678,"menu_order":0,"comment_status":"closed","ping_status":"closed","template":"","meta":{"iawp_total_views":138,"footnotes":""},"class_list":["post-15684","page","type-page","status-publish","hentry"],"yoast_head":"<!-- This site is optimized with the Yoast SEO plugin v26.8 - https:\/\/yoast.com\/product\/yoast-seo-wordpress\/ -->\n<title>Jag som f\u00f6retagare \u2013 F\u00f6retagandets m\u00e5nga former - Uusyrityskeskus<\/title>\n<meta name=\"robots\" content=\"index, follow, max-snippet:-1, max-image-preview:large, max-video-preview:-1\" \/>\n<link rel=\"canonical\" href=\"https:\/\/uusyrityskeskus.fi\/sv\/digital-startguide\/jag-som-foretagare\/\" \/>\n<meta property=\"og:locale\" content=\"sv_SE\" \/>\n<meta property=\"og:type\" content=\"article\" \/>\n<meta property=\"og:title\" content=\"Jag som f\u00f6retagare \u2013 F\u00f6retagandets m\u00e5nga former - Uusyrityskeskus\" \/>\n<meta property=\"og:description\" content=\"Dina framsteg i startguiden Steg 1\/5: Jag som f\u00f6retagare F\u00f6retagande har inte en form eller modell \u2013 det kan handla om f\u00f6retagsverksamhet p\u00e5 heltid, ett deltidsjobb utg\u00e5ende fr\u00e5n den egna [&hellip;]\" \/>\n<meta property=\"og:url\" content=\"https:\/\/uusyrityskeskus.fi\/sv\/digital-startguide\/jag-som-foretagare\/\" \/>\n<meta property=\"og:site_name\" content=\"Uusyrityskeskus\" \/>\n<meta property=\"article:modified_time\" content=\"2025-11-06T10:23:22+00:00\" \/>\n<meta property=\"og:image\" content=\"https:\/\/uusyrityskeskus.fi\/wp-content\/uploads\/2025\/09\/Yrittajakassa-Kuvituskuva-Uusyrityskeskus.jpg\" \/>\n\t<meta property=\"og:image:width\" content=\"2500\" \/>\n\t<meta property=\"og:image:height\" content=\"1700\" \/>\n\t<meta property=\"og:image:type\" content=\"image\/jpeg\" \/>\n<meta name=\"twitter:card\" content=\"summary_large_image\" \/>\n<meta name=\"twitter:label1\" content=\"Ber\u00e4knad l\u00e4stid\" \/>\n\t<meta name=\"twitter:data1\" content=\"5 minuter\" \/>\n<script type=\"application\/ld+json\" class=\"yoast-schema-graph\">{\"@context\":\"https:\/\/schema.org\",\"@graph\":[{\"@type\":\"WebPage\",\"@id\":\"https:\/\/uusyrityskeskus.fi\/sv\/digital-startguide\/jag-som-foretagare\/\",\"url\":\"https:\/\/uusyrityskeskus.fi\/sv\/digital-startguide\/jag-som-foretagare\/\",\"name\":\"Jag som f\u00f6retagare \u2013 F\u00f6retagandets m\u00e5nga former - Uusyrityskeskus\",\"isPartOf\":{\"@id\":\"https:\/\/uusyrityskeskus.fi\/sv\/#website\"},\"primaryImageOfPage\":{\"@id\":\"https:\/\/uusyrityskeskus.fi\/sv\/digital-startguide\/jag-som-foretagare\/#primaryimage\"},\"image\":{\"@id\":\"https:\/\/uusyrityskeskus.fi\/sv\/digital-startguide\/jag-som-foretagare\/#primaryimage\"},\"thumbnailUrl\":\"https:\/\/uusyrityskeskus.fi\/wp-content\/uploads\/2025\/09\/Yrittajakassa-Kuvituskuva-Uusyrityskeskus.jpg\",\"datePublished\":\"2025-09-02T05:01:17+00:00\",\"dateModified\":\"2025-11-06T10:23:22+00:00\",\"breadcrumb\":{\"@id\":\"https:\/\/uusyrityskeskus.fi\/sv\/digital-startguide\/jag-som-foretagare\/#breadcrumb\"},\"inLanguage\":\"sv-SE\",\"potentialAction\":[{\"@type\":\"ReadAction\",\"target\":[\"https:\/\/uusyrityskeskus.fi\/sv\/digital-startguide\/jag-som-foretagare\/\"]}]},{\"@type\":\"ImageObject\",\"inLanguage\":\"sv-SE\",\"@id\":\"https:\/\/uusyrityskeskus.fi\/sv\/digital-startguide\/jag-som-foretagare\/#primaryimage\",\"url\":\"https:\/\/uusyrityskeskus.fi\/wp-content\/uploads\/2025\/09\/Yrittajakassa-Kuvituskuva-Uusyrityskeskus.jpg\",\"contentUrl\":\"https:\/\/uusyrityskeskus.fi\/wp-content\/uploads\/2025\/09\/Yrittajakassa-Kuvituskuva-Uusyrityskeskus.jpg\"},{\"@type\":\"BreadcrumbList\",\"@id\":\"https:\/\/uusyrityskeskus.fi\/sv\/digital-startguide\/jag-som-foretagare\/#breadcrumb\",\"itemListElement\":[{\"@type\":\"ListItem\",\"position\":1,\"name\":\"Etusivu\",\"item\":\"https:\/\/uusyrityskeskus.fi\/sv\/\"},{\"@type\":\"ListItem\",\"position\":2,\"name\":\"Digital startguide\",\"item\":\"https:\/\/uusyrityskeskus.fi\/sv\/digital-startguide\/\"},{\"@type\":\"ListItem\",\"position\":3,\"name\":\"Jag som f\u00f6retagare \u2013 F\u00f6retagandets m\u00e5nga former\"}]},{\"@type\":\"WebSite\",\"@id\":\"https:\/\/uusyrityskeskus.fi\/sv\/#website\",\"url\":\"https:\/\/uusyrityskeskus.fi\/sv\/\",\"name\":\"Uusyrityskeskus\",\"description\":\"Yritt\u00e4jyyden unelmista onnistumisia.\",\"potentialAction\":[{\"@type\":\"SearchAction\",\"target\":{\"@type\":\"EntryPoint\",\"urlTemplate\":\"https:\/\/uusyrityskeskus.fi\/sv\/?s={search_term_string}\"},\"query-input\":{\"@type\":\"PropertyValueSpecification\",\"valueRequired\":true,\"valueName\":\"search_term_string\"}}],\"inLanguage\":\"sv-SE\"}]}<\/script>\n<!-- \/ Yoast SEO plugin. -->","yoast_head_json":{"title":"Jag som f\u00f6retagare \u2013 F\u00f6retagandets m\u00e5nga former - Uusyrityskeskus","robots":{"index":"index","follow":"follow","max-snippet":"max-snippet:-1","max-image-preview":"max-image-preview:large","max-video-preview":"max-video-preview:-1"},"canonical":"https:\/\/uusyrityskeskus.fi\/sv\/digital-startguide\/jag-som-foretagare\/","og_locale":"sv_SE","og_type":"article","og_title":"Jag som f\u00f6retagare \u2013 F\u00f6retagandets m\u00e5nga former - Uusyrityskeskus","og_description":"Dina framsteg i startguiden Steg 1\/5: Jag som f\u00f6retagare F\u00f6retagande har inte en form eller modell \u2013 det kan handla om f\u00f6retagsverksamhet p\u00e5 heltid, ett deltidsjobb utg\u00e5ende fr\u00e5n den egna [&hellip;]","og_url":"https:\/\/uusyrityskeskus.fi\/sv\/digital-startguide\/jag-som-foretagare\/","og_site_name":"Uusyrityskeskus","article_modified_time":"2025-11-06T10:23:22+00:00","og_image":[{"width":2500,"height":1700,"url":"https:\/\/uusyrityskeskus.fi\/wp-content\/uploads\/2025\/09\/Yrittajakassa-Kuvituskuva-Uusyrityskeskus.jpg","type":"image\/jpeg"}],"twitter_card":"summary_large_image","twitter_misc":{"Ber\u00e4knad l\u00e4stid":"5 minuter"},"schema":{"@context":"https:\/\/schema.org","@graph":[{"@type":"WebPage","@id":"https:\/\/uusyrityskeskus.fi\/sv\/digital-startguide\/jag-som-foretagare\/","url":"https:\/\/uusyrityskeskus.fi\/sv\/digital-startguide\/jag-som-foretagare\/","name":"Jag som f\u00f6retagare \u2013 F\u00f6retagandets m\u00e5nga former - Uusyrityskeskus","isPartOf":{"@id":"https:\/\/uusyrityskeskus.fi\/sv\/#website"},"primaryImageOfPage":{"@id":"https:\/\/uusyrityskeskus.fi\/sv\/digital-startguide\/jag-som-foretagare\/#primaryimage"},"image":{"@id":"https:\/\/uusyrityskeskus.fi\/sv\/digital-startguide\/jag-som-foretagare\/#primaryimage"},"thumbnailUrl":"https:\/\/uusyrityskeskus.fi\/wp-content\/uploads\/2025\/09\/Yrittajakassa-Kuvituskuva-Uusyrityskeskus.jpg","datePublished":"2025-09-02T05:01:17+00:00","dateModified":"2025-11-06T10:23:22+00:00","breadcrumb":{"@id":"https:\/\/uusyrityskeskus.fi\/sv\/digital-startguide\/jag-som-foretagare\/#breadcrumb"},"inLanguage":"sv-SE","potentialAction":[{"@type":"ReadAction","target":["https:\/\/uusyrityskeskus.fi\/sv\/digital-startguide\/jag-som-foretagare\/"]}]},{"@type":"ImageObject","inLanguage":"sv-SE","@id":"https:\/\/uusyrityskeskus.fi\/sv\/digital-startguide\/jag-som-foretagare\/#primaryimage","url":"https:\/\/uusyrityskeskus.fi\/wp-content\/uploads\/2025\/09\/Yrittajakassa-Kuvituskuva-Uusyrityskeskus.jpg","contentUrl":"https:\/\/uusyrityskeskus.fi\/wp-content\/uploads\/2025\/09\/Yrittajakassa-Kuvituskuva-Uusyrityskeskus.jpg"},{"@type":"BreadcrumbList","@id":"https:\/\/uusyrityskeskus.fi\/sv\/digital-startguide\/jag-som-foretagare\/#breadcrumb","itemListElement":[{"@type":"ListItem","position":1,"name":"Etusivu","item":"https:\/\/uusyrityskeskus.fi\/sv\/"},{"@type":"ListItem","position":2,"name":"Digital startguide","item":"https:\/\/uusyrityskeskus.fi\/sv\/digital-startguide\/"},{"@type":"ListItem","position":3,"name":"Jag som f\u00f6retagare \u2013 F\u00f6retagandets m\u00e5nga former"}]},{"@type":"WebSite","@id":"https:\/\/uusyrityskeskus.fi\/sv\/#website","url":"https:\/\/uusyrityskeskus.fi\/sv\/","name":"Uusyrityskeskus","description":"Yritt\u00e4jyyden unelmista onnistumisia.","potentialAction":[{"@type":"SearchAction","target":{"@type":"EntryPoint","urlTemplate":"https:\/\/uusyrityskeskus.fi\/sv\/?s={search_term_string}"},"query-input":{"@type":"PropertyValueSpecification","valueRequired":true,"valueName":"search_term_string"}}],"inLanguage":"sv-SE"}]}},"_links":{"self":[{"href":"https:\/\/uusyrityskeskus.fi\/sv\/wp-json\/wp\/v2\/pages\/15684","targetHints":{"allow":["GET"]}}],"collection":[{"href":"https:\/\/uusyrityskeskus.fi\/sv\/wp-json\/wp\/v2\/pages"}],"about":[{"href":"https:\/\/uusyrityskeskus.fi\/sv\/wp-json\/wp\/v2\/types\/page"}],"author":[{"embeddable":true,"href":"https:\/\/uusyrityskeskus.fi\/sv\/wp-json\/wp\/v2\/users\/1"}],"replies":[{"embeddable":true,"href":"https:\/\/uusyrityskeskus.fi\/sv\/wp-json\/wp\/v2\/comments?post=15684"}],"version-history":[{"count":5,"href":"https:\/\/uusyrityskeskus.fi\/sv\/wp-json\/wp\/v2\/pages\/15684\/revisions"}],"predecessor-version":[{"id":16832,"href":"https:\/\/uusyrityskeskus.fi\/sv\/wp-json\/wp\/v2\/pages\/15684\/revisions\/16832"}],"up":[{"embeddable":true,"href":"https:\/\/uusyrityskeskus.fi\/sv\/wp-json\/wp\/v2\/pages\/15678"}],"wp:attachment":[{"href":"https:\/\/uusyrityskeskus.fi\/sv\/wp-json\/wp\/v2\/media?parent=15684"}],"curies":[{"name":"wp","href":"https:\/\/api.w.org\/{rel}","templated":true}]}}