{"id":15678,"date":"2025-09-19T14:02:17","date_gmt":"2025-09-19T11:02:17","guid":{"rendered":"https:\/\/uusyrityskeskus.fi\/perustamisopas\/"},"modified":"2026-02-12T21:04:54","modified_gmt":"2026-02-12T19:04:54","slug":"digital-startguide","status":"publish","type":"page","link":"https:\/\/uusyrityskeskus.fi\/sv\/digital-startguide\/","title":{"rendered":"Digital startguide"},"content":{"rendered":"\n<div class=\"wp-block-tovaristrap-ts-container ts-container header--section\">\n<div class=\"ts-div header--row\">\n<h1 class=\"wp-block-heading\">Digital startguide<\/h1>\n<\/div>\n<\/div>\n\n\n\n<div class=\"wp-block-tovaristrap-ts-container ts-container base--section pt-0 pb-0 border-bottom\">\n<div class=\"ts-div content--row\"><div class=\"yoast-breadcrumbs\"><span><span><a href=\"https:\/\/uusyrityskeskus.fi\/sv\/\">Etusivu<\/a><\/span> \u00bb <span class=\"breadcrumb_last\" aria-current=\"page\">Digital startguide<\/span><\/span><\/div><\/div>\n<\/div>\n\n\n\n<div class=\"wp-block-tovaristrap-ts-container ts-container base--section pb--0\">\n<div class=\"ts-div content--row width--1280\">\n<div class=\"wp-block-columns is-layout-flex wp-container-core-columns-is-layout-9d6595d7 wp-block-columns-is-layout-flex\">\n<div class=\"wp-block-column is-layout-flow wp-block-column-is-layout-flow\" style=\"flex-basis:65%\">\n<h2 class=\"wp-block-heading has-text-align-left\">Startguiden som verktyg f\u00f6r att starta f\u00f6retag<\/h2>\n\n\n\n<p class=\"has-text-align-left\">I startguiden kan du l\u00e4sa om bland annat<\/p>\n\n\n\n<ul class=\"wp-block-list mb-4\">\n<li>vilken typ av aff\u00e4rsplan du b\u00f6r ha<\/li>\n\n\n\n<li>var du kan f\u00e5 finansiering till ditt f\u00f6retag<\/li>\n\n\n\n<li>och hur du registrerar ett f\u00f6retag<\/li>\n<\/ul>\n\n\n\n<p class=\"has-text-align-left\">Guiden har skapats i samarbete med n\u00e4tverket Nyf\u00f6retagarcentrum och dess medlemsf\u00f6retag och organisationer. Vi uppdaterar guiden en g\u00e5ng om \u00e5ret, s\u00e5 du kan vara s\u00e4ker p\u00e5 att startguiden ger aktuell information.<\/p>\n\n\n\n<div class=\"wp-block-buttons is-layout-flex wp-block-buttons-is-layout-flex\">\n<div class=\"wp-block-button\"><a class=\"wp-block-button__link wp-element-button\" href=\"https:\/\/uusyrityskeskus.fi\/sv\/digital-startguide\/jag-som-foretagare\/\">Starta h\u00e4r \u2192<\/a><\/div>\n<\/div>\n<\/div>\n\n\n\n<div class=\"wp-block-column is-layout-flow wp-block-column-is-layout-flow\" style=\"flex-basis:35%\"><div class=\"wp-block-image\">\n<figure class=\"alignright size-full\" id=\"image--max--300\"><img decoding=\"async\" width=\"538\" height=\"757\" data-src=\"https:\/\/uusyrityskeskus.fi\/wp-content\/uploads\/2026\/02\/Nayttokuva-2026-02-03-kello-9.54.51-1.png\" alt=\"\" class=\"wp-image-17417 lazyload\" data-srcset=\"https:\/\/uusyrityskeskus.fi\/wp-content\/uploads\/2026\/02\/Nayttokuva-2026-02-03-kello-9.54.51-1.png 538w, https:\/\/uusyrityskeskus.fi\/wp-content\/uploads\/2026\/02\/Nayttokuva-2026-02-03-kello-9.54.51-1-213x300.png 213w\" data-sizes=\"(max-width: 538px) 100vw, 538px\" src=\"data:image\/svg+xml;base64,PHN2ZyB3aWR0aD0iMSIgaGVpZ2h0PSIxIiB4bWxucz0iaHR0cDovL3d3dy53My5vcmcvMjAwMC9zdmciPjwvc3ZnPg==\" style=\"--smush-placeholder-width: 538px; --smush-placeholder-aspect-ratio: 538\/757;\" \/><\/figure>\n<\/div><\/div>\n<\/div>\n<\/div>\n<\/div>\n\n\n\n<div class=\"wp-block-tovaristrap-ts-container ts-container base--section pt-0\">\n<div class=\"wp-block-columns content--row pb--0 pt--0 is-layout-flex wp-container-core-columns-is-layout-9d6595d7 wp-block-columns-is-layout-flex\">\n<div class=\"wp-block-column is-layout-flow wp-block-column-is-layout-flow\">\n<figure class=\"wp-block-image size-full\"><img decoding=\"async\" data-src=\"https:\/\/uusyrityskeskus.fi\/wp-content\/uploads\/2025\/11\/Mina-yrittajana.png\" alt=\"\" class=\"wp-image-16896 lazyload\" src=\"data:image\/svg+xml;base64,PHN2ZyB3aWR0aD0iMSIgaGVpZ2h0PSIxIiB4bWxucz0iaHR0cDovL3d3dy53My5vcmcvMjAwMC9zdmciPjwvc3ZnPg==\" style=\"--smush-placeholder-width: 1024px; --smush-placeholder-aspect-ratio: 1024\/683;\" \/><\/figure>\n\n\n\n<h2 class=\"wp-block-heading has-text-align-center\">Jag som f\u00f6retagare<\/h2>\n\n\n\n<p class=\"has-text-align-center\">Vad \u00e4r f\u00f6retagande? Bed\u00f6m din beredskap och utforska de olika formerna av f\u00f6retagande.<\/p>\n\n\n\n<p class=\"has-text-align-center\"><a href=\"https:\/\/uusyrityskeskus.fi\/sv\/digital-startguide\/jag-som-foretagare\/\">L\u00e4s mer <\/a><a href=\"https:\/\/uusyrityskeskus.fi\/mina-yrittajana\/starttiraha\/\">\u2192<\/a><\/p>\n<\/div>\n\n\n\n<div class=\"wp-block-column is-layout-flow wp-block-column-is-layout-flow\">\n<figure class=\"wp-block-image size-full\"><img decoding=\"async\" data-src=\"https:\/\/uusyrityskeskus.fi\/wp-content\/uploads\/2025\/11\/Yrittajyys-alkaa-ideasta.png\" alt=\"\" class=\"wp-image-16897 lazyload\" src=\"data:image\/svg+xml;base64,PHN2ZyB3aWR0aD0iMSIgaGVpZ2h0PSIxIiB4bWxucz0iaHR0cDovL3d3dy53My5vcmcvMjAwMC9zdmciPjwvc3ZnPg==\" style=\"--smush-placeholder-width: 1024px; --smush-placeholder-aspect-ratio: 1024\/683;\" \/><\/figure>\n\n\n\n<h2 class=\"wp-block-heading has-text-align-center\">F\u00f6retagande b\u00f6rjar med en id\u00e9<\/h2>\n\n\n\n<p class=\"has-text-align-center\">Utveckla din aff\u00e4rsid\u00e9 till en aff\u00e4rsplan.<\/p>\n\n\n\n<p class=\"has-text-align-center\"><a href=\"https:\/\/uusyrityskeskus.fi\/sv\/digital-startguide\/affarsplanering\/\"><\/a><a href=\"https:\/\/uusyrityskeskus.fi\/sv\/digital-startguide\/affarsplanering\/\">L\u00e4s mer<\/a> <a href=\"https:\/\/uusyrityskeskus.fi\/mina-yrittajana\/starttiraha\/\">\u2192<\/a><\/p>\n<\/div>\n\n\n\n<div class=\"wp-block-column is-layout-flow wp-block-column-is-layout-flow\">\n<figure class=\"wp-block-image size-full\"><img decoding=\"async\" data-src=\"https:\/\/uusyrityskeskus.fi\/wp-content\/uploads\/2025\/11\/Yrityksen-perustamisen-vaiheet.png\" alt=\"\" class=\"wp-image-16898 lazyload\" src=\"data:image\/svg+xml;base64,PHN2ZyB3aWR0aD0iMSIgaGVpZ2h0PSIxIiB4bWxucz0iaHR0cDovL3d3dy53My5vcmcvMjAwMC9zdmciPjwvc3ZnPg==\" style=\"--smush-placeholder-width: 1024px; --smush-placeholder-aspect-ratio: 1024\/683;\" \/><\/figure>\n\n\n\n<h2 class=\"wp-block-heading has-text-align-center\">Steg f\u00f6r att grunda ett f\u00f6retag<\/h2>\n\n\n\n<p class=\"has-text-align-center\">V\u00e4lj f\u00f6retagsform, sk\u00f6t om registreringar och ordna n\u00f6dv\u00e4ndiga f\u00f6rs\u00e4kringar.<\/p>\n\n\n\n<p class=\"has-text-align-center\"><a href=\"https:\/\/uusyrityskeskus.fi\/sv\/digital-startguide\/starta-foretag\/\"><\/a><a href=\"https:\/\/uusyrityskeskus.fi\/sv\/digital-startguide\/starta-foretag\/\">L\u00e4s mer<\/a> <a href=\"https:\/\/uusyrityskeskus.fi\/mina-yrittajana\/starttiraha\/\">\u2192<\/a><\/p>\n<\/div>\n<\/div>\n\n\n\n<div class=\"wp-block-columns content--row smaller--padding--top is-layout-flex wp-container-core-columns-is-layout-9d6595d7 wp-block-columns-is-layout-flex\">\n<div class=\"wp-block-column custom--col--1 is-layout-flow wp-block-column-is-layout-flow\">\n<h2 class=\"wp-block-heading\">F\u00f6retagets vardag och hantering av den<\/h2>\n\n\n\n<p>Marknadsf\u00f6ring, fakturering, bokf\u00f6ring och personal\u00e4renden<\/p>\n\n\n\n<p><a href=\"https:\/\/uusyrityskeskus.fi\/sv\/digital-startguide\/foretagsverksamhet\/\"><\/a><a href=\"https:\/\/uusyrityskeskus.fi\/sv\/digital-startguide\/foretagsverksamhet\/\">L\u00e4s mer<\/a> <a href=\"https:\/\/uusyrityskeskus.fi\/mina-yrittajana\/starttiraha\/\">\u2192<\/a><\/p>\n<\/div>\n\n\n\n<div class=\"wp-block-column custom--col--1 is-layout-flow wp-block-column-is-layout-flow\">\n<h2 class=\"wp-block-heading\">Kontinuerlig utveckling av f\u00f6retaget<\/h2>\n\n\n\n<p>V\u00e4x ditt f\u00f6retag och bygg n\u00e4tverk<\/p>\n\n\n\n<p><a href=\"https:\/\/uusyrityskeskus.fi\/sv\/digital-startguide\/kontinuerlig-utveckling-av-foretaget\/\"><\/a><a href=\"https:\/\/uusyrityskeskus.fi\/sv\/digital-startguide\/kontinuerlig-utveckling-av-foretaget\/\">L\u00e4s mer<\/a> <a href=\"https:\/\/uusyrityskeskus.fi\/mina-yrittajana\/starttiraha\/\">\u2192<\/a><\/p>\n<\/div>\n<\/div>\n<\/div>\n","protected":false},"excerpt":{"rendered":"","protected":false},"author":1,"featured_media":0,"parent":0,"menu_order":0,"comment_status":"closed","ping_status":"closed","template":"","meta":{"iawp_total_views":170,"footnotes":""},"class_list":["post-15678","page","type-page","status-publish","hentry"],"yoast_head":"<!-- This site is optimized with the Yoast SEO plugin v26.8 - https:\/\/yoast.com\/product\/yoast-seo-wordpress\/ -->\n<title>Yrityksen perustamisopas - Kattava opas verkossa | Uusyrityskeskus<\/title>\n<meta name=\"description\" content=\"Yrityksen perustamisopas verkossa: kattava, ilmainen opas aloittavalle yritt\u00e4j\u00e4lle. Liikeidea, liiketoimintasuunnitelma, rahoitus, yritysmuodot. Selaa nyt!\" \/>\n<meta name=\"robots\" content=\"index, follow, max-snippet:-1, max-image-preview:large, max-video-preview:-1\" \/>\n<link rel=\"canonical\" href=\"https:\/\/uusyrityskeskus.fi\/sv\/digital-startguide\/\" \/>\n<meta property=\"og:locale\" content=\"sv_SE\" \/>\n<meta property=\"og:type\" content=\"article\" \/>\n<meta property=\"og:title\" content=\"Yrityksen perustamisopas - Kattava opas verkossa | Uusyrityskeskus\" \/>\n<meta property=\"og:description\" content=\"Yrityksen perustamisopas verkossa: kattava, ilmainen opas aloittavalle yritt\u00e4j\u00e4lle. Liikeidea, liiketoimintasuunnitelma, rahoitus, yritysmuodot. Selaa nyt!\" \/>\n<meta property=\"og:url\" content=\"https:\/\/uusyrityskeskus.fi\/sv\/digital-startguide\/\" \/>\n<meta property=\"og:site_name\" content=\"Uusyrityskeskus\" \/>\n<meta property=\"article:modified_time\" content=\"2026-02-12T19:04:54+00:00\" \/>\n<meta property=\"og:image\" content=\"https:\/\/uusyrityskeskus.fi\/wp-content\/uploads\/2026\/02\/Nayttokuva-2026-02-03-kello-9.54.51-1.png\" \/>\n\t<meta property=\"og:image:width\" content=\"538\" \/>\n\t<meta property=\"og:image:height\" content=\"757\" \/>\n\t<meta property=\"og:image:type\" content=\"image\/png\" \/>\n<meta name=\"twitter:card\" content=\"summary_large_image\" \/>\n<meta name=\"twitter:label1\" content=\"Ber\u00e4knad l\u00e4stid\" \/>\n\t<meta name=\"twitter:data1\" content=\"2 minuter\" \/>\n<script type=\"application\/ld+json\" class=\"yoast-schema-graph\">{\"@context\":\"https:\/\/schema.org\",\"@graph\":[{\"@type\":\"WebPage\",\"@id\":\"https:\/\/uusyrityskeskus.fi\/sv\/digital-startguide\/\",\"url\":\"https:\/\/uusyrityskeskus.fi\/sv\/digital-startguide\/\",\"name\":\"Yrityksen perustamisopas - Kattava opas verkossa | Uusyrityskeskus\",\"isPartOf\":{\"@id\":\"https:\/\/uusyrityskeskus.fi\/sv\/#website\"},\"primaryImageOfPage\":{\"@id\":\"https:\/\/uusyrityskeskus.fi\/sv\/digital-startguide\/#primaryimage\"},\"image\":{\"@id\":\"https:\/\/uusyrityskeskus.fi\/sv\/digital-startguide\/#primaryimage\"},\"thumbnailUrl\":\"https:\/\/uusyrityskeskus.fi\/wp-content\/uploads\/2026\/02\/Nayttokuva-2026-02-03-kello-9.54.51-1.png\",\"datePublished\":\"2025-09-19T11:02:17+00:00\",\"dateModified\":\"2026-02-12T19:04:54+00:00\",\"description\":\"Yrityksen perustamisopas verkossa: kattava, ilmainen opas aloittavalle yritt\u00e4j\u00e4lle. Liikeidea, liiketoimintasuunnitelma, rahoitus, yritysmuodot. Selaa nyt!\",\"breadcrumb\":{\"@id\":\"https:\/\/uusyrityskeskus.fi\/sv\/digital-startguide\/#breadcrumb\"},\"inLanguage\":\"sv-SE\",\"potentialAction\":[{\"@type\":\"ReadAction\",\"target\":[\"https:\/\/uusyrityskeskus.fi\/sv\/digital-startguide\/\"]}]},{\"@type\":\"ImageObject\",\"inLanguage\":\"sv-SE\",\"@id\":\"https:\/\/uusyrityskeskus.fi\/sv\/digital-startguide\/#primaryimage\",\"url\":\"https:\/\/uusyrityskeskus.fi\/wp-content\/uploads\/2026\/02\/Nayttokuva-2026-02-03-kello-9.54.51-1.png\",\"contentUrl\":\"https:\/\/uusyrityskeskus.fi\/wp-content\/uploads\/2026\/02\/Nayttokuva-2026-02-03-kello-9.54.51-1.png\"},{\"@type\":\"BreadcrumbList\",\"@id\":\"https:\/\/uusyrityskeskus.fi\/sv\/digital-startguide\/#breadcrumb\",\"itemListElement\":[{\"@type\":\"ListItem\",\"position\":1,\"name\":\"Etusivu\",\"item\":\"https:\/\/uusyrityskeskus.fi\/sv\/\"},{\"@type\":\"ListItem\",\"position\":2,\"name\":\"Digital startguide\"}]},{\"@type\":\"WebSite\",\"@id\":\"https:\/\/uusyrityskeskus.fi\/sv\/#website\",\"url\":\"https:\/\/uusyrityskeskus.fi\/sv\/\",\"name\":\"Uusyrityskeskus\",\"description\":\"Yritt\u00e4jyyden unelmista onnistumisia.\",\"potentialAction\":[{\"@type\":\"SearchAction\",\"target\":{\"@type\":\"EntryPoint\",\"urlTemplate\":\"https:\/\/uusyrityskeskus.fi\/sv\/?s={search_term_string}\"},\"query-input\":{\"@type\":\"PropertyValueSpecification\",\"valueRequired\":true,\"valueName\":\"search_term_string\"}}],\"inLanguage\":\"sv-SE\"}]}<\/script>\n<!-- \/ Yoast SEO plugin. -->","yoast_head_json":{"title":"Yrityksen perustamisopas - Kattava opas verkossa | Uusyrityskeskus","description":"Yrityksen perustamisopas verkossa: kattava, ilmainen opas aloittavalle yritt\u00e4j\u00e4lle. Liikeidea, liiketoimintasuunnitelma, rahoitus, yritysmuodot. Selaa nyt!","robots":{"index":"index","follow":"follow","max-snippet":"max-snippet:-1","max-image-preview":"max-image-preview:large","max-video-preview":"max-video-preview:-1"},"canonical":"https:\/\/uusyrityskeskus.fi\/sv\/digital-startguide\/","og_locale":"sv_SE","og_type":"article","og_title":"Yrityksen perustamisopas - Kattava opas verkossa | Uusyrityskeskus","og_description":"Yrityksen perustamisopas verkossa: kattava, ilmainen opas aloittavalle yritt\u00e4j\u00e4lle. Liikeidea, liiketoimintasuunnitelma, rahoitus, yritysmuodot. Selaa nyt!","og_url":"https:\/\/uusyrityskeskus.fi\/sv\/digital-startguide\/","og_site_name":"Uusyrityskeskus","article_modified_time":"2026-02-12T19:04:54+00:00","og_image":[{"width":538,"height":757,"url":"https:\/\/uusyrityskeskus.fi\/wp-content\/uploads\/2026\/02\/Nayttokuva-2026-02-03-kello-9.54.51-1.png","type":"image\/png"}],"twitter_card":"summary_large_image","twitter_misc":{"Ber\u00e4knad l\u00e4stid":"2 minuter"},"schema":{"@context":"https:\/\/schema.org","@graph":[{"@type":"WebPage","@id":"https:\/\/uusyrityskeskus.fi\/sv\/digital-startguide\/","url":"https:\/\/uusyrityskeskus.fi\/sv\/digital-startguide\/","name":"Yrityksen perustamisopas - Kattava opas verkossa | Uusyrityskeskus","isPartOf":{"@id":"https:\/\/uusyrityskeskus.fi\/sv\/#website"},"primaryImageOfPage":{"@id":"https:\/\/uusyrityskeskus.fi\/sv\/digital-startguide\/#primaryimage"},"image":{"@id":"https:\/\/uusyrityskeskus.fi\/sv\/digital-startguide\/#primaryimage"},"thumbnailUrl":"https:\/\/uusyrityskeskus.fi\/wp-content\/uploads\/2026\/02\/Nayttokuva-2026-02-03-kello-9.54.51-1.png","datePublished":"2025-09-19T11:02:17+00:00","dateModified":"2026-02-12T19:04:54+00:00","description":"Yrityksen perustamisopas verkossa: kattava, ilmainen opas aloittavalle yritt\u00e4j\u00e4lle. Liikeidea, liiketoimintasuunnitelma, rahoitus, yritysmuodot. Selaa nyt!","breadcrumb":{"@id":"https:\/\/uusyrityskeskus.fi\/sv\/digital-startguide\/#breadcrumb"},"inLanguage":"sv-SE","potentialAction":[{"@type":"ReadAction","target":["https:\/\/uusyrityskeskus.fi\/sv\/digital-startguide\/"]}]},{"@type":"ImageObject","inLanguage":"sv-SE","@id":"https:\/\/uusyrityskeskus.fi\/sv\/digital-startguide\/#primaryimage","url":"https:\/\/uusyrityskeskus.fi\/wp-content\/uploads\/2026\/02\/Nayttokuva-2026-02-03-kello-9.54.51-1.png","contentUrl":"https:\/\/uusyrityskeskus.fi\/wp-content\/uploads\/2026\/02\/Nayttokuva-2026-02-03-kello-9.54.51-1.png"},{"@type":"BreadcrumbList","@id":"https:\/\/uusyrityskeskus.fi\/sv\/digital-startguide\/#breadcrumb","itemListElement":[{"@type":"ListItem","position":1,"name":"Etusivu","item":"https:\/\/uusyrityskeskus.fi\/sv\/"},{"@type":"ListItem","position":2,"name":"Digital startguide"}]},{"@type":"WebSite","@id":"https:\/\/uusyrityskeskus.fi\/sv\/#website","url":"https:\/\/uusyrityskeskus.fi\/sv\/","name":"Uusyrityskeskus","description":"Yritt\u00e4jyyden unelmista onnistumisia.","potentialAction":[{"@type":"SearchAction","target":{"@type":"EntryPoint","urlTemplate":"https:\/\/uusyrityskeskus.fi\/sv\/?s={search_term_string}"},"query-input":{"@type":"PropertyValueSpecification","valueRequired":true,"valueName":"search_term_string"}}],"inLanguage":"sv-SE"}]}},"_links":{"self":[{"href":"https:\/\/uusyrityskeskus.fi\/sv\/wp-json\/wp\/v2\/pages\/15678","targetHints":{"allow":["GET"]}}],"collection":[{"href":"https:\/\/uusyrityskeskus.fi\/sv\/wp-json\/wp\/v2\/pages"}],"about":[{"href":"https:\/\/uusyrityskeskus.fi\/sv\/wp-json\/wp\/v2\/types\/page"}],"author":[{"embeddable":true,"href":"https:\/\/uusyrityskeskus.fi\/sv\/wp-json\/wp\/v2\/users\/1"}],"replies":[{"embeddable":true,"href":"https:\/\/uusyrityskeskus.fi\/sv\/wp-json\/wp\/v2\/comments?post=15678"}],"version-history":[{"count":5,"href":"https:\/\/uusyrityskeskus.fi\/sv\/wp-json\/wp\/v2\/pages\/15678\/revisions"}],"predecessor-version":[{"id":17484,"href":"https:\/\/uusyrityskeskus.fi\/sv\/wp-json\/wp\/v2\/pages\/15678\/revisions\/17484"}],"wp:attachment":[{"href":"https:\/\/uusyrityskeskus.fi\/sv\/wp-json\/wp\/v2\/media?parent=15678"}],"curies":[{"name":"wp","href":"https:\/\/api.w.org\/{rel}","templated":true}]}}