{"id":16431,"date":"2025-09-25T12:45:56","date_gmt":"2025-09-25T09:45:56","guid":{"rendered":"https:\/\/uusyrityskeskus.fi\/lataa-perustamisopas\/"},"modified":"2026-02-12T21:11:47","modified_gmt":"2026-02-12T19:11:47","slug":"download-guide-to-starting-a-business","status":"publish","type":"page","link":"https:\/\/uusyrityskeskus.fi\/en\/download-guide-to-starting-a-business\/","title":{"rendered":"Download &#8211; Guide to Entrepreneurship"},"content":{"rendered":"\n<div class=\"wp-block-tovaristrap-ts-container ts-container header--section\">\n<div class=\"ts-div header--row\">\n<h1 class=\"wp-block-heading\">Guide to Entrepreneurship<\/h1>\n<\/div>\n<\/div>\n\n\n\n<div class=\"wp-block-tovaristrap-ts-container ts-container base--section pt-0 pb-0 border-bottom\">\n<div class=\"ts-div content--row\"><div class=\"yoast-breadcrumbs\"><span><span><a href=\"https:\/\/uusyrityskeskus.fi\/en\/\">Etusivu<\/a><\/span> \u00bb <span class=\"breadcrumb_last\" aria-current=\"page\">Download &#8211; Guide to Entrepreneurship<\/span><\/span><\/div><\/div>\n<\/div>\n\n\n\n<div class=\"wp-block-tovaristrap-ts-container ts-container base--section\">\n<div class=\"ts-div content--row pt-0 pb-0\">\n<div class=\"wp-block-columns is-layout-flex wp-container-core-columns-is-layout-9d6595d7 wp-block-columns-is-layout-flex\">\n<div class=\"wp-block-column is-layout-flow wp-block-column-is-layout-flow\" style=\"flex-basis:80%\">\n<h2 class=\"wp-block-heading\">The Guide to Entrepreneurship helps you in setting up your business<\/h2>\n\n\n\n<p>In the Guide to Entrepreneurship you can read about, for example<\/p>\n\n\n\n<ul class=\"wp-block-list\">\n<li>what your business plan should be like<\/li>\n\n\n\n<li>where you can get financing for your business<\/li>\n\n\n\n<li>how you will register your enterprise.<\/li>\n<\/ul>\n\n\n\n<p>The guide has been created in collaboration with the network of the Enterprise Agencies and its members. We update the guide annually, therefore, you can be sure that the information provided in the Guide is always up-to-date.<\/p>\n\n\n\n<p><strong>Download the free version of the guide by filling in the required information below:<\/strong><\/p>\n<\/div>\n\n\n\n<div class=\"wp-block-column is-layout-flow wp-block-column-is-layout-flow\" style=\"flex-basis:20%\">\n<figure class=\"wp-block-image size-large\"><img decoding=\"async\" width=\"724\" height=\"1024\" data-src=\"https:\/\/uusyrityskeskus.fi\/wp-content\/uploads\/2025\/10\/Uusyrityskeskus_EN_Perustamisopas_2025_kansi-scaled-1-724x1024.jpg\" alt=\"\" class=\"wp-image-16433 lazyload\" data-srcset=\"https:\/\/uusyrityskeskus.fi\/wp-content\/uploads\/2025\/10\/Uusyrityskeskus_EN_Perustamisopas_2025_kansi-scaled-1-724x1024.jpg 724w, https:\/\/uusyrityskeskus.fi\/wp-content\/uploads\/2025\/10\/Uusyrityskeskus_EN_Perustamisopas_2025_kansi-scaled-1-212x300.jpg 212w, https:\/\/uusyrityskeskus.fi\/wp-content\/uploads\/2025\/10\/Uusyrityskeskus_EN_Perustamisopas_2025_kansi-scaled-1-768x1086.jpg 768w, https:\/\/uusyrityskeskus.fi\/wp-content\/uploads\/2025\/10\/Uusyrityskeskus_EN_Perustamisopas_2025_kansi-scaled-1-1086x1536.jpg 1086w, https:\/\/uusyrityskeskus.fi\/wp-content\/uploads\/2025\/10\/Uusyrityskeskus_EN_Perustamisopas_2025_kansi-scaled-1-1448x2048.jpg 1448w, https:\/\/uusyrityskeskus.fi\/wp-content\/uploads\/2025\/10\/Uusyrityskeskus_EN_Perustamisopas_2025_kansi-scaled-1.jpg 1810w\" data-sizes=\"(max-width: 724px) 100vw, 724px\" src=\"data:image\/svg+xml;base64,PHN2ZyB3aWR0aD0iMSIgaGVpZ2h0PSIxIiB4bWxucz0iaHR0cDovL3d3dy53My5vcmcvMjAwMC9zdmciPjwvc3ZnPg==\" style=\"--smush-placeholder-width: 724px; --smush-placeholder-aspect-ratio: 724\/1024;\" \/><\/figure>\n<\/div>\n<\/div>\n<\/div>\n\n\n\n<div class=\"ts-div content--row\">\n<div class=\"wp-block-columns is-layout-flex wp-container-core-columns-is-layout-9d6595d7 wp-block-columns-is-layout-flex\">\n<div class=\"wp-block-column list--col--left is-layout-flow wp-block-column-is-layout-flow\"><p><iframe data-src=\"https:\/\/perustamisopas.uusyrityskeskus.fi\/?sivusto=perustamisopas-alkavalle-yrittajalle-2018\" width=\"100%\" height=\"850\" frameborder=\"0\" src=\"data:image\/svg+xml;base64,PHN2ZyB3aWR0aD0iMSIgaGVpZ2h0PSIxIiB4bWxucz0iaHR0cDovL3d3dy53My5vcmcvMjAwMC9zdmciPjwvc3ZnPg==\" class=\"lazyload\" data-load-mode=\"1\"><\/iframe><\/p>\n<\/div>\n\n\n\n<div class=\"wp-block-column list--col--right is-layout-flow wp-block-column-is-layout-flow\">\n<p><\/p>\n\n\n\n<p>The contact information provided in the order form will be used for delivering the guide and the Finnish Enterprice Agencies\u00b4newsletter. Other inquired information in the form (employment situation and intention to become an entrepreneur) will be used for statistics and reports regarding the use of the guide.<\/p>\n\n\n\n<p>The use of&nbsp;<em>Guide, Becoming an Entrepreneur in Finland&nbsp;<\/em>for business advisory purposes is only permitted for members of Suomen Uusyrityskeskukset ry.<\/p>\n\n\n\n<p>Our members can be either&nbsp;municipalities, joint municipal authorities, development companies, associations, employment areas and other non-profit organizations providing business services. Our membership fees are reasonable and offer significant benefits, such as business advisory materials and training sessions. We also offer various collaboration opportunities for other organizations and companies. If your organization is interested in membership or partnerships, please contact<\/p>\n\n\n\n<p><a href=\"mailto:info@uusyrityskeskus.fi\">info@uusyrityskeskus.fi<\/a><\/p>\n<\/div>\n<\/div>\n<\/div>\n<\/div>\n","protected":false},"excerpt":{"rendered":"","protected":false},"author":1,"featured_media":0,"parent":0,"menu_order":0,"comment_status":"closed","ping_status":"closed","template":"","meta":{"iawp_total_views":522,"footnotes":""},"class_list":["post-16431","page","type-page","status-publish","hentry"],"yoast_head":"<!-- This site is optimized with the Yoast SEO plugin v26.8 - https:\/\/yoast.com\/product\/yoast-seo-wordpress\/ -->\n<title>Lataa ilmainen yrityksen perustamisopas PDF | Uusyrityskeskus<\/title>\n<meta name=\"description\" content=\"Lataa ilmainen yrityksen perustamisopas PDF. Kattava opas liiketoimintasuunnitelmasta, rahoituksesta, yritysmuodoista ja rekister\u00f6innist\u00e4. T\u00e4yt\u00e4 lomake ja lataa heti!\" \/>\n<meta name=\"robots\" content=\"index, follow, max-snippet:-1, max-image-preview:large, max-video-preview:-1\" \/>\n<link rel=\"canonical\" href=\"https:\/\/uusyrityskeskus.fi\/en\/download-guide-to-starting-a-business\/\" \/>\n<meta property=\"og:locale\" content=\"en_US\" \/>\n<meta property=\"og:type\" content=\"article\" \/>\n<meta property=\"og:title\" content=\"Lataa ilmainen yrityksen perustamisopas PDF | Uusyrityskeskus\" \/>\n<meta property=\"og:description\" content=\"Lataa ilmainen yrityksen perustamisopas PDF. Kattava opas liiketoimintasuunnitelmasta, rahoituksesta, yritysmuodoista ja rekister\u00f6innist\u00e4. T\u00e4yt\u00e4 lomake ja lataa heti!\" \/>\n<meta property=\"og:url\" content=\"https:\/\/uusyrityskeskus.fi\/en\/download-guide-to-starting-a-business\/\" \/>\n<meta property=\"og:site_name\" content=\"Uusyrityskeskus\" \/>\n<meta property=\"article:modified_time\" content=\"2026-02-12T19:11:47+00:00\" \/>\n<meta property=\"og:image\" content=\"https:\/\/uusyrityskeskus.fi\/wp-content\/uploads\/2025\/10\/Uusyrityskeskus_EN_Perustamisopas_2025_kansi-scaled-1.jpg\" \/>\n\t<meta property=\"og:image:width\" content=\"1810\" \/>\n\t<meta property=\"og:image:height\" content=\"2560\" \/>\n\t<meta property=\"og:image:type\" content=\"image\/jpeg\" \/>\n<meta name=\"twitter:card\" content=\"summary_large_image\" \/>\n<meta name=\"twitter:label1\" content=\"Est. reading time\" \/>\n\t<meta name=\"twitter:data1\" content=\"2 minutes\" \/>\n<script type=\"application\/ld+json\" class=\"yoast-schema-graph\">{\"@context\":\"https:\/\/schema.org\",\"@graph\":[{\"@type\":\"WebPage\",\"@id\":\"https:\/\/uusyrityskeskus.fi\/en\/download-guide-to-starting-a-business\/\",\"url\":\"https:\/\/uusyrityskeskus.fi\/en\/download-guide-to-starting-a-business\/\",\"name\":\"Lataa ilmainen yrityksen perustamisopas PDF | Uusyrityskeskus\",\"isPartOf\":{\"@id\":\"https:\/\/uusyrityskeskus.fi\/en\/#website\"},\"primaryImageOfPage\":{\"@id\":\"https:\/\/uusyrityskeskus.fi\/en\/download-guide-to-starting-a-business\/#primaryimage\"},\"image\":{\"@id\":\"https:\/\/uusyrityskeskus.fi\/en\/download-guide-to-starting-a-business\/#primaryimage\"},\"thumbnailUrl\":\"https:\/\/uusyrityskeskus.fi\/wp-content\/uploads\/2025\/10\/Uusyrityskeskus_EN_Perustamisopas_2025_kansi-scaled-1-724x1024.jpg\",\"datePublished\":\"2025-09-25T09:45:56+00:00\",\"dateModified\":\"2026-02-12T19:11:47+00:00\",\"description\":\"Lataa ilmainen yrityksen perustamisopas PDF. Kattava opas liiketoimintasuunnitelmasta, rahoituksesta, yritysmuodoista ja rekister\u00f6innist\u00e4. T\u00e4yt\u00e4 lomake ja lataa heti!\",\"breadcrumb\":{\"@id\":\"https:\/\/uusyrityskeskus.fi\/en\/download-guide-to-starting-a-business\/#breadcrumb\"},\"inLanguage\":\"en-US\",\"potentialAction\":[{\"@type\":\"ReadAction\",\"target\":[\"https:\/\/uusyrityskeskus.fi\/en\/download-guide-to-starting-a-business\/\"]}]},{\"@type\":\"ImageObject\",\"inLanguage\":\"en-US\",\"@id\":\"https:\/\/uusyrityskeskus.fi\/en\/download-guide-to-starting-a-business\/#primaryimage\",\"url\":\"https:\/\/uusyrityskeskus.fi\/wp-content\/uploads\/2025\/10\/Uusyrityskeskus_EN_Perustamisopas_2025_kansi-scaled-1-724x1024.jpg\",\"contentUrl\":\"https:\/\/uusyrityskeskus.fi\/wp-content\/uploads\/2025\/10\/Uusyrityskeskus_EN_Perustamisopas_2025_kansi-scaled-1-724x1024.jpg\"},{\"@type\":\"BreadcrumbList\",\"@id\":\"https:\/\/uusyrityskeskus.fi\/en\/download-guide-to-starting-a-business\/#breadcrumb\",\"itemListElement\":[{\"@type\":\"ListItem\",\"position\":1,\"name\":\"Etusivu\",\"item\":\"https:\/\/uusyrityskeskus.fi\/en\/\"},{\"@type\":\"ListItem\",\"position\":2,\"name\":\"Download &#8211; Guide to Entrepreneurship\"}]},{\"@type\":\"WebSite\",\"@id\":\"https:\/\/uusyrityskeskus.fi\/en\/#website\",\"url\":\"https:\/\/uusyrityskeskus.fi\/en\/\",\"name\":\"Uusyrityskeskus\",\"description\":\"Yritt\u00e4jyyden unelmista onnistumisia.\",\"potentialAction\":[{\"@type\":\"SearchAction\",\"target\":{\"@type\":\"EntryPoint\",\"urlTemplate\":\"https:\/\/uusyrityskeskus.fi\/en\/?s={search_term_string}\"},\"query-input\":{\"@type\":\"PropertyValueSpecification\",\"valueRequired\":true,\"valueName\":\"search_term_string\"}}],\"inLanguage\":\"en-US\"}]}<\/script>\n<!-- \/ Yoast SEO plugin. -->","yoast_head_json":{"title":"Lataa ilmainen yrityksen perustamisopas PDF | Uusyrityskeskus","description":"Lataa ilmainen yrityksen perustamisopas PDF. Kattava opas liiketoimintasuunnitelmasta, rahoituksesta, yritysmuodoista ja rekister\u00f6innist\u00e4. T\u00e4yt\u00e4 lomake ja lataa heti!","robots":{"index":"index","follow":"follow","max-snippet":"max-snippet:-1","max-image-preview":"max-image-preview:large","max-video-preview":"max-video-preview:-1"},"canonical":"https:\/\/uusyrityskeskus.fi\/en\/download-guide-to-starting-a-business\/","og_locale":"en_US","og_type":"article","og_title":"Lataa ilmainen yrityksen perustamisopas PDF | Uusyrityskeskus","og_description":"Lataa ilmainen yrityksen perustamisopas PDF. Kattava opas liiketoimintasuunnitelmasta, rahoituksesta, yritysmuodoista ja rekister\u00f6innist\u00e4. T\u00e4yt\u00e4 lomake ja lataa heti!","og_url":"https:\/\/uusyrityskeskus.fi\/en\/download-guide-to-starting-a-business\/","og_site_name":"Uusyrityskeskus","article_modified_time":"2026-02-12T19:11:47+00:00","og_image":[{"width":1810,"height":2560,"url":"https:\/\/uusyrityskeskus.fi\/wp-content\/uploads\/2025\/10\/Uusyrityskeskus_EN_Perustamisopas_2025_kansi-scaled-1.jpg","type":"image\/jpeg"}],"twitter_card":"summary_large_image","twitter_misc":{"Est. reading time":"2 minutes"},"schema":{"@context":"https:\/\/schema.org","@graph":[{"@type":"WebPage","@id":"https:\/\/uusyrityskeskus.fi\/en\/download-guide-to-starting-a-business\/","url":"https:\/\/uusyrityskeskus.fi\/en\/download-guide-to-starting-a-business\/","name":"Lataa ilmainen yrityksen perustamisopas PDF | Uusyrityskeskus","isPartOf":{"@id":"https:\/\/uusyrityskeskus.fi\/en\/#website"},"primaryImageOfPage":{"@id":"https:\/\/uusyrityskeskus.fi\/en\/download-guide-to-starting-a-business\/#primaryimage"},"image":{"@id":"https:\/\/uusyrityskeskus.fi\/en\/download-guide-to-starting-a-business\/#primaryimage"},"thumbnailUrl":"https:\/\/uusyrityskeskus.fi\/wp-content\/uploads\/2025\/10\/Uusyrityskeskus_EN_Perustamisopas_2025_kansi-scaled-1-724x1024.jpg","datePublished":"2025-09-25T09:45:56+00:00","dateModified":"2026-02-12T19:11:47+00:00","description":"Lataa ilmainen yrityksen perustamisopas PDF. Kattava opas liiketoimintasuunnitelmasta, rahoituksesta, yritysmuodoista ja rekister\u00f6innist\u00e4. T\u00e4yt\u00e4 lomake ja lataa heti!","breadcrumb":{"@id":"https:\/\/uusyrityskeskus.fi\/en\/download-guide-to-starting-a-business\/#breadcrumb"},"inLanguage":"en-US","potentialAction":[{"@type":"ReadAction","target":["https:\/\/uusyrityskeskus.fi\/en\/download-guide-to-starting-a-business\/"]}]},{"@type":"ImageObject","inLanguage":"en-US","@id":"https:\/\/uusyrityskeskus.fi\/en\/download-guide-to-starting-a-business\/#primaryimage","url":"https:\/\/uusyrityskeskus.fi\/wp-content\/uploads\/2025\/10\/Uusyrityskeskus_EN_Perustamisopas_2025_kansi-scaled-1-724x1024.jpg","contentUrl":"https:\/\/uusyrityskeskus.fi\/wp-content\/uploads\/2025\/10\/Uusyrityskeskus_EN_Perustamisopas_2025_kansi-scaled-1-724x1024.jpg"},{"@type":"BreadcrumbList","@id":"https:\/\/uusyrityskeskus.fi\/en\/download-guide-to-starting-a-business\/#breadcrumb","itemListElement":[{"@type":"ListItem","position":1,"name":"Etusivu","item":"https:\/\/uusyrityskeskus.fi\/en\/"},{"@type":"ListItem","position":2,"name":"Download &#8211; Guide to Entrepreneurship"}]},{"@type":"WebSite","@id":"https:\/\/uusyrityskeskus.fi\/en\/#website","url":"https:\/\/uusyrityskeskus.fi\/en\/","name":"Uusyrityskeskus","description":"Yritt\u00e4jyyden unelmista onnistumisia.","potentialAction":[{"@type":"SearchAction","target":{"@type":"EntryPoint","urlTemplate":"https:\/\/uusyrityskeskus.fi\/en\/?s={search_term_string}"},"query-input":{"@type":"PropertyValueSpecification","valueRequired":true,"valueName":"search_term_string"}}],"inLanguage":"en-US"}]}},"_links":{"self":[{"href":"https:\/\/uusyrityskeskus.fi\/en\/wp-json\/wp\/v2\/pages\/16431","targetHints":{"allow":["GET"]}}],"collection":[{"href":"https:\/\/uusyrityskeskus.fi\/en\/wp-json\/wp\/v2\/pages"}],"about":[{"href":"https:\/\/uusyrityskeskus.fi\/en\/wp-json\/wp\/v2\/types\/page"}],"author":[{"embeddable":true,"href":"https:\/\/uusyrityskeskus.fi\/en\/wp-json\/wp\/v2\/users\/1"}],"replies":[{"embeddable":true,"href":"https:\/\/uusyrityskeskus.fi\/en\/wp-json\/wp\/v2\/comments?post=16431"}],"version-history":[{"count":3,"href":"https:\/\/uusyrityskeskus.fi\/en\/wp-json\/wp\/v2\/pages\/16431\/revisions"}],"predecessor-version":[{"id":17496,"href":"https:\/\/uusyrityskeskus.fi\/en\/wp-json\/wp\/v2\/pages\/16431\/revisions\/17496"}],"wp:attachment":[{"href":"https:\/\/uusyrityskeskus.fi\/en\/wp-json\/wp\/v2\/media?parent=16431"}],"curies":[{"name":"wp","href":"https:\/\/api.w.org\/{rel}","templated":true}]}}