{"id":15671,"date":"2025-09-10T15:46:05","date_gmt":"2025-09-10T12:46:05","guid":{"rendered":"https:\/\/uusyrityskeskus.fi\/information-and-results\/yhteystiedot\/"},"modified":"2026-01-07T10:32:08","modified_gmt":"2026-01-07T08:32:08","slug":"contact-information","status":"publish","type":"page","link":"https:\/\/uusyrityskeskus.fi\/en\/information-and-results\/contact-information\/","title":{"rendered":"Contact information"},"content":{"rendered":"\n<div class=\"wp-block-tovaristrap-ts-container ts-container header--section\">\n<div class=\"ts-div header--row\">\n<h1 class=\"wp-block-heading\">Contact information<\/h1>\n<\/div>\n<\/div>\n\n\n\n<div class=\"wp-block-tovaristrap-ts-container ts-container base--section pt-0 pb-0 border-bottom\">\n<div class=\"ts-div content--row\"><div class=\"yoast-breadcrumbs\"><span><span><a href=\"https:\/\/uusyrityskeskus.fi\/en\/\">Etusivu<\/a><\/span> \u00bb <span><a href=\"https:\/\/uusyrityskeskus.fi\/en\/information-and-results\/\">Information and results<\/a><\/span> \u00bb <span class=\"breadcrumb_last\" aria-current=\"page\">Contact information<\/span><\/span><\/div><\/div>\n<\/div>\n\n\n\n<div class=\"wp-block-tovaristrap-ts-container ts-container base--section pb--0 pt--0\">\n<div class=\"ts-div content--row\">\n<div class=\"wp-block-columns custom_row is-layout-flex wp-container-core-columns-is-layout-9d6595d7 wp-block-columns-is-layout-flex\">\n<div class=\"wp-block-column vertical-align-flex second-on-mobile is-layout-flow wp-block-column-is-layout-flow\" style=\"flex-basis:66.66%\">\n<h2 class=\"wp-block-heading\">Do you need free and professional business advice?<\/h2>\n\n\n\n<h2 class=\"wp-block-heading\">You can find contact information for business advisors in your area&nbsp;<strong><a href=\"https:\/\/uusyrityskeskus.fi\/en\/regional-enterprise-agencies\/\">here<\/a>.<\/strong><\/h2>\n\n\n\n<p><\/p>\n\n\n\n<p><\/p>\n\n\n\n<h3 class=\"wp-block-heading\">Contact information:<\/h3>\n\n\n\n<p>Suomen Uusyrityskeskukset ry<br>Kyllikinportti 2<br>00240 HELSINKI<\/p>\n<\/div>\n\n\n\n<div class=\"wp-block-column vertical-align-flex first-on-mobile is-layout-flow wp-block-column-is-layout-flow\" style=\"flex-basis:33.33%\">\n<figure class=\"wp-block-image size-large image--width--400\"><img decoding=\"async\" width=\"711\" height=\"1024\" data-src=\"https:\/\/uusyrityskeskus.fi\/wp-content\/uploads\/2025\/09\/Kuvitus28_Vastuullisuus-min-711x1024.png\" alt=\"\" class=\"wp-image-14296 lazyload\" data-srcset=\"https:\/\/uusyrityskeskus.fi\/wp-content\/uploads\/2025\/09\/Kuvitus28_Vastuullisuus-min-711x1024.png 711w, https:\/\/uusyrityskeskus.fi\/wp-content\/uploads\/2025\/09\/Kuvitus28_Vastuullisuus-min-208x300.png 208w, https:\/\/uusyrityskeskus.fi\/wp-content\/uploads\/2025\/09\/Kuvitus28_Vastuullisuus-min-768x1105.png 768w, https:\/\/uusyrityskeskus.fi\/wp-content\/uploads\/2025\/09\/Kuvitus28_Vastuullisuus-min-1067x1536.png 1067w, https:\/\/uusyrityskeskus.fi\/wp-content\/uploads\/2025\/09\/Kuvitus28_Vastuullisuus-min-1423x2048.png 1423w, https:\/\/uusyrityskeskus.fi\/wp-content\/uploads\/2025\/09\/Kuvitus28_Vastuullisuus-min-scaled.png 1779w\" data-sizes=\"(max-width: 711px) 100vw, 711px\" src=\"data:image\/svg+xml;base64,PHN2ZyB3aWR0aD0iMSIgaGVpZ2h0PSIxIiB4bWxucz0iaHR0cDovL3d3dy53My5vcmcvMjAwMC9zdmciPjwvc3ZnPg==\" style=\"--smush-placeholder-width: 711px; --smush-placeholder-aspect-ratio: 711\/1024;\" \/><\/figure>\n<\/div>\n<\/div>\n<\/div>\n<\/div>\n\n\n\n<div class=\"wp-block-tovaristrap-ts-container ts-container base--section pt--0 pb--0\">\n<div class=\"ts-div content--row\">\n<div class=\"wp-block-columns is-layout-flex wp-container-core-columns-is-layout-9d6595d7 wp-block-columns-is-layout-flex\">\n<div class=\"wp-block-column is-layout-flow wp-block-column-is-layout-flow\">\n<figure class=\"wp-block-image size-large\"><img decoding=\"async\" width=\"1024\" height=\"768\" data-src=\"https:\/\/uusyrityskeskus.fi\/wp-content\/uploads\/2025\/09\/Anneli_Komi-Uusyrityskeskus-1024x768.jpg\" alt=\"\" class=\"wp-image-14412 lazyload\" data-srcset=\"https:\/\/uusyrityskeskus.fi\/wp-content\/uploads\/2025\/09\/Anneli_Komi-Uusyrityskeskus-1024x768.jpg 1024w, https:\/\/uusyrityskeskus.fi\/wp-content\/uploads\/2025\/09\/Anneli_Komi-Uusyrityskeskus-300x225.jpg 300w, https:\/\/uusyrityskeskus.fi\/wp-content\/uploads\/2025\/09\/Anneli_Komi-Uusyrityskeskus-768x576.jpg 768w, https:\/\/uusyrityskeskus.fi\/wp-content\/uploads\/2025\/09\/Anneli_Komi-Uusyrityskeskus.jpg 1200w\" data-sizes=\"(max-width: 1024px) 100vw, 1024px\" src=\"data:image\/svg+xml;base64,PHN2ZyB3aWR0aD0iMSIgaGVpZ2h0PSIxIiB4bWxucz0iaHR0cDovL3d3dy53My5vcmcvMjAwMC9zdmciPjwvc3ZnPg==\" style=\"--smush-placeholder-width: 1024px; --smush-placeholder-aspect-ratio: 1024\/768;\" \/><\/figure>\n\n\n\n<h4 class=\"wp-block-heading\">Anneli Komi<\/h4>\n\n\n\n<p>Managing Director (Advocacy &amp; Memberships)<\/p>\n\n\n\n<p><a href=\"tel:045 1220 142\">045 1220 142<\/a><br><a href=\"mailto:anneli.komi@uusyrityskeskus.fi\">anneli.komi@uusyrityskeskus.fi<\/a><\/p>\n<\/div>\n\n\n\n<div class=\"wp-block-column is-layout-flow wp-block-column-is-layout-flow\">\n<figure class=\"wp-block-image size-large\"><img decoding=\"async\" width=\"1024\" height=\"768\" data-src=\"https:\/\/uusyrityskeskus.fi\/wp-content\/uploads\/2025\/09\/Anna_Laaksonen-Uusyrityskeskus-1024x768.jpg\" alt=\"\" class=\"wp-image-14411 lazyload\" data-srcset=\"https:\/\/uusyrityskeskus.fi\/wp-content\/uploads\/2025\/09\/Anna_Laaksonen-Uusyrityskeskus-1024x768.jpg 1024w, https:\/\/uusyrityskeskus.fi\/wp-content\/uploads\/2025\/09\/Anna_Laaksonen-Uusyrityskeskus-300x225.jpg 300w, https:\/\/uusyrityskeskus.fi\/wp-content\/uploads\/2025\/09\/Anna_Laaksonen-Uusyrityskeskus-768x576.jpg 768w, https:\/\/uusyrityskeskus.fi\/wp-content\/uploads\/2025\/09\/Anna_Laaksonen-Uusyrityskeskus.jpg 1200w\" data-sizes=\"(max-width: 1024px) 100vw, 1024px\" src=\"data:image\/svg+xml;base64,PHN2ZyB3aWR0aD0iMSIgaGVpZ2h0PSIxIiB4bWxucz0iaHR0cDovL3d3dy53My5vcmcvMjAwMC9zdmciPjwvc3ZnPg==\" style=\"--smush-placeholder-width: 1024px; --smush-placeholder-aspect-ratio: 1024\/768;\" \/><\/figure>\n\n\n\n<h4 class=\"wp-block-heading\">Anna Laaksonen<\/h4>\n\n\n\n<p>Network Coordinator (Administration &amp; Communications)<\/p>\n\n\n\n<p><a href=\"tel:050 5771 392\">050 5771 392<\/a><br><a href=\"mailto:anna.laaksonen@uusyrityskeskus.fi\">anna.laaksonen@uusyrityskeskus.fi<\/a><\/p>\n<\/div>\n\n\n\n<div class=\"wp-block-column is-layout-flow wp-block-column-is-layout-flow\">\n<figure class=\"wp-block-image size-large\"><img decoding=\"async\" width=\"1024\" height=\"768\" data-src=\"https:\/\/uusyrityskeskus.fi\/wp-content\/uploads\/2025\/09\/Nita_Vallimaki-Uusyrityskeskus-1024x768.jpg\" alt=\"\" class=\"wp-image-14410 lazyload\" data-srcset=\"https:\/\/uusyrityskeskus.fi\/wp-content\/uploads\/2025\/09\/Nita_Vallimaki-Uusyrityskeskus-1024x768.jpg 1024w, https:\/\/uusyrityskeskus.fi\/wp-content\/uploads\/2025\/09\/Nita_Vallimaki-Uusyrityskeskus-300x225.jpg 300w, https:\/\/uusyrityskeskus.fi\/wp-content\/uploads\/2025\/09\/Nita_Vallimaki-Uusyrityskeskus-768x576.jpg 768w, https:\/\/uusyrityskeskus.fi\/wp-content\/uploads\/2025\/09\/Nita_Vallimaki-Uusyrityskeskus.jpg 1200w\" data-sizes=\"(max-width: 1024px) 100vw, 1024px\" src=\"data:image\/svg+xml;base64,PHN2ZyB3aWR0aD0iMSIgaGVpZ2h0PSIxIiB4bWxucz0iaHR0cDovL3d3dy53My5vcmcvMjAwMC9zdmciPjwvc3ZnPg==\" style=\"--smush-placeholder-width: 1024px; --smush-placeholder-aspect-ratio: 1024\/768;\" \/><\/figure>\n\n\n\n<h4 class=\"wp-block-heading\">Nita Vallim\u00e4ki<\/h4>\n\n\n\n<p>Expert (events &amp; advocacy communications)<\/p>\n\n\n\n<p><a href=\"tel:050 372 0421\">050 372 0421<\/a><br><a href=\"mailto:nita.vallimaki@uusyrityskeskus.fi\">nita.vallimaki@uusyrityskeskus.fi<\/a><\/p>\n<\/div>\n<\/div>\n\n\n\n<div class=\"wp-block-columns is-layout-flex wp-container-core-columns-is-layout-9d6595d7 wp-block-columns-is-layout-flex\">\n<div class=\"wp-block-column is-layout-flow wp-block-column-is-layout-flow\">\n<figure class=\"wp-block-image size-large\"><img decoding=\"async\" width=\"1024\" height=\"768\" data-src=\"https:\/\/uusyrityskeskus.fi\/wp-content\/uploads\/2025\/09\/Katja_Remes-Uusyrityskeskus-1024x768.jpg\" alt=\"\" class=\"wp-image-14413 lazyload\" data-srcset=\"https:\/\/uusyrityskeskus.fi\/wp-content\/uploads\/2025\/09\/Katja_Remes-Uusyrityskeskus-1024x768.jpg 1024w, https:\/\/uusyrityskeskus.fi\/wp-content\/uploads\/2025\/09\/Katja_Remes-Uusyrityskeskus-300x225.jpg 300w, https:\/\/uusyrityskeskus.fi\/wp-content\/uploads\/2025\/09\/Katja_Remes-Uusyrityskeskus-768x576.jpg 768w, https:\/\/uusyrityskeskus.fi\/wp-content\/uploads\/2025\/09\/Katja_Remes-Uusyrityskeskus.jpg 1200w\" data-sizes=\"(max-width: 1024px) 100vw, 1024px\" src=\"data:image\/svg+xml;base64,PHN2ZyB3aWR0aD0iMSIgaGVpZ2h0PSIxIiB4bWxucz0iaHR0cDovL3d3dy53My5vcmcvMjAwMC9zdmciPjwvc3ZnPg==\" style=\"--smush-placeholder-width: 1024px; --smush-placeholder-aspect-ratio: 1024\/768;\" \/><\/figure>\n\n\n\n<h4 class=\"wp-block-heading\">Katja Remes<\/h4>\n\n\n\n<p>Development Manager (Quality and Development)<\/p>\n\n\n\n<p><a href=\"tel:045 1220 142\"><\/a><a href=\"tel:044 246 3620\">044 246 3620<\/a><br><a href=\"mailto:katja.remes@uusyrityskeskus.fi\"><\/a><a href=\"mailto:katja.remes@uusyrityskeskus.fi\">katja.remes@uusyrityskeskus.fi<\/a><\/p>\n<\/div>\n\n\n\n<div class=\"wp-block-column is-layout-flow wp-block-column-is-layout-flow\"><\/div>\n\n\n\n<div class=\"wp-block-column is-layout-flow wp-block-column-is-layout-flow\"><\/div>\n<\/div>\n<\/div>\n<\/div>\n\n\n\n<div class=\"wp-block-tovaristrap-ts-container ts-container base--section pt--0 pb--0\">\n<div class=\"ts-div content--row bg--turquoise with--bg--color\">\n<div class=\"wp-block-columns is-layout-flex wp-container-core-columns-is-layout-9d6595d7 wp-block-columns-is-layout-flex\">\n<div class=\"wp-block-column is-layout-flow wp-block-column-is-layout-flow\">\n<h2 class=\"wp-block-heading has-text-align-center\" id=\"laskutustiedot\">Suomen Uusyrityskeskusten ry e-invoice address<\/h2>\n\n\n\n<p class=\"has-text-align-center\">Operaattori: Apix Messaging Oy (003723327487)<br>Verkkolaskuosoite: 003710995742<br>OVT-tunnus: 003710995742<\/p>\n\n\n\n<p class=\"has-text-align-center\">See instructions for sending and scanning paper invoices&nbsp;<a href=\"\/wp-content\/uploads\/2025\/09\/Suomen-Uusyrityskeskukset-ry-Verkkolaskutiedote.pdf\" target=\"_blank\" rel=\"noreferrer noopener\">here<\/a> (In Finnish)<\/p>\n<\/div>\n<\/div>\n<\/div>\n<\/div>\n\n\n\n<div class=\"wp-block-tovaristrap-ts-container ts-container base--section\">\n<div class=\"ts-div content--row bg--lightbeige with--bg--color\">\n<div class=\"wp-block-columns is-layout-flex wp-container-core-columns-is-layout-9d6595d7 wp-block-columns-is-layout-flex\">\n<div class=\"wp-block-column is-layout-flow wp-block-column-is-layout-flow\">\n<h2 class=\"wp-block-heading has-text-align-center\">SUK-Palvelu Oy e-invoice address (Invoices regarding the establishment guide)<\/h2>\n\n\n\n<p class=\"has-text-align-center\">Operaattori: Apix Messaging Oy (003723327487)<br>Verkkolaskuosoite: 003722529335<br>OVT-tunnus: 003722529335<\/p>\n\n\n\n<p class=\"has-text-align-center\">See instructions for sending and scanning paper invoices&nbsp;<a href=\"\/wp-content\/uploads\/2025\/09\/SUK-Palvelu-Oy-verkkolaskutiedote.pdf\" target=\"_blank\" rel=\"noreferrer noopener\">here<\/a> (In Finnish)<\/p>\n<\/div>\n<\/div>\n<\/div>\n<\/div>\n","protected":false},"excerpt":{"rendered":"","protected":false},"author":1,"featured_media":0,"parent":15518,"menu_order":0,"comment_status":"closed","ping_status":"closed","template":"","meta":{"iawp_total_views":22,"footnotes":""},"class_list":["post-15671","page","type-page","status-publish","hentry"],"yoast_head":"<!-- This site is optimized with the Yoast SEO plugin v26.8 - https:\/\/yoast.com\/product\/yoast-seo-wordpress\/ -->\n<title>Contact information - P\u00e4\u00e4konttori ja hallinto | Uusyrityskeskus<\/title>\n<meta name=\"description\" content=\"Toimiston yhteystiedot: Suomen Uusyrityskeskukset ry:n hallinto, laskutus ja yhteisty\u00f6. Yritysneuvontaan varaa aika l\u00e4himm\u00e4st\u00e4 toimipisteest\u00e4.\" \/>\n<meta name=\"robots\" content=\"index, follow, max-snippet:-1, max-image-preview:large, max-video-preview:-1\" \/>\n<link rel=\"canonical\" href=\"https:\/\/uusyrityskeskus.fi\/en\/information-and-results\/contact-information\/\" \/>\n<meta property=\"og:locale\" content=\"en_US\" \/>\n<meta property=\"og:type\" content=\"article\" \/>\n<meta property=\"og:title\" content=\"Contact information - P\u00e4\u00e4konttori ja hallinto | Uusyrityskeskus\" \/>\n<meta property=\"og:description\" content=\"Toimiston yhteystiedot: Suomen Uusyrityskeskukset ry:n hallinto, laskutus ja yhteisty\u00f6. Yritysneuvontaan varaa aika l\u00e4himm\u00e4st\u00e4 toimipisteest\u00e4.\" \/>\n<meta property=\"og:url\" content=\"https:\/\/uusyrityskeskus.fi\/en\/information-and-results\/contact-information\/\" \/>\n<meta property=\"og:site_name\" content=\"Uusyrityskeskus\" \/>\n<meta property=\"article:modified_time\" content=\"2026-01-07T08:32:08+00:00\" \/>\n<meta property=\"og:image\" content=\"https:\/\/uusyrityskeskus.fi\/wp-content\/uploads\/2025\/09\/Kuvitus28_Vastuullisuus-min-scaled.png\" \/>\n\t<meta property=\"og:image:width\" content=\"1779\" \/>\n\t<meta property=\"og:image:height\" content=\"2560\" \/>\n\t<meta property=\"og:image:type\" content=\"image\/png\" \/>\n<meta name=\"twitter:card\" content=\"summary_large_image\" \/>\n<meta name=\"twitter:label1\" content=\"Est. reading time\" \/>\n\t<meta name=\"twitter:data1\" content=\"2 minutes\" \/>\n<script type=\"application\/ld+json\" class=\"yoast-schema-graph\">{\"@context\":\"https:\/\/schema.org\",\"@graph\":[{\"@type\":\"WebPage\",\"@id\":\"https:\/\/uusyrityskeskus.fi\/en\/information-and-results\/contact-information\/\",\"url\":\"https:\/\/uusyrityskeskus.fi\/en\/information-and-results\/contact-information\/\",\"name\":\"Contact information - P\u00e4\u00e4konttori ja hallinto | Uusyrityskeskus\",\"isPartOf\":{\"@id\":\"https:\/\/uusyrityskeskus.fi\/en\/#website\"},\"primaryImageOfPage\":{\"@id\":\"https:\/\/uusyrityskeskus.fi\/en\/information-and-results\/contact-information\/#primaryimage\"},\"image\":{\"@id\":\"https:\/\/uusyrityskeskus.fi\/en\/information-and-results\/contact-information\/#primaryimage\"},\"thumbnailUrl\":\"https:\/\/uusyrityskeskus.fi\/wp-content\/uploads\/2025\/09\/Kuvitus28_Vastuullisuus-min-711x1024.png\",\"datePublished\":\"2025-09-10T12:46:05+00:00\",\"dateModified\":\"2026-01-07T08:32:08+00:00\",\"description\":\"Toimiston yhteystiedot: Suomen Uusyrityskeskukset ry:n hallinto, laskutus ja yhteisty\u00f6. Yritysneuvontaan varaa aika l\u00e4himm\u00e4st\u00e4 toimipisteest\u00e4.\",\"breadcrumb\":{\"@id\":\"https:\/\/uusyrityskeskus.fi\/en\/information-and-results\/contact-information\/#breadcrumb\"},\"inLanguage\":\"en-US\",\"potentialAction\":[{\"@type\":\"ReadAction\",\"target\":[\"https:\/\/uusyrityskeskus.fi\/en\/information-and-results\/contact-information\/\"]}]},{\"@type\":\"ImageObject\",\"inLanguage\":\"en-US\",\"@id\":\"https:\/\/uusyrityskeskus.fi\/en\/information-and-results\/contact-information\/#primaryimage\",\"url\":\"https:\/\/uusyrityskeskus.fi\/wp-content\/uploads\/2025\/09\/Kuvitus28_Vastuullisuus-min-711x1024.png\",\"contentUrl\":\"https:\/\/uusyrityskeskus.fi\/wp-content\/uploads\/2025\/09\/Kuvitus28_Vastuullisuus-min-711x1024.png\"},{\"@type\":\"BreadcrumbList\",\"@id\":\"https:\/\/uusyrityskeskus.fi\/en\/information-and-results\/contact-information\/#breadcrumb\",\"itemListElement\":[{\"@type\":\"ListItem\",\"position\":1,\"name\":\"Etusivu\",\"item\":\"https:\/\/uusyrityskeskus.fi\/en\/\"},{\"@type\":\"ListItem\",\"position\":2,\"name\":\"Information and results\",\"item\":\"https:\/\/uusyrityskeskus.fi\/en\/information-and-results\/\"},{\"@type\":\"ListItem\",\"position\":3,\"name\":\"Contact information\"}]},{\"@type\":\"WebSite\",\"@id\":\"https:\/\/uusyrityskeskus.fi\/en\/#website\",\"url\":\"https:\/\/uusyrityskeskus.fi\/en\/\",\"name\":\"Uusyrityskeskus\",\"description\":\"Yritt\u00e4jyyden unelmista onnistumisia.\",\"potentialAction\":[{\"@type\":\"SearchAction\",\"target\":{\"@type\":\"EntryPoint\",\"urlTemplate\":\"https:\/\/uusyrityskeskus.fi\/en\/?s={search_term_string}\"},\"query-input\":{\"@type\":\"PropertyValueSpecification\",\"valueRequired\":true,\"valueName\":\"search_term_string\"}}],\"inLanguage\":\"en-US\"}]}<\/script>\n<!-- \/ Yoast SEO plugin. -->","yoast_head_json":{"title":"Contact information - P\u00e4\u00e4konttori ja hallinto | Uusyrityskeskus","description":"Toimiston yhteystiedot: Suomen Uusyrityskeskukset ry:n hallinto, laskutus ja yhteisty\u00f6. Yritysneuvontaan varaa aika l\u00e4himm\u00e4st\u00e4 toimipisteest\u00e4.","robots":{"index":"index","follow":"follow","max-snippet":"max-snippet:-1","max-image-preview":"max-image-preview:large","max-video-preview":"max-video-preview:-1"},"canonical":"https:\/\/uusyrityskeskus.fi\/en\/information-and-results\/contact-information\/","og_locale":"en_US","og_type":"article","og_title":"Contact information - P\u00e4\u00e4konttori ja hallinto | Uusyrityskeskus","og_description":"Toimiston yhteystiedot: Suomen Uusyrityskeskukset ry:n hallinto, laskutus ja yhteisty\u00f6. Yritysneuvontaan varaa aika l\u00e4himm\u00e4st\u00e4 toimipisteest\u00e4.","og_url":"https:\/\/uusyrityskeskus.fi\/en\/information-and-results\/contact-information\/","og_site_name":"Uusyrityskeskus","article_modified_time":"2026-01-07T08:32:08+00:00","og_image":[{"width":1779,"height":2560,"url":"https:\/\/uusyrityskeskus.fi\/wp-content\/uploads\/2025\/09\/Kuvitus28_Vastuullisuus-min-scaled.png","type":"image\/png"}],"twitter_card":"summary_large_image","twitter_misc":{"Est. reading time":"2 minutes"},"schema":{"@context":"https:\/\/schema.org","@graph":[{"@type":"WebPage","@id":"https:\/\/uusyrityskeskus.fi\/en\/information-and-results\/contact-information\/","url":"https:\/\/uusyrityskeskus.fi\/en\/information-and-results\/contact-information\/","name":"Contact information - P\u00e4\u00e4konttori ja hallinto | Uusyrityskeskus","isPartOf":{"@id":"https:\/\/uusyrityskeskus.fi\/en\/#website"},"primaryImageOfPage":{"@id":"https:\/\/uusyrityskeskus.fi\/en\/information-and-results\/contact-information\/#primaryimage"},"image":{"@id":"https:\/\/uusyrityskeskus.fi\/en\/information-and-results\/contact-information\/#primaryimage"},"thumbnailUrl":"https:\/\/uusyrityskeskus.fi\/wp-content\/uploads\/2025\/09\/Kuvitus28_Vastuullisuus-min-711x1024.png","datePublished":"2025-09-10T12:46:05+00:00","dateModified":"2026-01-07T08:32:08+00:00","description":"Toimiston yhteystiedot: Suomen Uusyrityskeskukset ry:n hallinto, laskutus ja yhteisty\u00f6. Yritysneuvontaan varaa aika l\u00e4himm\u00e4st\u00e4 toimipisteest\u00e4.","breadcrumb":{"@id":"https:\/\/uusyrityskeskus.fi\/en\/information-and-results\/contact-information\/#breadcrumb"},"inLanguage":"en-US","potentialAction":[{"@type":"ReadAction","target":["https:\/\/uusyrityskeskus.fi\/en\/information-and-results\/contact-information\/"]}]},{"@type":"ImageObject","inLanguage":"en-US","@id":"https:\/\/uusyrityskeskus.fi\/en\/information-and-results\/contact-information\/#primaryimage","url":"https:\/\/uusyrityskeskus.fi\/wp-content\/uploads\/2025\/09\/Kuvitus28_Vastuullisuus-min-711x1024.png","contentUrl":"https:\/\/uusyrityskeskus.fi\/wp-content\/uploads\/2025\/09\/Kuvitus28_Vastuullisuus-min-711x1024.png"},{"@type":"BreadcrumbList","@id":"https:\/\/uusyrityskeskus.fi\/en\/information-and-results\/contact-information\/#breadcrumb","itemListElement":[{"@type":"ListItem","position":1,"name":"Etusivu","item":"https:\/\/uusyrityskeskus.fi\/en\/"},{"@type":"ListItem","position":2,"name":"Information and results","item":"https:\/\/uusyrityskeskus.fi\/en\/information-and-results\/"},{"@type":"ListItem","position":3,"name":"Contact information"}]},{"@type":"WebSite","@id":"https:\/\/uusyrityskeskus.fi\/en\/#website","url":"https:\/\/uusyrityskeskus.fi\/en\/","name":"Uusyrityskeskus","description":"Yritt\u00e4jyyden unelmista onnistumisia.","potentialAction":[{"@type":"SearchAction","target":{"@type":"EntryPoint","urlTemplate":"https:\/\/uusyrityskeskus.fi\/en\/?s={search_term_string}"},"query-input":{"@type":"PropertyValueSpecification","valueRequired":true,"valueName":"search_term_string"}}],"inLanguage":"en-US"}]}},"_links":{"self":[{"href":"https:\/\/uusyrityskeskus.fi\/en\/wp-json\/wp\/v2\/pages\/15671","targetHints":{"allow":["GET"]}}],"collection":[{"href":"https:\/\/uusyrityskeskus.fi\/en\/wp-json\/wp\/v2\/pages"}],"about":[{"href":"https:\/\/uusyrityskeskus.fi\/en\/wp-json\/wp\/v2\/types\/page"}],"author":[{"embeddable":true,"href":"https:\/\/uusyrityskeskus.fi\/en\/wp-json\/wp\/v2\/users\/1"}],"replies":[{"embeddable":true,"href":"https:\/\/uusyrityskeskus.fi\/en\/wp-json\/wp\/v2\/comments?post=15671"}],"version-history":[{"count":5,"href":"https:\/\/uusyrityskeskus.fi\/en\/wp-json\/wp\/v2\/pages\/15671\/revisions"}],"predecessor-version":[{"id":17078,"href":"https:\/\/uusyrityskeskus.fi\/en\/wp-json\/wp\/v2\/pages\/15671\/revisions\/17078"}],"up":[{"embeddable":true,"href":"https:\/\/uusyrityskeskus.fi\/en\/wp-json\/wp\/v2\/pages\/15518"}],"wp:attachment":[{"href":"https:\/\/uusyrityskeskus.fi\/en\/wp-json\/wp\/v2\/media?parent=15671"}],"curies":[{"name":"wp","href":"https:\/\/api.w.org\/{rel}","templated":true}]}}