{"id":15541,"date":"2025-09-29T14:47:08","date_gmt":"2025-09-29T11:47:08","guid":{"rendered":"https:\/\/uusyrityskeskus.fi\/palvelumme-alkavalle-yrittajalle\/"},"modified":"2026-02-12T21:16:25","modified_gmt":"2026-02-12T19:16:25","slug":"our-services-for-starting-entrepreneurs","status":"publish","type":"page","link":"https:\/\/uusyrityskeskus.fi\/en\/our-services-for-starting-entrepreneurs\/","title":{"rendered":"Our services for starting entrepreneurs"},"content":{"rendered":"\n<div class=\"wp-block-tovaristrap-ts-container ts-container header--section\">\n<div class=\"ts-div header--row\">\n<h1 class=\"wp-block-heading\">Our services for starting entrepreneurs<\/h1>\n<\/div>\n<\/div>\n\n\n\n<div class=\"wp-block-tovaristrap-ts-container ts-container base--section pt-0 pb-0 border-bottom\">\n<div class=\"ts-div content--row\"><div class=\"yoast-breadcrumbs\"><span><span><a href=\"https:\/\/uusyrityskeskus.fi\/en\/\">Etusivu<\/a><\/span> \u00bb <span class=\"breadcrumb_last\" aria-current=\"page\">Our services for starting entrepreneurs<\/span><\/span><\/div><\/div>\n<\/div>\n\n\n\n<div class=\"wp-block-tovaristrap-ts-container ts-container base--section\">\n<div class=\"ts-div content--row width--1000\">\n<div class=\"wp-block-columns is-layout-flex wp-container-core-columns-is-layout-9d6595d7 wp-block-columns-is-layout-flex\">\n<div class=\"wp-block-column is-layout-flow wp-block-column-is-layout-flow\">\n<h2 class=\"wp-block-heading has-text-align-center\">Are you planning to establish your own company?<\/h2>\n\n\n\n<p class=\"has-text-align-center\">Enterprise Agencies provide free, confidential and impartial advice in more than 40 locations around Finland.<\/p>\n\n\n\n<p class=\"has-text-align-center\">You can receive sparring to develop your business idea, information on forms of company, funding and permits \u2013 as well as support for light entrepreneurship and becoming an entrepreneur through a change of ownership.<\/p>\n\n\n\n<div class=\"wp-block-buttons is-content-justification-center is-layout-flex wp-container-core-buttons-is-layout-16018d1d wp-block-buttons-is-layout-flex\">\n<div class=\"wp-block-button\"><a class=\"wp-block-button__link wp-element-button\" href=\"https:\/\/uusyrityskeskus.fi\/en\/regional-enterprise-agencies\/\">Find your nearest Enterprise Agency and book an appointment \u2192<\/a><\/div>\n<\/div>\n<\/div>\n<\/div>\n<\/div>\n<\/div>\n\n\n\n<div class=\"wp-block-tovaristrap-ts-container ts-container base--section pt--0 pb--0\">\n<div class=\"ts-div content--row\">\n<h3 class=\"wp-block-heading has-text-align-center\">Our services for company founders<\/h3>\n<\/div>\n\n\n\n<div class=\"ts-div content--row\">\n<div class=\"wp-block-columns is-layout-flex wp-container-core-columns-is-layout-9d6595d7 wp-block-columns-is-layout-flex\">\n<div class=\"wp-block-column list--col--left is-layout-flow wp-block-column-is-layout-flow\">\n<div class=\"wp-block-columns is-layout-flex wp-container-core-columns-is-layout-9d6595d7 wp-block-columns-is-layout-flex\">\n<div class=\"wp-block-column is-layout-flow wp-block-column-is-layout-flow\">\n<h4 class=\"wp-block-heading\">Are you planning to establish your own company?<\/h4>\n\n\n\n<p class=\"mb-4\">Don\u2019t hesitate to take advantage of the free services and events of the Enterprise Agencies. If you wish, you can also receive personal sparring from the business advisors in your area.<\/p>\n\n\n\n<p class=\"mb-4\"><strong>Our services are open to everyone planning to become an entrepreneur<\/strong> \u2013 students, recent graduates, unemployed, employed and those considering buying a company.<br>The advisory services are provided through the regional Enterprise Agency operating in your municipality of residence or in the area where your company is established.<\/p>\n\n\n\n<p>Being a customer does not oblige you to set up a company. We can look into the options together \u2013 but you will decide for yourself.<\/p>\n<\/div>\n<\/div>\n<\/div>\n\n\n\n<div class=\"wp-block-column list--col--right is-layout-flow wp-block-column-is-layout-flow\">\n<div class=\"wp-block-columns is-layout-flex wp-container-core-columns-is-layout-9d6595d7 wp-block-columns-is-layout-flex\">\n<div class=\"wp-block-column is-layout-flow wp-block-column-is-layout-flow\">\n<h4 class=\"wp-block-heading\">Free and impartial advice near you<\/h4>\n\n\n\n<p class=\"mb-4\">There are more than 40 Enterprise Agencies operating in Finland, providing <strong>free, confidential and impartial guidance<\/strong> to those intending to become entrepreneurs.<\/p>\n\n\n\n<p><strong><a href=\"#henkilokohtainen-yritysneuvonta\">&gt; personal business advice<\/a><\/strong><br><strong><a href=\"#yrittajyysinfot\">&gt; Entrepreneurship information \u2013 a good way to get started<\/a><\/strong><br><strong><a href=\"https:\/\/ideanappi.fi\/\" target=\"_blank\" rel=\"noreferrer noopener\">&gt; Idanappi \u2013 test your idea<\/a><\/strong><br><strong><a href=\"https:\/\/uusyrityskeskus.fi\/en\/digital-startup-guide\/\">&gt; A guide to starting an entrepreneur<\/a><\/strong><br><strong><a href=\"https:\/\/uusyrityskeskus.fi\/en\/our-services-for-starting-entrepreneurs\/benefits\/\">&gt; Benefits for a starting entrepreneur<\/a><\/strong><\/p>\n<\/div>\n<\/div>\n<\/div>\n<\/div>\n<\/div>\n<\/div>\n\n\n\n<div class=\"wp-block-tovaristrap-ts-container ts-container base--section\">\n<div class=\"ts-div content--row width--1000\">\n<div class=\"wp-block-columns is-layout-flex wp-container-core-columns-is-layout-9d6595d7 wp-block-columns-is-layout-flex\" id=\"henkilokohtainen-yritysneuvonta\">\n<div class=\"wp-block-column is-layout-flow wp-block-column-is-layout-flow\" style=\"flex-basis:40%\">\n<h3 class=\"wp-block-heading has-text-align-left\">Personal business guidance<\/h3>\n\n\n\n<p class=\"has-text-align-left\">When you want to discuss your business idea, book an appointment <strong>directly at the Agency in your region<\/strong> \u2013 where you will meet an experienced business advisor who spars you individually and helps you move in the right direction.<\/p>\n\n\n\n<figure class=\"wp-block-image size-large\"><img decoding=\"async\" width=\"1024\" height=\"1024\" data-src=\"https:\/\/uusyrityskeskus.fi\/wp-content\/uploads\/2025\/09\/Asiakas_ja_yritysneuvoja_RGB_1080x1080px-1024x1024.png\" alt=\"\" class=\"wp-image-14501 lazyload\" data-srcset=\"https:\/\/uusyrityskeskus.fi\/wp-content\/uploads\/2025\/09\/Asiakas_ja_yritysneuvoja_RGB_1080x1080px-1024x1024.png 1024w, https:\/\/uusyrityskeskus.fi\/wp-content\/uploads\/2025\/09\/Asiakas_ja_yritysneuvoja_RGB_1080x1080px-300x300.png 300w, https:\/\/uusyrityskeskus.fi\/wp-content\/uploads\/2025\/09\/Asiakas_ja_yritysneuvoja_RGB_1080x1080px-150x150.png 150w, https:\/\/uusyrityskeskus.fi\/wp-content\/uploads\/2025\/09\/Asiakas_ja_yritysneuvoja_RGB_1080x1080px-768x768.png 768w, https:\/\/uusyrityskeskus.fi\/wp-content\/uploads\/2025\/09\/Asiakas_ja_yritysneuvoja_RGB_1080x1080px-600x600.png 600w, https:\/\/uusyrityskeskus.fi\/wp-content\/uploads\/2025\/09\/Asiakas_ja_yritysneuvoja_RGB_1080x1080px.png 1081w\" data-sizes=\"(max-width: 1024px) 100vw, 1024px\" src=\"data:image\/svg+xml;base64,PHN2ZyB3aWR0aD0iMSIgaGVpZ2h0PSIxIiB4bWxucz0iaHR0cDovL3d3dy53My5vcmcvMjAwMC9zdmciPjwvc3ZnPg==\" style=\"--smush-placeholder-width: 1024px; --smush-placeholder-aspect-ratio: 1024\/1024;\" \/><\/figure>\n<\/div>\n\n\n\n<div class=\"wp-block-column is-layout-flow wp-block-column-is-layout-flow\" style=\"flex-basis:60%\">\n<h4 class=\"wp-block-heading\">What kind of service can you get?<\/h4>\n\n\n\n<ul class=\"wp-block-list\">\n<li>Sparring for developing a business idea and producing a business plan<\/li>\n\n\n\n<li>Guidance and advice on making the profitability, financing and sales calculations<\/li>\n\n\n\n<li>Understanding of different forms of company and different methods of a corporate acquisition<\/li>\n\n\n\n<li>Information on taxation, necessary permits and funding opportunities (such as the start-up grant)<\/li>\n\n\n\n<li>Tools, such as the <strong>Guide to Starting a Business<\/strong>, calculation templates and practical tips for the daily life of an entrepreneur<\/li>\n\n\n\n<li>Guidance and contacts: if necessary, the business advisor will connect you to the network\u2019s experts (accountants, legal services, insurance experts, banks, etc.) \u2013 you can receive the right kind of support right from the beginning<\/li>\n<\/ul>\n<\/div>\n<\/div>\n<\/div>\n<\/div>\n\n\n\n<div class=\"wp-block-tovaristrap-ts-container ts-container base--section bg--lightgrey border--top--green border--bottom--green\">\n<div class=\"ts-div content--row width--700 call--to--action--row\">\n<div class=\"wp-block-columns mb-0 is-layout-flex wp-container-core-columns-is-layout-9d6595d7 wp-block-columns-is-layout-flex\" id=\"yrittajyysinfot\">\n<div class=\"wp-block-column is-layout-flow wp-block-column-is-layout-flow\">\n<h3 class=\"wp-block-heading has-text-align-center\">Entrepreneurship briefings \u2013 a good way to start<\/h3>\n\n\n\n<p class=\"has-text-align-center\">We organise national entrepreneurship briefings as online webinars, in which everyone can participate, regardless of where they live. In addition, regional Agencies organise their own entrepreneurship information sessions, including live ones.<\/p>\n\n\n\n<p class=\"has-text-align-center\">In our event calendar, you can find both the dates and registration links of the national Entrepreneurship briefing sessions.<\/p>\n\n\n\n<div class=\"wp-block-buttons mb-4 is-content-justification-center is-layout-flex wp-container-core-buttons-is-layout-16018d1d wp-block-buttons-is-layout-flex\">\n<div class=\"wp-block-button\"><a class=\"wp-block-button__link wp-element-button\" href=\"\/tietoa-ja-tuloksia\/tapahtumat\/\">Our events calendar \u2192<\/a><\/div>\n<\/div>\n<\/div>\n<\/div>\n<\/div>\n<\/div>\n\n\n\n<div class=\"wp-block-tovaristrap-ts-container ts-container base--section\">\n<div class=\"wp-block-columns content--row pb--0 pt--0 width--1280 is-layout-flex wp-container-core-columns-is-layout-9d6595d7 wp-block-columns-is-layout-flex\">\n<div class=\"wp-block-column is-layout-flow wp-block-column-is-layout-flow\"><div class=\"wp-block-image image--max--200\">\n<figure class=\"aligncenter size-large\"><img decoding=\"async\" width=\"1024\" height=\"1024\" data-src=\"https:\/\/uusyrityskeskus.fi\/wp-content\/uploads\/2025\/09\/Lentoon_raketti_RGB_1080x1080px-1024x1024.png\" alt=\"\" class=\"wp-image-14777 lazyload\" data-srcset=\"https:\/\/uusyrityskeskus.fi\/wp-content\/uploads\/2025\/09\/Lentoon_raketti_RGB_1080x1080px-1024x1024.png 1024w, https:\/\/uusyrityskeskus.fi\/wp-content\/uploads\/2025\/09\/Lentoon_raketti_RGB_1080x1080px-300x300.png 300w, https:\/\/uusyrityskeskus.fi\/wp-content\/uploads\/2025\/09\/Lentoon_raketti_RGB_1080x1080px-150x150.png 150w, https:\/\/uusyrityskeskus.fi\/wp-content\/uploads\/2025\/09\/Lentoon_raketti_RGB_1080x1080px-768x768.png 768w, https:\/\/uusyrityskeskus.fi\/wp-content\/uploads\/2025\/09\/Lentoon_raketti_RGB_1080x1080px-600x600.png 600w, https:\/\/uusyrityskeskus.fi\/wp-content\/uploads\/2025\/09\/Lentoon_raketti_RGB_1080x1080px.png 1081w\" data-sizes=\"(max-width: 1024px) 100vw, 1024px\" src=\"data:image\/svg+xml;base64,PHN2ZyB3aWR0aD0iMSIgaGVpZ2h0PSIxIiB4bWxucz0iaHR0cDovL3d3dy53My5vcmcvMjAwMC9zdmciPjwvc3ZnPg==\" style=\"--smush-placeholder-width: 1024px; --smush-placeholder-aspect-ratio: 1024\/1024;\" \/><\/figure>\n<\/div>\n\n\n<h3 class=\"wp-block-heading has-text-align-center\">Idea button \u2013 test your idea<\/h3>\n\n\n\n<p class=\"has-text-align-center\">Test your idea in 500 characters with a business advisor in your area, and you will receive an email reply.<\/p>\n\n\n\n<p class=\"has-text-align-center\"><a href=\"https:\/\/ideanappi.fi\/\" target=\"_blank\" rel=\"noreferrer noopener\">Test your idea \u2192<\/a><\/p>\n<\/div>\n\n\n\n<div class=\"wp-block-column is-layout-flow wp-block-column-is-layout-flow\"><div class=\"wp-block-image image--max--200\">\n<figure class=\"aligncenter size-full\"><img decoding=\"async\" width=\"537\" height=\"760\" data-src=\"https:\/\/uusyrityskeskus.fi\/wp-content\/uploads\/2026\/02\/Nayttokuva-2026-02-03-kello-9.54.12-1.png\" alt=\"\" class=\"wp-image-17416 lazyload\" data-srcset=\"https:\/\/uusyrityskeskus.fi\/wp-content\/uploads\/2026\/02\/Nayttokuva-2026-02-03-kello-9.54.12-1.png 537w, https:\/\/uusyrityskeskus.fi\/wp-content\/uploads\/2026\/02\/Nayttokuva-2026-02-03-kello-9.54.12-1-212x300.png 212w\" data-sizes=\"(max-width: 537px) 100vw, 537px\" src=\"data:image\/svg+xml;base64,PHN2ZyB3aWR0aD0iMSIgaGVpZ2h0PSIxIiB4bWxucz0iaHR0cDovL3d3dy53My5vcmcvMjAwMC9zdmciPjwvc3ZnPg==\" style=\"--smush-placeholder-width: 537px; --smush-placeholder-aspect-ratio: 537\/760;\" \/><\/figure>\n<\/div>\n\n\n<h3 class=\"wp-block-heading has-text-align-center\">Guide to Starting a Business<\/h3>\n\n\n\n<p class=\"has-text-align-center\">Our comprehensive Guide to Starting a Business provides up-to-date information on what needs to be taken into account when establishing a business.<\/p>\n\n\n\n<p class=\"has-text-align-center\"><a href=\"https:\/\/uusyrityskeskus.fi\/en\/download-guide-to-starting-a-business\/\">Download PDF guide \u2192<\/a><\/p>\n<\/div>\n<\/div>\n<\/div>\n","protected":false},"excerpt":{"rendered":"","protected":false},"author":1,"featured_media":0,"parent":0,"menu_order":0,"comment_status":"closed","ping_status":"closed","template":"","meta":{"iawp_total_views":99,"footnotes":""},"class_list":["post-15541","page","type-page","status-publish","hentry"],"yoast_head":"<!-- This site is optimized with the Yoast SEO plugin v26.8 - https:\/\/yoast.com\/product\/yoast-seo-wordpress\/ -->\n<title>Ilmainen yritysneuvonta aloittavalle yritt\u00e4j\u00e4lle - Uusyrityskeskus<\/title>\n<meta name=\"description\" content=\"Ilmainen yritysneuvonta: liiketoimintasuunnitelma, rahoitus, hinnoittelu. Henkil\u00f6kohtaista apua aloittavalle yritt\u00e4j\u00e4lle. Varaa aika neuvontaan!\" \/>\n<meta name=\"robots\" content=\"index, follow, max-snippet:-1, max-image-preview:large, max-video-preview:-1\" \/>\n<link rel=\"canonical\" href=\"https:\/\/uusyrityskeskus.fi\/en\/our-services-for-starting-entrepreneurs\/\" \/>\n<meta property=\"og:locale\" content=\"en_US\" \/>\n<meta property=\"og:type\" content=\"article\" \/>\n<meta property=\"og:title\" content=\"Ilmainen yritysneuvonta aloittavalle yritt\u00e4j\u00e4lle - Uusyrityskeskus\" \/>\n<meta property=\"og:description\" content=\"Ilmainen yritysneuvonta: liiketoimintasuunnitelma, rahoitus, hinnoittelu. Henkil\u00f6kohtaista apua aloittavalle yritt\u00e4j\u00e4lle. Varaa aika neuvontaan!\" \/>\n<meta property=\"og:url\" content=\"https:\/\/uusyrityskeskus.fi\/en\/our-services-for-starting-entrepreneurs\/\" \/>\n<meta property=\"og:site_name\" content=\"Uusyrityskeskus\" \/>\n<meta property=\"article:modified_time\" content=\"2026-02-12T19:16:25+00:00\" \/>\n<meta property=\"og:image\" content=\"https:\/\/uusyrityskeskus.fi\/wp-content\/uploads\/2025\/09\/Asiakas_ja_yritysneuvoja_RGB_1080x1080px.png\" \/>\n\t<meta property=\"og:image:width\" content=\"1081\" \/>\n\t<meta property=\"og:image:height\" content=\"1081\" \/>\n\t<meta property=\"og:image:type\" content=\"image\/png\" \/>\n<meta name=\"twitter:card\" content=\"summary_large_image\" \/>\n<meta name=\"twitter:label1\" content=\"Est. reading time\" \/>\n\t<meta name=\"twitter:data1\" content=\"4 minutes\" \/>\n<script type=\"application\/ld+json\" class=\"yoast-schema-graph\">{\"@context\":\"https:\/\/schema.org\",\"@graph\":[{\"@type\":\"WebPage\",\"@id\":\"https:\/\/uusyrityskeskus.fi\/en\/our-services-for-starting-entrepreneurs\/\",\"url\":\"https:\/\/uusyrityskeskus.fi\/en\/our-services-for-starting-entrepreneurs\/\",\"name\":\"Ilmainen yritysneuvonta aloittavalle yritt\u00e4j\u00e4lle - Uusyrityskeskus\",\"isPartOf\":{\"@id\":\"https:\/\/uusyrityskeskus.fi\/en\/#website\"},\"primaryImageOfPage\":{\"@id\":\"https:\/\/uusyrityskeskus.fi\/en\/our-services-for-starting-entrepreneurs\/#primaryimage\"},\"image\":{\"@id\":\"https:\/\/uusyrityskeskus.fi\/en\/our-services-for-starting-entrepreneurs\/#primaryimage\"},\"thumbnailUrl\":\"https:\/\/uusyrityskeskus.fi\/wp-content\/uploads\/2025\/09\/Asiakas_ja_yritysneuvoja_RGB_1080x1080px-1024x1024.png\",\"datePublished\":\"2025-09-29T11:47:08+00:00\",\"dateModified\":\"2026-02-12T19:16:25+00:00\",\"description\":\"Ilmainen yritysneuvonta: liiketoimintasuunnitelma, rahoitus, hinnoittelu. Henkil\u00f6kohtaista apua aloittavalle yritt\u00e4j\u00e4lle. Varaa aika neuvontaan!\",\"breadcrumb\":{\"@id\":\"https:\/\/uusyrityskeskus.fi\/en\/our-services-for-starting-entrepreneurs\/#breadcrumb\"},\"inLanguage\":\"en-US\",\"potentialAction\":[{\"@type\":\"ReadAction\",\"target\":[\"https:\/\/uusyrityskeskus.fi\/en\/our-services-for-starting-entrepreneurs\/\"]}]},{\"@type\":\"ImageObject\",\"inLanguage\":\"en-US\",\"@id\":\"https:\/\/uusyrityskeskus.fi\/en\/our-services-for-starting-entrepreneurs\/#primaryimage\",\"url\":\"https:\/\/uusyrityskeskus.fi\/wp-content\/uploads\/2025\/09\/Asiakas_ja_yritysneuvoja_RGB_1080x1080px-1024x1024.png\",\"contentUrl\":\"https:\/\/uusyrityskeskus.fi\/wp-content\/uploads\/2025\/09\/Asiakas_ja_yritysneuvoja_RGB_1080x1080px-1024x1024.png\"},{\"@type\":\"BreadcrumbList\",\"@id\":\"https:\/\/uusyrityskeskus.fi\/en\/our-services-for-starting-entrepreneurs\/#breadcrumb\",\"itemListElement\":[{\"@type\":\"ListItem\",\"position\":1,\"name\":\"Etusivu\",\"item\":\"https:\/\/uusyrityskeskus.fi\/en\/\"},{\"@type\":\"ListItem\",\"position\":2,\"name\":\"Our services for starting entrepreneurs\"}]},{\"@type\":\"WebSite\",\"@id\":\"https:\/\/uusyrityskeskus.fi\/en\/#website\",\"url\":\"https:\/\/uusyrityskeskus.fi\/en\/\",\"name\":\"Uusyrityskeskus\",\"description\":\"Yritt\u00e4jyyden unelmista onnistumisia.\",\"potentialAction\":[{\"@type\":\"SearchAction\",\"target\":{\"@type\":\"EntryPoint\",\"urlTemplate\":\"https:\/\/uusyrityskeskus.fi\/en\/?s={search_term_string}\"},\"query-input\":{\"@type\":\"PropertyValueSpecification\",\"valueRequired\":true,\"valueName\":\"search_term_string\"}}],\"inLanguage\":\"en-US\"}]}<\/script>\n<!-- \/ Yoast SEO plugin. -->","yoast_head_json":{"title":"Ilmainen yritysneuvonta aloittavalle yritt\u00e4j\u00e4lle - Uusyrityskeskus","description":"Ilmainen yritysneuvonta: liiketoimintasuunnitelma, rahoitus, hinnoittelu. Henkil\u00f6kohtaista apua aloittavalle yritt\u00e4j\u00e4lle. Varaa aika neuvontaan!","robots":{"index":"index","follow":"follow","max-snippet":"max-snippet:-1","max-image-preview":"max-image-preview:large","max-video-preview":"max-video-preview:-1"},"canonical":"https:\/\/uusyrityskeskus.fi\/en\/our-services-for-starting-entrepreneurs\/","og_locale":"en_US","og_type":"article","og_title":"Ilmainen yritysneuvonta aloittavalle yritt\u00e4j\u00e4lle - Uusyrityskeskus","og_description":"Ilmainen yritysneuvonta: liiketoimintasuunnitelma, rahoitus, hinnoittelu. Henkil\u00f6kohtaista apua aloittavalle yritt\u00e4j\u00e4lle. Varaa aika neuvontaan!","og_url":"https:\/\/uusyrityskeskus.fi\/en\/our-services-for-starting-entrepreneurs\/","og_site_name":"Uusyrityskeskus","article_modified_time":"2026-02-12T19:16:25+00:00","og_image":[{"width":1081,"height":1081,"url":"https:\/\/uusyrityskeskus.fi\/wp-content\/uploads\/2025\/09\/Asiakas_ja_yritysneuvoja_RGB_1080x1080px.png","type":"image\/png"}],"twitter_card":"summary_large_image","twitter_misc":{"Est. reading time":"4 minutes"},"schema":{"@context":"https:\/\/schema.org","@graph":[{"@type":"WebPage","@id":"https:\/\/uusyrityskeskus.fi\/en\/our-services-for-starting-entrepreneurs\/","url":"https:\/\/uusyrityskeskus.fi\/en\/our-services-for-starting-entrepreneurs\/","name":"Ilmainen yritysneuvonta aloittavalle yritt\u00e4j\u00e4lle - Uusyrityskeskus","isPartOf":{"@id":"https:\/\/uusyrityskeskus.fi\/en\/#website"},"primaryImageOfPage":{"@id":"https:\/\/uusyrityskeskus.fi\/en\/our-services-for-starting-entrepreneurs\/#primaryimage"},"image":{"@id":"https:\/\/uusyrityskeskus.fi\/en\/our-services-for-starting-entrepreneurs\/#primaryimage"},"thumbnailUrl":"https:\/\/uusyrityskeskus.fi\/wp-content\/uploads\/2025\/09\/Asiakas_ja_yritysneuvoja_RGB_1080x1080px-1024x1024.png","datePublished":"2025-09-29T11:47:08+00:00","dateModified":"2026-02-12T19:16:25+00:00","description":"Ilmainen yritysneuvonta: liiketoimintasuunnitelma, rahoitus, hinnoittelu. Henkil\u00f6kohtaista apua aloittavalle yritt\u00e4j\u00e4lle. Varaa aika neuvontaan!","breadcrumb":{"@id":"https:\/\/uusyrityskeskus.fi\/en\/our-services-for-starting-entrepreneurs\/#breadcrumb"},"inLanguage":"en-US","potentialAction":[{"@type":"ReadAction","target":["https:\/\/uusyrityskeskus.fi\/en\/our-services-for-starting-entrepreneurs\/"]}]},{"@type":"ImageObject","inLanguage":"en-US","@id":"https:\/\/uusyrityskeskus.fi\/en\/our-services-for-starting-entrepreneurs\/#primaryimage","url":"https:\/\/uusyrityskeskus.fi\/wp-content\/uploads\/2025\/09\/Asiakas_ja_yritysneuvoja_RGB_1080x1080px-1024x1024.png","contentUrl":"https:\/\/uusyrityskeskus.fi\/wp-content\/uploads\/2025\/09\/Asiakas_ja_yritysneuvoja_RGB_1080x1080px-1024x1024.png"},{"@type":"BreadcrumbList","@id":"https:\/\/uusyrityskeskus.fi\/en\/our-services-for-starting-entrepreneurs\/#breadcrumb","itemListElement":[{"@type":"ListItem","position":1,"name":"Etusivu","item":"https:\/\/uusyrityskeskus.fi\/en\/"},{"@type":"ListItem","position":2,"name":"Our services for starting entrepreneurs"}]},{"@type":"WebSite","@id":"https:\/\/uusyrityskeskus.fi\/en\/#website","url":"https:\/\/uusyrityskeskus.fi\/en\/","name":"Uusyrityskeskus","description":"Yritt\u00e4jyyden unelmista onnistumisia.","potentialAction":[{"@type":"SearchAction","target":{"@type":"EntryPoint","urlTemplate":"https:\/\/uusyrityskeskus.fi\/en\/?s={search_term_string}"},"query-input":{"@type":"PropertyValueSpecification","valueRequired":true,"valueName":"search_term_string"}}],"inLanguage":"en-US"}]}},"_links":{"self":[{"href":"https:\/\/uusyrityskeskus.fi\/en\/wp-json\/wp\/v2\/pages\/15541","targetHints":{"allow":["GET"]}}],"collection":[{"href":"https:\/\/uusyrityskeskus.fi\/en\/wp-json\/wp\/v2\/pages"}],"about":[{"href":"https:\/\/uusyrityskeskus.fi\/en\/wp-json\/wp\/v2\/types\/page"}],"author":[{"embeddable":true,"href":"https:\/\/uusyrityskeskus.fi\/en\/wp-json\/wp\/v2\/users\/1"}],"replies":[{"embeddable":true,"href":"https:\/\/uusyrityskeskus.fi\/en\/wp-json\/wp\/v2\/comments?post=15541"}],"version-history":[{"count":5,"href":"https:\/\/uusyrityskeskus.fi\/en\/wp-json\/wp\/v2\/pages\/15541\/revisions"}],"predecessor-version":[{"id":17502,"href":"https:\/\/uusyrityskeskus.fi\/en\/wp-json\/wp\/v2\/pages\/15541\/revisions\/17502"}],"wp:attachment":[{"href":"https:\/\/uusyrityskeskus.fi\/en\/wp-json\/wp\/v2\/media?parent=15541"}],"curies":[{"name":"wp","href":"https:\/\/api.w.org\/{rel}","templated":true}]}}