{"id":15527,"date":"2025-09-10T13:33:06","date_gmt":"2025-09-10T10:33:06","guid":{"rendered":"https:\/\/uusyrityskeskus.fi\/information-and-results\/vaikuttavuus\/"},"modified":"2025-10-20T15:34:03","modified_gmt":"2025-10-20T12:34:03","slug":"effectiveness","status":"publish","type":"page","link":"https:\/\/uusyrityskeskus.fi\/en\/information-and-results\/effectiveness\/","title":{"rendered":"Effectiveness"},"content":{"rendered":"\n<div class=\"wp-block-tovaristrap-ts-container ts-container header--section\">\n<div class=\"ts-div header--row\">\n<h1 class=\"wp-block-heading\">Effectiveness<\/h1>\n<\/div>\n<\/div>\n\n\n\n<div class=\"wp-block-tovaristrap-ts-container ts-container base--section pt-0 pb-0 border-bottom\">\n<div class=\"ts-div content--row\"><div class=\"yoast-breadcrumbs\"><span><span><a href=\"https:\/\/uusyrityskeskus.fi\/en\/\">Etusivu<\/a><\/span> \u00bb <span><a href=\"https:\/\/uusyrityskeskus.fi\/en\/information-and-results\/\">Information and results<\/a><\/span> \u00bb <span class=\"breadcrumb_last\" aria-current=\"page\">Effectiveness<\/span><\/span><\/div><\/div>\n<\/div>\n\n\n\n<div class=\"wp-block-tovaristrap-ts-container ts-container base--section pb--0\">\n<div class=\"ts-div content--row\">\n<div class=\"wp-block-columns is-layout-flex wp-container-core-columns-is-layout-9d6595d7 wp-block-columns-is-layout-flex\">\n<div class=\"wp-block-column vertical-align-flex is-layout-flow wp-block-column-is-layout-flow\" style=\"flex-basis:100%\">\n<h2 class=\"wp-block-heading\">Sustainable entrepreneurship and new work<\/h2>\n\n\n\n<p>Each year, Enterprise Agencies support more than 15 000 people interested in entrepreneurship. Approximately half of them start a business \u2013 and some start entrepreneur-like operations through light entrepreneurship services, for example.<br><br>Our guidance lowers the threshold for entrepreneurship and strengthens the vitality of new companies. Our network\u2019s more than 30 years of experience and repeated effectiveness studies show that free business advisory services make a difference.<\/p>\n\n\n\n<h2 class=\"wp-block-heading\"><br>Demonstrated effectiveness<\/h2>\n\n\n\n<p>The Enterprise Agency network has studied the effectiveness of its services in several studies \u2013 in 2019, 2022 and 2025.<\/p>\n<\/div>\n<\/div>\n<\/div>\n<\/div>\n\n\n\n<div class=\"wp-block-tovaristrap-ts-container ts-container base--section pt--0\">\n<div class=\"ts-div content--row bg--lightbeige with--bg--color\">\n<div class=\"wp-block-columns is-layout-flex wp-container-core-columns-is-layout-9d6595d7 wp-block-columns-is-layout-flex\">\n<div class=\"wp-block-column is-layout-flow wp-block-column-is-layout-flow\">\n<h2 class=\"wp-block-heading\">Key results:<\/h2>\n\n\n\n<ul class=\"wp-block-list\">\n<li><strong>80%<\/strong> of companies that have used the guidance of an Enterprise Agency are still in operation in five years. <em>(Compare: only about 50% of all new companies continue to operate in five years).<\/em><\/li>\n\n\n\n<li>Each company established through an Enterprise Agency creates an average of <strong>1.3 person years<\/strong> already in the year of establishment. After five years, the average employment rate is <strong>2.6 person years<\/strong>.<\/li>\n\n\n\n<li>Annually, this equals up to 10 000 new jobs in Finland.<\/li>\n<\/ul>\n<\/div>\n\n\n\n<div class=\"wp-block-column is-layout-flow wp-block-column-is-layout-flow\">\n<figure data-wp-context=\"{&quot;imageId&quot;:&quot;69ed95b8097d6&quot;}\" data-wp-interactive=\"core\/image\" data-wp-key=\"69ed95b8097d6\" class=\"wp-block-image size-large wp-lightbox-container\"><img decoding=\"async\" width=\"1024\" height=\"576\" data-wp-class--hide=\"state.isContentHidden\" data-wp-class--show=\"state.isContentVisible\" data-wp-init=\"callbacks.setButtonStyles\" data-wp-on--click=\"actions.showLightbox\" data-wp-on--load=\"callbacks.setButtonStyles\" data-wp-on-window--resize=\"callbacks.setButtonStyles\" data-src=\"https:\/\/uusyrityskeskus.fi\/wp-content\/uploads\/2025\/09\/Uusyrityskeskusverkosto_Infografiikka_Vaaka_RGB_Kuvitus-1024x576.jpg\" alt=\"\" class=\"wp-image-14329 lazyload\" data-srcset=\"https:\/\/uusyrityskeskus.fi\/wp-content\/uploads\/2025\/09\/Uusyrityskeskusverkosto_Infografiikka_Vaaka_RGB_Kuvitus-1024x576.jpg 1024w, https:\/\/uusyrityskeskus.fi\/wp-content\/uploads\/2025\/09\/Uusyrityskeskusverkosto_Infografiikka_Vaaka_RGB_Kuvitus-300x169.jpg 300w, https:\/\/uusyrityskeskus.fi\/wp-content\/uploads\/2025\/09\/Uusyrityskeskusverkosto_Infografiikka_Vaaka_RGB_Kuvitus-768x432.jpg 768w, https:\/\/uusyrityskeskus.fi\/wp-content\/uploads\/2025\/09\/Uusyrityskeskusverkosto_Infografiikka_Vaaka_RGB_Kuvitus-1536x864.jpg 1536w, https:\/\/uusyrityskeskus.fi\/wp-content\/uploads\/2025\/09\/Uusyrityskeskusverkosto_Infografiikka_Vaaka_RGB_Kuvitus-2048x1152.jpg 2048w\" data-sizes=\"(max-width: 1024px) 100vw, 1024px\" src=\"data:image\/svg+xml;base64,PHN2ZyB3aWR0aD0iMSIgaGVpZ2h0PSIxIiB4bWxucz0iaHR0cDovL3d3dy53My5vcmcvMjAwMC9zdmciPjwvc3ZnPg==\" style=\"--smush-placeholder-width: 1024px; --smush-placeholder-aspect-ratio: 1024\/576;\" \/><button\n\t\t\tclass=\"lightbox-trigger\"\n\t\t\ttype=\"button\"\n\t\t\taria-haspopup=\"dialog\"\n\t\t\taria-label=\"Enlarge\"\n\t\t\tdata-wp-init=\"callbacks.initTriggerButton\"\n\t\t\tdata-wp-on--click=\"actions.showLightbox\"\n\t\t\tdata-wp-style--right=\"state.imageButtonRight\"\n\t\t\tdata-wp-style--top=\"state.imageButtonTop\"\n\t\t>\n\t\t\t<svg xmlns=\"http:\/\/www.w3.org\/2000\/svg\" width=\"12\" height=\"12\" fill=\"none\" viewBox=\"0 0 12 12\">\n\t\t\t\t<path fill=\"#fff\" d=\"M2 0a2 2 0 0 0-2 2v2h1.5V2a.5.5 0 0 1 .5-.5h2V0H2Zm2 10.5H2a.5.5 0 0 1-.5-.5V8H0v2a2 2 0 0 0 2 2h2v-1.5ZM8 12v-1.5h2a.5.5 0 0 0 .5-.5V8H12v2a2 2 0 0 1-2 2H8Zm2-12a2 2 0 0 1 2 2v2h-1.5V2a.5.5 0 0 0-.5-.5H8V0h2Z\" \/>\n\t\t\t<\/svg>\n\t\t<\/button><\/figure>\n<\/div>\n<\/div>\n<\/div>\n<\/div>\n","protected":false},"excerpt":{"rendered":"","protected":false},"author":1,"featured_media":0,"parent":15518,"menu_order":0,"comment_status":"closed","ping_status":"closed","template":"","meta":{"iawp_total_views":7,"footnotes":""},"class_list":["post-15527","page","type-page","status-publish","hentry"],"yoast_head":"<!-- This site is optimized with the Yoast SEO plugin v27.4 - https:\/\/yoast.com\/product\/yoast-seo-wordpress\/ -->\n<title>Yritysneuvonnan vaikuttavuus - 80% yrityksist\u00e4 elossa 5v<\/title>\n<meta name=\"description\" content=\"Uusyrityskeskuksen asiakkaista 80% on toiminnassa 5 vuoden j\u00e4lkeen. Tutustu vaikuttavuustutkimuksen tuloksiin: 15 000 yrityst\u00e4, 10 000 ty\u00f6paikkaa, 4.6\/5 asiakastyytyv\u00e4isyys.\" \/>\n<meta name=\"robots\" content=\"index, follow, max-snippet:-1, max-image-preview:large, max-video-preview:-1\" \/>\n<link rel=\"canonical\" href=\"https:\/\/uusyrityskeskus.fi\/en\/information-and-results\/effectiveness\/\" \/>\n<meta property=\"og:locale\" content=\"en_US\" \/>\n<meta property=\"og:type\" content=\"article\" \/>\n<meta property=\"og:title\" content=\"Yritysneuvonnan vaikuttavuus - 80% yrityksist\u00e4 elossa 5v\" \/>\n<meta property=\"og:description\" content=\"Uusyrityskeskuksen asiakkaista 80% on toiminnassa 5 vuoden j\u00e4lkeen. Tutustu vaikuttavuustutkimuksen tuloksiin: 15 000 yrityst\u00e4, 10 000 ty\u00f6paikkaa, 4.6\/5 asiakastyytyv\u00e4isyys.\" \/>\n<meta property=\"og:url\" content=\"https:\/\/uusyrityskeskus.fi\/en\/information-and-results\/effectiveness\/\" \/>\n<meta property=\"og:site_name\" content=\"Uusyrityskeskus\" \/>\n<meta property=\"article:modified_time\" content=\"2025-10-20T12:34:03+00:00\" \/>\n<meta property=\"og:image\" content=\"https:\/\/uusyrityskeskus.fi\/wp-content\/uploads\/2025\/09\/Uusyrityskeskusverkosto_Infografiikka_Vaaka_RGB_Kuvitus-scaled.jpg\" \/>\n\t<meta property=\"og:image:width\" content=\"2560\" \/>\n\t<meta property=\"og:image:height\" content=\"1440\" \/>\n\t<meta property=\"og:image:type\" content=\"image\/jpeg\" \/>\n<meta name=\"twitter:card\" content=\"summary_large_image\" \/>\n<meta name=\"twitter:label1\" content=\"Est. reading time\" \/>\n\t<meta name=\"twitter:data1\" content=\"2 minutes\" \/>\n<script type=\"application\/ld+json\" class=\"yoast-schema-graph\">{\"@context\":\"https:\\\/\\\/schema.org\",\"@graph\":[{\"@type\":\"WebPage\",\"@id\":\"https:\\\/\\\/uusyrityskeskus.fi\\\/en\\\/information-and-results\\\/effectiveness\\\/\",\"url\":\"https:\\\/\\\/uusyrityskeskus.fi\\\/en\\\/information-and-results\\\/effectiveness\\\/\",\"name\":\"Yritysneuvonnan vaikuttavuus - 80% yrityksist\u00e4 elossa 5v\",\"isPartOf\":{\"@id\":\"https:\\\/\\\/uusyrityskeskus.fi\\\/en\\\/#website\"},\"primaryImageOfPage\":{\"@id\":\"https:\\\/\\\/uusyrityskeskus.fi\\\/en\\\/information-and-results\\\/effectiveness\\\/#primaryimage\"},\"image\":{\"@id\":\"https:\\\/\\\/uusyrityskeskus.fi\\\/en\\\/information-and-results\\\/effectiveness\\\/#primaryimage\"},\"thumbnailUrl\":\"https:\\\/\\\/uusyrityskeskus.fi\\\/wp-content\\\/uploads\\\/2025\\\/09\\\/Uusyrityskeskusverkosto_Infografiikka_Vaaka_RGB_Kuvitus-1024x576.jpg\",\"datePublished\":\"2025-09-10T10:33:06+00:00\",\"dateModified\":\"2025-10-20T12:34:03+00:00\",\"description\":\"Uusyrityskeskuksen asiakkaista 80% on toiminnassa 5 vuoden j\u00e4lkeen. Tutustu vaikuttavuustutkimuksen tuloksiin: 15 000 yrityst\u00e4, 10 000 ty\u00f6paikkaa, 4.6\\\/5 asiakastyytyv\u00e4isyys.\",\"breadcrumb\":{\"@id\":\"https:\\\/\\\/uusyrityskeskus.fi\\\/en\\\/information-and-results\\\/effectiveness\\\/#breadcrumb\"},\"inLanguage\":\"en-US\",\"potentialAction\":[{\"@type\":\"ReadAction\",\"target\":[\"https:\\\/\\\/uusyrityskeskus.fi\\\/en\\\/information-and-results\\\/effectiveness\\\/\"]}]},{\"@type\":\"ImageObject\",\"inLanguage\":\"en-US\",\"@id\":\"https:\\\/\\\/uusyrityskeskus.fi\\\/en\\\/information-and-results\\\/effectiveness\\\/#primaryimage\",\"url\":\"https:\\\/\\\/uusyrityskeskus.fi\\\/wp-content\\\/uploads\\\/2025\\\/09\\\/Uusyrityskeskusverkosto_Infografiikka_Vaaka_RGB_Kuvitus-1024x576.jpg\",\"contentUrl\":\"https:\\\/\\\/uusyrityskeskus.fi\\\/wp-content\\\/uploads\\\/2025\\\/09\\\/Uusyrityskeskusverkosto_Infografiikka_Vaaka_RGB_Kuvitus-1024x576.jpg\"},{\"@type\":\"BreadcrumbList\",\"@id\":\"https:\\\/\\\/uusyrityskeskus.fi\\\/en\\\/information-and-results\\\/effectiveness\\\/#breadcrumb\",\"itemListElement\":[{\"@type\":\"ListItem\",\"position\":1,\"name\":\"Etusivu\",\"item\":\"https:\\\/\\\/uusyrityskeskus.fi\\\/en\\\/\"},{\"@type\":\"ListItem\",\"position\":2,\"name\":\"Information and results\",\"item\":\"https:\\\/\\\/uusyrityskeskus.fi\\\/en\\\/information-and-results\\\/\"},{\"@type\":\"ListItem\",\"position\":3,\"name\":\"Effectiveness\"}]},{\"@type\":\"WebSite\",\"@id\":\"https:\\\/\\\/uusyrityskeskus.fi\\\/en\\\/#website\",\"url\":\"https:\\\/\\\/uusyrityskeskus.fi\\\/en\\\/\",\"name\":\"Uusyrityskeskus\",\"description\":\"Yritt\u00e4jyyden unelmista onnistumisia.\",\"potentialAction\":[{\"@type\":\"SearchAction\",\"target\":{\"@type\":\"EntryPoint\",\"urlTemplate\":\"https:\\\/\\\/uusyrityskeskus.fi\\\/en\\\/?s={search_term_string}\"},\"query-input\":{\"@type\":\"PropertyValueSpecification\",\"valueRequired\":true,\"valueName\":\"search_term_string\"}}],\"inLanguage\":\"en-US\"}]}<\/script>\n<!-- \/ Yoast SEO plugin. -->","yoast_head_json":{"title":"Yritysneuvonnan vaikuttavuus - 80% yrityksist\u00e4 elossa 5v","description":"Uusyrityskeskuksen asiakkaista 80% on toiminnassa 5 vuoden j\u00e4lkeen. Tutustu vaikuttavuustutkimuksen tuloksiin: 15 000 yrityst\u00e4, 10 000 ty\u00f6paikkaa, 4.6\/5 asiakastyytyv\u00e4isyys.","robots":{"index":"index","follow":"follow","max-snippet":"max-snippet:-1","max-image-preview":"max-image-preview:large","max-video-preview":"max-video-preview:-1"},"canonical":"https:\/\/uusyrityskeskus.fi\/en\/information-and-results\/effectiveness\/","og_locale":"en_US","og_type":"article","og_title":"Yritysneuvonnan vaikuttavuus - 80% yrityksist\u00e4 elossa 5v","og_description":"Uusyrityskeskuksen asiakkaista 80% on toiminnassa 5 vuoden j\u00e4lkeen. Tutustu vaikuttavuustutkimuksen tuloksiin: 15 000 yrityst\u00e4, 10 000 ty\u00f6paikkaa, 4.6\/5 asiakastyytyv\u00e4isyys.","og_url":"https:\/\/uusyrityskeskus.fi\/en\/information-and-results\/effectiveness\/","og_site_name":"Uusyrityskeskus","article_modified_time":"2025-10-20T12:34:03+00:00","og_image":[{"width":2560,"height":1440,"url":"https:\/\/uusyrityskeskus.fi\/wp-content\/uploads\/2025\/09\/Uusyrityskeskusverkosto_Infografiikka_Vaaka_RGB_Kuvitus-scaled.jpg","type":"image\/jpeg"}],"twitter_card":"summary_large_image","twitter_misc":{"Est. reading time":"2 minutes"},"schema":{"@context":"https:\/\/schema.org","@graph":[{"@type":"WebPage","@id":"https:\/\/uusyrityskeskus.fi\/en\/information-and-results\/effectiveness\/","url":"https:\/\/uusyrityskeskus.fi\/en\/information-and-results\/effectiveness\/","name":"Yritysneuvonnan vaikuttavuus - 80% yrityksist\u00e4 elossa 5v","isPartOf":{"@id":"https:\/\/uusyrityskeskus.fi\/en\/#website"},"primaryImageOfPage":{"@id":"https:\/\/uusyrityskeskus.fi\/en\/information-and-results\/effectiveness\/#primaryimage"},"image":{"@id":"https:\/\/uusyrityskeskus.fi\/en\/information-and-results\/effectiveness\/#primaryimage"},"thumbnailUrl":"https:\/\/uusyrityskeskus.fi\/wp-content\/uploads\/2025\/09\/Uusyrityskeskusverkosto_Infografiikka_Vaaka_RGB_Kuvitus-1024x576.jpg","datePublished":"2025-09-10T10:33:06+00:00","dateModified":"2025-10-20T12:34:03+00:00","description":"Uusyrityskeskuksen asiakkaista 80% on toiminnassa 5 vuoden j\u00e4lkeen. Tutustu vaikuttavuustutkimuksen tuloksiin: 15 000 yrityst\u00e4, 10 000 ty\u00f6paikkaa, 4.6\/5 asiakastyytyv\u00e4isyys.","breadcrumb":{"@id":"https:\/\/uusyrityskeskus.fi\/en\/information-and-results\/effectiveness\/#breadcrumb"},"inLanguage":"en-US","potentialAction":[{"@type":"ReadAction","target":["https:\/\/uusyrityskeskus.fi\/en\/information-and-results\/effectiveness\/"]}]},{"@type":"ImageObject","inLanguage":"en-US","@id":"https:\/\/uusyrityskeskus.fi\/en\/information-and-results\/effectiveness\/#primaryimage","url":"https:\/\/uusyrityskeskus.fi\/wp-content\/uploads\/2025\/09\/Uusyrityskeskusverkosto_Infografiikka_Vaaka_RGB_Kuvitus-1024x576.jpg","contentUrl":"https:\/\/uusyrityskeskus.fi\/wp-content\/uploads\/2025\/09\/Uusyrityskeskusverkosto_Infografiikka_Vaaka_RGB_Kuvitus-1024x576.jpg"},{"@type":"BreadcrumbList","@id":"https:\/\/uusyrityskeskus.fi\/en\/information-and-results\/effectiveness\/#breadcrumb","itemListElement":[{"@type":"ListItem","position":1,"name":"Etusivu","item":"https:\/\/uusyrityskeskus.fi\/en\/"},{"@type":"ListItem","position":2,"name":"Information and results","item":"https:\/\/uusyrityskeskus.fi\/en\/information-and-results\/"},{"@type":"ListItem","position":3,"name":"Effectiveness"}]},{"@type":"WebSite","@id":"https:\/\/uusyrityskeskus.fi\/en\/#website","url":"https:\/\/uusyrityskeskus.fi\/en\/","name":"Uusyrityskeskus","description":"Yritt\u00e4jyyden unelmista onnistumisia.","potentialAction":[{"@type":"SearchAction","target":{"@type":"EntryPoint","urlTemplate":"https:\/\/uusyrityskeskus.fi\/en\/?s={search_term_string}"},"query-input":{"@type":"PropertyValueSpecification","valueRequired":true,"valueName":"search_term_string"}}],"inLanguage":"en-US"}]}},"_links":{"self":[{"href":"https:\/\/uusyrityskeskus.fi\/en\/wp-json\/wp\/v2\/pages\/15527","targetHints":{"allow":["GET"]}}],"collection":[{"href":"https:\/\/uusyrityskeskus.fi\/en\/wp-json\/wp\/v2\/pages"}],"about":[{"href":"https:\/\/uusyrityskeskus.fi\/en\/wp-json\/wp\/v2\/types\/page"}],"author":[{"embeddable":true,"href":"https:\/\/uusyrityskeskus.fi\/en\/wp-json\/wp\/v2\/users\/1"}],"replies":[{"embeddable":true,"href":"https:\/\/uusyrityskeskus.fi\/en\/wp-json\/wp\/v2\/comments?post=15527"}],"version-history":[{"count":1,"href":"https:\/\/uusyrityskeskus.fi\/en\/wp-json\/wp\/v2\/pages\/15527\/revisions"}],"predecessor-version":[{"id":15530,"href":"https:\/\/uusyrityskeskus.fi\/en\/wp-json\/wp\/v2\/pages\/15527\/revisions\/15530"}],"up":[{"embeddable":true,"href":"https:\/\/uusyrityskeskus.fi\/en\/wp-json\/wp\/v2\/pages\/15518"}],"wp:attachment":[{"href":"https:\/\/uusyrityskeskus.fi\/en\/wp-json\/wp\/v2\/media?parent=15527"}],"curies":[{"name":"wp","href":"https:\/\/api.w.org\/{rel}","templated":true}]}}