{"id":15518,"date":"2025-10-02T15:24:59","date_gmt":"2025-10-02T12:24:59","guid":{"rendered":"https:\/\/uusyrityskeskus.fi\/tietoja-ja-tuloksia\/"},"modified":"2025-10-22T12:22:09","modified_gmt":"2025-10-22T09:22:09","slug":"information-and-results","status":"publish","type":"page","link":"https:\/\/uusyrityskeskus.fi\/en\/information-and-results\/","title":{"rendered":"Information and results"},"content":{"rendered":"\n<div class=\"wp-block-tovaristrap-ts-container ts-container header--section\">\n<div class=\"ts-div header--row\">\n<h1 class=\"wp-block-heading\">Information and results<\/h1>\n<\/div>\n<\/div>\n\n\n\n<div class=\"wp-block-tovaristrap-ts-container ts-container base--section pt-0 pb-0 border-bottom\">\n<div class=\"ts-div content--row\"><div class=\"yoast-breadcrumbs\"><span><span><a href=\"https:\/\/uusyrityskeskus.fi\/en\/\">Etusivu<\/a><\/span> \u00bb <span class=\"breadcrumb_last\" aria-current=\"page\">Information and results<\/span><\/span><\/div><\/div>\n<\/div>\n\n\n\n<div class=\"wp-block-tovaristrap-ts-container ts-container base--section pb--0\">\n<div class=\"ts-div content--row \">\n<div class=\"wp-block-columns is-layout-flex wp-container-core-columns-is-layout-9d6595d7 wp-block-columns-is-layout-flex\">\n<div class=\"wp-block-column is-layout-flow wp-block-column-is-layout-flow\">\n<p class=\"has-text-align-left\">In Finland, there are thousands of people interested in entrepreneurship every year, but few embark on the path alone. Uusyrityskeskus Agencies offer a low-threshold service where developing a business idea, evaluating a business plan, and solving practical questions related to entrepreneurship are done together with experienced professionals. Annually, over 15,000 people receive support through the Enterprise Agencies, and approximately half of them end up establishing a company.<\/p>\n\n\n\n<p>The value of consultation is evident above all in the results. While only about half of all new companies in Finland continue operating after five years, as many as 80 percent of companies established through the Enterprise Agencies are still viable. This shows that high-quality, free coaching strengthens the sustainability of companies and helps avoid the pitfalls of the early stages.<\/p>\n\n\n\n<p class=\"has-text-align-left\">The impacts extend beyond the individual entrepreneur. Each company established with the support of an Enterprise Agency employs an average of 1.3 person-years already in its first year of operation. After five years, the figure grows to 2.6 person-years. This means that up to 10,000 new jobs are created through the Enterprise Agency network every year. This is a significant contribution to the country&#8217;s overall employment and economic well-being.<\/p>\n<\/div>\n<\/div>\n<\/div>\n<\/div>\n\n\n\n<div class=\"wp-block-tovaristrap-ts-container ts-container base--section\">\n<div class=\"wp-block-columns content--row pb--0 pt--0 is-layout-flex wp-container-core-columns-is-layout-9d6595d7 wp-block-columns-is-layout-flex\">\n<div class=\"wp-block-column is-layout-flow wp-block-column-is-layout-flow\"><div class=\"wp-block-image image--max--200\">\n<figure class=\"aligncenter size-full\"><img decoding=\"async\" width=\"1024\" height=\"1024\" data-src=\"https:\/\/uusyrityskeskus.fi\/wp-content\/uploads\/2025\/10\/timantti_nelio.png\" alt=\"\" class=\"wp-image-14966 lazyload\" data-srcset=\"https:\/\/uusyrityskeskus.fi\/wp-content\/uploads\/2025\/10\/timantti_nelio.png 1024w, https:\/\/uusyrityskeskus.fi\/wp-content\/uploads\/2025\/10\/timantti_nelio-300x300.png 300w, https:\/\/uusyrityskeskus.fi\/wp-content\/uploads\/2025\/10\/timantti_nelio-150x150.png 150w, https:\/\/uusyrityskeskus.fi\/wp-content\/uploads\/2025\/10\/timantti_nelio-768x768.png 768w, https:\/\/uusyrityskeskus.fi\/wp-content\/uploads\/2025\/10\/timantti_nelio-600x600.png 600w\" data-sizes=\"(max-width: 1024px) 100vw, 1024px\" src=\"data:image\/svg+xml;base64,PHN2ZyB3aWR0aD0iMSIgaGVpZ2h0PSIxIiB4bWxucz0iaHR0cDovL3d3dy53My5vcmcvMjAwMC9zdmciPjwvc3ZnPg==\" style=\"--smush-placeholder-width: 1024px; --smush-placeholder-aspect-ratio: 1024\/1024;\" \/><\/figure>\n<\/div>\n\n\n<h3 class=\"wp-block-heading has-text-align-center text-sm-center\">Strong impact<\/h3>\n\n\n\n<p class=\"has-text-align-center text-sm-center\">Approximately 80% of companies that have used Uusyrityskeskus services are still in operation after five years. For all companies, the corresponding figure is 50%.<\/p>\n\n\n\n<p class=\"has-text-align-center text-sm-center\"><a href=\"https:\/\/uusyrityskeskus.fi\/en\/information-and-results\/effectiveness\/\">Read More <\/a><a href=\"https:\/\/uusyrityskeskus.fi\/mina-yrittajana\/starttiraha\/\">\u2192<\/a><\/p>\n<\/div>\n\n\n\n<div class=\"wp-block-column is-layout-flow wp-block-column-is-layout-flow\"><div class=\"wp-block-image image--max--200\">\n<figure class=\"aligncenter size-full\"><img decoding=\"async\" width=\"1024\" height=\"1024\" data-src=\"https:\/\/uusyrityskeskus.fi\/wp-content\/uploads\/2025\/10\/puhelin_nelio.png\" alt=\"\" class=\"wp-image-14967 lazyload\" data-srcset=\"https:\/\/uusyrityskeskus.fi\/wp-content\/uploads\/2025\/10\/puhelin_nelio.png 1024w, https:\/\/uusyrityskeskus.fi\/wp-content\/uploads\/2025\/10\/puhelin_nelio-300x300.png 300w, https:\/\/uusyrityskeskus.fi\/wp-content\/uploads\/2025\/10\/puhelin_nelio-150x150.png 150w, https:\/\/uusyrityskeskus.fi\/wp-content\/uploads\/2025\/10\/puhelin_nelio-768x768.png 768w, https:\/\/uusyrityskeskus.fi\/wp-content\/uploads\/2025\/10\/puhelin_nelio-600x600.png 600w\" data-sizes=\"(max-width: 1024px) 100vw, 1024px\" src=\"data:image\/svg+xml;base64,PHN2ZyB3aWR0aD0iMSIgaGVpZ2h0PSIxIiB4bWxucz0iaHR0cDovL3d3dy53My5vcmcvMjAwMC9zdmciPjwvc3ZnPg==\" style=\"--smush-placeholder-width: 1024px; --smush-placeholder-aspect-ratio: 1024\/1024;\" \/><\/figure>\n<\/div>\n\n\n<h3 class=\"wp-block-heading has-text-align-center text-sm-center\">Contact us<\/h3>\n\n\n\n<p class=\"has-text-align-center text-sm-center\">Would you like to hear more about Enterprise Agency services or our network? Do you need information about starting a business? Are you a media representative looking for an entrepreneur to interview?<\/p>\n\n\n\n<p class=\"has-text-align-center text-sm-center\"><a href=\"https:\/\/uusyrityskeskus.fi\/en\/information-and-results\/contact-information\/\">Get in touch <\/a><a href=\"https:\/\/uusyrityskeskus.fi\/mina-yrittajana\/starttiraha\/\">\u2192<\/a><\/p>\n<\/div>\n\n\n\n<div class=\"wp-block-column is-layout-flow wp-block-column-is-layout-flow\"><div class=\"wp-block-image image--max--200\">\n<figure class=\"aligncenter size-full\"><img decoding=\"async\" width=\"1024\" height=\"1024\" data-src=\"https:\/\/uusyrityskeskus.fi\/wp-content\/uploads\/2025\/10\/kasvi_nelio.png\" alt=\"\" class=\"wp-image-14968 lazyload\" data-srcset=\"https:\/\/uusyrityskeskus.fi\/wp-content\/uploads\/2025\/10\/kasvi_nelio.png 1024w, https:\/\/uusyrityskeskus.fi\/wp-content\/uploads\/2025\/10\/kasvi_nelio-300x300.png 300w, https:\/\/uusyrityskeskus.fi\/wp-content\/uploads\/2025\/10\/kasvi_nelio-150x150.png 150w, https:\/\/uusyrityskeskus.fi\/wp-content\/uploads\/2025\/10\/kasvi_nelio-768x768.png 768w, https:\/\/uusyrityskeskus.fi\/wp-content\/uploads\/2025\/10\/kasvi_nelio-600x600.png 600w\" data-sizes=\"(max-width: 1024px) 100vw, 1024px\" src=\"data:image\/svg+xml;base64,PHN2ZyB3aWR0aD0iMSIgaGVpZ2h0PSIxIiB4bWxucz0iaHR0cDovL3d3dy53My5vcmcvMjAwMC9zdmciPjwvc3ZnPg==\" style=\"--smush-placeholder-width: 1024px; --smush-placeholder-aspect-ratio: 1024\/1024;\" \/><\/figure>\n<\/div>\n\n\n<h3 class=\"wp-block-heading has-text-align-center text-sm-center\">Together we succeed<\/h3>\n\n\n\n<p class=\"has-text-align-center text-sm-center\">Our network includes 44 Enterprise Agencies as well as a large number of companies, organizations, and communities united by a desire to promote the creation of sustainable entrepreneurship in Finland.<\/p>\n\n\n\n<p class=\"has-text-align-center text-sm-center d-none\"><a href=\"https:\/\/uusyrityskeskus.fi\/tietoja-ja-tuloksia\/jasenet\/\">Read More <\/a><a href=\"https:\/\/uusyrityskeskus.fi\/mina-yrittajana\/starttiraha\/\">\u2192<\/a><\/p>\n<\/div>\n<\/div>\n<\/div>\n","protected":false},"excerpt":{"rendered":"","protected":false},"author":1,"featured_media":0,"parent":0,"menu_order":0,"comment_status":"closed","ping_status":"closed","template":"","meta":{"iawp_total_views":10,"footnotes":""},"class_list":["post-15518","page","type-page","status-publish","hentry"],"yoast_head":"<!-- This site is optimized with the Yoast SEO plugin v26.8 - https:\/\/yoast.com\/product\/yoast-seo-wordpress\/ -->\n<title>Tulokset ja vaikuttavuus - 80% yrityksist\u00e4 toimii 5 vuoden j\u00e4lkeen<\/title>\n<meta name=\"description\" content=\"Tutkimukset ja tulokset yritysneuvonnasta: 80% neuvotuista yrityksist\u00e4 elossa 5 vuoden j\u00e4lkeen. Katso vaikuttavuustutkimukset, tilastot ja ajankohtaiset uutiset.\" \/>\n<meta name=\"robots\" content=\"index, follow, max-snippet:-1, max-image-preview:large, max-video-preview:-1\" \/>\n<link rel=\"canonical\" href=\"https:\/\/uusyrityskeskus.fi\/en\/information-and-results\/\" \/>\n<meta property=\"og:locale\" content=\"en_US\" \/>\n<meta property=\"og:type\" content=\"article\" \/>\n<meta property=\"og:title\" content=\"Tulokset ja vaikuttavuus - 80% yrityksist\u00e4 toimii 5 vuoden j\u00e4lkeen\" \/>\n<meta property=\"og:description\" content=\"Tutkimukset ja tulokset yritysneuvonnasta: 80% neuvotuista yrityksist\u00e4 elossa 5 vuoden j\u00e4lkeen. Katso vaikuttavuustutkimukset, tilastot ja ajankohtaiset uutiset.\" \/>\n<meta property=\"og:url\" content=\"https:\/\/uusyrityskeskus.fi\/en\/information-and-results\/\" \/>\n<meta property=\"og:site_name\" content=\"Uusyrityskeskus\" \/>\n<meta property=\"article:modified_time\" content=\"2025-10-22T09:22:09+00:00\" \/>\n<meta property=\"og:image\" content=\"https:\/\/uusyrityskeskus.fi\/wp-content\/uploads\/2025\/10\/timantti_nelio.png\" \/>\n\t<meta property=\"og:image:width\" content=\"1024\" \/>\n\t<meta property=\"og:image:height\" content=\"1024\" \/>\n\t<meta property=\"og:image:type\" content=\"image\/png\" \/>\n<meta name=\"twitter:card\" content=\"summary_large_image\" \/>\n<script type=\"application\/ld+json\" class=\"yoast-schema-graph\">{\"@context\":\"https:\/\/schema.org\",\"@graph\":[{\"@type\":\"WebPage\",\"@id\":\"https:\/\/uusyrityskeskus.fi\/en\/information-and-results\/\",\"url\":\"https:\/\/uusyrityskeskus.fi\/en\/information-and-results\/\",\"name\":\"Tulokset ja vaikuttavuus - 80% yrityksist\u00e4 toimii 5 vuoden j\u00e4lkeen\",\"isPartOf\":{\"@id\":\"https:\/\/uusyrityskeskus.fi\/en\/#website\"},\"primaryImageOfPage\":{\"@id\":\"https:\/\/uusyrityskeskus.fi\/en\/information-and-results\/#primaryimage\"},\"image\":{\"@id\":\"https:\/\/uusyrityskeskus.fi\/en\/information-and-results\/#primaryimage\"},\"thumbnailUrl\":\"https:\/\/uusyrityskeskus.fi\/wp-content\/uploads\/2025\/10\/timantti_nelio.png\",\"datePublished\":\"2025-10-02T12:24:59+00:00\",\"dateModified\":\"2025-10-22T09:22:09+00:00\",\"description\":\"Tutkimukset ja tulokset yritysneuvonnasta: 80% neuvotuista yrityksist\u00e4 elossa 5 vuoden j\u00e4lkeen. Katso vaikuttavuustutkimukset, tilastot ja ajankohtaiset uutiset.\",\"breadcrumb\":{\"@id\":\"https:\/\/uusyrityskeskus.fi\/en\/information-and-results\/#breadcrumb\"},\"inLanguage\":\"en-US\",\"potentialAction\":[{\"@type\":\"ReadAction\",\"target\":[\"https:\/\/uusyrityskeskus.fi\/en\/information-and-results\/\"]}]},{\"@type\":\"ImageObject\",\"inLanguage\":\"en-US\",\"@id\":\"https:\/\/uusyrityskeskus.fi\/en\/information-and-results\/#primaryimage\",\"url\":\"https:\/\/uusyrityskeskus.fi\/wp-content\/uploads\/2025\/10\/timantti_nelio.png\",\"contentUrl\":\"https:\/\/uusyrityskeskus.fi\/wp-content\/uploads\/2025\/10\/timantti_nelio.png\"},{\"@type\":\"BreadcrumbList\",\"@id\":\"https:\/\/uusyrityskeskus.fi\/en\/information-and-results\/#breadcrumb\",\"itemListElement\":[{\"@type\":\"ListItem\",\"position\":1,\"name\":\"Etusivu\",\"item\":\"https:\/\/uusyrityskeskus.fi\/en\/\"},{\"@type\":\"ListItem\",\"position\":2,\"name\":\"Information and results\"}]},{\"@type\":\"WebSite\",\"@id\":\"https:\/\/uusyrityskeskus.fi\/en\/#website\",\"url\":\"https:\/\/uusyrityskeskus.fi\/en\/\",\"name\":\"Uusyrityskeskus\",\"description\":\"Yritt\u00e4jyyden unelmista onnistumisia.\",\"potentialAction\":[{\"@type\":\"SearchAction\",\"target\":{\"@type\":\"EntryPoint\",\"urlTemplate\":\"https:\/\/uusyrityskeskus.fi\/en\/?s={search_term_string}\"},\"query-input\":{\"@type\":\"PropertyValueSpecification\",\"valueRequired\":true,\"valueName\":\"search_term_string\"}}],\"inLanguage\":\"en-US\"}]}<\/script>\n<!-- \/ Yoast SEO plugin. -->","yoast_head_json":{"title":"Tulokset ja vaikuttavuus - 80% yrityksist\u00e4 toimii 5 vuoden j\u00e4lkeen","description":"Tutkimukset ja tulokset yritysneuvonnasta: 80% neuvotuista yrityksist\u00e4 elossa 5 vuoden j\u00e4lkeen. Katso vaikuttavuustutkimukset, tilastot ja ajankohtaiset uutiset.","robots":{"index":"index","follow":"follow","max-snippet":"max-snippet:-1","max-image-preview":"max-image-preview:large","max-video-preview":"max-video-preview:-1"},"canonical":"https:\/\/uusyrityskeskus.fi\/en\/information-and-results\/","og_locale":"en_US","og_type":"article","og_title":"Tulokset ja vaikuttavuus - 80% yrityksist\u00e4 toimii 5 vuoden j\u00e4lkeen","og_description":"Tutkimukset ja tulokset yritysneuvonnasta: 80% neuvotuista yrityksist\u00e4 elossa 5 vuoden j\u00e4lkeen. Katso vaikuttavuustutkimukset, tilastot ja ajankohtaiset uutiset.","og_url":"https:\/\/uusyrityskeskus.fi\/en\/information-and-results\/","og_site_name":"Uusyrityskeskus","article_modified_time":"2025-10-22T09:22:09+00:00","og_image":[{"width":1024,"height":1024,"url":"https:\/\/uusyrityskeskus.fi\/wp-content\/uploads\/2025\/10\/timantti_nelio.png","type":"image\/png"}],"twitter_card":"summary_large_image","schema":{"@context":"https:\/\/schema.org","@graph":[{"@type":"WebPage","@id":"https:\/\/uusyrityskeskus.fi\/en\/information-and-results\/","url":"https:\/\/uusyrityskeskus.fi\/en\/information-and-results\/","name":"Tulokset ja vaikuttavuus - 80% yrityksist\u00e4 toimii 5 vuoden j\u00e4lkeen","isPartOf":{"@id":"https:\/\/uusyrityskeskus.fi\/en\/#website"},"primaryImageOfPage":{"@id":"https:\/\/uusyrityskeskus.fi\/en\/information-and-results\/#primaryimage"},"image":{"@id":"https:\/\/uusyrityskeskus.fi\/en\/information-and-results\/#primaryimage"},"thumbnailUrl":"https:\/\/uusyrityskeskus.fi\/wp-content\/uploads\/2025\/10\/timantti_nelio.png","datePublished":"2025-10-02T12:24:59+00:00","dateModified":"2025-10-22T09:22:09+00:00","description":"Tutkimukset ja tulokset yritysneuvonnasta: 80% neuvotuista yrityksist\u00e4 elossa 5 vuoden j\u00e4lkeen. Katso vaikuttavuustutkimukset, tilastot ja ajankohtaiset uutiset.","breadcrumb":{"@id":"https:\/\/uusyrityskeskus.fi\/en\/information-and-results\/#breadcrumb"},"inLanguage":"en-US","potentialAction":[{"@type":"ReadAction","target":["https:\/\/uusyrityskeskus.fi\/en\/information-and-results\/"]}]},{"@type":"ImageObject","inLanguage":"en-US","@id":"https:\/\/uusyrityskeskus.fi\/en\/information-and-results\/#primaryimage","url":"https:\/\/uusyrityskeskus.fi\/wp-content\/uploads\/2025\/10\/timantti_nelio.png","contentUrl":"https:\/\/uusyrityskeskus.fi\/wp-content\/uploads\/2025\/10\/timantti_nelio.png"},{"@type":"BreadcrumbList","@id":"https:\/\/uusyrityskeskus.fi\/en\/information-and-results\/#breadcrumb","itemListElement":[{"@type":"ListItem","position":1,"name":"Etusivu","item":"https:\/\/uusyrityskeskus.fi\/en\/"},{"@type":"ListItem","position":2,"name":"Information and results"}]},{"@type":"WebSite","@id":"https:\/\/uusyrityskeskus.fi\/en\/#website","url":"https:\/\/uusyrityskeskus.fi\/en\/","name":"Uusyrityskeskus","description":"Yritt\u00e4jyyden unelmista onnistumisia.","potentialAction":[{"@type":"SearchAction","target":{"@type":"EntryPoint","urlTemplate":"https:\/\/uusyrityskeskus.fi\/en\/?s={search_term_string}"},"query-input":{"@type":"PropertyValueSpecification","valueRequired":true,"valueName":"search_term_string"}}],"inLanguage":"en-US"}]}},"_links":{"self":[{"href":"https:\/\/uusyrityskeskus.fi\/en\/wp-json\/wp\/v2\/pages\/15518","targetHints":{"allow":["GET"]}}],"collection":[{"href":"https:\/\/uusyrityskeskus.fi\/en\/wp-json\/wp\/v2\/pages"}],"about":[{"href":"https:\/\/uusyrityskeskus.fi\/en\/wp-json\/wp\/v2\/types\/page"}],"author":[{"embeddable":true,"href":"https:\/\/uusyrityskeskus.fi\/en\/wp-json\/wp\/v2\/users\/1"}],"replies":[{"embeddable":true,"href":"https:\/\/uusyrityskeskus.fi\/en\/wp-json\/wp\/v2\/comments?post=15518"}],"version-history":[{"count":5,"href":"https:\/\/uusyrityskeskus.fi\/en\/wp-json\/wp\/v2\/pages\/15518\/revisions"}],"predecessor-version":[{"id":16142,"href":"https:\/\/uusyrityskeskus.fi\/en\/wp-json\/wp\/v2\/pages\/15518\/revisions\/16142"}],"wp:attachment":[{"href":"https:\/\/uusyrityskeskus.fi\/en\/wp-json\/wp\/v2\/media?parent=15518"}],"curies":[{"name":"wp","href":"https:\/\/api.w.org\/{rel}","templated":true}]}}