{"id":15511,"date":"2025-10-02T09:12:02","date_gmt":"2025-10-02T06:12:02","guid":{"rendered":"https:\/\/uusyrityskeskus.fi\/tilaa-uutiskirje\/"},"modified":"2025-10-23T08:58:37","modified_gmt":"2025-10-23T05:58:37","slug":"sign-up-for-our-newsletter","status":"publish","type":"page","link":"https:\/\/uusyrityskeskus.fi\/en\/sign-up-for-our-newsletter\/","title":{"rendered":"Newsletter"},"content":{"rendered":"\n<div class=\"wp-block-tovaristrap-ts-container ts-container header--section\">\n<div class=\"ts-div header--row\">\n<h1 class=\"wp-block-heading\">Sign up for our newsletter<\/h1>\n<\/div>\n<\/div>\n\n\n\n<div class=\"wp-block-tovaristrap-ts-container ts-container base--section pt-0 pb-0 border-bottom\">\n<div class=\"ts-div content--row\"><div class=\"yoast-breadcrumbs\"><span><span><a href=\"https:\/\/uusyrityskeskus.fi\/en\/\">Etusivu<\/a><\/span> \u00bb <span class=\"breadcrumb_last\" aria-current=\"page\">Newsletter<\/span><\/span><\/div><\/div>\n<\/div>\n\n\n\n<div class=\"wp-block-tovaristrap-ts-container ts-container base--section pb--0 pt--0\">\n<div class=\"ts-div content--row\">\n<div class=\"wp-block-columns is-layout-flex wp-container-core-columns-is-layout-9d6595d7 wp-block-columns-is-layout-flex\">\n<div class=\"wp-block-column vertical-align-flex is-layout-flow wp-block-column-is-layout-flow\" style=\"flex-basis:66.66%\">\n<h2 class=\"wp-block-heading\">Newsletter<\/h2>\n\n\n\n<p>What is happening at the Enterprise Agencies, SUK ry and the Finnish business life? Our newsletter provides topical issues and new information regarding both the activities of the Enterprise Agencies as well as companies, entrepreneurs and entrepreneurship in general.<\/p>\n\n\n\n<p><strong>Stay tuned \u2013 subscribe to our newsletter (published in Finnish)!\u00a0<\/strong><\/p>\n\n\n\n<blockquote class=\"wp-block-quote is-layout-flow wp-block-quote-is-layout-flow\">\n<p><\/p>\n<\/blockquote>\n<\/div>\n\n\n\n<div class=\"wp-block-column vertical-align-flex is-layout-flow wp-block-column-is-layout-flow\" style=\"flex-basis:33.33%\">\n<figure class=\"wp-block-image size-large image--width--400\"><img decoding=\"async\" width=\"1024\" height=\"625\" data-src=\"https:\/\/uusyrityskeskus.fi\/wp-content\/uploads\/2025\/10\/Kuvitus19_Verotus-min-1024x625.png\" alt=\"\" class=\"wp-image-14843 lazyload\" data-srcset=\"https:\/\/uusyrityskeskus.fi\/wp-content\/uploads\/2025\/10\/Kuvitus19_Verotus-min-1024x625.png 1024w, https:\/\/uusyrityskeskus.fi\/wp-content\/uploads\/2025\/10\/Kuvitus19_Verotus-min-300x183.png 300w, https:\/\/uusyrityskeskus.fi\/wp-content\/uploads\/2025\/10\/Kuvitus19_Verotus-min-768x469.png 768w, https:\/\/uusyrityskeskus.fi\/wp-content\/uploads\/2025\/10\/Kuvitus19_Verotus-min-1536x937.png 1536w, https:\/\/uusyrityskeskus.fi\/wp-content\/uploads\/2025\/10\/Kuvitus19_Verotus-min-2048x1250.png 2048w\" data-sizes=\"(max-width: 1024px) 100vw, 1024px\" src=\"data:image\/svg+xml;base64,PHN2ZyB3aWR0aD0iMSIgaGVpZ2h0PSIxIiB4bWxucz0iaHR0cDovL3d3dy53My5vcmcvMjAwMC9zdmciPjwvc3ZnPg==\" style=\"--smush-placeholder-width: 1024px; --smush-placeholder-aspect-ratio: 1024\/625;\" \/><\/figure>\n<\/div>\n<\/div>\n<\/div>\n\n\n\n<div class=\"ts-div content--row\"><p><iframe data-src=\"https:\/\/uutiskirje.uusyrityskeskus.fi\/\" width=\"100%\" height=\"440\" frameborder=\"0\" src=\"data:image\/svg+xml;base64,PHN2ZyB3aWR0aD0iMSIgaGVpZ2h0PSIxIiB4bWxucz0iaHR0cDovL3d3dy53My5vcmcvMjAwMC9zdmciPjwvc3ZnPg==\" class=\"lazyload\" data-load-mode=\"1\"><\/iframe><\/p>\n<\/div>\n<\/div>\n","protected":false},"excerpt":{"rendered":"","protected":false},"author":1,"featured_media":0,"parent":0,"menu_order":0,"comment_status":"closed","ping_status":"closed","template":"","meta":{"iawp_total_views":9,"footnotes":""},"class_list":["post-15511","page","type-page","status-publish","hentry"],"yoast_head":"<!-- This site is optimized with the Yoast SEO plugin v26.8 - https:\/\/yoast.com\/product\/yoast-seo-wordpress\/ -->\n<title>Newsletter - Ajankohtaista yritt\u00e4jyydest\u00e4 | Uusyrityskeskus<\/title>\n<meta name=\"description\" content=\"Tilaa Uusyrityskeskuksen ilmainen uutiskirje ja saat ajankohtaista tietoa yritt\u00e4jyydest\u00e4, yritysneuvonnasta ja tapahtumista suoraan s\u00e4hk\u00f6postiisi.\" \/>\n<meta name=\"robots\" content=\"index, follow, max-snippet:-1, max-image-preview:large, max-video-preview:-1\" \/>\n<link rel=\"canonical\" href=\"https:\/\/uusyrityskeskus.fi\/en\/sign-up-for-our-newsletter\/\" \/>\n<meta property=\"og:locale\" content=\"en_US\" \/>\n<meta property=\"og:type\" content=\"article\" \/>\n<meta property=\"og:title\" content=\"Newsletter - Ajankohtaista yritt\u00e4jyydest\u00e4 | Uusyrityskeskus\" \/>\n<meta property=\"og:description\" content=\"Tilaa Uusyrityskeskuksen ilmainen uutiskirje ja saat ajankohtaista tietoa yritt\u00e4jyydest\u00e4, yritysneuvonnasta ja tapahtumista suoraan s\u00e4hk\u00f6postiisi.\" \/>\n<meta property=\"og:url\" content=\"https:\/\/uusyrityskeskus.fi\/en\/sign-up-for-our-newsletter\/\" \/>\n<meta property=\"og:site_name\" content=\"Uusyrityskeskus\" \/>\n<meta property=\"article:modified_time\" content=\"2025-10-23T05:58:37+00:00\" \/>\n<meta property=\"og:image\" content=\"https:\/\/uusyrityskeskus.fi\/wp-content\/uploads\/2025\/10\/Kuvitus19_Verotus-min-scaled.png\" \/>\n\t<meta property=\"og:image:width\" content=\"2560\" \/>\n\t<meta property=\"og:image:height\" content=\"1562\" \/>\n\t<meta property=\"og:image:type\" content=\"image\/png\" \/>\n<meta name=\"twitter:card\" content=\"summary_large_image\" \/>\n<meta name=\"twitter:label1\" content=\"Est. reading time\" \/>\n\t<meta name=\"twitter:data1\" content=\"1 minute\" \/>\n<script type=\"application\/ld+json\" class=\"yoast-schema-graph\">{\"@context\":\"https:\/\/schema.org\",\"@graph\":[{\"@type\":\"WebPage\",\"@id\":\"https:\/\/uusyrityskeskus.fi\/en\/sign-up-for-our-newsletter\/\",\"url\":\"https:\/\/uusyrityskeskus.fi\/en\/sign-up-for-our-newsletter\/\",\"name\":\"Newsletter - Ajankohtaista yritt\u00e4jyydest\u00e4 | Uusyrityskeskus\",\"isPartOf\":{\"@id\":\"https:\/\/uusyrityskeskus.fi\/en\/#website\"},\"primaryImageOfPage\":{\"@id\":\"https:\/\/uusyrityskeskus.fi\/en\/sign-up-for-our-newsletter\/#primaryimage\"},\"image\":{\"@id\":\"https:\/\/uusyrityskeskus.fi\/en\/sign-up-for-our-newsletter\/#primaryimage\"},\"thumbnailUrl\":\"https:\/\/uusyrityskeskus.fi\/wp-content\/uploads\/2025\/10\/Kuvitus19_Verotus-min-1024x625.png\",\"datePublished\":\"2025-10-02T06:12:02+00:00\",\"dateModified\":\"2025-10-23T05:58:37+00:00\",\"description\":\"Tilaa Uusyrityskeskuksen ilmainen uutiskirje ja saat ajankohtaista tietoa yritt\u00e4jyydest\u00e4, yritysneuvonnasta ja tapahtumista suoraan s\u00e4hk\u00f6postiisi.\",\"breadcrumb\":{\"@id\":\"https:\/\/uusyrityskeskus.fi\/en\/sign-up-for-our-newsletter\/#breadcrumb\"},\"inLanguage\":\"en-US\",\"potentialAction\":[{\"@type\":\"ReadAction\",\"target\":[\"https:\/\/uusyrityskeskus.fi\/en\/sign-up-for-our-newsletter\/\"]}]},{\"@type\":\"ImageObject\",\"inLanguage\":\"en-US\",\"@id\":\"https:\/\/uusyrityskeskus.fi\/en\/sign-up-for-our-newsletter\/#primaryimage\",\"url\":\"https:\/\/uusyrityskeskus.fi\/wp-content\/uploads\/2025\/10\/Kuvitus19_Verotus-min-1024x625.png\",\"contentUrl\":\"https:\/\/uusyrityskeskus.fi\/wp-content\/uploads\/2025\/10\/Kuvitus19_Verotus-min-1024x625.png\"},{\"@type\":\"BreadcrumbList\",\"@id\":\"https:\/\/uusyrityskeskus.fi\/en\/sign-up-for-our-newsletter\/#breadcrumb\",\"itemListElement\":[{\"@type\":\"ListItem\",\"position\":1,\"name\":\"Etusivu\",\"item\":\"https:\/\/uusyrityskeskus.fi\/en\/\"},{\"@type\":\"ListItem\",\"position\":2,\"name\":\"Newsletter\"}]},{\"@type\":\"WebSite\",\"@id\":\"https:\/\/uusyrityskeskus.fi\/en\/#website\",\"url\":\"https:\/\/uusyrityskeskus.fi\/en\/\",\"name\":\"Uusyrityskeskus\",\"description\":\"Yritt\u00e4jyyden unelmista onnistumisia.\",\"potentialAction\":[{\"@type\":\"SearchAction\",\"target\":{\"@type\":\"EntryPoint\",\"urlTemplate\":\"https:\/\/uusyrityskeskus.fi\/en\/?s={search_term_string}\"},\"query-input\":{\"@type\":\"PropertyValueSpecification\",\"valueRequired\":true,\"valueName\":\"search_term_string\"}}],\"inLanguage\":\"en-US\"}]}<\/script>\n<!-- \/ Yoast SEO plugin. -->","yoast_head_json":{"title":"Newsletter - Ajankohtaista yritt\u00e4jyydest\u00e4 | Uusyrityskeskus","description":"Tilaa Uusyrityskeskuksen ilmainen uutiskirje ja saat ajankohtaista tietoa yritt\u00e4jyydest\u00e4, yritysneuvonnasta ja tapahtumista suoraan s\u00e4hk\u00f6postiisi.","robots":{"index":"index","follow":"follow","max-snippet":"max-snippet:-1","max-image-preview":"max-image-preview:large","max-video-preview":"max-video-preview:-1"},"canonical":"https:\/\/uusyrityskeskus.fi\/en\/sign-up-for-our-newsletter\/","og_locale":"en_US","og_type":"article","og_title":"Newsletter - Ajankohtaista yritt\u00e4jyydest\u00e4 | Uusyrityskeskus","og_description":"Tilaa Uusyrityskeskuksen ilmainen uutiskirje ja saat ajankohtaista tietoa yritt\u00e4jyydest\u00e4, yritysneuvonnasta ja tapahtumista suoraan s\u00e4hk\u00f6postiisi.","og_url":"https:\/\/uusyrityskeskus.fi\/en\/sign-up-for-our-newsletter\/","og_site_name":"Uusyrityskeskus","article_modified_time":"2025-10-23T05:58:37+00:00","og_image":[{"width":2560,"height":1562,"url":"https:\/\/uusyrityskeskus.fi\/wp-content\/uploads\/2025\/10\/Kuvitus19_Verotus-min-scaled.png","type":"image\/png"}],"twitter_card":"summary_large_image","twitter_misc":{"Est. reading time":"1 minute"},"schema":{"@context":"https:\/\/schema.org","@graph":[{"@type":"WebPage","@id":"https:\/\/uusyrityskeskus.fi\/en\/sign-up-for-our-newsletter\/","url":"https:\/\/uusyrityskeskus.fi\/en\/sign-up-for-our-newsletter\/","name":"Newsletter - Ajankohtaista yritt\u00e4jyydest\u00e4 | Uusyrityskeskus","isPartOf":{"@id":"https:\/\/uusyrityskeskus.fi\/en\/#website"},"primaryImageOfPage":{"@id":"https:\/\/uusyrityskeskus.fi\/en\/sign-up-for-our-newsletter\/#primaryimage"},"image":{"@id":"https:\/\/uusyrityskeskus.fi\/en\/sign-up-for-our-newsletter\/#primaryimage"},"thumbnailUrl":"https:\/\/uusyrityskeskus.fi\/wp-content\/uploads\/2025\/10\/Kuvitus19_Verotus-min-1024x625.png","datePublished":"2025-10-02T06:12:02+00:00","dateModified":"2025-10-23T05:58:37+00:00","description":"Tilaa Uusyrityskeskuksen ilmainen uutiskirje ja saat ajankohtaista tietoa yritt\u00e4jyydest\u00e4, yritysneuvonnasta ja tapahtumista suoraan s\u00e4hk\u00f6postiisi.","breadcrumb":{"@id":"https:\/\/uusyrityskeskus.fi\/en\/sign-up-for-our-newsletter\/#breadcrumb"},"inLanguage":"en-US","potentialAction":[{"@type":"ReadAction","target":["https:\/\/uusyrityskeskus.fi\/en\/sign-up-for-our-newsletter\/"]}]},{"@type":"ImageObject","inLanguage":"en-US","@id":"https:\/\/uusyrityskeskus.fi\/en\/sign-up-for-our-newsletter\/#primaryimage","url":"https:\/\/uusyrityskeskus.fi\/wp-content\/uploads\/2025\/10\/Kuvitus19_Verotus-min-1024x625.png","contentUrl":"https:\/\/uusyrityskeskus.fi\/wp-content\/uploads\/2025\/10\/Kuvitus19_Verotus-min-1024x625.png"},{"@type":"BreadcrumbList","@id":"https:\/\/uusyrityskeskus.fi\/en\/sign-up-for-our-newsletter\/#breadcrumb","itemListElement":[{"@type":"ListItem","position":1,"name":"Etusivu","item":"https:\/\/uusyrityskeskus.fi\/en\/"},{"@type":"ListItem","position":2,"name":"Newsletter"}]},{"@type":"WebSite","@id":"https:\/\/uusyrityskeskus.fi\/en\/#website","url":"https:\/\/uusyrityskeskus.fi\/en\/","name":"Uusyrityskeskus","description":"Yritt\u00e4jyyden unelmista onnistumisia.","potentialAction":[{"@type":"SearchAction","target":{"@type":"EntryPoint","urlTemplate":"https:\/\/uusyrityskeskus.fi\/en\/?s={search_term_string}"},"query-input":{"@type":"PropertyValueSpecification","valueRequired":true,"valueName":"search_term_string"}}],"inLanguage":"en-US"}]}},"_links":{"self":[{"href":"https:\/\/uusyrityskeskus.fi\/en\/wp-json\/wp\/v2\/pages\/15511","targetHints":{"allow":["GET"]}}],"collection":[{"href":"https:\/\/uusyrityskeskus.fi\/en\/wp-json\/wp\/v2\/pages"}],"about":[{"href":"https:\/\/uusyrityskeskus.fi\/en\/wp-json\/wp\/v2\/types\/page"}],"author":[{"embeddable":true,"href":"https:\/\/uusyrityskeskus.fi\/en\/wp-json\/wp\/v2\/users\/1"}],"replies":[{"embeddable":true,"href":"https:\/\/uusyrityskeskus.fi\/en\/wp-json\/wp\/v2\/comments?post=15511"}],"version-history":[{"count":4,"href":"https:\/\/uusyrityskeskus.fi\/en\/wp-json\/wp\/v2\/pages\/15511\/revisions"}],"predecessor-version":[{"id":16439,"href":"https:\/\/uusyrityskeskus.fi\/en\/wp-json\/wp\/v2\/pages\/15511\/revisions\/16439"}],"wp:attachment":[{"href":"https:\/\/uusyrityskeskus.fi\/en\/wp-json\/wp\/v2\/media?parent=15511"}],"curies":[{"name":"wp","href":"https:\/\/api.w.org\/{rel}","templated":true}]}}