{"id":15495,"date":"2025-09-02T11:39:32","date_gmt":"2025-09-02T08:39:32","guid":{"rendered":"https:\/\/uusyrityskeskus.fi\/digital-startup-guide\/continuous-business-development\/tukea-yrityksen-kehittamiseen\/"},"modified":"2026-03-24T12:26:04","modified_gmt":"2026-03-24T10:26:04","slug":"support-for-business-development","status":"publish","type":"page","link":"https:\/\/uusyrityskeskus.fi\/en\/digital-startup-guide\/continuous-business-development\/support-for-business-development\/","title":{"rendered":"Seek support for business development"},"content":{"rendered":"\n<div class=\"wp-block-tovaristrap-ts-container ts-container header--section\">\n<div class=\"ts-div header--row\">\n<h1 class=\"wp-block-heading\">Seek support for business development<\/h1>\n<\/div>\n<\/div>\n\n\n\n<div class=\"wp-block-tovaristrap-ts-container ts-container base--section pt-0 pb-0 border-bottom\">\n<div class=\"ts-div content--row\"><div class=\"yoast-breadcrumbs\"><span><span><a href=\"https:\/\/uusyrityskeskus.fi\/en\/\">Etusivu<\/a><\/span> \u00bb <span><a href=\"https:\/\/uusyrityskeskus.fi\/en\/digital-startup-guide\/\">Digital Startup Guide<\/a><\/span> \u00bb <span><a href=\"https:\/\/uusyrityskeskus.fi\/en\/digital-startup-guide\/continuous-business-development\/\">Continuous business development<\/a><\/span> \u00bb <span class=\"breadcrumb_last\" aria-current=\"page\">Seek support for business development<\/span><\/span><\/div><\/div>\n<\/div>\n\n\n\n<div class=\"wp-block-columns content--section with--default--padding is-layout-flex wp-container-core-columns-is-layout-9d6595d7 wp-block-columns-is-layout-flex\">\n<div class=\"wp-block-column content--div is-layout-flow wp-block-column-is-layout-flow\">\n<div class=\"wp-block-columns content--row is-layout-flex wp-container-core-columns-is-layout-9d6595d7 wp-block-columns-is-layout-flex\">\n<div class=\"wp-block-column custom--col--default sub--page--left--col is-layout-flow wp-block-column-is-layout-flow\" style=\"flex-basis:72%\">\n<p><em>Advice and funding for your company\u2019s growth are available. The right kind of support can significantly accelerate development.<\/em><\/p>\n\n\n\n<p>Advice, funding and expert assistance for the growth and development of the company are available. Support can be sought for, for example, reform of services or products, digitalisation, investments or internationalisation.<\/p>\n\n\n\n<p><strong>Economic Development Centres<\/strong> and <strong>Leader groups<\/strong> offer companies development grants, for example, for investments, the development of new products and services or the reform of operating methods.<\/p>\n\n\n\n<p><strong>Finnvera<\/strong> grants loans and guarantees to companies aiming for growth, reform or transfer of ownership. <strong>Business Finland<\/strong> provides funding especially for innovative development projects and internationalisation.<\/p>\n\n\n\n<p>The <strong>Team Finland network<\/strong> brings together state parties that help companies internationalise. A business advisor can help you find out which party is right for you.<\/p>\n\n\n\n<p><strong>Venture capital investors<\/strong> or private investors can sometimes also participate in the financing of development, especially if the business is scalable and there is plenty of growth potential.<\/p>\n\n\n\n<p><strong>Business advisory services provide support for planning and identifying financing options.<\/strong> Don\u2019t hesitate to ask \u2013 the right kind of support can significantly accelerate development.<\/p>\n\n\n\n<div class=\"wp-block-group sub--page--group info--box\"><div class=\"wp-block-group__inner-container is-layout-constrained wp-block-group-is-layout-constrained\">\n<p><strong>Economic Development Centres:<\/strong> <a href=\"https:\/\/elinvoimakeskus.fi\/web\/english\" target=\"_blank\" rel=\"noreferrer noopener\">https:\/\/elinvoimakeskus.fi\/web\/english<\/a><br><strong>Leader:<\/strong> <a href=\"https:\/\/www.maaseutu.fi\/yritykset\/yritystuet\/leader-toiminta\" target=\"_blank\" rel=\"noreferrer noopener\">https:\/\/www.maaseutu.fi\/yritykset\/yritystuet\/leader-toiminta<\/a><br><strong>Finnvera:<\/strong> <a href=\"https:\/\/www.finnvera.fi\/eng\/financing\" target=\"_blank\" rel=\"noreferrer noopener\">https:\/\/www.finnvera.fi\/eng\/financing<\/a><\/p>\n<\/div><\/div>\n\n\n\n<div class=\"wp-block-columns content--section is-layout-flex wp-container-core-columns-is-layout-9d6595d7 wp-block-columns-is-layout-flex\">\n<div class=\"wp-block-column content--div is-layout-flow wp-block-column-is-layout-flow\">\n<div class=\"wp-block-columns content--row ad--row is-layout-flex wp-container-core-columns-is-layout-9d6595d7 wp-block-columns-is-layout-flex\">\n<div class=\"wp-block-column is-layout-flow wp-block-column-is-layout-flow\" style=\"flex-basis:33.33%\">\n<figure class=\"wp-block-image size-full ad--image--main\"><img decoding=\"async\" width=\"2500\" height=\"1700\" data-src=\"https:\/\/uusyrityskeskus.fi\/wp-content\/uploads\/2025\/09\/Yrittajakassa-Kuvituskuva-Uusyrityskeskus.jpg\" alt=\"\" class=\"wp-image-14172 lazyload\" data-srcset=\"https:\/\/uusyrityskeskus.fi\/wp-content\/uploads\/2025\/09\/Yrittajakassa-Kuvituskuva-Uusyrityskeskus.jpg 2500w, https:\/\/uusyrityskeskus.fi\/wp-content\/uploads\/2025\/09\/Yrittajakassa-Kuvituskuva-Uusyrityskeskus-300x204.jpg 300w, https:\/\/uusyrityskeskus.fi\/wp-content\/uploads\/2025\/09\/Yrittajakassa-Kuvituskuva-Uusyrityskeskus-1024x696.jpg 1024w, https:\/\/uusyrityskeskus.fi\/wp-content\/uploads\/2025\/09\/Yrittajakassa-Kuvituskuva-Uusyrityskeskus-768x522.jpg 768w, https:\/\/uusyrityskeskus.fi\/wp-content\/uploads\/2025\/09\/Yrittajakassa-Kuvituskuva-Uusyrityskeskus-1536x1044.jpg 1536w, https:\/\/uusyrityskeskus.fi\/wp-content\/uploads\/2025\/09\/Yrittajakassa-Kuvituskuva-Uusyrityskeskus-2048x1393.jpg 2048w\" data-sizes=\"(max-width: 2500px) 100vw, 2500px\" src=\"data:image\/svg+xml;base64,PHN2ZyB3aWR0aD0iMSIgaGVpZ2h0PSIxIiB4bWxucz0iaHR0cDovL3d3dy53My5vcmcvMjAwMC9zdmciPjwvc3ZnPg==\" style=\"--smush-placeholder-width: 2500px; --smush-placeholder-aspect-ratio: 2500\/1700;\" \/><\/figure>\n\n\n\n<p class=\"web--link\"><a href=\"https:\/\/uusyrityskeskus.fi\/en\/\">www.uusyrityskeskus.fi<\/a><\/p>\n<\/div>\n\n\n\n<div class=\"wp-block-column is-layout-flow wp-block-column-is-layout-flow\" style=\"flex-basis:66.66%\">\n<figure class=\"wp-block-image size-full ad--logo--image\"><img decoding=\"async\" data-src=\"https:\/\/uusyrityskeskus.fi\/wp-content\/uploads\/2025\/09\/uusyrityskeskus_logo.svg\" alt=\"\" class=\"wp-image-14290 lazyload\" src=\"data:image\/svg+xml;base64,PHN2ZyB3aWR0aD0iMSIgaGVpZ2h0PSIxIiB4bWxucz0iaHR0cDovL3d3dy53My5vcmcvMjAwMC9zdmciPjwvc3ZnPg==\" \/><\/figure>\n\n\n\n<h2 class=\"wp-block-heading\">Helppo tapa tukea yritt\u00e4jyytt\u00e4.<\/h2>\n\n\n\n<p>Tarjoamme mainostilaa digitaalisessa ja fyysisess\u00e4 perustamisoppaassa monipuolisesti. Mainos- ja media -asioissa ole yhteydess\u00e4 vastuuhenkil\u00f6\u00f6mme: <a href=\"mailto:nita.vallimaki@uusyrityskeskus.fi\">nita.vallimaki@uusyrityskeskus.fi<\/a>.<\/p>\n\n\n\n<div class=\"wp-block-buttons is-layout-flex wp-block-buttons-is-layout-flex\">\n<div class=\"wp-block-button\"><a class=\"wp-block-button__link wp-element-button\" href=\"\/wp-content\/uploads\/2025\/10\/Mediakortti-2026-Nettisivut.pdf\" target=\"_blank\" rel=\"noreferrer noopener\">Katso mediakortti \u2192<\/a><\/div>\n<\/div>\n<\/div>\n<\/div>\n<\/div>\n<\/div>\n\n\n\n<div class=\"wp-block-columns content--row page--turn--buttons is-layout-flex wp-container-core-columns-is-layout-9d6595d7 wp-block-columns-is-layout-flex\">\n<div class=\"wp-block-column is-layout-flow wp-block-column-is-layout-flow\">\n<div class=\"wp-block-buttons is-layout-flex wp-block-buttons-is-layout-flex\">\n<div class=\"wp-block-button\"><a class=\"wp-block-button__link wp-element-button\" href=\"https:\/\/uusyrityskeskus.fi\/en\/digital-startup-guide\/continuous-business-development\/\">\u2190 4. Continuous business development<\/a><\/div>\n<\/div>\n<\/div>\n\n\n\n<div class=\"wp-block-column is-layout-flow wp-block-column-is-layout-flow\">\n<div class=\"wp-block-buttons is-content-justification-right is-layout-flex wp-container-core-buttons-is-layout-765c4724 wp-block-buttons-is-layout-flex\">\n<div class=\"wp-block-button\"><a class=\"wp-block-button__link wp-element-button\" href=\"https:\/\/uusyrityskeskus.fi\/en\/digital-startup-guide\/continuous-business-development\/grow-through-an-acquisition\/\">4.2. Grow through an acquisition \u2192<\/a><\/div>\n<\/div>\n<\/div>\n<\/div>\n<\/div>\n\n\n\n<div class=\"wp-block-column custom--col--default is-layout-flow wp-block-column-is-layout-flow\" style=\"flex-basis:28%\">\n<div class=\"wp-block-group standard--group--with--shadow\"><div class=\"wp-block-group__inner-container is-layout-constrained wp-block-group-is-layout-constrained\">\n<h4 class=\"wp-block-heading\">Need assistance?<\/h4>\n\n\n\n<div class=\"wp-block-buttons is-content-justification-center is-layout-flex wp-container-core-buttons-is-layout-16018d1d wp-block-buttons-is-layout-flex\">\n<div class=\"wp-block-button button--main\"><a class=\"wp-block-button__link wp-element-button\" href=\"https:\/\/uusyrityskeskus.fi\/en\/regional-enterprise-agencies\/\">Book a consultation<\/a><\/div>\n<\/div>\n\n\n\n<div class=\"wp-block-buttons is-content-justification-center is-layout-flex wp-container-core-buttons-is-layout-16018d1d wp-block-buttons-is-layout-flex\">\n<div class=\"wp-block-button mb--0 button--alt\"><a class=\"wp-block-button__link wp-element-button\" href=\"https:\/\/uusyrityskeskus.fi\/en\/download-guide-to-starting-a-business\/\">Download PDF guide<\/a><\/div>\n<\/div>\n<\/div><\/div>\n\n\n\n<div class=\"wp-block-group links--column\"><div class=\"wp-block-group__inner-container is-layout-constrained wp-block-group-is-layout-constrained\">\n<h4 class=\"wp-block-heading\">4. Continuous business development<\/h4>\n\n\n\n<div class=\"perustamisopas-nav\">\n<ol>\n<li>\n<a href=\"https:\/\/uusyrityskeskus.fi\/en\/digital-startup-guide\/continuous-business-development\/support-for-business-development\/\" class=\"active\">Seek support for business development<\/a>\n<\/li>\n\n<li>\n<a href=\"https:\/\/uusyrityskeskus.fi\/en\/digital-startup-guide\/continuous-business-development\/grow-through-an-acquisition\/\">Grow through an acquisition<\/a><\/li>\n\n<li>\n<a href=\"https:\/\/uusyrityskeskus.fi\/en\/digital-startup-guide\/continuous-business-development\/plan-business-continuity\/\">Plan the continuity of business<\/a><\/li>\n\n<li>\n<a href=\"https:\/\/uusyrityskeskus.fi\/en\/digital-startup-guide\/continuous-business-development\/take-advantage-of-networks\/\">Take advantage of networks \u2013 proceed together<\/a>\n<\/li>\n<\/ol>\n<\/div>\n<\/div><\/div>\n<\/div>\n<\/div>\n<\/div>\n<\/div>\n","protected":false},"excerpt":{"rendered":"Advice and funding for your company\u2019s growth are available. The right kind of support can significantly accelerate development. Advice, funding and expert assistance for the growth and development of the [&hellip;]","protected":false},"author":1,"featured_media":0,"parent":15407,"menu_order":0,"comment_status":"closed","ping_status":"closed","template":"","meta":{"iawp_total_views":8,"footnotes":""},"class_list":["post-15495","page","type-page","status-publish","hentry"],"yoast_head":"<!-- This site is optimized with the Yoast SEO plugin v26.8 - https:\/\/yoast.com\/product\/yoast-seo-wordpress\/ -->\n<title>Seek support for business development - Uusyrityskeskus<\/title>\n<meta name=\"robots\" content=\"index, follow, max-snippet:-1, max-image-preview:large, max-video-preview:-1\" \/>\n<link rel=\"canonical\" href=\"https:\/\/uusyrityskeskus.fi\/en\/digital-startup-guide\/continuous-business-development\/support-for-business-development\/\" \/>\n<meta property=\"og:locale\" content=\"en_US\" \/>\n<meta property=\"og:type\" content=\"article\" \/>\n<meta property=\"og:title\" content=\"Seek support for business development - Uusyrityskeskus\" \/>\n<meta property=\"og:description\" content=\"Advice and funding for your company\u2019s growth are available. The right kind of support can significantly accelerate development. Advice, funding and expert assistance for the growth and development of the [&hellip;]\" \/>\n<meta property=\"og:url\" content=\"https:\/\/uusyrityskeskus.fi\/en\/digital-startup-guide\/continuous-business-development\/support-for-business-development\/\" \/>\n<meta property=\"og:site_name\" content=\"Uusyrityskeskus\" \/>\n<meta property=\"article:modified_time\" content=\"2026-03-24T10:26:04+00:00\" \/>\n<meta property=\"og:image\" content=\"https:\/\/uusyrityskeskus.fi\/wp-content\/uploads\/2025\/09\/Yrittajakassa-Kuvituskuva-Uusyrityskeskus.jpg\" \/>\n\t<meta property=\"og:image:width\" content=\"2500\" \/>\n\t<meta property=\"og:image:height\" content=\"1700\" \/>\n\t<meta property=\"og:image:type\" content=\"image\/jpeg\" \/>\n<meta name=\"twitter:card\" content=\"summary_large_image\" \/>\n<meta name=\"twitter:label1\" content=\"Est. reading time\" \/>\n\t<meta name=\"twitter:data1\" content=\"3 minutes\" \/>\n<script type=\"application\/ld+json\" class=\"yoast-schema-graph\">{\"@context\":\"https:\/\/schema.org\",\"@graph\":[{\"@type\":\"WebPage\",\"@id\":\"https:\/\/uusyrityskeskus.fi\/en\/digital-startup-guide\/continuous-business-development\/support-for-business-development\/\",\"url\":\"https:\/\/uusyrityskeskus.fi\/en\/digital-startup-guide\/continuous-business-development\/support-for-business-development\/\",\"name\":\"Seek support for business development - Uusyrityskeskus\",\"isPartOf\":{\"@id\":\"https:\/\/uusyrityskeskus.fi\/en\/#website\"},\"primaryImageOfPage\":{\"@id\":\"https:\/\/uusyrityskeskus.fi\/en\/digital-startup-guide\/continuous-business-development\/support-for-business-development\/#primaryimage\"},\"image\":{\"@id\":\"https:\/\/uusyrityskeskus.fi\/en\/digital-startup-guide\/continuous-business-development\/support-for-business-development\/#primaryimage\"},\"thumbnailUrl\":\"https:\/\/uusyrityskeskus.fi\/wp-content\/uploads\/2025\/09\/Yrittajakassa-Kuvituskuva-Uusyrityskeskus.jpg\",\"datePublished\":\"2025-09-02T08:39:32+00:00\",\"dateModified\":\"2026-03-24T10:26:04+00:00\",\"breadcrumb\":{\"@id\":\"https:\/\/uusyrityskeskus.fi\/en\/digital-startup-guide\/continuous-business-development\/support-for-business-development\/#breadcrumb\"},\"inLanguage\":\"en-US\",\"potentialAction\":[{\"@type\":\"ReadAction\",\"target\":[\"https:\/\/uusyrityskeskus.fi\/en\/digital-startup-guide\/continuous-business-development\/support-for-business-development\/\"]}]},{\"@type\":\"ImageObject\",\"inLanguage\":\"en-US\",\"@id\":\"https:\/\/uusyrityskeskus.fi\/en\/digital-startup-guide\/continuous-business-development\/support-for-business-development\/#primaryimage\",\"url\":\"https:\/\/uusyrityskeskus.fi\/wp-content\/uploads\/2025\/09\/Yrittajakassa-Kuvituskuva-Uusyrityskeskus.jpg\",\"contentUrl\":\"https:\/\/uusyrityskeskus.fi\/wp-content\/uploads\/2025\/09\/Yrittajakassa-Kuvituskuva-Uusyrityskeskus.jpg\"},{\"@type\":\"BreadcrumbList\",\"@id\":\"https:\/\/uusyrityskeskus.fi\/en\/digital-startup-guide\/continuous-business-development\/support-for-business-development\/#breadcrumb\",\"itemListElement\":[{\"@type\":\"ListItem\",\"position\":1,\"name\":\"Etusivu\",\"item\":\"https:\/\/uusyrityskeskus.fi\/en\/\"},{\"@type\":\"ListItem\",\"position\":2,\"name\":\"Digital Startup Guide\",\"item\":\"https:\/\/uusyrityskeskus.fi\/en\/digital-startup-guide\/\"},{\"@type\":\"ListItem\",\"position\":3,\"name\":\"Continuous business development\",\"item\":\"https:\/\/uusyrityskeskus.fi\/en\/digital-startup-guide\/continuous-business-development\/\"},{\"@type\":\"ListItem\",\"position\":4,\"name\":\"Seek support for business development\"}]},{\"@type\":\"WebSite\",\"@id\":\"https:\/\/uusyrityskeskus.fi\/en\/#website\",\"url\":\"https:\/\/uusyrityskeskus.fi\/en\/\",\"name\":\"Uusyrityskeskus\",\"description\":\"Yritt\u00e4jyyden unelmista onnistumisia.\",\"potentialAction\":[{\"@type\":\"SearchAction\",\"target\":{\"@type\":\"EntryPoint\",\"urlTemplate\":\"https:\/\/uusyrityskeskus.fi\/en\/?s={search_term_string}\"},\"query-input\":{\"@type\":\"PropertyValueSpecification\",\"valueRequired\":true,\"valueName\":\"search_term_string\"}}],\"inLanguage\":\"en-US\"}]}<\/script>\n<!-- \/ Yoast SEO plugin. -->","yoast_head_json":{"title":"Seek support for business development - Uusyrityskeskus","robots":{"index":"index","follow":"follow","max-snippet":"max-snippet:-1","max-image-preview":"max-image-preview:large","max-video-preview":"max-video-preview:-1"},"canonical":"https:\/\/uusyrityskeskus.fi\/en\/digital-startup-guide\/continuous-business-development\/support-for-business-development\/","og_locale":"en_US","og_type":"article","og_title":"Seek support for business development - Uusyrityskeskus","og_description":"Advice and funding for your company\u2019s growth are available. The right kind of support can significantly accelerate development. Advice, funding and expert assistance for the growth and development of the [&hellip;]","og_url":"https:\/\/uusyrityskeskus.fi\/en\/digital-startup-guide\/continuous-business-development\/support-for-business-development\/","og_site_name":"Uusyrityskeskus","article_modified_time":"2026-03-24T10:26:04+00:00","og_image":[{"width":2500,"height":1700,"url":"https:\/\/uusyrityskeskus.fi\/wp-content\/uploads\/2025\/09\/Yrittajakassa-Kuvituskuva-Uusyrityskeskus.jpg","type":"image\/jpeg"}],"twitter_card":"summary_large_image","twitter_misc":{"Est. reading time":"3 minutes"},"schema":{"@context":"https:\/\/schema.org","@graph":[{"@type":"WebPage","@id":"https:\/\/uusyrityskeskus.fi\/en\/digital-startup-guide\/continuous-business-development\/support-for-business-development\/","url":"https:\/\/uusyrityskeskus.fi\/en\/digital-startup-guide\/continuous-business-development\/support-for-business-development\/","name":"Seek support for business development - Uusyrityskeskus","isPartOf":{"@id":"https:\/\/uusyrityskeskus.fi\/en\/#website"},"primaryImageOfPage":{"@id":"https:\/\/uusyrityskeskus.fi\/en\/digital-startup-guide\/continuous-business-development\/support-for-business-development\/#primaryimage"},"image":{"@id":"https:\/\/uusyrityskeskus.fi\/en\/digital-startup-guide\/continuous-business-development\/support-for-business-development\/#primaryimage"},"thumbnailUrl":"https:\/\/uusyrityskeskus.fi\/wp-content\/uploads\/2025\/09\/Yrittajakassa-Kuvituskuva-Uusyrityskeskus.jpg","datePublished":"2025-09-02T08:39:32+00:00","dateModified":"2026-03-24T10:26:04+00:00","breadcrumb":{"@id":"https:\/\/uusyrityskeskus.fi\/en\/digital-startup-guide\/continuous-business-development\/support-for-business-development\/#breadcrumb"},"inLanguage":"en-US","potentialAction":[{"@type":"ReadAction","target":["https:\/\/uusyrityskeskus.fi\/en\/digital-startup-guide\/continuous-business-development\/support-for-business-development\/"]}]},{"@type":"ImageObject","inLanguage":"en-US","@id":"https:\/\/uusyrityskeskus.fi\/en\/digital-startup-guide\/continuous-business-development\/support-for-business-development\/#primaryimage","url":"https:\/\/uusyrityskeskus.fi\/wp-content\/uploads\/2025\/09\/Yrittajakassa-Kuvituskuva-Uusyrityskeskus.jpg","contentUrl":"https:\/\/uusyrityskeskus.fi\/wp-content\/uploads\/2025\/09\/Yrittajakassa-Kuvituskuva-Uusyrityskeskus.jpg"},{"@type":"BreadcrumbList","@id":"https:\/\/uusyrityskeskus.fi\/en\/digital-startup-guide\/continuous-business-development\/support-for-business-development\/#breadcrumb","itemListElement":[{"@type":"ListItem","position":1,"name":"Etusivu","item":"https:\/\/uusyrityskeskus.fi\/en\/"},{"@type":"ListItem","position":2,"name":"Digital Startup Guide","item":"https:\/\/uusyrityskeskus.fi\/en\/digital-startup-guide\/"},{"@type":"ListItem","position":3,"name":"Continuous business development","item":"https:\/\/uusyrityskeskus.fi\/en\/digital-startup-guide\/continuous-business-development\/"},{"@type":"ListItem","position":4,"name":"Seek support for business development"}]},{"@type":"WebSite","@id":"https:\/\/uusyrityskeskus.fi\/en\/#website","url":"https:\/\/uusyrityskeskus.fi\/en\/","name":"Uusyrityskeskus","description":"Yritt\u00e4jyyden unelmista onnistumisia.","potentialAction":[{"@type":"SearchAction","target":{"@type":"EntryPoint","urlTemplate":"https:\/\/uusyrityskeskus.fi\/en\/?s={search_term_string}"},"query-input":{"@type":"PropertyValueSpecification","valueRequired":true,"valueName":"search_term_string"}}],"inLanguage":"en-US"}]}},"_links":{"self":[{"href":"https:\/\/uusyrityskeskus.fi\/en\/wp-json\/wp\/v2\/pages\/15495","targetHints":{"allow":["GET"]}}],"collection":[{"href":"https:\/\/uusyrityskeskus.fi\/en\/wp-json\/wp\/v2\/pages"}],"about":[{"href":"https:\/\/uusyrityskeskus.fi\/en\/wp-json\/wp\/v2\/types\/page"}],"author":[{"embeddable":true,"href":"https:\/\/uusyrityskeskus.fi\/en\/wp-json\/wp\/v2\/users\/1"}],"replies":[{"embeddable":true,"href":"https:\/\/uusyrityskeskus.fi\/en\/wp-json\/wp\/v2\/comments?post=15495"}],"version-history":[{"count":5,"href":"https:\/\/uusyrityskeskus.fi\/en\/wp-json\/wp\/v2\/pages\/15495\/revisions"}],"predecessor-version":[{"id":18077,"href":"https:\/\/uusyrityskeskus.fi\/en\/wp-json\/wp\/v2\/pages\/15495\/revisions\/18077"}],"up":[{"embeddable":true,"href":"https:\/\/uusyrityskeskus.fi\/en\/wp-json\/wp\/v2\/pages\/15407"}],"wp:attachment":[{"href":"https:\/\/uusyrityskeskus.fi\/en\/wp-json\/wp\/v2\/media?parent=15495"}],"curies":[{"name":"wp","href":"https:\/\/api.w.org\/{rel}","templated":true}]}}