{"id":15407,"date":"2025-09-02T11:38:38","date_gmt":"2025-09-02T08:38:38","guid":{"rendered":"https:\/\/uusyrityskeskus.fi\/digital-startup-guide\/yritystoiminnan-kehittaminen-ja-jatkuvuus\/"},"modified":"2025-11-06T12:45:39","modified_gmt":"2025-11-06T10:45:39","slug":"continuous-business-development","status":"publish","type":"page","link":"https:\/\/uusyrityskeskus.fi\/en\/digital-startup-guide\/continuous-business-development\/","title":{"rendered":"Continuous business development"},"content":{"rendered":"\n<div class=\"wp-block-tovaristrap-ts-container ts-container header--section\">\n<div class=\"ts-div header--row\">\n<h1 class=\"wp-block-heading\">Continuous business development<\/h1>\n<\/div>\n<\/div>\n\n\n\n<div class=\"wp-block-tovaristrap-ts-container ts-container base--section pt-0 pb-0 border-bottom\">\n<div class=\"ts-div content--row\"><div class=\"yoast-breadcrumbs\"><span><span><a href=\"https:\/\/uusyrityskeskus.fi\/en\/\">Etusivu<\/a><\/span> \u00bb <span><a href=\"https:\/\/uusyrityskeskus.fi\/en\/digital-startup-guide\/\">Digital Startup Guide<\/a><\/span> \u00bb <span class=\"breadcrumb_last\" aria-current=\"page\">Continuous business development<\/span><\/span><\/div><\/div>\n<\/div>\n\n\n\n<div class=\"wp-block-columns content--section with--default--padding is-layout-flex wp-container-core-columns-is-layout-9d6595d7 wp-block-columns-is-layout-flex\">\n<div class=\"wp-block-column content--div is-layout-flow wp-block-column-is-layout-flow\">\n<div class=\"wp-block-columns content--row is-layout-flex wp-container-core-columns-is-layout-9d6595d7 wp-block-columns-is-layout-flex\">\n<div class=\"wp-block-column custom--col--default sub--page--left--col is-layout-flow wp-block-column-is-layout-flow\" style=\"flex-basis:72%\">\n<div class=\"progress-container\">\n  <div class=\"progress-label\">Your progress in the start-up guide<\/div>\n  <div class=\"progress-bar\">\n    <div class=\"progress-fill\" style=\"width: 100%;\"><\/div>\n  <\/div>\n  <div class=\"progress-text\">Step 5\/5: Continuous business development<\/div>\n<\/div>\n\n\n\n<p><strong>Business is never complete \u2013 it develops together with the entrepreneur, customers and the operating environment.<\/strong> Continuous development of a company might mean reforming services or products, sharpening marketing, strengthening responsibility or changing the business model. Sometimes development is related to growth or internationalisation, but it often involves small improvements that require everyday insights.<\/p>\n\n\n\n<p><strong>The different stages of entrepreneurship also require anticipation and decisions.<\/strong> Do you want to continue as a sole entrepreneur, expand into a team \u2013 or is time to shut down or transfer the company? Continuity of business can be achieved through transfers of ownership, corporate acquisitions or changes-of-generation. It is a good idea to plan a controlled change well in advance \u2013 it is an important aspect of entrepreneurship, not a failure.<\/p>\n\n\n\n<div class=\"wp-block-columns content--section is-layout-flex wp-container-core-columns-is-layout-9d6595d7 wp-block-columns-is-layout-flex\">\n<div class=\"wp-block-column content--div is-layout-flow wp-block-column-is-layout-flow\">\n<div class=\"wp-block-columns content--row ad--row is-layout-flex wp-container-core-columns-is-layout-9d6595d7 wp-block-columns-is-layout-flex\">\n<div class=\"wp-block-column is-layout-flow wp-block-column-is-layout-flow\" style=\"flex-basis:33.33%\">\n<figure class=\"wp-block-image size-full ad--image--main\"><img decoding=\"async\" width=\"2500\" height=\"1700\" data-src=\"https:\/\/uusyrityskeskus.fi\/wp-content\/uploads\/2025\/09\/Yrittajakassa-Kuvituskuva-Uusyrityskeskus.jpg\" alt=\"\" class=\"wp-image-14172 lazyload\" data-srcset=\"https:\/\/uusyrityskeskus.fi\/wp-content\/uploads\/2025\/09\/Yrittajakassa-Kuvituskuva-Uusyrityskeskus.jpg 2500w, https:\/\/uusyrityskeskus.fi\/wp-content\/uploads\/2025\/09\/Yrittajakassa-Kuvituskuva-Uusyrityskeskus-300x204.jpg 300w, https:\/\/uusyrityskeskus.fi\/wp-content\/uploads\/2025\/09\/Yrittajakassa-Kuvituskuva-Uusyrityskeskus-1024x696.jpg 1024w, https:\/\/uusyrityskeskus.fi\/wp-content\/uploads\/2025\/09\/Yrittajakassa-Kuvituskuva-Uusyrityskeskus-768x522.jpg 768w, https:\/\/uusyrityskeskus.fi\/wp-content\/uploads\/2025\/09\/Yrittajakassa-Kuvituskuva-Uusyrityskeskus-1536x1044.jpg 1536w, https:\/\/uusyrityskeskus.fi\/wp-content\/uploads\/2025\/09\/Yrittajakassa-Kuvituskuva-Uusyrityskeskus-2048x1393.jpg 2048w\" data-sizes=\"(max-width: 2500px) 100vw, 2500px\" src=\"data:image\/svg+xml;base64,PHN2ZyB3aWR0aD0iMSIgaGVpZ2h0PSIxIiB4bWxucz0iaHR0cDovL3d3dy53My5vcmcvMjAwMC9zdmciPjwvc3ZnPg==\" style=\"--smush-placeholder-width: 2500px; --smush-placeholder-aspect-ratio: 2500\/1700;\" \/><\/figure>\n\n\n\n<p class=\"web--link\"><a href=\"https:\/\/uusyrityskeskus.fi\/en\/\">www.uusyrityskeskus.fi<\/a><\/p>\n<\/div>\n\n\n\n<div class=\"wp-block-column is-layout-flow wp-block-column-is-layout-flow\" style=\"flex-basis:66.66%\">\n<figure class=\"wp-block-image size-full ad--logo--image\"><img decoding=\"async\" data-src=\"https:\/\/uusyrityskeskus.fi\/wp-content\/uploads\/2025\/09\/uusyrityskeskus_logo.svg\" alt=\"\" class=\"wp-image-14290 lazyload\" src=\"data:image\/svg+xml;base64,PHN2ZyB3aWR0aD0iMSIgaGVpZ2h0PSIxIiB4bWxucz0iaHR0cDovL3d3dy53My5vcmcvMjAwMC9zdmciPjwvc3ZnPg==\" \/><\/figure>\n\n\n\n<h2 class=\"wp-block-heading\">Helppo tapa tukea yritt\u00e4jyytt\u00e4.<\/h2>\n\n\n\n<p>Tarjoamme mainostilaa digitaalisessa ja fyysisess\u00e4 perustamisoppaassa monipuolisesti. Mainos- ja media -asioissa ole yhteydess\u00e4 vastuuhenkil\u00f6\u00f6mme: <a href=\"mailto:nita.vallimaki@uusyrityskeskus.fi\">nita.vallimaki@uusyrityskeskus.fi<\/a>.<\/p>\n\n\n\n<div class=\"wp-block-buttons is-layout-flex wp-block-buttons-is-layout-flex\">\n<div class=\"wp-block-button\"><a class=\"wp-block-button__link wp-element-button\" href=\"\/wp-content\/uploads\/2025\/10\/Mediakortti-2026-Nettisivut.pdf\" target=\"_blank\" rel=\"noreferrer noopener\">Katso mediakortti \u2192<\/a><\/div>\n<\/div>\n<\/div>\n<\/div>\n<\/div>\n<\/div>\n\n\n\n<div class=\"wp-block-group sub--page--group\"><div class=\"wp-block-group__inner-container is-layout-constrained wp-block-group-is-layout-constrained\">\n<h4 class=\"wp-block-heading\">At this stage, consider\/reflect:<\/h4>\n\n\n\n<ul>\n<li><strong>Develop your business systematically<\/strong> even if you are not aiming for growth<\/li>\n<li><strong>Identify opportunities and threats \u2013<\/strong> monitor the market and customer needs<\/li>\n<li><strong>Strengthen responsibility and customer understanding<\/strong><\/li>\n<li><strong>Take care of financial management also during development<\/strong><\/li>\n<li><strong>Prepare for business changes in time:<\/strong> sale, change-of-generation or shutdown<\/li>\n<li><strong>Find support and sparring \u2013<\/strong> you are not alone!<\/li>\n<\/ul>\n<\/div><\/div>\n\n\n\n<h3 class=\"wp-block-heading\">Learn more about the topics<\/h3>\n\n\n\n<div class=\"wp-block-columns is-layout-flex wp-container-core-columns-is-layout-9d6595d7 wp-block-columns-is-layout-flex\">\n<div class=\"wp-block-column custom--col--3 is-layout-flow wp-block-column-is-layout-flow\">\n<h4 class=\"wp-block-heading\">Seek support for business development<\/h4>\n\n\n\n<p>There is advice and funding available from various sources for your company&#8217;s growth. The right kind of support can significantly accelerate development.<\/p>\n\n\n\n<p><a href=\"https:\/\/uusyrityskeskus.fi\/en\/digital-startup-guide\/continuous-business-development\/support-for-business-development\/\">Read More \u2192<\/a><\/p>\n<\/div>\n\n\n\n<div class=\"wp-block-column custom--col--3 is-layout-flow wp-block-column-is-layout-flow\">\n<h4 class=\"wp-block-heading\">Grow through an acquisition<\/h4>\n\n\n\n<p>Buying a company or part of a business can accelerate growth. Always plan carefully and utilize experts.<\/p>\n\n\n\n<p><a href=\"https:\/\/uusyrityskeskus.fi\/en\/digital-startup-guide\/continuous-business-development\/grow-through-an-acquisition\/\">Read more \u2192<\/a><\/p>\n<\/div>\n<\/div>\n\n\n\n<div class=\"wp-block-columns is-layout-flex wp-container-core-columns-is-layout-9d6595d7 wp-block-columns-is-layout-flex\">\n<div class=\"wp-block-column custom--col--3 is-layout-flow wp-block-column-is-layout-flow\">\n<h4 class=\"wp-block-heading\">Plan the continuity of business<\/h4>\n\n\n\n<p>Even for an entrepreneur, there may come a time to move on to new tasks. It&#8217;s worth planning ownership succession well in advance.<\/p>\n\n\n\n<p><a href=\"https:\/\/uusyrityskeskus.fi\/en\/digital-startup-guide\/continuous-business-development\/plan-business-continuity\/\">Read more \u2192<\/a><\/p>\n<\/div>\n\n\n\n<div class=\"wp-block-column custom--col--3 is-layout-flow wp-block-column-is-layout-flow\">\n<h4 class=\"wp-block-heading\">Take advantage of networks \u2013 proceed together<\/h4>\n\n\n\n<p>Good networks provide information, support, and new opportunities. No one succeeds alone, not even as an entrepreneur.<\/p>\n\n\n\n<p><a href=\"https:\/\/uusyrityskeskus.fi\/en\/digital-startup-guide\/continuous-business-development\/take-advantage-of-networks\/\">Read More \u2192<\/a><\/p>\n<\/div>\n<\/div>\n\n\n\n<div class=\"wp-block-columns content--row page--turn--buttons is-layout-flex wp-container-core-columns-is-layout-9d6595d7 wp-block-columns-is-layout-flex\">\n<div class=\"wp-block-column is-layout-flow wp-block-column-is-layout-flow\">\n<div class=\"wp-block-buttons is-layout-flex wp-block-buttons-is-layout-flex\">\n<div class=\"wp-block-button\"><a class=\"wp-block-button__link wp-element-button\" href=\"https:\/\/uusyrityskeskus.fi\/en\/digital-startup-guide\/company-operations\/\">\u2190 3. Daily business and managing it<\/a><\/div>\n<\/div>\n<\/div>\n\n\n\n<div class=\"wp-block-column is-layout-flow wp-block-column-is-layout-flow\">\n<div class=\"wp-block-buttons d-none is-content-justification-right is-layout-flex wp-container-core-buttons-is-layout-765c4724 wp-block-buttons-is-layout-flex\">\n<div class=\"wp-block-button\"><a class=\"wp-block-button__link wp-element-button\" href=\"\/yrityksen-perustajalle\/digitaalinen-perustamisopas\/yrityksen-jatkuvuus\/\"><strong> \u2192<\/strong><\/a><\/div>\n<\/div>\n<\/div>\n<\/div>\n<\/div>\n\n\n\n<div class=\"wp-block-column custom--col--default is-layout-flow wp-block-column-is-layout-flow\" style=\"flex-basis:28%\">\n<div class=\"wp-block-group standard--group--with--shadow\"><div class=\"wp-block-group__inner-container is-layout-constrained wp-block-group-is-layout-constrained\">\n<h4 class=\"wp-block-heading\">Need assistance?<\/h4>\n\n\n\n<div class=\"wp-block-buttons is-content-justification-center is-layout-flex wp-container-core-buttons-is-layout-16018d1d wp-block-buttons-is-layout-flex\">\n<div class=\"wp-block-button button--main\"><a class=\"wp-block-button__link wp-element-button\" href=\"https:\/\/uusyrityskeskus.fi\/en\/regional-enterprise-agencies\/\">Book a consultation<\/a><\/div>\n<\/div>\n\n\n\n<div class=\"wp-block-buttons is-content-justification-center is-layout-flex wp-container-core-buttons-is-layout-16018d1d wp-block-buttons-is-layout-flex\">\n<div class=\"wp-block-button mb--0 button--alt\"><a class=\"wp-block-button__link wp-element-button\" href=\"https:\/\/uusyrityskeskus.fi\/en\/download-guide-to-starting-a-business\/\">Download PDF guide<\/a><\/div>\n<\/div>\n<\/div><\/div>\n\n\n\n<div class=\"wp-block-group links--column\"><div class=\"wp-block-group__inner-container is-layout-constrained wp-block-group-is-layout-constrained\">\n<h4 class=\"wp-block-heading\">Startup guide<\/h4>\n\n\n\n<div class=\"perustamisopas-nav\">\n<ol>\n<li>\n<a href=\"https:\/\/uusyrityskeskus.fi\/en\/digital-startup-guide\/me-as-an-entrepreneur\/\">Me as an entrepreneur<\/a>\n<\/li>\n\n<li>\n<a href=\"https:\/\/uusyrityskeskus.fi\/en\/digital-startup-guide\/business-planning\/\">Entrepreneurship starts with an idea<\/a>\n<\/li>\n\n<li>\n<a href=\"https:\/\/uusyrityskeskus.fi\/en\/digital-startup-guide\/starting-a-business\/\">The stages of establishing a company <\/a><\/li>\n\n<li>\n<a href=\"https:\/\/uusyrityskeskus.fi\/en\/digital-startup-guide\/company-operations\/\">Daily business and managing it<\/a>\n<\/li>\n\n<li>\n<a href=\"https:\/\/uusyrityskeskus.fi\/en\/digital-startup-guide\/continuous-business-development\/\" class=\"active\">Continuous business development<\/a><\/li>\n<\/ol>\n<\/div>\n<\/div><\/div>\n<\/div>\n<\/div>\n<\/div>\n<\/div>\n","protected":false},"excerpt":{"rendered":"Your progress in the start-up guide Step 5\/5: Continuous business development Business is never complete \u2013 it develops together with the entrepreneur, customers and the operating environment. Continuous development of [&hellip;]","protected":false},"author":1,"featured_media":0,"parent":15360,"menu_order":0,"comment_status":"closed","ping_status":"closed","template":"","meta":{"iawp_total_views":64,"footnotes":""},"class_list":["post-15407","page","type-page","status-publish","hentry"],"yoast_head":"<!-- This site is optimized with the Yoast SEO plugin v27.4 - https:\/\/yoast.com\/product\/yoast-seo-wordpress\/ -->\n<title>Continuous business development - Uusyrityskeskus<\/title>\n<meta name=\"robots\" content=\"index, follow, max-snippet:-1, max-image-preview:large, max-video-preview:-1\" \/>\n<link rel=\"canonical\" href=\"https:\/\/uusyrityskeskus.fi\/en\/digital-startup-guide\/continuous-business-development\/\" \/>\n<meta property=\"og:locale\" content=\"en_US\" \/>\n<meta property=\"og:type\" content=\"article\" \/>\n<meta property=\"og:title\" content=\"Continuous business development - Uusyrityskeskus\" \/>\n<meta property=\"og:description\" content=\"Your progress in the start-up guide Step 5\/5: Continuous business development Business is never complete \u2013 it develops together with the entrepreneur, customers and the operating environment. Continuous development of [&hellip;]\" \/>\n<meta property=\"og:url\" content=\"https:\/\/uusyrityskeskus.fi\/en\/digital-startup-guide\/continuous-business-development\/\" \/>\n<meta property=\"og:site_name\" content=\"Uusyrityskeskus\" \/>\n<meta property=\"article:modified_time\" content=\"2025-11-06T10:45:39+00:00\" \/>\n<meta property=\"og:image\" content=\"https:\/\/uusyrityskeskus.fi\/wp-content\/uploads\/2025\/09\/Yrittajakassa-Kuvituskuva-Uusyrityskeskus.jpg\" \/>\n\t<meta property=\"og:image:width\" content=\"2500\" \/>\n\t<meta property=\"og:image:height\" content=\"1700\" \/>\n\t<meta property=\"og:image:type\" content=\"image\/jpeg\" \/>\n<meta name=\"twitter:card\" content=\"summary_large_image\" \/>\n<meta name=\"twitter:label1\" content=\"Est. reading time\" \/>\n\t<meta name=\"twitter:data1\" content=\"3 minutes\" \/>\n<script type=\"application\/ld+json\" class=\"yoast-schema-graph\">{\"@context\":\"https:\\\/\\\/schema.org\",\"@graph\":[{\"@type\":\"WebPage\",\"@id\":\"https:\\\/\\\/uusyrityskeskus.fi\\\/en\\\/digital-startup-guide\\\/continuous-business-development\\\/\",\"url\":\"https:\\\/\\\/uusyrityskeskus.fi\\\/en\\\/digital-startup-guide\\\/continuous-business-development\\\/\",\"name\":\"Continuous business development - Uusyrityskeskus\",\"isPartOf\":{\"@id\":\"https:\\\/\\\/uusyrityskeskus.fi\\\/en\\\/#website\"},\"primaryImageOfPage\":{\"@id\":\"https:\\\/\\\/uusyrityskeskus.fi\\\/en\\\/digital-startup-guide\\\/continuous-business-development\\\/#primaryimage\"},\"image\":{\"@id\":\"https:\\\/\\\/uusyrityskeskus.fi\\\/en\\\/digital-startup-guide\\\/continuous-business-development\\\/#primaryimage\"},\"thumbnailUrl\":\"https:\\\/\\\/uusyrityskeskus.fi\\\/wp-content\\\/uploads\\\/2025\\\/09\\\/Yrittajakassa-Kuvituskuva-Uusyrityskeskus.jpg\",\"datePublished\":\"2025-09-02T08:38:38+00:00\",\"dateModified\":\"2025-11-06T10:45:39+00:00\",\"breadcrumb\":{\"@id\":\"https:\\\/\\\/uusyrityskeskus.fi\\\/en\\\/digital-startup-guide\\\/continuous-business-development\\\/#breadcrumb\"},\"inLanguage\":\"en-US\",\"potentialAction\":[{\"@type\":\"ReadAction\",\"target\":[\"https:\\\/\\\/uusyrityskeskus.fi\\\/en\\\/digital-startup-guide\\\/continuous-business-development\\\/\"]}]},{\"@type\":\"ImageObject\",\"inLanguage\":\"en-US\",\"@id\":\"https:\\\/\\\/uusyrityskeskus.fi\\\/en\\\/digital-startup-guide\\\/continuous-business-development\\\/#primaryimage\",\"url\":\"https:\\\/\\\/uusyrityskeskus.fi\\\/wp-content\\\/uploads\\\/2025\\\/09\\\/Yrittajakassa-Kuvituskuva-Uusyrityskeskus.jpg\",\"contentUrl\":\"https:\\\/\\\/uusyrityskeskus.fi\\\/wp-content\\\/uploads\\\/2025\\\/09\\\/Yrittajakassa-Kuvituskuva-Uusyrityskeskus.jpg\"},{\"@type\":\"BreadcrumbList\",\"@id\":\"https:\\\/\\\/uusyrityskeskus.fi\\\/en\\\/digital-startup-guide\\\/continuous-business-development\\\/#breadcrumb\",\"itemListElement\":[{\"@type\":\"ListItem\",\"position\":1,\"name\":\"Etusivu\",\"item\":\"https:\\\/\\\/uusyrityskeskus.fi\\\/en\\\/\"},{\"@type\":\"ListItem\",\"position\":2,\"name\":\"Digital Startup Guide\",\"item\":\"https:\\\/\\\/uusyrityskeskus.fi\\\/en\\\/digital-startup-guide\\\/\"},{\"@type\":\"ListItem\",\"position\":3,\"name\":\"Continuous business development\"}]},{\"@type\":\"WebSite\",\"@id\":\"https:\\\/\\\/uusyrityskeskus.fi\\\/en\\\/#website\",\"url\":\"https:\\\/\\\/uusyrityskeskus.fi\\\/en\\\/\",\"name\":\"Uusyrityskeskus\",\"description\":\"Yritt\u00e4jyyden unelmista onnistumisia.\",\"potentialAction\":[{\"@type\":\"SearchAction\",\"target\":{\"@type\":\"EntryPoint\",\"urlTemplate\":\"https:\\\/\\\/uusyrityskeskus.fi\\\/en\\\/?s={search_term_string}\"},\"query-input\":{\"@type\":\"PropertyValueSpecification\",\"valueRequired\":true,\"valueName\":\"search_term_string\"}}],\"inLanguage\":\"en-US\"}]}<\/script>\n<!-- \/ Yoast SEO plugin. -->","yoast_head_json":{"title":"Continuous business development - Uusyrityskeskus","robots":{"index":"index","follow":"follow","max-snippet":"max-snippet:-1","max-image-preview":"max-image-preview:large","max-video-preview":"max-video-preview:-1"},"canonical":"https:\/\/uusyrityskeskus.fi\/en\/digital-startup-guide\/continuous-business-development\/","og_locale":"en_US","og_type":"article","og_title":"Continuous business development - Uusyrityskeskus","og_description":"Your progress in the start-up guide Step 5\/5: Continuous business development Business is never complete \u2013 it develops together with the entrepreneur, customers and the operating environment. Continuous development of [&hellip;]","og_url":"https:\/\/uusyrityskeskus.fi\/en\/digital-startup-guide\/continuous-business-development\/","og_site_name":"Uusyrityskeskus","article_modified_time":"2025-11-06T10:45:39+00:00","og_image":[{"width":2500,"height":1700,"url":"https:\/\/uusyrityskeskus.fi\/wp-content\/uploads\/2025\/09\/Yrittajakassa-Kuvituskuva-Uusyrityskeskus.jpg","type":"image\/jpeg"}],"twitter_card":"summary_large_image","twitter_misc":{"Est. reading time":"3 minutes"},"schema":{"@context":"https:\/\/schema.org","@graph":[{"@type":"WebPage","@id":"https:\/\/uusyrityskeskus.fi\/en\/digital-startup-guide\/continuous-business-development\/","url":"https:\/\/uusyrityskeskus.fi\/en\/digital-startup-guide\/continuous-business-development\/","name":"Continuous business development - Uusyrityskeskus","isPartOf":{"@id":"https:\/\/uusyrityskeskus.fi\/en\/#website"},"primaryImageOfPage":{"@id":"https:\/\/uusyrityskeskus.fi\/en\/digital-startup-guide\/continuous-business-development\/#primaryimage"},"image":{"@id":"https:\/\/uusyrityskeskus.fi\/en\/digital-startup-guide\/continuous-business-development\/#primaryimage"},"thumbnailUrl":"https:\/\/uusyrityskeskus.fi\/wp-content\/uploads\/2025\/09\/Yrittajakassa-Kuvituskuva-Uusyrityskeskus.jpg","datePublished":"2025-09-02T08:38:38+00:00","dateModified":"2025-11-06T10:45:39+00:00","breadcrumb":{"@id":"https:\/\/uusyrityskeskus.fi\/en\/digital-startup-guide\/continuous-business-development\/#breadcrumb"},"inLanguage":"en-US","potentialAction":[{"@type":"ReadAction","target":["https:\/\/uusyrityskeskus.fi\/en\/digital-startup-guide\/continuous-business-development\/"]}]},{"@type":"ImageObject","inLanguage":"en-US","@id":"https:\/\/uusyrityskeskus.fi\/en\/digital-startup-guide\/continuous-business-development\/#primaryimage","url":"https:\/\/uusyrityskeskus.fi\/wp-content\/uploads\/2025\/09\/Yrittajakassa-Kuvituskuva-Uusyrityskeskus.jpg","contentUrl":"https:\/\/uusyrityskeskus.fi\/wp-content\/uploads\/2025\/09\/Yrittajakassa-Kuvituskuva-Uusyrityskeskus.jpg"},{"@type":"BreadcrumbList","@id":"https:\/\/uusyrityskeskus.fi\/en\/digital-startup-guide\/continuous-business-development\/#breadcrumb","itemListElement":[{"@type":"ListItem","position":1,"name":"Etusivu","item":"https:\/\/uusyrityskeskus.fi\/en\/"},{"@type":"ListItem","position":2,"name":"Digital Startup Guide","item":"https:\/\/uusyrityskeskus.fi\/en\/digital-startup-guide\/"},{"@type":"ListItem","position":3,"name":"Continuous business development"}]},{"@type":"WebSite","@id":"https:\/\/uusyrityskeskus.fi\/en\/#website","url":"https:\/\/uusyrityskeskus.fi\/en\/","name":"Uusyrityskeskus","description":"Yritt\u00e4jyyden unelmista onnistumisia.","potentialAction":[{"@type":"SearchAction","target":{"@type":"EntryPoint","urlTemplate":"https:\/\/uusyrityskeskus.fi\/en\/?s={search_term_string}"},"query-input":{"@type":"PropertyValueSpecification","valueRequired":true,"valueName":"search_term_string"}}],"inLanguage":"en-US"}]}},"_links":{"self":[{"href":"https:\/\/uusyrityskeskus.fi\/en\/wp-json\/wp\/v2\/pages\/15407","targetHints":{"allow":["GET"]}}],"collection":[{"href":"https:\/\/uusyrityskeskus.fi\/en\/wp-json\/wp\/v2\/pages"}],"about":[{"href":"https:\/\/uusyrityskeskus.fi\/en\/wp-json\/wp\/v2\/types\/page"}],"author":[{"embeddable":true,"href":"https:\/\/uusyrityskeskus.fi\/en\/wp-json\/wp\/v2\/users\/1"}],"replies":[{"embeddable":true,"href":"https:\/\/uusyrityskeskus.fi\/en\/wp-json\/wp\/v2\/comments?post=15407"}],"version-history":[{"count":5,"href":"https:\/\/uusyrityskeskus.fi\/en\/wp-json\/wp\/v2\/pages\/15407\/revisions"}],"predecessor-version":[{"id":16865,"href":"https:\/\/uusyrityskeskus.fi\/en\/wp-json\/wp\/v2\/pages\/15407\/revisions\/16865"}],"up":[{"embeddable":true,"href":"https:\/\/uusyrityskeskus.fi\/en\/wp-json\/wp\/v2\/pages\/15360"}],"wp:attachment":[{"href":"https:\/\/uusyrityskeskus.fi\/en\/wp-json\/wp\/v2\/media?parent=15407"}],"curies":[{"name":"wp","href":"https:\/\/api.w.org\/{rel}","templated":true}]}}