{"id":15403,"date":"2025-09-02T11:32:02","date_gmt":"2025-09-02T08:32:02","guid":{"rendered":"https:\/\/uusyrityskeskus.fi\/digital-startup-guide\/yrityksen-toiminta\/"},"modified":"2025-11-06T12:43:53","modified_gmt":"2025-11-06T10:43:53","slug":"company-operations","status":"publish","type":"page","link":"https:\/\/uusyrityskeskus.fi\/en\/digital-startup-guide\/company-operations\/","title":{"rendered":"Daily business and managing it"},"content":{"rendered":"\n<div class=\"wp-block-tovaristrap-ts-container ts-container header--section\">\n<div class=\"ts-div header--row\">\n<h1 class=\"wp-block-heading\">Daily business and managing it<\/h1>\n<\/div>\n<\/div>\n\n\n\n<div class=\"wp-block-tovaristrap-ts-container ts-container base--section pt-0 pb-0 border-bottom\">\n<div class=\"ts-div content--row\"><div class=\"yoast-breadcrumbs\"><span><span><a href=\"https:\/\/uusyrityskeskus.fi\/en\/\">Etusivu<\/a><\/span> \u00bb <span><a href=\"https:\/\/uusyrityskeskus.fi\/en\/digital-startup-guide\/\">Digital Startup Guide<\/a><\/span> \u00bb <span class=\"breadcrumb_last\" aria-current=\"page\">Daily business and managing it<\/span><\/span><\/div><\/div>\n<\/div>\n\n\n\n<div class=\"wp-block-columns content--section with--default--padding is-layout-flex wp-container-core-columns-is-layout-9d6595d7 wp-block-columns-is-layout-flex\">\n<div class=\"wp-block-column content--div is-layout-flow wp-block-column-is-layout-flow\">\n<div class=\"wp-block-columns content--row is-layout-flex wp-container-core-columns-is-layout-9d6595d7 wp-block-columns-is-layout-flex\">\n<div class=\"wp-block-column custom--col--default sub--page--left--col is-layout-flow wp-block-column-is-layout-flow\" style=\"flex-basis:72%\">\n<div class=\"progress-container\">\n  <div class=\"progress-label\">Your progress in the start-up guide<\/div>\n  <div class=\"progress-bar\">\n    <div class=\"progress-fill\" style=\"width: 80%;\"><\/div>\n  <\/div>\n  <div class=\"progress-text\">Step 4\/5: Daily business and managing it<\/div>\n<\/div>\n\n\n\n<p>After the business starts, the daily life is filled with customers, invoicing, responsibilities and continuous learning. The success of a company does not come from a good idea alone, but from how daily operations are managed \u2013 systematically, responsibly and in a customer-oriented way. Whether it is marketing, pricing, accounting or taxation, it is important for the entrepreneur to understand the basics and ensure that things are in order.<\/p>\n\n\n\n<p>Well-managed finances, smooth customer service and proactive management of responsibilities strengthen the credibility and competitiveness of the company. At the same time, they support the entrepreneur\u2019s own resources and enable growth. In this part, you will receive practical advice on how to get to grips with different aspects of the company\u2019s operations \u2013 whether you are a sole entrepreneur, a team entrepreneur or a company hiring its first employees.<\/p>\n\n\n\n<div class=\"wp-block-columns content--section is-layout-flex wp-container-core-columns-is-layout-9d6595d7 wp-block-columns-is-layout-flex\">\n<div class=\"wp-block-column content--div is-layout-flow wp-block-column-is-layout-flow\">\n<div class=\"wp-block-columns content--row ad--row is-layout-flex wp-container-core-columns-is-layout-9d6595d7 wp-block-columns-is-layout-flex\">\n<div class=\"wp-block-column is-layout-flow wp-block-column-is-layout-flow\" style=\"flex-basis:33.33%\">\n<figure class=\"wp-block-image size-full ad--image--main\"><img decoding=\"async\" width=\"2500\" height=\"1700\" data-src=\"https:\/\/uusyrityskeskus.fi\/wp-content\/uploads\/2025\/09\/Yrittajakassa-Kuvituskuva-Uusyrityskeskus.jpg\" alt=\"\" class=\"wp-image-14172 lazyload\" data-srcset=\"https:\/\/uusyrityskeskus.fi\/wp-content\/uploads\/2025\/09\/Yrittajakassa-Kuvituskuva-Uusyrityskeskus.jpg 2500w, https:\/\/uusyrityskeskus.fi\/wp-content\/uploads\/2025\/09\/Yrittajakassa-Kuvituskuva-Uusyrityskeskus-300x204.jpg 300w, https:\/\/uusyrityskeskus.fi\/wp-content\/uploads\/2025\/09\/Yrittajakassa-Kuvituskuva-Uusyrityskeskus-1024x696.jpg 1024w, https:\/\/uusyrityskeskus.fi\/wp-content\/uploads\/2025\/09\/Yrittajakassa-Kuvituskuva-Uusyrityskeskus-768x522.jpg 768w, https:\/\/uusyrityskeskus.fi\/wp-content\/uploads\/2025\/09\/Yrittajakassa-Kuvituskuva-Uusyrityskeskus-1536x1044.jpg 1536w, https:\/\/uusyrityskeskus.fi\/wp-content\/uploads\/2025\/09\/Yrittajakassa-Kuvituskuva-Uusyrityskeskus-2048x1393.jpg 2048w\" data-sizes=\"(max-width: 2500px) 100vw, 2500px\" src=\"data:image\/svg+xml;base64,PHN2ZyB3aWR0aD0iMSIgaGVpZ2h0PSIxIiB4bWxucz0iaHR0cDovL3d3dy53My5vcmcvMjAwMC9zdmciPjwvc3ZnPg==\" style=\"--smush-placeholder-width: 2500px; --smush-placeholder-aspect-ratio: 2500\/1700;\" \/><\/figure>\n\n\n\n<p class=\"web--link\"><a href=\"https:\/\/uusyrityskeskus.fi\/en\/\">www.uusyrityskeskus.fi<\/a><\/p>\n<\/div>\n\n\n\n<div class=\"wp-block-column is-layout-flow wp-block-column-is-layout-flow\" style=\"flex-basis:66.66%\">\n<figure class=\"wp-block-image size-full ad--logo--image\"><img decoding=\"async\" data-src=\"https:\/\/uusyrityskeskus.fi\/wp-content\/uploads\/2025\/09\/uusyrityskeskus_logo.svg\" alt=\"\" class=\"wp-image-14290 lazyload\" src=\"data:image\/svg+xml;base64,PHN2ZyB3aWR0aD0iMSIgaGVpZ2h0PSIxIiB4bWxucz0iaHR0cDovL3d3dy53My5vcmcvMjAwMC9zdmciPjwvc3ZnPg==\" \/><\/figure>\n\n\n\n<h2 class=\"wp-block-heading\">Helppo tapa tukea yritt\u00e4jyytt\u00e4.<\/h2>\n\n\n\n<p>Tarjoamme mainostilaa digitaalisessa ja fyysisess\u00e4 perustamisoppaassa monipuolisesti. Mainos- ja media -asioissa ole yhteydess\u00e4 vastuuhenkil\u00f6\u00f6mme: <a href=\"mailto:nita.vallimaki@uusyrityskeskus.fi\">nita.vallimaki@uusyrityskeskus.fi<\/a>.<\/p>\n\n\n\n<div class=\"wp-block-buttons is-layout-flex wp-block-buttons-is-layout-flex\">\n<div class=\"wp-block-button\"><a class=\"wp-block-button__link wp-element-button\" href=\"\/wp-content\/uploads\/2025\/10\/Mediakortti-2026-Nettisivut.pdf\" target=\"_blank\" rel=\"noreferrer noopener\">Katso mediakortti \u2192<\/a><\/div>\n<\/div>\n<\/div>\n<\/div>\n<\/div>\n<\/div>\n\n\n\n<div class=\"wp-block-group sub--page--group\"><div class=\"wp-block-group__inner-container is-layout-constrained wp-block-group-is-layout-constrained\">\n<h4 class=\"wp-block-heading\">At this stage, consider\/reflect:<\/h4>\n\n\n\n<ul>\n<li><strong>Make sure that your marketing speaks to the customer \u2013<\/strong> a good product or service is not enough if customers cannot find it.<\/li>\n<li><strong>Keep the finances under control \u2013<\/strong> monitoring cash flow, accounting and tax matters are the cornerstones of an entrepreneur\u2019s daily life.<\/li>\n<li><strong>Know your responsibilities \u2013<\/strong> Consumer protection, product safety and data protection also apply to small businesses.<\/li>\n<li><strong>Take a systematic approach to hiring the first employee \u2013<\/strong> being an employer also brings obligations.<\/li>\n<li><strong>Take advantage of the opportunities offered by artificial intelligence and digital tools \u2013<\/strong> they might help in both time use and customer acquisition.<\/li>\n<\/ul>\n<\/div><\/div>\n\n\n\n<div class=\"wp-block-group sub--page--group info--box alt extra--margin\"><div class=\"wp-block-group__inner-container is-layout-constrained wp-block-group-is-layout-constrained\">\n<h4 class=\"wp-block-heading\">What if the company is not profitable?<\/h4>\n\n\n\n<p>Business operations do not always progress as planned, and you may face surprising difficulties. If that happens, you don\u2019t have to face them alone. If you notice that <strong>there is not enough cash flow or the income is not as expected<\/strong>, contact experts in time \u2013 for example, free business advisory services in your region, the national Talousapu advisory service or your accounting firm.<\/p>\n\n\n\n<p><strong>A controlled shutdown or halting operations is often preferable to a sudden crisis.<\/strong> Effective solutions for changing direction can be found when you act in time.<\/p>\n<\/div><\/div>\n\n\n\n<h3 class=\"wp-block-heading\">Company operations areas<\/h3>\n\n\n\n<div class=\"wp-block-columns is-layout-flex wp-container-core-columns-is-layout-9d6595d7 wp-block-columns-is-layout-flex\">\n<div class=\"wp-block-column custom--col--3 is-layout-flow wp-block-column-is-layout-flow\">\n<h4 class=\"wp-block-heading\">Act responsibly<\/h4>\n\n\n\n<p>A responsible entrepreneur takes into account the environmental, social, and economic impacts of their operations.<\/p>\n\n\n\n<p><a href=\"https:\/\/uusyrityskeskus.fi\/en\/digital-startup-guide\/company-operations\/act-responsibly\/\">Read More \u2192<\/a><\/p>\n<\/div>\n\n\n\n<div class=\"wp-block-column custom--col--3 is-layout-flow wp-block-column-is-layout-flow\">\n<h4 class=\"wp-block-heading\">Entice the customer through marketing<\/h4>\n\n\n\n<p>Customers don&#8217;t find your company by accident \u2013 marketing makes you visible and interesting.<\/p>\n\n\n\n<p><a href=\"https:\/\/uusyrityskeskus.fi\/en\/digital-startup-guide\/company-operations\/entice-customers-through-marketing\/\">Read More \u2192<\/a><\/p>\n<\/div>\n<\/div>\n\n\n\n<div class=\"wp-block-columns is-layout-flex wp-container-core-columns-is-layout-9d6595d7 wp-block-columns-is-layout-flex\">\n<div class=\"wp-block-column custom--col--3 is-layout-flow wp-block-column-is-layout-flow\">\n<h4 class=\"wp-block-heading\">Keep company finances under control<\/h4>\n\n\n\n<p>Track the flow of money and invoice on time to stay better informed. Accounting and budgeting also help keep the company under control.<\/p>\n\n\n\n<p><a href=\"https:\/\/uusyrityskeskus.fi\/en\/digital-startup-guide\/company-operations\/company-financial-management\/\">Read More \u2192<\/a><\/p>\n<\/div>\n\n\n\n<div class=\"wp-block-column custom--col--3 is-layout-flow wp-block-column-is-layout-flow\">\n<h4 class=\"wp-block-heading\">Know the taxes<\/h4>\n\n\n\n<p>Entrepreneurs must take care of taxes themselves \u2013 at least check advance taxes and VAT obligations. In uncertain situations, you can always ask for advice from the tax authority or an expert.<\/p>\n\n\n\n<p><a href=\"https:\/\/uusyrityskeskus.fi\/en\/digital-startup-guide\/company-operations\/know-the-taxes\/\">Read More \u2192<\/a><\/p>\n<\/div>\n<\/div>\n\n\n\n<div class=\"wp-block-columns is-layout-flex wp-container-core-columns-is-layout-9d6595d7 wp-block-columns-is-layout-flex\">\n<div class=\"wp-block-column custom--col--3 is-layout-flow wp-block-column-is-layout-flow\">\n<h4 class=\"wp-block-heading\">Being an employer<\/h4>\n\n\n\n<p>If you hire an employee, remember the employment contract, insurance, and payroll. Employers also have other statutory obligations \u2013 find out about them before recruiting.<\/p>\n\n\n\n<p><a href=\"https:\/\/uusyrityskeskus.fi\/en\/digital-startup-guide\/company-operations\/being-an-employer\/\">Read More \u2192<\/a><\/p>\n<\/div>\n\n\n\n<div class=\"wp-block-column is-layout-flow wp-block-column-is-layout-flow\"><\/div>\n<\/div>\n\n\n\n<div class=\"wp-block-columns content--row page--turn--buttons is-layout-flex wp-container-core-columns-is-layout-9d6595d7 wp-block-columns-is-layout-flex\">\n<div class=\"wp-block-column is-layout-flow wp-block-column-is-layout-flow\">\n<div class=\"wp-block-buttons is-layout-flex wp-block-buttons-is-layout-flex\">\n<div class=\"wp-block-button\"><a class=\"wp-block-button__link wp-element-button\" href=\"https:\/\/uusyrityskeskus.fi\/en\/digital-startup-guide\/starting-a-business\/\">\u2190 2. The stages of establishing a company<\/a><\/div>\n<\/div>\n<\/div>\n\n\n\n<div class=\"wp-block-column is-layout-flow wp-block-column-is-layout-flow\">\n<div class=\"wp-block-buttons is-content-justification-right is-layout-flex wp-container-core-buttons-is-layout-765c4724 wp-block-buttons-is-layout-flex\">\n<div class=\"wp-block-button\"><a class=\"wp-block-button__link wp-element-button\" href=\"https:\/\/uusyrityskeskus.fi\/en\/digital-startup-guide\/continuous-business-development\/\">4.&nbsp;Continuous business development \u2192<\/a><\/div>\n<\/div>\n<\/div>\n<\/div>\n<\/div>\n\n\n\n<div class=\"wp-block-column custom--col--default is-layout-flow wp-block-column-is-layout-flow\" style=\"flex-basis:28%\">\n<div class=\"wp-block-group standard--group--with--shadow\"><div class=\"wp-block-group__inner-container is-layout-constrained wp-block-group-is-layout-constrained\">\n<h4 class=\"wp-block-heading\">Need assistance?<\/h4>\n\n\n\n<div class=\"wp-block-buttons is-content-justification-center is-layout-flex wp-container-core-buttons-is-layout-16018d1d wp-block-buttons-is-layout-flex\">\n<div class=\"wp-block-button button--main\"><a class=\"wp-block-button__link wp-element-button\" href=\"https:\/\/uusyrityskeskus.fi\/en\/regional-enterprise-agencies\/\">Book a consultation<\/a><\/div>\n<\/div>\n\n\n\n<div class=\"wp-block-buttons is-content-justification-center is-layout-flex wp-container-core-buttons-is-layout-16018d1d wp-block-buttons-is-layout-flex\">\n<div class=\"wp-block-button mb--0 button--alt\"><a class=\"wp-block-button__link wp-element-button\" href=\"https:\/\/uusyrityskeskus.fi\/en\/download-guide-to-starting-a-business\/\">Download PDF guide<\/a><\/div>\n<\/div>\n<\/div><\/div>\n\n\n\n<div class=\"wp-block-group links--column\"><div class=\"wp-block-group__inner-container is-layout-constrained wp-block-group-is-layout-constrained\">\n<h4 class=\"wp-block-heading\">Startup guide<\/h4>\n\n\n\n<div class=\"perustamisopas-nav\">\n<ol>\n<li>\n<a href=\"https:\/\/uusyrityskeskus.fi\/en\/digital-startup-guide\/me-as-an-entrepreneur\/\">Me as an entrepreneur<\/a>\n<\/li>\n\n<li>\n<a href=\"https:\/\/uusyrityskeskus.fi\/en\/digital-startup-guide\/business-planning\/\">Entrepreneurship starts with an idea<\/a>\n<\/li>\n\n<li>\n<a href=\"https:\/\/uusyrityskeskus.fi\/en\/digital-startup-guide\/starting-a-business\/\">The stages of establishing a company <\/a>\n<\/li>\n\n<li>\n<a href=\"https:\/\/uusyrityskeskus.fi\/en\/digital-startup-guide\/company-operations\/\" class=\"active\">Daily business and managing it<\/a>\n<\/li>\n\n<li>\n<a href=\"https:\/\/uusyrityskeskus.fi\/en\/digital-startup-guide\/continuous-business-development\/\">Continuous business development<\/a>\n<\/li>\n<\/ol>\n<\/div>\n<\/div><\/div>\n<\/div>\n<\/div>\n<\/div>\n<\/div>\n","protected":false},"excerpt":{"rendered":"Your progress in the start-up guide Step 4\/5: Daily business and managing it After the business starts, the daily life is filled with customers, invoicing, responsibilities and continuous learning. The [&hellip;]","protected":false},"author":1,"featured_media":0,"parent":15360,"menu_order":0,"comment_status":"closed","ping_status":"closed","template":"","meta":{"iawp_total_views":87,"footnotes":""},"class_list":["post-15403","page","type-page","status-publish","hentry"],"yoast_head":"<!-- This site is optimized with the Yoast SEO plugin v27.4 - https:\/\/yoast.com\/product\/yoast-seo-wordpress\/ -->\n<title>Daily business and managing it - Uusyrityskeskus<\/title>\n<meta name=\"robots\" content=\"index, follow, max-snippet:-1, max-image-preview:large, max-video-preview:-1\" \/>\n<link rel=\"canonical\" href=\"https:\/\/uusyrityskeskus.fi\/en\/digital-startup-guide\/company-operations\/\" \/>\n<meta property=\"og:locale\" content=\"en_US\" \/>\n<meta property=\"og:type\" content=\"article\" \/>\n<meta property=\"og:title\" content=\"Daily business and managing it - Uusyrityskeskus\" \/>\n<meta property=\"og:description\" content=\"Your progress in the start-up guide Step 4\/5: Daily business and managing it After the business starts, the daily life is filled with customers, invoicing, responsibilities and continuous learning. The [&hellip;]\" \/>\n<meta property=\"og:url\" content=\"https:\/\/uusyrityskeskus.fi\/en\/digital-startup-guide\/company-operations\/\" \/>\n<meta property=\"og:site_name\" content=\"Uusyrityskeskus\" \/>\n<meta property=\"article:modified_time\" content=\"2025-11-06T10:43:53+00:00\" \/>\n<meta property=\"og:image\" content=\"https:\/\/uusyrityskeskus.fi\/wp-content\/uploads\/2025\/09\/Yrittajakassa-Kuvituskuva-Uusyrityskeskus.jpg\" \/>\n\t<meta property=\"og:image:width\" content=\"2500\" \/>\n\t<meta property=\"og:image:height\" content=\"1700\" \/>\n\t<meta property=\"og:image:type\" content=\"image\/jpeg\" \/>\n<meta name=\"twitter:card\" content=\"summary_large_image\" \/>\n<meta name=\"twitter:label1\" content=\"Est. reading time\" \/>\n\t<meta name=\"twitter:data1\" content=\"4 minutes\" \/>\n<script type=\"application\/ld+json\" class=\"yoast-schema-graph\">{\"@context\":\"https:\\\/\\\/schema.org\",\"@graph\":[{\"@type\":\"WebPage\",\"@id\":\"https:\\\/\\\/uusyrityskeskus.fi\\\/en\\\/digital-startup-guide\\\/company-operations\\\/\",\"url\":\"https:\\\/\\\/uusyrityskeskus.fi\\\/en\\\/digital-startup-guide\\\/company-operations\\\/\",\"name\":\"Daily business and managing it - Uusyrityskeskus\",\"isPartOf\":{\"@id\":\"https:\\\/\\\/uusyrityskeskus.fi\\\/en\\\/#website\"},\"primaryImageOfPage\":{\"@id\":\"https:\\\/\\\/uusyrityskeskus.fi\\\/en\\\/digital-startup-guide\\\/company-operations\\\/#primaryimage\"},\"image\":{\"@id\":\"https:\\\/\\\/uusyrityskeskus.fi\\\/en\\\/digital-startup-guide\\\/company-operations\\\/#primaryimage\"},\"thumbnailUrl\":\"https:\\\/\\\/uusyrityskeskus.fi\\\/wp-content\\\/uploads\\\/2025\\\/09\\\/Yrittajakassa-Kuvituskuva-Uusyrityskeskus.jpg\",\"datePublished\":\"2025-09-02T08:32:02+00:00\",\"dateModified\":\"2025-11-06T10:43:53+00:00\",\"breadcrumb\":{\"@id\":\"https:\\\/\\\/uusyrityskeskus.fi\\\/en\\\/digital-startup-guide\\\/company-operations\\\/#breadcrumb\"},\"inLanguage\":\"en-US\",\"potentialAction\":[{\"@type\":\"ReadAction\",\"target\":[\"https:\\\/\\\/uusyrityskeskus.fi\\\/en\\\/digital-startup-guide\\\/company-operations\\\/\"]}]},{\"@type\":\"ImageObject\",\"inLanguage\":\"en-US\",\"@id\":\"https:\\\/\\\/uusyrityskeskus.fi\\\/en\\\/digital-startup-guide\\\/company-operations\\\/#primaryimage\",\"url\":\"https:\\\/\\\/uusyrityskeskus.fi\\\/wp-content\\\/uploads\\\/2025\\\/09\\\/Yrittajakassa-Kuvituskuva-Uusyrityskeskus.jpg\",\"contentUrl\":\"https:\\\/\\\/uusyrityskeskus.fi\\\/wp-content\\\/uploads\\\/2025\\\/09\\\/Yrittajakassa-Kuvituskuva-Uusyrityskeskus.jpg\"},{\"@type\":\"BreadcrumbList\",\"@id\":\"https:\\\/\\\/uusyrityskeskus.fi\\\/en\\\/digital-startup-guide\\\/company-operations\\\/#breadcrumb\",\"itemListElement\":[{\"@type\":\"ListItem\",\"position\":1,\"name\":\"Etusivu\",\"item\":\"https:\\\/\\\/uusyrityskeskus.fi\\\/en\\\/\"},{\"@type\":\"ListItem\",\"position\":2,\"name\":\"Digital Startup Guide\",\"item\":\"https:\\\/\\\/uusyrityskeskus.fi\\\/en\\\/digital-startup-guide\\\/\"},{\"@type\":\"ListItem\",\"position\":3,\"name\":\"Daily business and managing it\"}]},{\"@type\":\"WebSite\",\"@id\":\"https:\\\/\\\/uusyrityskeskus.fi\\\/en\\\/#website\",\"url\":\"https:\\\/\\\/uusyrityskeskus.fi\\\/en\\\/\",\"name\":\"Uusyrityskeskus\",\"description\":\"Yritt\u00e4jyyden unelmista onnistumisia.\",\"potentialAction\":[{\"@type\":\"SearchAction\",\"target\":{\"@type\":\"EntryPoint\",\"urlTemplate\":\"https:\\\/\\\/uusyrityskeskus.fi\\\/en\\\/?s={search_term_string}\"},\"query-input\":{\"@type\":\"PropertyValueSpecification\",\"valueRequired\":true,\"valueName\":\"search_term_string\"}}],\"inLanguage\":\"en-US\"}]}<\/script>\n<!-- \/ Yoast SEO plugin. -->","yoast_head_json":{"title":"Daily business and managing it - Uusyrityskeskus","robots":{"index":"index","follow":"follow","max-snippet":"max-snippet:-1","max-image-preview":"max-image-preview:large","max-video-preview":"max-video-preview:-1"},"canonical":"https:\/\/uusyrityskeskus.fi\/en\/digital-startup-guide\/company-operations\/","og_locale":"en_US","og_type":"article","og_title":"Daily business and managing it - Uusyrityskeskus","og_description":"Your progress in the start-up guide Step 4\/5: Daily business and managing it After the business starts, the daily life is filled with customers, invoicing, responsibilities and continuous learning. The [&hellip;]","og_url":"https:\/\/uusyrityskeskus.fi\/en\/digital-startup-guide\/company-operations\/","og_site_name":"Uusyrityskeskus","article_modified_time":"2025-11-06T10:43:53+00:00","og_image":[{"width":2500,"height":1700,"url":"https:\/\/uusyrityskeskus.fi\/wp-content\/uploads\/2025\/09\/Yrittajakassa-Kuvituskuva-Uusyrityskeskus.jpg","type":"image\/jpeg"}],"twitter_card":"summary_large_image","twitter_misc":{"Est. reading time":"4 minutes"},"schema":{"@context":"https:\/\/schema.org","@graph":[{"@type":"WebPage","@id":"https:\/\/uusyrityskeskus.fi\/en\/digital-startup-guide\/company-operations\/","url":"https:\/\/uusyrityskeskus.fi\/en\/digital-startup-guide\/company-operations\/","name":"Daily business and managing it - Uusyrityskeskus","isPartOf":{"@id":"https:\/\/uusyrityskeskus.fi\/en\/#website"},"primaryImageOfPage":{"@id":"https:\/\/uusyrityskeskus.fi\/en\/digital-startup-guide\/company-operations\/#primaryimage"},"image":{"@id":"https:\/\/uusyrityskeskus.fi\/en\/digital-startup-guide\/company-operations\/#primaryimage"},"thumbnailUrl":"https:\/\/uusyrityskeskus.fi\/wp-content\/uploads\/2025\/09\/Yrittajakassa-Kuvituskuva-Uusyrityskeskus.jpg","datePublished":"2025-09-02T08:32:02+00:00","dateModified":"2025-11-06T10:43:53+00:00","breadcrumb":{"@id":"https:\/\/uusyrityskeskus.fi\/en\/digital-startup-guide\/company-operations\/#breadcrumb"},"inLanguage":"en-US","potentialAction":[{"@type":"ReadAction","target":["https:\/\/uusyrityskeskus.fi\/en\/digital-startup-guide\/company-operations\/"]}]},{"@type":"ImageObject","inLanguage":"en-US","@id":"https:\/\/uusyrityskeskus.fi\/en\/digital-startup-guide\/company-operations\/#primaryimage","url":"https:\/\/uusyrityskeskus.fi\/wp-content\/uploads\/2025\/09\/Yrittajakassa-Kuvituskuva-Uusyrityskeskus.jpg","contentUrl":"https:\/\/uusyrityskeskus.fi\/wp-content\/uploads\/2025\/09\/Yrittajakassa-Kuvituskuva-Uusyrityskeskus.jpg"},{"@type":"BreadcrumbList","@id":"https:\/\/uusyrityskeskus.fi\/en\/digital-startup-guide\/company-operations\/#breadcrumb","itemListElement":[{"@type":"ListItem","position":1,"name":"Etusivu","item":"https:\/\/uusyrityskeskus.fi\/en\/"},{"@type":"ListItem","position":2,"name":"Digital Startup Guide","item":"https:\/\/uusyrityskeskus.fi\/en\/digital-startup-guide\/"},{"@type":"ListItem","position":3,"name":"Daily business and managing it"}]},{"@type":"WebSite","@id":"https:\/\/uusyrityskeskus.fi\/en\/#website","url":"https:\/\/uusyrityskeskus.fi\/en\/","name":"Uusyrityskeskus","description":"Yritt\u00e4jyyden unelmista onnistumisia.","potentialAction":[{"@type":"SearchAction","target":{"@type":"EntryPoint","urlTemplate":"https:\/\/uusyrityskeskus.fi\/en\/?s={search_term_string}"},"query-input":{"@type":"PropertyValueSpecification","valueRequired":true,"valueName":"search_term_string"}}],"inLanguage":"en-US"}]}},"_links":{"self":[{"href":"https:\/\/uusyrityskeskus.fi\/en\/wp-json\/wp\/v2\/pages\/15403","targetHints":{"allow":["GET"]}}],"collection":[{"href":"https:\/\/uusyrityskeskus.fi\/en\/wp-json\/wp\/v2\/pages"}],"about":[{"href":"https:\/\/uusyrityskeskus.fi\/en\/wp-json\/wp\/v2\/types\/page"}],"author":[{"embeddable":true,"href":"https:\/\/uusyrityskeskus.fi\/en\/wp-json\/wp\/v2\/users\/1"}],"replies":[{"embeddable":true,"href":"https:\/\/uusyrityskeskus.fi\/en\/wp-json\/wp\/v2\/comments?post=15403"}],"version-history":[{"count":5,"href":"https:\/\/uusyrityskeskus.fi\/en\/wp-json\/wp\/v2\/pages\/15403\/revisions"}],"predecessor-version":[{"id":16859,"href":"https:\/\/uusyrityskeskus.fi\/en\/wp-json\/wp\/v2\/pages\/15403\/revisions\/16859"}],"up":[{"embeddable":true,"href":"https:\/\/uusyrityskeskus.fi\/en\/wp-json\/wp\/v2\/pages\/15360"}],"wp:attachment":[{"href":"https:\/\/uusyrityskeskus.fi\/en\/wp-json\/wp\/v2\/media?parent=15403"}],"curies":[{"name":"wp","href":"https:\/\/api.w.org\/{rel}","templated":true}]}}