{"id":15343,"date":"2025-09-02T11:09:58","date_gmt":"2025-09-02T08:09:58","guid":{"rendered":"https:\/\/uusyrityskeskus.fi\/me-as-an-entrepreneur\/yel-vakuutus-turvaa-eri-tilanteissa\/"},"modified":"2025-12-19T15:44:11","modified_gmt":"2025-12-19T13:44:11","slug":"yel-insurance-security-in-various-situations","status":"publish","type":"page","link":"https:\/\/uusyrityskeskus.fi\/en\/digital-startup-guide\/me-as-an-entrepreneur\/yel-insurance-security-in-various-situations\/","title":{"rendered":"YEL insurance \u2013 security in various situations"},"content":{"rendered":"\n<div class=\"wp-block-tovaristrap-ts-container ts-container header--section\">\n<div class=\"ts-div header--row\">\n<h1 class=\"wp-block-heading\">YEL insurance \u2013 security in various situations<\/h1>\n<\/div>\n<\/div>\n\n\n\n<div class=\"wp-block-tovaristrap-ts-container ts-container base--section pt-0 pb-0 border-bottom\">\n<div class=\"ts-div content--row\"><div class=\"yoast-breadcrumbs\"><span><span><a href=\"https:\/\/uusyrityskeskus.fi\/en\/\">Etusivu<\/a><\/span> \u00bb <span><a href=\"https:\/\/uusyrityskeskus.fi\/en\/digital-startup-guide\/\">Digital Startup Guide<\/a><\/span> \u00bb <span><a href=\"https:\/\/uusyrityskeskus.fi\/en\/digital-startup-guide\/me-as-an-entrepreneur\/\">Me as an entrepreneur \u2013 the many forms of entrepreneurship<\/a><\/span> \u00bb <span class=\"breadcrumb_last\" aria-current=\"page\">YEL insurance \u2013 security in various situations<\/span><\/span><\/div><\/div>\n<\/div>\n\n\n\n<div class=\"wp-block-columns content--section with--default--padding is-layout-flex wp-container-core-columns-is-layout-9d6595d7 wp-block-columns-is-layout-flex\">\n<div class=\"wp-block-column content--div is-layout-flow wp-block-column-is-layout-flow\">\n<div class=\"wp-block-columns content--row is-layout-flex wp-container-core-columns-is-layout-9d6595d7 wp-block-columns-is-layout-flex\">\n<div class=\"wp-block-column custom--col--default sub--page--left--col is-layout-flow wp-block-column-is-layout-flow\" style=\"flex-basis:72%\">\n<p><em>Did you know that YEL has a much wider impact on an entrepreneur\u2019s life than just the accrued pension? And that your YEL work income is not the same as your company\u2019s revenue?<\/em><\/p>\n\n\n\n<p>The entrepreneur\u2019s pension insurance (YEL) is statutory when certain conditions are met. In addition to pensions, it determines, for example, your sickness allowance, parental benefits and voluntary occupational accident insurance compensation. YEL has a much wider impact on an entrepreneur\u2019s life than just the accrual of pension.<\/p>\n\n\n\n<div class=\"wp-block-group sub--page--group info--box alt\"><div class=\"wp-block-group__inner-container is-layout-constrained wp-block-group-is-layout-constrained\">\n<p>Sufficient work income is key \u2013 it affects how much benefits you will receive from Kela (parental allowance, rehabilitation allowance) or pension in the future.<\/p>\n\n\n\n<p>When determining the insurance level, note that YEL work income is not the same as the company\u2019s revenue \u2013 estimate it realistically. You can do so using the YEL work income recommendation calculator:&nbsp; <a href=\"https:\/\/laskurit.tyoelake.fi\/en\/yel-tyotulo-suositus-laskuri\" target=\"_blank\" rel=\"noreferrer noopener\">YEL work income estimate calculator \u2013 Ty\u00f6el\u00e4ke.fi<\/a><\/p>\n<\/div><\/div>\n\n\n\n<div class=\"wp-block-group sub--page--group info--box\"><div class=\"wp-block-group__inner-container is-layout-constrained wp-block-group-is-layout-constrained\">\n<h4 class=\"wp-block-heading\">YEL calculator:<\/h4>\n\n\n\n<p><a href=\"https:\/\/www.varma.fi\/en\/self-employed\/yel-insurance\/yel-calculator\/\" target=\"_blank\" rel=\"noreferrer noopener\"><\/a><a href=\"https:\/\/www.varma.fi\/en\/self-employed\/yel-insurance\/yel-calculator\/\" target=\"_blank\" rel=\"noreferrer noopener\">YEL calculator \u2013 Calculate your YEL contribution and entrepreneur benefits \u2013 Varma<\/a><\/p>\n<\/div><\/div>\n\n\n\n<div class=\"wp-block-group sub--page--group info--box\"><div class=\"wp-block-group__inner-container is-layout-constrained wp-block-group-is-layout-constrained\">\n<h4 class=\"wp-block-heading\">Link:<\/h4>\n\n\n\n<p><a href=\"https:\/\/www.tyoelake.fi\/en\/pensions-for-the-self-employed\/\" target=\"_blank\" rel=\"noreferrer noopener\"><\/a><a href=\"https:\/\/www.tyoelake.fi\/en\/pensions-for-the-self-employed\/\" target=\"_blank\" rel=\"noreferrer noopener\">Entrepreneur\u2019s pension coverage \u2013 Ty\u00f6el\u00e4ke.fi<\/a><\/p>\n<\/div><\/div>\n\n\n\n<div class=\"wp-block-columns content--row page--turn--buttons is-layout-flex wp-container-core-columns-is-layout-9d6595d7 wp-block-columns-is-layout-flex\">\n<div class=\"wp-block-column is-layout-flow wp-block-column-is-layout-flow\">\n<div class=\"wp-block-buttons is-layout-flex wp-block-buttons-is-layout-flex\">\n<div class=\"wp-block-button\"><a class=\"wp-block-button__link wp-element-button\" href=\"https:\/\/uusyrityskeskus.fi\/en\/me-as-an-entrepreneur\/unemployment-benefits-for-entrepreneurs\/\">\u2190 0.3. Unemployment benefits<\/a><\/div>\n<\/div>\n<\/div>\n\n\n\n<div class=\"wp-block-column is-layout-flow wp-block-column-is-layout-flow\">\n<div class=\"wp-block-buttons is-content-justification-right is-layout-flex wp-container-core-buttons-is-layout-765c4724 wp-block-buttons-is-layout-flex\">\n<div class=\"wp-block-button\"><a class=\"wp-block-button__link wp-element-button\" href=\"https:\/\/uusyrityskeskus.fi\/en\/digital-startup-guide\/me-as-an-entrepreneur\/diverse-entrepreneurship\/\">0.5. Diverse entrepreneurship \u2192<\/a><\/div>\n<\/div>\n<\/div>\n<\/div>\n<\/div>\n\n\n\n<div class=\"wp-block-column custom--col--default is-layout-flow wp-block-column-is-layout-flow\" style=\"flex-basis:28%\">\n<div class=\"wp-block-group standard--group--with--shadow\"><div class=\"wp-block-group__inner-container is-layout-constrained wp-block-group-is-layout-constrained\">\n<h4 class=\"wp-block-heading\">Need assistance?<\/h4>\n\n\n\n<div class=\"wp-block-buttons is-content-justification-center is-layout-flex wp-container-core-buttons-is-layout-16018d1d wp-block-buttons-is-layout-flex\">\n<div class=\"wp-block-button button--main\"><a class=\"wp-block-button__link wp-element-button\" href=\"https:\/\/uusyrityskeskus.fi\/en\/regional-enterprise-agencies\/\">Book a consultation<\/a><\/div>\n<\/div>\n\n\n\n<div class=\"wp-block-buttons is-content-justification-center is-layout-flex wp-container-core-buttons-is-layout-16018d1d wp-block-buttons-is-layout-flex\">\n<div class=\"wp-block-button mb--0 button--alt\"><a class=\"wp-block-button__link wp-element-button\" href=\"https:\/\/uusyrityskeskus.fi\/en\/download-guide-to-starting-a-business\/\">Download PDF guide<\/a><\/div>\n<\/div>\n<\/div><\/div>\n\n\n\n<div class=\"wp-block-group links--column\"><div class=\"wp-block-group__inner-container is-layout-constrained wp-block-group-is-layout-constrained\">\n<h4 class=\"wp-block-heading\">0. Me as an entrepreneur<\/h4>\n\n\n\n<div class=\"perustamisopas-nav\">\n    <ol>\n        <li><a href=\"https:\/\/uusyrityskeskus.fi\/en\/me-as-an-entrepreneur\/light-entrepreneurship\/\">Light entrepreneurship <\/a><\/li>\n        <li><a href=\"https:\/\/uusyrityskeskus.fi\/en\/me-as-an-entrepreneur\/start-up-grant\/\">Start-up grant <\/a><\/li>\n        <li><a href=\"https:\/\/uusyrityskeskus.fi\/en\/me-as-an-entrepreneur\/unemployment-benefits-for-entrepreneurs\/\">Unemployment benefits for entrepreneurs <\/a><\/li>\n        <li><a href=\"https:\/\/uusyrityskeskus.fi\/en\/digital-startup-guide\/me-as-an-entrepreneur\/yel-insurance-security-in-various-situations\/\" class=\"active\">YEL insurance \u2013 security in various situations<\/a><\/li>\n        <li><a href=\"https:\/\/uusyrityskeskus.fi\/en\/digital-startup-guide\/me-as-an-entrepreneur\/diverse-entrepreneurship\/\">Diverse entrepreneurship<\/a><\/li>\n    <\/ol>\n<\/div>\n<\/div><\/div>\n\n\n\n<div class=\"ts-div\">\n<div class=\"wp-block-group sidebar--ad\"><div class=\"wp-block-group__inner-container is-layout-constrained wp-block-group-is-layout-constrained\"><div class=\"wp-block-image ad--image--main\">\n<figure class=\"aligncenter size-full\"><img decoding=\"async\" width=\"1000\" height=\"1000\" data-src=\"https:\/\/uusyrityskeskus.fi\/wp-content\/uploads\/2025\/11\/Uusyrityskeskus-x-Ilmarinen.png\" alt=\"\" class=\"wp-image-16962 lazyload\" data-srcset=\"https:\/\/uusyrityskeskus.fi\/wp-content\/uploads\/2025\/11\/Uusyrityskeskus-x-Ilmarinen.png 1000w, https:\/\/uusyrityskeskus.fi\/wp-content\/uploads\/2025\/11\/Uusyrityskeskus-x-Ilmarinen-300x300.png 300w, https:\/\/uusyrityskeskus.fi\/wp-content\/uploads\/2025\/11\/Uusyrityskeskus-x-Ilmarinen-150x150.png 150w, https:\/\/uusyrityskeskus.fi\/wp-content\/uploads\/2025\/11\/Uusyrityskeskus-x-Ilmarinen-768x768.png 768w, https:\/\/uusyrityskeskus.fi\/wp-content\/uploads\/2025\/11\/Uusyrityskeskus-x-Ilmarinen-600x600.png 600w\" data-sizes=\"(max-width: 1000px) 100vw, 1000px\" src=\"data:image\/svg+xml;base64,PHN2ZyB3aWR0aD0iMSIgaGVpZ2h0PSIxIiB4bWxucz0iaHR0cDovL3d3dy53My5vcmcvMjAwMC9zdmciPjwvc3ZnPg==\" style=\"--smush-placeholder-width: 1000px; --smush-placeholder-aspect-ratio: 1000\/1000;\" \/><\/figure>\n<\/div>\n\n<div class=\"wp-block-image ad--logo--image\">\n<figure class=\"aligncenter size-full\"><img decoding=\"async\" width=\"1099\" height=\"391\" data-src=\"https:\/\/uusyrityskeskus.fi\/wp-content\/uploads\/2025\/11\/1_Ilmarinen-Logo.png\" alt=\"\" class=\"wp-image-16963 lazyload\" data-srcset=\"https:\/\/uusyrityskeskus.fi\/wp-content\/uploads\/2025\/11\/1_Ilmarinen-Logo.png 1099w, https:\/\/uusyrityskeskus.fi\/wp-content\/uploads\/2025\/11\/1_Ilmarinen-Logo-300x107.png 300w, https:\/\/uusyrityskeskus.fi\/wp-content\/uploads\/2025\/11\/1_Ilmarinen-Logo-1024x364.png 1024w, https:\/\/uusyrityskeskus.fi\/wp-content\/uploads\/2025\/11\/1_Ilmarinen-Logo-768x273.png 768w\" data-sizes=\"(max-width: 1099px) 100vw, 1099px\" src=\"data:image\/svg+xml;base64,PHN2ZyB3aWR0aD0iMSIgaGVpZ2h0PSIxIiB4bWxucz0iaHR0cDovL3d3dy53My5vcmcvMjAwMC9zdmciPjwvc3ZnPg==\" style=\"--smush-placeholder-width: 1099px; --smush-placeholder-aspect-ratio: 1099\/391;\" \/><\/figure>\n<\/div>\n\n\n<h2 class=\"wp-block-heading has-text-align-center\">Ilmarisessa on ty\u00f6el\u00e4kealan tyytyv\u00e4isimm\u00e4t asiakkaat. <\/h2>\n\n\n\n<p class=\"has-text-align-center\">Hanki YEL helposti meilt\u00e4!<\/p>\n\n\n\n<div class=\"wp-block-buttons is-content-justification-center is-layout-flex wp-container-core-buttons-is-layout-16018d1d wp-block-buttons-is-layout-flex\">\n<div class=\"wp-block-button\"><a class=\"wp-block-button__link wp-element-button\" href=\"https:\/\/www.ilmarinen.fi\/yrittaja\/yel-vakuutus\/yrittaja-tule-asiakkaaksi\/\">Tule asiakkaaksi<\/a><\/div>\n<\/div>\n<\/div><\/div>\n<\/div>\n<\/div>\n<\/div>\n<\/div>\n<\/div>\n","protected":false},"excerpt":{"rendered":"Did you know that YEL has a much wider impact on an entrepreneur\u2019s life than just the accrued pension? And that your YEL work income is not the same as [&hellip;]","protected":false},"author":1,"featured_media":0,"parent":15314,"menu_order":0,"comment_status":"closed","ping_status":"closed","template":"","meta":{"iawp_total_views":23,"footnotes":""},"class_list":["post-15343","page","type-page","status-publish","hentry"],"yoast_head":"<!-- This site is optimized with the Yoast SEO plugin v26.8 - https:\/\/yoast.com\/product\/yoast-seo-wordpress\/ -->\n<title>YEL insurance \u2013 security in various situations - Yritt\u00e4j\u00e4n el\u00e4kevakuutus opas | Uusyrityskeskus<\/title>\n<meta name=\"description\" content=\"YEL-vakuutus on pakollinen yritt\u00e4jille. Selvit\u00e4 kustannukset, ty\u00f6tulo ja hakeminen. K\u00e4yt\u00e4 YEL-laskuria tai saat ilmaista apua YEL-vakuutukseen!\" \/>\n<meta name=\"robots\" content=\"index, follow, max-snippet:-1, max-image-preview:large, max-video-preview:-1\" \/>\n<link rel=\"canonical\" href=\"https:\/\/uusyrityskeskus.fi\/en\/digital-startup-guide\/me-as-an-entrepreneur\/yel-insurance-security-in-various-situations\/\" \/>\n<meta property=\"og:locale\" content=\"en_US\" \/>\n<meta property=\"og:type\" content=\"article\" \/>\n<meta property=\"og:title\" content=\"YEL insurance \u2013 security in various situations - Yritt\u00e4j\u00e4n el\u00e4kevakuutus opas | Uusyrityskeskus\" \/>\n<meta property=\"og:description\" content=\"YEL-vakuutus on pakollinen yritt\u00e4jille. Selvit\u00e4 kustannukset, ty\u00f6tulo ja hakeminen. K\u00e4yt\u00e4 YEL-laskuria tai saat ilmaista apua YEL-vakuutukseen!\" \/>\n<meta property=\"og:url\" content=\"https:\/\/uusyrityskeskus.fi\/en\/digital-startup-guide\/me-as-an-entrepreneur\/yel-insurance-security-in-various-situations\/\" \/>\n<meta property=\"og:site_name\" content=\"Uusyrityskeskus\" \/>\n<meta property=\"article:modified_time\" content=\"2025-12-19T13:44:11+00:00\" \/>\n<meta property=\"og:image\" content=\"https:\/\/uusyrityskeskus.fi\/wp-content\/uploads\/2025\/11\/Uusyrityskeskus-x-Ilmarinen.png\" \/>\n\t<meta property=\"og:image:width\" content=\"1000\" \/>\n\t<meta property=\"og:image:height\" content=\"1000\" \/>\n\t<meta property=\"og:image:type\" content=\"image\/png\" \/>\n<meta name=\"twitter:card\" content=\"summary_large_image\" \/>\n<meta name=\"twitter:label1\" content=\"Est. reading time\" \/>\n\t<meta name=\"twitter:data1\" content=\"2 minutes\" \/>\n<script type=\"application\/ld+json\" class=\"yoast-schema-graph\">{\"@context\":\"https:\/\/schema.org\",\"@graph\":[{\"@type\":\"WebPage\",\"@id\":\"https:\/\/uusyrityskeskus.fi\/en\/digital-startup-guide\/me-as-an-entrepreneur\/yel-insurance-security-in-various-situations\/\",\"url\":\"https:\/\/uusyrityskeskus.fi\/en\/digital-startup-guide\/me-as-an-entrepreneur\/yel-insurance-security-in-various-situations\/\",\"name\":\"YEL insurance \u2013 security in various situations - Yritt\u00e4j\u00e4n el\u00e4kevakuutus opas | Uusyrityskeskus\",\"isPartOf\":{\"@id\":\"https:\/\/uusyrityskeskus.fi\/en\/#website\"},\"primaryImageOfPage\":{\"@id\":\"https:\/\/uusyrityskeskus.fi\/en\/digital-startup-guide\/me-as-an-entrepreneur\/yel-insurance-security-in-various-situations\/#primaryimage\"},\"image\":{\"@id\":\"https:\/\/uusyrityskeskus.fi\/en\/digital-startup-guide\/me-as-an-entrepreneur\/yel-insurance-security-in-various-situations\/#primaryimage\"},\"thumbnailUrl\":\"https:\/\/uusyrityskeskus.fi\/wp-content\/uploads\/2025\/11\/Uusyrityskeskus-x-Ilmarinen.png\",\"datePublished\":\"2025-09-02T08:09:58+00:00\",\"dateModified\":\"2025-12-19T13:44:11+00:00\",\"description\":\"YEL-vakuutus on pakollinen yritt\u00e4jille. Selvit\u00e4 kustannukset, ty\u00f6tulo ja hakeminen. K\u00e4yt\u00e4 YEL-laskuria tai saat ilmaista apua YEL-vakuutukseen!\",\"breadcrumb\":{\"@id\":\"https:\/\/uusyrityskeskus.fi\/en\/digital-startup-guide\/me-as-an-entrepreneur\/yel-insurance-security-in-various-situations\/#breadcrumb\"},\"inLanguage\":\"en-US\",\"potentialAction\":[{\"@type\":\"ReadAction\",\"target\":[\"https:\/\/uusyrityskeskus.fi\/en\/digital-startup-guide\/me-as-an-entrepreneur\/yel-insurance-security-in-various-situations\/\"]}]},{\"@type\":\"ImageObject\",\"inLanguage\":\"en-US\",\"@id\":\"https:\/\/uusyrityskeskus.fi\/en\/digital-startup-guide\/me-as-an-entrepreneur\/yel-insurance-security-in-various-situations\/#primaryimage\",\"url\":\"https:\/\/uusyrityskeskus.fi\/wp-content\/uploads\/2025\/11\/Uusyrityskeskus-x-Ilmarinen.png\",\"contentUrl\":\"https:\/\/uusyrityskeskus.fi\/wp-content\/uploads\/2025\/11\/Uusyrityskeskus-x-Ilmarinen.png\"},{\"@type\":\"BreadcrumbList\",\"@id\":\"https:\/\/uusyrityskeskus.fi\/en\/digital-startup-guide\/me-as-an-entrepreneur\/yel-insurance-security-in-various-situations\/#breadcrumb\",\"itemListElement\":[{\"@type\":\"ListItem\",\"position\":1,\"name\":\"Etusivu\",\"item\":\"https:\/\/uusyrityskeskus.fi\/en\/\"},{\"@type\":\"ListItem\",\"position\":2,\"name\":\"Digital Startup Guide\",\"item\":\"https:\/\/uusyrityskeskus.fi\/en\/digital-startup-guide\/\"},{\"@type\":\"ListItem\",\"position\":3,\"name\":\"Me as an entrepreneur \u2013 the many forms of entrepreneurship\",\"item\":\"https:\/\/uusyrityskeskus.fi\/en\/digital-startup-guide\/me-as-an-entrepreneur\/\"},{\"@type\":\"ListItem\",\"position\":4,\"name\":\"YEL insurance \u2013 security in various situations\"}]},{\"@type\":\"WebSite\",\"@id\":\"https:\/\/uusyrityskeskus.fi\/en\/#website\",\"url\":\"https:\/\/uusyrityskeskus.fi\/en\/\",\"name\":\"Uusyrityskeskus\",\"description\":\"Yritt\u00e4jyyden unelmista onnistumisia.\",\"potentialAction\":[{\"@type\":\"SearchAction\",\"target\":{\"@type\":\"EntryPoint\",\"urlTemplate\":\"https:\/\/uusyrityskeskus.fi\/en\/?s={search_term_string}\"},\"query-input\":{\"@type\":\"PropertyValueSpecification\",\"valueRequired\":true,\"valueName\":\"search_term_string\"}}],\"inLanguage\":\"en-US\"}]}<\/script>\n<!-- \/ Yoast SEO plugin. -->","yoast_head_json":{"title":"YEL insurance \u2013 security in various situations - Yritt\u00e4j\u00e4n el\u00e4kevakuutus opas | Uusyrityskeskus","description":"YEL-vakuutus on pakollinen yritt\u00e4jille. Selvit\u00e4 kustannukset, ty\u00f6tulo ja hakeminen. K\u00e4yt\u00e4 YEL-laskuria tai saat ilmaista apua YEL-vakuutukseen!","robots":{"index":"index","follow":"follow","max-snippet":"max-snippet:-1","max-image-preview":"max-image-preview:large","max-video-preview":"max-video-preview:-1"},"canonical":"https:\/\/uusyrityskeskus.fi\/en\/digital-startup-guide\/me-as-an-entrepreneur\/yel-insurance-security-in-various-situations\/","og_locale":"en_US","og_type":"article","og_title":"YEL insurance \u2013 security in various situations - Yritt\u00e4j\u00e4n el\u00e4kevakuutus opas | Uusyrityskeskus","og_description":"YEL-vakuutus on pakollinen yritt\u00e4jille. Selvit\u00e4 kustannukset, ty\u00f6tulo ja hakeminen. K\u00e4yt\u00e4 YEL-laskuria tai saat ilmaista apua YEL-vakuutukseen!","og_url":"https:\/\/uusyrityskeskus.fi\/en\/digital-startup-guide\/me-as-an-entrepreneur\/yel-insurance-security-in-various-situations\/","og_site_name":"Uusyrityskeskus","article_modified_time":"2025-12-19T13:44:11+00:00","og_image":[{"width":1000,"height":1000,"url":"https:\/\/uusyrityskeskus.fi\/wp-content\/uploads\/2025\/11\/Uusyrityskeskus-x-Ilmarinen.png","type":"image\/png"}],"twitter_card":"summary_large_image","twitter_misc":{"Est. reading time":"2 minutes"},"schema":{"@context":"https:\/\/schema.org","@graph":[{"@type":"WebPage","@id":"https:\/\/uusyrityskeskus.fi\/en\/digital-startup-guide\/me-as-an-entrepreneur\/yel-insurance-security-in-various-situations\/","url":"https:\/\/uusyrityskeskus.fi\/en\/digital-startup-guide\/me-as-an-entrepreneur\/yel-insurance-security-in-various-situations\/","name":"YEL insurance \u2013 security in various situations - Yritt\u00e4j\u00e4n el\u00e4kevakuutus opas | Uusyrityskeskus","isPartOf":{"@id":"https:\/\/uusyrityskeskus.fi\/en\/#website"},"primaryImageOfPage":{"@id":"https:\/\/uusyrityskeskus.fi\/en\/digital-startup-guide\/me-as-an-entrepreneur\/yel-insurance-security-in-various-situations\/#primaryimage"},"image":{"@id":"https:\/\/uusyrityskeskus.fi\/en\/digital-startup-guide\/me-as-an-entrepreneur\/yel-insurance-security-in-various-situations\/#primaryimage"},"thumbnailUrl":"https:\/\/uusyrityskeskus.fi\/wp-content\/uploads\/2025\/11\/Uusyrityskeskus-x-Ilmarinen.png","datePublished":"2025-09-02T08:09:58+00:00","dateModified":"2025-12-19T13:44:11+00:00","description":"YEL-vakuutus on pakollinen yritt\u00e4jille. Selvit\u00e4 kustannukset, ty\u00f6tulo ja hakeminen. K\u00e4yt\u00e4 YEL-laskuria tai saat ilmaista apua YEL-vakuutukseen!","breadcrumb":{"@id":"https:\/\/uusyrityskeskus.fi\/en\/digital-startup-guide\/me-as-an-entrepreneur\/yel-insurance-security-in-various-situations\/#breadcrumb"},"inLanguage":"en-US","potentialAction":[{"@type":"ReadAction","target":["https:\/\/uusyrityskeskus.fi\/en\/digital-startup-guide\/me-as-an-entrepreneur\/yel-insurance-security-in-various-situations\/"]}]},{"@type":"ImageObject","inLanguage":"en-US","@id":"https:\/\/uusyrityskeskus.fi\/en\/digital-startup-guide\/me-as-an-entrepreneur\/yel-insurance-security-in-various-situations\/#primaryimage","url":"https:\/\/uusyrityskeskus.fi\/wp-content\/uploads\/2025\/11\/Uusyrityskeskus-x-Ilmarinen.png","contentUrl":"https:\/\/uusyrityskeskus.fi\/wp-content\/uploads\/2025\/11\/Uusyrityskeskus-x-Ilmarinen.png"},{"@type":"BreadcrumbList","@id":"https:\/\/uusyrityskeskus.fi\/en\/digital-startup-guide\/me-as-an-entrepreneur\/yel-insurance-security-in-various-situations\/#breadcrumb","itemListElement":[{"@type":"ListItem","position":1,"name":"Etusivu","item":"https:\/\/uusyrityskeskus.fi\/en\/"},{"@type":"ListItem","position":2,"name":"Digital Startup Guide","item":"https:\/\/uusyrityskeskus.fi\/en\/digital-startup-guide\/"},{"@type":"ListItem","position":3,"name":"Me as an entrepreneur \u2013 the many forms of entrepreneurship","item":"https:\/\/uusyrityskeskus.fi\/en\/digital-startup-guide\/me-as-an-entrepreneur\/"},{"@type":"ListItem","position":4,"name":"YEL insurance \u2013 security in various situations"}]},{"@type":"WebSite","@id":"https:\/\/uusyrityskeskus.fi\/en\/#website","url":"https:\/\/uusyrityskeskus.fi\/en\/","name":"Uusyrityskeskus","description":"Yritt\u00e4jyyden unelmista onnistumisia.","potentialAction":[{"@type":"SearchAction","target":{"@type":"EntryPoint","urlTemplate":"https:\/\/uusyrityskeskus.fi\/en\/?s={search_term_string}"},"query-input":{"@type":"PropertyValueSpecification","valueRequired":true,"valueName":"search_term_string"}}],"inLanguage":"en-US"}]}},"_links":{"self":[{"href":"https:\/\/uusyrityskeskus.fi\/en\/wp-json\/wp\/v2\/pages\/15343","targetHints":{"allow":["GET"]}}],"collection":[{"href":"https:\/\/uusyrityskeskus.fi\/en\/wp-json\/wp\/v2\/pages"}],"about":[{"href":"https:\/\/uusyrityskeskus.fi\/en\/wp-json\/wp\/v2\/types\/page"}],"author":[{"embeddable":true,"href":"https:\/\/uusyrityskeskus.fi\/en\/wp-json\/wp\/v2\/users\/1"}],"replies":[{"embeddable":true,"href":"https:\/\/uusyrityskeskus.fi\/en\/wp-json\/wp\/v2\/comments?post=15343"}],"version-history":[{"count":5,"href":"https:\/\/uusyrityskeskus.fi\/en\/wp-json\/wp\/v2\/pages\/15343\/revisions"}],"predecessor-version":[{"id":17058,"href":"https:\/\/uusyrityskeskus.fi\/en\/wp-json\/wp\/v2\/pages\/15343\/revisions\/17058"}],"up":[{"embeddable":true,"href":"https:\/\/uusyrityskeskus.fi\/en\/wp-json\/wp\/v2\/pages\/15314"}],"wp:attachment":[{"href":"https:\/\/uusyrityskeskus.fi\/en\/wp-json\/wp\/v2\/media?parent=15343"}],"curies":[{"name":"wp","href":"https:\/\/api.w.org\/{rel}","templated":true}]}}