{"id":15326,"date":"2025-09-02T11:09:12","date_gmt":"2025-09-02T08:09:12","guid":{"rendered":"https:\/\/uusyrityskeskus.fi\/me-as-an-etrepreneur\/starttiraha\/"},"modified":"2025-11-06T12:24:43","modified_gmt":"2025-11-06T10:24:43","slug":"start-up-grant","status":"publish","type":"page","link":"https:\/\/uusyrityskeskus.fi\/en\/digital-startup-guide\/me-as-an-entrepreneur\/start-up-grant\/","title":{"rendered":"Start-up grant"},"content":{"rendered":"\n<div class=\"wp-block-tovaristrap-ts-container ts-container header--section\">\n<div class=\"ts-div header--row\">\n<h1 class=\"wp-block-heading\">Start-up grant<\/h1>\n<\/div>\n<\/div>\n\n\n\n<div class=\"wp-block-tovaristrap-ts-container ts-container base--section pt-0 pb-0 border-bottom\">\n<div class=\"ts-div content--row\"><div class=\"yoast-breadcrumbs\"><span><span><a href=\"https:\/\/uusyrityskeskus.fi\/en\/\">Etusivu<\/a><\/span> \u00bb <span><a href=\"https:\/\/uusyrityskeskus.fi\/en\/digital-startup-guide\/\">Digital Startup Guide<\/a><\/span> \u00bb <span><a href=\"https:\/\/uusyrityskeskus.fi\/en\/digital-startup-guide\/me-as-an-entrepreneur\/\">Me as an entrepreneur \u2013 the many forms of entrepreneurship<\/a><\/span> \u00bb <span class=\"breadcrumb_last\" aria-current=\"page\">Start-up grant<\/span><\/span><\/div><\/div>\n<\/div>\n\n\n\n<div class=\"wp-block-columns content--section with--default--padding is-layout-flex wp-container-core-columns-is-layout-9d6595d7 wp-block-columns-is-layout-flex\">\n<div class=\"wp-block-column content--div is-layout-flow wp-block-column-is-layout-flow\">\n<div class=\"wp-block-columns content--row is-layout-flex wp-container-core-columns-is-layout-9d6595d7 wp-block-columns-is-layout-flex\">\n<div class=\"wp-block-column custom--col--default sub--page--left--col is-layout-flow wp-block-column-is-layout-flow\" style=\"flex-basis:72%\">\n<p><em>Start-up grants are a discretionary benefit intended for securing income at early stages of entrepreneurship. Find out if you can apply for a start-up grant in advance!<\/em><\/p>\n\n\n\n<p>Start-up grants are a discretionary benefit intended for securing income at early stages of entrepreneurship. You can receive it for a maximum period of 12 months, usually first for 6 months and then based on a separate application. The start-up grant is applied for from your own employment area, that is, the municipal or regional employment service. Check the terms and conditions for granting a start-up grant and the application practices of your region well before establishing a business.<\/p>\n\n\n\n<div class=\"wp-block-group sub--page--group info--box\"><div class=\"wp-block-group__inner-container is-layout-constrained wp-block-group-is-layout-constrained\">\n<h4 class=\"wp-block-heading\">More information about the start-up grant:<\/h4>\n\n\n\n<p><a href=\"https:\/\/tyomarkkinatori.fi\/en\/more-information-about-services\/start-up-grant\" target=\"_blank\" rel=\"noreferrer noopener\"><\/a><a href=\"https:\/\/tyomarkkinatori.fi\/en\/more-information-about-services\/start-up-grant\" target=\"_blank\" rel=\"noreferrer noopener\">Start-up grant \u2013 Additional information on services \u2013 Job Market Finland<\/a><\/p>\n<\/div><\/div>\n\n\n\n<div class=\"wp-block-columns content--section is-layout-flex wp-container-core-columns-is-layout-9d6595d7 wp-block-columns-is-layout-flex\">\n<div class=\"wp-block-column content--div is-layout-flow wp-block-column-is-layout-flow\">\n<div class=\"wp-block-columns content--row ad--row is-layout-flex wp-container-core-columns-is-layout-9d6595d7 wp-block-columns-is-layout-flex\">\n<div class=\"wp-block-column is-layout-flow wp-block-column-is-layout-flow\" style=\"flex-basis:33.33%\">\n<figure class=\"wp-block-image size-full ad--image--main\"><img decoding=\"async\" width=\"2500\" height=\"1700\" data-src=\"https:\/\/uusyrityskeskus.fi\/wp-content\/uploads\/2025\/09\/Yrittajakassa-Kuvituskuva-Uusyrityskeskus.jpg\" alt=\"\" class=\"wp-image-14172 lazyload\" data-srcset=\"https:\/\/uusyrityskeskus.fi\/wp-content\/uploads\/2025\/09\/Yrittajakassa-Kuvituskuva-Uusyrityskeskus.jpg 2500w, https:\/\/uusyrityskeskus.fi\/wp-content\/uploads\/2025\/09\/Yrittajakassa-Kuvituskuva-Uusyrityskeskus-300x204.jpg 300w, https:\/\/uusyrityskeskus.fi\/wp-content\/uploads\/2025\/09\/Yrittajakassa-Kuvituskuva-Uusyrityskeskus-1024x696.jpg 1024w, https:\/\/uusyrityskeskus.fi\/wp-content\/uploads\/2025\/09\/Yrittajakassa-Kuvituskuva-Uusyrityskeskus-768x522.jpg 768w, https:\/\/uusyrityskeskus.fi\/wp-content\/uploads\/2025\/09\/Yrittajakassa-Kuvituskuva-Uusyrityskeskus-1536x1044.jpg 1536w, https:\/\/uusyrityskeskus.fi\/wp-content\/uploads\/2025\/09\/Yrittajakassa-Kuvituskuva-Uusyrityskeskus-2048x1393.jpg 2048w\" data-sizes=\"(max-width: 2500px) 100vw, 2500px\" src=\"data:image\/svg+xml;base64,PHN2ZyB3aWR0aD0iMSIgaGVpZ2h0PSIxIiB4bWxucz0iaHR0cDovL3d3dy53My5vcmcvMjAwMC9zdmciPjwvc3ZnPg==\" style=\"--smush-placeholder-width: 2500px; --smush-placeholder-aspect-ratio: 2500\/1700;\" \/><\/figure>\n\n\n\n<p class=\"web--link\"><a href=\"https:\/\/uusyrityskeskus.fi\/en\/\">www.uusyrityskeskus.fi<\/a><\/p>\n<\/div>\n\n\n\n<div class=\"wp-block-column is-layout-flow wp-block-column-is-layout-flow\" style=\"flex-basis:66.66%\">\n<figure class=\"wp-block-image size-full ad--logo--image\"><img decoding=\"async\" data-src=\"https:\/\/uusyrityskeskus.fi\/wp-content\/uploads\/2025\/09\/uusyrityskeskus_logo.svg\" alt=\"\" class=\"wp-image-14290 lazyload\" src=\"data:image\/svg+xml;base64,PHN2ZyB3aWR0aD0iMSIgaGVpZ2h0PSIxIiB4bWxucz0iaHR0cDovL3d3dy53My5vcmcvMjAwMC9zdmciPjwvc3ZnPg==\" \/><\/figure>\n\n\n\n<h2 class=\"wp-block-heading\">Helppo tapa tukea yritt\u00e4jyytt\u00e4.<\/h2>\n\n\n\n<p>Tarjoamme mainostilaa digitaalisessa ja fyysisess\u00e4 perustamisoppaassa monipuolisesti. Mainos- ja media -asioissa ole yhteydess\u00e4 vastuuhenkil\u00f6\u00f6mme: <a href=\"mailto:nita.vallimaki@uusyrityskeskus.fi\">nita.vallimaki@uusyrityskeskus.fi<\/a>.<\/p>\n\n\n\n<div class=\"wp-block-buttons is-layout-flex wp-block-buttons-is-layout-flex\">\n<div class=\"wp-block-button\"><a class=\"wp-block-button__link wp-element-button\" href=\"\/wp-content\/uploads\/2025\/10\/Mediakortti-2026-Nettisivut.pdf\" target=\"_blank\" rel=\"noreferrer noopener\">Katso mediakortti \u2192<\/a><\/div>\n<\/div>\n<\/div>\n<\/div>\n<\/div>\n<\/div>\n\n\n\n<div class=\"wp-block-columns content--row page--turn--buttons is-layout-flex wp-container-core-columns-is-layout-9d6595d7 wp-block-columns-is-layout-flex\">\n<div class=\"wp-block-column is-layout-flow wp-block-column-is-layout-flow\">\n<div class=\"wp-block-buttons is-layout-flex wp-block-buttons-is-layout-flex\">\n<div class=\"wp-block-button\"><a class=\"wp-block-button__link wp-element-button\" href=\"https:\/\/uusyrityskeskus.fi\/en\/me-as-an-etrepreneur\/light-entrepreneurship\/\">\u2190 0.1. Light entrepreneurship<\/a><\/div>\n<\/div>\n<\/div>\n\n\n\n<div class=\"wp-block-column is-layout-flow wp-block-column-is-layout-flow\">\n<div class=\"wp-block-buttons is-content-justification-right is-layout-flex wp-container-core-buttons-is-layout-765c4724 wp-block-buttons-is-layout-flex\">\n<div class=\"wp-block-button\"><a class=\"wp-block-button__link wp-element-button\" href=\"https:\/\/uusyrityskeskus.fi\/en\/me-as-an-entrepreneur\/unemployment-benefits-for-entrepreneurs\/\">0.2. Unemployment benefits for entrepreneurs \u2192<\/a><\/div>\n<\/div>\n<\/div>\n<\/div>\n<\/div>\n\n\n\n<div class=\"wp-block-column custom--col--default is-layout-flow wp-block-column-is-layout-flow\" style=\"flex-basis:28%\">\n<div class=\"wp-block-group standard--group--with--shadow\"><div class=\"wp-block-group__inner-container is-layout-constrained wp-block-group-is-layout-constrained\">\n<h4 class=\"wp-block-heading\">Need assistance?<\/h4>\n\n\n\n<div class=\"wp-block-buttons is-content-justification-center is-layout-flex wp-container-core-buttons-is-layout-16018d1d wp-block-buttons-is-layout-flex\">\n<div class=\"wp-block-button button--main\"><a class=\"wp-block-button__link wp-element-button\" href=\"https:\/\/uusyrityskeskus.fi\/en\/regional-enterprise-agencies\/\">Book a consultation<\/a><\/div>\n<\/div>\n\n\n\n<div class=\"wp-block-buttons is-content-justification-center is-layout-flex wp-container-core-buttons-is-layout-16018d1d wp-block-buttons-is-layout-flex\">\n<div class=\"wp-block-button mb--0 button--alt\"><a class=\"wp-block-button__link wp-element-button\" href=\"https:\/\/uusyrityskeskus.fi\/en\/download-guide-to-starting-a-business\/\">Download PDF guide<\/a><\/div>\n<\/div>\n<\/div><\/div>\n\n\n\n<div class=\"wp-block-group links--column\"><div class=\"wp-block-group__inner-container is-layout-constrained wp-block-group-is-layout-constrained\">\n<h4 class=\"wp-block-heading\">0. Me as an entrepreneur<\/h4>\n\n\n\n<div class=\"perustamisopas-nav\">\n    <ol>\n        <li><a href=\"https:\/\/uusyrityskeskus.fi\/en\/me-as-an-etrepreneur\/light-entrepreneurship\/\">Light entrepreneurship<\/a><\/li>\n        <li><a href=\"https:\/\/uusyrityskeskus.fi\/en\/me-as-an-etrepreneur\/start-up-grant\/\" class=\"active\">Start-up grant<\/a><\/li>\n        <li><a href=\"https:\/\/uusyrityskeskus.fi\/en\/me-as-an-entrepreneur\/unemployment-benefits-for-entrepreneurs\/\">Unemployment benefits for entrepreneurs<\/a><\/li>\n        <li><a href=\"https:\/\/uusyrityskeskus.fi\/en\/digital-startup-guide\/me-as-an-entrepreneur\/yel-insurance-security-in-various-situations\/\">YEL insurance \u2013 security in various situations<\/a><\/li>\n        <li><a href=\"https:\/\/uusyrityskeskus.fi\/en\/me-as-an-entrepreneur\/diverse-entrepreneurship\/\">Diverse entrepreneurship<\/a><\/li>\n    <\/ol>\n<\/div>\n<\/div><\/div>\n<\/div>\n<\/div>\n<\/div>\n<\/div>\n","protected":false},"excerpt":{"rendered":"Start-up grants are a discretionary benefit intended for securing income at early stages of entrepreneurship. Find out if you can apply for a start-up grant in advance! Start-up grants are [&hellip;]","protected":false},"author":1,"featured_media":0,"parent":15314,"menu_order":0,"comment_status":"closed","ping_status":"closed","template":"","meta":{"iawp_total_views":129,"footnotes":""},"class_list":["post-15326","page","type-page","status-publish","hentry"],"yoast_head":"<!-- This site is optimized with the Yoast SEO plugin v26.8 - https:\/\/yoast.com\/product\/yoast-seo-wordpress\/ -->\n<title>Start-up grant yritt\u00e4j\u00e4lle - Hakeminen ja ehdot 2025 | Uusyrityskeskus<\/title>\n<meta name=\"description\" content=\"Starttiraha yritt\u00e4j\u00e4lle: max 15 000\u20ac vuodessa toimeentulon tueksi. Lue hakuehdot, tarvittavat liitteet ja hakuprosessi. Autamme hakemuksessa \u2013 varaa aika!\" \/>\n<meta name=\"robots\" content=\"index, follow, max-snippet:-1, max-image-preview:large, max-video-preview:-1\" \/>\n<link rel=\"canonical\" href=\"https:\/\/uusyrityskeskus.fi\/en\/digital-startup-guide\/me-as-an-entrepreneur\/start-up-grant\/\" \/>\n<meta property=\"og:locale\" content=\"en_US\" \/>\n<meta property=\"og:type\" content=\"article\" \/>\n<meta property=\"og:title\" content=\"Start-up grant yritt\u00e4j\u00e4lle - Hakeminen ja ehdot 2025 | Uusyrityskeskus\" \/>\n<meta property=\"og:description\" content=\"Starttiraha yritt\u00e4j\u00e4lle: max 15 000\u20ac vuodessa toimeentulon tueksi. Lue hakuehdot, tarvittavat liitteet ja hakuprosessi. Autamme hakemuksessa \u2013 varaa aika!\" \/>\n<meta property=\"og:url\" content=\"https:\/\/uusyrityskeskus.fi\/en\/digital-startup-guide\/me-as-an-entrepreneur\/start-up-grant\/\" \/>\n<meta property=\"og:site_name\" content=\"Uusyrityskeskus\" \/>\n<meta property=\"article:modified_time\" content=\"2025-11-06T10:24:43+00:00\" \/>\n<meta property=\"og:image\" content=\"https:\/\/uusyrityskeskus.fi\/wp-content\/uploads\/2025\/09\/Yrittajakassa-Kuvituskuva-Uusyrityskeskus.jpg\" \/>\n\t<meta property=\"og:image:width\" content=\"2500\" \/>\n\t<meta property=\"og:image:height\" content=\"1700\" \/>\n\t<meta property=\"og:image:type\" content=\"image\/jpeg\" \/>\n<meta name=\"twitter:card\" content=\"summary_large_image\" \/>\n<meta name=\"twitter:label1\" content=\"Est. reading time\" \/>\n\t<meta name=\"twitter:data1\" content=\"2 minutes\" \/>\n<script type=\"application\/ld+json\" class=\"yoast-schema-graph\">{\"@context\":\"https:\/\/schema.org\",\"@graph\":[{\"@type\":\"WebPage\",\"@id\":\"https:\/\/uusyrityskeskus.fi\/en\/digital-startup-guide\/me-as-an-entrepreneur\/start-up-grant\/\",\"url\":\"https:\/\/uusyrityskeskus.fi\/en\/digital-startup-guide\/me-as-an-entrepreneur\/start-up-grant\/\",\"name\":\"Start-up grant yritt\u00e4j\u00e4lle - Hakeminen ja ehdot 2025 | Uusyrityskeskus\",\"isPartOf\":{\"@id\":\"https:\/\/uusyrityskeskus.fi\/en\/#website\"},\"primaryImageOfPage\":{\"@id\":\"https:\/\/uusyrityskeskus.fi\/en\/digital-startup-guide\/me-as-an-entrepreneur\/start-up-grant\/#primaryimage\"},\"image\":{\"@id\":\"https:\/\/uusyrityskeskus.fi\/en\/digital-startup-guide\/me-as-an-entrepreneur\/start-up-grant\/#primaryimage\"},\"thumbnailUrl\":\"https:\/\/uusyrityskeskus.fi\/wp-content\/uploads\/2025\/09\/Yrittajakassa-Kuvituskuva-Uusyrityskeskus.jpg\",\"datePublished\":\"2025-09-02T08:09:12+00:00\",\"dateModified\":\"2025-11-06T10:24:43+00:00\",\"description\":\"Starttiraha yritt\u00e4j\u00e4lle: max 15 000\u20ac vuodessa toimeentulon tueksi. Lue hakuehdot, tarvittavat liitteet ja hakuprosessi. Autamme hakemuksessa \u2013 varaa aika!\",\"breadcrumb\":{\"@id\":\"https:\/\/uusyrityskeskus.fi\/en\/digital-startup-guide\/me-as-an-entrepreneur\/start-up-grant\/#breadcrumb\"},\"inLanguage\":\"en-US\",\"potentialAction\":[{\"@type\":\"ReadAction\",\"target\":[\"https:\/\/uusyrityskeskus.fi\/en\/digital-startup-guide\/me-as-an-entrepreneur\/start-up-grant\/\"]}]},{\"@type\":\"ImageObject\",\"inLanguage\":\"en-US\",\"@id\":\"https:\/\/uusyrityskeskus.fi\/en\/digital-startup-guide\/me-as-an-entrepreneur\/start-up-grant\/#primaryimage\",\"url\":\"https:\/\/uusyrityskeskus.fi\/wp-content\/uploads\/2025\/09\/Yrittajakassa-Kuvituskuva-Uusyrityskeskus.jpg\",\"contentUrl\":\"https:\/\/uusyrityskeskus.fi\/wp-content\/uploads\/2025\/09\/Yrittajakassa-Kuvituskuva-Uusyrityskeskus.jpg\"},{\"@type\":\"BreadcrumbList\",\"@id\":\"https:\/\/uusyrityskeskus.fi\/en\/digital-startup-guide\/me-as-an-entrepreneur\/start-up-grant\/#breadcrumb\",\"itemListElement\":[{\"@type\":\"ListItem\",\"position\":1,\"name\":\"Etusivu\",\"item\":\"https:\/\/uusyrityskeskus.fi\/en\/\"},{\"@type\":\"ListItem\",\"position\":2,\"name\":\"Digital Startup Guide\",\"item\":\"https:\/\/uusyrityskeskus.fi\/en\/digital-startup-guide\/\"},{\"@type\":\"ListItem\",\"position\":3,\"name\":\"Me as an entrepreneur \u2013 the many forms of entrepreneurship\",\"item\":\"https:\/\/uusyrityskeskus.fi\/en\/digital-startup-guide\/me-as-an-entrepreneur\/\"},{\"@type\":\"ListItem\",\"position\":4,\"name\":\"Start-up grant\"}]},{\"@type\":\"WebSite\",\"@id\":\"https:\/\/uusyrityskeskus.fi\/en\/#website\",\"url\":\"https:\/\/uusyrityskeskus.fi\/en\/\",\"name\":\"Uusyrityskeskus\",\"description\":\"Yritt\u00e4jyyden unelmista onnistumisia.\",\"potentialAction\":[{\"@type\":\"SearchAction\",\"target\":{\"@type\":\"EntryPoint\",\"urlTemplate\":\"https:\/\/uusyrityskeskus.fi\/en\/?s={search_term_string}\"},\"query-input\":{\"@type\":\"PropertyValueSpecification\",\"valueRequired\":true,\"valueName\":\"search_term_string\"}}],\"inLanguage\":\"en-US\"}]}<\/script>\n<!-- \/ Yoast SEO plugin. -->","yoast_head_json":{"title":"Start-up grant yritt\u00e4j\u00e4lle - Hakeminen ja ehdot 2025 | Uusyrityskeskus","description":"Starttiraha yritt\u00e4j\u00e4lle: max 15 000\u20ac vuodessa toimeentulon tueksi. Lue hakuehdot, tarvittavat liitteet ja hakuprosessi. Autamme hakemuksessa \u2013 varaa aika!","robots":{"index":"index","follow":"follow","max-snippet":"max-snippet:-1","max-image-preview":"max-image-preview:large","max-video-preview":"max-video-preview:-1"},"canonical":"https:\/\/uusyrityskeskus.fi\/en\/digital-startup-guide\/me-as-an-entrepreneur\/start-up-grant\/","og_locale":"en_US","og_type":"article","og_title":"Start-up grant yritt\u00e4j\u00e4lle - Hakeminen ja ehdot 2025 | Uusyrityskeskus","og_description":"Starttiraha yritt\u00e4j\u00e4lle: max 15 000\u20ac vuodessa toimeentulon tueksi. Lue hakuehdot, tarvittavat liitteet ja hakuprosessi. Autamme hakemuksessa \u2013 varaa aika!","og_url":"https:\/\/uusyrityskeskus.fi\/en\/digital-startup-guide\/me-as-an-entrepreneur\/start-up-grant\/","og_site_name":"Uusyrityskeskus","article_modified_time":"2025-11-06T10:24:43+00:00","og_image":[{"width":2500,"height":1700,"url":"https:\/\/uusyrityskeskus.fi\/wp-content\/uploads\/2025\/09\/Yrittajakassa-Kuvituskuva-Uusyrityskeskus.jpg","type":"image\/jpeg"}],"twitter_card":"summary_large_image","twitter_misc":{"Est. reading time":"2 minutes"},"schema":{"@context":"https:\/\/schema.org","@graph":[{"@type":"WebPage","@id":"https:\/\/uusyrityskeskus.fi\/en\/digital-startup-guide\/me-as-an-entrepreneur\/start-up-grant\/","url":"https:\/\/uusyrityskeskus.fi\/en\/digital-startup-guide\/me-as-an-entrepreneur\/start-up-grant\/","name":"Start-up grant yritt\u00e4j\u00e4lle - Hakeminen ja ehdot 2025 | Uusyrityskeskus","isPartOf":{"@id":"https:\/\/uusyrityskeskus.fi\/en\/#website"},"primaryImageOfPage":{"@id":"https:\/\/uusyrityskeskus.fi\/en\/digital-startup-guide\/me-as-an-entrepreneur\/start-up-grant\/#primaryimage"},"image":{"@id":"https:\/\/uusyrityskeskus.fi\/en\/digital-startup-guide\/me-as-an-entrepreneur\/start-up-grant\/#primaryimage"},"thumbnailUrl":"https:\/\/uusyrityskeskus.fi\/wp-content\/uploads\/2025\/09\/Yrittajakassa-Kuvituskuva-Uusyrityskeskus.jpg","datePublished":"2025-09-02T08:09:12+00:00","dateModified":"2025-11-06T10:24:43+00:00","description":"Starttiraha yritt\u00e4j\u00e4lle: max 15 000\u20ac vuodessa toimeentulon tueksi. Lue hakuehdot, tarvittavat liitteet ja hakuprosessi. Autamme hakemuksessa \u2013 varaa aika!","breadcrumb":{"@id":"https:\/\/uusyrityskeskus.fi\/en\/digital-startup-guide\/me-as-an-entrepreneur\/start-up-grant\/#breadcrumb"},"inLanguage":"en-US","potentialAction":[{"@type":"ReadAction","target":["https:\/\/uusyrityskeskus.fi\/en\/digital-startup-guide\/me-as-an-entrepreneur\/start-up-grant\/"]}]},{"@type":"ImageObject","inLanguage":"en-US","@id":"https:\/\/uusyrityskeskus.fi\/en\/digital-startup-guide\/me-as-an-entrepreneur\/start-up-grant\/#primaryimage","url":"https:\/\/uusyrityskeskus.fi\/wp-content\/uploads\/2025\/09\/Yrittajakassa-Kuvituskuva-Uusyrityskeskus.jpg","contentUrl":"https:\/\/uusyrityskeskus.fi\/wp-content\/uploads\/2025\/09\/Yrittajakassa-Kuvituskuva-Uusyrityskeskus.jpg"},{"@type":"BreadcrumbList","@id":"https:\/\/uusyrityskeskus.fi\/en\/digital-startup-guide\/me-as-an-entrepreneur\/start-up-grant\/#breadcrumb","itemListElement":[{"@type":"ListItem","position":1,"name":"Etusivu","item":"https:\/\/uusyrityskeskus.fi\/en\/"},{"@type":"ListItem","position":2,"name":"Digital Startup Guide","item":"https:\/\/uusyrityskeskus.fi\/en\/digital-startup-guide\/"},{"@type":"ListItem","position":3,"name":"Me as an entrepreneur \u2013 the many forms of entrepreneurship","item":"https:\/\/uusyrityskeskus.fi\/en\/digital-startup-guide\/me-as-an-entrepreneur\/"},{"@type":"ListItem","position":4,"name":"Start-up grant"}]},{"@type":"WebSite","@id":"https:\/\/uusyrityskeskus.fi\/en\/#website","url":"https:\/\/uusyrityskeskus.fi\/en\/","name":"Uusyrityskeskus","description":"Yritt\u00e4jyyden unelmista onnistumisia.","potentialAction":[{"@type":"SearchAction","target":{"@type":"EntryPoint","urlTemplate":"https:\/\/uusyrityskeskus.fi\/en\/?s={search_term_string}"},"query-input":{"@type":"PropertyValueSpecification","valueRequired":true,"valueName":"search_term_string"}}],"inLanguage":"en-US"}]}},"_links":{"self":[{"href":"https:\/\/uusyrityskeskus.fi\/en\/wp-json\/wp\/v2\/pages\/15326","targetHints":{"allow":["GET"]}}],"collection":[{"href":"https:\/\/uusyrityskeskus.fi\/en\/wp-json\/wp\/v2\/pages"}],"about":[{"href":"https:\/\/uusyrityskeskus.fi\/en\/wp-json\/wp\/v2\/types\/page"}],"author":[{"embeddable":true,"href":"https:\/\/uusyrityskeskus.fi\/en\/wp-json\/wp\/v2\/users\/1"}],"replies":[{"embeddable":true,"href":"https:\/\/uusyrityskeskus.fi\/en\/wp-json\/wp\/v2\/comments?post=15326"}],"version-history":[{"count":5,"href":"https:\/\/uusyrityskeskus.fi\/en\/wp-json\/wp\/v2\/pages\/15326\/revisions"}],"predecessor-version":[{"id":16834,"href":"https:\/\/uusyrityskeskus.fi\/en\/wp-json\/wp\/v2\/pages\/15326\/revisions\/16834"}],"up":[{"embeddable":true,"href":"https:\/\/uusyrityskeskus.fi\/en\/wp-json\/wp\/v2\/pages\/15314"}],"wp:attachment":[{"href":"https:\/\/uusyrityskeskus.fi\/en\/wp-json\/wp\/v2\/media?parent=15326"}],"curies":[{"name":"wp","href":"https:\/\/api.w.org\/{rel}","templated":true}]}}