{"id":15314,"date":"2025-09-02T08:01:17","date_gmt":"2025-09-02T05:01:17","guid":{"rendered":"https:\/\/uusyrityskeskus.fi\/mina-yrittajana\/"},"modified":"2025-11-06T12:23:10","modified_gmt":"2025-11-06T10:23:10","slug":"me-as-an-entrepreneur","status":"publish","type":"page","link":"https:\/\/uusyrityskeskus.fi\/en\/digital-startup-guide\/me-as-an-entrepreneur\/","title":{"rendered":"Me as an entrepreneur \u2013 the many forms of entrepreneurship"},"content":{"rendered":"\n<div class=\"wp-block-tovaristrap-ts-container ts-container header--section\">\n<div class=\"ts-div header--row opas--header\">\n<h1 class=\"wp-block-heading\">Me as an entrepreneur \u2013 the many forms of entrepreneurship<\/h1>\n<\/div>\n<\/div>\n\n\n\n<div class=\"wp-block-tovaristrap-ts-container ts-container base--section pt-0 pb-0 border-bottom\">\n<div class=\"ts-div content--row opas--breadcrumbs\"><div class=\"yoast-breadcrumbs\"><span><span><a href=\"https:\/\/uusyrityskeskus.fi\/en\/\">Etusivu<\/a><\/span> \u00bb <span><a href=\"https:\/\/uusyrityskeskus.fi\/en\/digital-startup-guide\/\">Digital Startup Guide<\/a><\/span> \u00bb <span class=\"breadcrumb_last\" aria-current=\"page\">Me as an entrepreneur \u2013 the many forms of entrepreneurship<\/span><\/span><\/div><\/div>\n<\/div>\n\n\n\n<div class=\"wp-block-columns content--section with--default--padding is-layout-flex wp-container-core-columns-is-layout-9d6595d7 wp-block-columns-is-layout-flex\">\n<div class=\"wp-block-column content--div is-layout-flow wp-block-column-is-layout-flow\">\n<div class=\"wp-block-columns content--row is-layout-flex wp-container-core-columns-is-layout-9d6595d7 wp-block-columns-is-layout-flex\">\n<div class=\"wp-block-column custom--col--default sub--page--left--col is-layout-flow wp-block-column-is-layout-flow\" style=\"flex-basis:72%\">\n<div class=\"progress-container\">\n  <div class=\"progress-label\">Your progress in the setup guide<\/div>\n  <div class=\"progress-bar\">\n    <div class=\"progress-fill\" style=\"width: 20%;\"><\/div>\n  <\/div>\n  <div class=\"progress-text\">Step 1\/5: Me as an entrepreneur<\/div>\n<\/div>\n\n\n\n<p>Entrepreneurship does not come in only one form or model \u2013 it can be a full-time business, a part-time job based on one\u2019s own competence, or buying an existing company. It is important to identify <strong>your strengths, motivation factors and goals<\/strong>: why do you want to become an entrepreneur and what kind of entrepreneurship is suitable for you?<\/p>\n\n\n\n<p>As an entrepreneur, you often need a solution-oriented long-term perspective and the ability to withstand uncertainty. The good news is that an entrepreneurial approach can be developed. You can get started by reflecting on your own competence and everyday wishes: what kind of work do you want to do, where, when and for whom?<\/p>\n\n\n\n<p><strong>A business idea<\/strong> is the foundation of entrepreneurship. It describes what you offer, to whom and how. A well-defined business idea helps choose the right operating model and form of company. In some cases, entrepreneurship may also start with the acquisition or change-of-generation of a company \u2013 in this case, you can build something new on an existing foundation.<\/p>\n\n\n\n<p>The choice of the operating model depends on, for example, whether the activity is subject to a permit or whether it requires a business ID. Light entrepreneurship can be a good way to experiment, but is not always possible. The form of company and the operating model must support your business idea.<\/p>\n\n\n\n<p><strong>An entrepreneur\u2019s income<\/strong> is built on their own decisions. Unlike an employee, an entrepreneur does not have the security provided by an employment relationship. It is important to understand how you can ensure your financial security in daily life, when you fall ill or when you retire.At the early stages of entrepreneurship, your income may be uncertain and irregular. Plan how you can cover the costs of living before your business starts making a profit. For example, you can use your savings or consider part-time entrepreneurship. Remember that the entrepreneur\u2019s pay is not the same as the revenue \u2013 expenditure also affects the end result. <strong>A well-produced business plan with investment and profitability calculations helps in the planning.<\/strong><\/p>\n\n\n\n<div class=\"wp-block-columns content--section is-layout-flex wp-container-core-columns-is-layout-9d6595d7 wp-block-columns-is-layout-flex\">\n<div class=\"wp-block-column content--div is-layout-flow wp-block-column-is-layout-flow\">\n<div class=\"wp-block-columns content--row ad--row is-layout-flex wp-container-core-columns-is-layout-9d6595d7 wp-block-columns-is-layout-flex\">\n<div class=\"wp-block-column is-layout-flow wp-block-column-is-layout-flow\" style=\"flex-basis:33.33%\">\n<figure class=\"wp-block-image size-full ad--image--main\"><img decoding=\"async\" width=\"2500\" height=\"1700\" data-src=\"https:\/\/uusyrityskeskus.fi\/wp-content\/uploads\/2025\/09\/Yrittajakassa-Kuvituskuva-Uusyrityskeskus.jpg\" alt=\"\" class=\"wp-image-14172 lazyload\" data-srcset=\"https:\/\/uusyrityskeskus.fi\/wp-content\/uploads\/2025\/09\/Yrittajakassa-Kuvituskuva-Uusyrityskeskus.jpg 2500w, https:\/\/uusyrityskeskus.fi\/wp-content\/uploads\/2025\/09\/Yrittajakassa-Kuvituskuva-Uusyrityskeskus-300x204.jpg 300w, https:\/\/uusyrityskeskus.fi\/wp-content\/uploads\/2025\/09\/Yrittajakassa-Kuvituskuva-Uusyrityskeskus-1024x696.jpg 1024w, https:\/\/uusyrityskeskus.fi\/wp-content\/uploads\/2025\/09\/Yrittajakassa-Kuvituskuva-Uusyrityskeskus-768x522.jpg 768w, https:\/\/uusyrityskeskus.fi\/wp-content\/uploads\/2025\/09\/Yrittajakassa-Kuvituskuva-Uusyrityskeskus-1536x1044.jpg 1536w, https:\/\/uusyrityskeskus.fi\/wp-content\/uploads\/2025\/09\/Yrittajakassa-Kuvituskuva-Uusyrityskeskus-2048x1393.jpg 2048w\" data-sizes=\"(max-width: 2500px) 100vw, 2500px\" src=\"data:image\/svg+xml;base64,PHN2ZyB3aWR0aD0iMSIgaGVpZ2h0PSIxIiB4bWxucz0iaHR0cDovL3d3dy53My5vcmcvMjAwMC9zdmciPjwvc3ZnPg==\" style=\"--smush-placeholder-width: 2500px; --smush-placeholder-aspect-ratio: 2500\/1700;\" \/><\/figure>\n\n\n\n<p class=\"web--link\"><a href=\"https:\/\/uusyrityskeskus.fi\/en\/\">www.uusyrityskeskus.fi<\/a><\/p>\n<\/div>\n\n\n\n<div class=\"wp-block-column is-layout-flow wp-block-column-is-layout-flow\" style=\"flex-basis:66.66%\">\n<figure class=\"wp-block-image size-full ad--logo--image\"><img decoding=\"async\" data-src=\"https:\/\/uusyrityskeskus.fi\/wp-content\/uploads\/2025\/09\/uusyrityskeskus_logo.svg\" alt=\"\" class=\"wp-image-14290 lazyload\" src=\"data:image\/svg+xml;base64,PHN2ZyB3aWR0aD0iMSIgaGVpZ2h0PSIxIiB4bWxucz0iaHR0cDovL3d3dy53My5vcmcvMjAwMC9zdmciPjwvc3ZnPg==\" \/><\/figure>\n\n\n\n<h2 class=\"wp-block-heading\">Helppo tapa tukea yritt\u00e4jyytt\u00e4.<\/h2>\n\n\n\n<p>Tarjoamme mainostilaa digitaalisessa ja fyysisess\u00e4 perustamisoppaassa monipuolisesti. Mainos- ja media -asioissa ole yhteydess\u00e4 vastuuhenkil\u00f6\u00f6mme: <a href=\"mailto:nita.vallimaki@uusyrityskeskus.fi\">nita.vallimaki@uusyrityskeskus.fi<\/a>.<\/p>\n\n\n\n<div class=\"wp-block-buttons is-layout-flex wp-block-buttons-is-layout-flex\">\n<div class=\"wp-block-button\"><a class=\"wp-block-button__link wp-element-button\" href=\"\/wp-content\/uploads\/2025\/10\/Mediakortti-2026-Nettisivut.pdf\" target=\"_blank\" rel=\"noreferrer noopener\">Katso mediakortti \u2192<\/a><\/div>\n<\/div>\n<\/div>\n<\/div>\n<\/div>\n<\/div>\n\n\n\n<div class=\"wp-block-group sub--page--group extra--margin\"><div class=\"wp-block-group__inner-container is-layout-constrained wp-block-group-is-layout-constrained\">\n<h4 class=\"wp-block-heading\">At this stage, consider \/ reflect:<\/h4>\n\n\n\n<ul>\n<li>Identify your competence and motivation factors<\/li>\n<li>Reflect on your business idea and who your service\/product is aimed at<\/li>\n<li>Select the form of company that suits your situation \u2013 for example, light entrepreneurship or your own business ID.<\/li>\n<li>Ensure your income at the early stages (savings, start-up grant, other possible early-stage grants and realistic entrepreneur\u2019s pay)<\/li>\n<li>Take care of social security and pensions \u2013 for example, YEL will affect your income in many different life situations.<\/li>\n<\/ul>\n<\/div><\/div>\n\n\n\n<h3 class=\"wp-block-heading\">Learn more about the topics<\/h3>\n\n\n\n<div class=\"wp-block-columns is-layout-flex wp-container-core-columns-is-layout-9d6595d7 wp-block-columns-is-layout-flex\">\n<div class=\"wp-block-column custom--col--3 is-layout-flow wp-block-column-is-layout-flow\">\n<h4 class=\"wp-block-heading\">Light entrepreneurship<\/h4>\n\n\n\n<p>We often talk about light entrepreneurship, but it can mean two different things. Are you a light entrepreneur with your own business ID, or do you operate under an invoicing company\u2019s business ID?<\/p>\n\n\n\n<p><a href=\"https:\/\/uusyrityskeskus.fi\/en\/me-as-an-entrepreneur\/light-entrepreneurship\/\">Read More \u2192<\/a><\/p>\n<\/div>\n\n\n\n<div class=\"wp-block-column custom--col--3 is-layout-flow wp-block-column-is-layout-flow\">\n<h4 class=\"wp-block-heading\">Start-up grant<\/h4>\n\n\n\n<p>Start-up grant (\u201cstarttiraha\u201d) is a discretionary support intended to secure your livelihood during the early stages of entrepreneurship. Check your eligibility for the grant in advance!<\/p>\n\n\n\n<p><a href=\"https:\/\/uusyrityskeskus.fi\/en\/me-as-an-entrepreneur\/start-up-grant\/\">Read More \u2192<\/a><\/p>\n<\/div>\n<\/div>\n\n\n\n<div class=\"wp-block-columns is-layout-flex wp-container-core-columns-is-layout-9d6595d7 wp-block-columns-is-layout-flex\">\n<div class=\"wp-block-column custom--col--3 is-layout-flow wp-block-column-is-layout-flow\">\n<h4 class=\"wp-block-heading\">Unemployment benefits for entrepreneurs<\/h4>\n\n\n\n<p>When you become a full-time entrepreneur, make sure you understand how your unemployment security is determined. Entrepreneurs have their own unemployment fund.<\/p>\n\n\n\n<p><a href=\"https:\/\/uusyrityskeskus.fi\/en\/me-as-an-entrepreneur\/unemployment-benefits-for-entrepreneurs\/\">Read More \u2192<\/a><\/p>\n<\/div>\n\n\n\n<div class=\"wp-block-column custom--col--3 is-layout-flow wp-block-column-is-layout-flow\">\n<h4 class=\"wp-block-heading\">YEL insurance \u2013 security in various situations<\/h4>\n\n\n\n<p>Did you know that the YEL insurance affects an entrepreneur\u2019s life much more broadly than just through pension accrual? And that your YEL income is not the same as your company\u2019s turnover.<\/p>\n\n\n\n<p><a href=\"https:\/\/uusyrityskeskus.fi\/en\/digital-startup-guide\/me-as-an-entrepreneur\/yel-insurance-security-in-various-situations\/\">Read More \u2192<\/a><\/p>\n<\/div>\n<\/div>\n\n\n\n<div class=\"wp-block-columns is-layout-flex wp-container-core-columns-is-layout-9d6595d7 wp-block-columns-is-layout-flex\">\n<div class=\"wp-block-column custom--col--3 is-layout-flow wp-block-column-is-layout-flow\">\n<h4 class=\"wp-block-heading\">Diverse entrepreneurship<\/h4>\n\n\n\n<p>Entrepreneurship can be something you do alone or together with others. You can also make a social impact or share the risk among partners.<\/p>\n\n\n\n<p><a href=\"https:\/\/uusyrityskeskus.fi\/en\/digital-startup-guide\/me-as-an-entrepreneur\/diverse-entrepreneurship\/\">Read More \u2192<\/a><\/p>\n<\/div>\n\n\n\n<div class=\"wp-block-column column--no--content is-layout-flow wp-block-column-is-layout-flow\"><\/div>\n<\/div>\n\n\n\n<div class=\"wp-block-columns content--row page--turn--buttons is-layout-flex wp-container-core-columns-is-layout-9d6595d7 wp-block-columns-is-layout-flex\">\n<div class=\"wp-block-column is-layout-flow wp-block-column-is-layout-flow\">\n<div class=\"wp-block-buttons is-layout-flex wp-block-buttons-is-layout-flex\">\n<div class=\"wp-block-button\"><a class=\"wp-block-button__link wp-element-button\" href=\"https:\/\/uusyrityskeskus.fi\/en\/digital-startup-guide\/\">\u2190 Back to home page<\/a><\/div>\n<\/div>\n<\/div>\n\n\n\n<div class=\"wp-block-column is-layout-flow wp-block-column-is-layout-flow\">\n<div class=\"wp-block-buttons is-content-justification-right is-layout-flex wp-container-core-buttons-is-layout-765c4724 wp-block-buttons-is-layout-flex\">\n<div class=\"wp-block-button\"><a class=\"wp-block-button__link wp-element-button\" href=\"https:\/\/uusyrityskeskus.fi\/en\/digital-startup-guide\/business-planning\/\">1.&nbsp;Entrepreneurship starts with an idea \u2192<\/a><\/div>\n<\/div>\n<\/div>\n<\/div>\n<\/div>\n\n\n\n<div class=\"wp-block-column custom--col--default is-layout-flow wp-block-column-is-layout-flow\" style=\"flex-basis:28%\">\n<div class=\"wp-block-group standard--group--with--shadow\"><div class=\"wp-block-group__inner-container is-layout-constrained wp-block-group-is-layout-constrained\">\n<h4 class=\"wp-block-heading\">Need assistance?<\/h4>\n\n\n\n<div class=\"wp-block-buttons is-content-justification-center is-layout-flex wp-container-core-buttons-is-layout-16018d1d wp-block-buttons-is-layout-flex\">\n<div class=\"wp-block-button button--main\"><a class=\"wp-block-button__link wp-element-button\" href=\"https:\/\/uusyrityskeskus.fi\/en\/regional-enterprise-agencies\/\">Book a consultation<\/a><\/div>\n<\/div>\n\n\n\n<div class=\"wp-block-buttons is-content-justification-center is-layout-flex wp-container-core-buttons-is-layout-16018d1d wp-block-buttons-is-layout-flex\">\n<div class=\"wp-block-button mb--0 button--alt\"><a class=\"wp-block-button__link wp-element-button\" href=\"https:\/\/uusyrityskeskus.fi\/en\/download-guide-to-starting-a-business\/\">Download PDF guide<\/a><\/div>\n<\/div>\n<\/div><\/div>\n\n\n\n<div class=\"wp-block-group links--column\"><div class=\"wp-block-group__inner-container is-layout-constrained wp-block-group-is-layout-constrained\">\n<h4 class=\"wp-block-heading\">Startup guide<\/h4>\n\n\n\n<div class=\"perustamisopas-nav\">\n<ol>\n<li>\n<a href=\"https:\/\/uusyrityskeskus.fi\/en\/digital-startup-guide\/me-as-an-entrepreneur\/\" class=\"active\">Me as an entrepreneur<\/a>\n<\/li>\n\n<li>\n<a href=\"https:\/\/uusyrityskeskus.fi\/en\/digital-startup-guide\/business-planning\/\">Entrepreneurship starts with an idea<\/a>\n<\/li>\n\n<li>\n<a href=\"https:\/\/uusyrityskeskus.fi\/en\/digital-startup-guide\/starting-a-business\/\">The stages of establishing a company<\/a>\n<\/li>\n\n<li>\n<a href=\"https:\/\/uusyrityskeskus.fi\/en\/digital-startup-guide\/company-operations\/\">Daily business and managing it<\/a>\n<\/li>\n\n<li>\n<a href=\"https:\/\/uusyrityskeskus.fi\/en\/digital-startup-guide\/continuous-business-development\/\">Continuous business development<\/a>\n<\/li>\n<\/ol>\n<\/div>\n<\/div><\/div>\n<\/div>\n<\/div>\n<\/div>\n<\/div>\n","protected":false},"excerpt":{"rendered":"Your progress in the setup guide Step 1\/5: Me as an entrepreneur Entrepreneurship does not come in only one form or model \u2013 it can be a full-time business, a [&hellip;]","protected":false},"author":1,"featured_media":0,"parent":15360,"menu_order":0,"comment_status":"closed","ping_status":"closed","template":"","meta":{"iawp_total_views":699,"footnotes":""},"class_list":["post-15314","page","type-page","status-publish","hentry"],"yoast_head":"<!-- This site is optimized with the Yoast SEO plugin v27.4 - https:\/\/yoast.com\/product\/yoast-seo-wordpress\/ -->\n<title>Me as an entrepreneur \u2013 the many forms of entrepreneurship - Uusyrityskeskus<\/title>\n<meta name=\"robots\" content=\"index, follow, max-snippet:-1, max-image-preview:large, max-video-preview:-1\" \/>\n<link rel=\"canonical\" href=\"https:\/\/uusyrityskeskus.fi\/en\/digital-startup-guide\/me-as-an-entrepreneur\/\" \/>\n<meta property=\"og:locale\" content=\"en_US\" \/>\n<meta property=\"og:type\" content=\"article\" \/>\n<meta property=\"og:title\" content=\"Me as an entrepreneur \u2013 the many forms of entrepreneurship - Uusyrityskeskus\" \/>\n<meta property=\"og:description\" content=\"Your progress in the setup guide Step 1\/5: Me as an entrepreneur Entrepreneurship does not come in only one form or model \u2013 it can be a full-time business, a [&hellip;]\" \/>\n<meta property=\"og:url\" content=\"https:\/\/uusyrityskeskus.fi\/en\/digital-startup-guide\/me-as-an-entrepreneur\/\" \/>\n<meta property=\"og:site_name\" content=\"Uusyrityskeskus\" \/>\n<meta property=\"article:modified_time\" content=\"2025-11-06T10:23:10+00:00\" \/>\n<meta property=\"og:image\" content=\"https:\/\/uusyrityskeskus.fi\/wp-content\/uploads\/2025\/09\/Yrittajakassa-Kuvituskuva-Uusyrityskeskus.jpg\" \/>\n\t<meta property=\"og:image:width\" content=\"2500\" \/>\n\t<meta property=\"og:image:height\" content=\"1700\" \/>\n\t<meta property=\"og:image:type\" content=\"image\/jpeg\" \/>\n<meta name=\"twitter:card\" content=\"summary_large_image\" \/>\n<meta name=\"twitter:label1\" content=\"Est. reading time\" \/>\n\t<meta name=\"twitter:data1\" content=\"5 minutes\" \/>\n<script type=\"application\/ld+json\" class=\"yoast-schema-graph\">{\"@context\":\"https:\\\/\\\/schema.org\",\"@graph\":[{\"@type\":\"WebPage\",\"@id\":\"https:\\\/\\\/uusyrityskeskus.fi\\\/en\\\/digital-startup-guide\\\/me-as-an-entrepreneur\\\/\",\"url\":\"https:\\\/\\\/uusyrityskeskus.fi\\\/en\\\/digital-startup-guide\\\/me-as-an-entrepreneur\\\/\",\"name\":\"Me as an entrepreneur \u2013 the many forms of entrepreneurship - Uusyrityskeskus\",\"isPartOf\":{\"@id\":\"https:\\\/\\\/uusyrityskeskus.fi\\\/en\\\/#website\"},\"primaryImageOfPage\":{\"@id\":\"https:\\\/\\\/uusyrityskeskus.fi\\\/en\\\/digital-startup-guide\\\/me-as-an-entrepreneur\\\/#primaryimage\"},\"image\":{\"@id\":\"https:\\\/\\\/uusyrityskeskus.fi\\\/en\\\/digital-startup-guide\\\/me-as-an-entrepreneur\\\/#primaryimage\"},\"thumbnailUrl\":\"https:\\\/\\\/uusyrityskeskus.fi\\\/wp-content\\\/uploads\\\/2025\\\/09\\\/Yrittajakassa-Kuvituskuva-Uusyrityskeskus.jpg\",\"datePublished\":\"2025-09-02T05:01:17+00:00\",\"dateModified\":\"2025-11-06T10:23:10+00:00\",\"breadcrumb\":{\"@id\":\"https:\\\/\\\/uusyrityskeskus.fi\\\/en\\\/digital-startup-guide\\\/me-as-an-entrepreneur\\\/#breadcrumb\"},\"inLanguage\":\"en-US\",\"potentialAction\":[{\"@type\":\"ReadAction\",\"target\":[\"https:\\\/\\\/uusyrityskeskus.fi\\\/en\\\/digital-startup-guide\\\/me-as-an-entrepreneur\\\/\"]}]},{\"@type\":\"ImageObject\",\"inLanguage\":\"en-US\",\"@id\":\"https:\\\/\\\/uusyrityskeskus.fi\\\/en\\\/digital-startup-guide\\\/me-as-an-entrepreneur\\\/#primaryimage\",\"url\":\"https:\\\/\\\/uusyrityskeskus.fi\\\/wp-content\\\/uploads\\\/2025\\\/09\\\/Yrittajakassa-Kuvituskuva-Uusyrityskeskus.jpg\",\"contentUrl\":\"https:\\\/\\\/uusyrityskeskus.fi\\\/wp-content\\\/uploads\\\/2025\\\/09\\\/Yrittajakassa-Kuvituskuva-Uusyrityskeskus.jpg\"},{\"@type\":\"BreadcrumbList\",\"@id\":\"https:\\\/\\\/uusyrityskeskus.fi\\\/en\\\/digital-startup-guide\\\/me-as-an-entrepreneur\\\/#breadcrumb\",\"itemListElement\":[{\"@type\":\"ListItem\",\"position\":1,\"name\":\"Etusivu\",\"item\":\"https:\\\/\\\/uusyrityskeskus.fi\\\/en\\\/\"},{\"@type\":\"ListItem\",\"position\":2,\"name\":\"Digital Startup Guide\",\"item\":\"https:\\\/\\\/uusyrityskeskus.fi\\\/en\\\/digital-startup-guide\\\/\"},{\"@type\":\"ListItem\",\"position\":3,\"name\":\"Me as an entrepreneur \u2013 the many forms of entrepreneurship\"}]},{\"@type\":\"WebSite\",\"@id\":\"https:\\\/\\\/uusyrityskeskus.fi\\\/en\\\/#website\",\"url\":\"https:\\\/\\\/uusyrityskeskus.fi\\\/en\\\/\",\"name\":\"Uusyrityskeskus\",\"description\":\"Yritt\u00e4jyyden unelmista onnistumisia.\",\"potentialAction\":[{\"@type\":\"SearchAction\",\"target\":{\"@type\":\"EntryPoint\",\"urlTemplate\":\"https:\\\/\\\/uusyrityskeskus.fi\\\/en\\\/?s={search_term_string}\"},\"query-input\":{\"@type\":\"PropertyValueSpecification\",\"valueRequired\":true,\"valueName\":\"search_term_string\"}}],\"inLanguage\":\"en-US\"}]}<\/script>\n<!-- \/ Yoast SEO plugin. -->","yoast_head_json":{"title":"Me as an entrepreneur \u2013 the many forms of entrepreneurship - Uusyrityskeskus","robots":{"index":"index","follow":"follow","max-snippet":"max-snippet:-1","max-image-preview":"max-image-preview:large","max-video-preview":"max-video-preview:-1"},"canonical":"https:\/\/uusyrityskeskus.fi\/en\/digital-startup-guide\/me-as-an-entrepreneur\/","og_locale":"en_US","og_type":"article","og_title":"Me as an entrepreneur \u2013 the many forms of entrepreneurship - Uusyrityskeskus","og_description":"Your progress in the setup guide Step 1\/5: Me as an entrepreneur Entrepreneurship does not come in only one form or model \u2013 it can be a full-time business, a [&hellip;]","og_url":"https:\/\/uusyrityskeskus.fi\/en\/digital-startup-guide\/me-as-an-entrepreneur\/","og_site_name":"Uusyrityskeskus","article_modified_time":"2025-11-06T10:23:10+00:00","og_image":[{"width":2500,"height":1700,"url":"https:\/\/uusyrityskeskus.fi\/wp-content\/uploads\/2025\/09\/Yrittajakassa-Kuvituskuva-Uusyrityskeskus.jpg","type":"image\/jpeg"}],"twitter_card":"summary_large_image","twitter_misc":{"Est. reading time":"5 minutes"},"schema":{"@context":"https:\/\/schema.org","@graph":[{"@type":"WebPage","@id":"https:\/\/uusyrityskeskus.fi\/en\/digital-startup-guide\/me-as-an-entrepreneur\/","url":"https:\/\/uusyrityskeskus.fi\/en\/digital-startup-guide\/me-as-an-entrepreneur\/","name":"Me as an entrepreneur \u2013 the many forms of entrepreneurship - Uusyrityskeskus","isPartOf":{"@id":"https:\/\/uusyrityskeskus.fi\/en\/#website"},"primaryImageOfPage":{"@id":"https:\/\/uusyrityskeskus.fi\/en\/digital-startup-guide\/me-as-an-entrepreneur\/#primaryimage"},"image":{"@id":"https:\/\/uusyrityskeskus.fi\/en\/digital-startup-guide\/me-as-an-entrepreneur\/#primaryimage"},"thumbnailUrl":"https:\/\/uusyrityskeskus.fi\/wp-content\/uploads\/2025\/09\/Yrittajakassa-Kuvituskuva-Uusyrityskeskus.jpg","datePublished":"2025-09-02T05:01:17+00:00","dateModified":"2025-11-06T10:23:10+00:00","breadcrumb":{"@id":"https:\/\/uusyrityskeskus.fi\/en\/digital-startup-guide\/me-as-an-entrepreneur\/#breadcrumb"},"inLanguage":"en-US","potentialAction":[{"@type":"ReadAction","target":["https:\/\/uusyrityskeskus.fi\/en\/digital-startup-guide\/me-as-an-entrepreneur\/"]}]},{"@type":"ImageObject","inLanguage":"en-US","@id":"https:\/\/uusyrityskeskus.fi\/en\/digital-startup-guide\/me-as-an-entrepreneur\/#primaryimage","url":"https:\/\/uusyrityskeskus.fi\/wp-content\/uploads\/2025\/09\/Yrittajakassa-Kuvituskuva-Uusyrityskeskus.jpg","contentUrl":"https:\/\/uusyrityskeskus.fi\/wp-content\/uploads\/2025\/09\/Yrittajakassa-Kuvituskuva-Uusyrityskeskus.jpg"},{"@type":"BreadcrumbList","@id":"https:\/\/uusyrityskeskus.fi\/en\/digital-startup-guide\/me-as-an-entrepreneur\/#breadcrumb","itemListElement":[{"@type":"ListItem","position":1,"name":"Etusivu","item":"https:\/\/uusyrityskeskus.fi\/en\/"},{"@type":"ListItem","position":2,"name":"Digital Startup Guide","item":"https:\/\/uusyrityskeskus.fi\/en\/digital-startup-guide\/"},{"@type":"ListItem","position":3,"name":"Me as an entrepreneur \u2013 the many forms of entrepreneurship"}]},{"@type":"WebSite","@id":"https:\/\/uusyrityskeskus.fi\/en\/#website","url":"https:\/\/uusyrityskeskus.fi\/en\/","name":"Uusyrityskeskus","description":"Yritt\u00e4jyyden unelmista onnistumisia.","potentialAction":[{"@type":"SearchAction","target":{"@type":"EntryPoint","urlTemplate":"https:\/\/uusyrityskeskus.fi\/en\/?s={search_term_string}"},"query-input":{"@type":"PropertyValueSpecification","valueRequired":true,"valueName":"search_term_string"}}],"inLanguage":"en-US"}]}},"_links":{"self":[{"href":"https:\/\/uusyrityskeskus.fi\/en\/wp-json\/wp\/v2\/pages\/15314","targetHints":{"allow":["GET"]}}],"collection":[{"href":"https:\/\/uusyrityskeskus.fi\/en\/wp-json\/wp\/v2\/pages"}],"about":[{"href":"https:\/\/uusyrityskeskus.fi\/en\/wp-json\/wp\/v2\/types\/page"}],"author":[{"embeddable":true,"href":"https:\/\/uusyrityskeskus.fi\/en\/wp-json\/wp\/v2\/users\/1"}],"replies":[{"embeddable":true,"href":"https:\/\/uusyrityskeskus.fi\/en\/wp-json\/wp\/v2\/comments?post=15314"}],"version-history":[{"count":5,"href":"https:\/\/uusyrityskeskus.fi\/en\/wp-json\/wp\/v2\/pages\/15314\/revisions"}],"predecessor-version":[{"id":16831,"href":"https:\/\/uusyrityskeskus.fi\/en\/wp-json\/wp\/v2\/pages\/15314\/revisions\/16831"}],"up":[{"embeddable":true,"href":"https:\/\/uusyrityskeskus.fi\/en\/wp-json\/wp\/v2\/pages\/15360"}],"wp:attachment":[{"href":"https:\/\/uusyrityskeskus.fi\/en\/wp-json\/wp\/v2\/media?parent=15314"}],"curies":[{"name":"wp","href":"https:\/\/api.w.org\/{rel}","templated":true}]}}