{"id":15308,"date":"2025-09-11T15:09:37","date_gmt":"2025-09-11T12:09:37","guid":{"rendered":"https:\/\/uusyrityskeskus.fi\/laatu\/"},"modified":"2026-02-18T09:18:17","modified_gmt":"2026-02-18T07:18:17","slug":"quality","status":"publish","type":"page","link":"https:\/\/uusyrityskeskus.fi\/en\/information-and-results\/quality\/","title":{"rendered":"Quality | Quality Policy"},"content":{"rendered":"\n<div class=\"wp-block-tovaristrap-ts-container ts-container header--section\">\n<div class=\"ts-div header--row\">\n<h1 class=\"wp-block-heading\">Quality | Quality Policy<\/h1>\n<\/div>\n<\/div>\n\n\n\n<div class=\"wp-block-tovaristrap-ts-container ts-container base--section pt-0 pb-0 border-bottom\">\n<div class=\"ts-div content--row\"><div class=\"yoast-breadcrumbs\"><span><span><a href=\"https:\/\/uusyrityskeskus.fi\/en\/\">Etusivu<\/a><\/span> \u00bb <span><a href=\"https:\/\/uusyrityskeskus.fi\/en\/information-and-results\/\">Information and results<\/a><\/span> \u00bb <span class=\"breadcrumb_last\" aria-current=\"page\">Quality | Quality Policy<\/span><\/span><\/div><\/div>\n<\/div>\n\n\n\n<div class=\"wp-block-tovaristrap-ts-container ts-container base--section\">\n<div class=\"ts-div content--row\">\n<div class=\"wp-block-columns is-layout-flex wp-container-core-columns-is-layout-9d6595d7 wp-block-columns-is-layout-flex\">\n<div class=\"wp-block-column is-layout-flow wp-block-column-is-layout-flow\" style=\"flex-basis:66.66%\">\n<h2 class=\"wp-block-heading\">High-quality business advisory services are based on a certified and uniform procedure<\/h2>\n<\/div>\n\n\n\n<div class=\"wp-block-column is-layout-flow wp-block-column-is-layout-flow\" style=\"flex-basis:33.33%\"><\/div>\n<\/div>\n\n\n\n<div class=\"wp-block-columns is-layout-flex wp-container-core-columns-is-layout-9d6595d7 wp-block-columns-is-layout-flex\">\n<div class=\"wp-block-column iso--column is-layout-flow wp-block-column-is-layout-flow\" style=\"flex-basis:66.66%\">\n<div class=\"wp-block-media-text is-stacked-on-mobile iso--logo--and--text\" style=\"grid-template-columns:15% auto\"><figure class=\"wp-block-media-text__media\"><img decoding=\"async\" width=\"400\" height=\"400\" data-src=\"https:\/\/uusyrityskeskus.fi\/wp-content\/uploads\/2025\/09\/iso-logo.png\" alt=\"\" class=\"wp-image-14449 size-full lazyload\" data-srcset=\"https:\/\/uusyrityskeskus.fi\/wp-content\/uploads\/2025\/09\/iso-logo.png 400w, https:\/\/uusyrityskeskus.fi\/wp-content\/uploads\/2025\/09\/iso-logo-300x300.png 300w, https:\/\/uusyrityskeskus.fi\/wp-content\/uploads\/2025\/09\/iso-logo-150x150.png 150w\" data-sizes=\"(max-width: 400px) 100vw, 400px\" src=\"data:image\/svg+xml;base64,PHN2ZyB3aWR0aD0iMSIgaGVpZ2h0PSIxIiB4bWxucz0iaHR0cDovL3d3dy53My5vcmcvMjAwMC9zdmciPjwvc3ZnPg==\" style=\"--smush-placeholder-width: 400px; --smush-placeholder-aspect-ratio: 400\/400;\" \/><\/figure><div class=\"wp-block-media-text__content\">\n<h4 class=\"wp-block-heading vertical-align-flex\">ISO 9001:2015 Certified operation<\/h4>\n\n\n\n<p class=\"vertical-align-flex\">Internationally recognized quality standard<\/p>\n<\/div><\/div>\n\n\n\n<p><strong><strong>The Enterprise Agency activity is expert advice certified in accordance with ISO 9001:2015<\/strong><\/strong>, the aim of which is to ensure the high quality, effectiveness and uniform quality of the service provided to new entrepreneurs throughout Finland.<\/p>\n\n\n\n<p>The quality system has been part of the network\u2019s operations since 2009, and its maintenance and management is the responsibility of <strong>Suomen Uusyrityskeskukset ry<\/strong> (Finnish Enterprise Agencies). The certification has been externally audited and granted by <strong>Kiwa Sertifiointi Oy<\/strong>.<\/p>\n<\/div>\n\n\n\n<div class=\"wp-block-column is-layout-flow wp-block-column-is-layout-flow\" style=\"flex-basis:33.33%\">\n<figure class=\"wp-block-image size-large image--width--400\"><img decoding=\"async\" width=\"1024\" height=\"1024\" data-src=\"https:\/\/uusyrityskeskus.fi\/wp-content\/uploads\/2025\/09\/Tyotuoli_ja_salkku_RGB_1080x1080px-1024x1024.png\" alt=\"\" class=\"wp-image-14458 lazyload\" data-srcset=\"https:\/\/uusyrityskeskus.fi\/wp-content\/uploads\/2025\/09\/Tyotuoli_ja_salkku_RGB_1080x1080px-1024x1024.png 1024w, https:\/\/uusyrityskeskus.fi\/wp-content\/uploads\/2025\/09\/Tyotuoli_ja_salkku_RGB_1080x1080px-300x300.png 300w, https:\/\/uusyrityskeskus.fi\/wp-content\/uploads\/2025\/09\/Tyotuoli_ja_salkku_RGB_1080x1080px-150x150.png 150w, https:\/\/uusyrityskeskus.fi\/wp-content\/uploads\/2025\/09\/Tyotuoli_ja_salkku_RGB_1080x1080px-768x768.png 768w, https:\/\/uusyrityskeskus.fi\/wp-content\/uploads\/2025\/09\/Tyotuoli_ja_salkku_RGB_1080x1080px-600x600.png 600w, https:\/\/uusyrityskeskus.fi\/wp-content\/uploads\/2025\/09\/Tyotuoli_ja_salkku_RGB_1080x1080px.png 1081w\" data-sizes=\"(max-width: 1024px) 100vw, 1024px\" src=\"data:image\/svg+xml;base64,PHN2ZyB3aWR0aD0iMSIgaGVpZ2h0PSIxIiB4bWxucz0iaHR0cDovL3d3dy53My5vcmcvMjAwMC9zdmciPjwvc3ZnPg==\" style=\"--smush-placeholder-width: 1024px; --smush-placeholder-aspect-ratio: 1024\/1024;\" \/><\/figure>\n<\/div>\n<\/div>\n<\/div>\n<\/div>\n\n\n\n<div class=\"wp-block-tovaristrap-ts-container ts-container base--section pt--0 pb--0\">\n<div class=\"ts-div content--row width--1000\">\n<div class=\"wp-block-columns is-layout-flex wp-container-core-columns-is-layout-9d6595d7 wp-block-columns-is-layout-flex\">\n<div class=\"wp-block-column is-layout-flow wp-block-column-is-layout-flow\">\n<h3 class=\"wp-block-heading has-text-align-center\">Uniform operating model \u2013 local effectiveness<\/h3>\n\n\n\n<p class=\"has-text-align-center\">The quality system relies on the network\u2019s own <strong>Concept Handbook<\/strong>, which describes the <strong>core stages of the advisory process<\/strong> for new entrepreneurs and guides daily work in each agency. The concept manual is based on the requirements of the ISO standard and brings them to daily guidance situations, ensuring uniform quality and continuous development.<\/p>\n<\/div>\n<\/div>\n<\/div>\n<\/div>\n\n\n\n<div class=\"wp-block-tovaristrap-ts-container ts-container base--section pt--0\">\n<div class=\"ts-div content--row\">\n<div class=\"wp-block-columns is-layout-flex wp-container-core-columns-is-layout-9d6595d7 wp-block-columns-is-layout-flex\">\n<div class=\"wp-block-column list--col--left is-layout-flow wp-block-column-is-layout-flow\">\n<h3 class=\"wp-block-heading\">Key figures and impacts of quality work<\/h3>\n\n\n\n<ul class=\"wp-block-list\">\n<li>The network includes <strong>46 Enterprise Agencies<\/strong>, and the expansion continues<\/li>\n\n\n\n<li>All full members are part of the ISO certified system<\/li>\n\n\n\n<li><strong><strong>Customer satisfaction 4.6 \/ 5<\/strong><\/strong><\/li>\n\n\n\n<li>Each year, more than 14,000 customers receive guidance \u2013 resulting in thousands of new companies<\/li>\n<\/ul>\n<\/div>\n\n\n\n<div class=\"wp-block-column list--col--right is-layout-flow wp-block-column-is-layout-flow\">\n<h3 class=\"wp-block-heading\">The quality system enables:<\/h3>\n\n\n\n<ul class=\"wp-block-list\">\n<li><strong>Comparable effectiveness figures and utilisation of customer feedback<\/strong><\/li>\n\n\n\n<li><strong>Uniform development and auditing practices throughout the network<\/strong><\/li>\n\n\n\n<li><strong>Proactive and systematic management supported by a concrete plan<\/strong><\/li>\n<\/ul>\n<\/div>\n<\/div>\n<\/div>\n<\/div>\n\n\n\n<div class=\"wp-block-tovaristrap-ts-container ts-container base--section pt--0 pb--0\">\n<div class=\"ts-div content--row width--1000\">\n<div class=\"wp-block-columns is-layout-flex wp-container-core-columns-is-layout-9d6595d7 wp-block-columns-is-layout-flex\">\n<div class=\"wp-block-column is-layout-flow wp-block-column-is-layout-flow\">\n<h3 class=\"wp-block-heading has-text-align-left\">Finnish Enterprise Agencies\u2019 quality policy<\/h3>\n\n\n\n<blockquote class=\"wp-block-quote is-layout-flow wp-block-quote-is-layout-flow\">\n<p><\/p>\n<\/blockquote>\n\n\n\n<p class=\"has-text-align-left\">The purpose of Finnish Enterprise Agencies is to create profitable and growing companies in Finland. We function as a cooperation organisation for new entrepreneurship and Enterprise Agencies: as an influencer, developer, advocate and active participant in discourse. We maintain and establish contacts between operators promoting entrepreneurship and the business sector both in Finland and abroad. We organise coaching, training and discussion events as well as networking opportunities and stakeholder events for Enterprise Agencies and our partners.&nbsp;<\/p>\n\n\n\n<p>The local Enterprise Agencies work to create profitable and growing businesses in Finland. At the local and regional level, the Enterprise Agencies maintain and establish contacts between operators promoting entrepreneurship and the business sector. The Enterprise Agencies provide advisory services for new entrepreneurs and other business advisory services that are free of charge for customers and mainly municipality-funded.<\/p>\n\n\n\n<p>The quality policy of Enterprise Agencies includes the development and provision of high-quality services in accordance with customer needs.&nbsp;<\/p>\n\n\n\n<p>Quality management is part of the planning of operations, with the aim of highlighting and promoting the high quality and effectiveness of operations. We encourage and oblige personnel and networks to participate in quality development.&nbsp;<\/p>\n\n\n\n<div class=\"wp-block-columns info--box alt is-layout-flex wp-container-core-columns-is-layout-9d6595d7 wp-block-columns-is-layout-flex\">\n<div class=\"wp-block-column is-layout-flow wp-block-column-is-layout-flow\">\n<p>The organisation and its senior management are committed to the standard and the concept manual, meeting and developing their requirements, and the continuous improvement of operations and processes.<\/p>\n<\/div>\n<\/div>\n\n\n\n<p><em>Finnish Enterprise Agencies and its full members, that is, business advisory organisations engaged in Enterprise Agency operations, are ISO 9001 standardised.<\/em><\/p>\n<\/div>\n<\/div>\n<\/div>\n<\/div>\n\n\n\n<p><\/p>\n","protected":false},"excerpt":{"rendered":"","protected":false},"author":1,"featured_media":0,"parent":15518,"menu_order":0,"comment_status":"closed","ping_status":"closed","template":"","meta":{"iawp_total_views":5,"footnotes":""},"class_list":["post-15308","page","type-page","status-publish","hentry"],"yoast_head":"<!-- This site is optimized with the Yoast SEO plugin v26.8 - https:\/\/yoast.com\/product\/yoast-seo-wordpress\/ -->\n<title>Laatupolitiikka - ISO 9001 -sertifioitu toiminta | Uusyrityskeskus<\/title>\n<meta name=\"description\" content=\"Uusyrityskeskus-toiminta perustuu ISO 9001:2015 -sertifioituun laatuj\u00e4rjestelm\u00e4\u00e4n. Yhten\u00e4inen toimintamalli takaa laadukkaan yritysneuvonnan kaikissa toimipisteiss\u00e4.\" \/>\n<meta name=\"robots\" content=\"index, follow, max-snippet:-1, max-image-preview:large, max-video-preview:-1\" \/>\n<link rel=\"canonical\" href=\"https:\/\/uusyrityskeskus.fi\/en\/information-and-results\/quality\/\" \/>\n<meta property=\"og:locale\" content=\"en_US\" \/>\n<meta property=\"og:type\" content=\"article\" \/>\n<meta property=\"og:title\" content=\"Laatupolitiikka - ISO 9001 -sertifioitu toiminta | Uusyrityskeskus\" \/>\n<meta property=\"og:description\" content=\"Uusyrityskeskus-toiminta perustuu ISO 9001:2015 -sertifioituun laatuj\u00e4rjestelm\u00e4\u00e4n. Yhten\u00e4inen toimintamalli takaa laadukkaan yritysneuvonnan kaikissa toimipisteiss\u00e4.\" \/>\n<meta property=\"og:url\" content=\"https:\/\/uusyrityskeskus.fi\/en\/information-and-results\/quality\/\" \/>\n<meta property=\"og:site_name\" content=\"Uusyrityskeskus\" \/>\n<meta property=\"article:modified_time\" content=\"2026-02-18T07:18:17+00:00\" \/>\n<meta property=\"og:image\" content=\"https:\/\/uusyrityskeskus.fi\/wp-content\/uploads\/2025\/09\/iso-logo.png\" \/>\n\t<meta property=\"og:image:width\" content=\"400\" \/>\n\t<meta property=\"og:image:height\" content=\"400\" \/>\n\t<meta property=\"og:image:type\" content=\"image\/png\" \/>\n<meta name=\"twitter:card\" content=\"summary_large_image\" \/>\n<meta name=\"twitter:label1\" content=\"Est. reading time\" \/>\n\t<meta name=\"twitter:data1\" content=\"4 minutes\" \/>\n<script type=\"application\/ld+json\" class=\"yoast-schema-graph\">{\"@context\":\"https:\/\/schema.org\",\"@graph\":[{\"@type\":\"WebPage\",\"@id\":\"https:\/\/uusyrityskeskus.fi\/en\/information-and-results\/quality\/\",\"url\":\"https:\/\/uusyrityskeskus.fi\/en\/information-and-results\/quality\/\",\"name\":\"Laatupolitiikka - ISO 9001 -sertifioitu toiminta | Uusyrityskeskus\",\"isPartOf\":{\"@id\":\"https:\/\/uusyrityskeskus.fi\/en\/#website\"},\"primaryImageOfPage\":{\"@id\":\"https:\/\/uusyrityskeskus.fi\/en\/information-and-results\/quality\/#primaryimage\"},\"image\":{\"@id\":\"https:\/\/uusyrityskeskus.fi\/en\/information-and-results\/quality\/#primaryimage\"},\"thumbnailUrl\":\"https:\/\/uusyrityskeskus.fi\/wp-content\/uploads\/2025\/09\/iso-logo.png\",\"datePublished\":\"2025-09-11T12:09:37+00:00\",\"dateModified\":\"2026-02-18T07:18:17+00:00\",\"description\":\"Uusyrityskeskus-toiminta perustuu ISO 9001:2015 -sertifioituun laatuj\u00e4rjestelm\u00e4\u00e4n. Yhten\u00e4inen toimintamalli takaa laadukkaan yritysneuvonnan kaikissa toimipisteiss\u00e4.\",\"breadcrumb\":{\"@id\":\"https:\/\/uusyrityskeskus.fi\/en\/information-and-results\/quality\/#breadcrumb\"},\"inLanguage\":\"en-US\",\"potentialAction\":[{\"@type\":\"ReadAction\",\"target\":[\"https:\/\/uusyrityskeskus.fi\/en\/information-and-results\/quality\/\"]}]},{\"@type\":\"ImageObject\",\"inLanguage\":\"en-US\",\"@id\":\"https:\/\/uusyrityskeskus.fi\/en\/information-and-results\/quality\/#primaryimage\",\"url\":\"https:\/\/uusyrityskeskus.fi\/wp-content\/uploads\/2025\/09\/iso-logo.png\",\"contentUrl\":\"https:\/\/uusyrityskeskus.fi\/wp-content\/uploads\/2025\/09\/iso-logo.png\"},{\"@type\":\"BreadcrumbList\",\"@id\":\"https:\/\/uusyrityskeskus.fi\/en\/information-and-results\/quality\/#breadcrumb\",\"itemListElement\":[{\"@type\":\"ListItem\",\"position\":1,\"name\":\"Etusivu\",\"item\":\"https:\/\/uusyrityskeskus.fi\/en\/\"},{\"@type\":\"ListItem\",\"position\":2,\"name\":\"Information and results\",\"item\":\"https:\/\/uusyrityskeskus.fi\/en\/information-and-results\/\"},{\"@type\":\"ListItem\",\"position\":3,\"name\":\"Quality | Quality Policy\"}]},{\"@type\":\"WebSite\",\"@id\":\"https:\/\/uusyrityskeskus.fi\/en\/#website\",\"url\":\"https:\/\/uusyrityskeskus.fi\/en\/\",\"name\":\"Uusyrityskeskus\",\"description\":\"Yritt\u00e4jyyden unelmista onnistumisia.\",\"potentialAction\":[{\"@type\":\"SearchAction\",\"target\":{\"@type\":\"EntryPoint\",\"urlTemplate\":\"https:\/\/uusyrityskeskus.fi\/en\/?s={search_term_string}\"},\"query-input\":{\"@type\":\"PropertyValueSpecification\",\"valueRequired\":true,\"valueName\":\"search_term_string\"}}],\"inLanguage\":\"en-US\"}]}<\/script>\n<!-- \/ Yoast SEO plugin. -->","yoast_head_json":{"title":"Laatupolitiikka - ISO 9001 -sertifioitu toiminta | Uusyrityskeskus","description":"Uusyrityskeskus-toiminta perustuu ISO 9001:2015 -sertifioituun laatuj\u00e4rjestelm\u00e4\u00e4n. Yhten\u00e4inen toimintamalli takaa laadukkaan yritysneuvonnan kaikissa toimipisteiss\u00e4.","robots":{"index":"index","follow":"follow","max-snippet":"max-snippet:-1","max-image-preview":"max-image-preview:large","max-video-preview":"max-video-preview:-1"},"canonical":"https:\/\/uusyrityskeskus.fi\/en\/information-and-results\/quality\/","og_locale":"en_US","og_type":"article","og_title":"Laatupolitiikka - ISO 9001 -sertifioitu toiminta | Uusyrityskeskus","og_description":"Uusyrityskeskus-toiminta perustuu ISO 9001:2015 -sertifioituun laatuj\u00e4rjestelm\u00e4\u00e4n. Yhten\u00e4inen toimintamalli takaa laadukkaan yritysneuvonnan kaikissa toimipisteiss\u00e4.","og_url":"https:\/\/uusyrityskeskus.fi\/en\/information-and-results\/quality\/","og_site_name":"Uusyrityskeskus","article_modified_time":"2026-02-18T07:18:17+00:00","og_image":[{"width":400,"height":400,"url":"https:\/\/uusyrityskeskus.fi\/wp-content\/uploads\/2025\/09\/iso-logo.png","type":"image\/png"}],"twitter_card":"summary_large_image","twitter_misc":{"Est. reading time":"4 minutes"},"schema":{"@context":"https:\/\/schema.org","@graph":[{"@type":"WebPage","@id":"https:\/\/uusyrityskeskus.fi\/en\/information-and-results\/quality\/","url":"https:\/\/uusyrityskeskus.fi\/en\/information-and-results\/quality\/","name":"Laatupolitiikka - ISO 9001 -sertifioitu toiminta | Uusyrityskeskus","isPartOf":{"@id":"https:\/\/uusyrityskeskus.fi\/en\/#website"},"primaryImageOfPage":{"@id":"https:\/\/uusyrityskeskus.fi\/en\/information-and-results\/quality\/#primaryimage"},"image":{"@id":"https:\/\/uusyrityskeskus.fi\/en\/information-and-results\/quality\/#primaryimage"},"thumbnailUrl":"https:\/\/uusyrityskeskus.fi\/wp-content\/uploads\/2025\/09\/iso-logo.png","datePublished":"2025-09-11T12:09:37+00:00","dateModified":"2026-02-18T07:18:17+00:00","description":"Uusyrityskeskus-toiminta perustuu ISO 9001:2015 -sertifioituun laatuj\u00e4rjestelm\u00e4\u00e4n. Yhten\u00e4inen toimintamalli takaa laadukkaan yritysneuvonnan kaikissa toimipisteiss\u00e4.","breadcrumb":{"@id":"https:\/\/uusyrityskeskus.fi\/en\/information-and-results\/quality\/#breadcrumb"},"inLanguage":"en-US","potentialAction":[{"@type":"ReadAction","target":["https:\/\/uusyrityskeskus.fi\/en\/information-and-results\/quality\/"]}]},{"@type":"ImageObject","inLanguage":"en-US","@id":"https:\/\/uusyrityskeskus.fi\/en\/information-and-results\/quality\/#primaryimage","url":"https:\/\/uusyrityskeskus.fi\/wp-content\/uploads\/2025\/09\/iso-logo.png","contentUrl":"https:\/\/uusyrityskeskus.fi\/wp-content\/uploads\/2025\/09\/iso-logo.png"},{"@type":"BreadcrumbList","@id":"https:\/\/uusyrityskeskus.fi\/en\/information-and-results\/quality\/#breadcrumb","itemListElement":[{"@type":"ListItem","position":1,"name":"Etusivu","item":"https:\/\/uusyrityskeskus.fi\/en\/"},{"@type":"ListItem","position":2,"name":"Information and results","item":"https:\/\/uusyrityskeskus.fi\/en\/information-and-results\/"},{"@type":"ListItem","position":3,"name":"Quality | Quality Policy"}]},{"@type":"WebSite","@id":"https:\/\/uusyrityskeskus.fi\/en\/#website","url":"https:\/\/uusyrityskeskus.fi\/en\/","name":"Uusyrityskeskus","description":"Yritt\u00e4jyyden unelmista onnistumisia.","potentialAction":[{"@type":"SearchAction","target":{"@type":"EntryPoint","urlTemplate":"https:\/\/uusyrityskeskus.fi\/en\/?s={search_term_string}"},"query-input":{"@type":"PropertyValueSpecification","valueRequired":true,"valueName":"search_term_string"}}],"inLanguage":"en-US"}]}},"_links":{"self":[{"href":"https:\/\/uusyrityskeskus.fi\/en\/wp-json\/wp\/v2\/pages\/15308","targetHints":{"allow":["GET"]}}],"collection":[{"href":"https:\/\/uusyrityskeskus.fi\/en\/wp-json\/wp\/v2\/pages"}],"about":[{"href":"https:\/\/uusyrityskeskus.fi\/en\/wp-json\/wp\/v2\/types\/page"}],"author":[{"embeddable":true,"href":"https:\/\/uusyrityskeskus.fi\/en\/wp-json\/wp\/v2\/users\/1"}],"replies":[{"embeddable":true,"href":"https:\/\/uusyrityskeskus.fi\/en\/wp-json\/wp\/v2\/comments?post=15308"}],"version-history":[{"count":3,"href":"https:\/\/uusyrityskeskus.fi\/en\/wp-json\/wp\/v2\/pages\/15308\/revisions"}],"predecessor-version":[{"id":17585,"href":"https:\/\/uusyrityskeskus.fi\/en\/wp-json\/wp\/v2\/pages\/15308\/revisions\/17585"}],"up":[{"embeddable":true,"href":"https:\/\/uusyrityskeskus.fi\/en\/wp-json\/wp\/v2\/pages\/15518"}],"wp:attachment":[{"href":"https:\/\/uusyrityskeskus.fi\/en\/wp-json\/wp\/v2\/media?parent=15308"}],"curies":[{"name":"wp","href":"https:\/\/api.w.org\/{rel}","templated":true}]}}