{"id":15302,"date":"2025-09-10T13:09:17","date_gmt":"2025-09-10T10:09:17","guid":{"rendered":"https:\/\/uusyrityskeskus.fi\/edunvalvonta\/"},"modified":"2025-10-17T13:53:08","modified_gmt":"2025-10-17T10:53:08","slug":"advocacy-and-goals","status":"publish","type":"page","link":"https:\/\/uusyrityskeskus.fi\/en\/information-and-results\/advocacy-and-goals\/","title":{"rendered":"Advocacy and goals"},"content":{"rendered":"\n<div class=\"wp-block-tovaristrap-ts-container ts-container header--section\">\n<div class=\"ts-div header--row\">\n<h1 class=\"wp-block-heading\">Advocacy and goals<\/h1>\n<\/div>\n<\/div>\n\n\n\n<div class=\"wp-block-tovaristrap-ts-container ts-container base--section pt-0 pb-0 border-bottom\">\n<div class=\"ts-div content--row\"><div class=\"yoast-breadcrumbs\"><span><span><a href=\"https:\/\/uusyrityskeskus.fi\/en\/\">Etusivu<\/a><\/span> \u00bb <span class=\"breadcrumb_last\" aria-current=\"page\">Advocacy and goals<\/span><\/span><\/div><\/div>\n<\/div>\n\n\n\n<div class=\"wp-block-tovaristrap-ts-container ts-container base--section pb--0\">\n<div class=\"ts-div content--row\">\n<div class=\"wp-block-columns is-layout-flex wp-container-core-columns-is-layout-9d6595d7 wp-block-columns-is-layout-flex\">\n<div class=\"wp-block-column vertical-align-flex is-layout-flow wp-block-column-is-layout-flow\" style=\"flex-basis:100%\">\n<p><strong><em><strong><em>Sustainable and profitable business through advisory services<\/em><\/strong><\/em><\/strong><\/p>\n\n\n\n<p>Finnish Enterprise Agencies acts as an advocate for new entrepreneurs and free business advisory services. We promote the possibility for everyone to set up a company in a safe, prudent and supported manner \u2013 anywhere in Finland.<\/p>\n\n\n\n<p><strong><strong>1. Securing the funding of business advisory services<\/strong><\/strong><\/p>\n\n\n\n<p>In order to provide high-quality and impartial business advice in the future as well, sufficient and predictable funding is required. We work to ensure that the guidance is seen as part of public employment and vitality services and supported by permanent funding solutions, not just one-off projects.<\/p>\n\n\n\n<p><strong><strong>2. Promoting the establishment of companies<\/strong><\/strong><\/p>\n\n\n\n<p>We want to make it easy and smooth to establish a company. We contribute to entrepreneurship being a feasible option in different life situations: at times of change in unemployment, studies or careers. We believe that good guidance can prevent failures and support growth-orientation.<\/p>\n\n\n\n<p><strong><strong>3. Strengthening the appreciation of entrepreneurship<\/strong><\/strong><\/p>\n\n\n\n<p>Entrepreneurship needs visibility and appreciation. We highlight the significance of entrepreneurship for society to decision-makers, the media and the general public \u2013 and present concrete stories about people who have dared to become entrepreneurs. A positive entrepreneurial atmosphere encourages new entrepreneurs to start.<\/p>\n\n\n\n<p><strong><strong>4. Development of entrepreneurship services and networks<\/strong><\/strong><\/p>\n\n\n\n<p>We work to ensure that business advisory services are available to everyone, regardless of language, location or background. We develop digital advisory services and intensify cooperation with financiers, educational institutions and business developers. Our goal is a customer-oriented and smooth package in which the entrepreneur does not need to know where to seek help \u2013 it is enough for them to receive it.<\/p>\n\n\n\n<p><strong><strong>5. Dismantling administrative barriers<\/strong><\/strong><\/p>\n\n\n\n<p>The bureaucracy of a new entrepreneur must not be an obstacle to starting a business. We promote the clarification of regulation and the coordination of services so that entrepreneurs can focus on the essential: building a functioning business.<\/p>\n<\/div>\n<\/div>\n<\/div>\n<\/div>\n\n\n\n<div class=\"wp-block-tovaristrap-ts-container ts-container base--section pt--0\">\n<div class=\"ts-div content--row bg--lightbeige with--bg--color\">\n<div class=\"wp-block-columns is-layout-flex wp-container-core-columns-is-layout-9d6595d7 wp-block-columns-is-layout-flex\">\n<div class=\"wp-block-column is-layout-flow wp-block-column-is-layout-flow\">\n<h2 class=\"wp-block-heading\">This is how we influence<\/h2>\n\n\n\n<ul class=\"wp-block-list\">\n<li>We produce initiatives and position statements at the national and local level.<\/li>\n\n\n\n<li>We participate in the preparation of legislation and stakeholder discussions.<\/li>\n\n\n\n<li>We promote the results, impact and customer experiences of business advisory services.<\/li>\n\n\n\n<li>We build cooperation with municipalities, the state, the business sector and educational institutions.<\/li>\n<\/ul>\n<\/div>\n<\/div>\n<\/div>\n<\/div>\n","protected":false},"excerpt":{"rendered":"","protected":false},"author":1,"featured_media":0,"parent":15518,"menu_order":0,"comment_status":"closed","ping_status":"closed","template":"","meta":{"iawp_total_views":7,"footnotes":""},"class_list":["post-15302","page","type-page","status-publish","hentry"],"yoast_head":"<!-- This site is optimized with the Yoast SEO plugin v26.8 - https:\/\/yoast.com\/product\/yoast-seo-wordpress\/ -->\n<title>Advocacy and goals - Yritt\u00e4jyyden puolesta | Uusyrityskeskus<\/title>\n<meta name=\"description\" content=\"Uusyrityskeskus edist\u00e4\u00e4 yritt\u00e4jyyden toimintaedellytyksi\u00e4 ja vaikuttaa p\u00e4\u00e4t\u00f6ksentekoon. Tutustu edunvalvontaty\u00f6h\u00f6mme ja tavoitteisiimme yritt\u00e4jien hyv\u00e4ksi.\" \/>\n<meta name=\"robots\" content=\"index, follow, max-snippet:-1, max-image-preview:large, max-video-preview:-1\" \/>\n<link rel=\"canonical\" href=\"https:\/\/uusyrityskeskus.fi\/en\/information-and-results\/advocacy-and-goals\/\" \/>\n<meta property=\"og:locale\" content=\"en_US\" \/>\n<meta property=\"og:type\" content=\"article\" \/>\n<meta property=\"og:title\" content=\"Advocacy and goals - Yritt\u00e4jyyden puolesta | Uusyrityskeskus\" \/>\n<meta property=\"og:description\" content=\"Uusyrityskeskus edist\u00e4\u00e4 yritt\u00e4jyyden toimintaedellytyksi\u00e4 ja vaikuttaa p\u00e4\u00e4t\u00f6ksentekoon. Tutustu edunvalvontaty\u00f6h\u00f6mme ja tavoitteisiimme yritt\u00e4jien hyv\u00e4ksi.\" \/>\n<meta property=\"og:url\" content=\"https:\/\/uusyrityskeskus.fi\/en\/information-and-results\/advocacy-and-goals\/\" \/>\n<meta property=\"og:site_name\" content=\"Uusyrityskeskus\" \/>\n<meta property=\"article:modified_time\" content=\"2025-10-17T10:53:08+00:00\" \/>\n<meta property=\"og:image\" content=\"https:\/\/uusyrityskeskus.fi\/wp-content\/uploads\/2020\/12\/uusyrityskeskus-turkoosi.jpg\" \/>\n\t<meta property=\"og:image:width\" content=\"2048\" \/>\n\t<meta property=\"og:image:height\" content=\"1152\" \/>\n\t<meta property=\"og:image:type\" content=\"image\/jpeg\" \/>\n<meta name=\"twitter:card\" content=\"summary_large_image\" \/>\n<meta name=\"twitter:label1\" content=\"Est. reading time\" \/>\n\t<meta name=\"twitter:data1\" content=\"3 minutes\" \/>\n<script type=\"application\/ld+json\" class=\"yoast-schema-graph\">{\"@context\":\"https:\/\/schema.org\",\"@graph\":[{\"@type\":\"WebPage\",\"@id\":\"https:\/\/uusyrityskeskus.fi\/en\/information-and-results\/advocacy-and-goals\/\",\"url\":\"https:\/\/uusyrityskeskus.fi\/en\/information-and-results\/advocacy-and-goals\/\",\"name\":\"Advocacy and goals - Yritt\u00e4jyyden puolesta | Uusyrityskeskus\",\"isPartOf\":{\"@id\":\"https:\/\/uusyrityskeskus.fi\/en\/#website\"},\"datePublished\":\"2025-09-10T10:09:17+00:00\",\"dateModified\":\"2025-10-17T10:53:08+00:00\",\"description\":\"Uusyrityskeskus edist\u00e4\u00e4 yritt\u00e4jyyden toimintaedellytyksi\u00e4 ja vaikuttaa p\u00e4\u00e4t\u00f6ksentekoon. Tutustu edunvalvontaty\u00f6h\u00f6mme ja tavoitteisiimme yritt\u00e4jien hyv\u00e4ksi.\",\"breadcrumb\":{\"@id\":\"https:\/\/uusyrityskeskus.fi\/en\/information-and-results\/advocacy-and-goals\/#breadcrumb\"},\"inLanguage\":\"en-US\",\"potentialAction\":[{\"@type\":\"ReadAction\",\"target\":[\"https:\/\/uusyrityskeskus.fi\/en\/information-and-results\/advocacy-and-goals\/\"]}]},{\"@type\":\"BreadcrumbList\",\"@id\":\"https:\/\/uusyrityskeskus.fi\/en\/information-and-results\/advocacy-and-goals\/#breadcrumb\",\"itemListElement\":[{\"@type\":\"ListItem\",\"position\":1,\"name\":\"Etusivu\",\"item\":\"https:\/\/uusyrityskeskus.fi\/en\/\"},{\"@type\":\"ListItem\",\"position\":2,\"name\":\"Advocacy and goals\"}]},{\"@type\":\"WebSite\",\"@id\":\"https:\/\/uusyrityskeskus.fi\/en\/#website\",\"url\":\"https:\/\/uusyrityskeskus.fi\/en\/\",\"name\":\"Uusyrityskeskus\",\"description\":\"Yritt\u00e4jyyden unelmista onnistumisia.\",\"potentialAction\":[{\"@type\":\"SearchAction\",\"target\":{\"@type\":\"EntryPoint\",\"urlTemplate\":\"https:\/\/uusyrityskeskus.fi\/en\/?s={search_term_string}\"},\"query-input\":{\"@type\":\"PropertyValueSpecification\",\"valueRequired\":true,\"valueName\":\"search_term_string\"}}],\"inLanguage\":\"en-US\"}]}<\/script>\n<!-- \/ Yoast SEO plugin. -->","yoast_head_json":{"title":"Advocacy and goals - Yritt\u00e4jyyden puolesta | Uusyrityskeskus","description":"Uusyrityskeskus edist\u00e4\u00e4 yritt\u00e4jyyden toimintaedellytyksi\u00e4 ja vaikuttaa p\u00e4\u00e4t\u00f6ksentekoon. Tutustu edunvalvontaty\u00f6h\u00f6mme ja tavoitteisiimme yritt\u00e4jien hyv\u00e4ksi.","robots":{"index":"index","follow":"follow","max-snippet":"max-snippet:-1","max-image-preview":"max-image-preview:large","max-video-preview":"max-video-preview:-1"},"canonical":"https:\/\/uusyrityskeskus.fi\/en\/information-and-results\/advocacy-and-goals\/","og_locale":"en_US","og_type":"article","og_title":"Advocacy and goals - Yritt\u00e4jyyden puolesta | Uusyrityskeskus","og_description":"Uusyrityskeskus edist\u00e4\u00e4 yritt\u00e4jyyden toimintaedellytyksi\u00e4 ja vaikuttaa p\u00e4\u00e4t\u00f6ksentekoon. Tutustu edunvalvontaty\u00f6h\u00f6mme ja tavoitteisiimme yritt\u00e4jien hyv\u00e4ksi.","og_url":"https:\/\/uusyrityskeskus.fi\/en\/information-and-results\/advocacy-and-goals\/","og_site_name":"Uusyrityskeskus","article_modified_time":"2025-10-17T10:53:08+00:00","og_image":[{"width":2048,"height":1152,"url":"https:\/\/uusyrityskeskus.fi\/wp-content\/uploads\/2020\/12\/uusyrityskeskus-turkoosi.jpg","type":"image\/jpeg"}],"twitter_card":"summary_large_image","twitter_misc":{"Est. reading time":"3 minutes"},"schema":{"@context":"https:\/\/schema.org","@graph":[{"@type":"WebPage","@id":"https:\/\/uusyrityskeskus.fi\/en\/information-and-results\/advocacy-and-goals\/","url":"https:\/\/uusyrityskeskus.fi\/en\/information-and-results\/advocacy-and-goals\/","name":"Advocacy and goals - Yritt\u00e4jyyden puolesta | Uusyrityskeskus","isPartOf":{"@id":"https:\/\/uusyrityskeskus.fi\/en\/#website"},"datePublished":"2025-09-10T10:09:17+00:00","dateModified":"2025-10-17T10:53:08+00:00","description":"Uusyrityskeskus edist\u00e4\u00e4 yritt\u00e4jyyden toimintaedellytyksi\u00e4 ja vaikuttaa p\u00e4\u00e4t\u00f6ksentekoon. Tutustu edunvalvontaty\u00f6h\u00f6mme ja tavoitteisiimme yritt\u00e4jien hyv\u00e4ksi.","breadcrumb":{"@id":"https:\/\/uusyrityskeskus.fi\/en\/information-and-results\/advocacy-and-goals\/#breadcrumb"},"inLanguage":"en-US","potentialAction":[{"@type":"ReadAction","target":["https:\/\/uusyrityskeskus.fi\/en\/information-and-results\/advocacy-and-goals\/"]}]},{"@type":"BreadcrumbList","@id":"https:\/\/uusyrityskeskus.fi\/en\/information-and-results\/advocacy-and-goals\/#breadcrumb","itemListElement":[{"@type":"ListItem","position":1,"name":"Etusivu","item":"https:\/\/uusyrityskeskus.fi\/en\/"},{"@type":"ListItem","position":2,"name":"Advocacy and goals"}]},{"@type":"WebSite","@id":"https:\/\/uusyrityskeskus.fi\/en\/#website","url":"https:\/\/uusyrityskeskus.fi\/en\/","name":"Uusyrityskeskus","description":"Yritt\u00e4jyyden unelmista onnistumisia.","potentialAction":[{"@type":"SearchAction","target":{"@type":"EntryPoint","urlTemplate":"https:\/\/uusyrityskeskus.fi\/en\/?s={search_term_string}"},"query-input":{"@type":"PropertyValueSpecification","valueRequired":true,"valueName":"search_term_string"}}],"inLanguage":"en-US"}]}},"_links":{"self":[{"href":"https:\/\/uusyrityskeskus.fi\/en\/wp-json\/wp\/v2\/pages\/15302","targetHints":{"allow":["GET"]}}],"collection":[{"href":"https:\/\/uusyrityskeskus.fi\/en\/wp-json\/wp\/v2\/pages"}],"about":[{"href":"https:\/\/uusyrityskeskus.fi\/en\/wp-json\/wp\/v2\/types\/page"}],"author":[{"embeddable":true,"href":"https:\/\/uusyrityskeskus.fi\/en\/wp-json\/wp\/v2\/users\/1"}],"replies":[{"embeddable":true,"href":"https:\/\/uusyrityskeskus.fi\/en\/wp-json\/wp\/v2\/comments?post=15302"}],"version-history":[{"count":1,"href":"https:\/\/uusyrityskeskus.fi\/en\/wp-json\/wp\/v2\/pages\/15302\/revisions"}],"predecessor-version":[{"id":15304,"href":"https:\/\/uusyrityskeskus.fi\/en\/wp-json\/wp\/v2\/pages\/15302\/revisions\/15304"}],"up":[{"embeddable":true,"href":"https:\/\/uusyrityskeskus.fi\/en\/wp-json\/wp\/v2\/pages\/15518"}],"wp:attachment":[{"href":"https:\/\/uusyrityskeskus.fi\/en\/wp-json\/wp\/v2\/media?parent=15302"}],"curies":[{"name":"wp","href":"https:\/\/api.w.org\/{rel}","templated":true}]}}